{"id":823,"date":"2014-11-01T21:28:35","date_gmt":"2014-11-01T21:28:35","guid":{"rendered":"http:\/\/szkolenia-udt.pl\/?page_id=823"},"modified":"2022-10-21T16:10:13","modified_gmt":"2022-10-21T14:10:13","slug":"kraner-2","status":"publish","type":"page","link":"https:\/\/szkolenia-udt.pl\/nb\/kursy\/suwnice\/","title":{"rendered":"Traverskraner"},"content":{"rendered":"<div class=\"wyjustuj\">\n<h2>Kurs for traverskraner - Warszawa og hele Polen<\/h2>\n<div class=\"sliderpage\"><div id=\"metaslider-id-662\" style=\"max-width: 300px;\" class=\"ml-slider-3-107-0 metaslider metaslider-flex metaslider-662 ml-slider ms-theme-default nav-hidden\" role=\"region\" aria-label=\"Traverskraner\" data-height=\"225\" data-width=\"300\">\n    <div id=\"metaslider_container_662\">\n        <div id=\"metaslider_662\">\n            <ul class='slides'>\n                <li style=\"display: block; width: 100%;\" class=\"slide-1209 ms-image\" aria-roledescription=\"slide\" data-date=\"2014-11-17 21:42:15\" data-filename=\"suw1a.jpg\" data-slide-type=\"image\"><img loading=\"lazy\" decoding=\"async\" src=\"https:\/\/szkolenia-udt.pl\/wp-content\/uploads\/2014\/11\/suw1a.jpg\" height=\"225\" width=\"300\" alt=\"\" class=\"slider-662 slide-1209 msDefaultImage\" \/><\/li>\n            <\/ul>\n        <\/div>\n        \n    <\/div>\n<\/div><\/div>\n<p>Vil du skaffe deg kranf\u00f8rerkort uten \u00e5 betale for mye? Hos oss kan du f\u00e5 dem uten problemer! W <a href=\"https:\/\/szkolenia-udt.pl\/nb\/o-firmie\/\">Oppl\u00e6ringssenter for operat\u00f8rer<\/a> OSO er opptatt av at studentene skal v\u00e6re forn\u00f8yde, og derfor underviser vi alltid grundig, profesjonelt og til rimelige priser.<\/p>\n<p>V\u00e5rt krankurs er beregnet p\u00e5 alle som \u00f8nsker \u00e5 kvalifisere seg og f\u00e5 jobb som kranf\u00f8rer. Vi gjennomf\u00f8rer omfattende kurs som dekker et bredt spekter av informasjon og praktiske \u00f8velser, slik at vi p\u00e5 en profesjonell m\u00e5te forbereder deg til eksamen foran en kommisjon fra Office of Technical Inspection, hvoretter deltakeren f\u00e5r en lisens for kraner.<\/p>\n<div class=\"filmw\">\n<div class=\"responsive-youtube\"><iframe loading=\"lazy\" title=\"YouTube-videospiller\" src=\"https:\/\/www.youtube.com\/embed\/EFy-SGiLltQ\" width=\"560\" height=\"315\" frameborder=\"0\" allowfullscreen=\"allowfullscreen\"><\/iframe><\/div>\n<\/div>\n<h2 class=\"boldnagl\">Kategorier av driftsautoritet for utstyr i henhold til UDT:<\/h2>\n<ul>\n<li>II S - traverskraner som betjenes fra arbeidsplanet, vinsjer og taljer i kategori II W, stasjon\u00e6re verkstedskraner<\/li>\n<li>I S - utstyr som styres fra f\u00f8rerhuset, vinsjer og taljer i kategori I W og utstyr i kategori II S.<\/li>\n<\/ul>\n<p>Alle krankurs hos oss er basert p\u00e5 UDT-kravene og er innholdsmessig forberedt av v\u00e5re kompetente instrukt\u00f8rer.<\/p>\n<h2 class=\"boldnagl\">Hvert krankurs tar for seg f\u00f8lgende informasjon som er n\u00f8dvendig for operat\u00f8rens stilling:<\/h2>\n<ul>\n<li>teknisk overv\u00e5king av utstyr for kategori II S eller I S<\/li>\n<li>konstruksjon og drift av utstyr<\/li>\n<li>operat\u00f8rens arbeidsoppgaver<\/li>\n<li>regler for helse og sikkerhet<\/li>\n<li>praktiske \u00f8velser<\/li>\n<\/ul>\n<p>N\u00e5r det gjelder traverskraner, er kurset v\u00e5rt ikke bare rikt p\u00e5 teori, men ogs\u00e5 p\u00e5 praktiske \u00f8velser med utstyret. Under disse \u00f8velsene kan deltakerne anvende kunnskapen de har tilegnet seg og l\u00e6re \u00e5 bruke utstyret p\u00e5 en korrekt og sikker m\u00e5te p\u00e5 arbeidsplassen. Etter endt kurs avlegger deltakerne en eksamen, mottar et sertifikat for fullf\u00f8rt kranoppl\u00e6ringskurs og en lisens for \u00e5 betjene utstyr i kategori II S eller I S utstedt av UDT.<\/p>\n<h2 class=\"boldnagl\">Krav<\/h2>\n<div class=\"sliderpageright\"><div id=\"metaslider-id-671\" style=\"max-width: 300px;\" class=\"ml-slider-3-107-0 metaslider metaslider-flex metaslider-671 ml-slider ms-theme-default nav-hidden nav-hidden\" role=\"region\" aria-label=\"Kraner2\" data-height=\"225\" data-width=\"300\">\n    <div id=\"metaslider_container_671\">\n        <div id=\"metaslider_671\">\n            <ul class='slides'>\n                <li style=\"display: block; width: 100%;\" class=\"slide-1995 ms-image\" aria-roledescription=\"slide\" data-date=\"2017-12-29 10:22:17\" data-filename=\"suwnica-5-252x189.jpg\" data-slide-type=\"image\"><img loading=\"lazy\" decoding=\"async\" src=\"https:\/\/szkolenia-udt.pl\/wp-content\/uploads\/2017\/12\/suwnica-5-252x189.jpg\" height=\"225\" width=\"300\" alt=\"\" class=\"slider-671 slide-1995 msDefaultImage\" \/><\/li>\n            <\/ul>\n        <\/div>\n        \n    <\/div>\n<\/div><\/div>\n<p>Krankurset er utviklet for deg som oppfyller f\u00f8lgende krav:<\/p>\n<ul>\n<li>er minst 18 \u00e5r gamle<\/li>\n<li>har fullf\u00f8rt minst grunnskolen<\/li>\n<li>ikke har noen medisinske kontraindikasjoner mot \u00e5 jobbe som operat\u00f8r<\/li>\n<\/ul>\n<h2 class=\"boldnagl\">Pris<\/h2>\n<p>Hvis du \u00f8nsker \u00e5 melde deg p\u00e5 et krankurs, vil prisen p\u00e5 senteret v\u00e5rt garantert interessere deg. Prisen avhenger av hvor mange som deltar p\u00e5 kurset. Kranpr\u00f8ven er allerede inkludert i prisen. N\u00e5r det gjelder organiserte grupper, fastsetter vi kostnadene individuelt og ber deg om \u00e5 <a href=\"https:\/\/szkolenia-udt.pl\/nb\/kontakt\/\">Kontakt oss<\/a> ring eller send e-post for mer informasjon.<\/p>\n<h2 class=\"boldnagl\">Hvor opererer vi?<\/h2>\n<p>Kurs i kraner arrangeres p\u00e5 fire steder i Polen og p\u00e5 steder som kundene v\u00e5re \u00f8nsker - vi kommer til stedet over hele landet. Hovedkontoret til senteret v\u00e5rt ligger i Warszawa, mens v\u00e5re lokale avdelinger ligger i Katowice, Krak\u00f3w og Bielsko-Bia\u0142a, der kursene arrangeres i henhold til timeplanen som er tilgjengelig p\u00e5 nettstedet v\u00e5rt.<\/p>\n<p>Hvis du har sp\u00f8rsm\u00e5l om f.eks. krankurset, prisen eller hvor du kan organisere undervisningen, kan du ta kontakt med oss, s\u00e5 skal vi pr\u00f8ve \u00e5 svare s\u00e5 raskt som mulig.<\/p>\n<p>Du er hjertelig velkommen til \u00e5 gj\u00f8re deg kjent med v\u00e5re <a href=\"https:\/\/szkolenia-udt.pl\/nb\/oferta\/\">fullstendig tilbud<\/a> og til \u00e5 trene med oss!<\/p>\n<p><a href=\"https:\/\/szkolenia-udt.pl\/wp-content\/uploads\/2022\/01\/0031-oso-suwnice-ogolnego-i-specjalnego-przeznaczenia.jpg\"><img loading=\"lazy\" decoding=\"async\" class=\"aligncenter wp-image-2602 size-large\" src=\"https:\/\/szkolenia-udt.pl\/wp-content\/uploads\/2022\/01\/0031-oso-suwnice-ogolnego-i-specjalnego-przeznaczenia-1024x853.jpg\" alt=\"\" width=\"750\" height=\"625\" srcset=\"https:\/\/szkolenia-udt.pl\/wp-content\/uploads\/2022\/01\/0031-oso-suwnice-ogolnego-i-specjalnego-przeznaczenia-1024x853.jpg 1024w, https:\/\/szkolenia-udt.pl\/wp-content\/uploads\/2022\/01\/0031-oso-suwnice-ogolnego-i-specjalnego-przeznaczenia-300x250.jpg 300w, https:\/\/szkolenia-udt.pl\/wp-content\/uploads\/2022\/01\/0031-oso-suwnice-ogolnego-i-specjalnego-przeznaczenia-768x640.jpg 768w, https:\/\/szkolenia-udt.pl\/wp-content\/uploads\/2022\/01\/0031-oso-suwnice-ogolnego-i-specjalnego-przeznaczenia.jpg 1200w\" sizes=\"auto, (max-width: 750px) 100vw, 750px\" \/><\/a><\/p>\n<\/div>","protected":false},"excerpt":{"rendered":"<p>Kursy na suwnice &#8211; Warszawa i ca\u0142a Polska Chcesz bez przep\u0142acania zdoby\u0107 uprawnienia na suwnice? Z nami mo\u017cesz otrzyma\u0107 je bez problem\u00f3w! W O\u015brodku Szkolenia Operator\u00f3w OSO zale\u017cy nam na zadowoleniu kursant\u00f3w, dlatego uczymy zawsze kompleksowo, profesjonalnie i w przyst\u0119pnych cenach. Prowadzony przez nas kurs na suwnice jest przeznaczony dla ka\u017cdej osoby, kt\u00f3ra chcia\u0142aby otrzyma\u0107 [&hellip;]<\/p>\n","protected":false},"author":3,"featured_media":3424,"parent":22,"menu_order":10,"comment_status":"closed","ping_status":"closed","template":"","meta":{"footnotes":""},"class_list":["post-823","page","type-page","status-publish","has-post-thumbnail","hentry"],"aioseo_notices":[],"_links":{"self":[{"href":"https:\/\/szkolenia-udt.pl\/nb\/wp-json\/wp\/v2\/pages\/823","targetHints":{"allow":["GET"]}}],"collection":[{"href":"https:\/\/szkolenia-udt.pl\/nb\/wp-json\/wp\/v2\/pages"}],"about":[{"href":"https:\/\/szkolenia-udt.pl\/nb\/wp-json\/wp\/v2\/types\/page"}],"author":[{"embeddable":true,"href":"https:\/\/szkolenia-udt.pl\/nb\/wp-json\/wp\/v2\/users\/3"}],"replies":[{"embeddable":true,"href":"https:\/\/szkolenia-udt.pl\/nb\/wp-json\/wp\/v2\/comments?post=823"}],"version-history":[{"count":18,"href":"https:\/\/szkolenia-udt.pl\/nb\/wp-json\/wp\/v2\/pages\/823\/revisions"}],"predecessor-version":[{"id":3301,"href":"https:\/\/szkolenia-udt.pl\/nb\/wp-json\/wp\/v2\/pages\/823\/revisions\/3301"}],"up":[{"embeddable":true,"href":"https:\/\/szkolenia-udt.pl\/nb\/wp-json\/wp\/v2\/pages\/22"}],"wp:featuredmedia":[{"embeddable":true,"href":"https:\/\/szkolenia-udt.pl\/nb\/wp-json\/wp\/v2\/media\/3424"}],"wp:attachment":[{"href":"https:\/\/szkolenia-udt.pl\/nb\/wp-json\/wp\/v2\/media?parent=823"}],"curies":[{"name":"wp","href":"https:\/\/api.w.org\/{rel}","templated":true}]}}