{"id":847,"date":"2014-11-01T23:05:45","date_gmt":"2014-11-01T23:05:45","guid":{"rendered":"http:\/\/szkolenia-udt.pl\/?page_id=847"},"modified":"2021-07-19T22:11:08","modified_gmt":"2021-07-19T22:11:08","slug":"komponenter-bygningskran","status":"publish","type":"page","link":"https:\/\/szkolenia-udt.pl\/nb\/kursy\/suwnice\/elementy-budowy-suwnicy\/","title":{"rendered":"Elementer i krankonstruksjon"},"content":{"rendered":"<div style=\"float: left; padding-right: 10px;\"><div id=\"metaslider-id-1916\" style=\"max-width: 300px;\" class=\"ml-slider-3-108-0 metaslider metaslider-flex metaslider-1916 ml-slider ms-theme-default nav-hidden\" role=\"region\" aria-label=\"konstruksjon av en kran\" data-height=\"225\" data-width=\"300\">\n    <div id=\"metaslider_container_1916\">\n        <div id=\"metaslider_1916\">\n            <ul class='slides'>\n                <li style=\"display: block; width: 100%;\" class=\"slide-1997 ms-image\" aria-roledescription=\"slide\" data-date=\"2017-12-29 10:24:02\" data-filename=\"suwnica-1-244x183.jpg\" data-slide-type=\"image\"><img loading=\"lazy\" decoding=\"async\" src=\"https:\/\/szkolenia-udt.pl\/wp-content\/uploads\/2017\/12\/suwnica-1-244x183.jpg\" height=\"225\" width=\"300\" alt=\"\" class=\"slider-1916 slide-1997 msDefaultImage\" \/><\/li>\n            <\/ul>\n        <\/div>\n        \n    <\/div>\n<\/div><\/div>\n<div class=\"wyjustuj\">\n<p>Kraner, klassifisert som kraner, er innretninger som brukes til manipulering av laster. De brukes til \u00e5 l\u00f8fte, overf\u00f8re og senke laster ved hjelp av taljer eller heiser. Traverskraner er innretninger som bare opererer p\u00e5 en bestemt bane - bevegelsen av last utf\u00f8res opp til kranens maksimale h\u00f8yde og bredde. Alle som \u00f8nsker \u00e5 f\u00e5 en lisens for traverskraner, m\u00e5 delta p\u00e5 et oppl\u00e6ringskurs, der informasjon om konstruksjonen av utstyret blir dekket. Ogs\u00e5 v\u00e5re <a href=\"https:\/\/szkolenia-udt.pl\/nb\/kursy\/suwnice\/\">Krankurs<\/a> Den gir presis informasjon om utstyret og dets konstruksjon, og utstyrets konstruksjonselementer kan deles inn i mekaniske og elektriske. Nedenfor finner du en liste over komponentene.<\/p>\n<h2><strong>Mekaniske elementer:<\/strong><\/h2>\n<ul>\n<li>spor - buffere og kammer<\/li>\n<li>konstruksjon - l\u00f8pehjul, propeller, kj\u00f8remekanismer, vindbeskyttelse, buffere, endebrytere, stoppepoter<\/li>\n<li>Bro - I-bjelke med buffere<\/li>\n<li>boggi - sinus- og tannhjulsgir<\/li>\n<li>l\u00f8ftemekanisme - karosseri, drivmotor, koblingsanordning, tannhjul, tauf\u00f8rerring, tau- eller kjettingtrommel, stenger og buffere med endebrytere, kroker og krokutstyr<\/li>\n<\/ul>\n<h2><strong>Elektriske komponenter:<\/strong><\/h2>\n<ul>\n<li>kran- og str\u00f8mtilkoblinger<\/li>\n<li>fordelings- og kontrollskap<\/li>\n<li>kontrollanheng<\/li>\n<li>Troll<\/li>\n<li>Grensebrytere<\/li>\n<\/ul>\n<p>Den popul\u00e6re gantrymodellen er for eksempel bygget med et dekk plassert p\u00e5 sidebroer og to eller flere porter. Gantrymodeller er basert p\u00e5 fagverk med dekket p\u00e5 skinner som er hengt opp fra taket i anlegget. Strekkstagene beveger seg p\u00e5 plattformene.<\/p>\n<p>Utstyret betjenes fra fortauet eller fra f\u00f8rerhuset, enten tr\u00e5dl\u00f8st eller via kabel. Operat\u00f8ren kan flytte plattformen, koblingen og utl\u00f8se slingets bevegelse med lasten, l\u00f8fte den til riktig h\u00f8yde og flytte den til bestemmelsesstedet.<\/p>\n<p>Kunnskap om konstruksjon av traverskraner er avgj\u00f8rende for alle som \u00f8nsker \u00e5 jobbe som kranf\u00f8rer. Med v\u00e5re kurs kan du enkelt f\u00e5 de UDT-autorisasjonene du trenger for \u00e5 gj\u00f8re det!<\/p>\n<\/div>","protected":false},"excerpt":{"rendered":"<p>Suwnice zaliczane do d\u017awignic s\u0105 urz\u0105dzeniami u\u017cywanymi w manipulacji \u0142adunkami. S\u0142u\u017c\u0105 do podnoszenia, przenoszenia oraz opuszczania \u0142adunk\u00f3w z u\u017cyciem wci\u0105garek lub wci\u0105gnik\u00f3w. Suwnice s\u0105 urz\u0105dzeniami obs\u0142uguj\u0105cym tylko wyznaczony tor jazdy \u2013 przemieszczanie \u0142adunk\u00f3w odbywa si\u0119 do maksymalnej wysoko\u015bci i szeroko\u015bci suwnicy.Wszyscy, kt\u00f3rzy chc\u0105 otrzyma\u0107 uprawnienia na suwnice, musz\u0105 wzi\u0105\u0107 udzia\u0142 w szkoleniu, podczas kt\u00f3rego poruszane [&hellip;]<\/p>\n","protected":false},"author":3,"featured_media":1996,"parent":823,"menu_order":0,"comment_status":"closed","ping_status":"closed","template":"","meta":{"footnotes":""},"class_list":["post-847","page","type-page","status-publish","has-post-thumbnail","hentry"],"aioseo_notices":[],"_links":{"self":[{"href":"https:\/\/szkolenia-udt.pl\/nb\/wp-json\/wp\/v2\/pages\/847","targetHints":{"allow":["GET"]}}],"collection":[{"href":"https:\/\/szkolenia-udt.pl\/nb\/wp-json\/wp\/v2\/pages"}],"about":[{"href":"https:\/\/szkolenia-udt.pl\/nb\/wp-json\/wp\/v2\/types\/page"}],"author":[{"embeddable":true,"href":"https:\/\/szkolenia-udt.pl\/nb\/wp-json\/wp\/v2\/users\/3"}],"replies":[{"embeddable":true,"href":"https:\/\/szkolenia-udt.pl\/nb\/wp-json\/wp\/v2\/comments?post=847"}],"version-history":[{"count":5,"href":"https:\/\/szkolenia-udt.pl\/nb\/wp-json\/wp\/v2\/pages\/847\/revisions"}],"predecessor-version":[{"id":2384,"href":"https:\/\/szkolenia-udt.pl\/nb\/wp-json\/wp\/v2\/pages\/847\/revisions\/2384"}],"up":[{"embeddable":true,"href":"https:\/\/szkolenia-udt.pl\/nb\/wp-json\/wp\/v2\/pages\/823"}],"wp:featuredmedia":[{"embeddable":true,"href":"https:\/\/szkolenia-udt.pl\/nb\/wp-json\/wp\/v2\/media\/1996"}],"wp:attachment":[{"href":"https:\/\/szkolenia-udt.pl\/nb\/wp-json\/wp\/v2\/media?parent=847"}],"curies":[{"name":"wp","href":"https:\/\/api.w.org\/{rel}","templated":true}]}}