{"id":851,"date":"2014-11-01T23:09:36","date_gmt":"2014-11-01T23:09:36","guid":{"rendered":"http:\/\/szkolenia-udt.pl\/?page_id=851"},"modified":"2021-07-15T00:18:06","modified_gmt":"2021-07-15T00:18:06","slug":"for-du-starter-arbeidet-med-kranen","status":"publish","type":"page","link":"https:\/\/szkolenia-udt.pl\/nb\/kursy\/suwnice\/przed-rozpoczeciem-pracy-z-suwnica\/","title":{"rendered":"F\u00f8r du arbeider med kranen"},"content":{"rendered":"<div style=\"float: left; padding-right: 10px;\"><div id=\"metaslider-id-662\" style=\"max-width: 300px;\" class=\"ml-slider-3-107-0 metaslider metaslider-flex metaslider-662 ml-slider ms-theme-default nav-hidden\" role=\"region\" aria-label=\"Traverskraner\" data-height=\"225\" data-width=\"300\">\n    <div id=\"metaslider_container_662\">\n        <div id=\"metaslider_662\">\n            <ul class='slides'>\n                <li style=\"display: block; width: 100%;\" class=\"slide-1209 ms-image\" aria-roledescription=\"slide\" data-date=\"2014-11-17 21:42:15\" data-filename=\"suw1a.jpg\" data-slide-type=\"image\"><img loading=\"lazy\" decoding=\"async\" src=\"https:\/\/szkolenia-udt.pl\/wp-content\/uploads\/2014\/11\/suw1a.jpg\" height=\"225\" width=\"300\" alt=\"\" class=\"slider-662 slide-1209 msDefaultImage\" \/><\/li>\n            <\/ul>\n        <\/div>\n        \n    <\/div>\n<\/div><\/div>\n<div class=\"wyjustuj\">\n<p>Riktig forberedelse av arbeidsplassen kan redusere risikoen for farer og ulykker betydelig. N\u00e5r du jobber som traverskranf\u00f8rer, er det viktig \u00e5 kjenne til og f\u00f8lge helse- og sikkerhetsreglene. Ved \u00e5 velge v\u00e5re <a href=\"https:\/\/szkolenia-udt.pl\/nb\/kursy\/suwnice\/\">Krankurs<\/a>I denne artikkelen kan du l\u00e6re alt om hvordan du arbeider sikkert b\u00e5de f\u00f8r, under og etter bruk av utstyret. I denne artikkelen har vi tatt med alle de viktigste begrepene knyttet til helse- og sikkerhetsregler f\u00f8r operat\u00f8ren begynner \u00e5 arbeide. Det viktigste i dette tilfellet er inspeksjonene - det er disse som gj\u00f8r det mulig \u00e5 fastsl\u00e5 utstyrets tilstand, og p\u00e5 grunnlag av disse inspeksjonene kan du utf\u00f8re reparasjoner og vedlikeholdsarbeid n\u00e5r det er n\u00f8dvendig. En godt forberedt arbeidsstasjon er ikke bare viktig for operat\u00f8ren selv, men ogs\u00e5 for kollegene hans.<\/p>\n<p><strong>F\u00f8r du begynner \u00e5 jobbe:<\/strong><\/p>\n<ul>\n<li style=\"text-align: left;\">kontroller at det har en gyldig UDT-beslutning - utstyr uten gyldige UDT-beslutninger kan bli skadet og \u00f8ke faren ved bruk<\/li>\n<li style=\"text-align: left;\">husk \u00e5 overholde helse- og sikkerhetsreglene p\u00e5 arbeidsplassen, f\u00f8rst og fremst p\u00e5 grunnlag av arbeidsinstruksene dine<\/li>\n<li style=\"text-align: left;\">les bruksanvisningen til apparatet du skal bruke for f\u00f8rste gang<\/li>\n<li style=\"text-align: left;\">bruk maskinen bare hvis du har kransertifikat<\/li>\n<li style=\"text-align: left;\">Hvis du oppdager feil, lekkasjer eller andre alarmerende tegn, m\u00e5 du stanse utstyret og rapportere dem til de ansvarlige personene<\/li>\n<li style=\"text-align: left;\">lese de siste oppf\u00f8ringene i drifts-, vedlikeholds- eller godkjenningsboken for utstyret<\/li>\n<li style=\"text-align: left;\">kontroller omgivelsene rundt apparatet, og v\u00e6r spesielt oppmerksom p\u00e5 eventuelle hindringer som er i veien, fjern dem eller meld fra til den ansvarlige personen hvis du ikke kan fjerne dem selv<\/li>\n<li style=\"text-align: left;\">informere personer som arbeider i n\u00e6rheten av utstyret om at arbeidet starter<\/li>\n<li style=\"text-align: left;\">avtale kommunikasjonstegn med l\u00f8fteseiloperat\u00f8ren<\/li>\n<li style=\"text-align: left;\">Kontroller vekten p\u00e5 lasten og se om den samsvarer med maskinens lastekapasitet<\/li>\n<li style=\"text-align: left;\">klargj\u00f8re et lagringsomr\u00e5de for last<\/li>\n<li style=\"text-align: left;\">utf\u00f8re en inspeksjon av utstyret - visuell kontroll av effektivitet og n\u00e5v\u00e6rende driftstilstand, kontroll av sikkerhetskomponenter og drivmekanismer under en testkj\u00f8ring<\/li>\n<li style=\"text-align: left;\">gj\u00f8re en oppf\u00f8ring i loggboken eller et annet dokument<\/li>\n<\/ul>\n<\/div>","protected":false},"excerpt":{"rendered":"<p>W\u0142a\u015bciwe przygotowanie stanowiska pracy jest w stanie zmniejszy\u0107 znacznie ryzyko zagro\u017ce\u0144 i wypadk\u00f3w. W pracy operatora suwnicy wa\u017cna jest znajomo\u015b\u0107 zasad BHP i ich przestrzeganie. Wybieraj\u0105c nasz kurs na suwnice, mo\u017cesz dowiedzie\u0107 si\u0119 wszystkiego na temat pracy bezpiecznej zar\u00f3wno przed jej rozpocz\u0119ciem, podczas, jak i po zako\u0144czeniu obs\u0142ugi urz\u0105dzenia. W tym artykule zawarli\u015bmy wszystkie kluczowe [&hellip;]<\/p>\n","protected":false},"author":3,"featured_media":0,"parent":823,"menu_order":0,"comment_status":"closed","ping_status":"closed","template":"","meta":{"footnotes":""},"class_list":["post-851","page","type-page","status-publish","hentry"],"aioseo_notices":[],"_links":{"self":[{"href":"https:\/\/szkolenia-udt.pl\/nb\/wp-json\/wp\/v2\/pages\/851","targetHints":{"allow":["GET"]}}],"collection":[{"href":"https:\/\/szkolenia-udt.pl\/nb\/wp-json\/wp\/v2\/pages"}],"about":[{"href":"https:\/\/szkolenia-udt.pl\/nb\/wp-json\/wp\/v2\/types\/page"}],"author":[{"embeddable":true,"href":"https:\/\/szkolenia-udt.pl\/nb\/wp-json\/wp\/v2\/users\/3"}],"replies":[{"embeddable":true,"href":"https:\/\/szkolenia-udt.pl\/nb\/wp-json\/wp\/v2\/comments?post=851"}],"version-history":[{"count":5,"href":"https:\/\/szkolenia-udt.pl\/nb\/wp-json\/wp\/v2\/pages\/851\/revisions"}],"predecessor-version":[{"id":2250,"href":"https:\/\/szkolenia-udt.pl\/nb\/wp-json\/wp\/v2\/pages\/851\/revisions\/2250"}],"up":[{"embeddable":true,"href":"https:\/\/szkolenia-udt.pl\/nb\/wp-json\/wp\/v2\/pages\/823"}],"wp:attachment":[{"href":"https:\/\/szkolenia-udt.pl\/nb\/wp-json\/wp\/v2\/media?parent=851"}],"curies":[{"name":"wp","href":"https:\/\/api.w.org\/{rel}","templated":true}]}}