{"id":858,"date":"2014-11-01T23:13:52","date_gmt":"2014-11-01T23:13:52","guid":{"rendered":"http:\/\/szkolenia-udt.pl\/?page_id=858"},"modified":"2021-07-15T00:18:55","modified_gmt":"2021-07-15T00:18:55","slug":"aktiviteter-ved-arbeid-med-kranen","status":"publish","type":"page","link":"https:\/\/szkolenia-udt.pl\/nb\/kursy\/suwnice\/czynnosci-podczas-pracy-z-suwnica\/","title":{"rendered":"Aktiviteter ved arbeid med kranen"},"content":{"rendered":"<div style=\"float: left; padding-right: 10px;\"><div id=\"metaslider-id-671\" style=\"max-width: 300px;\" class=\"ml-slider-3-107-0 metaslider metaslider-flex metaslider-671 ml-slider ms-theme-default nav-hidden\" role=\"region\" aria-label=\"Kraner2\" data-height=\"225\" data-width=\"300\">\n    <div id=\"metaslider_container_671\">\n        <div id=\"metaslider_671\">\n            <ul class='slides'>\n                <li style=\"display: block; width: 100%;\" class=\"slide-1995 ms-image\" aria-roledescription=\"slide\" data-date=\"2017-12-29 10:22:17\" data-filename=\"suwnica-5-252x189.jpg\" data-slide-type=\"image\"><img loading=\"lazy\" decoding=\"async\" src=\"https:\/\/szkolenia-udt.pl\/wp-content\/uploads\/2017\/12\/suwnica-5-252x189.jpg\" height=\"225\" width=\"300\" alt=\"\" class=\"slider-671 slide-1995 msDefaultImage\" \/><\/li>\n            <\/ul>\n        <\/div>\n        \n    <\/div>\n<\/div><\/div>\n<div class=\"wyjustuj\">\n<p>Kunnskap om kranbetjening og helse, milj\u00f8 og sikkerhet er avgj\u00f8rende for stillingen som kranf\u00f8rer. Ved \u00e5 velge v\u00e5r <a href=\"https:\/\/szkolenia-udt.pl\/nb\/kursy\/suwnice\/\">Krankurs<\/a>f\u00e5r du n\u00f8dvendig informasjon om hvordan du bruker utstyret p\u00e5 en sikker m\u00e5te og hvordan du kan redusere risikoen for farer og ulykker p\u00e5 arbeidsplassen.<\/p>\n<p><strong>Her er operat\u00f8rens viktigste ansvarsomr\u00e5der under drift:<\/strong><\/p>\n<ul>\n<li style=\"text-align: left;\">operat\u00f8ren skal til enhver tid under drift kontrollere at maskinen fungerer som den skal<\/li>\n<li style=\"text-align: left;\">arbeidet skal utf\u00f8res med personlig verneutstyr hvis arbeidsgiveren har bestemt det, for eksempel ved bruk av vernehjelm<\/li>\n<li style=\"text-align: left;\">Lasten m\u00e5 alltid styres p\u00e5 en slik m\u00e5te at man kan se hele dens bane - for store laster er det n\u00f8dvendig \u00e5 bruke en kroksignalmann<\/li>\n<li style=\"text-align: left;\">Operat\u00f8ren m\u00e5 v\u00e6re oppmerksom p\u00e5 signalene han f\u00e5r fra kroksignalmannen<\/li>\n<li style=\"text-align: left;\">alltid reagere p\u00e5 et stoppsignal og stoppe maskinen<\/li>\n<li style=\"text-align: left;\">n\u00e5r du transporterer last, m\u00e5 du v\u00e6re oppmerksom p\u00e5 ruten og holde sikker avstand mellom lasten og andre gjenstander eller personer<\/li>\n<li style=\"text-align: left;\">det m\u00e5 ikke befinne seg personer under eller i umiddelbar n\u00e6rhet av lasten n\u00e5r den transporteres<\/li>\n<li style=\"text-align: left;\">Ved h\u00e5ndtering av lasten - bremsing, start eller heving og senking - m\u00e5 bevegelsene v\u00e6re jevne<\/li>\n<li style=\"text-align: left;\">ikke overskride fartsgrensen for det aktuelle utstyret, og om n\u00f8dvendig tilpasse den til situasjonen p\u00e5 stedet<\/li>\n<li style=\"text-align: left;\">gi signal til andre kolleger f\u00f8r du starter en last, og gjenta signalet hvis det er folk i veien<\/li>\n<li style=\"text-align: left;\">Kontroller lastens vekt og utstyrets nominelle lastekapasitet<\/li>\n<li style=\"text-align: left;\">Lasten m\u00e5 alltid sikres p\u00e5 riktig m\u00e5te og i samsvar med forskriftene<\/li>\n<li style=\"text-align: left;\">Lastene m\u00e5 sikres som balansert<\/li>\n<li style=\"text-align: left;\">Lasten m\u00e5 b\u00e6res i oppreist stilling<\/li>\n<li style=\"text-align: left;\">ved h\u00e5ndtering av last skal avstanden mellom lasten og hindringer v\u00e6re minst 0,5 meter<\/li>\n<li style=\"text-align: left;\">Lasten m\u00e5 lagres p\u00e5 et bestemt sted og i samsvar med reglene for sikker lagring<\/li>\n<li style=\"text-align: left;\">hvis utstyret befinner seg utend\u00f8rs, m\u00e5 operat\u00f8ren ta hensyn til v\u00e6rforholdene og stanse arbeidet hvis de utgj\u00f8r en fare for sikkerheten<\/li>\n<\/ul>\n<p><strong>Forbudte aktiviteter ved arbeid med kraner:<\/strong><\/p>\n<ul>\n<li style=\"text-align: left;\">utstyret m\u00e5 ikke brukes av en person som ikke er kvalifisert til \u00e5 betjene kraner<\/li>\n<li style=\"text-align: left;\">utstyret m\u00e5 ikke brukes av personer som har inntatt alkohol eller narkotika<\/li>\n<li style=\"text-align: left;\">slynger som ikke passer sammen eller er skadet, m\u00e5 ikke brukes<\/li>\n<li style=\"text-align: left;\">vedlikeholds- og reparasjonsarbeid m\u00e5 ikke utf\u00f8res n\u00e5r apparatet er sl\u00e5tt p\u00e5<\/li>\n<li style=\"text-align: left;\">Lasten m\u00e5 ikke etterlates p\u00e5 utstyret uten at den er senket ned p\u00e5 en sikker m\u00e5te<\/li>\n<li style=\"text-align: left;\">Last som er festet til underlaget og er utenfor enhetens rekkevidde, m\u00e5 ikke l\u00f8ftes<\/li>\n<\/ul>\n<\/div>","protected":false},"excerpt":{"rendered":"<p>Znajomo\u015b\u0107 zasad obs\u0142ugi suwnic oraz zasad BHP jest niezb\u0119dna na stanowisku operatora. Wybieraj\u0105c nasz kurs na suwnice, otrzymasz niezb\u0119dne informacje o tym, jak bezpiecznie obs\u0142ugiwa\u0107 urz\u0105dzenie i jak zmniejszy\u0107 ryzyko zagro\u017ce\u0144 i wypadk\u00f3w przy pracy. Oto najwa\u017cniejsze obowi\u0105zki operatora podczas pracy: przez ca\u0142y czas pracy operator powinien sprawdza\u0107 prawid\u0142owo\u015b\u0107 dzia\u0142ania mechanizm\u00f3w urz\u0105dzenia prac\u0119 nale\u017cy wykonywa\u0107 [&hellip;]<\/p>\n","protected":false},"author":3,"featured_media":0,"parent":823,"menu_order":5,"comment_status":"closed","ping_status":"closed","template":"","meta":{"footnotes":""},"class_list":["post-858","page","type-page","status-publish","hentry"],"aioseo_notices":[],"_links":{"self":[{"href":"https:\/\/szkolenia-udt.pl\/nb\/wp-json\/wp\/v2\/pages\/858","targetHints":{"allow":["GET"]}}],"collection":[{"href":"https:\/\/szkolenia-udt.pl\/nb\/wp-json\/wp\/v2\/pages"}],"about":[{"href":"https:\/\/szkolenia-udt.pl\/nb\/wp-json\/wp\/v2\/types\/page"}],"author":[{"embeddable":true,"href":"https:\/\/szkolenia-udt.pl\/nb\/wp-json\/wp\/v2\/users\/3"}],"replies":[{"embeddable":true,"href":"https:\/\/szkolenia-udt.pl\/nb\/wp-json\/wp\/v2\/comments?post=858"}],"version-history":[{"count":6,"href":"https:\/\/szkolenia-udt.pl\/nb\/wp-json\/wp\/v2\/pages\/858\/revisions"}],"predecessor-version":[{"id":2251,"href":"https:\/\/szkolenia-udt.pl\/nb\/wp-json\/wp\/v2\/pages\/858\/revisions\/2251"}],"up":[{"embeddable":true,"href":"https:\/\/szkolenia-udt.pl\/nb\/wp-json\/wp\/v2\/pages\/823"}],"wp:attachment":[{"href":"https:\/\/szkolenia-udt.pl\/nb\/wp-json\/wp\/v2\/media?parent=858"}],"curies":[{"name":"wp","href":"https:\/\/api.w.org\/{rel}","templated":true}]}}