{"id":859,"date":"2014-11-01T23:15:17","date_gmt":"2014-11-01T23:15:17","guid":{"rendered":"http:\/\/szkolenia-udt.pl\/?page_id=859"},"modified":"2021-07-15T00:20:03","modified_gmt":"2021-07-15T00:20:03","slug":"etter-ferdigstillelse-av-kranen","status":"publish","type":"page","link":"https:\/\/szkolenia-udt.pl\/nb\/kursy\/suwnice\/po-zakonczeniu-pracy-z-suwnica\/","title":{"rendered":"Etter kranen"},"content":{"rendered":"<div style=\"float: left; padding-right: 10px;\"><div id=\"metaslider-id-1932\" style=\"max-width: 300px;\" class=\"ml-slider-3-109-0 metaslider metaslider-flex metaslider-1932 ml-slider ms-theme-default nav-hidden\" role=\"region\" aria-label=\"kraner3\" data-height=\"225\" data-width=\"300\">\n    <div id=\"metaslider_container_1932\">\n        <div id=\"metaslider_1932\">\n            <ul class='slides'>\n                <li style=\"display: block; width: 100%;\" class=\"slide-1999 ms-image\" aria-roledescription=\"slide\" data-date=\"2017-12-29 10:25:20\" data-filename=\"suwnica-2-300x225.jpg\" data-slide-type=\"image\"><img loading=\"lazy\" decoding=\"async\" src=\"https:\/\/szkolenia-udt.pl\/wp-content\/uploads\/2017\/12\/suwnica-2-300x225.jpg\" height=\"225\" width=\"300\" alt=\"\" class=\"slider-1932 slide-1999 msDefaultImage\" \/><\/li>\n            <\/ul>\n        <\/div>\n        \n    <\/div>\n<\/div><\/div>\n<div class=\"wyjustuj\">\n<p>Kranf\u00f8rerens jobb er ikke avsluttet n\u00e5r den siste lasten er transportert til byggeplassen. Enhver person som har hatt <a href=\"https:\/\/szkolenia-udt.pl\/nb\/kursy\/suwnice\/\">Krankurs<\/a> i v\u00e5r <a href=\"https:\/\/szkolenia-udt.pl\/nb\/o-firmie\/\">Sentrum<\/a>De ansatte gj\u00f8res kjent med reglene for oppf\u00f8rsel etter arbeidstid. Disse kan bidra til \u00e5 sikre maskinen og arbeidsplassen ytterligere og forebygge ulykker. Nedenfor f\u00f8lger en liste over de viktigste trinnene f\u00f8r kranf\u00f8reren forlater arbeidsplassen:<\/p>\n<ul>\n<li>sikre at lasten er satt p\u00e5 plass p\u00e5 sin plass<\/li>\n<li>lasteinnretningen m\u00e5 plasseres i en h\u00f8yde som ikke er til hinder for andre personer og kj\u00f8ret\u00f8y i arbeidsomr\u00e5det.<\/li>\n<li>enheten m\u00e5 plasseres i parkeringsposisjon<\/li>\n<li>N\u00e5r enheten er p\u00e5 plass, m\u00e5 operat\u00f8ren l\u00e5se den ved \u00e5 trykke p\u00e5 den aktuelle knappen.<\/li>\n<li>l\u00e5se kontrollene og sl\u00e5 av str\u00f8mmen til apparatet.<\/li>\n<li>n\u00e5r utstyret er utstyrt med vindbremser, m\u00e5 disse v\u00e6re sikret.<\/li>\n<li>Operat\u00f8ren skal utf\u00f8re en visuell inspeksjon av utstyret.<\/li>\n<li>Enheten m\u00e5 v\u00e6re beskyttet mot uautorisert bruk.<\/li>\n<li>Hvis du oppdager feil eller andre problemer med driften av utstyret, m\u00e5 du informere de ansvarlige personene.<\/li>\n<li>Det skal f\u00f8res inn i loggboken n\u00e5r utstyret overleveres.<\/li>\n<li>du kan bare forlate arbeidsplassen din hvis du bytter til en annen kranf\u00f8rer eller hvis du har f\u00e5tt tillatelse til det av din overordnede<\/li>\n<\/ul>\n<p>Ved \u00e5 f\u00f8lge disse reglene blir det enda enklere \u00e5 bruke utstyret, og det er derfor arbeidsplassene er opptatt av kvaliteten p\u00e5 slike aktiviteter. En arbeidsplass som er forberedt p\u00e5 denne m\u00e5ten, er trygg n\u00e5r en ny medarbeider skal begynne p\u00e5 jobb. Dette er viktig fordi det \u00e5 overse et punkt kan f\u00e5 tragiske konsekvenser, ikke bare for operat\u00f8ren, men ogs\u00e5 for kollegene.<\/p>\n<p>Vi er opptatt av at kursdeltakerne skal jobbe trygt, og derfor bruker vi alltid mye tid p\u00e5 temaer som helse og sikkerhet og riktig bruk av utstyr, og vi gjennomf\u00f8rer ogs\u00e5 praktiske \u00f8velser p\u00e5 dette omr\u00e5det.<\/p>\n<p>Alle som \u00f8nsker \u00e5 ta kranf\u00f8rerbevis, inviteres til \u00e5 delta p\u00e5 <a href=\"https:\/\/szkolenia-udt.pl\/nb\/oferta\/\">bruk av tjenester<\/a>!<\/p>\n<\/div>","protected":false},"excerpt":{"rendered":"<p>Przetransportowanie ostatniego \u0142adunku na miejsce nie ko\u0144czy pracy operatora suwnicy. Ka\u017cda osoba, kt\u00f3ra odby\u0142a kurs na suwnice w naszym O\u015brodku, zaznajamiana jest z zasadami postepowania po zako\u0144czonej pracy. Dzi\u0119ki nim mo\u017cna dodatkowo zabezpieczy\u0107 urz\u0105dzenie oraz miejsce pracy, zapobiegaj\u0105c wypadkom. Poni\u017cej przedstawiamy list\u0119 najwa\u017cniejszych czynno\u015bci przed opuszczeniem stanowiska pracy przez operatora suwnicy: nale\u017cy upewni\u0107 si\u0119, czy [&hellip;]<\/p>\n","protected":false},"author":3,"featured_media":0,"parent":823,"menu_order":10,"comment_status":"closed","ping_status":"closed","template":"","meta":{"footnotes":""},"class_list":["post-859","page","type-page","status-publish","hentry"],"aioseo_notices":[],"_links":{"self":[{"href":"https:\/\/szkolenia-udt.pl\/nb\/wp-json\/wp\/v2\/pages\/859","targetHints":{"allow":["GET"]}}],"collection":[{"href":"https:\/\/szkolenia-udt.pl\/nb\/wp-json\/wp\/v2\/pages"}],"about":[{"href":"https:\/\/szkolenia-udt.pl\/nb\/wp-json\/wp\/v2\/types\/page"}],"author":[{"embeddable":true,"href":"https:\/\/szkolenia-udt.pl\/nb\/wp-json\/wp\/v2\/users\/3"}],"replies":[{"embeddable":true,"href":"https:\/\/szkolenia-udt.pl\/nb\/wp-json\/wp\/v2\/comments?post=859"}],"version-history":[{"count":4,"href":"https:\/\/szkolenia-udt.pl\/nb\/wp-json\/wp\/v2\/pages\/859\/revisions"}],"predecessor-version":[{"id":2252,"href":"https:\/\/szkolenia-udt.pl\/nb\/wp-json\/wp\/v2\/pages\/859\/revisions\/2252"}],"up":[{"embeddable":true,"href":"https:\/\/szkolenia-udt.pl\/nb\/wp-json\/wp\/v2\/pages\/823"}],"wp:attachment":[{"href":"https:\/\/szkolenia-udt.pl\/nb\/wp-json\/wp\/v2\/media?parent=859"}],"curies":[{"name":"wp","href":"https:\/\/api.w.org\/{rel}","templated":true}]}}