{"id":1120,"date":"2014-11-12T14:41:09","date_gmt":"2014-11-12T14:41:09","guid":{"rendered":"http:\/\/szkolenia-udt.pl\/?page_id=1120"},"modified":"2021-06-27T22:22:51","modified_gmt":"2021-06-27T22:22:51","slug":"%d0%be%d1%81%d0%bd%d0%be%d0%b2%d0%bd%d0%b0%d1%8f-%d0%b8%d0%bd%d1%84%d0%be%d1%80%d0%bc%d0%b0%d1%86%d0%b8%d1%8f-%d0%be-%d0%ba%d1%80%d0%b0%d0%bd%d0%b0%d1%85-%d0%b3%d0%b4%d1%81","status":"publish","type":"page","link":"https:\/\/szkolenia-udt.pl\/ru\/kursy\/hds\/podstawowe-informacje-o-zurawiach-hds\/","title":{"rendered":"\u041e\u0441\u043d\u043e\u0432\u043d\u0430\u044f \u0438\u043d\u0444\u043e\u0440\u043c\u0430\u0446\u0438\u044f \u043e \u043a\u0440\u0430\u043d\u0430\u0445 HDS"},"content":{"rendered":"<div style=\"float: right; padding-right: 10px;\"><div id=\"metaslider-id-419\" style=\"max-width: 300px;\" class=\"ml-slider-3-107-0 metaslider metaslider-flex metaslider-419 ml-slider ms-theme-default nav-hidden\" role=\"region\" aria-label=\"\u041c\u043e\u0431\u0438\u043b\u044c\u043d\u044b\u0435 \u043f\u043b\u0430\u0442\u0444\u043e\u0440\u043c\u044b2\" data-height=\"225\" data-width=\"300\">\n    <div id=\"metaslider_container_419\">\n        <div id=\"metaslider_419\">\n            <ul class='slides'>\n                <li style=\"display: block; width: 100%;\" class=\"slide-1191 ms-image\" aria-roledescription=\"slide\" data-date=\"2014-11-17 19:52:58\" data-filename=\"podesty4a.jpg\" data-slide-type=\"image\"><img loading=\"lazy\" decoding=\"async\" src=\"https:\/\/szkolenia-udt.pl\/wp-content\/uploads\/2014\/11\/podesty4a.jpg\" height=\"225\" width=\"300\" alt=\"\u043c\u043e\u0431\u0438\u043b\u044c\u043d\u044b\u0435 \u043f\u043b\u0430\u0442\u0444\u043e\u0440\u043c\u044b\" class=\"slider-419 slide-1191 msDefaultImage\" \/><\/li>\n                <li style=\"display: none; width: 100%;\" class=\"slide-1192 ms-image\" aria-roledescription=\"slide\" data-date=\"2014-11-17 19:52:59\" data-filename=\"podesty5a.jpg\" data-slide-type=\"image\"><img loading=\"lazy\" decoding=\"async\" src=\"https:\/\/szkolenia-udt.pl\/wp-content\/uploads\/2014\/11\/podesty5a.jpg\" height=\"225\" width=\"300\" alt=\"\u043e\u0431\u0443\u0447\u0435\u043d\u0438\u0435 \u0443\u0434\u0442\" class=\"slider-419 slide-1192 msDefaultImage\" \/><\/li>\n                <li style=\"display: none; width: 100%;\" class=\"slide-1189 ms-image\" aria-roledescription=\"slide\" data-date=\"2014-11-17 19:52:57\" data-filename=\"podesty2a.jpg\" data-slide-type=\"image\"><img loading=\"lazy\" decoding=\"async\" src=\"https:\/\/szkolenia-udt.pl\/wp-content\/uploads\/2014\/11\/podesty2a.jpg\" height=\"225\" width=\"300\" alt=\"\u043a\u043e\u0440\u0437\u0438\u043d\u043d\u044b\u0435 \u043f\u043e\u0434\u044a\u0435\u043c\u043d\u0438\u043a\u0438 \u0432\u0430\u0440\u0448\u0430\u0432\u0430\" class=\"slider-419 slide-1189 msDefaultImage\" \/><\/li>\n                <li style=\"display: none; width: 100%;\" class=\"slide-1190 ms-image\" aria-roledescription=\"slide\" data-date=\"2014-11-17 19:52:57\" data-filename=\"podesty3a.jpg\" data-slide-type=\"image\"><img loading=\"lazy\" decoding=\"async\" src=\"https:\/\/szkolenia-udt.pl\/wp-content\/uploads\/2014\/11\/podesty3a.jpg\" height=\"225\" width=\"300\" alt=\"\u043e\u0431\u0443\u0447\u0435\u043d\u0438\u0435 \u0432\u0430\u0440\u0448\u0430\u0432\u0430\" class=\"slider-419 slide-1190 msDefaultImage\" \/><\/li>\n                <li style=\"display: none; width: 100%;\" class=\"slide-1188 ms-image\" aria-roledescription=\"slide\" data-date=\"2014-11-17 19:52:56\" data-filename=\"podesty1a.jpg\" data-slide-type=\"image\"><img loading=\"lazy\" decoding=\"async\" src=\"https:\/\/szkolenia-udt.pl\/wp-content\/uploads\/2014\/11\/podesty1a.jpg\" height=\"225\" width=\"300\" alt=\"\" class=\"slider-419 slide-1188 msDefaultImage\" \/><\/li>\n            <\/ul>\n        <\/div>\n        \n    <\/div>\n<\/div><\/div>\n<div class=\"wyjustuj\">\n<p>\u041a\u0440\u0430\u043d\u044b - \u044d\u0442\u043e \u0443\u0441\u0442\u0440\u043e\u0439\u0441\u0442\u0432\u0430, \u043f\u0440\u0435\u0434\u043d\u0430\u0437\u043d\u0430\u0447\u0435\u043d\u043d\u044b\u0435 \u0434\u043b\u044f \u043f\u043e\u0433\u0440\u0443\u0437\u043a\u0438 \u0438 \u0440\u0430\u0437\u0433\u0440\u0443\u0437\u043a\u0438 \u043c\u0430\u0442\u0435\u0440\u0438\u0430\u043b\u043e\u0432. \u041e\u043d\u0438 \u0432\u043a\u043b\u044e\u0447\u0430\u044e\u0442, \u043d\u043e \u043d\u0435 \u043e\u0433\u0440\u0430\u043d\u0438\u0447\u0438\u0432\u0430\u044e\u0442\u0441\u044f: \u043b\u0435\u0431\u0435\u0434\u043a\u0438, \u043f\u043e\u0434\u044a\u0435\u043c\u043d\u0438\u043a\u0438, \u043a\u0440\u0430\u043d\u044b, \u043c\u043e\u0441\u0442\u043e\u0432\u044b\u0435 \u043a\u0440\u0430\u043d\u044b \u0438 \u0434\u0440\u0443\u0433\u043e\u0435 \u043e\u0431\u043e\u0440\u0443\u0434\u043e\u0432\u0430\u043d\u0438\u0435. \u0412\u0430\u0436\u043d\u043e\u0439 \u0433\u0440\u0443\u043f\u043f\u043e\u0439 \u043a\u0440\u0430\u043d\u043e\u0432 \u044f\u0432\u043b\u044f\u044e\u0442\u0441\u044f \u043a\u0440\u0430\u043d\u044b, \u043a \u043a\u043e\u0442\u043e\u0440\u044b\u043c \u0442\u0430\u043a\u0436\u0435 \u043e\u0442\u043d\u043e\u0441\u044f\u0442\u0441\u044f \u043a\u0440\u0430\u043d\u044b HDS - \u0433\u0438\u0434\u0440\u0430\u0432\u043b\u0438\u0447\u0435\u0441\u043a\u0438\u0435 \u0430\u0432\u0442\u043e\u043a\u0440\u0430\u043d\u044b - \u043a\u0440\u0430\u043d\u044b-\u043c\u0430\u043d\u0438\u043f\u0443\u043b\u044f\u0442\u043e\u0440\u044b, \u044d\u043a\u0441\u043f\u043b\u0443\u0430\u0442\u0430\u0446\u0438\u044f \u043a\u043e\u0442\u043e\u0440\u044b\u0445 \u0442\u0440\u0435\u0431\u0443\u0435\u0442 \u0437\u0430\u0447\u0438\u0441\u043b\u0435\u043d\u0438\u044f \u0432 <a href=\"https:\/\/szkolenia-udt.pl\/ru\/kursy\/hds\/\">\u041a\u0443\u0440\u0441 HDS<\/a>. \u041f\u043e\u0441\u043b\u0435 \u0443\u0441\u043f\u0435\u0448\u043d\u043e\u0439 \u0441\u0434\u0430\u0447\u0438 \u044d\u043a\u0437\u0430\u043c\u0435\u043d\u0430 \u043f\u0435\u0440\u0435\u0434 \u043a\u043e\u043c\u0438\u0441\u0441\u0438\u0435\u0439 UDT \u0432\u0430\u043c \u0432\u044b\u0434\u0430\u0435\u0442\u0441\u044f \u043b\u0438\u0446\u0435\u043d\u0437\u0438\u044f HDS.<\/p>\n<h2 class=\"boldnagl\"><strong>\u0427\u0442\u043e \u0442\u0430\u043a\u043e\u0435 \u043f\u043e\u0434\u044a\u0435\u043c\u043d\u044b\u0439 \u043a\u0440\u0430\u043d?<\/strong><\/h2>\n<p>HDS - \u0434\u043e\u043a\u043e\u0432\u044b\u0439 \u043a\u0440\u0430\u043d - \u044d\u0442\u043e \u043a\u0440\u0430\u043d \u0441 \u043c\u0435\u0445\u0430\u043d\u0438\u0447\u0435\u0441\u043a\u0438\u043c \u043f\u0440\u0438\u0432\u043e\u0434\u043e\u043c, \u0441\u043e\u0441\u0442\u043e\u044f\u0449\u0438\u0439 \u0438\u0437 \u043a\u043e\u043b\u043e\u043d\u043d\u044b, \u0432\u0440\u0430\u0449\u0430\u044e\u0449\u0435\u0439\u0441\u044f \u043d\u0430 \u043e\u0441\u043d\u043e\u0432\u0430\u043d\u0438\u0438, \u0438 \u0441\u0442\u0440\u0435\u043b\u043e\u0432\u043e\u0439 \u0441\u0438\u0441\u0442\u0435\u043c\u044b, \u0440\u0430\u0441\u043f\u043e\u043b\u043e\u0436\u0435\u043d\u043d\u043e\u0439 \u043d\u0430 \u0432\u0435\u0440\u0448\u0438\u043d\u0435 \u043a\u043e\u043b\u043e\u043d\u043d\u044b. \u041f\u0435\u0440\u0435\u0433\u0440\u0443\u0437\u043e\u0447\u043d\u044b\u0435 \u043a\u0440\u0430\u043d\u044b \u0443\u0441\u0442\u0430\u043d\u0430\u0432\u043b\u0438\u0432\u0430\u044e\u0442\u0441\u044f \u043d\u0430 \u0442\u0440\u0430\u043d\u0441\u043f\u043e\u0440\u0442\u043d\u044b\u0435 \u0441\u0440\u0435\u0434\u0441\u0442\u0432\u0430 \u0438\u043b\u0438 \u043f\u0440\u0438\u0446\u0435\u043f\u044b \u0438 \u043f\u0440\u0435\u0434\u043d\u0430\u0437\u043d\u0430\u0447\u0435\u043d\u044b \u0434\u043b\u044f \u0432\u044b\u043f\u043e\u043b\u043d\u0435\u043d\u0438\u044f \u043f\u043e\u0433\u0440\u0443\u0437\u043e\u0447\u043d\u043e-\u0440\u0430\u0437\u0433\u0440\u0443\u0437\u043e\u0447\u043d\u044b\u0445 \u0440\u0430\u0431\u043e\u0442.<\/p>\n<p>\u041a\u0440\u0430\u043d\u044b-\u043c\u0430\u043d\u0438\u043f\u0443\u043b\u044f\u0442\u043e\u0440\u044b HDS \u043a\u043b\u0430\u0441\u0441\u0438\u0444\u0438\u0446\u0438\u0440\u0443\u044e\u0442\u0441\u044f \u043a\u0430\u043a \u043c\u043e\u0431\u0438\u043b\u044c\u043d\u044b\u0435 \u043a\u0440\u0430\u043d\u044b \u0438 \u043d\u0430 \u043d\u0438\u0445 \u0440\u0430\u0441\u043f\u0440\u043e\u0441\u0442\u0440\u0430\u043d\u044f\u044e\u0442\u0441\u044f \u043f\u0440\u0430\u0432\u0438\u043b\u0430 \u0423\u043f\u0440\u0430\u0432\u043b\u0435\u043d\u0438\u044f \u0442\u0435\u0445\u043d\u0438\u0447\u0435\u0441\u043a\u043e\u0439 \u0438\u043d\u0441\u043f\u0435\u043a\u0446\u0438\u0438.<\/p>\n<h2 class=\"boldnagl\"><strong>\u0420\u0430\u0437\u0431\u0438\u0432\u043a\u0430 \u0441\u0442\u0440\u0443\u043a\u0442\u0443\u0440\u043d\u044b\u0445 \u0441\u0442\u044b\u043a\u043e\u0432\u043e\u0447\u043d\u044b\u0445 \u043a\u0440\u0430\u043d\u043e\u0432 HDS<\/strong><\/h2>\n<p>\u041a\u0440\u0430\u043d\u044b-\u043c\u0430\u043d\u0438\u043f\u0443\u043b\u044f\u0442\u043e\u0440\u044b HDS \u043f\u043e\u0434\u0440\u0430\u0437\u0434\u0435\u043b\u044f\u044e\u0442\u0441\u044f \u043d\u0430 \u0441\u043b\u0435\u0434\u0443\u044e\u0449\u0438\u0435:<\/p>\n<ul>\n<li>\u043a\u0440\u0430\u043d\u044b \u043e\u0431\u0449\u0435\u0433\u043e \u043d\u0430\u0437\u043d\u0430\u0447\u0435\u043d\u0438\u044f, \u0432 \u043a\u043e\u0442\u043e\u0440\u044b\u0445 \u043a\u043e\u043d\u0441\u0442\u0440\u0443\u043a\u0446\u0438\u044f \u0436\u0435\u0441\u0442\u043a\u043e \u0437\u0430\u043a\u0440\u0435\u043f\u043b\u0435\u043d\u0430 \u043d\u0430 \u0448\u0430\u0441\u0441\u0438 \u0442\u0440\u0430\u043d\u0441\u043f\u043e\u0440\u0442\u043d\u043e\u0433\u043e \u0441\u0440\u0435\u0434\u0441\u0442\u0432\u0430, \u0430 \u0441\u0442\u0440\u0435\u043b\u0430 \u0440\u0430\u0431\u043e\u0442\u0430\u0435\u0442 \u0432 \u0433\u043e\u0440\u0438\u0437\u043e\u043d\u0442\u0430\u043b\u044c\u043d\u043e\u043c \u043d\u0430\u043f\u0440\u0430\u0432\u043b\u0435\u043d\u0438\u0438, \u0432\u0440\u0430\u0449\u0430\u044f\u0441\u044c \u0438 \u0438\u0437\u043c\u0435\u043d\u044f\u044f \u0432\u044b\u043b\u0435\u0442, \u0438 \u0432 \u0432\u0435\u0440\u0442\u0438\u043a\u0430\u043b\u044c\u043d\u043e\u043c \u043d\u0430\u043f\u0440\u0430\u0432\u043b\u0435\u043d\u0438\u0438, \u043f\u043e\u0434\u043d\u0438\u043c\u0430\u044f \u0438 \u043e\u043f\u0443\u0441\u043a\u0430\u044f \u0433\u0440\u0443\u0437\u044b<\/li>\n<li>\u043a\u0440\u0430\u043d\u044b \u0434\u043b\u044f \u043f\u043e\u0433\u0440\u0443\u0437\u043a\u0438 \u0434\u0440\u0435\u0432\u0435\u0441\u0438\u043d\u044b - \u043e\u0441\u043d\u0430\u0449\u0435\u043d\u044b \u0441\u043f\u0435\u0446\u0438\u0430\u043b\u044c\u043d\u044b\u043c\u0438 \u0437\u0430\u0445\u0432\u0430\u0442\u0430\u043c\u0438 \u0432\u043c\u0435\u0441\u0442\u043e \u043a\u0440\u044e\u043a\u043e\u0432, \u043a\u043e\u0442\u043e\u0440\u044b\u0435 \u043f\u043e\u0437\u0432\u043e\u043b\u044f\u044e\u0442 \u043f\u043e\u0434\u043d\u0438\u043c\u0430\u0442\u044c \u0434\u0440\u0435\u0432\u0435\u0441\u0438\u043d\u0443<\/li>\n<li>\u041a\u0440\u0430\u043d\u044b-\u043f\u043e\u0433\u0440\u0443\u0437\u0447\u0438\u043a\u0438, \u0443\u0441\u0442\u0430\u043d\u043e\u0432\u043b\u0435\u043d\u043d\u044b\u0435 \u043d\u0430 \u0430\u0432\u0442\u043e\u043c\u043e\u0431\u0438\u043b\u0435 \u0437\u0430 \u043a\u0430\u0431\u0438\u043d\u043e\u0439 \u0432\u043e\u0434\u0438\u0442\u0435\u043b\u044f<\/li>\n<li>\u0410\u0432\u0442\u043e\u043c\u043e\u0431\u0438\u043b\u044c\u043d\u044b\u0435 \u043a\u0440\u0430\u043d\u044b-\u043f\u043e\u0433\u0440\u0443\u0437\u0447\u0438\u043a\u0438 \u0441 \u0437\u0430\u0434\u043d\u0435\u0439 \u043d\u0430\u0432\u0435\u0441\u043a\u043e\u0439 \u0438 \u0434\u0435\u0440\u0436\u0430\u0442\u0435\u043b\u0435\u043c \u0433\u0440\u0443\u0437\u0430<\/li>\n<li>\u043f\u043e\u0433\u0440\u0443\u0437\u043e\u0447\u043d\u044b\u0435 \u043a\u0440\u0430\u043d\u044b, \u0443\u0441\u0442\u0430\u043d\u043e\u0432\u043b\u0435\u043d\u043d\u044b\u0435 \u0432 \u0446\u0435\u043d\u0442\u0440\u0435 \u0442\u0440\u0430\u043d\u0441\u043f\u043e\u0440\u0442\u043d\u043e\u0433\u043e \u0441\u0440\u0435\u0434\u0441\u0442\u0432\u0430<\/li>\n<\/ul>\n<div style=\"float: left; padding-right: 10px;\"><div id=\"metaslider-id-684\" style=\"max-width: 300px;\" class=\"ml-slider-3-107-0 metaslider metaslider-flex metaslider-684 ml-slider ms-theme-default nav-hidden nav-hidden\" role=\"region\" aria-label=\"\u041c\u0430\u043d\u0438\u043f\u0443\u043b\u044f\u0446\u0438\u043e\u043d\u043d\u044b\u0435 \u0443\u0441\u0442\u0440\u043e\u0439\u0441\u0442\u0432\u0430\" data-height=\"225\" data-width=\"300\">\n    <div id=\"metaslider_container_684\">\n        <div id=\"metaslider_684\">\n            <ul class='slides'>\n                <li style=\"display: block; width: 100%;\" class=\"slide-686 ms-image\" aria-roledescription=\"slide\" data-date=\"2014-10-12 11:03:24\" data-filename=\"O\u015brodek-szkolenia-operator\u00f3w.jpg\" data-slide-type=\"image\"><img loading=\"lazy\" decoding=\"async\" src=\"https:\/\/szkolenia-udt.pl\/wp-content\/uploads\/2014\/10\/O\u015brodek-szkolenia-operator\u00f3w.jpg\" height=\"225\" width=\"300\" alt=\"\" class=\"slider-684 slide-686 msDefaultImage\" \/><div class=\"caption-wrap\"><div class=\"caption\">\u044d\u0442\u0438\u043a\u0435\u0442\u043a\u0430<\/div><\/div><\/li>\n                <li style=\"display: none; width: 100%;\" class=\"slide-687 ms-image\" aria-roledescription=\"slide\" data-date=\"2014-10-12 11:03:26\" data-filename=\"szkolenia-urz\u0105dzenia-manipulacji-kontenerami.jpg\" data-slide-type=\"image\"><img loading=\"lazy\" decoding=\"async\" src=\"https:\/\/szkolenia-udt.pl\/wp-content\/uploads\/2014\/10\/szkolenia-urz\u0105dzenia-manipulacji-kontenerami.jpg\" height=\"225\" width=\"300\" alt=\"\u041a\u0443\u0440\u0441 \u043f\u043e \u043e\u0431\u043e\u0440\u0443\u0434\u043e\u0432\u0430\u043d\u0438\u044e \u0434\u043b\u044f \u043e\u0431\u0440\u0430\u0431\u043e\u0442\u043a\u0438 \u043a\u043e\u043d\u0442\u0435\u0439\u043d\u0435\u0440\u043e\u0432\" class=\"slider-684 slide-687 msDefaultImage\" \/><\/li>\n                <li style=\"display: none; width: 100%;\" class=\"slide-685 ms-image\" aria-roledescription=\"slide\" data-date=\"2014-10-12 11:03:23\" data-filename=\"Kursy-urz\u0105dzenia-manipulacji-kontenerami.jpg\" data-slide-type=\"image\"><img loading=\"lazy\" decoding=\"async\" src=\"https:\/\/szkolenia-udt.pl\/wp-content\/uploads\/2014\/10\/Kursy-urz\u0105dzenia-manipulacji-kontenerami.jpg\" height=\"225\" width=\"300\" alt=\"\u0426\u0435\u043d\u0442\u0440 \u043f\u043e\u0434\u0433\u043e\u0442\u043e\u0432\u043a\u0438 \u043e\u043f\u0435\u0440\u0430\u0442\u043e\u0440\u043e\u0432 \u0412\u0430\u0440\u0448\u0430\u0432\u0430\" class=\"slider-684 slide-685 msDefaultImage\" \/><\/li>\n                <li style=\"display: none; width: 100%;\" class=\"slide-688 ms-image\" aria-roledescription=\"slide\" data-date=\"2014-10-12 11:03:26\" data-filename=\"Zdj\u0119cie-manipulacja-kontenerami.jpg\" data-slide-type=\"image\"><img loading=\"lazy\" decoding=\"async\" src=\"https:\/\/szkolenia-udt.pl\/wp-content\/uploads\/2014\/10\/Zdj\u0119cie-manipulacja-kontenerami.jpg\" height=\"225\" width=\"300\" alt=\"\u041e\u0431\u043e\u0440\u0443\u0434\u043e\u0432\u0430\u043d\u0438\u0435 \u0434\u043b\u044f \u043f\u0435\u0440\u0435\u0432\u0430\u043b\u043a\u0438 \u043a\u043e\u043d\u0442\u0435\u0439\u043d\u0435\u0440\u043e\u0432\" class=\"slider-684 slide-688 msDefaultImage\" \/><\/li>\n                <li style=\"display: none; width: 100%;\" class=\"slide-689 ms-image\" aria-roledescription=\"slide\" data-date=\"2014-10-12 11:03:44\" data-filename=\"Szkolenia-oraz-kursy-zdj\u0119cie.jpg\" data-slide-type=\"image\"><img loading=\"lazy\" decoding=\"async\" src=\"https:\/\/szkolenia-udt.pl\/wp-content\/uploads\/2014\/10\/Szkolenia-oraz-kursy-zdj\u0119cie.jpg\" height=\"225\" width=\"300\" alt=\"\" class=\"slider-684 slide-689 msDefaultImage\" \/><\/li>\n            <\/ul>\n        <\/div>\n        \n    <\/div>\n<\/div><\/div>\n<p><strong>\u041a\u043e\u043d\u0441\u0442\u0440\u0443\u043a\u0442\u0438\u0432\u043d\u044b\u0435 \u044d\u043b\u0435\u043c\u0435\u043d\u0442\u044b \u043c\u043e\u0431\u0438\u043b\u044c\u043d\u043e\u0433\u043e \u043a\u0440\u0430\u043d\u0430 HDS<\/strong><br \/>\n\u0414\u043e\u043a\u043e\u0432\u044b\u0435 \u043a\u0440\u0430\u043d\u044b \u043f\u0440\u043e\u0438\u0437\u0432\u043e\u0434\u044f\u0442\u0441\u044f \u0440\u0430\u0437\u043b\u0438\u0447\u043d\u044b\u043c\u0438 \u0431\u0440\u0435\u043d\u0434\u0430\u043c\u0438 \u0438 \u043f\u043e\u044d\u0442\u043e\u043c\u0443 \u043e\u0442\u043b\u0438\u0447\u0430\u044e\u0442\u0441\u044f \u043f\u043e \u0438\u0441\u043f\u043e\u043b\u044c\u0437\u0443\u0435\u043c\u044b\u043c \u043a\u043e\u043d\u0441\u0442\u0440\u0443\u043a\u0442\u0438\u0432\u043d\u044b\u043c \u043a\u043e\u043c\u043f\u043e\u043d\u0435\u043d\u0442\u0430\u043c. \u0423\u043f\u0440\u0430\u0432\u043b\u0435\u043d\u0438\u0435 \u0432\u0441\u0435\u043c\u0438 \u043a\u043e\u043c\u043f\u043e\u043d\u0435\u043d\u0442\u0430\u043c\u0438 \u043e\u0441\u0443\u0449\u0435\u0441\u0442\u0432\u043b\u044f\u0435\u0442\u0441\u044f \u0441 \u043f\u043e\u043c\u043e\u0449\u044c\u044e \u0433\u0438\u0434\u0440\u0430\u0432\u043b\u0438\u0447\u0435\u0441\u043a\u043e\u0439 \u0441\u0438\u0441\u0442\u0435\u043c\u044b. \u0421\u0442\u0430\u043d\u0434\u0430\u0440\u0442\u0438\u0437\u0438\u0440\u043e\u0432\u0430\u043d\u043d\u044b\u043c\u0438 \u044d\u043b\u0435\u043c\u0435\u043d\u0442\u0430\u043c\u0438 \u043a\u043e\u043d\u0441\u0442\u0440\u0443\u043a\u0446\u0438\u0438 \u043a\u0430\u0436\u0434\u043e\u0433\u043e \u0441\u0442\u044b\u043a\u043e\u0432\u043e\u0447\u043d\u043e\u0433\u043e \u043a\u0440\u0430\u043d\u0430 \u044f\u0432\u043b\u044f\u044e\u0442\u0441\u044f:<\/p>\n<ul>\n<li>\u043d\u0430\u0431\u043e\u0440 \u043e\u043f\u043e\u0440 - \u0434\u043b\u044f \u0441\u0442\u0430\u0431\u0438\u043b\u0438\u0437\u0430\u0446\u0438\u0438 \u0443\u0441\u0442\u0440\u043e\u0439\u0441\u0442\u0432\u0430<\/li>\n<li>\u0431\u0430\u0437\u043e\u0432\u044b\u0439 \u043a\u043e\u043c\u043f\u043b\u0435\u043a\u0442 - \u0440\u0430\u0441\u043f\u043e\u043b\u043e\u0436\u0435\u043d \u0432 \u043e\u0441\u043d\u043e\u0432\u0430\u043d\u0438\u0438 \u043a\u0440\u0430\u043d\u0430<\/li>\n<li>\u043a\u043e\u043c\u043f\u043b\u0435\u043a\u0442 \u043a\u043e\u043b\u043e\u043d\u043d - \u0432\u0435\u0440\u0442\u0438\u043a\u0430\u043b\u044c\u043d\u044b\u0439 \u044d\u043b\u0435\u043c\u0435\u043d\u0442 \u043a\u0440\u0430\u043d\u0430, \u0443\u0441\u0442\u0430\u043d\u043e\u0432\u043b\u0435\u043d\u043d\u044b\u0439 \u043d\u0430 \u043e\u0441\u043d\u043e\u0432\u0430\u043d\u0438\u0438<\/li>\n<li>\u043d\u0430\u0431\u043e\u0440 \u0441\u0442\u0440\u0435\u043b - \u0440\u0435\u0433\u0443\u043b\u0438\u0440\u0443\u0435\u043c\u044b\u0439 \u044d\u043b\u0435\u043c\u0435\u043d\u0442, \u043a \u043a\u043e\u0442\u043e\u0440\u043e\u043c\u0443 \u043a\u0440\u0435\u043f\u0438\u0442\u0441\u044f \u0433\u0440\u0443\u0437<\/li>\n<\/ul>\n<p>\u0415\u0441\u043b\u0438 \u0432\u044b \u0437\u0430\u0438\u043d\u0442\u0435\u0440\u0435\u0441\u043e\u0432\u0430\u043d\u044b \u0432 \u043f\u043e\u043b\u0443\u0447\u0435\u043d\u0438\u0438 \u0441\u0435\u0440\u0442\u0438\u0444\u0438\u043a\u0430\u0442\u0430 HDS, \u043f\u043e\u0441\u0435\u0442\u0438\u0442\u0435 \u043d\u0430\u0448 \u0441\u0430\u0439\u0442 <a href=\"https:\/\/szkolenia-udt.pl\/ru\/o-firmie\/\">\u0446\u0435\u043d\u0442\u0440<\/a> \u043d\u0430 \u043a\u0443\u0440\u0441 HDS!<\/p>\n<\/div>","protected":false},"excerpt":{"rendered":"<p>D\u017awignice to urz\u0105dzenia, kt\u00f3re przeznaczone s\u0105 do za\u0142adunku i roz\u0142adunku materia\u0142\u00f3w. Zalicza si\u0119 do nich mi\u0119dzy innymi: wci\u0105garki, wci\u0105gniki, d\u017awigi, suwnice i inne urz\u0105dzenia. Wa\u017cn\u0105 grup\u0105 d\u017awignic s\u0105 \u017curawie, do kt\u00f3rych zalicza si\u0119 r\u00f3wnie\u017c \u017curawie typu HDS \u2013 hydrauliczne d\u017awigi samochodowe \u2013 \u017curawie prze\u0142adunkowe, do kt\u00f3rych obs\u0142ugi potrzebne jest zapisanie si\u0119 na kurs HDS. Po [&hellip;]<\/p>\n","protected":false},"author":3,"featured_media":0,"parent":1116,"menu_order":0,"comment_status":"closed","ping_status":"closed","template":"","meta":{"footnotes":""},"class_list":["post-1120","page","type-page","status-publish","hentry"],"aioseo_notices":[],"_links":{"self":[{"href":"https:\/\/szkolenia-udt.pl\/ru\/wp-json\/wp\/v2\/pages\/1120","targetHints":{"allow":["GET"]}}],"collection":[{"href":"https:\/\/szkolenia-udt.pl\/ru\/wp-json\/wp\/v2\/pages"}],"about":[{"href":"https:\/\/szkolenia-udt.pl\/ru\/wp-json\/wp\/v2\/types\/page"}],"author":[{"embeddable":true,"href":"https:\/\/szkolenia-udt.pl\/ru\/wp-json\/wp\/v2\/users\/3"}],"replies":[{"embeddable":true,"href":"https:\/\/szkolenia-udt.pl\/ru\/wp-json\/wp\/v2\/comments?post=1120"}],"version-history":[{"count":4,"href":"https:\/\/szkolenia-udt.pl\/ru\/wp-json\/wp\/v2\/pages\/1120\/revisions"}],"predecessor-version":[{"id":2238,"href":"https:\/\/szkolenia-udt.pl\/ru\/wp-json\/wp\/v2\/pages\/1120\/revisions\/2238"}],"up":[{"embeddable":true,"href":"https:\/\/szkolenia-udt.pl\/ru\/wp-json\/wp\/v2\/pages\/1116"}],"wp:attachment":[{"href":"https:\/\/szkolenia-udt.pl\/ru\/wp-json\/wp\/v2\/media?parent=1120"}],"curies":[{"name":"wp","href":"https:\/\/api.w.org\/{rel}","templated":true}]}}