{"id":1124,"date":"2014-11-12T14:43:34","date_gmt":"2014-11-12T14:43:34","guid":{"rendered":"http:\/\/szkolenia-udt.pl\/?page_id=1124"},"modified":"2021-06-27T22:23:56","modified_gmt":"2021-06-27T22:23:56","slug":"slings-lines-and-hooks-used-in-hds","status":"publish","type":"page","link":"https:\/\/szkolenia-udt.pl\/ru\/kursy\/hds\/zawiesia-liny-i-haki-stosowane-w-hds-ach\/","title":{"rendered":"\u0421\u0442\u0440\u043e\u043f\u044b, \u043a\u0430\u043d\u0430\u0442\u044b \u0438 \u043a\u0440\u044e\u043a\u0438, \u0438\u0441\u043f\u043e\u043b\u044c\u0437\u0443\u0435\u043c\u044b\u0435 \u0432 \u0441\u0438\u0441\u0442\u0435\u043c\u0430\u0445 HDS"},"content":{"rendered":"<div style=\"float: left; padding-right: 10px;\"><div id=\"metaslider-id-684\" style=\"max-width: 300px;\" class=\"ml-slider-3-107-0 metaslider metaslider-flex metaslider-684 ml-slider ms-theme-default nav-hidden\" role=\"region\" aria-label=\"\u041c\u0430\u043d\u0438\u043f\u0443\u043b\u044f\u0446\u0438\u043e\u043d\u043d\u044b\u0435 \u0443\u0441\u0442\u0440\u043e\u0439\u0441\u0442\u0432\u0430\" data-height=\"225\" data-width=\"300\">\n    <div id=\"metaslider_container_684\">\n        <div id=\"metaslider_684\">\n            <ul class='slides'>\n                <li style=\"display: block; width: 100%;\" class=\"slide-686 ms-image\" aria-roledescription=\"slide\" data-date=\"2014-10-12 11:03:24\" data-filename=\"O\u015brodek-szkolenia-operator\u00f3w.jpg\" data-slide-type=\"image\"><img loading=\"lazy\" decoding=\"async\" src=\"https:\/\/szkolenia-udt.pl\/wp-content\/uploads\/2014\/10\/O\u015brodek-szkolenia-operator\u00f3w.jpg\" height=\"225\" width=\"300\" alt=\"\" class=\"slider-684 slide-686 msDefaultImage\" \/><div class=\"caption-wrap\"><div class=\"caption\">\u044d\u0442\u0438\u043a\u0435\u0442\u043a\u0430<\/div><\/div><\/li>\n                <li style=\"display: none; width: 100%;\" class=\"slide-687 ms-image\" aria-roledescription=\"slide\" data-date=\"2014-10-12 11:03:26\" data-filename=\"szkolenia-urz\u0105dzenia-manipulacji-kontenerami.jpg\" data-slide-type=\"image\"><img loading=\"lazy\" decoding=\"async\" src=\"https:\/\/szkolenia-udt.pl\/wp-content\/uploads\/2014\/10\/szkolenia-urz\u0105dzenia-manipulacji-kontenerami.jpg\" height=\"225\" width=\"300\" alt=\"\u041a\u0443\u0440\u0441 \u043f\u043e \u043e\u0431\u043e\u0440\u0443\u0434\u043e\u0432\u0430\u043d\u0438\u044e \u0434\u043b\u044f \u043e\u0431\u0440\u0430\u0431\u043e\u0442\u043a\u0438 \u043a\u043e\u043d\u0442\u0435\u0439\u043d\u0435\u0440\u043e\u0432\" class=\"slider-684 slide-687 msDefaultImage\" \/><\/li>\n                <li style=\"display: none; width: 100%;\" class=\"slide-685 ms-image\" aria-roledescription=\"slide\" data-date=\"2014-10-12 11:03:23\" data-filename=\"Kursy-urz\u0105dzenia-manipulacji-kontenerami.jpg\" data-slide-type=\"image\"><img loading=\"lazy\" decoding=\"async\" src=\"https:\/\/szkolenia-udt.pl\/wp-content\/uploads\/2014\/10\/Kursy-urz\u0105dzenia-manipulacji-kontenerami.jpg\" height=\"225\" width=\"300\" alt=\"\u0426\u0435\u043d\u0442\u0440 \u043f\u043e\u0434\u0433\u043e\u0442\u043e\u0432\u043a\u0438 \u043e\u043f\u0435\u0440\u0430\u0442\u043e\u0440\u043e\u0432 \u0412\u0430\u0440\u0448\u0430\u0432\u0430\" class=\"slider-684 slide-685 msDefaultImage\" \/><\/li>\n                <li style=\"display: none; width: 100%;\" class=\"slide-688 ms-image\" aria-roledescription=\"slide\" data-date=\"2014-10-12 11:03:26\" data-filename=\"Zdj\u0119cie-manipulacja-kontenerami.jpg\" data-slide-type=\"image\"><img loading=\"lazy\" decoding=\"async\" src=\"https:\/\/szkolenia-udt.pl\/wp-content\/uploads\/2014\/10\/Zdj\u0119cie-manipulacja-kontenerami.jpg\" height=\"225\" width=\"300\" alt=\"\u041e\u0431\u043e\u0440\u0443\u0434\u043e\u0432\u0430\u043d\u0438\u0435 \u0434\u043b\u044f \u043f\u0435\u0440\u0435\u0432\u0430\u043b\u043a\u0438 \u043a\u043e\u043d\u0442\u0435\u0439\u043d\u0435\u0440\u043e\u0432\" class=\"slider-684 slide-688 msDefaultImage\" \/><\/li>\n                <li style=\"display: none; width: 100%;\" class=\"slide-689 ms-image\" aria-roledescription=\"slide\" data-date=\"2014-10-12 11:03:44\" data-filename=\"Szkolenia-oraz-kursy-zdj\u0119cie.jpg\" data-slide-type=\"image\"><img loading=\"lazy\" decoding=\"async\" src=\"https:\/\/szkolenia-udt.pl\/wp-content\/uploads\/2014\/10\/Szkolenia-oraz-kursy-zdj\u0119cie.jpg\" height=\"225\" width=\"300\" alt=\"\" class=\"slider-684 slide-689 msDefaultImage\" \/><\/li>\n            <\/ul>\n        <\/div>\n        \n    <\/div>\n<\/div><\/div>\n<div class=\"wyjustuj\">\n<p>\u041a\u0430\u0436\u0434\u044b\u0439 <a href=\"https:\/\/szkolenia-udt.pl\/ru\/kursy\/hds\/\">\u041a\u0443\u0440\u0441 HDS<\/a> \u0412\u043a\u043b\u044e\u0447\u0430\u0435\u0442 \u0438\u043d\u0444\u043e\u0440\u043c\u0430\u0446\u0438\u044e \u043e \u0441\u0442\u0440\u043e\u043f\u0430\u0445, \u043a\u0430\u043d\u0430\u0442\u0430\u0445 \u0438 \u043a\u0440\u044e\u043a\u0430\u0445, \u0438\u0441\u043f\u043e\u043b\u044c\u0437\u0443\u0435\u043c\u044b\u0445 \u043d\u0430 HDS. \u042d\u0442\u0438\u043c\u0438 \u0437\u043d\u0430\u043d\u0438\u044f\u043c\u0438 \u043d\u0435\u043e\u0431\u0445\u043e\u0434\u0438\u043c\u043e \u0432\u043b\u0430\u0434\u0435\u0442\u044c, \u0442\u0430\u043a \u043a\u0430\u043a \u043e\u043d\u0438 \u0437\u0430\u0434\u0430\u044e\u0442\u0441\u044f \u0438\u043d\u0441\u0442\u0440\u0443\u043a\u0442\u043e\u0440\u0430\u043c\u0438 UTD \u0432\u043e \u0432\u0440\u0435\u043c\u044f \u044d\u043a\u0437\u0430\u043c\u0435\u043d\u0430 \u043d\u0430 \u043f\u043e\u043b\u0443\u0447\u0435\u043d\u0438\u0435 \u043b\u0438\u0446\u0435\u043d\u0437\u0438\u0438 HDS. \u0415\u0441\u043b\u0438 \u0432\u044b \u0437\u0430\u0438\u043d\u0442\u0435\u0440\u0435\u0441\u043e\u0432\u0430\u043d\u044b \u0432 \u043f\u043e\u043b\u0443\u0447\u0435\u043d\u0438\u0438 \u0441\u0435\u0440\u0442\u0438\u0444\u0438\u043a\u0430\u0442\u0430 HDS, \u043f\u043e\u0436\u0430\u043b\u0443\u0439\u0441\u0442\u0430, \u043f\u043e\u0441\u0435\u0442\u0438\u0442\u0435 \u0441\u0430\u0439\u0442 <a href=\"https:\/\/szkolenia-udt.pl\/ru\/oferta\/\">\u0438\u0441\u043f\u043e\u043b\u044c\u0437\u043e\u0432\u0430\u043d\u0438\u0435 \u0443\u0441\u043b\u0443\u0433<\/a> \u043d\u0430\u0448 <a href=\"https:\/\/szkolenia-udt.pl\/ru\/o-firmie\/\">\u0426\u0435\u043d\u0442\u0440<\/a>\u041e\u0431\u043e\u0440\u0443\u0434\u043e\u0432\u0430\u043d\u0438\u0435 HDS \u0438\u0441\u043f\u043e\u043b\u044c\u0437\u0443\u0435\u0442 \u0440\u0430\u0437\u043b\u0438\u0447\u043d\u044b\u0435 \u0432\u0438\u0434\u044b \u0441\u0442\u0440\u043e\u043f, \u043a\u0430\u043d\u0430\u0442\u043e\u0432 \u0438 \u043a\u0440\u044e\u043a\u043e\u0432 \u0434\u043b\u044f \u043c\u0430\u043d\u0438\u043f\u0443\u043b\u0438\u0440\u043e\u0432\u0430\u043d\u0438\u044f \u0433\u0440\u0443\u0437\u0430\u043c\u0438. \u0418\u043c\u0435\u043d\u043d\u043e \u043d\u0430 \u043d\u0438\u0445 \u0433\u0440\u0443\u0437 \u0437\u0430\u043a\u0440\u0435\u043f\u043b\u044f\u0435\u0442\u0441\u044f \u043d\u0430\u0434\u043b\u0435\u0436\u0430\u0449\u0438\u043c \u043e\u0431\u0440\u0430\u0437\u043e\u043c, \u043f\u043e\u0441\u043b\u0435 \u0447\u0435\u0433\u043e \u0435\u0433\u043e \u043c\u043e\u0436\u043d\u043e \u0440\u0430\u0437\u043c\u0435\u0441\u0442\u0438\u0442\u044c \u0432 \u0434\u0440\u0443\u0433\u043e\u043c \u043c\u0435\u0441\u0442\u0435 \u0441 \u043f\u043e\u043c\u043e\u0449\u044c\u044e \u043a\u0440\u0430\u043d\u0430. \u041f\u0440\u0438 \u0438\u0441\u043f\u043e\u043b\u044c\u0437\u043e\u0432\u0430\u043d\u0438\u0438 \u0441\u0442\u0440\u043e\u043f, \u043a\u0430\u043d\u0430\u0442\u043e\u0432 \u0438 \u043a\u0440\u044e\u043a\u043e\u0432 \u0432 \u043a\u0440\u0430\u043d\u0430\u0445 HDS \u0432\u0430\u0436\u043d\u043e \u0443\u0431\u0435\u0434\u0438\u0442\u044c\u0441\u044f, \u0447\u0442\u043e \u043e\u043d\u0438 \u043d\u0430\u0445\u043e\u0434\u044f\u0442\u0441\u044f \u0432 \u0445\u043e\u0440\u043e\u0448\u0435\u043c \u0440\u0430\u0431\u043e\u0447\u0435\u043c \u0441\u043e\u0441\u0442\u043e\u044f\u043d\u0438\u0438, \u0442\u0430\u043a \u043a\u0430\u043a \u0432 \u043f\u0440\u043e\u0442\u0438\u0432\u043d\u043e\u043c \u0441\u043b\u0443\u0447\u0430\u0435 \u043e\u043d\u0438 \u043c\u043e\u0433\u0443\u0442 \u0441\u0442\u0430\u0442\u044c \u043f\u0440\u0438\u0447\u0438\u043d\u043e\u0439 \u043d\u0435\u0441\u0447\u0430\u0441\u0442\u043d\u043e\u0433\u043e \u0441\u043b\u0443\u0447\u0430\u044f.<\/p>\n<h2 class=\"boldnagl\"><strong>\u041a\u0430\u043d\u0430\u0442\u044b<\/strong><\/h2>\n<p>HDS \u043c\u043e\u0433\u0443\u0442 \u0431\u044b\u0442\u044c \u043e\u0441\u043d\u0430\u0449\u0435\u043d\u044b \u043b\u0435\u0431\u0435\u0434\u043a\u0430\u043c\u0438 \u0438 \u0438\u0441\u043f\u043e\u043b\u044c\u0437\u043e\u0432\u0430\u0442\u044c \u043a\u0430\u043d\u0430\u0442\u044b \u0438 \u0441\u0442\u0440\u043e\u043f\u044b \u0434\u043b\u044f \u043a\u0440\u0435\u043f\u043b\u0435\u043d\u0438\u044f \u0433\u0440\u0443\u0437\u043e\u0432. \u041a\u0430\u043d\u0430\u0442\u044b, \u0438\u0441\u043f\u043e\u043b\u044c\u0437\u0443\u0435\u043c\u044b\u0435 \u0432 HDS, \u0434\u043e\u043b\u0436\u043d\u044b \u043e\u0442\u0432\u0435\u0447\u0430\u0442\u044c \u043e\u043f\u0440\u0435\u0434\u0435\u043b\u0435\u043d\u043d\u044b\u043c \u0442\u0440\u0435\u0431\u043e\u0432\u0430\u043d\u0438\u044f\u043c - \u0441\u043b\u0435\u0434\u0443\u0435\u0442 \u0438\u0441\u043f\u043e\u043b\u044c\u0437\u043e\u0432\u0430\u0442\u044c \u0442\u043e\u043b\u044c\u043a\u043e \u043e\u0434\u043e\u0431\u0440\u0435\u043d\u043d\u044b\u0435 \u043a\u0430\u043d\u0430\u0442\u044b, \u0440\u0430\u0437\u0440\u0435\u0448\u0435\u043d\u043d\u044b\u0435 \u043a \u043f\u0440\u0438\u043c\u0435\u043d\u0435\u043d\u0438\u044e \u043f\u0440\u043e\u0438\u0437\u0432\u043e\u0434\u0438\u0442\u0435\u043b\u0435\u043c. \u0412 \u0440\u0430\u0437\u043c\u043e\u0442\u0430\u043d\u043d\u043e\u043c \u0441\u043e\u0441\u0442\u043e\u044f\u043d\u0438\u0438 \u043a\u0430\u043d\u0430\u0442 \u0434\u043e\u043b\u0436\u0435\u043d \u0431\u044b\u0442\u044c \u043f\u0440\u044f\u043c\u044b\u043c, \u043d\u0435 \u0432\u043e\u043b\u043d\u0438\u0441\u0442\u044b\u043c \u0438 \u0431\u0435\u0437 \u0437\u0430\u043c\u0435\u0442\u043d\u044b\u0445 \u043f\u043e\u0432\u0440\u0435\u0436\u0434\u0435\u043d\u0438\u0439. \u0418\u0441\u043f\u043e\u043b\u044c\u0437\u043e\u0432\u0430\u043d\u0438\u0435 \u043d\u0435\u0430\u0442\u0442\u0435\u0441\u0442\u043e\u0432\u0430\u043d\u043d\u044b\u0445 \u0438\u043b\u0438 \u043f\u043e\u0432\u0440\u0435\u0436\u0434\u0435\u043d\u043d\u044b\u0445 \u043a\u0430\u043d\u0430\u0442\u043e\u0432 \u0437\u0430\u043f\u0440\u0435\u0449\u0435\u043d\u043e.<\/p>\n<h2 class=\"boldnagl\"><strong>\u0421\u0442\u0440\u043e\u043f\u044b<\/strong><\/h2>\n<p>\u041e\u0431\u044b\u0447\u043d\u043e \u0442\u0435\u0445\u043d\u0438\u0447\u0435\u0441\u043a\u0438 \u043d\u0435\u0432\u043e\u0437\u043c\u043e\u0436\u043d\u043e \u0437\u0430\u043a\u0440\u0435\u043f\u0438\u0442\u044c \u0433\u0440\u0443\u0437 \u043d\u0435\u043f\u043e\u0441\u0440\u0435\u0434\u0441\u0442\u0432\u0435\u043d\u043d\u043e \u043d\u0430 \u043a\u0440\u044e\u043a\u0435 \u043a\u0440\u0430\u043d\u0430. \u041f\u043e\u044d\u0442\u043e\u043c\u0443 \u0438\u0441\u043f\u043e\u043b\u044c\u0437\u0443\u044e\u0442\u0441\u044f \u0432\u0441\u043f\u043e\u043c\u043e\u0433\u0430\u0442\u0435\u043b\u044c\u043d\u044b\u0435 \u043f\u0440\u0438\u0441\u043f\u043e\u0441\u043e\u0431\u043b\u0435\u043d\u0438\u044f - \u0441\u0442\u0440\u043e\u043f\u044b \u044f\u0432\u043b\u044f\u044e\u0442\u0441\u044f \u043e\u0441\u043d\u043e\u0432\u043d\u044b\u043c \u043a\u043e\u043c\u043f\u043e\u043d\u0435\u043d\u0442\u043e\u043c, \u0438\u0441\u043f\u043e\u043b\u044c\u0437\u0443\u0435\u043c\u044b\u043c \u0434\u043b\u044f \u043a\u0440\u0435\u043f\u043b\u0435\u043d\u0438\u044f \u0433\u0440\u0443\u0437\u0430. \u041a\u0443\u0440\u0441 HDS \u0442\u0430\u043a\u0436\u0435 \u043e\u0445\u0432\u0430\u0442\u044b\u0432\u0430\u0435\u0442 \u0442\u0430\u043a\u0438\u0435 \u0432\u043e\u043f\u0440\u043e\u0441\u044b, \u043a\u0430\u043a \u0432\u044b\u0431\u043e\u0440 \u043f\u043e\u0434\u0445\u043e\u0434\u044f\u0449\u0438\u0445 \u0441\u0442\u0440\u043e\u043f. \u0421\u0442\u0440\u043e\u043f\u044b \u0431\u044b\u0432\u0430\u044e\u0442 \u0441\u0442\u0430\u043b\u044c\u043d\u044b\u043c\u0438, \u0444\u0438\u0431\u0440\u043e\u0432\u044b\u043c\u0438, \u0446\u0435\u043f\u043d\u044b\u043c\u0438 \u0438 \u043a\u0430\u043d\u0430\u0442\u043d\u044b\u043c\u0438. \u0420\u0430\u0437\u043b\u0438\u0447\u0430\u044e\u0442 \u043e\u0434\u043d\u043e\u043f\u0440\u044f\u0434\u043d\u044b\u0435, \u0434\u0432\u0443\u0445\u043f\u0440\u044f\u0434\u043d\u044b\u0435, \u0442\u0440\u0435\u0445\u043f\u0440\u044f\u0434\u043d\u044b\u0435, \u0447\u0435\u0442\u044b\u0440\u0435\u0445\u043f\u0440\u044f\u0434\u043d\u044b\u0435 \u0438\u043b\u0438 \u0437\u0430\u043c\u043a\u043d\u0443\u0442\u044b\u0435 \u0441\u0442\u0440\u043e\u043f\u044b. \u0421\u043f\u043e\u0441\u043e\u0431 \u043a\u0440\u0435\u043f\u043b\u0435\u043d\u0438\u044f \u0433\u0440\u0443\u0437\u0430 \u043a \u0441\u0442\u0440\u043e\u043f\u0430\u043c \u0437\u0430\u0432\u0438\u0441\u0438\u0442 \u043e\u0442 \u0432\u0435\u0441\u0430 \u0433\u0440\u0443\u0437\u0430, \u043f\u043e\u043b\u043e\u0436\u0435\u043d\u0438\u044f \u0435\u0433\u043e \u0446\u0435\u043d\u0442\u0440\u0430 \u0442\u044f\u0436\u0435\u0441\u0442\u0438, \u0430 \u0442\u0430\u043a\u0436\u0435 \u043e\u0442 \u0435\u0433\u043e \u0440\u0430\u0437\u043c\u0435\u0440\u043e\u0432, \u0444\u043e\u0440\u043c\u044b \u0438 \u043f\u043e\u043b\u043e\u0436\u0435\u043d\u0438\u044f. \u041e\u043f\u0435\u0440\u0430\u0442\u043e\u0440 \u0434\u043e\u043b\u0436\u0435\u043d \u0441\u043b\u0435\u0434\u0438\u0442\u044c \u0437\u0430 \u0442\u0435\u043c, \u0447\u0442\u043e\u0431\u044b \u0441\u0442\u0440\u043e\u043f\u044b \u043d\u0430\u0445\u043e\u0434\u0438\u043b\u0438\u0441\u044c \u0432 \u0445\u043e\u0440\u043e\u0448\u0435\u043c \u0441\u043e\u0441\u0442\u043e\u044f\u043d\u0438\u0438.<\/p>\n<h2 class=\"boldnagl\"><strong>\u041a\u0440\u044e\u0447\u043a\u0438<\/strong><\/h2>\n<p>\u041a\u0440\u044e\u043a\u0438 - \u044d\u0442\u043e \u0440\u0430\u0431\u043e\u0447\u0438\u0435 \u044d\u043b\u0435\u043c\u0435\u043d\u0442\u044b, \u0432\u0445\u043e\u0434\u044f\u0449\u0438\u0435 \u0432 \u043a\u043e\u043d\u0441\u0442\u0440\u0443\u043a\u0446\u0438\u044e \u043a\u0440\u0430\u043d\u0430-\u0434\u043e\u043a\u043b\u0435\u0432\u0435\u043b\u043b\u0435\u0440\u0430, \u043a\u043e\u0442\u043e\u0440\u044b\u0435 \u043f\u0440\u0435\u0434\u043d\u0430\u0437\u043d\u0430\u0447\u0435\u043d\u044b \u0434\u043b\u044f \u043f\u043e\u0434\u0432\u0435\u0448\u0438\u0432\u0430\u043d\u0438\u044f \u0433\u0440\u0443\u0437\u043e\u0432 \u043d\u0435\u043f\u043e\u0441\u0440\u0435\u0434\u0441\u0442\u0432\u0435\u043d\u043d\u043e \u043d\u0430 \u043d\u0438\u0445 \u0438\u043b\u0438 \u0434\u043b\u044f \u043a\u043e\u0441\u0432\u0435\u043d\u043d\u043e\u0433\u043e \u043a\u0440\u0435\u043f\u043b\u0435\u043d\u0438\u044f \u0433\u0440\u0443\u0437\u043e\u0432 \u0441 \u043f\u043e\u043c\u043e\u0449\u044c\u044e \u0441\u0442\u0440\u043e\u043f. \u041f\u0435\u0440\u0435\u0434 \u0438\u0441\u043f\u043e\u043b\u044c\u0437\u043e\u0432\u0430\u043d\u0438\u0435\u043c \u043a\u0440\u044e\u043a\u0438 \u0434\u043e\u043b\u0436\u043d\u044b \u0431\u044b\u0442\u044c \u043f\u0440\u043e\u0432\u0435\u0440\u0435\u043d\u044b \u043e\u043f\u0435\u0440\u0430\u0442\u043e\u0440\u043e\u043c.<\/p>\n<\/div>","protected":false},"excerpt":{"rendered":"<p>Ka\u017cdy kurs HDS obejmuje informacje na temat stosowanych w HDS-ach zawiesi, lin oraz hak\u00f3w. To niezb\u0119dna wiedza do opanowania, poniewa\u017c pytaj\u0105 o ni\u0105 instruktorzy UTD podczas egzaminu na uprawnienia HDS. Zainteresowanych uzyskaniem uprawnienia HDS zapraszamy do skorzystania z us\u0142ug naszego O\u015brodka!W urz\u0105dzeniach HDS w celu manipulacji \u0142adunkami wykorzystuje si\u0119 r\u00f3\u017cnego rodzaju zawiesia, liny i haki. [&hellip;]<\/p>\n","protected":false},"author":3,"featured_media":0,"parent":1116,"menu_order":0,"comment_status":"closed","ping_status":"closed","template":"","meta":{"footnotes":""},"class_list":["post-1124","page","type-page","status-publish","hentry"],"aioseo_notices":[],"_links":{"self":[{"href":"https:\/\/szkolenia-udt.pl\/ru\/wp-json\/wp\/v2\/pages\/1124","targetHints":{"allow":["GET"]}}],"collection":[{"href":"https:\/\/szkolenia-udt.pl\/ru\/wp-json\/wp\/v2\/pages"}],"about":[{"href":"https:\/\/szkolenia-udt.pl\/ru\/wp-json\/wp\/v2\/types\/page"}],"author":[{"embeddable":true,"href":"https:\/\/szkolenia-udt.pl\/ru\/wp-json\/wp\/v2\/users\/3"}],"replies":[{"embeddable":true,"href":"https:\/\/szkolenia-udt.pl\/ru\/wp-json\/wp\/v2\/comments?post=1124"}],"version-history":[{"count":4,"href":"https:\/\/szkolenia-udt.pl\/ru\/wp-json\/wp\/v2\/pages\/1124\/revisions"}],"predecessor-version":[{"id":2239,"href":"https:\/\/szkolenia-udt.pl\/ru\/wp-json\/wp\/v2\/pages\/1124\/revisions\/2239"}],"up":[{"embeddable":true,"href":"https:\/\/szkolenia-udt.pl\/ru\/wp-json\/wp\/v2\/pages\/1116"}],"wp:attachment":[{"href":"https:\/\/szkolenia-udt.pl\/ru\/wp-json\/wp\/v2\/media?parent=1124"}],"curies":[{"name":"wp","href":"https:\/\/api.w.org\/{rel}","templated":true}]}}