{"id":1148,"date":"2014-11-12T19:22:01","date_gmt":"2014-11-12T19:22:01","guid":{"rendered":"http:\/\/szkolenia-udt.pl\/?page_id=1148"},"modified":"2021-06-27T22:04:15","modified_gmt":"2021-06-27T22:04:15","slug":"%d0%be%d0%b1%d1%83%d1%87%d0%b5%d0%bd%d0%b8%d0%b5-%d0%b0%d1%83%d0%b4%d0%b8%d1%82-%d1%83%d0%b4%d1%82","status":"publish","type":"page","link":"https:\/\/szkolenia-udt.pl\/ru\/kursy\/szkolenie-audytorskie-udt\/","title":{"rendered":"\u041e\u0431\u0443\u0447\u0435\u043d\u0438\u0435 \u0430\u0443\u0434\u0438\u0442\u0443 UDT"},"content":{"rendered":"<div style=\"float: left; padding-right: 10px;\"><div id=\"metaslider-id-373\" style=\"max-width: 300px;\" class=\"ml-slider-3-107-0 metaslider metaslider-flex metaslider-373 ml-slider ms-theme-default nav-hidden\" role=\"region\" aria-label=\"\u041e \u043a\u043e\u043c\u043f\u0430\u043d\u0438\u0438 2\" data-height=\"225\" data-width=\"300\">\n    <div id=\"metaslider_container_373\">\n        <div id=\"metaslider_373\">\n            <ul class='slides'>\n                <li style=\"display: block; width: 100%;\" class=\"slide-1109 ms-image\" aria-roledescription=\"slide\" data-date=\"2014-11-12 13:56:05\" data-filename=\"bizness3a.jpg\" data-slide-type=\"image\"><img loading=\"lazy\" decoding=\"async\" src=\"https:\/\/szkolenia-udt.pl\/wp-content\/uploads\/2014\/11\/bizness3a.jpg\" height=\"225\" width=\"300\" alt=\"\u043e\u0431\u0443\u0447\u0435\u043d\u0438\u0435\" class=\"slider-373 slide-1109 msDefaultImage\" \/><\/li>\n                <li style=\"display: none; width: 100%;\" class=\"slide-1106 ms-image\" aria-roledescription=\"slide\" data-date=\"2014-11-12 13:56:03\" data-filename=\"biznes5a.jpg\" data-slide-type=\"image\"><img loading=\"lazy\" decoding=\"async\" src=\"https:\/\/szkolenia-udt.pl\/wp-content\/uploads\/2014\/11\/biznes5a.jpg\" height=\"225\" width=\"300\" alt=\"\u043e\u0440\u0433\u0430\u043d \u0442\u0435\u0445\u043d\u0438\u0447\u0435\u0441\u043a\u043e\u0433\u043e \u043a\u043e\u043d\u0442\u0440\u043e\u043b\u044f\" class=\"slider-373 slide-1106 msDefaultImage\" \/><\/li>\n                <li style=\"display: none; width: 100%;\" class=\"slide-1110 ms-image\" aria-roledescription=\"slide\" data-date=\"2014-11-12 14:04:12\" data-filename=\"meeting-2a.jpg\" data-slide-type=\"image\"><img loading=\"lazy\" decoding=\"async\" src=\"https:\/\/szkolenia-udt.pl\/wp-content\/uploads\/2014\/11\/meeting-2a.jpg\" height=\"225\" width=\"300\" alt=\"\u043a\u0443\u0440\u0441\u044b \u0443\u0434\u0442\" class=\"slider-373 slide-1110 msDefaultImage\" \/><\/li>\n                <li style=\"display: none; width: 100%;\" class=\"slide-1199 ms-image\" aria-roledescription=\"slide\" data-date=\"2014-11-17 21:17:06\" data-filename=\"firma-5a.jpg\" data-slide-type=\"image\"><img loading=\"lazy\" decoding=\"async\" src=\"https:\/\/szkolenia-udt.pl\/wp-content\/uploads\/2014\/11\/firma-5a.jpg\" height=\"225\" width=\"300\" alt=\"\u0430\u0432\u0442\u043e\u043f\u043e\u0433\u0440\u0443\u0437\u0447\u0438\u043a\u0438 warsaw\" class=\"slider-373 slide-1199 msDefaultImage\" \/><\/li>\n                <li style=\"display: none; width: 100%;\" class=\"slide-1196 ms-image\" aria-roledescription=\"slide\" data-date=\"2014-11-17 21:17:04\" data-filename=\"Firma-2a.jpg\" data-slide-type=\"image\"><img loading=\"lazy\" decoding=\"async\" src=\"https:\/\/szkolenia-udt.pl\/wp-content\/uploads\/2014\/11\/Firma-2a.jpg\" height=\"225\" width=\"300\" alt=\"\" class=\"slider-373 slide-1196 msDefaultImage\" \/><\/li>\n            <\/ul>\n        <\/div>\n        \n    <\/div>\n<\/div><\/div>\n<div class=\"wyjustuj\">\n<p>\u041c\u044b \u0445\u043e\u0442\u0435\u043b\u0438 \u0431\u044b \u043f\u0440\u0438\u0433\u043b\u0430\u0441\u0438\u0442\u044c \u0432\u0430\u0441 \u043d\u0430 \u0430\u0443\u0434\u0438\u0442\u043e\u0440\u0441\u043a\u0438\u0435 \u043a\u0443\u0440\u0441\u044b UDT, \u043f\u0440\u0435\u0434\u043d\u0430\u0437\u043d\u0430\u0447\u0435\u043d\u043d\u044b\u0435 \u0434\u043b\u044f \u043b\u044e\u0434\u0435\u0439, \u0437\u0430\u043d\u0438\u043c\u0430\u044e\u0449\u0438\u0445\u0441\u044f \u043d\u0430\u0434\u0437\u043e\u0440\u043e\u043c \u0437\u0430 \u0442\u0435\u0445\u043d\u0438\u0447\u0435\u0441\u043a\u0438\u043c \u043e\u0431\u043e\u0440\u0443\u0434\u043e\u0432\u0430\u043d\u0438\u0435\u043c, \u043f\u043e\u0434\u043b\u0435\u0436\u0430\u0449\u0438\u043c \u0442\u0435\u0445\u043d\u0438\u0447\u0435\u0441\u043a\u043e\u043c\u0443 \u043d\u0430\u0434\u0437\u043e\u0440\u0443 - \u0432\u0441\u0435\u0445 \u0441\u043f\u0435\u0446\u0438\u0430\u043b\u0438\u0441\u0442\u043e\u0432 \u043f\u043e \u043a\u043e\u043d\u0442\u0440\u043e\u043b\u044e, \u0442\u0435\u0445\u043d\u0438\u0447\u0435\u0441\u043a\u043e\u043c\u0443 \u043e\u0431\u0441\u043b\u0443\u0436\u0438\u0432\u0430\u043d\u0438\u044e \u0438 \u0431\u0435\u0437\u043e\u043f\u0430\u0441\u043d\u043e\u0441\u0442\u0438 \u0438 \u0434\u0440\u0443\u0433\u0438\u0445 \u0442\u0435\u0445\u043d\u0438\u0447\u0435\u0441\u043a\u0438\u0445 \u043f\u043e\u0434\u0440\u0430\u0437\u0434\u0435\u043b\u0435\u043d\u0438\u0439. \u0412\u044b\u0431\u0440\u0430\u0432 \u043d\u0430\u0448\u0435 \u043f\u0440\u0435\u0434\u043b\u043e\u0436\u0435\u043d\u0438\u0435, \u0432\u044b \u043c\u043e\u0436\u0435\u0442\u0435 \u0431\u044b\u0442\u044c \u0443\u0432\u0435\u0440\u0435\u043d\u044b, \u0447\u0442\u043e \u0437\u0430\u043d\u044f\u0442\u0438\u044f \u0431\u0443\u0434\u0443\u0442 \u043f\u0440\u043e\u0432\u043e\u0434\u0438\u0442\u044c \u0438\u043d\u0441\u0442\u0440\u0443\u043a\u0442\u043e\u0440\u044b \u0441 \u043c\u043d\u043e\u0433\u043e\u043b\u0435\u0442\u043d\u0438\u043c \u043e\u043f\u044b\u0442\u043e\u043c \u0440\u0430\u0431\u043e\u0442\u044b \u043f\u043e \u0441\u043f\u0435\u0446\u0438\u0430\u043b\u044c\u043d\u043e\u0441\u0442\u0438 \u0438 \u043e\u0445\u0432\u0430\u0442\u044f\u0442 \u043f\u043e\u043b\u043d\u044b\u0439 \u043e\u0431\u044a\u0435\u043c \u0437\u043d\u0430\u043d\u0438\u0439, \u043d\u0435\u043e\u0431\u0445\u043e\u0434\u0438\u043c\u044b\u0445 \u0434\u043b\u044f \u0440\u0430\u0431\u043e\u0442\u044b \u043d\u0430 \u0434\u0430\u043d\u043d\u043e\u0439 \u0434\u043e\u043b\u0436\u043d\u043e\u0441\u0442\u0438.<\/p>\n<h2 class=\"boldnagl\"><strong>\u0426\u0435\u043b\u044c \u043e\u0431\u0443\u0447\u0435\u043d\u0438\u044f<\/strong><\/h2>\n<p>\u0426\u0435\u043b\u044c \u043e\u0431\u0443\u0447\u0435\u043d\u0438\u044f - \u043e\u0431\u043d\u043e\u0432\u043b\u0435\u043d\u0438\u0435 \u0437\u043d\u0430\u043d\u0438\u0439 \u0438 \u043d\u0430\u0432\u044b\u043a\u043e\u0432 \u043f\u043e \u0434\u0435\u0439\u0441\u0442\u0432\u0443\u044e\u0449\u0438\u043c \u043d\u0430\u0446\u0438\u043e\u043d\u0430\u043b\u044c\u043d\u044b\u043c \u043f\u0440\u0430\u0432\u0438\u043b\u0430\u043c \u0442\u0435\u0445\u043d\u0438\u0447\u0435\u0441\u043a\u043e\u0433\u043e \u043d\u0430\u0434\u0437\u043e\u0440\u0430, \u0434\u0438\u0440\u0435\u043a\u0442\u0438\u0432\u0430\u043c \u0438 \u0441\u0442\u0430\u043d\u0434\u0430\u0440\u0442\u0430\u043c \u043e\u0431\u043e\u0440\u0443\u0434\u043e\u0432\u0430\u043d\u0438\u044f \u0432 \u0441\u043e\u043e\u0442\u0432\u0435\u0442\u0441\u0442\u0432\u0438\u0438 \u0441 \u043f\u043e\u0441\u043b\u0435\u0434\u043d\u0438\u043c\u0438 \u0438\u0437\u043c\u0435\u043d\u0435\u043d\u0438\u044f\u043c\u0438.<\/p>\n<h2 class=\"boldnagl\"><strong>\u0414\u043b\u044f \u043a\u043e\u0433\u043e?<\/strong><\/h2>\n<p>\u041e\u0431\u0443\u0447\u0435\u043d\u0438\u0435 \u043f\u0440\u0435\u0434\u043d\u0430\u0437\u043d\u0430\u0447\u0435\u043d\u043e \u0434\u043b\u044f \u043b\u0438\u0446, \u0437\u0430\u043d\u0438\u043c\u0430\u044e\u0449\u0438\u0445 \u0434\u043e\u043b\u0436\u043d\u043e\u0441\u0442\u0438, \u043d\u0435\u0441\u0443\u0449\u0438\u0445 \u043e\u0442\u0432\u0435\u0442\u0441\u0442\u0432\u0435\u043d\u043d\u043e\u0441\u0442\u044c \u0437\u0430 \u0442\u0435\u0445\u043d\u0438\u0447\u0435\u0441\u043a\u043e\u0435 \u043e\u0431\u043e\u0440\u0443\u0434\u043e\u0432\u0430\u043d\u0438\u0435, \u0438\u0441\u043f\u043e\u043b\u044c\u0437\u0443\u0435\u043c\u043e\u0435 \u0432 \u0440\u0430\u0431\u043e\u0447\u0438\u0445, \u0441\u0435\u0440\u0432\u0438\u0441\u043d\u044b\u0445 \u0438 \u043f\u0440\u043e\u0438\u0437\u0432\u043e\u0434\u0441\u0442\u0432\u0435\u043d\u043d\u044b\u0445 \u043f\u0440\u043e\u0446\u0435\u0441\u0441\u0430\u0445, \u043f\u0435\u0440\u0435\u0440\u0430\u0431\u043e\u0442\u043a\u0435 \u0438 \u0445\u0440\u0430\u043d\u0435\u043d\u0438\u0438, \u0432\u043a\u043b\u044e\u0447\u0430\u044f \u043f\u0435\u0440\u0441\u043e\u043d\u0430\u043b \u043f\u043e \u043a\u043e\u043d\u0442\u0440\u043e\u043b\u044e \u0438 \u043e\u0431\u0441\u043b\u0443\u0436\u0438\u0432\u0430\u043d\u0438\u044e, \u0430 \u0442\u0430\u043a\u0436\u0435 \u0441\u043f\u0435\u0446\u0438\u0430\u043b\u0438\u0441\u0442\u043e\u0432 \u043f\u043e \u0442\u0435\u0445\u043d\u0438\u0447\u0435\u0441\u043a\u043e\u043c\u0443 \u043e\u0431\u0435\u0441\u043f\u0435\u0447\u0435\u043d\u0438\u044e \u0438 \u0431\u0435\u0437\u043e\u043f\u0430\u0441\u043d\u043e\u0441\u0442\u0438.<\/p>\n<h2 class=\"boldnagl\"><strong>\u041f\u0440\u043e\u0433\u0440\u0430\u043c\u043c\u0430 \u043e\u0431\u0443\u0447\u0435\u043d\u0438\u044f<\/strong><\/h2>\n<p>\u0420\u0430\u0437\u0440\u0430\u0431\u043e\u0442\u0430\u043d\u043d\u0430\u044f \u043d\u0430\u043c\u0438 \u043f\u0440\u043e\u0433\u0440\u0430\u043c\u043c\u0430 \u043e\u0431\u0443\u0447\u0435\u043d\u0438\u044f \u0432\u043a\u043b\u044e\u0447\u0430\u0435\u0442 \u0432 \u0441\u0435\u0431\u044f \u0432\u0441\u0435 \u043a\u043b\u044e\u0447\u0435\u0432\u044b\u0435 \u044d\u043b\u0435\u043c\u0435\u043d\u0442\u044b, \u043d\u0435\u043e\u0431\u0445\u043e\u0434\u0438\u043c\u044b\u0435 \u0434\u043b\u044f \u043e\u0431\u043d\u043e\u0432\u043b\u0435\u043d\u0438\u044f \u0432\u0430\u0448\u0438\u0445 \u0437\u043d\u0430\u043d\u0438\u0439 \u043f\u043e \u043e\u0431\u0441\u043b\u0443\u0436\u0438\u0432\u0430\u043d\u0438\u044e \u043e\u0431\u043e\u0440\u0443\u0434\u043e\u0432\u0430\u043d\u0438\u044f, \u043f\u043e\u0434\u043b\u0435\u0436\u0430\u0449\u0435\u0433\u043e UDT. \u041c\u044b \u043f\u043e\u043a\u0430\u0436\u0435\u043c \u0432\u0430\u043c, \u043a\u0430\u043a \u044d\u0444\u0444\u0435\u043a\u0442\u0438\u0432\u043d\u043e \u0438\u0441\u043f\u043e\u043b\u044c\u0437\u043e\u0432\u0430\u0442\u044c \u0438\u043d\u0444\u043e\u0440\u043c\u0430\u0446\u0438\u044e \u0432 \u0432\u0430\u0448\u0435\u0439 \u043f\u043e\u0432\u0441\u0435\u0434\u043d\u0435\u0432\u043d\u043e\u0439 \u0440\u0430\u0431\u043e\u0442\u0435.<\/p>\n<p>\u0420\u0430\u043c\u043a\u0438 \u043e\u0431\u0443\u0447\u0435\u043d\u0438\u044f:<\/p>\n<ul>\n<li>\u0442\u0435\u043a\u0443\u0449\u0435\u0435 \u0441\u043e\u0441\u0442\u043e\u044f\u043d\u0438\u0435 \u0437\u0430\u043a\u043e\u043d\u043e\u0434\u0430\u0442\u0435\u043b\u044c\u0441\u0442\u0432\u0430 (\u0441\u0442\u0430\u043d\u0434\u0430\u0440\u0442\u044b, \u0434\u0438\u0440\u0435\u043a\u0442\u0438\u0432\u044b \u0438 \u043e\u0442\u0440\u0430\u0441\u043b\u0435\u0432\u044b\u0435 \u043d\u043e\u0440\u043c\u0430\u0442\u0438\u0432\u043d\u044b\u0435 \u0430\u043a\u0442\u044b)<\/li>\n<li>\u0442\u043e\u043b\u043a\u043e\u0432\u0430\u043d\u0438\u0435 \u043f\u0440\u0430\u0432\u0438\u043b<\/li>\n<li>\u043f\u0440\u043e\u0446\u0435\u0434\u0443\u0440\u044b, \u0438\u0441\u043f\u043e\u043b\u044c\u0437\u0443\u0435\u043c\u044b\u0435 \u043d\u0430 \u0440\u0430\u0431\u043e\u0447\u0435\u043c \u043c\u0435\u0441\u0442\u0435<\/li>\n<li>\u043e\u0440\u0433\u0430\u043d\u0438\u0437\u0430\u0446\u0438\u043e\u043d\u043d\u044b\u0435 \u0438 \u0442\u0435\u0445\u043d\u0438\u0447\u0435\u0441\u043a\u0438\u0435 \u043c\u0435\u0440\u044b \u043f\u043e \u043c\u0438\u043d\u0438\u043c\u0438\u0437\u0430\u0446\u0438\u0438 \u0440\u0438\u0441\u043a\u043e\u0432<\/li>\n<li>\u043c\u0435\u0442\u043e\u0434\u043e\u043b\u043e\u0433\u0438\u044f \u043e\u0446\u0435\u043d\u043a\u0438 \u0440\u0438\u0441\u043a\u0430 \u043e\u043f\u0430\u0441\u043d\u043e\u0439 \u0442\u0440\u0430\u0432\u043c\u044b \u0438\u043b\u0438 \u043d\u0435\u0441\u0447\u0430\u0441\u0442\u043d\u043e\u0433\u043e \u0441\u043b\u0443\u0447\u0430\u044f<\/li>\n<li>\u043f\u043e\u0434\u0434\u0435\u0440\u0436\u0430\u043d\u0438\u0435 \u0431\u0435\u0441\u043f\u0435\u0440\u0435\u0431\u043e\u0439\u043d\u043e\u0439 \u0440\u0430\u0431\u043e\u0442\u044b \u0438 \u043d\u0430\u0434\u0435\u0436\u043d\u043e\u0441\u0442\u0438 \u0442\u0435\u0445\u043d\u0438\u0447\u0435\u0441\u043a\u043e\u0433\u043e \u043e\u0431\u043e\u0440\u0443\u0434\u043e\u0432\u0430\u043d\u0438\u044f<\/li>\n<li>\u0430\u043d\u0430\u043b\u0438\u0437 \u0430\u0432\u0430\u0440\u0438\u0439 \u0438 \u0438\u043d\u0446\u0438\u0434\u0435\u043d\u0442\u043e\u0432<\/li>\n<li>\u043f\u0440\u0430\u043a\u0442\u0438\u0447\u0435\u0441\u043a\u0438\u0435 \u0437\u0430\u043d\u044f\u0442\u0438\u044f \u0432 \u0444\u043e\u0440\u043c\u0435 \u0441\u0435\u043c\u0438\u043d\u0430\u0440\u043e\u0432<\/li>\n<li>\u043f\u0430\u043d\u0435\u043b\u044c\u043d\u0430\u044f \u0434\u0438\u0441\u043a\u0443\u0441\u0441\u0438\u044f \u0441 \u044d\u043a\u0441\u043f\u0435\u0440\u0442\u0430\u043c\u0438<\/li>\n<\/ul>\n<p>\u0423\u0447\u0435\u0431\u043d\u044b\u0435 \u043a\u0443\u0440\u0441\u044b \u043f\u0440\u043e\u0432\u043e\u0434\u044f\u0442\u0441\u044f \u043f\u043e \u043c\u043e\u0434\u0443\u043b\u044c\u043d\u043e\u043c\u0443 \u043f\u0440\u0438\u043d\u0446\u0438\u043f\u0443, \u043f\u043e\u044d\u0442\u043e\u043c\u0443 \u043f\u0440\u043e\u0433\u0440\u0430\u043c\u043c\u0430 \u043c\u043e\u0436\u0435\u0442 \u0431\u044b\u0442\u044c \u0438\u043d\u0434\u0438\u0432\u0438\u0434\u0443\u0430\u043b\u044c\u043d\u043e \u0430\u0434\u0430\u043f\u0442\u0438\u0440\u043e\u0432\u0430\u043d\u0430 \u043a \u043f\u043e\u0442\u0440\u0435\u0431\u043d\u043e\u0441\u0442\u044f\u043c \u043a\u043b\u0438\u0435\u043d\u0442\u0430. \u041d\u0430 \u0441\u0435\u043c\u0438\u043d\u0430\u0440\u0430\u0445 \u0435\u0441\u0442\u044c \u0432\u043e\u0437\u043c\u043e\u0436\u043d\u043e\u0441\u0442\u044c \u0440\u0435\u0448\u0430\u0442\u044c \u043f\u0440\u043e\u0431\u043b\u0435\u043c\u044b, \u0441\u0432\u044f\u0437\u0430\u043d\u043d\u044b\u0435 \u0441 \u0440\u0430\u0431\u043e\u0447\u0438\u043c\u0438 \u043c\u0435\u0441\u0442\u0430\u043c\u0438 \u043a\u043b\u0438\u0435\u043d\u0442\u043e\u0432, \u0438 \u0441\u043e\u0437\u0434\u0430\u0432\u0430\u0442\u044c \u0441\u0445\u0435\u043c\u044b \u043f\u0440\u043e\u0446\u0435\u0434\u0443\u0440 \u0438 \u043a\u043e\u043d\u0442\u0440\u043e\u043b\u044c\u043d\u044b\u0435 \u0441\u043f\u0438\u0441\u043a\u0438.<\/p>\n<h2 class=\"boldnagl\"><strong>\u0421\u0442\u043e\u0438\u043c\u043e\u0441\u0442\u044c \u043e\u0431\u0443\u0447\u0435\u043d\u0438\u044f<\/strong><\/h2>\n<p>\u0421\u0442\u043e\u0438\u043c\u043e\u0441\u0442\u044c \u043e\u0431\u0443\u0447\u0435\u043d\u0438\u044f \u0443\u0441\u0442\u0430\u043d\u0430\u0432\u043b\u0438\u0432\u0430\u0435\u0442\u0441\u044f \u0438\u043d\u0434\u0438\u0432\u0438\u0434\u0443\u0430\u043b\u044c\u043d\u043e - \u043f\u043e\u0436\u0430\u043b\u0443\u0439\u0441\u0442\u0430, \u0441\u0432\u044f\u0436\u0438\u0442\u0435\u0441\u044c \u0441 \u043d\u0430\u043c\u0438 \u0434\u043b\u044f \u043f\u043e\u043b\u0443\u0447\u0435\u043d\u0438\u044f \u0438\u043d\u0434\u0438\u0432\u0438\u0434\u0443\u0430\u043b\u044c\u043d\u043e\u0433\u043e \u043f\u0440\u0435\u0434\u043b\u043e\u0436\u0435\u043d\u0438\u044f. \u0423\u0447\u0435\u0431\u043d\u044b\u0435 \u043a\u0443\u0440\u0441\u044b \u043e\u0440\u0433\u0430\u043d\u0438\u0437\u0443\u044e\u0442\u0441\u044f \u0432 \u043c\u0435\u0441\u0442\u0435, \u0441\u043e\u0433\u043b\u0430\u0441\u043e\u0432\u0430\u043d\u043d\u043e\u043c \u0441 \u0437\u0430\u043a\u0430\u0437\u0447\u0438\u043a\u043e\u043c.<\/p>\n<h2 class=\"boldnagl\"><strong>\u041e \u043d\u0430\u0441<\/strong><\/h2>\n<p>\u041c\u044b \u044f\u0432\u043b\u044f\u0435\u043c\u0441\u044f \u0442\u0440\u0435\u043d\u0438\u043d\u0433\u043e\u0432\u043e\u0439 \u043a\u043e\u043c\u043f\u0430\u043d\u0438\u0435\u0439 \u0441 \u043c\u043d\u043e\u0433\u043e\u043b\u0435\u0442\u043d\u0438\u043c \u043e\u043f\u044b\u0442\u043e\u043c \u0440\u0430\u0431\u043e\u0442\u044b \u0432 \u0441\u0432\u043e\u0435\u0439 \u043e\u0431\u043b\u0430\u0441\u0442\u0438. \u041c\u044b \u0443\u0436\u0435 \u043e\u0431\u0443\u0447\u0438\u043b\u0438 \u0442\u044b\u0441\u044f\u0447\u0438 \u043b\u044e\u0434\u0435\u0439 \u0438 \u043f\u043e\u043b\u044c\u0437\u0443\u0435\u043c\u0441\u044f \u0432\u044b\u0441\u043e\u043a\u0438\u043c \u0443\u0440\u043e\u0432\u043d\u0435\u043c \u0434\u043e\u0432\u0435\u0440\u0438\u044f \u0441\u0440\u0435\u0434\u0438 \u043d\u0430\u0448\u0438\u0445 \u043a\u043b\u0438\u0435\u043d\u0442\u043e\u0432. \u041c\u044b \u0441\u0442\u0440\u0435\u043c\u0438\u043c\u0441\u044f \u043f\u0440\u0435\u0434\u043b\u043e\u0436\u0438\u0442\u044c \u0441\u0430\u043c\u044b\u0439 \u0432\u044b\u0441\u043e\u043a\u0438\u0439 \u0443\u0440\u043e\u0432\u0435\u043d\u044c \u043e\u0431\u0441\u043b\u0443\u0436\u0438\u0432\u0430\u043d\u0438\u044f, \u043f\u043e\u044d\u0442\u043e\u043c\u0443 \u043d\u0430\u0434\u0435\u0435\u043c\u0441\u044f, \u0447\u0442\u043e \u043e\u043d \u0442\u0430\u043a\u0436\u0435 \u0441\u043e\u043e\u0442\u0432\u0435\u0442\u0441\u0442\u0432\u0443\u0435\u0442 \u0432\u0430\u0448\u0438\u043c \u043e\u0436\u0438\u0434\u0430\u043d\u0438\u044f\u043c.<\/p>\n<p>\u0415\u0441\u043b\u0438 \u0443 \u0432\u0430\u0441 \u0435\u0441\u0442\u044c \u0432\u043e\u043f\u0440\u043e\u0441\u044b \u043f\u043e \u043f\u043e\u0432\u043e\u0434\u0443 \u043d\u0430\u0448\u0435\u0433\u043e \u043f\u0440\u0435\u0434\u043b\u043e\u0436\u0435\u043d\u0438\u044f, <a href=\"https:\/\/szkolenia-udt.pl\/ru\/kontakt\/\">\u043f\u043e\u0436\u0430\u043b\u0443\u0439\u0441\u0442\u0430, \u043d\u0435 \u0441\u0442\u0435\u0441\u043d\u044f\u0439\u0442\u0435\u0441\u044c \u043e\u0431\u0440\u0430\u0449\u0430\u0442\u044c\u0441\u044f \u043a \u043d\u0430\u043c<\/a> - \u043c\u044b \u043f\u0440\u043e\u044f\u0441\u043d\u0438\u043c \u0432\u0441\u0435 \u0432\u0430\u0448\u0438 \u0441\u043e\u043c\u043d\u0435\u043d\u0438\u044f.<\/p>\n<p>\u041c\u044b \u043f\u0440\u0438\u0433\u043b\u0430\u0448\u0430\u0435\u043c \u0432\u0430\u0441 \u0432\u043e\u0441\u043f\u043e\u043b\u044c\u0437\u043e\u0432\u0430\u0442\u044c\u0441\u044f <a href=\"https:\/\/szkolenia-udt.pl\/ru\/oferta\/\">\u043d\u0430\u0448\u0438 \u0443\u0441\u043b\u0443\u0433\u0438<\/a>!<\/p>\n<\/div>","protected":false},"excerpt":{"rendered":"<p>Zapraszamy na szkolenia audytorskie UDT przeznaczone dla os\u00f3b zajmuj\u0105cych si\u0119 nadzorem urz\u0105dze\u0144 technicznych, kt\u00f3re podlegaj\u0105 pod doz\u00f3r techniczny \u2013 wszystkich pracownik\u00f3w kontroli, utrzymania ruchu oraz specjalist\u00f3w bezpiecze\u0144stwa i innych kom\u00f3rek technicznych. Wybieraj\u0105c nasz\u0105 ofert\u0119, maj\u0105 Pa\u0144stwo pewno\u015b\u0107, \u017ce zaj\u0119cia b\u0119d\u0105 prowadzone przez instruktor\u00f3w z wieloletnim do\u015bwiadczeniem w swoim zawodzie i b\u0119d\u0105 obejmowa\u0142y kompletn\u0105 wiedz\u0119 potrzebn\u0105 [&hellip;]<\/p>\n","protected":false},"author":3,"featured_media":0,"parent":22,"menu_order":30,"comment_status":"closed","ping_status":"closed","template":"","meta":{"footnotes":""},"class_list":["post-1148","page","type-page","status-publish","hentry"],"aioseo_notices":[],"_links":{"self":[{"href":"https:\/\/szkolenia-udt.pl\/ru\/wp-json\/wp\/v2\/pages\/1148","targetHints":{"allow":["GET"]}}],"collection":[{"href":"https:\/\/szkolenia-udt.pl\/ru\/wp-json\/wp\/v2\/pages"}],"about":[{"href":"https:\/\/szkolenia-udt.pl\/ru\/wp-json\/wp\/v2\/types\/page"}],"author":[{"embeddable":true,"href":"https:\/\/szkolenia-udt.pl\/ru\/wp-json\/wp\/v2\/users\/3"}],"replies":[{"embeddable":true,"href":"https:\/\/szkolenia-udt.pl\/ru\/wp-json\/wp\/v2\/comments?post=1148"}],"version-history":[{"count":11,"href":"https:\/\/szkolenia-udt.pl\/ru\/wp-json\/wp\/v2\/pages\/1148\/revisions"}],"predecessor-version":[{"id":2224,"href":"https:\/\/szkolenia-udt.pl\/ru\/wp-json\/wp\/v2\/pages\/1148\/revisions\/2224"}],"up":[{"embeddable":true,"href":"https:\/\/szkolenia-udt.pl\/ru\/wp-json\/wp\/v2\/pages\/22"}],"wp:attachment":[{"href":"https:\/\/szkolenia-udt.pl\/ru\/wp-json\/wp\/v2\/media?parent=1148"}],"curies":[{"name":"wp","href":"https:\/\/api.w.org\/{rel}","templated":true}]}}