{"id":1558,"date":"2016-07-04T19:26:40","date_gmt":"2016-07-04T19:26:40","guid":{"rendered":"http:\/\/szkolenia-udt.pl\/?page_id=1558"},"modified":"2023-12-11T00:53:55","modified_gmt":"2023-12-10T23:53:55","slug":"%d0%be-%d0%ba%d0%be%d0%bc%d0%bf%d0%b0%d0%bd%d0%b8%d0%b8","status":"publish","type":"page","link":"https:\/\/szkolenia-udt.pl\/ru\/o-firmie\/","title":{"rendered":"\u041e \u043d\u0430\u0441"},"content":{"rendered":"<div style=\"float: left; padding-right: 10px;\"><div id=\"metaslider-id-373\" style=\"max-width: 300px;\" class=\"ml-slider-3-107-0 metaslider metaslider-flex metaslider-373 ml-slider ms-theme-default nav-hidden\" role=\"region\" aria-label=\"\u041e \u043a\u043e\u043c\u043f\u0430\u043d\u0438\u0438 2\" data-height=\"225\" data-width=\"300\">\n    <div id=\"metaslider_container_373\">\n        <div id=\"metaslider_373\">\n            <ul class='slides'>\n                <li style=\"display: block; width: 100%;\" class=\"slide-1109 ms-image\" aria-roledescription=\"slide\" data-date=\"2014-11-12 13:56:05\" data-filename=\"bizness3a.jpg\" data-slide-type=\"image\"><img loading=\"lazy\" decoding=\"async\" src=\"https:\/\/szkolenia-udt.pl\/wp-content\/uploads\/2014\/11\/bizness3a.jpg\" height=\"225\" width=\"300\" alt=\"\u043e\u0431\u0443\u0447\u0435\u043d\u0438\u0435\" class=\"slider-373 slide-1109 msDefaultImage\" \/><\/li>\n                <li style=\"display: none; width: 100%;\" class=\"slide-1106 ms-image\" aria-roledescription=\"slide\" data-date=\"2014-11-12 13:56:03\" data-filename=\"biznes5a.jpg\" data-slide-type=\"image\"><img loading=\"lazy\" decoding=\"async\" src=\"https:\/\/szkolenia-udt.pl\/wp-content\/uploads\/2014\/11\/biznes5a.jpg\" height=\"225\" width=\"300\" alt=\"\u043e\u0440\u0433\u0430\u043d \u0442\u0435\u0445\u043d\u0438\u0447\u0435\u0441\u043a\u043e\u0433\u043e \u043a\u043e\u043d\u0442\u0440\u043e\u043b\u044f\" class=\"slider-373 slide-1106 msDefaultImage\" \/><\/li>\n                <li style=\"display: none; width: 100%;\" class=\"slide-1110 ms-image\" aria-roledescription=\"slide\" data-date=\"2014-11-12 14:04:12\" data-filename=\"meeting-2a.jpg\" data-slide-type=\"image\"><img loading=\"lazy\" decoding=\"async\" src=\"https:\/\/szkolenia-udt.pl\/wp-content\/uploads\/2014\/11\/meeting-2a.jpg\" height=\"225\" width=\"300\" alt=\"\u043a\u0443\u0440\u0441\u044b \u0443\u0434\u0442\" class=\"slider-373 slide-1110 msDefaultImage\" \/><\/li>\n                <li style=\"display: none; width: 100%;\" class=\"slide-1199 ms-image\" aria-roledescription=\"slide\" data-date=\"2014-11-17 21:17:06\" data-filename=\"firma-5a.jpg\" data-slide-type=\"image\"><img loading=\"lazy\" decoding=\"async\" src=\"https:\/\/szkolenia-udt.pl\/wp-content\/uploads\/2014\/11\/firma-5a.jpg\" height=\"225\" width=\"300\" alt=\"\u0430\u0432\u0442\u043e\u043f\u043e\u0433\u0440\u0443\u0437\u0447\u0438\u043a\u0438 warsaw\" class=\"slider-373 slide-1199 msDefaultImage\" \/><\/li>\n                <li style=\"display: none; width: 100%;\" class=\"slide-1196 ms-image\" aria-roledescription=\"slide\" data-date=\"2014-11-17 21:17:04\" data-filename=\"Firma-2a.jpg\" data-slide-type=\"image\"><img loading=\"lazy\" decoding=\"async\" src=\"https:\/\/szkolenia-udt.pl\/wp-content\/uploads\/2014\/11\/Firma-2a.jpg\" height=\"225\" width=\"300\" alt=\"\" class=\"slider-373 slide-1196 msDefaultImage\" \/><\/li>\n            <\/ul>\n        <\/div>\n        \n    <\/div>\n<\/div><\/div>\n<div class=\"wyjustuj\">\n<p>\u0426\u0435\u043d\u0442\u0440 \u043f\u043e\u0434\u0433\u043e\u0442\u043e\u0432\u043a\u0438 \u043e\u043f\u0435\u0440\u0430\u0442\u043e\u0440\u043e\u0432 OSO \u0440\u0430\u0431\u043e\u0442\u0430\u0435\u0442 \u0443\u0436\u0435 \u0431\u043e\u043b\u0435\u0435 15 \u043b\u0435\u0442, \u043d\u043e \u043d\u0430\u0448 \u043e\u043f\u044b\u0442 \u043d\u0430\u0441\u0447\u0438\u0442\u044b\u0432\u0430\u0435\u0442 \u0431\u043e\u043b\u0435\u0435 20 \u043b\u0435\u0442. \u041c\u044b \u0437\u0430\u043d\u0438\u043c\u0430\u0435\u043c\u0441\u044f \u043f\u0440\u0435\u0434\u043e\u0441\u0442\u0430\u0432\u043b\u0435\u043d\u0438\u0435\u043c \u043a\u043e\u043c\u043f\u043b\u0435\u043a\u0441\u043d\u044b\u0445 \u0443\u0441\u043b\u0443\u0433 \u043f\u043e \u043e\u0431\u0443\u0447\u0435\u043d\u0438\u044e \u0440\u0430\u0437\u043b\u0438\u0447\u043d\u044b\u0445 \u043f\u0440\u043e\u0444\u0435\u0441\u0441\u0438\u043e\u043d\u0430\u043b\u044c\u043d\u044b\u0445 \u0433\u0440\u0443\u043f\u043f. \u041d\u0430\u0448\u0435 \u043f\u0440\u0435\u0434\u043b\u043e\u0436\u0435\u043d\u0438\u0435 \u0432\u043a\u043b\u044e\u0447\u0430\u0435\u0442, \u0441\u0440\u0435\u0434\u0438 \u043f\u0440\u043e\u0447\u0435\u0433\u043e <a href=\"https:\/\/szkolenia-udt.pl\/ru\/kursy\/szkolenie-audytorskie-udt\/\">\u041e\u0431\u0443\u0447\u0435\u043d\u0438\u0435 UDT<\/a>, <a href=\"https:\/\/szkolenia-udt.pl\/ru\/kursy\/sep-g1-g2-g3\/g1\/\">G1<\/a>, <a href=\"https:\/\/szkolenia-udt.pl\/ru\/kursy\/sep-g1-g2-g3\/g2\/\">G2<\/a>, <a href=\"https:\/\/szkolenia-udt.pl\/ru\/kursy\/sep-g1-g2-g3\/g3\/\">G3<\/a>, HDS, \u0430 \u0442\u0430\u043a\u0436\u0435 \u043e\u0431\u0443\u0447\u0435\u043d\u0438\u0435 \u043f\u043e \u043e\u0445\u0440\u0430\u043d\u0435 \u0442\u0440\u0443\u0434\u0430 \u0438 \u0442\u0435\u0445\u043d\u0438\u043a\u0435 \u0431\u0435\u0437\u043e\u043f\u0430\u0441\u043d\u043e\u0441\u0442\u0438, \u043f\u043e\u0436\u0430\u0440\u043e\u0442\u0443\u0448\u0435\u043d\u0438\u044e \u0438 \u043e\u043a\u0430\u0437\u0430\u043d\u0438\u044e \u043f\u0435\u0440\u0432\u043e\u0439 \u043f\u043e\u043c\u043e\u0449\u0438. \u041a\u0440\u043e\u043c\u0435 \u0442\u043e\u0433\u043e, \u043d\u0430\u0448\u0430 \u0441\u043f\u0435\u0446\u0438\u0430\u043b\u0438\u0437\u0430\u0446\u0438\u044f - \u0443\u0441\u043b\u0443\u0433\u0438 \u043f\u043e \u043e\u0445\u0440\u0430\u043d\u0435 \u0442\u0440\u0443\u0434\u0430, \u0442\u0435\u0445\u043d\u0438\u043a\u0435 \u0431\u0435\u0437\u043e\u043f\u0430\u0441\u043d\u043e\u0441\u0442\u0438 \u0438 \u043f\u043e\u0436\u0430\u0440\u043d\u043e\u0439 \u0431\u0435\u0437\u043e\u043f\u0430\u0441\u043d\u043e\u0441\u0442\u0438 \u0434\u043b\u044f \u043a\u043e\u043c\u043f\u0430\u043d\u0438\u0439.<\/p>\n<p>\u041d\u0430\u0448\u0430 \u0433\u043b\u0430\u0432\u043d\u0430\u044f \u0446\u0435\u043b\u044c - \u043f\u0440\u0435\u0434\u043e\u0441\u0442\u0430\u0432\u0438\u0442\u044c \u043d\u0430\u0448\u0438\u043c \u043a\u043b\u0438\u0435\u043d\u0442\u0430\u043c \u0443\u0441\u043b\u0443\u0433\u0438 \u043f\u043e \u043e\u0431\u0443\u0447\u0435\u043d\u0438\u044e \u0441\u0430\u043c\u043e\u0433\u043e \u0432\u044b\u0441\u043e\u043a\u043e\u0433\u043e \u043a\u0430\u0447\u0435\u0441\u0442\u0432\u0430. \u0412 \u043d\u0430\u0448\u0435\u043c \u0446\u0435\u043d\u0442\u0440\u0435 \u0440\u0430\u0431\u043e\u0442\u0430\u044e\u0442 \u0438\u043d\u0441\u0442\u0440\u0443\u043a\u0442\u043e\u0440\u044b \u0441 \u043c\u043d\u043e\u0433\u043e\u043b\u0435\u0442\u043d\u0438\u043c \u043e\u043f\u044b\u0442\u043e\u043c, \u043a\u0432\u0430\u043b\u0438\u0444\u0438\u0446\u0438\u0440\u043e\u0432\u0430\u043d\u043d\u044b\u0435 \u043c\u0435\u0442\u043e\u0434\u0438\u0441\u0442\u044b \u0438 \u0434\u0440\u0443\u0433\u0438\u0435 \u043b\u044e\u0434\u0438, \u043a\u043e\u0442\u043e\u0440\u044b\u0435 \u0437\u0430\u0431\u043e\u0442\u044f\u0442\u0441\u044f \u043e \u043a\u0430\u0447\u0435\u0441\u0442\u0432\u0435 \u043e\u0431\u0440\u0430\u0437\u043e\u0432\u0430\u043d\u0438\u044f \u0438 \u0443\u0434\u043e\u0432\u043b\u0435\u0442\u0432\u043e\u0440\u0435\u043d\u043d\u043e\u0441\u0442\u0438 \u0443\u0447\u0430\u0441\u0442\u043d\u0438\u043a\u043e\u0432 \u0432\u0441\u0435\u0445 \u043d\u0430\u0448\u0438\u0445 \u0446\u0435\u043d\u0442\u0440\u043e\u0432. \u0421\u043e\u0433\u043b\u0430\u0441\u043d\u043e \u043d\u0430\u0448\u0438\u043c \u043e\u043f\u0440\u043e\u0441\u0430\u043c, 981 \u0441\u043b\u0443\u0448\u0430\u0442\u0435\u043b\u044c \u043a\u0443\u0440\u0441\u043e\u0432TP2T \u043e\u043f\u0440\u0435\u0434\u0435\u043b\u0435\u043d\u043d\u043e \u0440\u0435\u043a\u043e\u043c\u0435\u043d\u0434\u043e\u0432\u0430\u043b \u0431\u044b \u0438\u0445 \u0434\u0440\u0443\u0433\u0438\u043c.<\/p>\n<p>\u041c\u044b \u0441\u043e\u0442\u0440\u0443\u0434\u043d\u0438\u0447\u0430\u0435\u043c \u0441 \u0442\u0430\u043a\u0438\u043c\u0438 \u0443\u0447\u0440\u0435\u0436\u0434\u0435\u043d\u0438\u044f\u043c\u0438, \u043a\u0430\u043a \u0423\u043f\u0440\u0430\u0432\u043b\u0435\u043d\u0438\u0435 \u0442\u0435\u0445\u043d\u0438\u0447\u0435\u0441\u043a\u043e\u0439 \u0438\u043d\u0441\u043f\u0435\u043a\u0446\u0438\u0438 \u0438 \u0410\u0441\u0441\u043e\u0446\u0438\u0430\u0446\u0438\u044f \u043f\u043e\u043b\u044c\u0441\u043a\u0438\u0445 \u044d\u043b\u0435\u043a\u0442\u0440\u0438\u043a\u043e\u0432. \u0421\u043e\u0432\u043c\u0435\u0441\u0442\u043d\u043e \u0441 \u0438\u0445 \u0441\u043f\u0435\u0446\u0438\u0430\u043b\u0438\u0441\u0442\u0430\u043c\u0438 \u043c\u044b \u0441\u043e\u0441\u0442\u0430\u0432\u043b\u044f\u0435\u043c \u0443\u0447\u0435\u0431\u043d\u044b\u0435 \u043f\u0440\u043e\u0433\u0440\u0430\u043c\u043c\u044b \u0438 \u043f\u0440\u043e\u0432\u043e\u0434\u0438\u043c \u044d\u043a\u0437\u0430\u043c\u0435\u043d\u044b \u043d\u0430 \u043f\u043e\u043b\u0443\u0447\u0435\u043d\u0438\u0435 \u043b\u0438\u0446\u0435\u043d\u0437\u0438\u0439. \u041c\u044b \u0441\u0442\u0440\u0435\u043c\u0438\u043c\u0441\u044f \u043f\u0440\u0435\u043f\u043e\u0434\u0430\u0432\u0430\u0442\u044c \u043d\u0430 \u0432\u044b\u0441\u043e\u043a\u043e\u043c \u0443\u0440\u043e\u0432\u043d\u0435, \u043f\u043e\u044d\u0442\u043e\u043c\u0443 \u043c\u044b \u0442\u0430\u043a\u0436\u0435 \u0437\u0430\u0431\u043e\u0442\u0438\u043c\u0441\u044f \u043e\u0431 \u043e\u0431\u043e\u0440\u0443\u0434\u043e\u0432\u0430\u043d\u0438\u0438 \u0432 \u043d\u0430\u0448\u0438\u0445 \u0443\u0447\u0435\u0431\u043d\u044b\u0445 \u043a\u043b\u0430\u0441\u0441\u0430\u0445, \u0441\u043e\u0432\u0440\u0435\u043c\u0435\u043d\u043d\u043e\u043c \u043e\u0441\u043d\u0430\u0449\u0435\u043d\u0438\u0438 \u0438 \u0434\u0435\u043b\u0430\u0435\u043c \u0443\u043f\u043e\u0440 \u043d\u0430 \u043f\u0440\u0430\u043a\u0442\u0438\u043a\u0443 - \u043a\u0430\u043a \u0442\u0435\u043e\u0440\u0435\u0442\u0438\u0447\u0435\u0441\u043a\u0438\u0435 \u0437\u0430\u043d\u044f\u0442\u0438\u044f, \u0442\u0430\u043a \u0438 \u0443\u043f\u0440\u0430\u0436\u043d\u0435\u043d\u0438\u044f \u043f\u0440\u043e\u0432\u043e\u0434\u044f\u0442\u0441\u044f \u0441 \u0438\u0441\u043f\u043e\u043b\u044c\u0437\u043e\u0432\u0430\u043d\u0438\u0435\u043c \u0434\u0435\u044f\u0442\u0435\u043b\u044c\u043d\u043e\u0441\u0442\u043d\u044b\u0445 \u043c\u0435\u0442\u043e\u0434\u043e\u0432.<\/p>\n<h2 class=\"boldnagl\"><strong>\u041f\u043e\u0447\u0435\u043c\u0443 \u0438\u043c\u0435\u043d\u043d\u043e \u041e\u0413\u041e?<\/strong><\/h2>\n<p>\u041c\u044b \u0438\u043c\u0435\u0435\u043c \u043c\u043d\u043e\u0433\u043e\u043b\u0435\u0442\u043d\u0438\u0439 \u043e\u043f\u044b\u0442 \u0440\u0430\u0431\u043e\u0442\u044b \u0438 \u0441\u043e\u0442\u0440\u0443\u0434\u043d\u0438\u0447\u0430\u0435\u043c \u0441 \u043b\u0443\u0447\u0448\u0438\u043c\u0438 \u0438\u043d\u0441\u0442\u0440\u0443\u043a\u0442\u043e\u0440\u0430\u043c\u0438 \u043f\u043e \u0432\u0441\u0435\u0439 \u0441\u0442\u0440\u0430\u043d\u0435. \u0412\u043e \u0432\u0440\u0435\u043c\u044f \u0437\u0430\u043d\u044f\u0442\u0438\u0439 \u043c\u044b \u0438\u0441\u043f\u043e\u043b\u044c\u0437\u0443\u0435\u043c \u0438\u043d\u043d\u043e\u0432\u0430\u0446\u0438\u043e\u043d\u043d\u044b\u0435, \u0430\u043a\u0442\u0438\u0432\u0438\u0437\u0438\u0440\u0443\u044e\u0449\u0438\u0435 \u043c\u0435\u0442\u043e\u0434\u044b \u043e\u0431\u0443\u0447\u0435\u043d\u0438\u044f. \u041f\u0440\u043e\u0433\u0440\u0430\u043c\u043c\u044b \u043d\u0430\u0448\u0438\u0445 \u0437\u0430\u043d\u044f\u0442\u0438\u0439 \u043e\u0441\u043d\u043e\u0432\u0430\u043d\u044b \u043d\u0430 \u043d\u043e\u0432\u0435\u0439\u0448\u0438\u0445 \u043d\u043e\u0440\u043c\u0430\u0442\u0438\u0432\u043d\u044b\u0445 \u0434\u043e\u043a\u0443\u043c\u0435\u043d\u0442\u0430\u0445, \u0432 \u0442\u043e\u043c \u0447\u0438\u0441\u043b\u0435 \u043d\u043e\u0440\u043c\u0430\u0442\u0438\u0432\u043d\u044b\u0445 \u0434\u043e\u043a\u0443\u043c\u0435\u043d\u0442\u0430\u0445 \u0423\u043f\u0440\u0430\u0432\u043b\u0435\u043d\u0438\u044f \u0442\u0435\u0445\u043d\u0438\u0447\u0435\u0441\u043a\u043e\u0439 \u0438\u043d\u0441\u043f\u0435\u043a\u0446\u0438\u0438, \u0410\u0441\u0441\u043e\u0446\u0438\u0430\u0446\u0438\u0438 \u043f\u043e\u043b\u044c\u0441\u043a\u0438\u0445 \u044d\u043b\u0435\u043a\u0442\u0440\u0438\u043a\u043e\u0432 \u0438 \u0434\u0440\u0443\u0433\u0438\u0445 \u043e\u0442\u0440\u0430\u0441\u043b\u0435\u0432\u044b\u0445 \u043e\u0440\u0433\u0430\u043d\u0438\u0437\u0430\u0446\u0438\u0439. \u041c\u044b \u043e\u0431\u0443\u0447\u0430\u0435\u043c \u044d\u0444\u0444\u0435\u043a\u0442\u0438\u0432\u043d\u043e - \u043d\u0430\u0441 \u043e\u0442\u043b\u0438\u0447\u0430\u0435\u0442 \u043c\u0430\u043a\u0441\u0438\u043c\u0430\u043b\u044c\u043d\u044b\u0439 \u043f\u0440\u043e\u0446\u0435\u043d\u0442 \u0441\u0434\u0430\u0447\u0438 \u044d\u043a\u0437\u0430\u043c\u0435\u043d\u043e\u0432. \u041c\u044b \u0442\u0430\u043a\u0436\u0435 \u043e\u0431\u0435\u0441\u043f\u0435\u0447\u0438\u0432\u0430\u0435\u043c \u0434\u043e\u0441\u0442\u0443\u043f\u043d\u044b\u0435 \u0446\u0435\u043d\u044b.<\/p>\n<h2 class=\"boldnagl\"><strong>\u0413\u0434\u0435 \u043c\u044b \u0442\u0440\u0435\u043d\u0438\u0440\u0443\u0435\u043c\u0441\u044f?<\/strong><\/h2>\n<p>\u041c\u044b \u043f\u0440\u043e\u0432\u043e\u0434\u0438\u043c \u043e\u0431\u0443\u0447\u0435\u043d\u0438\u0435 \u0432 \u043e\u0441\u043d\u043e\u0432\u043d\u043e\u043c \u0432 \u0433\u043e\u0440\u043e\u0434\u0435 \u0412\u0430\u0440\u0448\u0430\u0432\u0430, \u0433\u0434\u0435 \u0440\u0430\u0441\u043f\u043e\u043b\u043e\u0436\u0435\u043d \u043d\u0430\u0448 \u0433\u043b\u0430\u0432\u043d\u044b\u0439 \u0444\u0438\u043b\u0438\u0430\u043b, \u043d\u043e \u043c\u044b \u0442\u0430\u043a\u0436\u0435 \u0434\u043e\u0441\u0442\u0443\u043f\u043d\u044b \u0438 \u0432 \u0434\u0440\u0443\u0433\u0438\u0445 \u043c\u0435\u0441\u0442\u0430\u0445 \u043f\u043e \u0432\u0441\u0435\u0439 \u041f\u043e\u043b\u044c\u0448\u0435. \u041c\u044b \u043f\u0440\u043e\u0432\u043e\u0434\u0438\u043c \u043e\u0431\u0443\u0447\u0435\u043d\u0438\u0435 \u0432 \u0442\u0430\u043a\u0438\u0445 \u0433\u043e\u0440\u043e\u0434\u0430\u0445, \u043a\u0430\u043a \u041a\u0440\u0430\u043a\u043e\u0432, \u041b\u043e\u0434\u0437\u044c, \u0412\u0440\u043e\u0446\u043b\u0430\u0432, \u041f\u043e\u0437\u043d\u0430\u043d\u044c, \u0413\u0434\u0430\u043d\u044c\u0441\u043a, \u0413\u0434\u044b\u043d\u044f, \u0429\u0435\u0446\u0438\u043d, \u0411\u044b\u0434\u0433\u043e\u0449, \u041b\u044e\u0431\u043b\u0438\u043d, \u041a\u0430\u0442\u043e\u0432\u0438\u0446\u0435 \u0438 \u0411\u0435\u043b\u044c\u0441\u043a\u043e-\u0411\u044f\u043b\u0430. \u041a\u0440\u043e\u043c\u0435 \u0442\u043e\u0433\u043e, \u043c\u044b \u043f\u0440\u043e\u0432\u043e\u0434\u0438\u043c \u0437\u0430\u043a\u0440\u044b\u0442\u044b\u0435 \u0442\u0440\u0435\u043d\u0438\u043d\u0433\u0438, \u043a\u043e\u0442\u043e\u0440\u044b\u0435 \u043f\u0440\u043e\u0445\u043e\u0434\u044f\u0442 \u0432 \u0437\u0430\u0440\u0430\u043d\u0435\u0435 \u0441\u043e\u0433\u043b\u0430\u0441\u043e\u0432\u0430\u043d\u043d\u043e\u043c \u0441 \u043a\u043b\u0438\u0435\u043d\u0442\u043e\u043c \u043c\u0435\u0441\u0442\u0435.<\/p>\n<p>\u041d\u0430\u0448 \u0433\u043e\u043b\u043e\u0432\u043d\u043e\u0439 \u043e\u0444\u0438\u0441 \u043d\u0430\u0445\u043e\u0434\u0438\u0442\u0441\u044f \u0432 \u0412\u0430\u0440\u0448\u0430\u0432\u0435, \u0433\u0434\u0435 \u0443\u0447\u0430\u0441\u0442\u043d\u0438\u043a\u043e\u0432 \u0436\u0434\u0443\u0442 \u043f\u0440\u043e\u0444\u0435\u0441\u0441\u0438\u043e\u043d\u0430\u043b\u044c\u043d\u043e \u043e\u0431\u0441\u0442\u0430\u0432\u043b\u0435\u043d\u043d\u044b\u0435 \u0430\u0443\u0434\u0438\u0442\u043e\u0440\u0438\u0438. \u041f\u0440\u0438\u0433\u043b\u0430\u0448\u0430\u0435\u043c \u0432\u0430\u0441 \u0442\u0430\u043a\u0436\u0435 \u043f\u043e\u0441\u0435\u0442\u0438\u0442\u044c \u043d\u0430\u0448\u0438 \u0444\u0438\u043b\u0438\u0430\u043b\u044b \u0432 \u041a\u0440\u0430\u043a\u043e\u0432\u0435, \u041a\u0430\u0442\u043e\u0432\u0438\u0446\u0435 \u0438 \u0411\u0435\u043b\u044c\u0441\u043a\u043e-\u0411\u044f\u043b\u0435.<\/p>\n<div style=\"float: left; padding-right: 10px;\"><div id=\"metaslider-id-372\" style=\"max-width: 300px;\" class=\"ml-slider-3-107-0 metaslider metaslider-flex metaslider-372 ml-slider ms-theme-default nav-hidden nav-hidden\" role=\"region\" aria-label=\"\u043e \u043a\u043e\u043c\u043f\u0430\u043d\u0438\u0438\" data-height=\"225\" data-width=\"300\">\n    <div id=\"metaslider_container_372\">\n        <div id=\"metaslider_372\">\n            <ul class='slides'>\n                <li style=\"display: block; width: 100%;\" class=\"slide-1108 ms-image\" aria-roledescription=\"slide\" data-date=\"2014-11-12 13:56:05\" data-filename=\"bizness2a.jpg\" data-slide-type=\"image\"><img loading=\"lazy\" decoding=\"async\" src=\"https:\/\/szkolenia-udt.pl\/wp-content\/uploads\/2014\/11\/bizness2a.jpg\" height=\"225\" width=\"300\" alt=\"\u043a\u0443\u0440\u0441\u044b \u0443\u0434\u0442 \u0432 \u0432\u0430\u0440\u0448\u0430\u0432\u0435\" class=\"slider-372 slide-1108 msDefaultImage\" \/><\/li>\n                <li style=\"display: none; width: 100%;\" class=\"slide-1111 ms-image\" aria-roledescription=\"slide\" data-date=\"2014-11-12 14:04:13\" data-filename=\"meeting2.jpg\" data-slide-type=\"image\"><img loading=\"lazy\" decoding=\"async\" src=\"https:\/\/szkolenia-udt.pl\/wp-content\/uploads\/2014\/11\/meeting2.jpg\" height=\"225\" width=\"300\" alt=\"\u0412\u0430\u0440\u0448\u0430\u0432\u0430\" class=\"slider-372 slide-1111 msDefaultImage\" \/><\/li>\n                <li style=\"display: none; width: 100%;\" class=\"slide-1198 ms-image\" aria-roledescription=\"slide\" data-date=\"2014-11-17 21:17:05\" data-filename=\"firma-4a.jpg\" data-slide-type=\"image\"><img loading=\"lazy\" decoding=\"async\" src=\"https:\/\/szkolenia-udt.pl\/wp-content\/uploads\/2014\/11\/firma-4a.jpg\" height=\"225\" width=\"300\" alt=\"\u043e\u0431\u0443\u0447\u0435\u043d\u0438\u0435\" class=\"slider-372 slide-1198 msDefaultImage\" \/><\/li>\n                <li style=\"display: none; width: 100%;\" class=\"slide-1197 ms-image\" aria-roledescription=\"slide\" data-date=\"2014-11-17 21:17:05\" data-filename=\"firma-3a.jpg\" data-slide-type=\"image\"><img loading=\"lazy\" decoding=\"async\" src=\"https:\/\/szkolenia-udt.pl\/wp-content\/uploads\/2014\/11\/firma-3a.jpg\" height=\"225\" width=\"300\" alt=\"\u043e\u043f\u0435\u0440\u0430\u0442\u043e\u0440\u044b \u0432\u0438\u043b\u043e\u0447\u043d\u044b\u0445 \u043f\u043e\u0433\u0440\u0443\u0437\u0447\u0438\u043a\u043e\u0432\" class=\"slider-372 slide-1197 msDefaultImage\" \/><\/li>\n                <li style=\"display: none; width: 100%;\" class=\"slide-1195 ms-image\" aria-roledescription=\"slide\" data-date=\"2014-11-17 21:17:03\" data-filename=\"firma-1a.jpg\" data-slide-type=\"image\"><img loading=\"lazy\" decoding=\"async\" src=\"https:\/\/szkolenia-udt.pl\/wp-content\/uploads\/2014\/11\/firma-1a.jpg\" height=\"225\" width=\"300\" alt=\"\" class=\"slider-372 slide-1195 msDefaultImage\" \/><\/li>\n            <\/ul>\n        <\/div>\n        \n    <\/div>\n<\/div><\/div>\n<div class=\"wyjustuj\">\n<p>\u041c\u044b \u043e\u0440\u0438\u0435\u043d\u0442\u0438\u0440\u0443\u0435\u043c\u0441\u044f \u043d\u0430 \u043f\u043e\u0442\u0440\u0435\u0431\u043d\u043e\u0441\u0442\u0438 \u043d\u0430\u0448\u0438\u0445 \u043a\u043b\u0438\u0435\u043d\u0442\u043e\u0432, \u043f\u043e\u044d\u0442\u043e\u043c\u0443 \u0435\u0441\u043b\u0438 \u0432\u0430\u043c \u043d\u0443\u0436\u043d\u0430 \u043f\u0440\u043e\u0444\u0435\u0441\u0441\u0438\u043e\u043d\u0430\u043b\u044c\u043d\u0430\u044f \u043f\u043e\u043c\u043e\u0449\u044c \u0432 \u043e\u0431\u0443\u0447\u0435\u043d\u0438\u0438 \u0441\u043e\u0442\u0440\u0443\u0434\u043d\u0438\u043a\u043e\u0432 \u0432\u0430\u0448\u0435\u0439 \u043a\u043e\u043c\u043f\u0430\u043d\u0438\u0438 \u0438\u043b\u0438 \u0432\u044b \u043f\u0440\u043e\u0441\u0442\u043e \u0445\u043e\u0442\u0438\u0442\u0435 \u0443\u043b\u0443\u0447\u0448\u0438\u0442\u044c \u0441\u0432\u043e\u0435 \u043f\u043e\u043b\u043e\u0436\u0435\u043d\u0438\u0435 \u043d\u0430 \u0440\u044b\u043d\u043a\u0435 \u0442\u0440\u0443\u0434\u0430, \u043e\u0437\u043d\u0430\u043a\u043e\u043c\u044c\u0442\u0435\u0441\u044c \u0441 \u043d\u0430\u0448\u0438\u043c \u043f\u0440\u0435\u0434\u043b\u043e\u0436\u0435\u043d\u0438\u0435\u043c \u043f\u0440\u044f\u043c\u043e \u0441\u0435\u0439\u0447\u0430\u0441, \u0432\u044b\u0431\u0435\u0440\u0438\u0442\u0435 \u0443\u0434\u043e\u0431\u043d\u0443\u044e \u0434\u0430\u0442\u0443 \u0438 \u0437\u0430\u043f\u0438\u0448\u0438\u0442\u0435 \u0441\u0435\u0431\u044f \u0438\u043b\u0438 \u0441\u0432\u043e\u0438\u0445 \u0441\u043e\u0442\u0440\u0443\u0434\u043d\u0438\u043a\u043e\u0432 \u043d\u0430 \u0437\u0430\u043d\u044f\u0442\u0438\u044f. \u0415\u0441\u043b\u0438 \u0443 \u0432\u0430\u0441 \u0432\u043e\u0437\u043d\u0438\u043a\u043b\u0438 \u0432\u043e\u043f\u0440\u043e\u0441\u044b, \u043c\u044b \u0432\u0441\u0435\u0433\u0434\u0430 \u043a \u0432\u0430\u0448\u0438\u043c \u0443\u0441\u043b\u0443\u0433\u0430\u043c - \u043f\u0440\u043e\u0441\u0442\u043e \u043f\u043e\u0437\u0432\u043e\u043d\u0438\u0442\u0435, \u043d\u0430\u043f\u0438\u0448\u0438\u0442\u0435 \u044d\u043b\u0435\u043a\u0442\u0440\u043e\u043d\u043d\u043e\u0435 \u043f\u0438\u0441\u044c\u043c\u043e \u0438\u043b\u0438 \u043f\u043e\u0441\u0435\u0442\u0438\u0442\u0435 \u043e\u0434\u0438\u043d \u0438\u0437 \u043d\u0430\u0448\u0438\u0445 \u0444\u0438\u043b\u0438\u0430\u043b\u043e\u0432.\u041d\u0430\u0448 \u0426\u0435\u043d\u0442\u0440 \u043f\u043e\u0434\u0433\u043e\u0442\u043e\u0432\u043a\u0438 \u043e\u043f\u0435\u0440\u0430\u0442\u043e\u0440\u043e\u0432 OSO \u044f\u0432\u043b\u044f\u0435\u0442\u0441\u044f \u043d\u0435\u0433\u043e\u0441\u0443\u0434\u0430\u0440\u0441\u0442\u0432\u0435\u043d\u043d\u044b\u043c \u0443\u0447\u0435\u0431\u043d\u044b\u043c \u0437\u0430\u0432\u0435\u0434\u0435\u043d\u0438\u0435\u043c, \u043e\u0441\u0443\u0449\u0435\u0441\u0442\u0432\u043b\u044f\u044e\u0449\u0438\u043c \u0443\u0447\u0435\u0431\u043d\u0443\u044e \u0434\u0435\u044f\u0442\u0435\u043b\u044c\u043d\u043e\u0441\u0442\u044c \u0432 \u0440\u0435\u0435\u0441\u0442\u0440\u0435 \u043d\u0435\u0433\u043e\u0441\u0443\u0434\u0430\u0440\u0441\u0442\u0432\u0435\u043d\u043d\u044b\u0445 \u0448\u043a\u043e\u043b \u0438 \u0443\u0447\u0440\u0435\u0436\u0434\u0435\u043d\u0438\u0439 \u0433\u043e\u0440\u043e\u0434\u0430 \u0412\u0430\u0440\u0448\u0430\u0432\u044b.<\/p>\n<p>\u0415\u0441\u043b\u0438 \u0443 \u0432\u0430\u0441 \u0432\u043e\u0437\u043d\u0438\u043a\u043b\u0438 \u0432\u043e\u043f\u0440\u043e\u0441\u044b \u043e \u043d\u0430\u0448\u0438\u0445 \u0443\u0441\u043b\u0443\u0433\u0430\u0445, \u043c\u044b \u0432\u0441\u0435\u0433\u0434\u0430 \u043d\u0430 \u0441\u0432\u044f\u0437\u0438 - \u043f\u043e\u0436\u0430\u043b\u0443\u0439\u0441\u0442\u0430, \u043d\u0435 \u0441\u0442\u0435\u0441\u043d\u044f\u0439\u0442\u0435\u0441\u044c \u043e\u0431\u0440\u0430\u0449\u0430\u0442\u044c\u0441\u044f \u043a \u043d\u0430\u043c. \u041e\u0437\u043d\u0430\u043a\u043e\u043c\u044c\u0442\u0435\u0441\u044c \u0441 \u043f\u043e\u043b\u043d\u044b\u043c \u043f\u0440\u0435\u0434\u043b\u043e\u0436\u0435\u043d\u0438\u0435\u043c \u043f\u043e \u043e\u0431\u0443\u0447\u0435\u043d\u0438\u044e, \u043f\u0440\u0435\u0434\u0441\u0442\u0430\u0432\u043b\u0435\u043d\u043d\u044b\u043c \u043d\u0430 \u043d\u0430\u0448\u0435\u043c \u0441\u0430\u0439\u0442\u0435, \u0438 \u0441\u043c\u0435\u043b\u043e \u0432\u044b\u0431\u0438\u0440\u0430\u0439\u0442\u0435 \u043d\u0430\u0448\u0438 \u0443\u0441\u043b\u0443\u0433\u0438!<\/p>\n<p>\u041c\u044b \u043e\u0442 \u0432\u0441\u0435\u0439 \u0434\u0443\u0448\u0438 \u043f\u0440\u0438\u0433\u043b\u0430\u0448\u0430\u0435\u043c \u0432\u0430\u0441 \u0432\u044b\u0431\u0440\u0430\u0442\u044c \u043d\u0430\u0448\u0438 \u0443\u0441\u043b\u0443\u0433\u0438!<br \/>\n\u041a\u043e\u043c\u0430\u043d\u0434\u0430 \u0426\u0435\u043d\u0442\u0440\u0430 \u043f\u043e\u0434\u0433\u043e\u0442\u043e\u0432\u043a\u0438 \u043e\u043f\u0435\u0440\u0430\u0442\u043e\u0440\u043e\u0432 CSO<\/p>\n<\/div>\n<\/div>","protected":false},"excerpt":{"rendered":"<p>O\u015brodek Szkolenia Operator\u00f3w OSO dzia\u0142a od ponad 15 lat, ale nasze do\u015bwiadczenie si\u0119ga ponad 20 lat wstecz. Zajmujemy si\u0119 \u015bwiadczeniem kompleksowych us\u0142ug szkoleniowych dla r\u00f3\u017cnych grup zawodowych. W naszej ofercie znajduj\u0105 si\u0119 mi\u0119dzy innymi szkolenia UDT, G1, G2, G3, HDS, tak\u017ce szkolenia BHP, PPO\u017b oraz pierwszej pomocy przedmedycznej. Dodatkowo nasz\u0105 specjalno\u015bci\u0105 s\u0105 us\u0142ugi BHP i [&hellip;]<\/p>\n","protected":false},"author":3,"featured_media":0,"parent":0,"menu_order":0,"comment_status":"closed","ping_status":"closed","template":"","meta":{"footnotes":""},"class_list":["post-1558","page","type-page","status-publish","hentry"],"aioseo_notices":[],"_links":{"self":[{"href":"https:\/\/szkolenia-udt.pl\/ru\/wp-json\/wp\/v2\/pages\/1558","targetHints":{"allow":["GET"]}}],"collection":[{"href":"https:\/\/szkolenia-udt.pl\/ru\/wp-json\/wp\/v2\/pages"}],"about":[{"href":"https:\/\/szkolenia-udt.pl\/ru\/wp-json\/wp\/v2\/types\/page"}],"author":[{"embeddable":true,"href":"https:\/\/szkolenia-udt.pl\/ru\/wp-json\/wp\/v2\/users\/3"}],"replies":[{"embeddable":true,"href":"https:\/\/szkolenia-udt.pl\/ru\/wp-json\/wp\/v2\/comments?post=1558"}],"version-history":[{"count":5,"href":"https:\/\/szkolenia-udt.pl\/ru\/wp-json\/wp\/v2\/pages\/1558\/revisions"}],"predecessor-version":[{"id":2901,"href":"https:\/\/szkolenia-udt.pl\/ru\/wp-json\/wp\/v2\/pages\/1558\/revisions\/2901"}],"wp:attachment":[{"href":"https:\/\/szkolenia-udt.pl\/ru\/wp-json\/wp\/v2\/media?parent=1558"}],"curies":[{"name":"wp","href":"https:\/\/api.w.org\/{rel}","templated":true}]}}