{"id":1874,"date":"2017-10-02T23:22:55","date_gmt":"2017-10-02T23:22:55","guid":{"rendered":"http:\/\/szkolenia-udt.pl\/?page_id=1874"},"modified":"2023-03-13T16:11:09","modified_gmt":"2023-03-13T15:11:09","slug":"%d0%b2%d1%8b%d1%81%d0%be%d1%82%d0%b0-%d1%80%d0%b0%d0%b1%d0%be%d1%82%d1%8b","status":"publish","type":"page","link":"https:\/\/szkolenia-udt.pl\/ru\/kursy\/prace-wysokosciowe\/","title":{"rendered":"\u0420\u0430\u0431\u043e\u0442\u0430 \u043d\u0430 \u0432\u044b\u0441\u043e\u0442\u0435"},"content":{"rendered":"<h2 class=\"\"><img loading=\"lazy\" decoding=\"async\" class=\"size-medium wp-image-2578 alignleft\" src=\"https:\/\/szkolenia-udt.pl\/wp-content\/uploads\/2021\/11\/pracawysok-300x200.jpg\" alt=\"\" width=\"300\" height=\"200\" srcset=\"https:\/\/szkolenia-udt.pl\/wp-content\/uploads\/2021\/11\/pracawysok-300x200.jpg 300w, https:\/\/szkolenia-udt.pl\/wp-content\/uploads\/2021\/11\/pracawysok-1024x681.jpg 1024w, https:\/\/szkolenia-udt.pl\/wp-content\/uploads\/2021\/11\/pracawysok-768x511.jpg 768w, https:\/\/szkolenia-udt.pl\/wp-content\/uploads\/2021\/11\/pracawysok-1536x1022.jpg 1536w, https:\/\/szkolenia-udt.pl\/wp-content\/uploads\/2021\/11\/pracawysok.jpg 1551w\" sizes=\"auto, (max-width: 300px) 100vw, 300px\" \/>\u041a\u0443\u0440\u0441 \u043f\u043e \u0430\u043b\u044c\u043f\u0438\u043d\u0438\u0437\u043c\u0443 - \u0440\u0430\u0431\u043e\u0442\u0430 \u043d\u0430 \u0432\u044b\u0441\u043e\u0442\u0435<\/h2>\n<div class=\"wyjustuj\">\n<p>\u041f\u0440\u043e\u0439\u0434\u0438\u0442\u0435 \u043a\u0443\u0440\u0441 \u0430\u043b\u044c\u043f\u0438\u043d\u0438\u0437\u043c\u0430 - \u0440\u0430\u0431\u043e\u0442\u044b \u043d\u0430 \u0432\u044b\u0441\u043e\u0442\u0435 \u0432 \u0426\u0435\u043d\u0442\u0440\u0435 \u043f\u043e\u0434\u0433\u043e\u0442\u043e\u0432\u043a\u0438 \u043e\u043f\u0435\u0440\u0430\u0442\u043e\u0440\u043e\u0432! \u041d\u0430\u0448 \u0446\u0435\u043d\u0442\u0440 \u043f\u0440\u043e\u0432\u043e\u0434\u0438\u0442 \u043a\u0443\u0440\u0441 \"\u0420\u0430\u0431\u043e\u0442\u0430 \u043d\u0430 \u0432\u044b\u0441\u043e\u0442\u0435\", \u043f\u0440\u0435\u0434\u043d\u0430\u0437\u043d\u0430\u0447\u0435\u043d\u043d\u044b\u0439 \u0434\u043b\u044f \u0442\u0435\u0445, \u043a\u0442\u043e \u0445\u043e\u0447\u0435\u0442 \u0432\u044b\u043f\u043e\u043b\u043d\u044f\u0442\u044c \u0440\u0430\u0431\u043e\u0442\u044b \u043d\u0430 \u0432\u044b\u0441\u043e\u0442\u0435, \u0434\u043b\u044f \u0447\u0435\u0433\u043e \u043d\u0435\u043e\u0431\u0445\u043e\u0434\u0438\u043c\u0430 \u0441\u043e\u043e\u0442\u0432\u0435\u0442\u0441\u0442\u0432\u0443\u044e\u0449\u0430\u044f \u043a\u0432\u0430\u043b\u0438\u0444\u0438\u043a\u0430\u0446\u0438\u044f. \u041f\u043e\u043b\u0443\u0447\u0438\u0432 \u0441\u0435\u0440\u0442\u0438\u0444\u0438\u043a\u0430\u0442 \u0434\u043b\u044f \u0440\u0430\u0431\u043e\u0442\u044b \u043d\u0430 \u0432\u044b\u0441\u043e\u0442\u0435, \u0432\u044b \u0441\u043c\u043e\u0436\u0435\u0442\u0435 \u0443\u0441\u0442\u0440\u043e\u0438\u0442\u044c\u0441\u044f \u043d\u0430 \u0440\u0430\u0431\u043e\u0442\u0443 \u0432 \u043a\u0430\u0447\u0435\u0441\u0442\u0432\u0435 \u043f\u0440\u043e\u043c\u044b\u0448\u043b\u0435\u043d\u043d\u043e\u0433\u043e \u0430\u043b\u044c\u043f\u0438\u043d\u0438\u0441\u0442\u0430.<\/p>\n<h3 class=\"boldnagl\"><strong>\u041c\u044b \u043f\u0440\u043e\u0432\u043e\u0434\u0438\u043c \u0432\u044b\u0441\u043e\u0442\u043d\u044b\u0435 \u043a\u0443\u0440\u0441\u044b \u0432 \u0434\u0432\u0443\u0445 \u043a\u0430\u0442\u0435\u0433\u043e\u0440\u0438\u044f\u0445:<\/strong><\/h3>\n<ul>\n<li>\u043a\u0430\u043d\u0430\u0442\u043d\u044b\u0439 \u0434\u043e\u0441\u0442\u0443\u043f - \u043f\u043e\u0437\u0432\u043e\u043b\u044f\u0435\u0442 \u0438\u0441\u043f\u043e\u043b\u044c\u0437\u043e\u0432\u0430\u0442\u044c \u0432\u0435\u0440\u0435\u0432\u043a\u0438 \u0434\u043b\u044f \u043a\u0440\u0435\u043f\u043b\u0435\u043d\u0438\u044f, \u0430 \u0442\u0430\u043a\u0436\u0435 \u0434\u043b\u044f \u043f\u043e\u0434\u044a\u0435\u043c\u0430 \u0438 \u0441\u043f\u0443\u0441\u043a\u0430 \u0441 \u0440\u0430\u0431\u043e\u0447\u0435\u0439 \u043f\u043b\u043e\u0449\u0430\u0434\u043a\u0438, \u0432\u043a\u043b\u044e\u0447\u0430\u044f \u0442\u0440\u0430\u0432\u0435\u0440\u0441\u044b<\/li>\n<li>\u0434\u043e\u0441\u0442\u0443\u043f \u043a \u0441\u0442\u0440\u043e\u0438\u0442\u0435\u043b\u044c\u043d\u044b\u043c \u043a\u043e\u043d\u0441\u0442\u0440\u0443\u043a\u0446\u0438\u044f\u043c - \u043f\u043e\u0437\u0432\u043e\u043b\u044f\u0435\u0442 \u0431\u0435\u0437\u043e\u043f\u0430\u0441\u043d\u043e \u0440\u0430\u0431\u043e\u0442\u0430\u0442\u044c \u043d\u0430 \u0441\u0442\u0440\u043e\u0438\u0442\u0435\u043b\u044c\u043d\u044b\u0445 \u043b\u0435\u0441\u0430\u0445, \u043b\u0435\u0441\u0442\u043d\u0438\u0446\u0430\u0445, \u043f\u043b\u0430\u0442\u0444\u043e\u0440\u043c\u0430\u0445 \u0438 \u0434\u0440\u0443\u0433\u0438\u0445 \u043a\u043e\u043d\u0441\u0442\u0440\u0443\u043a\u0442\u0438\u0432\u043d\u044b\u0445 \u044d\u043b\u0435\u043c\u0435\u043d\u0442\u0430\u0445, \u043a\u043e\u0433\u0434\u0430 \u043d\u0435\u043e\u0431\u0445\u043e\u0434\u0438\u043c\u043e \u043f\u043e\u0434\u043d\u044f\u0442\u044c\u0441\u044f, \u0447\u0442\u043e\u0431\u044b \u043f\u043e\u043f\u0430\u0441\u0442\u044c \u043d\u0430 \u0440\u0430\u0431\u043e\u0447\u0443\u044e \u043f\u043b\u043e\u0449\u0430\u0434\u043a\u0443<\/li>\n<\/ul>\n<p>\u041f\u0440\u043e\u0439\u0434\u044f \u043e\u0431\u0443\u0447\u0435\u043d\u0438\u0435, \u043c\u043e\u0436\u043d\u043e \u043f\u043e\u043b\u0443\u0447\u0438\u0442\u044c \u0440\u0430\u0437\u0440\u0435\u0448\u0435\u043d\u0438\u0435 \u043d\u0430 \u0432\u044b\u043f\u043e\u043b\u043d\u0435\u043d\u0438\u0435 \u0442\u0430\u043a\u0438\u0445 \u0440\u0430\u0431\u043e\u0442, \u043a\u0430\u043a \u0432\u0430\u043b\u043a\u0430 \u0434\u0435\u0440\u0435\u0432\u044c\u0435\u0432 \u043d\u0430 \u0432\u044b\u0441\u043e\u0442\u0435, \u043e\u0431\u0440\u0435\u0437\u043a\u0430 \u0434\u0435\u0440\u0435\u0432\u044c\u0435\u0432, \u0440\u0435\u043c\u043e\u043d\u0442 \u043a\u0440\u044b\u0448, \u043f\u043e\u043a\u0440\u0430\u0441\u043a\u0430 \u043a\u0440\u044b\u0448, \u043c\u044b\u0442\u044c\u0435 \u043e\u043a\u043e\u043d \u043d\u0430 \u0432\u044b\u0441\u043e\u0442\u0435, \u0443\u0431\u043e\u0440\u043a\u0430 \u0441\u043d\u0435\u0433\u0430 \u0441 \u043a\u0440\u044b\u0448, \u043c\u043e\u043d\u0442\u0430\u0436\u043d\u044b\u0435 \u0440\u0430\u0431\u043e\u0442\u044b, \u043d\u0430\u043f\u0440\u0438\u043c\u0435\u0440, \u0443\u0441\u0442\u0430\u043d\u043e\u0432\u043a\u0430 \u0440\u0435\u043a\u043b\u0430\u043c\u044b, \u0438 \u043c\u043d\u043e\u0433\u043e\u0435 \u0434\u0440\u0443\u0433\u043e\u0435. <a href=\"https:\/\/szkolenia-udt.pl\/ru\/kursy\/prace-wysokosciowe\/ochrona-przed-upadkiem\/\">\u0440\u0430\u0431\u043e\u0442\u0430 \u043d\u0430 \u0432\u044b\u0441\u043e\u0442\u0435<\/a>.<\/p>\n<h3 class=\"boldnagl\"><strong>\u0412\u043e \u0432\u0440\u0435\u043c\u044f \u0437\u0430\u043d\u044f\u0442\u0438\u0439 \u0443\u0447\u0430\u0441\u0442\u043d\u0438\u043a\u0438 \u043f\u043e\u043b\u0443\u0447\u0430\u044e\u0442 \u0438\u043d\u0444\u043e\u0440\u043c\u0430\u0446\u0438\u044e \u043f\u043e \u0441\u043b\u0435\u0434\u0443\u044e\u0449\u0438\u043c \u043d\u0430\u043f\u0440\u0430\u0432\u043b\u0435\u043d\u0438\u044f\u043c:<\/strong><\/h3>\n<ul>\n<li>\u0442\u0440\u0435\u0431\u043e\u0432\u0430\u043d\u0438\u044f \u043f\u043e \u043e\u0445\u0440\u0430\u043d\u0435 \u0442\u0440\u0443\u0434\u0430 \u0438 \u0442\u0435\u0445\u043d\u0438\u043a\u0435 \u0431\u0435\u0437\u043e\u043f\u0430\u0441\u043d\u043e\u0441\u0442\u0438 \u0438 \u0437\u0430\u043a\u043e\u043d\u043e\u0434\u0430\u0442\u0435\u043b\u044c\u043d\u044b\u0435 \u0442\u0440\u0435\u0431\u043e\u0432\u0430\u043d\u0438\u044f \u043f\u0440\u0438 \u0440\u0430\u0431\u043e\u0442\u0435 \u043d\u0430 \u0432\u044b\u0441\u043e\u0442\u0435<\/li>\n<li>\u043e\u0441\u043e\u0431\u0435\u043d\u043d\u043e\u0441\u0442\u0438 \u0440\u0430\u0431\u043e\u0442\u044b \u043d\u0430 \u0432\u044b\u0441\u043e\u0442\u0435<\/li>\n<li>\u0440\u0438\u0441\u043a\u0438, \u0441\u0432\u044f\u0437\u0430\u043d\u043d\u044b\u0435 \u0441 \u0430\u043b\u044c\u043f\u0438\u043d\u0438\u0441\u0442\u0441\u043a\u043e\u0439 \u0440\u0430\u0431\u043e\u0442\u043e\u0439<\/li>\n<li>\u043f\u0440\u0438\u043d\u0446\u0438\u043f\u044b \u0432\u044b\u0431\u043e\u0440\u0430, \u0438\u0441\u043f\u043e\u043b\u044c\u0437\u043e\u0432\u0430\u043d\u0438\u044f \u0438 \u043a\u043e\u043d\u0442\u0440\u043e\u043b\u044f \u043e\u0431\u043e\u0440\u0443\u0434\u043e\u0432\u0430\u043d\u0438\u044f<\/li>\n<li>\u043f\u0440\u0438\u043d\u0446\u0438\u043f\u044b \u0438\u043d\u0434\u0438\u0432\u0438\u0434\u0443\u0430\u043b\u044c\u043d\u043e\u0439 \u0438 \u043a\u043e\u043b\u043b\u0435\u043a\u0442\u0438\u0432\u043d\u043e\u0439 \u0441\u0442\u0440\u0430\u0445\u043e\u0432\u043a\u0438<\/li>\n<li>\u043f\u0440\u0430\u043a\u0442\u0438\u0447\u0435\u0441\u043a\u0438\u0435 \u043d\u0430\u0432\u044b\u043a\u0438 \u0440\u0430\u0431\u043e\u0442\u044b \u043d\u0430 \u0432\u044b\u0441\u043e\u0442\u0435<\/li>\n<li>\u043c\u0435\u0442\u043e\u0434\u044b \u0441\u043f\u0430\u0441\u0435\u043d\u0438\u044f<\/li>\n<\/ul>\n<p>\u041f\u043e \u043e\u043a\u043e\u043d\u0447\u0430\u043d\u0438\u0438 \u043a\u0443\u0440\u0441\u0430 \u0443\u0447\u0430\u0441\u0442\u043d\u0438\u043a\u0438 \u043f\u043e\u043b\u0443\u0447\u0430\u044e\u0442 \u0441\u043e\u043e\u0442\u0432\u0435\u0442\u0441\u0442\u0432\u0443\u044e\u0449\u0438\u0439 \u0441\u0435\u0440\u0442\u0438\u0444\u0438\u043a\u0430\u0442, \u043a\u043e\u0442\u043e\u0440\u044b\u0439 \u0434\u0430\u0435\u0442 \u043f\u0440\u0430\u0432\u043e \u043d\u0430 \u0440\u0430\u0431\u043e\u0442\u0443 \u043d\u0430 \u0432\u044b\u0441\u043e\u0442\u0435 \u0441\u0440\u043e\u043a\u043e\u043c \u043d\u0430 \u0442\u0440\u0438 \u0433\u043e\u0434\u0430. \u041f\u043e \u0438\u0441\u0442\u0435\u0447\u0435\u043d\u0438\u0438 \u044d\u0442\u043e\u0433\u043e \u0441\u0440\u043e\u043a\u0430 \u043d\u0435\u043e\u0431\u0445\u043e\u0434\u0438\u043c\u043e \u043f\u0440\u043e\u0439\u0442\u0438 \u043a\u0443\u0440\u0441 \u043f\u0435\u0440\u0435\u043f\u043e\u0434\u0433\u043e\u0442\u043e\u0432\u043a\u0438.<\/p>\n<div class=\"filmw\">\n<div class=\"responsive-youtube\"><iframe loading=\"lazy\" title=\"\u0412\u0438\u0434\u0435\u043e\u043f\u043b\u0435\u0435\u0440 YouTube\" src=\"https:\/\/www.youtube.com\/embed\/QcT4h2Z50M0\" width=\"560\" height=\"315\" frameborder=\"0\" allowfullscreen=\"allowfullscreen\"><\/iframe><\/div>\n<\/div>\n<h2 class=\"boldnagl\"><strong>\u0422\u0440\u0435\u0431\u043e\u0432\u0430\u043d\u0438\u044f<\/strong><\/h2>\n<p>\u0427\u0442\u043e\u0431\u044b \u0437\u0430\u043f\u0438\u0441\u0430\u0442\u044c\u0441\u044f \u043d\u0430 \u043a\u0443\u0440\u0441 \u043f\u043e \u0432\u044b\u0441\u043e\u0442\u0435, \u0432\u044b \u0434\u043e\u043b\u0436\u043d\u044b \u0441\u043e\u043e\u0442\u0432\u0435\u0442\u0441\u0442\u0432\u043e\u0432\u0430\u0442\u044c \u0441\u043b\u0435\u0434\u0443\u044e\u0449\u0438\u043c \u0442\u0440\u0435\u0431\u043e\u0432\u0430\u043d\u0438\u044f\u043c:<\/p>\n<ul>\n<li>\u043d\u0435 \u043c\u043e\u043b\u043e\u0436\u0435 18 \u043b\u0435\u0442<\/li>\n<li>\u043a\u0430\u043a \u043c\u0438\u043d\u0438\u043c\u0443\u043c \u043d\u0430\u0447\u0430\u043b\u044c\u043d\u043e\u0435 \u043e\u0431\u0440\u0430\u0437\u043e\u0432\u0430\u043d\u0438\u0435<\/li>\n<li>\u043e\u0442\u0441\u0443\u0442\u0441\u0442\u0432\u0438\u0435 \u043f\u0440\u043e\u0442\u0438\u0432\u043e\u043f\u043e\u043a\u0430\u0437\u0430\u043d\u0438\u0439 \u0434\u043b\u044f \u0440\u0430\u0431\u043e\u0442\u044b \u043d\u0430 \u0434\u0430\u043d\u043d\u043e\u0439 \u0434\u043e\u043b\u0436\u043d\u043e\u0441\u0442\u0438<\/li>\n<\/ul>\n<div style=\"width: 640px;\" class=\"wp-video\"><video id=\"video-1874-1\" width=\"640\" height=\"360\" poster=\"https:\/\/szkolenia-udt.pl\/wp-content\/uploads\/2023\/03\/okladka-alpinista-OSO.jpg\" preload=\"metadata\" controls=\"controls\"><source type=\"video\/mp4\" src=\"https:\/\/szkolenia-udt.pl\/wp-content\/uploads\/2023\/03\/wspinacz-SZKOLENIA-UDT.PL-OSO.mp4?_=1\" \/><a href=\"https:\/\/szkolenia-udt.pl\/wp-content\/uploads\/2023\/03\/wspinacz-SZKOLENIA-UDT.PL-OSO.mp4\">https:\/\/szkolenia-udt.pl\/wp-content\/uploads\/2023\/03\/wspinacz-SZKOLENIA-UDT.PL-OSO.mp4<\/a><\/video><\/div>\n<h2 class=\"boldnagl\"><strong>\u0426\u0435\u043d\u0430<\/strong><\/h2>\n<p>\u0426\u0435\u043d\u0430 \u0437\u0430 <a href=\"https:\/\/szkolenia-udt.pl\/ru\/kursy\/prace-wysokosciowe\/prace-alpinistyczne-szkolenie-praktyczne\/\">\u043a\u0443\u0440\u0441 \u0430\u043b\u044c\u043f\u0438\u043d\u0438\u0437\u043c\u0430<\/a> \u0432 \u043d\u0430\u0448\u0435\u043c \u0426\u0435\u043d\u0442\u0440\u0435 \u043e\u0447\u0435\u043d\u044c \u043f\u0440\u0438\u0432\u043b\u0435\u043a\u0430\u0442\u0435\u043b\u044c\u043d\u0430 - \u0443 \u043d\u0430\u0441 \u0432\u044b \u0437\u0430\u043f\u043b\u0430\u0442\u0438\u0442\u0435 \u043c\u0435\u043d\u044c\u0448\u0435, \u0447\u0435\u043c \u0443 \u043d\u0430\u0448\u0438\u0445 \u043a\u043e\u043d\u043a\u0443\u0440\u0435\u043d\u0442\u043e\u0432. \u041c\u044b \u043f\u0440\u0435\u0434\u043b\u0430\u0433\u0430\u0435\u043c \u043f\u0440\u0438\u0432\u043b\u0435\u043a\u0430\u0442\u0435\u043b\u044c\u043d\u044b\u0435 \u0441\u043a\u0438\u0434\u043a\u0438 \u0434\u043b\u044f \u0433\u0440\u0443\u043f\u043f. \u041c\u044b \u043f\u0440\u0435\u0434\u043b\u0430\u0433\u0430\u0435\u043c \u0432\u0430\u043c \u043e\u0437\u043d\u0430\u043a\u043e\u043c\u0438\u0442\u044c\u0441\u044f \u0441 \u043f\u0440\u0430\u0439\u0441-\u043b\u0438\u0441\u0442\u043e\u043c \u043d\u0430 \u043d\u0430\u0448\u0435\u043c \u0441\u0430\u0439\u0442\u0435 \u0438\u043b\u0438 \u0437\u0430\u043f\u0440\u043e\u0441\u0438\u0442\u044c <a href=\"https:\/\/szkolenia-udt.pl\/ru\/kontakt\/\">\u043e\u0431\u0440\u0430\u0449\u0435\u043d\u0438\u0435 \u043a \u043d\u0430\u043c<\/a> \u0447\u0435\u0440\u0435\u0437 \u0444\u043e\u0440\u043c\u0443.<\/p>\n<h2 class=\"boldnagl\"><strong>\u0413\u0434\u0435 \u043c\u044b \u0440\u0430\u0431\u043e\u0442\u0430\u0435\u043c?<\/strong><\/h2>\n<p>\u0422\u043e\u0447\u043d\u0443\u044e \u0438\u043d\u0444\u043e\u0440\u043c\u0430\u0446\u0438\u044e \u043e \u043c\u0435\u0441\u0442\u0430\u0445 \u043f\u0440\u043e\u0432\u0435\u0434\u0435\u043d\u0438\u044f \u043c\u0435\u0440\u043e\u043f\u0440\u0438\u044f\u0442\u0438\u0439 \u043c\u043e\u0436\u043d\u043e \u043d\u0430\u0439\u0442\u0438 \u0432 \u0440\u0430\u0441\u043f\u0438\u0441\u0430\u043d\u0438\u0438, \u043f\u0440\u0435\u0434\u0441\u0442\u0430\u0432\u043b\u0435\u043d\u043d\u043e\u043c \u043d\u0430 \u043d\u0430\u0448\u0435\u043c \u0441\u0430\u0439\u0442\u0435.<\/p>\n<p>\u0415\u0441\u043b\u0438 \u0443 \u0432\u0430\u0441 \u0432\u043e\u0437\u043d\u0438\u043a\u043b\u0438 \u0434\u043e\u043f\u043e\u043b\u043d\u0438\u0442\u0435\u043b\u044c\u043d\u044b\u0435 \u0432\u043e\u043f\u0440\u043e\u0441\u044b \u043e \u043d\u0430\u0448\u0438\u0445 \u0443\u0441\u043b\u0443\u0433\u0430\u0445, \u043f\u043e\u0436\u0430\u043b\u0443\u0439\u0441\u0442\u0430, \u043e\u0431\u0440\u0430\u0449\u0430\u0439\u0442\u0435\u0441\u044c \u043a \u043d\u0430\u043c. \u041c\u044b \u043e\u0442\u0432\u0435\u0442\u0438\u043c \u043a\u0430\u043a \u043c\u043e\u0436\u043d\u043e \u0431\u044b\u0441\u0442\u0440\u0435\u0435.<\/p>\n<p>\u041c\u044b \u043f\u043e\u043e\u0449\u0440\u044f\u0435\u043c \u0438\u0441\u043f\u043e\u043b\u044c\u0437\u043e\u0432\u0430\u043d\u0438\u0435 <a href=\"https:\/\/szkolenia-udt.pl\/ru\/oferta\/\">\u043d\u0430\u0448\u0435 \u043f\u0440\u0435\u0434\u043b\u043e\u0436\u0435\u043d\u0438\u0435<\/a> \u043e\u0431\u0443\u0447\u0435\u043d\u0438\u0435!<\/p>\n<\/div>","protected":false},"excerpt":{"rendered":"<p>Kurs na prace alpinistyczne \u2013 wysoko\u015bciowe Zach\u0119camy do wzi\u0119cia udzia\u0142u w kursie na prace alpinistyczne \u2013 wysoko\u015bciowe w O\u015brodku Szkolenia Operator\u00f3w! Nasz O\u015brodek prowadzi kurs wysoko\u015bciowy przeznaczony dla os\u00f3b chc\u0105cych wykonywa\u0107 prace na wysoko\u015bci, do czego potrzebne s\u0105 odpowiednie uprawnienia wysoko\u015bciowe. Poprzez uprawnienia do prac na wysoko\u015bci mo\u017cna podj\u0105\u0107 prac\u0119 w charakterze alpinisty przemys\u0142owego. Prowadzimy [&hellip;]<\/p>\n","protected":false},"author":3,"featured_media":2578,"parent":22,"menu_order":0,"comment_status":"closed","ping_status":"closed","template":"","meta":{"footnotes":""},"class_list":["post-1874","page","type-page","status-publish","has-post-thumbnail","hentry"],"aioseo_notices":[],"_links":{"self":[{"href":"https:\/\/szkolenia-udt.pl\/ru\/wp-json\/wp\/v2\/pages\/1874","targetHints":{"allow":["GET"]}}],"collection":[{"href":"https:\/\/szkolenia-udt.pl\/ru\/wp-json\/wp\/v2\/pages"}],"about":[{"href":"https:\/\/szkolenia-udt.pl\/ru\/wp-json\/wp\/v2\/types\/page"}],"author":[{"embeddable":true,"href":"https:\/\/szkolenia-udt.pl\/ru\/wp-json\/wp\/v2\/users\/3"}],"replies":[{"embeddable":true,"href":"https:\/\/szkolenia-udt.pl\/ru\/wp-json\/wp\/v2\/comments?post=1874"}],"version-history":[{"count":13,"href":"https:\/\/szkolenia-udt.pl\/ru\/wp-json\/wp\/v2\/pages\/1874\/revisions"}],"predecessor-version":[{"id":4507,"href":"https:\/\/szkolenia-udt.pl\/ru\/wp-json\/wp\/v2\/pages\/1874\/revisions\/4507"}],"up":[{"embeddable":true,"href":"https:\/\/szkolenia-udt.pl\/ru\/wp-json\/wp\/v2\/pages\/22"}],"wp:featuredmedia":[{"embeddable":true,"href":"https:\/\/szkolenia-udt.pl\/ru\/wp-json\/wp\/v2\/media\/2578"}],"wp:attachment":[{"href":"https:\/\/szkolenia-udt.pl\/ru\/wp-json\/wp\/v2\/media?parent=1874"}],"curies":[{"name":"wp","href":"https:\/\/api.w.org\/{rel}","templated":true}]}}