{"id":1895,"date":"2017-12-06T15:39:54","date_gmt":"2017-12-06T15:39:54","guid":{"rendered":"http:\/\/szkolenia-udt.pl\/?page_id=1895"},"modified":"2023-12-11T01:01:39","modified_gmt":"2023-12-11T00:01:39","slug":"sep-g1-g2-g3","status":"publish","type":"page","link":"https:\/\/szkolenia-udt.pl\/ru\/kursy\/sep-g1-g2-g3\/","title":{"rendered":"\u0414\u043e\u0431\u0440\u043e \u043f\u043e\u0436\u0430\u043b\u043e\u0432\u0430\u0442\u044c \u043d\u0430 \u0443\u0447\u0435\u0431\u043d\u044b\u0435 \u043a\u0443\u0440\u0441\u044b G1, G2, G3 - \u0412\u0430\u0440\u0448\u0430\u0432\u0430"},"content":{"rendered":"<h2 class=\"boldnagl\">\u0423\u0447\u0435\u0431\u043d\u044b\u0435 \u043a\u0443\u0440\u0441\u044b G1, G2, G3 - \u0412\u0430\u0440\u0448\u0430\u0432\u0430 \u0438 \u0432\u0441\u044f \u041f\u043e\u043b\u044c\u0448\u0430<\/h2>\n<div class=\"sliderpage\"><div id=\"metaslider-id-1940\" style=\"max-width: 300px;\" class=\"ml-slider-3-107-0 metaslider metaslider-flex metaslider-1940 ml-slider ms-theme-default nav-hidden\" role=\"region\" aria-label=\"sep\" data-height=\"225\" data-width=\"300\">\n    <div id=\"metaslider_container_1940\">\n        <div id=\"metaslider_1940\">\n            <ul class='slides'>\n                <li style=\"display: block; width: 100%;\" class=\"slide-2001 ms-image\" aria-roledescription=\"slide\" data-date=\"2017-12-29 10:30:02\" data-filename=\"SEP_blog2-1-1030x686-300x225.jpg\" data-slide-type=\"image\"><img loading=\"lazy\" decoding=\"async\" src=\"https:\/\/szkolenia-udt.pl\/wp-content\/uploads\/2017\/12\/SEP_blog2-1-1030x686-300x225.jpg\" height=\"225\" width=\"300\" alt=\"\" class=\"slider-1940 slide-2001 msDefaultImage\" \/><\/li>\n            <\/ul>\n        <\/div>\n        \n    <\/div>\n<\/div><\/div>\n<p>\u0412\u044b \u043c\u043e\u0436\u0435\u0442\u0435 \u043f\u043e\u0441\u0435\u0449\u0430\u0442\u044c \u0443\u0447\u0435\u0431\u043d\u044b\u0435 \u043a\u0443\u0440\u0441\u044b \u0434\u043b\u044f \u043f\u043e\u0434\u0433\u043e\u0442\u043e\u0432\u043a\u0438 \u043a \u044d\u043a\u0437\u0430\u043c\u0435\u043d\u0430\u043c \u0432 \u0432\u044b\u0431\u0440\u0430\u043d\u043d\u043e\u0439 \u0432\u0430\u043c\u0438 \u043a\u043e\u043c\u0438\u0441\u0441\u0438\u0438, \u043d\u0430\u043f\u0440: <a href=\"https:\/\/szkolenia-udt.pl\/ru\/kursy\/sep-g1-g2-g3\/komisje-certyfikujace-sep-pse-simp-sitps\/\">SEP<\/a>PSE, SIMP, SITPS \u0432 \u0426\u0435\u043d\u0442\u0440\u0435 \u043f\u043e\u0434\u0433\u043e\u0442\u043e\u0432\u043a\u0438 \u043e\u043f\u0435\u0440\u0430\u0442\u043e\u0440\u043e\u0432! \u041c\u044b \u043f\u0440\u0435\u0434\u043e\u0441\u0442\u0430\u0432\u043b\u044f\u0435\u043c \u043a\u043e\u043c\u043f\u043b\u0435\u043a\u0441\u043d\u044b\u0435 \u0438 \u043f\u0440\u043e\u0444\u0435\u0441\u0441\u0438\u043e\u043d\u0430\u043b\u044c\u043d\u044b\u0435 \u043a\u0443\u0440\u0441\u044b \u0432 \u0412\u0430\u0440\u0448\u0430\u0432\u0435 \u0438 \u0434\u0440\u0443\u0433\u0438\u0445 \u0433\u043e\u0440\u043e\u0434\u0430\u0445 \u041f\u043e\u043b\u044c\u0448\u0438. \u0415\u0441\u043b\u0438 \u0432\u044b \u0445\u043e\u0442\u0438\u0442\u0435 \u0440\u0430\u0431\u043e\u0442\u0430\u0442\u044c \u044d\u043b\u0435\u043a\u0442\u0440\u0438\u043a\u043e\u043c \u0438\u043b\u0438 \u0438\u043c\u0435\u0442\u044c \u0434\u0435\u043b\u043e \u0441 \u0433\u0430\u0437\u043e\u0432\u044b\u043c\u0438 \u0438\u043b\u0438 \u0442\u0435\u043f\u043b\u043e\u0432\u044b\u043c\u0438 \u0443\u0441\u0442\u0430\u043d\u043e\u0432\u043a\u0430\u043c\u0438, \u0441\u0435\u0442\u044f\u043c\u0438 \u0438 \u043f\u0440\u0438\u0431\u043e\u0440\u0430\u043c\u0438, \u0432\u0430\u043c \u043d\u0435\u043e\u0431\u0445\u043e\u0434\u0438\u043c\u043e \u0438\u043c\u0435\u0442\u044c \u0441\u043e\u043e\u0442\u0432\u0435\u0442\u0441\u0442\u0432\u0443\u044e\u0449\u0435\u0435 \u043f\u043e\u0434\u0442\u0432\u0435\u0440\u0436\u0434\u0435\u043d\u0438\u0435 \u043a\u0432\u0430\u043b\u0438\u0444\u0438\u043a\u0430\u0446\u0438\u0438.<\/p>\n<h3 class=\"boldnagl\">\u041c\u044b \u043f\u0440\u0435\u0434\u043e\u0441\u0442\u0430\u0432\u043b\u044f\u0435\u043c \u043e\u0431\u0443\u0447\u0435\u043d\u0438\u0435 \u043f\u043e \u0441\u043b\u0435\u0434\u0443\u044e\u0449\u0438\u043c \u043a\u0430\u0442\u0435\u0433\u043e\u0440\u0438\u044f\u043c:<\/h3>\n<ul>\n<li><a href=\"https:\/\/szkolenia-udt.pl\/ru\/kursy\/sep-g1-g2-g3\/g1\/\">\u044d\u043b\u0435\u043a\u0442\u0440\u043e\u0442\u0435\u0445\u043d\u0438\u0447\u0435\u0441\u043a\u043e\u0435 \u043e\u0431\u0443\u0447\u0435\u043d\u0438\u0435 - G1<\/a> - \u044d\u043b\u0435\u043a\u0442\u0440\u043e\u043e\u0431\u043e\u0440\u0443\u0434\u043e\u0432\u0430\u043d\u0438\u0435, \u0443\u0441\u0442\u0430\u043d\u043e\u0432\u043a\u0438 \u0438 \u0441\u0435\u0442\u0438<\/li>\n<li><a href=\"https:\/\/szkolenia-udt.pl\/ru\/kursy\/sep-g1-g2-g3\/g2\/\">\u0442\u0435\u043f\u043b\u043e\u0432\u0430\u044f \u043f\u043e\u0434\u0433\u043e\u0442\u043e\u0432\u043a\u0430 - G2<\/a> - \u043e\u0442\u043e\u043f\u0438\u0442\u0435\u043b\u044c\u043d\u043e\u0435 \u043e\u0431\u043e\u0440\u0443\u0434\u043e\u0432\u0430\u043d\u0438\u0435, \u0443\u0441\u0442\u0430\u043d\u043e\u0432\u043a\u0438 \u0438 \u0441\u0435\u0442\u0438<\/li>\n<li><a href=\"https:\/\/szkolenia-udt.pl\/ru\/kursy\/sep-g1-g2-g3\/g3\/\">\u0433\u0430\u0437\u043e\u0432\u043e\u0435 \u043e\u0431\u0443\u0447\u0435\u043d\u0438\u0435 - G3<\/a> - \u0433\u0430\u0437\u043e\u0432\u043e\u0435 \u043e\u0431\u043e\u0440\u0443\u0434\u043e\u0432\u0430\u043d\u0438\u0435, \u0443\u0441\u0442\u0430\u043d\u043e\u0432\u043a\u0438 \u0438 \u0441\u0435\u0442\u0438<\/li>\n<\/ul>\n<p>\u0417\u0430\u043d\u044f\u0442\u0438\u044f \u043f\u0440\u0435\u0434\u043d\u0430\u0437\u043d\u0430\u0447\u0435\u043d\u044b \u0434\u043b\u044f \u0440\u0443\u043a\u043e\u0432\u043e\u0434\u044f\u0449\u0435\u0433\u043e \u0438 \u043e\u0431\u0441\u043b\u0443\u0436\u0438\u0432\u0430\u044e\u0449\u0435\u0433\u043e \u043f\u0435\u0440\u0441\u043e\u043d\u0430\u043b\u0430, \u043a\u043e\u0442\u043e\u0440\u044b\u0439 \u0432 \u0445\u043e\u0434\u0435 \u043a\u0443\u0440\u0441\u0430 \u043f\u043e\u043b\u0443\u0447\u0430\u0435\u0442 \u0434\u043e\u0441\u0442\u0430\u0442\u043e\u0447\u043d\u044b\u0435 \u0437\u043d\u0430\u043d\u0438\u044f \u043e \u043f\u0440\u0430\u0432\u0438\u043b\u0430\u0445 \u0438 \u0442\u0440\u0435\u0431\u043e\u0432\u0430\u043d\u0438\u044f\u0445 \u043a \u044d\u043b\u0435\u043a\u0442\u0440\u0438\u0447\u0435\u0441\u043a\u043e\u043c\u0443, \u0442\u0435\u043f\u043b\u043e\u0432\u043e\u043c\u0443 \u0438 \u0433\u0430\u0437\u043e\u0432\u043e\u043c\u0443 \u043e\u0431\u043e\u0440\u0443\u0434\u043e\u0432\u0430\u043d\u0438\u044e \u0438 \u0443\u0441\u0442\u0430\u043d\u043e\u0432\u043a\u0430\u043c.<\/p>\n<h3 class=\"boldnagl\">\u0426\u0435\u043b\u044c \u043e\u0431\u0443\u0447\u0435\u043d\u0438\u044f<\/h3>\n<p>\u042d\u0442\u043e\u0442 \u043a\u0443\u0440\u0441, \u043a\u043e\u0442\u043e\u0440\u044b\u0439 \u0433\u043e\u0442\u043e\u0432\u0438\u0442 \u0432\u0430\u0441 \u043a \u044d\u043a\u0437\u0430\u043c\u0435\u043d\u0430\u043c G1, G2 \u0438 G3, \u043f\u043e\u0437\u0432\u043e\u043b\u044f\u0435\u0442 \u0432\u0430\u043c \u043f\u043e\u043b\u0443\u0447\u0438\u0442\u044c \u043a\u0432\u0430\u043b\u0438\u0444\u0438\u043a\u0430\u0446\u0438\u044e \u0434\u043b\u044f \u0440\u0430\u0431\u043e\u0442\u044b \u0441 \u044d\u043b\u0435\u043a\u0442\u0440\u0438\u0447\u0435\u0441\u043a\u0438\u043c, \u0442\u0435\u043f\u043b\u043e\u0432\u044b\u043c \u0438\u043b\u0438 \u0433\u0430\u0437\u043e\u0432\u044b\u043c \u043e\u0431\u043e\u0440\u0443\u0434\u043e\u0432\u0430\u043d\u0438\u0435\u043c, \u0443\u0441\u0442\u0430\u043d\u043e\u0432\u043a\u0430\u043c\u0438 \u0438 \u0441\u0435\u0442\u044f\u043c\u0438 \u0432 \u043a\u0430\u0447\u0435\u0441\u0442\u0432\u0435 \u043d\u0430\u0434\u0437\u043e\u0440\u0430 \u0438\u043b\u0438 \u044d\u043a\u0441\u043f\u043b\u0443\u0430\u0442\u0430\u0446\u0438\u0438.<\/p>\n<h3 class=\"boldnagl\">\u0412\u044b\u043f\u043b\u0430\u0442\u044b<\/h3>\n<p>\u041a\u0430\u0436\u0434\u044b\u0439 \u043a\u0443\u0440\u0441 \u0437\u0430\u0432\u0435\u0440\u0448\u0430\u0435\u0442\u0441\u044f \u044d\u043a\u0437\u0430\u043c\u0435\u043d\u043e\u043c. \u0415\u0441\u043b\u0438 \u0443\u0447\u0430\u0441\u0442\u043d\u0438\u043a \u0443\u0441\u043f\u0435\u0448\u043d\u043e \u0441\u0434\u0430\u0441\u0442 \u044d\u043a\u0437\u0430\u043c\u0435\u043d, \u043e\u043d\/\u043e\u043d\u0430 \u043f\u043e\u043b\u0443\u0447\u0438\u0442 \u0441\u043e\u043e\u0442\u0432\u0435\u0442\u0441\u0442\u0432\u0443\u044e\u0449\u0438\u0435 \u0434\u043e\u043a\u0443\u043c\u0435\u043d\u0442\u044b, \u043f\u043e\u0434\u0442\u0432\u0435\u0440\u0436\u0434\u0430\u044e\u0449\u0438\u0435 \u0435\u0433\u043e\/\u0435\u0435 \u043a\u0432\u0430\u043b\u0438\u0444\u0438\u043a\u0430\u0446\u0438\u044e \u043d\u0430 \u0434\u0430\u043d\u043d\u0443\u044e \u0434\u043e\u043b\u0436\u043d\u043e\u0441\u0442\u044c. \u041a\u0432\u0430\u043b\u0438\u0444\u0438\u043a\u0430\u0446\u0438\u044f \u0434\u0435\u0439\u0441\u0442\u0432\u0438\u0442\u0435\u043b\u044c\u043d\u0430 \u0432 \u0442\u0435\u0447\u0435\u043d\u0438\u0435 \u043f\u044f\u0442\u0438 \u043b\u0435\u0442 \u0441 \u0434\u0430\u0442\u044b \u0432\u044b\u0434\u0430\u0447\u0438. \u0418\u0445 \u0442\u0430\u043a\u0436\u0435 \u043d\u0430\u0437\u044b\u0432\u0430\u044e\u0442 \u043a\u0432\u0430\u043b\u0438\u0444\u0438\u043a\u0430\u0446\u0438\u0435\u0439 \u044d\u043b\u0435\u043a\u0442\u0440\u043e\u043c\u043e\u043d\u0442\u0430\u0436\u043d\u0438\u043a\u0430 \u0438\u043b\u0438 \u043a\u0432\u0430\u043b\u0438\u0444\u0438\u043a\u0430\u0446\u0438\u0435\u0439 \u0434\u043e 1 \u043a\u0412.<\/p>\n<h3 class=\"boldnagl\">\u0422\u0440\u0435\u0431\u043e\u0432\u0430\u043d\u0438\u044f<\/h3>\n<p>\u0416\u0435\u043b\u0430\u044e\u0449\u0438\u0435 \u043f\u0440\u0438\u043d\u044f\u0442\u044c \u0443\u0447\u0430\u0441\u0442\u0438\u0435 \u0432 \u0442\u0440\u0435\u043d\u0438\u043d\u0433\u0435 \u0434\u043e\u043b\u0436\u043d\u044b \u0441\u043e\u043e\u0442\u0432\u0435\u0442\u0441\u0442\u0432\u043e\u0432\u0430\u0442\u044c \u0441\u043b\u0435\u0434\u0443\u044e\u0449\u0438\u043c \u0442\u0440\u0435\u0431\u043e\u0432\u0430\u043d\u0438\u044f\u043c:<\/p>\n<ul>\n<li>\u043d\u0435 \u043c\u043e\u043b\u043e\u0436\u0435 18 \u043b\u0435\u0442<\/li>\n<li>\u043c\u0438\u043d\u0438\u043c\u0430\u043b\u044c\u043d\u043e\u0435 \u043d\u0430\u0447\u0430\u043b\u044c\u043d\u043e\u0435 \u043e\u0431\u0440\u0430\u0437\u043e\u0432\u0430\u043d\u0438\u0435<\/li>\n<\/ul>\n<h3 class=\"boldnagl\">\u0426\u0435\u043d\u0430<\/h3>\n<p>\u0415\u0441\u043b\u0438 \u0432\u044b \u0445\u043e\u0442\u0438\u0442\u0435 \u0437\u0430\u043f\u0438\u0441\u0430\u0442\u044c\u0441\u044f \u043d\u0430 \u043a\u0443\u0440\u0441\u044b \u0432 \u043d\u0430\u0448\u0435\u043c \u0446\u0435\u043d\u0442\u0440\u0435, \u043c\u044b \u043f\u0440\u0435\u0434\u043b\u0430\u0433\u0430\u0435\u043c \u043e\u0447\u0435\u043d\u044c \u043f\u0440\u0438\u0432\u043b\u0435\u043a\u0430\u0442\u0435\u043b\u044c\u043d\u044b\u0435 \u0446\u0435\u043d\u044b. \u0410\u043a\u0442\u0443\u0430\u043b\u044c\u043d\u044b\u0439 \u0441\u043f\u0438\u0441\u043e\u043a \u0446\u0435\u043d \u0432\u044b \u043c\u043e\u0436\u0435\u0442\u0435 \u043d\u0430\u0439\u0442\u0438 \u043d\u0430 \u043d\u0430\u0448\u0435\u043c \u0441\u0430\u0439\u0442\u0435 \u0438\u043b\u0438 \u043f\u043e\u0437\u0432\u043e\u043d\u0438\u0432 \u043f\u043e \u0443\u043a\u0430\u0437\u0430\u043d\u043d\u043e\u043c\u0443 \u0442\u0435\u043b\u0435\u0444\u043e\u043d\u0443. \u0414\u043b\u044f \u0431\u043e\u043b\u044c\u0448\u0438\u0445 \u0433\u0440\u0443\u043f\u043f \u043c\u044b \u043f\u043e\u0434\u0433\u043e\u0442\u043e\u0432\u0438\u043b\u0438 \u043f\u0440\u0438\u0432\u043b\u0435\u043a\u0430\u0442\u0435\u043b\u044c\u043d\u044b\u0435 \u0441\u043a\u0438\u0434\u043a\u0438.<\/p>\n<h3 class=\"boldnagl\">\u041c\u0435\u0441\u0442\u043e \u043e\u0431\u0443\u0447\u0435\u043d\u0438\u044f<\/h3>\n<p>\u041c\u044b \u043f\u0440\u043e\u0432\u043e\u0434\u0438\u043c \u043e\u0431\u0443\u0447\u0435\u043d\u0438\u0435 \u043f\u043e \u0432\u0441\u0435\u0439 \u041f\u043e\u043b\u044c\u0448\u0435, \u0432 \u0442\u043e\u043c \u0447\u0438\u0441\u043b\u0435 \u0432 \u0412\u0430\u0440\u0448\u0430\u0432\u0435, \u0430 \u0442\u0430\u043a\u0436\u0435 \u0432 \u043d\u0430\u0448\u0438\u0445 \u0440\u0435\u0433\u0438\u043e\u043d\u0430\u043b\u044c\u043d\u044b\u0445 \u0444\u0438\u043b\u0438\u0430\u043b\u0430\u0445. \u041c\u044b \u0442\u0430\u043a\u0436\u0435 \u043f\u0440\u043e\u0432\u043e\u0434\u0438\u043c \u0437\u0430\u043a\u0440\u044b\u0442\u044b\u0435 \u043a\u0443\u0440\u0441\u044b \u0434\u043b\u044f \u043e\u0440\u0433\u0430\u043d\u0438\u0437\u043e\u0432\u0430\u043d\u043d\u044b\u0445 \u0433\u0440\u0443\u043f\u043f, \u0432 \u044d\u0442\u043e\u043c \u0441\u043b\u0443\u0447\u0430\u0435 \u043c\u044b \u043c\u043e\u0436\u0435\u043c \u043f\u0440\u0438\u0435\u0445\u0430\u0442\u044c \u0432 \u043e\u0433\u043e\u0432\u043e\u0440\u0435\u043d\u043d\u043e\u0435 \u043c\u0435\u0441\u0442\u043e.<\/p>\n<p>\u0415\u0441\u043b\u0438 \u0443 \u0432\u0430\u0441 \u0432\u043e\u0437\u043d\u0438\u043a\u043d\u0443\u0442 \u0434\u043e\u043f\u043e\u043b\u043d\u0438\u0442\u0435\u043b\u044c\u043d\u044b\u0435 \u0432\u043e\u043f\u0440\u043e\u0441\u044b, \u043f\u043e\u0436\u0430\u043b\u0443\u0439\u0441\u0442\u0430, \u043e\u0431\u0440\u0430\u0449\u0430\u0439\u0442\u0435\u0441\u044c \u043a \u043d\u0430\u043c. \u041c\u044b \u043f\u0440\u0435\u0434\u043e\u0441\u0442\u0430\u0432\u0438\u043c \u0432\u0430\u043c \u0432\u0441\u044e \u043d\u0435\u043e\u0431\u0445\u043e\u0434\u0438\u043c\u0443\u044e \u0438\u043d\u0444\u043e\u0440\u043c\u0430\u0446\u0438\u044e.<\/p>\n<p>\u0426\u0435\u043d\u0442\u0440 \u043f\u043e\u0434\u0433\u043e\u0442\u043e\u0432\u043a\u0438 \u043e\u043f\u0435\u0440\u0430\u0442\u043e\u0440\u043e\u0432 OSO \u043f\u0440\u0438\u0433\u043b\u0430\u0448\u0430\u0435\u0442 \u0432\u0430\u0441 \u043d\u0430 \u0443\u0447\u0435\u0431\u043d\u044b\u0435 \u043a\u0443\u0440\u0441\u044b - \u0412\u0430\u0440\u0448\u0430\u0432\u0430 \u0438 \u043f\u043e \u0432\u0441\u0435\u0439 \u041f\u043e\u043b\u044c\u0448\u0435!<\/p>","protected":false},"excerpt":{"rendered":"<p>Szkolenia G1, G2, G3 \u2013 Warszawa i ca\u0142a Polska Zapraszamy na szkolenia przygotowuj\u0105ce do egzamin\u00f3w przed komisj\u0105 wybran\u0105 przez kursanta np.: SEP, PSE, SIMP, SITPS w O\u015brodku Szkolenia Operator\u00f3w! Zajmujemy si\u0119 kompleksowym i profesjonalnym prowadzeniem kurs\u00f3w w Warszawie oraz w innych miastach w Polsce. Gdy chcesz pracowa\u0107 w zawodzie elektryka, zajmowa\u0107 si\u0119 prac\u0105 z instalacjami, [&hellip;]<\/p>\n","protected":false},"author":3,"featured_media":5320,"parent":22,"menu_order":0,"comment_status":"closed","ping_status":"closed","template":"","meta":{"footnotes":""},"class_list":["post-1895","page","type-page","status-publish","has-post-thumbnail","hentry"],"aioseo_notices":[],"_links":{"self":[{"href":"https:\/\/szkolenia-udt.pl\/ru\/wp-json\/wp\/v2\/pages\/1895","targetHints":{"allow":["GET"]}}],"collection":[{"href":"https:\/\/szkolenia-udt.pl\/ru\/wp-json\/wp\/v2\/pages"}],"about":[{"href":"https:\/\/szkolenia-udt.pl\/ru\/wp-json\/wp\/v2\/types\/page"}],"author":[{"embeddable":true,"href":"https:\/\/szkolenia-udt.pl\/ru\/wp-json\/wp\/v2\/users\/3"}],"replies":[{"embeddable":true,"href":"https:\/\/szkolenia-udt.pl\/ru\/wp-json\/wp\/v2\/comments?post=1895"}],"version-history":[{"count":10,"href":"https:\/\/szkolenia-udt.pl\/ru\/wp-json\/wp\/v2\/pages\/1895\/revisions"}],"predecessor-version":[{"id":2899,"href":"https:\/\/szkolenia-udt.pl\/ru\/wp-json\/wp\/v2\/pages\/1895\/revisions\/2899"}],"up":[{"embeddable":true,"href":"https:\/\/szkolenia-udt.pl\/ru\/wp-json\/wp\/v2\/pages\/22"}],"wp:featuredmedia":[{"embeddable":true,"href":"https:\/\/szkolenia-udt.pl\/ru\/wp-json\/wp\/v2\/media\/5320"}],"wp:attachment":[{"href":"https:\/\/szkolenia-udt.pl\/ru\/wp-json\/wp\/v2\/media?parent=1895"}],"curies":[{"name":"wp","href":"https:\/\/api.w.org\/{rel}","templated":true}]}}