{"id":1897,"date":"2017-12-06T15:44:11","date_gmt":"2017-12-06T15:44:11","guid":{"rendered":"http:\/\/szkolenia-udt.pl\/?page_id=1897"},"modified":"2022-06-13T12:07:08","modified_gmt":"2022-06-13T10:07:08","slug":"g1","status":"publish","type":"page","link":"https:\/\/szkolenia-udt.pl\/ru\/kursy\/sep-g1-g2-g3\/g1\/","title":{"rendered":"\u0414\u043e\u0431\u0440\u043e \u043f\u043e\u0436\u0430\u043b\u043e\u0432\u0430\u0442\u044c \u043d\u0430 \u043a\u0443\u0440\u0441 G1 - \u0412\u0430\u0440\u0448\u0430\u0432\u0430"},"content":{"rendered":"<h2 class=\"boldnagl\">\u0423\u0447\u0435\u0431\u043d\u044b\u0435 \u043a\u0443\u0440\u0441\u044b G1 - \u0412\u0430\u0440\u0448\u0430\u0432\u0430 \u0438 \u0432\u0441\u044f \u041f\u043e\u043b\u044c\u0448\u0430<\/h2>\n<div class=\"sliderpage\"><div id=\"metaslider-id-1951\" style=\"max-width: 300px;\" class=\"ml-slider-3-107-0 metaslider metaslider-flex metaslider-1951 ml-slider ms-theme-default nav-hidden\" role=\"region\" aria-label=\"sep-g1\" data-height=\"225\" data-width=\"300\">\n    <div id=\"metaslider_container_1951\">\n        <div id=\"metaslider_1951\">\n            <ul class='slides'>\n                <li style=\"display: block; width: 100%;\" class=\"slide-2003 ms-image\" aria-roledescription=\"slide\" data-date=\"2017-12-29 10:31:03\" data-filename=\"SEP_4-1030x687-300x225.jpg\" data-slide-type=\"image\"><img loading=\"lazy\" decoding=\"async\" src=\"https:\/\/szkolenia-udt.pl\/wp-content\/uploads\/2017\/12\/SEP_4-1030x687-300x225.jpg\" height=\"225\" width=\"300\" alt=\"\" class=\"slider-1951 slide-2003 msDefaultImage\" \/><\/li>\n            <\/ul>\n        <\/div>\n        \n    <\/div>\n<\/div><\/div>\n<p><a href=\"https:\/\/szkolenia-udt.pl\/ru\/o-firmie\/\">\u0426\u0435\u043d\u0442\u0440 \u043f\u043e\u0434\u0433\u043e\u0442\u043e\u0432\u043a\u0438 \u043e\u043f\u0435\u0440\u0430\u0442\u043e\u0440\u043e\u0432 \u041e\u0413\u041e<\/a> \u043f\u0440\u0438\u0433\u043b\u0430\u0448\u0430\u0435\u0442 \u0432\u0430\u0441 \u043f\u0440\u0438\u043d\u044f\u0442\u044c \u0443\u0447\u0430\u0441\u0442\u0438\u0435 \u0432 \u043a\u0443\u0440\u0441\u0435 \u043f\u043e\u0434\u0433\u043e\u0442\u043e\u0432\u043a\u0438 \u043a \u0441\u0434\u0430\u0447\u0435 \u044d\u043a\u0437\u0430\u043c\u0435\u043d\u043e\u0432 \u043d\u0430 \u043a\u0430\u0442\u0435\u0433\u043e\u0440\u0438\u044e G1 \u043f\u043e \u044d\u043b\u0435\u043a\u0442\u0440\u043e\u043e\u0431\u043e\u0440\u0443\u0434\u043e\u0432\u0430\u043d\u0438\u044e, \u0443\u0441\u0442\u0430\u043d\u043e\u0432\u043a\u0430\u043c \u0438 \u0441\u0435\u0442\u044f\u043c. \u041a\u0443\u0440\u0441 \u0433\u043e\u0442\u043e\u0432\u0438\u0442 \u0432\u0430\u0441 \u043a \u0441\u0434\u0430\u0447\u0435 \u044d\u043a\u0437\u0430\u043c\u0435\u043d\u0430 \u0438 \u043a \u0440\u0430\u0431\u043e\u0442\u0435 \u0432 \u043a\u0430\u0447\u0435\u0441\u0442\u0432\u0435 \u044d\u043b\u0435\u043a\u0442\u0440\u043e\u043c\u043e\u043d\u0442\u0435\u0440\u0430 \u043f\u043e \u043d\u0430\u0434\u0437\u043e\u0440\u0443 \u0438 \u044d\u043a\u0441\u043f\u043b\u0443\u0430\u0442\u0430\u0446\u0438\u0438 \u043e\u0431\u043e\u0440\u0443\u0434\u043e\u0432\u0430\u043d\u0438\u044f, \u0443\u0441\u0442\u0430\u043d\u043e\u0432\u043e\u043a \u0438 \u0441\u0435\u0442\u0435\u0439, \u043e\u0442\u043d\u043e\u0441\u044f\u0449\u0438\u0445\u0441\u044f \u043a \u0433\u0440\u0443\u043f\u043f\u0435 1 \u0434\u043e \u0438 \u0432\u044b\u0448\u0435 1 \u043a\u0412.<\/p>\n<h2 class=\"boldnagl\">\u0426\u0435\u043b\u044c \u043e\u0431\u0443\u0447\u0435\u043d\u0438\u044f<\/h2>\n<p>\u0426\u0435\u043b\u044c \u0443\u0447\u0435\u0431\u043d\u043e\u0433\u043e \u043a\u0443\u0440\u0441\u0430 - \u043f\u043e\u0434\u0433\u043e\u0442\u043e\u0432\u0438\u0442\u044c \u0441\u043b\u0443\u0448\u0430\u0442\u0435\u043b\u0435\u0439 \u043a \u0441\u0434\u0430\u0447\u0435 \u044d\u043a\u0437\u0430\u043c\u0435\u043d\u0430 \u0438 \u043f\u043e\u043b\u0443\u0447\u0435\u043d\u0438\u044e \u043a\u0432\u0430\u043b\u0438\u0444\u0438\u043a\u0430\u0446\u0438\u043e\u043d\u043d\u043e\u0433\u043e \u0441\u0435\u0440\u0442\u0438\u0444\u0438\u043a\u0430\u0442\u0430 \u0432 \u0432\u044b\u0431\u0440\u0430\u043d\u043d\u043e\u0439 \u0438\u043c\u0438 \u043e\u0431\u043b\u0430\u0441\u0442\u0438. \u0414\u043e\u0441\u0442\u0443\u043f\u043d\u044b \u0441\u043b\u0435\u0434\u0443\u044e\u0449\u0438\u0435 \u0432\u0438\u0434\u044b \u0434\u0435\u044f\u0442\u0435\u043b\u044c\u043d\u043e\u0441\u0442\u0438: \u044d\u043a\u0441\u043f\u043b\u0443\u0430\u0442\u0430\u0446\u0438\u044f, \u0442\u0435\u0445\u043d\u0438\u0447\u0435\u0441\u043a\u043e\u0435 \u043e\u0431\u0441\u043b\u0443\u0436\u0438\u0432\u0430\u043d\u0438\u0435, \u0440\u0435\u043c\u043e\u043d\u0442, \u0441\u0431\u043e\u0440\u043a\u0430 \u0438 <a href=\"https:\/\/szkolenia-udt.pl\/ru\/kursy\/sep-g1-g2-g3\/prace-kontrolno-pomiarowe\/\">\u0438\u043d\u0441\u043f\u0435\u043a\u0446\u0438\u043e\u043d\u043d\u044b\u0435 \u0438 \u0438\u0437\u043c\u0435\u0440\u0438\u0442\u0435\u043b\u044c\u043d\u044b\u0435 \u0440\u0430\u0431\u043e\u0442\u044b<\/a>.<\/p>\n<h2 class=\"boldnagl\">\u041e\u0431\u043b\u0430\u0434\u0430\u0442\u0435\u043b\u0438 G1 \u043c\u043e\u0433\u0443\u0442 \u0432\u044b\u043f\u043e\u043b\u043d\u044f\u0442\u044c \u0440\u0430\u0431\u043e\u0442\u044b \u0432 \u0441\u043b\u0435\u0434\u0443\u044e\u0449\u0438\u0445 \u043e\u0431\u043b\u0430\u0441\u0442\u044f\u0445:<\/h2>\n<ul>\n<li>\u0433\u0435\u043d\u0435\u0440\u0438\u0440\u0443\u044e\u0449\u0435\u0435 \u043e\u0431\u043e\u0440\u0443\u0434\u043e\u0432\u0430\u043d\u0438\u0435, \u043f\u043e\u0434\u043a\u043b\u044e\u0447\u0435\u043d\u043d\u043e\u0435 \u043a \u043d\u0430\u0446\u0438\u043e\u043d\u0430\u043b\u044c\u043d\u043e\u0439 \u044d\u043b\u0435\u043a\u0442\u0440\u043e\u0441\u0435\u0442\u0438, \u043d\u0435\u0437\u0430\u0432\u0438\u0441\u0438\u043c\u043e \u043e\u0442 \u043d\u043e\u043c\u0438\u043d\u0430\u043b\u044c\u043d\u043e\u0433\u043e \u043d\u0430\u043f\u0440\u044f\u0436\u0435\u043d\u0438\u044f<\/li>\n<li>\u044d\u043b\u0435\u043a\u0442\u0440\u043e\u043e\u0431\u043e\u0440\u0443\u0434\u043e\u0432\u0430\u043d\u0438\u0435, \u0443\u0441\u0442\u0430\u043d\u043e\u0432\u043a\u0438 \u0438 \u0441\u0435\u0442\u0438 \u043d\u0430\u043f\u0440\u044f\u0436\u0435\u043d\u0438\u0435\u043c 1 \u043a\u0412 \u0438 \u043c\u0435\u043d\u0435\u0435<\/li>\n<li>\u043e\u0431\u043e\u0440\u0443\u0434\u043e\u0432\u0430\u043d\u0438\u0435, \u0443\u0441\u0442\u0430\u043d\u043e\u0432\u043a\u0438 \u0438 \u0441\u0435\u0442\u0438 \u0441 \u043d\u043e\u043c\u0438\u043d\u0430\u043b\u044c\u043d\u044b\u043c \u043d\u0430\u043f\u0440\u044f\u0436\u0435\u043d\u0438\u0435\u043c \u0432\u044b\u0448\u0435 1 \u043a\u0412<\/li>\n<li>\u0433\u0435\u043d\u0435\u0440\u0430\u0442\u043e\u0440\u043d\u044b\u0435 \u0443\u0441\u0442\u0430\u043d\u043e\u0432\u043a\u0438 \u043c\u043e\u0449\u043d\u043e\u0441\u0442\u044c\u044e \u0431\u043e\u043b\u0435\u0435 50 \u043a\u0412\u0442<\/li>\n<li>\u044d\u043b\u0435\u043a\u0442\u0440\u043e\u0442\u0435\u0440\u043c\u0438\u0447\u0435\u0441\u043a\u043e\u0435 \u043e\u0431\u043e\u0440\u0443\u0434\u043e\u0432\u0430\u043d\u0438\u0435<\/li>\n<li>\u044d\u043b\u0435\u043a\u0442\u0440\u043e\u043b\u0438\u0437\u043d\u043e\u0435 \u043e\u0431\u043e\u0440\u0443\u0434\u043e\u0432\u0430\u043d\u0438\u0435<\/li>\n<li>\u044d\u043b\u0435\u043a\u0442\u0440\u0438\u0447\u0435\u0441\u043a\u0438\u0435 \u0441\u0435\u0442\u0438 \u0443\u043b\u0438\u0447\u043d\u043e\u0433\u043e \u043e\u0441\u0432\u0435\u0449\u0435\u043d\u0438\u044f<\/li>\n<li>\u044d\u043b\u0435\u043a\u0442\u0440\u0438\u0447\u0435\u0441\u043a\u0430\u044f \u0432\u043e\u0437\u0434\u0443\u0448\u043d\u0430\u044f \u043a\u043e\u043d\u0442\u0430\u043a\u0442\u043d\u0430\u044f \u043b\u0438\u043d\u0438\u044f<\/li>\n<li>\u0432\u0437\u0440\u044b\u0432\u043e\u0437\u0430\u0449\u0438\u0449\u0435\u043d\u043d\u043e\u0435 \u044d\u043b\u0435\u043a\u0442\u0440\u043e\u043e\u0431\u043e\u0440\u0443\u0434\u043e\u0432\u0430\u043d\u0438\u0435<\/li>\n<li>\u043a\u043e\u043d\u0442\u0440\u043e\u043b\u044c\u043d\u043e-\u0438\u0437\u043c\u0435\u0440\u0438\u0442\u0435\u043b\u044c\u043d\u0430\u044f \u0430\u043f\u043f\u0430\u0440\u0430\u0442\u0443\u0440\u0430 \u0438 \u0430\u0432\u0442\u043e\u043c\u0430\u0442\u0438\u0447\u0435\u0441\u043a\u043e\u0435 \u043e\u0431\u043e\u0440\u0443\u0434\u043e\u0432\u0430\u043d\u0438\u0435 \u0438 \u0443\u0441\u0442\u0430\u043d\u043e\u0432\u043a\u0438 \u043a\u043e\u043d\u0442\u0440\u043e\u043b\u044f \u0438 \u0437\u0430\u0449\u0438\u0442\u044b \u0434\u043b\u044f \u043e\u0431\u043e\u0440\u0443\u0434\u043e\u0432\u0430\u043d\u0438\u044f \u0438 \u0443\u0441\u0442\u0430\u043d\u043e\u0432\u043e\u043a, \u043f\u0435\u0440\u0435\u0447\u0438\u0441\u043b\u0435\u043d\u043d\u044b\u0445 \u0432\u044b\u0448\u0435<\/li>\n<\/ul>\n<h2 class=\"boldnagl\">\u0412\u044b\u043f\u043b\u0430\u0442\u044b<\/h2>\n<p>\u041a\u0432\u0430\u043b\u0438\u0444\u0438\u043a\u0430\u0446\u0438\u043e\u043d\u043d\u043e\u0435 \u0443\u0434\u043e\u0441\u0442\u043e\u0432\u0435\u0440\u0435\u043d\u0438\u0435, \u0442\u0430\u043a \u043d\u0430\u0437\u044b\u0432\u0430\u0435\u043c\u0430\u044f \u044d\u043b\u0435\u043a\u0442\u0440\u0438\u0447\u0435\u0441\u043a\u0430\u044f \u043a\u0432\u0430\u043b\u0438\u0444\u0438\u043a\u0430\u0446\u0438\u044f, \u0432\u044b\u0434\u0430\u0435\u0442\u0441\u044f \u043f\u043e\u0441\u043b\u0435 \u0441\u0434\u0430\u0447\u0438 \u044d\u043a\u0437\u0430\u043c\u0435\u043d\u0430 \u043f\u0435\u0440\u0435\u0434 \u043a\u043e\u043c\u0438\u0441\u0441\u0438\u0435\u0439, \u0432\u044b\u0431\u0440\u0430\u043d\u043d\u043e\u0439 \u043e\u0431\u0443\u0447\u0430\u044e\u0449\u0438\u043c\u0441\u044f, \u043d\u0430\u043f\u0440\u0438\u043c\u0435\u0440: <a href=\"https:\/\/szkolenia-udt.pl\/ru\/kursy\/sep-g1-g2-g3\/komisje-certyfikujace-sep-pse-simp-sitps\/\">SEP<\/a>, PSE, SIMP, SITPS. \u0421\u0440\u043e\u043a \u0434\u0435\u0439\u0441\u0442\u0432\u0438\u044f \u043a\u0432\u0430\u043b\u0438\u0444\u0438\u043a\u0430\u0446\u0438\u0438 \u0441\u043e\u0441\u0442\u0430\u0432\u043b\u044f\u0435\u0442 5 \u043b\u0435\u0442.<\/p>\n<h2 class=\"boldnagl\">\u0422\u0440\u0435\u0431\u043e\u0432\u0430\u043d\u0438\u044f<\/h2>\n<p>\u041a\u0443\u0440\u0441 \u043e\u0431\u0443\u0447\u0435\u043d\u0438\u044f G1 \u043f\u0440\u0435\u0434\u043d\u0430\u0437\u043d\u0430\u0447\u0435\u043d \u0434\u043b\u044f \u0442\u0435\u0445, \u043a\u0442\u043e \u043e\u0442\u0432\u0435\u0447\u0430\u0435\u0442 \u0441\u043b\u0435\u0434\u0443\u044e\u0449\u0438\u043c \u0442\u0440\u0435\u0431\u043e\u0432\u0430\u043d\u0438\u044f\u043c:<\/p>\n<ul>\n<li>\u043d\u0435 \u043c\u043e\u043b\u043e\u0436\u0435 18 \u043b\u0435\u0442<\/li>\n<li>\u043c\u0438\u043d\u0438\u043c\u0430\u043b\u044c\u043d\u043e\u0435 \u043d\u0430\u0447\u0430\u043b\u044c\u043d\u043e\u0435 \u043e\u0431\u0440\u0430\u0437\u043e\u0432\u0430\u043d\u0438\u0435<\/li>\n<\/ul>\n<h2 class=\"boldnagl\">\u0426\u0435\u043d\u0430<\/h2>\n<ul>\n<li>\u043a\u0443\u0440\u0441\u044b \u043f\u0440\u043e\u0432\u043e\u0434\u044f\u0442\u0441\u044f \u0435\u0436\u0435\u0434\u043d\u0435\u0432\u043d\u043e<\/li>\n<li>\u0441\u0442\u043e\u0438\u043c\u043e\u0441\u0442\u044c \u0441\u0430\u043c\u043e\u0433\u043e \u0442\u0440\u0435\u043d\u0438\u043d\u0433\u0430 90 \u0437\u043b\u043e\u0442\u044b\u0445,<\/li>\n<li>\u0441\u0442\u043e\u0438\u043c\u043e\u0441\u0442\u044c \u043e\u0431\u0443\u0447\u0435\u043d\u0438\u044f \u0441 \u044d\u043a\u0437\u0430\u043c\u0435\u043d\u043e\u043c PLN 303<\/li>\n<\/ul>\n<h2 class=\"boldnagl\">\u041c\u0435\u0441\u0442\u043e \u043e\u0431\u0443\u0447\u0435\u043d\u0438\u044f<\/h2>\n<p>\u0417\u0430\u043d\u044f\u0442\u0438\u044f \u043f\u0440\u043e\u0432\u043e\u0434\u044f\u0442\u0441\u044f \u0432 \u0433\u043e\u0440\u043e\u0434\u0435 \u0412\u0430\u0440\u0448\u0430\u0432\u0430 \u0438 \u0432 \u0434\u0440\u0443\u0433\u0438\u0445 \u043c\u0435\u0441\u0442\u0430\u0445 \u043f\u043e \u0432\u0441\u0435\u0439 \u041f\u043e\u043b\u044c\u0448\u0435 \u0432 \u0440\u0435\u0433\u0438\u043e\u043d\u0430\u043b\u044c\u043d\u044b\u0445 \u0443\u0447\u0440\u0435\u0436\u0434\u0435\u043d\u0438\u044f\u0445 \u041e\u0413\u041e. \u041c\u044b \u0442\u0430\u043a\u0436\u0435 \u043f\u0440\u043e\u0432\u043e\u0434\u0438\u043c \u0437\u0430\u043a\u0440\u044b\u0442\u044b\u0435 \u0442\u0440\u0435\u043d\u0438\u043d\u0433\u0438 \u0432 \u0441\u043e\u043e\u0442\u0432\u0435\u0442\u0441\u0442\u0432\u0438\u0438 \u0441 \u0442\u0440\u0435\u0431\u043e\u0432\u0430\u043d\u0438\u044f\u043c\u0438 \u0437\u0430\u043a\u0430\u0437\u0447\u0438\u043a\u0430.<\/p>\n<p>\u0415\u0441\u043b\u0438 \u0443 \u0432\u0430\u0441 \u0435\u0441\u0442\u044c \u043a\u0430\u043a\u0438\u0435-\u043b\u0438\u0431\u043e \u0434\u043e\u043f\u043e\u043b\u043d\u0438\u0442\u0435\u043b\u044c\u043d\u044b\u0435 \u0432\u043e\u043f\u0440\u043e\u0441\u044b, \u043f\u043e\u0436\u0430\u043b\u0443\u0439\u0441\u0442\u0430, \u043d\u0435 \u0441\u0442\u0435\u0441\u043d\u044f\u0439\u0442\u0435\u0441\u044c \u043e\u0431\u0440\u0430\u0449\u0430\u0442\u044c\u0441\u044f \u043a \u043d\u0430\u043c. <a href=\"https:\/\/szkolenia-udt.pl\/ru\/kontakt\/\">\u043e\u0431\u0440\u0430\u0449\u0435\u043d\u0438\u0435 \u043a \u043d\u0430\u043c<\/a> \u0434\u043b\u044f \u043f\u043e\u043b\u0443\u0447\u0435\u043d\u0438\u044f \u043e\u0442\u0432\u0435\u0442\u0430.<\/p>\n<p>\u0426\u0435\u043d\u0442\u0440 \u043f\u043e\u0434\u0433\u043e\u0442\u043e\u0432\u043a\u0438 \u043e\u043f\u0435\u0440\u0430\u0442\u043e\u0440\u043e\u0432 OSO \u043f\u0440\u0438\u0433\u043b\u0430\u0448\u0430\u0435\u0442 \u0432\u0430\u0441 \u043d\u0430 \u043a\u0443\u0440\u0441\u044b \u043e\u0431\u0443\u0447\u0435\u043d\u0438\u044f \u044d\u043b\u0435\u043a\u0442\u0440\u0438\u0447\u0435\u0441\u043a\u0438\u043c \u043a\u0432\u0430\u043b\u0438\u0444\u0438\u043a\u0430\u0446\u0438\u044f\u043c \u0434\u043e 1\u043a\u0412 - \u0412\u0430\u0440\u0448\u0430\u0432\u0430 \u0438 \u043f\u043e \u0432\u0441\u0435\u0439 \u041f\u043e\u043b\u044c\u0448\u0435!<\/p>","protected":false},"excerpt":{"rendered":"<p>Szkolenia G1 \u2013 Warszawa i ca\u0142a Polska O\u015brodek Szkolenia Operator\u00f3w OSO zaprasza do skorzystania z kursu przygotowuj\u0105ce do egzamin\u00f3w w kategorii G1 na urz\u0105dzenia, instalacje i sieci elektroenergetyczne. Zaj\u0119cia przygotowuj\u0105 do egzaminu oraz pracy na stanowisku elektryka w zakresie dozoru i eksploatacji urz\u0105dze\u0144, instalacji oraz sieci zaliczanych do grupy 1 do i powy\u017cej 1 kV. [&hellip;]<\/p>\n","protected":false},"author":3,"featured_media":2002,"parent":1895,"menu_order":0,"comment_status":"closed","ping_status":"closed","template":"","meta":{"footnotes":""},"class_list":["post-1897","page","type-page","status-publish","has-post-thumbnail","hentry"],"aioseo_notices":[],"_links":{"self":[{"href":"https:\/\/szkolenia-udt.pl\/ru\/wp-json\/wp\/v2\/pages\/1897","targetHints":{"allow":["GET"]}}],"collection":[{"href":"https:\/\/szkolenia-udt.pl\/ru\/wp-json\/wp\/v2\/pages"}],"about":[{"href":"https:\/\/szkolenia-udt.pl\/ru\/wp-json\/wp\/v2\/types\/page"}],"author":[{"embeddable":true,"href":"https:\/\/szkolenia-udt.pl\/ru\/wp-json\/wp\/v2\/users\/3"}],"replies":[{"embeddable":true,"href":"https:\/\/szkolenia-udt.pl\/ru\/wp-json\/wp\/v2\/comments?post=1897"}],"version-history":[{"count":9,"href":"https:\/\/szkolenia-udt.pl\/ru\/wp-json\/wp\/v2\/pages\/1897\/revisions"}],"predecessor-version":[{"id":2897,"href":"https:\/\/szkolenia-udt.pl\/ru\/wp-json\/wp\/v2\/pages\/1897\/revisions\/2897"}],"up":[{"embeddable":true,"href":"https:\/\/szkolenia-udt.pl\/ru\/wp-json\/wp\/v2\/pages\/1895"}],"wp:featuredmedia":[{"embeddable":true,"href":"https:\/\/szkolenia-udt.pl\/ru\/wp-json\/wp\/v2\/media\/2002"}],"wp:attachment":[{"href":"https:\/\/szkolenia-udt.pl\/ru\/wp-json\/wp\/v2\/media?parent=1897"}],"curies":[{"name":"wp","href":"https:\/\/api.w.org\/{rel}","templated":true}]}}