{"id":1899,"date":"2017-12-06T15:46:28","date_gmt":"2017-12-06T15:46:28","guid":{"rendered":"http:\/\/szkolenia-udt.pl\/?page_id=1899"},"modified":"2022-06-13T12:07:25","modified_gmt":"2022-06-13T10:07:25","slug":"g2","status":"publish","type":"page","link":"https:\/\/szkolenia-udt.pl\/ru\/kursy\/sep-g1-g2-g3\/g2\/","title":{"rendered":"\u0417\u0430\u043f\u0438\u0441\u0430\u0442\u044c\u0441\u044f \u043d\u0430 \u043a\u0443\u0440\u0441 G2 - \u0412\u0430\u0440\u0448\u0430\u0432\u0430"},"content":{"rendered":"<div style=\"float: left; padding-right: 10px;\"><div id=\"metaslider-id-1958\" style=\"max-width: 300px;\" class=\"ml-slider-3-107-0 metaslider metaslider-flex metaslider-1958 ml-slider ms-theme-default nav-hidden\" role=\"region\" aria-label=\"sep-g2\" data-height=\"225\" data-width=\"300\">\n    <div id=\"metaslider_container_1958\">\n        <div id=\"metaslider_1958\">\n            <ul class='slides'>\n                <li style=\"display: block; width: 100%;\" class=\"slide-2005 ms-image\" aria-roledescription=\"slide\" data-date=\"2017-12-29 10:39:49\" data-filename=\"GAZ1-236x177.jpg\" data-slide-type=\"image\"><img loading=\"lazy\" decoding=\"async\" src=\"https:\/\/szkolenia-udt.pl\/wp-content\/uploads\/2017\/12\/GAZ1-236x177.jpg\" height=\"225\" width=\"300\" alt=\"\" class=\"slider-1958 slide-2005 msDefaultImage\" \/><\/li>\n            <\/ul>\n        <\/div>\n        \n    <\/div>\n<\/div><\/div>\n<h2 class=\"boldnagl\"><strong>\u0423\u0447\u0435\u0431\u043d\u044b\u0435 \u043a\u0443\u0440\u0441\u044b G2 - \u0412\u0430\u0440\u0448\u0430\u0432\u0430 \u0438 \u0432\u0441\u044f \u041f\u043e\u043b\u044c\u0448\u0430 <\/strong><\/h2>\n<p><a href=\"https:\/\/szkolenia-udt.pl\/ru\/o-firmie\/\">\u0426\u0435\u043d\u0442\u0440 \u043f\u043e\u0434\u0433\u043e\u0442\u043e\u0432\u043a\u0438 \u043e\u043f\u0435\u0440\u0430\u0442\u043e\u0440\u043e\u0432 \u041e\u0413\u041e<\/a> \u043f\u0440\u0438\u0433\u043b\u0430\u0448\u0430\u0435\u0442 \u0432\u0430\u0441 \u0437\u0430\u043f\u0438\u0441\u0430\u0442\u044c\u0441\u044f \u043d\u0430 \u043a\u0443\u0440\u0441 \u043e\u0431\u0443\u0447\u0435\u043d\u0438\u044f G2 \u043f\u043e \u0442\u0435\u043f\u043b\u043e\u0432\u043e\u043c\u0443 \u043e\u0431\u043e\u0440\u0443\u0434\u043e\u0432\u0430\u043d\u0438\u044e, \u0443\u0441\u0442\u0430\u043d\u043e\u0432\u043a\u0430\u043c \u0438 \u0441\u0435\u0442\u044f\u043c. \u0417\u0430\u043d\u044f\u0442\u0438\u044f \u0433\u043e\u0442\u043e\u0432\u044f\u0442 \u0432\u0430\u0441 \u043a \u0441\u0434\u0430\u0447\u0435 \u044d\u043a\u0437\u0430\u043c\u0435\u043d\u0430 \u0433\u0440\u0443\u043f\u043f\u044b 2 \u043f\u043e \u043d\u0430\u0434\u0437\u043e\u0440\u0443 \u0438 \u044d\u043a\u0441\u043f\u043b\u0443\u0430\u0442\u0430\u0446\u0438\u0438 \u043e\u0431\u043e\u0440\u0443\u0434\u043e\u0432\u0430\u043d\u0438\u044f, \u0443\u0441\u0442\u0430\u043d\u043e\u0432\u043e\u043a \u0438 \u0441\u0435\u0442\u0435\u0439.<\/p>\n<p class=\"boldnagl\"><strong>\u0426\u0435\u043b\u044c \u043e\u0431\u0443\u0447\u0435\u043d\u0438\u044f<\/strong><br \/>\n\u041a\u0443\u0440\u0441 \u043f\u0440\u0435\u0434\u043d\u0430\u0437\u043d\u0430\u0447\u0435\u043d \u0434\u043b\u044f \u0442\u0435\u0445, \u043a\u0442\u043e \u0436\u0435\u043b\u0430\u0435\u0442 \u043f\u043e\u043b\u0443\u0447\u0438\u0442\u044c \u043a\u0432\u0430\u043b\u0438\u0444\u0438\u043a\u0430\u0446\u0438\u044e \u0434\u043b\u044f \u0440\u0430\u0431\u043e\u0442\u044b \u043f\u043e \u044d\u043a\u0441\u043f\u043b\u0443\u0430\u0442\u0430\u0446\u0438\u0438 \u0438 \u043d\u0430\u0434\u0437\u043e\u0440\u0443 \u0437\u0430 \u043e\u0431\u043e\u0440\u0443\u0434\u043e\u0432\u0430\u043d\u0438\u0435\u043c \u043a\u0430\u0442\u0435\u0433\u043e\u0440\u0438\u0438 G2. \u041a\u0443\u0440\u0441 \u0433\u043e\u0442\u043e\u0432\u0438\u0442 \u043a \u044d\u043a\u0437\u0430\u043c\u0435\u043d\u0430\u043c \u043f\u0435\u0440\u0435\u0434 \u043a\u043e\u043c\u0438\u0441\u0441\u0438\u0435\u0439 \u043f\u043e \u0432\u044b\u0431\u043e\u0440\u0443 \u043e\u0431\u0443\u0447\u0430\u044e\u0449\u0435\u0433\u043e\u0441\u044f, \u043d\u0430\u043f\u0440: <a href=\"https:\/\/szkolenia-udt.pl\/ru\/kursy\/sep-g1-g2-g3\/komisje-certyfikujace-sep-pse-simp-sitps\/\">SEP<\/a>, PSE, SIMP, SITPS \u043f\u0440\u0435\u0434\u0441\u0442\u0430\u0432\u043b\u0435\u043d\u0430 \u0438\u043d\u0444\u043e\u0440\u043c\u0430\u0446\u0438\u044f \u043e\u0431 \u0443\u0441\u0442\u0440\u043e\u0439\u0441\u0442\u0432\u0435 \u0438 \u0440\u0430\u0431\u043e\u0442\u0435 \u043e\u0431\u043e\u0440\u0443\u0434\u043e\u0432\u0430\u043d\u0438\u044f, \u043a\u043e\u043d\u0442\u0440\u043e\u043b\u044c\u043d\u043e-\u0438\u0437\u043c\u0435\u0440\u0438\u0442\u0435\u043b\u044c\u043d\u044b\u0445 \u043f\u0440\u0438\u0431\u043e\u0440\u043e\u0432, \u043f\u0440\u0430\u0432\u0438\u043b\u0430\u0445 \u043e\u0445\u0440\u0430\u043d\u044b \u0442\u0440\u0443\u0434\u0430 \u0438 \u0442\u0435\u0445\u043d\u0438\u043a\u0438 \u0431\u0435\u0437\u043e\u043f\u0430\u0441\u043d\u043e\u0441\u0442\u0438, \u0430 \u0442\u0430\u043a\u0436\u0435 \u043f\u0440\u0430\u0432\u043e\u0432\u044b\u0435 \u043d\u043e\u0440\u043c\u044b.<\/p>\n<p><strong>\u041e\u0431\u043b\u0430\u0434\u0430\u0442\u0435\u043b\u0438 G2 \u043c\u043e\u0433\u0443\u0442 \u0432\u044b\u043f\u043e\u043b\u043d\u044f\u0442\u044c \u0440\u0430\u0431\u043e\u0442\u044b \u0432 \u0441\u043b\u0435\u0434\u0443\u044e\u0449\u0438\u0445 \u043e\u0431\u043b\u0430\u0441\u0442\u044f\u0445: <\/strong><\/p>\n<ul>\n<li>\u043f\u0430\u0440\u043e\u0432\u044b\u0435 \u0438 \u0432\u043e\u0434\u043e\u0433\u0440\u0435\u0439\u043d\u044b\u0435 \u043a\u043e\u0442\u043b\u044b, \u0440\u0430\u0431\u043e\u0442\u0430\u044e\u0449\u0438\u0435 \u043d\u0430 \u0442\u0432\u0435\u0440\u0434\u043e\u043c, \u0436\u0438\u0434\u043a\u043e\u043c \u0438 \u0433\u0430\u0437\u043e\u043e\u0431\u0440\u0430\u0437\u043d\u043e\u043c \u0442\u043e\u043f\u043b\u0438\u0432\u0435, \u043c\u043e\u0449\u043d\u043e\u0441\u0442\u044c\u044e \u0441\u0432\u044b\u0448\u0435 50 \u043a\u0412\u0442, \u0432\u043a\u043b\u044e\u0447\u0430\u044f \u0432\u0441\u043f\u043e\u043c\u043e\u0433\u0430\u0442\u0435\u043b\u044c\u043d\u043e\u0435 \u043e\u0431\u043e\u0440\u0443\u0434\u043e\u0432\u0430\u043d\u0438\u0435<\/li>\n<li>\u0432\u0435\u043d\u0442\u0438\u043b\u044f\u0446\u0438\u043e\u043d\u043d\u043e\u0435, \u043a\u043e\u043d\u0434\u0438\u0446\u0438\u043e\u043d\u0438\u0440\u0443\u044e\u0449\u0435\u0435 \u0438 \u0445\u043e\u043b\u043e\u0434\u0438\u043b\u044c\u043d\u043e\u0435 \u043e\u0431\u043e\u0440\u0443\u0434\u043e\u0432\u0430\u043d\u0438\u0435 \u043c\u043e\u0449\u043d\u043e\u0441\u0442\u044c\u044e \u0431\u043e\u043b\u0435\u0435 50 \u043a\u0412\u0442<\/li>\n<li>\u043e\u0431\u044a\u0435\u043a\u0442\u044b \u0445\u0440\u0430\u043d\u0435\u043d\u0438\u044f, \u0441\u043a\u043b\u0430\u0434\u0438\u0440\u043e\u0432\u0430\u043d\u0438\u044f \u0438 \u0440\u0430\u0437\u0433\u0440\u0443\u0437\u043a\u0438 \u0442\u043e\u043f\u043b\u0438\u0432\u0430, \u0435\u043c\u043a\u043e\u0441\u0442\u044c \u043a\u043e\u0442\u043e\u0440\u044b\u0445 \u043f\u0440\u0435\u0432\u044b\u0448\u0430\u0435\u0442 100 \u041c\u0433<\/li>\n<li>\u043f\u0430\u0440\u043e\u0432\u044b\u0435 \u0438 \u0432\u043e\u0434\u044f\u043d\u044b\u0435 \u0442\u0443\u0440\u0431\u0438\u043d\u044b \u043c\u043e\u0449\u043d\u043e\u0441\u0442\u044c\u044e \u0431\u043e\u043b\u0435\u0435 50 \u043a\u0412\u0442, \u0432\u043a\u043b\u044e\u0447\u0430\u044f \u0432\u0441\u043f\u043e\u043c\u043e\u0433\u0430\u0442\u0435\u043b\u044c\u043d\u043e\u0435 \u043e\u0431\u043e\u0440\u0443\u0434\u043e\u0432\u0430\u043d\u0438\u0435<\/li>\n<li>\u043a\u043e\u043c\u043f\u0440\u0435\u0441\u0441\u043e\u0440\u044b \u043c\u043e\u0449\u043d\u043e\u0441\u0442\u044c\u044e \u0431\u043e\u043b\u0435\u0435 20 \u043a\u0412\u0442 \u0438 \u0443\u0441\u0442\u0430\u043d\u043e\u0432\u043a\u0438 \u0434\u043b\u044f \u0441\u0436\u0430\u0442\u043e\u0433\u043e \u0432\u043e\u0437\u0434\u0443\u0445\u0430 \u0438 \u043f\u0440\u043e\u043c\u044b\u0448\u043b\u0435\u043d\u043d\u043e\u0433\u043e \u0433\u0430\u0437\u0430<\/li>\n<li>\u0442\u0435\u043f\u043b\u043e\u0432\u044b\u0435 \u0441\u0435\u0442\u0438 \u0438 \u0443\u0441\u0442\u0430\u043d\u043e\u0432\u043a\u0438, \u0432\u043a\u043b\u044e\u0447\u0430\u044f \u0432\u0441\u043f\u043e\u043c\u043e\u0433\u0430\u0442\u0435\u043b\u044c\u043d\u043e\u0435 \u043e\u0431\u043e\u0440\u0443\u0434\u043e\u0432\u0430\u043d\u0438\u0435, \u0441 \u0442\u0435\u043f\u043b\u043e\u043e\u0442\u0434\u0430\u0447\u0435\u0439 \u0431\u043e\u043b\u0435\u0435 50 \u043a\u0412\u0442<\/li>\n<li>\u043f\u0440\u043e\u043c\u044b\u0448\u043b\u0435\u043d\u043d\u044b\u0435 \u043f\u043e\u0442\u0440\u0435\u0431\u0438\u0442\u0435\u043b\u044c\u0441\u043a\u0438\u0435 \u0430\u0433\u0440\u0435\u0433\u0430\u0442\u044b \u043f\u0430\u0440\u0430 \u0438 \u0433\u043e\u0440\u044f\u0447\u0435\u0439 \u0432\u043e\u0434\u044b \u043c\u043e\u0449\u043d\u043e\u0441\u0442\u044c\u044e \u0431\u043e\u043b\u0435\u0435 50 \u043a\u0412\u0442<\/li>\n<li>\u043d\u0430\u0441\u043e\u0441\u044b, \u0432\u044b\u0442\u044f\u0436\u043a\u0438, \u0432\u0435\u043d\u0442\u0438\u043b\u044f\u0442\u043e\u0440\u044b \u0438 \u0432\u043e\u0437\u0434\u0443\u0445\u043e\u0434\u0443\u0432\u043a\u0438 \u043c\u043e\u0449\u043d\u043e\u0441\u0442\u044c\u044e \u0431\u043e\u043b\u0435\u0435 50 \u043a\u0412\u0442<\/li>\n<li>\u043f\u0440\u043e\u043c\u044b\u0448\u043b\u0435\u043d\u043d\u044b\u0435 \u043f\u0435\u0447\u0438 \u043c\u043e\u0449\u043d\u043e\u0441\u0442\u044c\u044e \u0431\u043e\u043b\u0435\u0435 50 \u043a\u0412\u0442<\/li>\n<li>\u043a\u043e\u043d\u0442\u0440\u043e\u043b\u044c\u043d\u043e-\u0438\u0437\u043c\u0435\u0440\u0438\u0442\u0435\u043b\u044c\u043d\u0430\u044f \u0430\u043f\u043f\u0430\u0440\u0430\u0442\u0443\u0440\u0430 \u0438 \u0430\u0432\u0442\u043e\u043c\u0430\u0442\u0438\u0447\u0435\u0441\u043a\u043e\u0435 \u043e\u0431\u043e\u0440\u0443\u0434\u043e\u0432\u0430\u043d\u0438\u0435 \u0438 \u0443\u0441\u0442\u0430\u043d\u043e\u0432\u043a\u0438 \u043a\u043e\u043d\u0442\u0440\u043e\u043b\u044f \u0438 \u0437\u0430\u0449\u0438\u0442\u044b \u0434\u043b\u044f \u043e\u0431\u043e\u0440\u0443\u0434\u043e\u0432\u0430\u043d\u0438\u044f \u0438 \u0443\u0441\u0442\u0430\u043d\u043e\u0432\u043e\u043a, \u043f\u0435\u0440\u0435\u0447\u0438\u0441\u043b\u0435\u043d\u043d\u044b\u0445 \u0432\u044b\u0448\u0435<\/li>\n<\/ul>\n<h2 class=\"boldnagl\"><strong>\u0412\u044b\u043f\u043b\u0430\u0442\u044b <\/strong><\/h2>\n<p>\u041a\u0432\u0430\u043b\u0438\u0444\u0438\u043a\u0430\u0446\u0438\u043e\u043d\u043d\u043e\u0435 \u0441\u0432\u0438\u0434\u0435\u0442\u0435\u043b\u044c\u0441\u0442\u0432\u043e, \u0442.\u0435. \u043b\u0438\u0446\u0435\u043d\u0437\u0438\u044f \u0433\u0440\u0443\u043f\u043f\u044b G2, \u043f\u043e\u043b\u0443\u0447\u0430\u0435\u0442\u0441\u044f \u043f\u043e\u0441\u043b\u0435 \u0441\u0434\u0430\u0447\u0438 \u044d\u043a\u0437\u0430\u043c\u0435\u043d\u0430. \u041b\u0438\u0446\u0435\u043d\u0437\u0438\u044f \u0434\u0435\u0439\u0441\u0442\u0432\u0438\u0442\u0435\u043b\u044c\u043d\u0430 \u0432 \u0442\u0435\u0447\u0435\u043d\u0438\u0435 5 \u043b\u0435\u0442.<\/p>\n<h2 class=\"boldnagl\"><strong>\u0422\u0440\u0435\u0431\u043e\u0432\u0430\u043d\u0438\u044f <\/strong><\/h2>\n<p>\u041a\u0443\u0440\u0441 G2 \u043f\u0440\u0435\u0434\u043d\u0430\u0437\u043d\u0430\u0447\u0435\u043d \u0434\u043b\u044f \u0442\u0435\u0445, \u043a\u0442\u043e \u043e\u0442\u0432\u0435\u0447\u0430\u0435\u0442 \u0441\u043b\u0435\u0434\u0443\u044e\u0449\u0438\u043c \u0442\u0440\u0435\u0431\u043e\u0432\u0430\u043d\u0438\u044f\u043c:<\/p>\n<ul>\n<li>\u043d\u0435 \u043c\u043e\u043b\u043e\u0436\u0435 18 \u043b\u0435\u0442<\/li>\n<li>\u043c\u0438\u043d\u0438\u043c\u0430\u043b\u044c\u043d\u043e\u0435 \u043d\u0430\u0447\u0430\u043b\u044c\u043d\u043e\u0435 \u043e\u0431\u0440\u0430\u0437\u043e\u0432\u0430\u043d\u0438\u0435<\/li>\n<\/ul>\n<h3 class=\"boldnagl\"><strong>\u0426\u0435\u043d\u0430 <\/strong><\/h3>\n<p>\u041a\u043e\u0433\u0434\u0430 \u0440\u0435\u0447\u044c \u0438\u0434\u0435\u0442 \u043e \u043f\u043e\u0441\u043e\u0431\u0438\u044f\u0445, <a href=\"https:\/\/szkolenia-udt.pl\/ru\/oferta\/\">\u0446\u0435\u043d\u0430<\/a> \u0432 \u043d\u0430\u0448\u0435\u043c \u0426\u0435\u043d\u0442\u0440\u0435 \u041e\u0413\u041e \u044f\u0432\u043b\u044f\u0435\u0442\u0441\u044f \u043a\u043e\u043d\u043a\u0443\u0440\u0435\u043d\u0442\u043e\u0441\u043f\u043e\u0441\u043e\u0431\u043d\u043e\u0439. \u041f\u043e\u0436\u0430\u043b\u0443\u0439\u0441\u0442\u0430, \u043f\u043e\u0441\u0435\u0442\u0438\u0442\u0435 \u043d\u0430\u0448 \u0432\u0435\u0431-\u0441\u0430\u0439\u0442 \u0434\u043b\u044f \u043f\u043e\u043b\u0443\u0447\u0435\u043d\u0438\u044f \u0442\u043e\u0447\u043d\u043e\u0439 \u0438\u043d\u0444\u043e\u0440\u043c\u0430\u0446\u0438\u0438 \u043e \u0441\u0442\u043e\u0438\u043c\u043e\u0441\u0442\u0438. \u041c\u044b \u0442\u0430\u043a\u0436\u0435 \u0440\u0435\u043a\u043e\u043c\u0435\u043d\u0434\u0443\u0435\u043c \u0432\u0430\u043c \u0441\u0432\u044f\u0437\u0430\u0442\u044c\u0441\u044f \u0441 \u043d\u0430\u043c\u0438 \u0434\u043b\u044f \u043f\u043e\u043b\u0443\u0447\u0435\u043d\u0438\u044f \u0434\u043e\u043f\u043e\u043b\u043d\u0438\u0442\u0435\u043b\u044c\u043d\u043e\u0439 \u0438\u043d\u0444\u043e\u0440\u043c\u0430\u0446\u0438\u0438.<\/p>\n<h3 class=\"boldnagl\"><strong>\u041c\u0435\u0441\u0442\u043e \u043e\u0431\u0443\u0447\u0435\u043d\u0438\u044f <\/strong><\/h3>\n<p>\u041c\u044b \u043f\u0440\u043e\u0432\u043e\u0434\u0438\u043c \u0443\u0447\u0435\u0431\u043d\u044b\u0435 \u0437\u0430\u043d\u044f\u0442\u0438\u044f \u0432 \u0433\u043e\u0440\u043e\u0434\u0435 \u0412\u0430\u0440\u0448\u0430\u0432\u0430, \u0430 \u0442\u0430\u043a\u0436\u0435 \u0432 \u043f\u043e\u043b\u0435\u0432\u044b\u0445 \u043e\u0442\u0434\u0435\u043b\u0435\u043d\u0438\u044f\u0445 OSO \u0432 \u041f\u043e\u043b\u044c\u0448\u0435. \u041c\u044b \u0442\u0430\u043a\u0436\u0435 \u043f\u0440\u043e\u0432\u043e\u0434\u0438\u043c \u0437\u0430\u043a\u0440\u044b\u0442\u044b\u0435 \u0442\u0440\u0435\u043d\u0438\u043d\u0433\u0438 \u0432 \u0441\u043e\u0433\u043b\u0430\u0441\u043e\u0432\u0430\u043d\u043d\u043e\u0435 \u0441 \u043a\u043b\u0438\u0435\u043d\u0442\u043e\u043c \u0432\u0440\u0435\u043c\u044f \u0438 \u043c\u0435\u0441\u0442\u0435.<\/p>\n<p>\u0415\u0441\u043b\u0438 \u0443 \u0432\u0430\u0441 \u0432\u043e\u0437\u043d\u0438\u043a\u043d\u0443\u0442 \u0434\u043e\u043f\u043e\u043b\u043d\u0438\u0442\u0435\u043b\u044c\u043d\u044b\u0435 \u0432\u043e\u043f\u0440\u043e\u0441\u044b, \u043f\u043e\u0436\u0430\u043b\u0443\u0439\u0441\u0442\u0430, \u043e\u0431\u0440\u0430\u0449\u0430\u0439\u0442\u0435\u0441\u044c <a href=\"https:\/\/szkolenia-udt.pl\/ru\/kontakt\/\">\u043e\u0431\u0440\u0430\u0449\u0435\u043d\u0438\u0435 \u043a \u043d\u0430\u043c<\/a> \u043f\u043e \u044d\u043b\u0435\u043a\u0442\u0440\u043e\u043d\u043d\u043e\u0439 \u043f\u043e\u0447\u0442\u0435 \u0438\u043b\u0438 \u043f\u043e \u0442\u0435\u043b\u0435\u0444\u043e\u043d\u0443. \u041c\u044b \u0438\u0441\u0447\u0435\u0440\u043f\u044b\u0432\u0430\u044e\u0449\u0435 \u043e\u0442\u0432\u0435\u0442\u0438\u043c \u043d\u0430 \u0432\u0441\u0435 \u0432\u043e\u043f\u0440\u043e\u0441\u044b.<\/p>\n<p>\u0426\u0435\u043d\u0442\u0440 \u043f\u043e\u0434\u0433\u043e\u0442\u043e\u0432\u043a\u0438 \u043e\u043f\u0435\u0440\u0430\u0442\u043e\u0440\u043e\u0432 OSO \u043f\u0440\u0438\u0433\u043b\u0430\u0448\u0430\u0435\u0442 \u0432\u0430\u0441 \u043d\u0430 \u0443\u0447\u0435\u0431\u043d\u044b\u0435 \u043a\u0443\u0440\u0441\u044b - \u0412\u0430\u0440\u0448\u0430\u0432\u0430 \u0438 \u043f\u043e \u0432\u0441\u0435\u0439 \u041f\u043e\u043b\u044c\u0448\u0435!<\/p>","protected":false},"excerpt":{"rendered":"<p>Szkolenia G2 \u2013 Warszawa i ca\u0142a Polska O\u015brodek Szkolenia Operator\u00f3w OSO zaprasza do zapisania si\u0119 na szkolenie cieplne G2 dla urz\u0105dze\u0144, instalacji i sieci cieplnych. Zaj\u0119cia przygotowuj\u0105 do podej\u015bcia do egzaminu w zakresie dozoru i eksploatacji urz\u0105dze\u0144, instalacji oraz sieci w grupie 2. Cel szkolenia Zaj\u0119cia skierowane s\u0105 do os\u00f3b pragn\u0105cych uzyska\u0107 kwalifikacje do pracy [&hellip;]<\/p>\n","protected":false},"author":3,"featured_media":2004,"parent":1895,"menu_order":0,"comment_status":"closed","ping_status":"closed","template":"","meta":{"footnotes":""},"class_list":["post-1899","page","type-page","status-publish","has-post-thumbnail","hentry"],"aioseo_notices":[],"_links":{"self":[{"href":"https:\/\/szkolenia-udt.pl\/ru\/wp-json\/wp\/v2\/pages\/1899","targetHints":{"allow":["GET"]}}],"collection":[{"href":"https:\/\/szkolenia-udt.pl\/ru\/wp-json\/wp\/v2\/pages"}],"about":[{"href":"https:\/\/szkolenia-udt.pl\/ru\/wp-json\/wp\/v2\/types\/page"}],"author":[{"embeddable":true,"href":"https:\/\/szkolenia-udt.pl\/ru\/wp-json\/wp\/v2\/users\/3"}],"replies":[{"embeddable":true,"href":"https:\/\/szkolenia-udt.pl\/ru\/wp-json\/wp\/v2\/comments?post=1899"}],"version-history":[{"count":7,"href":"https:\/\/szkolenia-udt.pl\/ru\/wp-json\/wp\/v2\/pages\/1899\/revisions"}],"predecessor-version":[{"id":2895,"href":"https:\/\/szkolenia-udt.pl\/ru\/wp-json\/wp\/v2\/pages\/1899\/revisions\/2895"}],"up":[{"embeddable":true,"href":"https:\/\/szkolenia-udt.pl\/ru\/wp-json\/wp\/v2\/pages\/1895"}],"wp:featuredmedia":[{"embeddable":true,"href":"https:\/\/szkolenia-udt.pl\/ru\/wp-json\/wp\/v2\/media\/2004"}],"wp:attachment":[{"href":"https:\/\/szkolenia-udt.pl\/ru\/wp-json\/wp\/v2\/media?parent=1899"}],"curies":[{"name":"wp","href":"https:\/\/api.w.org\/{rel}","templated":true}]}}