{"id":1901,"date":"2017-12-06T15:49:02","date_gmt":"2017-12-06T15:49:02","guid":{"rendered":"http:\/\/szkolenia-udt.pl\/?page_id=1901"},"modified":"2022-06-13T11:46:13","modified_gmt":"2022-06-13T09:46:13","slug":"g3","status":"publish","type":"page","link":"https:\/\/szkolenia-udt.pl\/ru\/kursy\/sep-g1-g2-g3\/g3\/","title":{"rendered":"\u0414\u043e\u0431\u0440\u043e \u043f\u043e\u0436\u0430\u043b\u043e\u0432\u0430\u0442\u044c \u0432 G3 training - \u0412\u0430\u0440\u0448\u0430\u0432\u0430"},"content":{"rendered":"<div style=\"float: left; padding-right: 10px;\"><div id=\"metaslider-id-1966\" style=\"max-width: 300px;\" class=\"ml-slider-3-107-0 metaslider metaslider-flex metaslider-1966 ml-slider ms-theme-default nav-hidden\" role=\"region\" aria-label=\"sep-g3\" data-height=\"325\" data-width=\"300\">\n    <div id=\"metaslider_container_1966\">\n        <div id=\"metaslider_1966\">\n            <ul class='slides'>\n                <li style=\"display: block; width: 100%;\" class=\"slide-2007 ms-image\" aria-roledescription=\"slide\" data-date=\"2017-12-29 11:07:03\" data-filename=\"g3-5-213x230.jpg\" data-slide-type=\"image\"><img loading=\"lazy\" decoding=\"async\" src=\"https:\/\/szkolenia-udt.pl\/wp-content\/uploads\/2017\/12\/g3-5-213x230.jpg\" height=\"325\" width=\"300\" alt=\"\" class=\"slider-1966 slide-2007 msDefaultImage\" \/><\/li>\n            <\/ul>\n        <\/div>\n        \n    <\/div>\n<\/div><\/div>\n<h2 class=\"boldnagl\"><strong>\u0423\u0447\u0435\u0431\u043d\u044b\u0435 \u043a\u0443\u0440\u0441\u044b G3 - \u0412\u0430\u0440\u0448\u0430\u0432\u0430 \u0438 \u0432\u0441\u044f \u041f\u043e\u043b\u044c\u0448\u0430 <\/strong><\/h2>\n<p>\u041c\u044b \u0440\u0435\u043a\u043e\u043c\u0435\u043d\u0434\u0443\u0435\u043c \u0432\u0430\u043c \u0437\u0430\u043f\u0438\u0441\u0430\u0442\u044c\u0441\u044f \u043d\u0430 \u043a\u0443\u0440\u0441\u044b \u0434\u043b\u044f \u043f\u043e\u0434\u0433\u043e\u0442\u043e\u0432\u043a\u0438 \u043a \u044d\u043a\u0437\u0430\u043c\u0435\u043d\u0430\u043c \u0434\u043e \u043d\u0430\u0447\u0430\u043b\u0430 \u0440\u0430\u0431\u043e\u0442\u044b \u043a\u043e\u043c\u0438\u0442\u0435\u0442\u043e\u0432 <a href=\"https:\/\/szkolenia-udt.pl\/ru\/kursy\/sep-g1-g2-g3\/komisje-certyfikujace-sep-pse-simp-sitps\/\">SEP<\/a>PSE, SIMP, SITPS \u0432 \u043a\u0430\u0442\u0435\u0433\u043e\u0440\u0438\u0438 G3 \u0432 \u0426\u0435\u043d\u0442\u0440\u0435 \u043f\u043e\u0434\u0433\u043e\u0442\u043e\u0432\u043a\u0438 \u043e\u043f\u0435\u0440\u0430\u0442\u043e\u0440\u043e\u0432 CSO! \u0417\u0430\u043d\u044f\u0442\u0438\u044f, \u043f\u0440\u043e\u0432\u043e\u0434\u0438\u043c\u044b\u0435 \u043d\u0430\u0448\u0438\u043c\u0438 \u0441\u043f\u0435\u0446\u0438\u0430\u043b\u0438\u0441\u0442\u0430\u043c\u0438, \u043f\u043e\u0434\u0433\u043e\u0442\u043e\u0432\u044f\u0442 \u0432\u0430\u0441 \u043a \u0440\u0430\u0431\u043e\u0442\u0435 \u0432 \u043e\u0431\u043b\u0430\u0441\u0442\u0438 \u043d\u0430\u0434\u0437\u043e\u0440\u0430 \u0438 \u044d\u043a\u0441\u043f\u043b\u0443\u0430\u0442\u0430\u0446\u0438\u0438 \u043e\u0431\u043e\u0440\u0443\u0434\u043e\u0432\u0430\u043d\u0438\u044f, \u0443\u0441\u0442\u0430\u043d\u043e\u0432\u043e\u043a \u0438 \u0441\u0435\u0442\u0435\u0439 \u0432 \u0433\u0440\u0443\u043f\u043f\u0435 3.<\/p>\n<h2 class=\"boldnagl\"><strong>\u0426\u0435\u043b\u044c \u043e\u0431\u0443\u0447\u0435\u043d\u0438\u044f <\/strong><\/h2>\n<p>\u0426\u0435\u043b\u044c \u043a\u0443\u0440\u0441\u0430 <a href=\"https:\/\/szkolenia-udt.pl\/ru\/kursy\/sep-g1-g2-g3\/g1\/\">G1<\/a> \u0437\u0430\u043a\u043b\u044e\u0447\u0430\u0435\u0442\u0441\u044f \u0432\u043e \u0432\u0441\u0435\u0441\u0442\u043e\u0440\u043e\u043d\u043d\u0435\u0439 \u043f\u043e\u0434\u0433\u043e\u0442\u043e\u0432\u043a\u0435 \u0443\u0447\u0430\u0441\u0442\u043d\u0438\u043a\u043e\u0432 \u043a \u0441\u0434\u0430\u0447\u0435 \u044d\u043a\u0437\u0430\u043c\u0435\u043d\u0430 \u0434\u043b\u044f \u043f\u043e\u043b\u0443\u0447\u0435\u043d\u0438\u044f \u043b\u0438\u0446\u0435\u043d\u0437\u0438\u0438 \u043d\u0430 \u044d\u043a\u0441\u043f\u043b\u0443\u0430\u0442\u0430\u0446\u0438\u044e \u0438 \u043d\u0430\u0434\u0437\u043e\u0440 \u0437\u0430 \u0433\u0430\u0437\u043e\u043c, \u0432 \u0437\u0430\u0432\u0438\u0441\u0438\u043c\u043e\u0441\u0442\u0438 \u043e\u0442 \u0432\u044b\u0431\u0440\u0430\u043d\u043d\u043e\u0433\u043e \u0432\u0430\u0440\u0438\u0430\u043d\u0442\u0430.<\/p>\n<p><strong>\u0412\u043b\u0430\u0434\u0435\u043b\u044c\u0446\u044b G3 \u043c\u043e\u0433\u0443\u0442 \u043e\u0441\u0443\u0449\u0435\u0441\u0442\u0432\u043b\u044f\u0442\u044c <\/strong><\/p>\n<ul>\n<li>\u0440\u0430\u0431\u043e\u0442\u0430\u0442\u044c \u0432 \u0441\u043b\u0435\u0434\u0443\u044e\u0449\u0438\u0445 \u043e\u0431\u043b\u0430\u0441\u0442\u044f\u0445:<\/li>\n<li>\u043e\u0431\u043e\u0440\u0443\u0434\u043e\u0432\u0430\u043d\u0438\u0435 \u0434\u043b\u044f \u043f\u0440\u043e\u0438\u0437\u0432\u043e\u0434\u0441\u0442\u0432\u0430 \u0433\u0430\u0437\u043e\u043e\u0431\u0440\u0430\u0437\u043d\u043e\u0433\u043e \u0442\u043e\u043f\u043b\u0438\u0432\u0430, \u0433\u0430\u0437\u043e\u0433\u0435\u043d\u0435\u0440\u0430\u0442\u043e\u0440\u044b<\/li>\n<li>\u0433\u0430\u0437\u043e\u0432\u044b\u0435 \u043f\u0440\u0438\u0431\u043e\u0440\u044b \u0438 \u0443\u0441\u0442\u0430\u043d\u043e\u0432\u043a\u0438 \u0441 \u0434\u0430\u0432\u043b\u0435\u043d\u0438\u0435\u043c \u0432\u044b\u0448\u0435 5 \u043a\u041f\u0430<\/li>\n<li>\u0433\u0430\u0437\u043e\u0432\u044b\u0435 \u043f\u0440\u0438\u0431\u043e\u0440\u044b \u0438 \u0443\u0441\u0442\u0430\u043d\u043e\u0432\u043a\u0438, \u0438\u043c\u0435\u044e\u0449\u0438\u0435 \u0434\u0430\u0432\u043b\u0435\u043d\u0438\u0435 \u043d\u0435 \u0431\u043e\u043b\u0435\u0435 5 \u043a\u041f\u0430<\/li>\n<li>\u0443\u0441\u0442\u0430\u043d\u043e\u0432\u043a\u0438 \u043f\u0435\u0440\u0435\u0440\u0430\u0431\u043e\u0442\u043a\u0438 \u0438 \u043f\u043e\u0434\u0433\u043e\u0442\u043e\u0432\u043a\u0438 \u0433\u0430\u0437\u043e\u0432\u043e\u0433\u043e \u0442\u043e\u043f\u043b\u0438\u0432\u0430, \u0443\u0441\u0442\u0430\u043d\u043e\u0432\u043a\u0438 \u0440\u0430\u0437\u043b\u043e\u0436\u0435\u043d\u0438\u044f \u0433\u0430\u0437\u043e\u0432\u043e\u0433\u043e \u0442\u043e\u043f\u043b\u0438\u0432\u0430, \u0443\u0441\u0442\u0430\u043d\u043e\u0432\u043a\u0438 \u043f\u0435\u0440\u0435\u0440\u0430\u0431\u043e\u0442\u043a\u0438 \u043f\u0440\u0438\u0440\u043e\u0434\u043d\u043e\u0433\u043e \u0433\u0430\u0437\u0430, \u0443\u0441\u0442\u0430\u043d\u043e\u0432\u043a\u0438 \u043e\u0447\u0438\u0441\u0442\u043a\u0438 \u0433\u0430\u0437\u0430, \u0443\u0441\u0442\u0430\u043d\u043e\u0432\u043a\u0438 \u0440\u0430\u0441\u0448\u0438\u0440\u0435\u043d\u0438\u044f \u0438 \u0440\u043e\u0437\u043b\u0438\u0432\u0430 \u0441\u0436\u0438\u0436\u0435\u043d\u043d\u043e\u0433\u043e \u043d\u0435\u0444\u0442\u044f\u043d\u043e\u0433\u043e \u0433\u0430\u0437\u0430 (LPG), \u0434\u0435\u043d\u0438\u0442\u0440\u0438\u0444\u0438\u043a\u0430\u0446\u0438\u0438, \u0441\u043c\u0435\u0441\u0438\u0442\u0435\u043b\u044c\u043d\u044b\u0435 \u0443\u0441\u0442\u0430\u043d\u043e\u0432\u043a\u0438<\/li>\n<li>\u0445\u0440\u0430\u043d\u0438\u043b\u0438\u0449\u0430 \u0434\u043b\u044f \u0433\u0430\u0437\u043e\u043e\u0431\u0440\u0430\u0437\u043d\u043e\u0433\u043e \u0442\u043e\u043f\u043b\u0438\u0432\u0430<\/li>\n<li>\u0433\u0430\u0437\u043e\u0432\u044b\u0435 \u0442\u0443\u0440\u0431\u0438\u043d\u044b<\/li>\n<li>\u0433\u0430\u0437\u043e\u0440\u0430\u0441\u043f\u0440\u0435\u0434\u0435\u043b\u0438\u0442\u0435\u043b\u044c\u043d\u044b\u0435 \u0441\u0435\u0442\u0438 \u0441 \u0434\u0430\u0432\u043b\u0435\u043d\u0438\u0435\u043c \u043d\u0435 \u0431\u043e\u043b\u0435\u0435 0,5 \u041c\u041f\u0430 (\u0433\u0430\u0437\u043e\u043f\u0440\u043e\u0432\u043e\u0434\u044b \u0438 \u043f\u0443\u043d\u043a\u0442\u044b \u0440\u0435\u0434\u0443\u0446\u0438\u0440\u043e\u0432\u0430\u043d\u0438\u044f, \u0430\u0432\u0442\u043e\u0437\u0430\u043f\u0440\u0430\u0432\u043e\u0447\u043d\u044b\u0435 \u0441\u0442\u0430\u043d\u0446\u0438\u0438)<\/li>\n<li>\u0433\u0430\u0437\u043e\u0442\u0440\u0430\u043d\u0441\u043f\u043e\u0440\u0442\u043d\u044b\u0435 \u0441\u0435\u0442\u0438 \u0441 \u0434\u0430\u0432\u043b\u0435\u043d\u0438\u0435\u043c \u0432\u044b\u0448\u0435 0,5 \u041c\u041f\u0430 (\u0433\u0430\u0437\u043e\u043f\u0440\u043e\u0432\u043e\u0434\u044b, \u0433\u0430\u0437\u043e\u0432\u044b\u0435 \u0441\u0442\u0430\u043d\u0446\u0438\u0438, \u0433\u0430\u0437\u043e\u043a\u043e\u043c\u043f\u0440\u0435\u0441\u0441\u043e\u0440\u043d\u044b\u0435 \u0441\u0442\u0430\u043d\u0446\u0438\u0438)<\/li>\n<li>\u043f\u0440\u043e\u043c\u044b\u0448\u043b\u0435\u043d\u043d\u044b\u0435 \u043f\u043e\u0442\u0440\u0435\u0431\u0438\u0442\u0435\u043b\u0438 \u0433\u0430\u0437\u043e\u043e\u0431\u0440\u0430\u0437\u043d\u043e\u0433\u043e \u0442\u043e\u043f\u043b\u0438\u0432\u0430 \u043c\u043e\u0449\u043d\u043e\u0441\u0442\u044c\u044e \u0441\u0432\u044b\u0448\u0435 50 \u043a\u0412\u0442<\/li>\n<li>\u043a\u043e\u043d\u0442\u0440\u043e\u043b\u044c\u043d\u043e-\u0438\u0437\u043c\u0435\u0440\u0438\u0442\u0435\u043b\u044c\u043d\u0430\u044f \u0430\u043f\u043f\u0430\u0440\u0430\u0442\u0443\u0440\u0430 \u0438 \u0430\u0432\u0442\u043e\u043c\u0430\u0442\u0438\u0447\u0435\u0441\u043a\u043e\u0435 \u043e\u0431\u043e\u0440\u0443\u0434\u043e\u0432\u0430\u043d\u0438\u0435 \u0438 \u0443\u0441\u0442\u0430\u043d\u043e\u0432\u043a\u0438 \u043a\u043e\u043d\u0442\u0440\u043e\u043b\u044f \u0438 \u0437\u0430\u0449\u0438\u0442\u044b \u0434\u043b\u044f \u043e\u0431\u043e\u0440\u0443\u0434\u043e\u0432\u0430\u043d\u0438\u044f \u0438 \u0443\u0441\u0442\u0430\u043d\u043e\u0432\u043e\u043a, \u043f\u0435\u0440\u0435\u0447\u0438\u0441\u043b\u0435\u043d\u043d\u044b\u0445 \u0432\u044b\u0448\u0435<\/li>\n<\/ul>\n<h2 class=\"boldnagl\"><strong>\u0412\u044b\u043f\u043b\u0430\u0442\u044b <\/strong><\/h2>\n<p>\u0413\u0430\u0437\u043e\u0432\u0430\u044f \u043b\u0438\u0446\u0435\u043d\u0437\u0438\u044f, \u043a\u0432\u0430\u043b\u0438\u0444\u0438\u043a\u0430\u0446\u0438\u043e\u043d\u043d\u043e\u0435 \u0441\u0432\u0438\u0434\u0435\u0442\u0435\u043b\u044c\u0441\u0442\u0432\u043e \u043f\u043e \u0433\u0440\u0443\u043f\u043f\u0435 G3, \u043f\u043e\u043b\u0443\u0447\u0430\u0435\u0442\u0441\u044f \u043f\u043e\u0441\u043b\u0435 \u0441\u0434\u0430\u0447\u0438 \u044d\u043a\u0437\u0430\u043c\u0435\u043d\u0430. \u041b\u0438\u0446\u0435\u043d\u0437\u0438\u044f \u0434\u0435\u0439\u0441\u0442\u0432\u0438\u0442\u0435\u043b\u044c\u043d\u0430 \u0432 \u0442\u0435\u0447\u0435\u043d\u0438\u0435 5 \u043b\u0435\u0442.<\/p>\n<h2 class=\"boldnagl\"><strong>\u0422\u0440\u0435\u0431\u043e\u0432\u0430\u043d\u0438\u044f <\/strong><\/h2>\n<p>\u041a\u0443\u0440\u0441 G3 \u043e\u0442\u043a\u0440\u044b\u0442 \u0434\u043b\u044f \u0442\u0435\u0445, \u043a\u0442\u043e \u0438\u043c\u0435\u0435\u0442:<\/p>\n<ul>\n<li>\u043d\u0435 \u043c\u043e\u043b\u043e\u0436\u0435 18 \u043b\u0435\u0442<\/li>\n<li>\u043c\u0438\u043d\u0438\u043c\u0430\u043b\u044c\u043d\u043e\u0435 \u043d\u0430\u0447\u0430\u043b\u044c\u043d\u043e\u0435 \u043e\u0431\u0440\u0430\u0437\u043e\u0432\u0430\u043d\u0438\u0435<\/li>\n<\/ul>\n<h3 class=\"boldnagl\"><strong>\u0426\u0435\u043d\u0430 <\/strong><\/h3>\n<p>\u041a\u043e\u0433\u0434\u0430 \u0432\u044b \u0445\u043e\u0442\u0438\u0442\u0435 \u043f\u043e\u043b\u0443\u0447\u0438\u0442\u044c \u0432\u043b\u0430\u0441\u0442\u044c, <a href=\"https:\/\/szkolenia-udt.pl\/ru\/oferta\/\">\u0446\u0435\u043d\u0430<\/a> \u0432 \u043d\u0430\u0448\u0435\u043c \u0446\u0435\u043d\u0442\u0440\u0435 \u043e\u0447\u0435\u043d\u044c \u043f\u0440\u0438\u0432\u043b\u0435\u043a\u0430\u0442\u0435\u043b\u044c\u043d\u0430 \u0438 \u043a\u043e\u043d\u043a\u0443\u0440\u0435\u043d\u0442\u043e\u0441\u043f\u043e\u0441\u043e\u0431\u043d\u0430. \u0418\u043d\u0444\u043e\u0440\u043c\u0430\u0446\u0438\u044e \u043e \u0441\u0442\u043e\u0438\u043c\u043e\u0441\u0442\u0438 \u043c\u043e\u0436\u043d\u043e \u043d\u0430\u0439\u0442\u0438 \u043d\u0430 \u043d\u0430\u0448\u0435\u043c \u0441\u0430\u0439\u0442\u0435 \u0438\u043b\u0438 \u043f\u043e\u043b\u0443\u0447\u0438\u0442\u044c, \u043f\u043e\u0437\u0432\u043e\u043d\u0438\u0432 \u043f\u043e \u0443\u043a\u0430\u0437\u0430\u043d\u043d\u043e\u043c\u0443 \u0442\u0435\u043b\u0435\u0444\u043e\u043d\u0443. \u0417\u0430 \u043e\u0431\u0441\u043b\u0435\u0434\u043e\u0432\u0430\u043d\u0438\u0435 \u0432\u0437\u0438\u043c\u0430\u0435\u0442\u0441\u044f \u0434\u043e\u043f\u043e\u043b\u043d\u0438\u0442\u0435\u043b\u044c\u043d\u0430\u044f \u043f\u043b\u0430\u0442\u0430.<\/p>\n<h3 class=\"boldnagl\"><strong>\u041c\u0435\u0441\u0442\u043e \u043e\u0431\u0443\u0447\u0435\u043d\u0438\u044f <\/strong><\/h3>\n<p>\u0417\u0430\u043d\u044f\u0442\u0438\u044f \u043f\u0440\u043e\u0432\u043e\u0434\u044f\u0442\u0441\u044f \u0432 \u0412\u0430\u0440\u0448\u0430\u0432\u0435, \u0430 \u0442\u0430\u043a\u0436\u0435 \u0432 \u0434\u0440\u0443\u0433\u0438\u0445 \u043c\u0435\u0441\u0442\u0430\u0445 \u041f\u043e\u043b\u044c\u0448\u0438, \u0433\u0434\u0435 \u0435\u0441\u0442\u044c \u0440\u0435\u0433\u0438\u043e\u043d\u0430\u043b\u044c\u043d\u044b\u0435 \u0446\u0435\u043d\u0442\u0440\u044b \u041e\u0413\u041e. \u041c\u044b \u0442\u0430\u043a\u0436\u0435 \u043c\u043e\u0436\u0435\u043c \u043e\u0440\u0433\u0430\u043d\u0438\u0437\u043e\u0432\u0430\u0442\u044c \u0437\u0430\u043a\u0440\u044b\u0442\u044b\u0435 \u0437\u0430\u043d\u044f\u0442\u0438\u044f \u0432 \u0437\u0430\u0440\u0430\u043d\u0435\u0435 \u043e\u0433\u043e\u0432\u043e\u0440\u0435\u043d\u043d\u043e\u043c \u043c\u0435\u0441\u0442\u0435 \u0438 \u0434\u0430\u0442\u0435.<\/p>\n<p>\u0415\u0441\u043b\u0438 \u0443 \u0432\u0430\u0441 \u0432\u043e\u0437\u043d\u0438\u043a\u043d\u0443\u0442 \u0434\u043e\u043f\u043e\u043b\u043d\u0438\u0442\u0435\u043b\u044c\u043d\u044b\u0435 \u0432\u043e\u043f\u0440\u043e\u0441\u044b <a href=\"https:\/\/szkolenia-udt.pl\/ru\/kontakt\/\">\u043f\u043e\u0436\u0430\u043b\u0443\u0439\u0441\u0442\u0430, \u0441\u0432\u044f\u0436\u0438\u0442\u0435\u0441\u044c \u0441 \u043d\u0430\u043c\u0438<\/a> \u0441 \u043d\u0430\u0448\u0438\u043c\u0438 \u0441\u043f\u0435\u0446\u0438\u0430\u043b\u0438\u0441\u0442\u0430\u043c\u0438.<\/p>\n<p>\u0426\u0435\u043d\u0442\u0440 \u043f\u043e\u0434\u0433\u043e\u0442\u043e\u0432\u043a\u0438 \u043e\u043f\u0435\u0440\u0430\u0442\u043e\u0440\u043e\u0432 OSO \u043f\u0440\u0438\u0433\u043b\u0430\u0448\u0430\u0435\u0442 \u0432\u0430\u0441 \u043d\u0430 \u043a\u0443\u0440\u0441\u044b \u043a\u0430\u0442\u0435\u0433\u043e\u0440\u0438\u0438 G3 - \u0432 \u0412\u0430\u0440\u0448\u0430\u0432\u0435 \u0438 \u043f\u043e \u0432\u0441\u0435\u0439 \u041f\u043e\u043b\u044c\u0448\u0435!<\/p>","protected":false},"excerpt":{"rendered":"<p>Szkolenia G3 \u2013 Warszawa i ca\u0142a Polska Zach\u0119camy do zapisania si\u0119 na kurs przygotowuj\u0105ce do egzamin\u00f3w przed komisjami SEP, PSE, SIMP, SITPS w kategorii G3 w O\u015brodku Szkolenia Operator\u00f3w OSO! Prowadzone przez naszych ekspert\u00f3w zaj\u0119cia przygotowuj\u0105 do podj\u0119cia pracy w zakresie dozoru i eksploatacji urz\u0105dze\u0144, instalacji oraz sieci w grupie 3. Cel szkolenia Celem kursu [&hellip;]<\/p>\n","protected":false},"author":3,"featured_media":2006,"parent":1895,"menu_order":0,"comment_status":"closed","ping_status":"closed","template":"","meta":{"footnotes":""},"class_list":["post-1901","page","type-page","status-publish","has-post-thumbnail","hentry"],"aioseo_notices":[],"_links":{"self":[{"href":"https:\/\/szkolenia-udt.pl\/ru\/wp-json\/wp\/v2\/pages\/1901","targetHints":{"allow":["GET"]}}],"collection":[{"href":"https:\/\/szkolenia-udt.pl\/ru\/wp-json\/wp\/v2\/pages"}],"about":[{"href":"https:\/\/szkolenia-udt.pl\/ru\/wp-json\/wp\/v2\/types\/page"}],"author":[{"embeddable":true,"href":"https:\/\/szkolenia-udt.pl\/ru\/wp-json\/wp\/v2\/users\/3"}],"replies":[{"embeddable":true,"href":"https:\/\/szkolenia-udt.pl\/ru\/wp-json\/wp\/v2\/comments?post=1901"}],"version-history":[{"count":7,"href":"https:\/\/szkolenia-udt.pl\/ru\/wp-json\/wp\/v2\/pages\/1901\/revisions"}],"predecessor-version":[{"id":2892,"href":"https:\/\/szkolenia-udt.pl\/ru\/wp-json\/wp\/v2\/pages\/1901\/revisions\/2892"}],"up":[{"embeddable":true,"href":"https:\/\/szkolenia-udt.pl\/ru\/wp-json\/wp\/v2\/pages\/1895"}],"wp:featuredmedia":[{"embeddable":true,"href":"https:\/\/szkolenia-udt.pl\/ru\/wp-json\/wp\/v2\/media\/2006"}],"wp:attachment":[{"href":"https:\/\/szkolenia-udt.pl\/ru\/wp-json\/wp\/v2\/media?parent=1901"}],"curies":[{"name":"wp","href":"https:\/\/api.w.org\/{rel}","templated":true}]}}