{"id":1903,"date":"2017-12-06T15:50:24","date_gmt":"2017-12-06T15:50:24","guid":{"rendered":"http:\/\/szkolenia-udt.pl\/?page_id=1903"},"modified":"2022-06-13T11:54:26","modified_gmt":"2022-06-13T09:54:26","slug":"%d1%81%d0%b5%d1%80%d1%82%d0%b8%d1%84%d0%b8%d0%ba%d0%b0%d1%86%d0%b8%d0%be%d0%bd%d0%bd%d1%8b%d0%b5-%d0%ba%d0%be%d0%bc%d0%b8%d1%82%d0%b5%d1%82%d1%8b-%d1%81%d0%b5%d0%bf-%d0%bf%d1%81%d0%b5-%d1%81%d0%b8","status":"publish","type":"page","link":"https:\/\/szkolenia-udt.pl\/ru\/kursy\/sep-g1-g2-g3\/komisje-certyfikujace-sep-pse-simp-sitps\/","title":{"rendered":"\u0421\u0435\u0440\u0442\u0438\u0444\u0438\u043a\u0430\u0446\u0438\u043e\u043d\u043d\u044b\u0435 \u043a\u043e\u043c\u0438\u0442\u0435\u0442\u044b: SEP, PSE, SIMP, SITPS"},"content":{"rendered":"<div style=\"float: left; padding-right: 10px;\"><div id=\"metaslider-id-1974\" style=\"max-width: 450px;\" class=\"ml-slider-3-107-0 metaslider metaslider-flex metaslider-1974 ml-slider ms-theme-default nav-hidden\" role=\"region\" aria-label=\"com-sep\" data-height=\"400\" data-width=\"450\">\n    <div id=\"metaslider_container_1974\">\n        <div id=\"metaslider_1974\">\n            <ul class='slides'>\n                <li style=\"display: block; width: 100%;\" class=\"slide-2009 ms-image\" aria-roledescription=\"slide\" data-date=\"2017-12-29 11:08:48\" data-filename=\"images-3-217x192.jpg\" data-slide-type=\"image\"><img loading=\"lazy\" decoding=\"async\" src=\"https:\/\/szkolenia-udt.pl\/wp-content\/uploads\/2017\/12\/images-3-217x192.jpg\" height=\"400\" width=\"450\" alt=\"\" class=\"slider-1974 slide-2009 msDefaultImage\" \/><\/li>\n            <\/ul>\n        <\/div>\n        \n    <\/div>\n<\/div><\/div>\n<h2 class=\"boldnagl\"><strong>SEP, PSE, SIMP, SITPS - \u0441\u0435\u0440\u0442\u0438\u0444\u0438\u043a\u0430\u0446\u0438\u043e\u043d\u043d\u044b\u0435 \u043a\u043e\u043c\u0438\u0442\u0435\u0442\u044b, \u0443\u0442\u0432\u0435\u0440\u0436\u0434\u0435\u043d\u043d\u044b\u0435 ERO <\/strong><\/h2>\n<p>\u041f\u0440\u0438\u043d\u044f\u0442\u043e \u043d\u0430\u0437\u044b\u0432\u0430\u0442\u044c \u043a\u0443\u0440\u0441\u044b, \u0434\u0430\u044e\u0449\u0438\u0435 \u0441\u043e\u043e\u0442\u0432\u0435\u0442\u0441\u0442\u0432\u0443\u044e\u0449\u0443\u044e \u043a\u0432\u0430\u043b\u0438\u0444\u0438\u043a\u0430\u0446\u0438\u044e \u043f\u043e \u044d\u043d\u0435\u0440\u0433\u0435\u0442\u0438\u0447\u0435\u0441\u043a\u043e\u043c\u0443, \u0442\u0435\u043f\u043b\u043e\u0432\u043e\u043c\u0443 \u0438 \u0433\u0430\u0437\u043e\u0432\u043e\u043c\u0443 \u043e\u0431\u043e\u0440\u0443\u0434\u043e\u0432\u0430\u043d\u0438\u044e, \u0443\u0441\u0442\u0430\u043d\u043e\u0432\u043a\u0430\u043c \u0438 \u0441\u0435\u0442\u044f\u043c, \"\u043a\u0443\u0440\u0441\u0430\u043c\u0438 SEP\". \u0410\u043d\u0430\u043b\u043e\u0433\u0438\u0447\u043d\u044b\u043c \u043e\u0431\u0440\u0430\u0437\u043e\u043c, \"\u044d\u043a\u0437\u0430\u043c\u0435\u043d SEP\" \u0442\u0430\u043a\u0436\u0435 \u043d\u0430\u0437\u044b\u0432\u0430\u044e\u0442 \u0441\u0435\u0440\u0442\u0438\u0444\u0438\u043a\u0430\u0446\u0438\u043e\u043d\u043d\u044b\u043c \u044d\u043a\u0437\u0430\u043c\u0435\u043d\u043e\u043c. \u041e\u0434\u043d\u0430\u043a\u043e \u0432 \u0434\u0435\u0439\u0441\u0442\u0432\u0438\u0442\u0435\u043b\u044c\u043d\u043e\u0441\u0442\u0438 \u0435\u0433\u043e \u043c\u043e\u0436\u043d\u043e \u0441\u0434\u0430\u0432\u0430\u0442\u044c \u0438 \u043f\u0435\u0440\u0435\u0434 \u0434\u0440\u0443\u0433\u0438\u043c\u0438 \u0441\u0435\u0440\u0442\u0438\u0444\u0438\u043a\u0430\u0446\u0438\u043e\u043d\u043d\u044b\u043c\u0438 \u043a\u043e\u043c\u0438\u0441\u0441\u0438\u044f\u043c\u0438.<\/p>\n<p>\u0423\u043f\u0440\u0430\u0432\u043b\u0435\u043d\u0438\u0435 \u043f\u043e \u0440\u0435\u0433\u0443\u043b\u0438\u0440\u043e\u0432\u0430\u043d\u0438\u044e \u044d\u043d\u0435\u0440\u0433\u0435\u0442\u0438\u043a\u0438 (URE) \u044f\u0432\u043b\u044f\u0435\u0442\u0441\u044f \u0446\u0435\u043d\u0442\u0440\u0430\u043b\u044c\u043d\u044b\u043c \u0430\u0434\u043c\u0438\u043d\u0438\u0441\u0442\u0440\u0430\u0442\u0438\u0432\u043d\u044b\u043c \u043e\u0440\u0433\u0430\u043d\u043e\u043c, \u0440\u0435\u0433\u0443\u043b\u0438\u0440\u0443\u044e\u0449\u0438\u043c \u043f\u043e\u043b\u044c\u0441\u043a\u0438\u0439 \u044d\u043d\u0435\u0440\u0433\u0435\u0442\u0438\u0447\u0435\u0441\u043a\u0438\u0439 \u0440\u044b\u043d\u043e\u043a. \u0418\u043c\u0435\u043d\u043d\u043e URE \u0443\u0442\u0432\u0435\u0440\u0436\u0434\u0430\u0435\u0442 \u044d\u043a\u0437\u0430\u043c\u0435\u043d\u0430\u0446\u0438\u043e\u043d\u043d\u044b\u0435 \u043a\u043e\u043c\u0438\u0441\u0441\u0438\u0438, \u043f\u0435\u0440\u0435\u0434 \u043a\u043e\u0442\u043e\u0440\u044b\u043c\u0438 \u043c\u043e\u0436\u043d\u043e \u0441\u0434\u0430\u0442\u044c \u044d\u043a\u0437\u0430\u043c\u0435\u043d\u044b, \u0438\u0437\u0432\u0435\u0441\u0442\u043d\u044b\u0435 \u043a\u0430\u043a SEP. \u0412 \u043d\u0430\u0441\u0442\u043e\u044f\u0449\u0435\u0435 \u0432\u0440\u0435\u043c\u044f, \u043f\u043e\u043c\u0438\u043c\u043e SEP, \u043c\u043e\u0436\u043d\u043e \u0437\u0430\u0441\u0435\u0434\u0430\u0442\u044c \u0432 \u043a\u043e\u043c\u0438\u0442\u0435\u0442\u0430\u0445 \u0434\u0440\u0443\u0433\u0438\u0445 \u0430\u0441\u0441\u043e\u0446\u0438\u0430\u0446\u0438\u0439.<\/p>\n<h2 class=\"boldnagl\"><strong>\u0421\u0435\u0440\u0442\u0438\u0444\u0438\u043a\u0430\u0446\u0438\u043e\u043d\u043d\u044b\u0435 \u043a\u043e\u043c\u0438\u0441\u0441\u0438\u0438, \u043f\u0435\u0440\u0435\u0434 \u043a\u043e\u0442\u043e\u0440\u044b\u043c\u0438 \u043c\u043e\u0436\u043d\u043e \u0441\u0434\u0430\u0442\u044c \u044d\u043a\u0437\u0430\u043c\u0435\u043d: <\/strong><\/h2>\n<ul>\n<li>SEP - \u0410\u0441\u0441\u043e\u0446\u0438\u0430\u0446\u0438\u044f \u043f\u043e\u043b\u044c\u0441\u043a\u0438\u0445 \u0438\u043d\u0436\u0435\u043d\u0435\u0440\u043e\u0432-\u044d\u043b\u0435\u043a\u0442\u0440\u0438\u043a\u043e\u0432<\/li>\n<li>PSE - \u041f\u043e\u043b\u044c\u0441\u043a\u0430\u044f \u0430\u0441\u0441\u043e\u0446\u0438\u0430\u0446\u0438\u044f \u044d\u043b\u0435\u043a\u0442\u0440\u043e\u043c\u043e\u043d\u0442\u0430\u0436\u0430<\/li>\n<li>SIMP - \u041e\u0431\u0449\u0435\u0441\u0442\u0432\u043e \u043f\u043e\u043b\u044c\u0441\u043a\u0438\u0445 \u0438\u043d\u0436\u0435\u043d\u0435\u0440\u043e\u0432-\u043c\u0435\u0445\u0430\u043d\u0438\u043a\u043e\u0432<\/li>\n<li>SITPS \u0438\u043b\u0438 SITSpo\u017c - \u041e\u0431\u0449\u0435\u0441\u0442\u0432\u043e \u0438\u043d\u0436\u0435\u043d\u0435\u0440\u043e\u0432 \u0438 \u0442\u0435\u0445\u043d\u0438\u043a\u043e\u0432 \u043f\u0438\u0449\u0435\u0432\u043e\u0439 \u043f\u0440\u043e\u043c\u044b\u0448\u043b\u0435\u043d\u043d\u043e\u0441\u0442\u0438<\/li>\n<\/ul>\n<p>\u041e\u0431\u0449\u0435\u0441\u0442\u0432\u043e \u043f\u043e\u043b\u044c\u0441\u043a\u0438\u0445 \u044d\u043b\u0435\u043a\u0442\u0440\u0438\u043a\u043e\u0432, \u0438\u043b\u0438 SEP, \u044f\u0432\u043b\u044f\u0435\u0442\u0441\u044f \u0441\u0430\u043c\u043e\u0439 \u043f\u043e\u043f\u0443\u043b\u044f\u0440\u043d\u043e\u0439 \u0430\u0441\u0441\u043e\u0446\u0438\u0430\u0446\u0438\u0435\u0439, <a href=\"https:\/\/szkolenia-udt.pl\/ru\/kursy\/sep-g1-g2-g3\/egzamin-sep-pse-simp-sitps\/\">\u043f\u0435\u0440\u0435\u0434 \u043a\u043e\u0442\u043e\u0440\u044b\u043c \u043f\u0440\u043e\u0432\u043e\u0434\u044f\u0442\u0441\u044f \u044d\u043a\u0437\u0430\u043c\u0435\u043d\u044b<\/a>\u043d\u043e \u0442\u0430\u043a\u0436\u0435 \u043c\u043e\u0436\u043d\u043e \u043e\u0431\u0440\u0430\u0442\u0438\u0442\u044c\u0441\u044f \u0432 \u0432\u044b\u0448\u0435\u0443\u043f\u043e\u043c\u044f\u043d\u0443\u0442\u044b\u0435 \u0430\u0441\u0441\u043e\u0446\u0438\u0430\u0446\u0438\u0438 \u0438 \u0434\u0440\u0443\u0433\u0438\u0435, \u0441\u043e\u0437\u0434\u0430\u043d\u043d\u044b\u0435 \u0423\u043f\u0440\u0430\u0432\u043b\u0435\u043d\u0438\u0435\u043c \u043f\u043e \u0440\u0435\u0433\u0443\u043b\u0438\u0440\u043e\u0432\u0430\u043d\u0438\u044e \u044d\u043d\u0435\u0440\u0433\u0435\u0442\u0438\u043a\u0438.<\/p>","protected":false},"excerpt":{"rendered":"<p>SEP, PSE, SIMP, SITPS \u2013 komisje certyfikuj\u0105ce zatwierdzone przez URE Przyj\u0119\u0142o si\u0119 m\u00f3wi\u0107, \u017ce kursy nadaj\u0105ce odpowiednie potwierdzenie kwalifikacji dla urz\u0105dze\u0144, instalacji i sieci energetycznych, cieplnych i gazowych okre\u015blane s\u0105 jako &#8222;kursy SEP&#8221;. Podobnie jako &#8222;egzamin SEP&#8221; okre\u015bla si\u0119 te\u017c egzamin na uprawnienia. W rzeczywisto\u015bci jednak mo\u017cna zdawa\u0107 go tak\u017ce przed innymi komisjami certyfikuj\u0105cymi. Urz\u0105d [&hellip;]<\/p>\n","protected":false},"author":3,"featured_media":2008,"parent":1895,"menu_order":0,"comment_status":"closed","ping_status":"closed","template":"","meta":{"footnotes":""},"class_list":["post-1903","page","type-page","status-publish","has-post-thumbnail","hentry"],"aioseo_notices":[],"_links":{"self":[{"href":"https:\/\/szkolenia-udt.pl\/ru\/wp-json\/wp\/v2\/pages\/1903","targetHints":{"allow":["GET"]}}],"collection":[{"href":"https:\/\/szkolenia-udt.pl\/ru\/wp-json\/wp\/v2\/pages"}],"about":[{"href":"https:\/\/szkolenia-udt.pl\/ru\/wp-json\/wp\/v2\/types\/page"}],"author":[{"embeddable":true,"href":"https:\/\/szkolenia-udt.pl\/ru\/wp-json\/wp\/v2\/users\/3"}],"replies":[{"embeddable":true,"href":"https:\/\/szkolenia-udt.pl\/ru\/wp-json\/wp\/v2\/comments?post=1903"}],"version-history":[{"count":5,"href":"https:\/\/szkolenia-udt.pl\/ru\/wp-json\/wp\/v2\/pages\/1903\/revisions"}],"predecessor-version":[{"id":2894,"href":"https:\/\/szkolenia-udt.pl\/ru\/wp-json\/wp\/v2\/pages\/1903\/revisions\/2894"}],"up":[{"embeddable":true,"href":"https:\/\/szkolenia-udt.pl\/ru\/wp-json\/wp\/v2\/pages\/1895"}],"wp:featuredmedia":[{"embeddable":true,"href":"https:\/\/szkolenia-udt.pl\/ru\/wp-json\/wp\/v2\/media\/2008"}],"wp:attachment":[{"href":"https:\/\/szkolenia-udt.pl\/ru\/wp-json\/wp\/v2\/media?parent=1903"}],"curies":[{"name":"wp","href":"https:\/\/api.w.org\/{rel}","templated":true}]}}