{"id":2186,"date":"2020-10-01T14:42:04","date_gmt":"2020-10-01T14:42:04","guid":{"rendered":"https:\/\/szkolenia-udt.pl\/?page_id=2186"},"modified":"2022-06-15T14:02:03","modified_gmt":"2022-06-15T12:02:03","slug":"%d0%b7%d0%b0%d0%ba%d0%b0%d0%b7%d0%b0%d1%82%d1%8c","status":"publish","type":"page","link":"https:\/\/szkolenia-udt.pl\/ru\/kursy\/sep-g1-g2-g3\/zamow\/","title":{"rendered":"\u041e\u0431\u0443\u0447\u0435\u043d\u0438\u0435 - G1, G2, G3 - \u0444\u043e\u0440\u043c\u0430 \u0437\u0430\u044f\u0432\u043a\u0438"},"content":{"rendered":"<h2 style=\"background-color: red; padding: 20px 10px; text-align: center; color: white; opacity: 0.6; font-weight: 600;\">\u0417\u0430\u043f\u0438\u0448\u0438\u0442\u0435\u0441\u044c \u043d\u0430 \u0442\u0440\u0435\u043d\u0438\u043d\u0433 G1, G2, G3 \u043e\u043d\u043b\u0430\u0439\u043d.<\/h2>\n<div style=\"max-width: 500px; margin: auto; background-color: #d2d2d2; padding: 20px;\">\n<div class=\"wpcf7 no-js\" id=\"wpcf7-f2185-o1\" lang=\"pl-PL\" dir=\"ltr\" data-wpcf7-id=\"2185\">\n<div class=\"screen-reader-response\"><p role=\"status\" aria-live=\"polite\" aria-atomic=\"true\"><\/p> <ul><\/ul><\/div>\n<form action=\"\/ru\/wp-json\/wp\/v2\/pages\/2186#wpcf7-f2185-o1\" method=\"post\" class=\"wpcf7-form init\" aria-label=\"\u041a\u043e\u043d\u0442\u0430\u043a\u0442\u043d\u0430\u044f \u0444\u043e\u0440\u043c\u0430\" novalidate=\"novalidate\" data-status=\"init\" data-trp-original-action=\"\/ru\/wp-json\/wp\/v2\/pages\/2186#wpcf7-f2185-o1\">\n<fieldset class=\"hidden-fields-container\"><input type=\"hidden\" name=\"_wpcf7\" value=\"2185\" \/><input type=\"hidden\" name=\"_wpcf7_version\" value=\"6.1.5\" \/><input type=\"hidden\" name=\"_wpcf7_locale\" value=\"pl_PL\" \/><input type=\"hidden\" name=\"_wpcf7_unit_tag\" value=\"wpcf7-f2185-o1\" \/><input type=\"hidden\" name=\"_wpcf7_container_post\" value=\"0\" \/><input type=\"hidden\" name=\"_wpcf7_posted_data_hash\" value=\"\" \/>\n<\/fieldset>\n<p><label> \u0418\u043c\u044f (\u043e\u0431\u044f\u0437\u0430\u0442\u0435\u043b\u044c\u043d\u043e):<br \/>\n<span class=\"wpcf7-form-control-wrap\" data-name=\"your-name\"><input size=\"40\" maxlength=\"400\" class=\"wpcf7-form-control wpcf7-text wpcf7-validates-as-required\" aria-required=\"true\" aria-invalid=\"false\" value=\"\" type=\"text\" name=\"your-name\" \/><\/span> <\/label><br \/>\n<label> \u0412\u0430\u0448 e-mail (\u043e\u0431\u044f\u0437\u0430\u0442\u0435\u043b\u044c\u043d\u043e):<br \/>\n<span class=\"wpcf7-form-control-wrap\" data-name=\"your-email\"><input size=\"40\" maxlength=\"400\" class=\"wpcf7-form-control wpcf7-email wpcf7-validates-as-required wpcf7-text wpcf7-validates-as-email\" aria-required=\"true\" aria-invalid=\"false\" value=\"\" type=\"email\" name=\"your-email\" \/><\/span> <\/label><br \/>\n<label> \u041d\u043e\u043c\u0435\u0440 \u0442\u0435\u043b\u0435\u0444\u043e\u043d\u0430 (\u043e\u0431\u044f\u0437\u0430\u0442\u0435\u043b\u044c\u043d\u043e):<br \/>\n<span class=\"wpcf7-form-control-wrap\" data-name=\"tel-966\"><input size=\"40\" maxlength=\"400\" class=\"wpcf7-form-control wpcf7-tel wpcf7-validates-as-required wpcf7-text wpcf7-validates-as-tel\" aria-required=\"true\" aria-invalid=\"false\" value=\"\" type=\"tel\" name=\"tel-966\" \/><\/span> <\/label><br \/>\n<label> \u0420\u0430\u0441\u043f\u0438\u0441\u0430\u043d\u0438\u0435 \u0442\u0440\u0435\u043d\u0438\u0440\u043e\u0432\u043e\u043a (\u043e\u0431\u044f\u0437\u0430\u0442\u0435\u043b\u044c\u043d\u043e):<br \/>\n<span class=\"wpcf7-form-control-wrap\" data-name=\"menu-453\"><select class=\"wpcf7-form-control wpcf7-select wpcf7-validates-as-required\" aria-required=\"true\" aria-invalid=\"false\" name=\"menu-453\"><option value=\"2020-10-21\">2020-10-21<\/option><option value=\"2020-10-22\">2020-10-22<\/option><option value=\"2020-10-23\">2020-10-23<\/option><option value=\"2020-10-26\">2020-10-26<\/option><option value=\"2020-10-27\">2020-10-27<\/option><option value=\"2020-10-28\">2020-10-28<\/option><option value=\"2020-10-29\">2020-10-29<\/option><option value=\"2020-11-02\">2020-11-02<\/option><option value=\"2020-11-03\">2020-11-03<\/option><option value=\"2020-11-04\">2020-11-04<\/option><option value=\"2020-11-05\">2020-11-05<\/option><option value=\"2020-11-06\">2020-11-06<\/option><\/select><\/span><\/label><br \/>\n<label>\u0412\u044b\u0431\u0435\u0440\u0438\u0442\u0435 \u043e\u0431\u044a\u0435\u043c \u043e\u0431\u0443\u0447\u0435\u043d\u0438\u044f \u0438 \u044d\u043a\u0437\u0430\u043c\u0435\u043d\u043e\u0432 (\u043e\u0431\u044f\u0437\u0430\u0442\u0435\u043b\u044c\u043d\u043e):<\/label><br \/>\n<span class=\"wpcf7-form-control-wrap\" data-name=\"checkbox-691\"><span class=\"wpcf7-form-control wpcf7-checkbox wpcf7-validates-as-required\"><span class=\"wpcf7-list-item first\"><input type=\"checkbox\" name=\"checkbox-691[]\" value=\"G1\" \/><span class=\"wpcf7-list-item-label\"><a href=\"https:\/\/szkolenia-udt.pl\/ru\/kursy\/sep-g1-g2-g3\/g1\/\">G1<\/a><\/span><\/span><span class=\"wpcf7-list-item\"><input type=\"checkbox\" name=\"checkbox-691[]\" value=\"G2\" \/><span class=\"wpcf7-list-item-label\"><a href=\"https:\/\/szkolenia-udt.pl\/ru\/kursy\/sep-g1-g2-g3\/g2\/\">G2<\/a><\/span><\/span><span class=\"wpcf7-list-item last\"><input type=\"checkbox\" name=\"checkbox-691[]\" value=\"G3\" \/><span class=\"wpcf7-list-item-label\"><a href=\"https:\/\/szkolenia-udt.pl\/ru\/kursy\/sep-g1-g2-g3\/g3\/\">G3<\/a><\/span><\/span><\/span><\/span><br \/>\n<label>\u041e\u0431\u044a\u0435\u043c \u043e\u0431\u0441\u043b\u0435\u0434\u043e\u0432\u0430\u043d\u0438\u0439 (\u043e\u0431\u044f\u0437\u0430\u0442\u0435\u043b\u044c\u043d\u043e):<\/label><br \/>\n<span class=\"wpcf7-form-control-wrap\" data-name=\"checkbox-154\"><span class=\"wpcf7-form-control wpcf7-checkbox wpcf7-validates-as-required\"><span class=\"wpcf7-list-item first\"><input type=\"checkbox\" name=\"checkbox-154[]\" value=\"eksploatacja\" \/><span class=\"wpcf7-list-item-label\">\u0440\u0430\u0431\u043e\u0442\u0430<\/span><\/span><span class=\"wpcf7-list-item last\"><input type=\"checkbox\" name=\"checkbox-154[]\" value=\"doz\u00f3r\" \/><span class=\"wpcf7-list-item-label\">\u043d\u0430\u0434\u0437\u043e\u0440<\/span><\/span><\/span><\/span><br \/>\n<span class=\"wpcf7-form-control-wrap\" data-name=\"checkbox-218\"><span class=\"wpcf7-form-control wpcf7-checkbox wpcf7-validates-as-required\"><span class=\"wpcf7-list-item first last\"><input type=\"checkbox\" name=\"checkbox-218[]\" value=\"Wyra\u017cam zgod\u0119 na przetwarzanie moich danych osobowych z zgodnie z ustaw\u0105 o ochronie danych osobowych w zwi\u0105zku z wys\u0142aniem zapytania. Podanie danych jest dobrowolne, ale niezb\u0119dne do przetworzenia zapytania. Zosta\u0142em poinformowany, \u017ce przys\u0142uguje mi prawo dost\u0119pu do swoich danych, mo\u017cliwo\u015bci ich poprawiania, \u017c\u0105dania zaprzestania ich przetwarzania. Administratorem danych osobowych jest O\u015brodek Szkolenia Operator\u00f3w OSO z siedzib\u0105 ul. Kr\u00f3l\u00f3w Polskich 8. Odwo\u0142anie zgody nale\u017cy kierowa\u0107 na adres znajduj\u0105cy si\u0119 na stronie\" \/><span class=\"wpcf7-list-item-label\">\u042f \u0434\u0430\u044e \u0441\u043e\u0433\u043b\u0430\u0441\u0438\u0435 \u043d\u0430 \u043e\u0431\u0440\u0430\u0431\u043e\u0442\u043a\u0443 \u043c\u043e\u0438\u0445 \u043f\u0435\u0440\u0441\u043e\u043d\u0430\u043b\u044c\u043d\u044b\u0445 \u0434\u0430\u043d\u043d\u044b\u0445 \u0432 \u0441\u043e\u043e\u0442\u0432\u0435\u0442\u0441\u0442\u0432\u0438\u0438 \u0441 \u0417\u0430\u043a\u043e\u043d\u043e\u043c \u043e \u0437\u0430\u0449\u0438\u0442\u0435 \u0434\u0430\u043d\u043d\u044b\u0445 \u0432 \u0441\u0432\u044f\u0437\u0438 \u0441 \u043e\u0442\u043f\u0440\u0430\u0432\u043a\u043e\u0439 \u0437\u0430\u043f\u0440\u043e\u0441\u0430. \u041f\u0440\u0435\u0434\u043e\u0441\u0442\u0430\u0432\u043b\u0435\u043d\u0438\u0435 \u0434\u0430\u043d\u043d\u044b\u0445 \u044f\u0432\u043b\u044f\u0435\u0442\u0441\u044f \u0434\u043e\u0431\u0440\u043e\u0432\u043e\u043b\u044c\u043d\u044b\u043c, \u043d\u043e \u043d\u0435\u043e\u0431\u0445\u043e\u0434\u0438\u043c\u044b\u043c \u0434\u043b\u044f \u043e\u0431\u0440\u0430\u0431\u043e\u0442\u043a\u0438 \u0437\u0430\u043f\u0440\u043e\u0441\u0430. \u042f \u0431\u044b\u043b \u043f\u0440\u043e\u0438\u043d\u0444\u043e\u0440\u043c\u0438\u0440\u043e\u0432\u0430\u043d \u043e \u0442\u043e\u043c, \u0447\u0442\u043e \u0438\u043c\u0435\u044e \u043f\u0440\u0430\u0432\u043e \u0434\u043e\u0441\u0442\u0443\u043f\u0430 \u043a \u0441\u0432\u043e\u0438\u043c \u0434\u0430\u043d\u043d\u044b\u043c, \u0432\u043e\u0437\u043c\u043e\u0436\u043d\u043e\u0441\u0442\u044c \u0438\u0445 \u0438\u0441\u043f\u0440\u0430\u0432\u043b\u0435\u043d\u0438\u044f, \u0442\u0440\u0435\u0431\u043e\u0432\u0430\u043d\u0438\u0435 \u043f\u0440\u0435\u043a\u0440\u0430\u0442\u0438\u0442\u044c \u0438\u0445 \u043e\u0431\u0440\u0430\u0431\u043e\u0442\u043a\u0443. \u0410\u0434\u043c\u0438\u043d\u0438\u0441\u0442\u0440\u0430\u0442\u043e\u0440\u043e\u043c \u043f\u0435\u0440\u0441\u043e\u043d\u0430\u043b\u044c\u043d\u044b\u0445 \u0434\u0430\u043d\u043d\u044b\u0445 \u044f\u0432\u043b\u044f\u0435\u0442\u0441\u044f \u0426\u0435\u043d\u0442\u0440 \u043f\u043e\u0434\u0433\u043e\u0442\u043e\u0432\u043a\u0438 \u043e\u043f\u0435\u0440\u0430\u0442\u043e\u0440\u043e\u0432 OSO \u0441 \u044e\u0440\u0438\u0434\u0438\u0447\u0435\u0441\u043a\u0438\u043c \u0430\u0434\u0440\u0435\u0441\u043e\u043c: \u0443\u043b. \u041a\u0440\u0443\u043b\u0443\u0432 \u041f\u043e\u043b\u044c\u0441\u043a\u0438\u0445, 8. \u041e\u0442\u0437\u044b\u0432 \u0441\u043e\u0433\u043b\u0430\u0441\u0438\u044f \u0434\u043e\u043b\u0436\u0435\u043d \u0431\u044b\u0442\u044c \u043d\u0430\u043f\u0440\u0430\u0432\u043b\u0435\u043d \u043f\u043e \u0430\u0434\u0440\u0435\u0441\u0443: \u0443\u043b.<\/span><\/span><\/span><\/span><a style=\"margin: 0 0 0 1em;\" href=\"\/ru\/%d1%81%d0%b2%d1%8f%d0%b7%d0%b0%d1%82%d1%8c%d1%81%d1%8f-%d1%81\/\">\u043a\u043e\u043d\u0442\u0430\u043a\u0442.<\/a><br \/>\n<hr \/><br \/>\n<input class=\"wpcf7-form-control wpcf7-submit has-spinner\" type=\"submit\" value=\"\u0417\u0430\u043a\u0430\u0437\u0430\u0442\u044c \u0438 \u043e\u043f\u043b\u0430\u0442\u0438\u0442\u044c\" \/>\n<\/p><p style=\"display: none !important;\" class=\"akismet-fields-container\" data-prefix=\"_wpcf7_ak_\"><label>\u0394<textarea name=\"_wpcf7_ak_hp_textarea\" cols=\"45\" rows=\"8\" maxlength=\"100\"><\/textarea><\/label><input type=\"hidden\" id=\"ak_js_1\" name=\"_wpcf7_ak_js\" value=\"164\"\/><script>document.getElementById( \"ak_js_1\" ).setAttribute( \"value\", ( new Date() ).getTime() );<\/script><\/p><div class=\"wpcf7-response-output\" aria-hidden=\"true\"><\/div>\n<input type=\"hidden\" name=\"trp-form-language\" value=\"ru\"\/><\/form>\n<\/div>\n<\/div>\n<p>&nbsp;<\/p>\n<h2 class=\"boldnagl\">\u041a\u0443\u0440\u0441 G1, G2, G3<\/h2>\n<p>\u0423\u0447\u0435\u0431\u043d\u044b\u0439 \u043a\u0443\u0440\u0441 \u043f\u0440\u0435\u0434\u043d\u0430\u0437\u043d\u0430\u0447\u0435\u043d \u0434\u043b\u044f \u0442\u0435\u0445, \u043a\u0442\u043e \u0445\u043e\u0447\u0435\u0442 \u043f\u043e\u043b\u0443\u0447\u0438\u0442\u044c \u0438\u043b\u0438 \u043f\u0440\u043e\u0434\u043b\u0438\u0442\u044c \u0441\u0432\u043e\u0438 \u043b\u0438\u0446\u0435\u043d\u0437\u0438\u0438 G1, G2, G3. \u0423\u0447\u0430\u0441\u0442\u043d\u0438\u043a\u0438 \u043d\u0435 \u0442\u043e\u043b\u044c\u043a\u043e \u043f\u043e\u043b\u0443\u0447\u0430\u044e\u0442 \u0441\u043e\u0432\u0440\u0435\u043c\u0435\u043d\u043d\u044b\u0435 \u0437\u043d\u0430\u043d\u0438\u044f \u043e\u0431 \u043e\u0431\u043e\u0440\u0443\u0434\u043e\u0432\u0430\u043d\u0438\u0438, \u0443\u0441\u0442\u0430\u043d\u043e\u0432\u043a\u0430\u0445 \u0438 \u0441\u0435\u0442\u044f\u0445 \u044d\u043b\u0435\u043a\u0442\u0440\u043e\u043f\u0435\u0440\u0435\u0434\u0430\u0447\u0438, \u043d\u043e \u0438 \u0438\u043c\u0435\u044e\u0442 \u0432\u043e\u0437\u043c\u043e\u0436\u043d\u043e\u0441\u0442\u044c \u0441\u0434\u0430\u0442\u044c \u0433\u043e\u0441\u0443\u0434\u0430\u0440\u0441\u0442\u0432\u0435\u043d\u043d\u044b\u0439 \u044d\u043a\u0437\u0430\u043c\u0435\u043d \u0434\u043b\u044f \u043f\u043e\u0434\u0442\u0432\u0435\u0440\u0436\u0434\u0435\u043d\u0438\u044f \u0441\u0432\u043e\u0435\u0439 \u043a\u0432\u0430\u043b\u0438\u0444\u0438\u043a\u0430\u0446\u0438\u0438.<br \/>\n\u0412 \u0442\u0440\u0435\u043d\u0438\u043d\u0433\u0435 \u043c\u043e\u0436\u0435\u0442 \u043f\u0440\u0438\u043d\u044f\u0442\u044c \u0443\u0447\u0430\u0441\u0442\u0438\u0435 \u043b\u044e\u0431\u043e\u0439 \u0436\u0435\u043b\u0430\u044e\u0449\u0438\u0439 \u0432 \u0432\u043e\u0437\u0440\u0430\u0441\u0442\u0435 18 \u043b\u0435\u0442 \u0438 \u0441\u0442\u0430\u0440\u0448\u0435, \u0438\u043c\u0435\u044e\u0449\u0438\u0439 \u0445\u043e\u0442\u044f \u0431\u044b \u043d\u0430\u0447\u0430\u043b\u044c\u043d\u043e\u0435 \u043e\u0431\u0440\u0430\u0437\u043e\u0432\u0430\u043d\u0438\u0435.<br \/>\n\u041a\u0443\u0440\u0441 \u043e\u0445\u0432\u0430\u0442\u044b\u0432\u0430\u0435\u0442 \u0442\u0430\u043a\u0438\u0435 \u0442\u0435\u043c\u044b, \u043a\u0430\u043a \u043f\u0440\u0430\u0432\u0438\u043b\u0430 \u043d\u0430\u0434\u0437\u043e\u0440\u0430 \u0437\u0430 \u043e\u0431\u043e\u0440\u0443\u0434\u043e\u0432\u0430\u043d\u0438\u0435\u043c, \u0443\u0441\u0442\u0430\u043d\u043e\u0432\u043a\u0430\u043c\u0438 \u0438 \u0441\u0435\u0442\u044f\u043c\u0438, \u0443\u0441\u0442\u0440\u043e\u0439\u0441\u0442\u0432\u043e \u044d\u043b\u0435\u043a\u0442\u0440\u043e\u043e\u0431\u043e\u0440\u0443\u0434\u043e\u0432\u0430\u043d\u0438\u044f, \u0431\u0435\u0437\u043e\u043f\u0430\u0441\u043d\u043e\u0441\u0442\u044c \u043f\u0440\u0438 \u044d\u043a\u0441\u043f\u043b\u0443\u0430\u0442\u0430\u0446\u0438\u0438, \u0438\u043d\u0441\u0442\u0440\u0443\u043a\u0446\u0438\u0438 \u043f\u043e \u0443\u0441\u0442\u0440\u0430\u043d\u0435\u043d\u0438\u044e \u043f\u043e\u043b\u043e\u043c\u043e\u043a \u0438 \u0430\u0432\u0430\u0440\u0438\u0439.<br \/>\n\u041a\u0443\u0440\u0441 \u043e\u0431\u0443\u0447\u0435\u043d\u0438\u044f \u0434\u043b\u0438\u0442\u0441\u044f 1 \u0434\u0435\u043d\u044c, \u043f\u043e \u043e\u043a\u043e\u043d\u0447\u0430\u043d\u0438\u0438 \u043a\u0443\u0440\u0441\u0430 \u0443\u0447\u0430\u0441\u0442\u043d\u0438\u043a\u0438 \u043c\u043e\u0433\u0443\u0442 \u0441\u0434\u0430\u0442\u044c \u0433\u043e\u0441\u0443\u0434\u0430\u0440\u0441\u0442\u0432\u0435\u043d\u043d\u044b\u0439 \u044d\u043a\u0437\u0430\u043c\u0435\u043d \u0432 \u043a\u043e\u043c\u0438\u0441\u0441\u0438\u0438 \u043f\u043e \u0432\u044b\u0431\u043e\u0440\u0443 \u043e\u0431\u0443\u0447\u0430\u044e\u0449\u0435\u0433\u043e\u0441\u044f, \u043d\u0430\u043f\u0440\u0438\u043c\u0435\u0440: <a href=\"https:\/\/szkolenia-udt.pl\/ru\/kursy\/sep-g1-g2-g3\/komisje-certyfikujace-sep-pse-simp-sitps\/\">SEP<\/a>, PSE, SIMP, SITPS. \u041f\u043e\u0441\u043b\u0435 \u0441\u0434\u0430\u0447\u0438 \u044d\u043a\u0437\u0430\u043c\u0435\u043d\u0430 \u043a\u043e\u043c\u0438\u0441\u0441\u0438\u044f \u0432\u044b\u0434\u0430\u0435\u0442 \u043f\u0440\u0430\u0432\u0430 \u0441\u0440\u043e\u043a\u043e\u043c \u043d\u0430 5 \u043b\u0435\u0442.<\/p>\n<h2 class=\"boldnagl\">\u0422\u0440\u0435\u0431\u043e\u0432\u0430\u043d\u0438\u044f<\/h2>\n<p>\u041a\u0443\u0440\u0441 \u043e\u0431\u0443\u0447\u0435\u043d\u0438\u044f G1,G2,G3 \u043f\u0440\u0435\u0434\u043d\u0430\u0437\u043d\u0430\u0447\u0435\u043d \u0434\u043b\u044f \u0442\u0435\u0445, \u043a\u0442\u043e \u043e\u0442\u0432\u0435\u0447\u0430\u0435\u0442 \u0441\u043b\u0435\u0434\u0443\u044e\u0449\u0438\u043c \u0442\u0440\u0435\u0431\u043e\u0432\u0430\u043d\u0438\u044f\u043c:<\/p>\n<ul>\n<li>\u043d\u0435 \u043c\u043e\u043b\u043e\u0436\u0435 18 \u043b\u0435\u0442<\/li>\n<li>\u043c\u0438\u043d\u0438\u043c\u0430\u043b\u044c\u043d\u043e\u0435 \u043d\u0430\u0447\u0430\u043b\u044c\u043d\u043e\u0435 \u043e\u0431\u0440\u0430\u0437\u043e\u0432\u0430\u043d\u0438\u0435<\/li>\n<\/ul>\n<h2 class=\"boldnagl\">\u0426\u0435\u043d\u0430<\/h2>\n<ul>\n<li>\u043a\u0443\u0440\u0441\u044b \u043f\u0440\u043e\u0432\u043e\u0434\u044f\u0442\u0441\u044f \u0435\u0436\u0435\u0434\u043d\u0435\u0432\u043d\u043e<\/li>\n<li>\u0441\u0442\u043e\u0438\u043c\u043e\u0441\u0442\u044c \u0441\u0430\u043c\u043e\u0433\u043e \u043e\u0431\u0443\u0447\u0435\u043d\u0438\u044f - <em>\u043f\u0440\u043e\u0441\u044c\u0431\u0430 \u0441\u0432\u044f\u0437\u0430\u0442\u044c\u0441\u044f \u0441 \u0442\u0435\u043b\u0435\u0444\u043e\u043d\u043e\u043c \u0434\u043e\u0432\u0435\u0440\u0438\u044f\u00a0<\/em><\/li>\n<li>\u0441\u0442\u043e\u0438\u043c\u043e\u0441\u0442\u044c \u043f\u043e\u0434\u0433\u043e\u0442\u043e\u0432\u043a\u0438 \u043a \u044d\u043a\u0437\u0430\u043c\u0435\u043d\u0430\u043c - <em>\u043f\u0440\u043e\u0441\u044c\u0431\u0430 \u0441\u0432\u044f\u0437\u0430\u0442\u044c\u0441\u044f \u0441 \u0442\u0435\u043b\u0435\u0444\u043e\u043d\u043e\u043c \u0434\u043e\u0432\u0435\u0440\u0438\u044f\u00a0<\/em><\/li>\n<\/ul>\n<h2 class=\"boldnagl\">\u041c\u0435\u0441\u0442\u043e \u043e\u0431\u0443\u0447\u0435\u043d\u0438\u044f<\/h2>\n<p>\u041e\u0431\u0443\u0447\u0435\u043d\u0438\u0435 \u043f\u0440\u043e\u0432\u043e\u0434\u0438\u0442\u0441\u044f \u0432 \u0440\u0435\u0436\u0438\u043c\u0435 \u043e\u043d\u043b\u0430\u0439\u043d<\/p>","protected":false},"excerpt":{"rendered":"<p>Zapisz si\u0119 na szkolenie G1, G2, G3 online. &nbsp; Kurs G1, G2, G3 Szkolenie jest przeznaczone dla os\u00f3b, kt\u00f3re chc\u0105 zdoby\u0107 lub odnowi\u0107 uprawnienia G1, G2, G3. Uczestnicy nie tylko zdobywaj\u0105 aktualn\u0105 wiedz\u0119 na temat urz\u0105dze\u0144, instalacji i sieci przesy\u0142aj\u0105cych energi\u0119 elektryczn\u0105, ale maj\u0105 r\u00f3wnie\u017c mo\u017cliwo\u015b\u0107 przyst\u0105pienia do egzaminu pa\u0144stwowego potwierdzaj\u0105cego ich kwalifikacje. W szkoleniu [&hellip;]<\/p>\n","protected":false},"author":3,"featured_media":0,"parent":1895,"menu_order":0,"comment_status":"closed","ping_status":"closed","template":"","meta":{"footnotes":""},"class_list":["post-2186","page","type-page","status-publish","hentry"],"aioseo_notices":[],"_links":{"self":[{"href":"https:\/\/szkolenia-udt.pl\/ru\/wp-json\/wp\/v2\/pages\/2186","targetHints":{"allow":["GET"]}}],"collection":[{"href":"https:\/\/szkolenia-udt.pl\/ru\/wp-json\/wp\/v2\/pages"}],"about":[{"href":"https:\/\/szkolenia-udt.pl\/ru\/wp-json\/wp\/v2\/types\/page"}],"author":[{"embeddable":true,"href":"https:\/\/szkolenia-udt.pl\/ru\/wp-json\/wp\/v2\/users\/3"}],"replies":[{"embeddable":true,"href":"https:\/\/szkolenia-udt.pl\/ru\/wp-json\/wp\/v2\/comments?post=2186"}],"version-history":[{"count":20,"href":"https:\/\/szkolenia-udt.pl\/ru\/wp-json\/wp\/v2\/pages\/2186\/revisions"}],"predecessor-version":[{"id":2909,"href":"https:\/\/szkolenia-udt.pl\/ru\/wp-json\/wp\/v2\/pages\/2186\/revisions\/2909"}],"up":[{"embeddable":true,"href":"https:\/\/szkolenia-udt.pl\/ru\/wp-json\/wp\/v2\/pages\/1895"}],"wp:attachment":[{"href":"https:\/\/szkolenia-udt.pl\/ru\/wp-json\/wp\/v2\/media?parent=2186"}],"curies":[{"name":"wp","href":"https:\/\/api.w.org\/{rel}","templated":true}]}}