{"id":22,"date":"2014-10-07T16:01:41","date_gmt":"2014-10-07T16:01:41","guid":{"rendered":"http:\/\/szkolenia-udt.pl\/?page_id=22"},"modified":"2023-12-11T00:58:30","modified_gmt":"2023-12-10T23:58:30","slug":"%d0%ba%d1%83%d1%80%d1%81%d1%8b","status":"publish","type":"page","link":"https:\/\/szkolenia-udt.pl\/ru\/kursy\/","title":{"rendered":"\u041a\u0443\u0440\u0441\u044b"},"content":{"rendered":"<h2>\u041e\u0431\u0443\u0447\u0435\u043d\u0438\u0435 \u0442\u0435\u0445\u043d\u0438\u0447\u0435\u0441\u043a\u043e\u0439 \u0438\u043d\u0441\u043f\u0435\u043a\u0446\u0438\u0438 \u0432 \u0426\u0435\u043d\u0442\u0440\u0435 \u041e\u0421\u041e<\/h2>\n<div style=\"float: left; padding-right: 10px;\"><div id=\"metaslider-id-519\" style=\"max-width: 300px;\" class=\"ml-slider-3-108-0 metaslider metaslider-flex metaslider-519 ml-slider ms-theme-default nav-hidden\" role=\"region\" aria-label=\"\u041a\u0443\u0440\u0441\u044b\" data-height=\"225\" data-width=\"300\">\n    <div id=\"metaslider_container_519\">\n        <div id=\"metaslider_519\">\n            <ul class='slides'>\n                <li style=\"display: block; width: 100%;\" class=\"slide-521 ms-image\" aria-roledescription=\"slide\" data-date=\"2014-10-11 11:25:53\" data-filename=\"MC30_001-300x225.jpg\" data-slide-type=\"image\"><img loading=\"lazy\" decoding=\"async\" src=\"https:\/\/szkolenia-udt.pl\/wp-content\/uploads\/2014\/10\/MC30_001-300x225.jpg\" height=\"225\" width=\"300\" alt=\"\u0426\u0435\u043d\u0442\u0440 \u043f\u043e\u0434\u0433\u043e\u0442\u043e\u0432\u043a\u0438 \u043e\u043f\u0435\u0440\u0430\u0442\u043e\u0440\u043e\u0432\" class=\"slider-519 slide-521 msDefaultImage\" \/><\/li>\n                <li style=\"display: none; width: 100%;\" class=\"slide-524 ms-image\" aria-roledescription=\"slide\" data-date=\"2014-10-11 16:22:29\" data-filename=\"D\u017awig-kursy.jpg\" data-slide-type=\"image\"><img loading=\"lazy\" decoding=\"async\" src=\"https:\/\/szkolenia-udt.pl\/wp-content\/uploads\/2014\/10\/D\u017awig-kursy.jpg\" height=\"225\" width=\"300\" alt=\"\u041a\u0440\u0430\u043d\" class=\"slider-519 slide-524 msDefaultImage\" \/><\/li>\n                <li style=\"display: none; width: 100%;\" class=\"slide-1172 ms-image\" aria-roledescription=\"slide\" data-date=\"2014-11-17 19:01:41\" data-filename=\"78XE_003a.jpg\" data-slide-type=\"image\"><img loading=\"lazy\" decoding=\"async\" src=\"https:\/\/szkolenia-udt.pl\/wp-content\/uploads\/2014\/11\/78XE_003a.jpg\" height=\"225\" width=\"300\" alt=\"\u043e\u0431\u0443\u0447\u0435\u043d\u0438\u0435 \u0432\u0430\u0440\u0448\u0430\u0432\u0430\" class=\"slider-519 slide-1172 msDefaultImage\" \/><\/li>\n                <li style=\"display: none; width: 100%;\" class=\"slide-525 ms-image\" aria-roledescription=\"slide\" data-date=\"2014-10-11 16:22:32\" data-filename=\"suwnica-kursy-warszawa.jpg\" data-slide-type=\"image\"><img loading=\"lazy\" decoding=\"async\" src=\"https:\/\/szkolenia-udt.pl\/wp-content\/uploads\/2014\/10\/suwnica-kursy-warszawa.jpg\" height=\"225\" width=\"300\" alt=\"\u041a\u0443\u0440\u0441\u044b \u0438 \u043e\u0431\u0443\u0447\u0435\u043d\u0438\u0435\" class=\"slider-519 slide-525 msDefaultImage\" \/><\/li>\n                <li style=\"display: none; width: 100%;\" class=\"slide-700 ms-image\" aria-roledescription=\"slide\" data-date=\"2014-10-12 11:29:18\" data-filename=\"Kursy-oraz-szkolenia-uprawnienia-udt.jpg\" data-slide-type=\"image\"><img loading=\"lazy\" decoding=\"async\" src=\"https:\/\/szkolenia-udt.pl\/wp-content\/uploads\/2014\/10\/Kursy-oraz-szkolenia-uprawnienia-udt.jpg\" height=\"225\" width=\"300\" alt=\"\u043e\u0431\u0443\u0447\u0435\u043d\u0438\u0435 \u0443\u0434\u0442\" class=\"slider-519 slide-700 msDefaultImage\" \/><\/li>\n            <\/ul>\n        <\/div>\n        \n    <\/div>\n<\/div><\/div>\n<div class=\"wyjustuj\">\n<p>\u041c\u044b \u043f\u0440\u043e\u0444\u0435\u0441\u0441\u0438\u043e\u043d\u0430\u043b\u044c\u043d\u043e \u043e\u0431\u0443\u0447\u0430\u0435\u043c \u0441\u043e\u0442\u0440\u0443\u0434\u043d\u0438\u043a\u043e\u0432 \u0432 \u041f\u043e\u043b\u044c\u0448\u0435 \u0443\u0436\u0435 \u0431\u043e\u043b\u0435\u0435 \u0434\u0435\u0441\u044f\u0442\u043a\u0430 \u043b\u0435\u0442. \u0411\u043b\u0430\u0433\u043e\u0434\u0430\u0440\u044f \u043d\u0430\u043c \u0432\u044b \u043c\u043e\u0436\u0435\u0442\u0435 \u043f\u043e\u043b\u0443\u0447\u0438\u0442\u044c \u043f\u0440\u0430\u0432\u0430 UDT (\u0423\u043f\u0440\u0430\u0432\u043b\u0435\u043d\u0438\u0435 \u0442\u0435\u0445\u043d\u0438\u0447\u0435\u0441\u043a\u043e\u0439 \u0438\u043d\u0441\u043f\u0435\u043a\u0446\u0438\u0438) \u0438 \u043f\u0440\u0438\u0441\u0442\u0443\u043f\u0438\u0442\u044c \u043a \u0440\u0430\u0431\u043e\u0442\u0435 \u0432 \u043a\u0430\u0447\u0435\u0441\u0442\u0432\u0435 \u043c\u0430\u0448\u0438\u043d\u0438\u0441\u0442\u0430, \u0442\u0440\u0435\u0431\u0443\u044e\u0449\u0435\u0439 \u0442\u0430\u043a\u0438\u0445 \u043f\u0440\u0430\u0432. \u041d\u0430\u0448\u0438 \u0437\u0430\u043d\u044f\u0442\u0438\u044f \u0430\u0434\u0440\u0435\u0441\u043e\u0432\u0430\u043d\u044b \u0432\u0441\u0435\u043c, \u043a\u0442\u043e \u0438\u0449\u0435\u0442 \u0432\u0441\u0435\u0441\u0442\u043e\u0440\u043e\u043d\u043d\u0435\u0439 \u043f\u043e\u043c\u043e\u0449\u0438 \u0432 \u043f\u043e\u0432\u044b\u0448\u0435\u043d\u0438\u0438 \u0441\u0432\u043e\u0435\u0439 \u043a\u0432\u0430\u043b\u0438\u0444\u0438\u043a\u0430\u0446\u0438\u0438.<\/p>\n<p><strong>\u041d\u0430\u0448 \u0430\u0441\u0441\u043e\u0440\u0442\u0438\u043c\u0435\u043d\u0442 \u043f\u0440\u043e\u0434\u0443\u043a\u0446\u0438\u0438 \u0432\u043a\u043b\u044e\u0447\u0430\u0435\u0442:<\/strong><\/p>\n<ul>\n<li>\u043a\u0443\u0440\u0441 \u0434\u043b\u044f \u043c\u043e\u0431\u0438\u043b\u044c\u043d\u044b\u0445 \u043f\u043b\u0430\u0442\u0444\u043e\u0440\u043c \u043a\u0430\u0442\u0435\u0433\u043e\u0440\u0438\u0439 I P \u0438 II P<\/li>\n<li>\u041a\u0443\u0440\u0441 \u043e\u043f\u0435\u0440\u0430\u0442\u043e\u0440\u0430 \u0432\u0438\u043b\u043e\u0447\u043d\u043e\u0433\u043e \u043f\u043e\u0433\u0440\u0443\u0437\u0447\u0438\u043a\u0430 \u043a\u0430\u0442\u0435\u0433\u043e\u0440\u0438\u0438 I WJO, II WJO, III WJO<\/li>\n<li><a href=\"https:\/\/szkolenia-udt.pl\/ru\/kursy\/suwnice\/\">\u043a\u0440\u0430\u043d\u043e\u0432\u044b\u0439 \u043a\u0443\u0440\u0441<\/a> \u0432 \u043a\u0430\u0442\u0435\u0433\u043e\u0440\u0438\u044f\u0445 I S \u0438 II S<\/li>\n<li><a href=\"https:\/\/szkolenia-udt.pl\/ru\/kursy\/hds\/\">\u041a\u0443\u0440\u0441 HDS<\/a> \u0434\u043b\u044f \u043f\u0440\u0430\u0432 UDT<\/li>\n<\/ul>\n<p>\u041a\u0440\u043e\u043c\u0435 \u0442\u043e\u0433\u043e, \u043d\u0430\u0448 \u0446\u0435\u043d\u0442\u0440 OSO \u043f\u0440\u0435\u0434\u043b\u0430\u0433\u0430\u0435\u0442 \u043a\u0443\u0440\u0441\u044b \u043f\u043e \u043e\u0445\u0440\u0430\u043d\u0435 \u0442\u0440\u0443\u0434\u0430 \u0438 \u0442\u0435\u0445\u043d\u0438\u043a\u0435 \u0431\u0435\u0437\u043e\u043f\u0430\u0441\u043d\u043e\u0441\u0442\u0438, \u043f\u043e\u0436\u0430\u0440\u043e\u0442\u0443\u0448\u0435\u043d\u0438\u044e, \u043e\u043a\u0430\u0437\u0430\u043d\u0438\u044e \u043f\u0435\u0440\u0432\u043e\u0439 \u043f\u043e\u043c\u043e\u0449\u0438, \u0414\u041e\u041f\u041e\u0413, \u0434\u0438\u0430\u0433\u043d\u043e\u0441\u0442\u0438\u043a\u0435 \u0442\u0440\u0430\u043d\u0441\u043f\u043e\u0440\u0442\u043d\u044b\u0445 \u0441\u0440\u0435\u0434\u0441\u0442\u0432, \u0441\u0438\u0433\u043d\u0430\u043b\u044c\u0449\u0438\u043a\u0443, \u043a\u0440\u0430\u043d\u043e\u0432\u0449\u0438\u043a\u0443 \u0438 \u043e\u043f\u0435\u0440\u0430\u0442\u043e\u0440\u0443 \u0437\u0430\u043f\u0440\u0430\u0432\u0449\u0438\u043a\u0430 TDT.<\/p>\n<p>\u0417\u0430\u043d\u044f\u0442\u0438\u044f \u043f\u0440\u043e\u0432\u043e\u0434\u044f\u0442\u0441\u044f \u043a\u0432\u0430\u043b\u0438\u0444\u0438\u0446\u0438\u0440\u043e\u0432\u0430\u043d\u043d\u044b\u043c\u0438 \u043f\u0440\u0435\u043f\u043e\u0434\u0430\u0432\u0430\u0442\u0435\u043b\u044f\u043c\u0438 \u0438 \u043d\u0430 \u043e\u0441\u043d\u043e\u0432\u0435 \u043f\u0440\u043e\u0433\u0440\u0430\u043c\u043c, \u0440\u0430\u0437\u0440\u0430\u0431\u043e\u0442\u0430\u043d\u043d\u044b\u0445 \u0441\u043e\u0432\u043c\u0435\u0441\u0442\u043d\u043e \u0441 \u043e\u0440\u0433\u0430\u043d\u0430\u043c\u0438, \u0432\u044b\u0434\u0430\u044e\u0449\u0438\u043c\u0438 \u0441\u0435\u0440\u0442\u0438\u0444\u0438\u043a\u0430\u0442\u044b, \u0438 \u0441 \u043f\u043e\u043c\u043e\u0449\u044c\u044e \u043d\u0430\u0448\u0438\u0445 \u043c\u0435\u0442\u043e\u0434\u0438\u0441\u0442\u043e\u0432. \u041c\u044b \u0437\u0430\u0431\u043e\u0442\u0438\u043c\u0441\u044f \u043e \u0442\u043e\u043c, \u0447\u0442\u043e\u0431\u044b \u043d\u0435 \u0442\u043e\u043b\u044c\u043a\u043e \u043f\u0435\u0440\u0435\u0434\u0430\u0432\u0430\u0442\u044c \u0437\u043d\u0430\u043d\u0438\u044f, \u043d\u043e \u0438 \u043d\u0430\u0441\u044b\u0449\u0430\u0442\u044c \u043d\u0430\u0448\u0438 \u0443\u0447\u0435\u0431\u043d\u044b\u0435 \u043a\u0443\u0440\u0441\u044b \u043f\u0440\u0430\u043a\u0442\u0438\u0447\u0435\u0441\u043a\u0438\u043c\u0438 \u0443\u043f\u0440\u0430\u0436\u043d\u0435\u043d\u0438\u044f\u043c\u0438, \u043a\u043e\u0442\u043e\u0440\u044b\u0435 \u0437\u0430\u043a\u0440\u0435\u043f\u043b\u044f\u044e\u0442 \u043f\u043e\u043b\u0443\u0447\u0435\u043d\u043d\u0443\u044e \u0438\u043d\u0444\u043e\u0440\u043c\u0430\u0446\u0438\u044e. \u0418\u043c\u0435\u043d\u043d\u043e \u0431\u043b\u0430\u0433\u043e\u0434\u0430\u0440\u044f \u044d\u0442\u043e\u043c\u0443 \u043c\u044b \u0434\u043e\u0431\u0438\u0432\u0430\u0435\u043c\u0441\u044f \u0442\u0430\u043a\u043e\u0433\u043e \u0432\u044b\u0441\u043e\u043a\u043e\u0433\u043e \u043f\u0440\u043e\u0446\u0435\u043d\u0442\u0430 \u0441\u0434\u0430\u0447\u0438 \u044d\u043a\u0437\u0430\u043c\u0435\u043d\u043e\u0432 \u0438 \u043e\u0434\u043d\u043e\u0432\u0440\u0435\u043c\u0435\u043d\u043d\u043e \u0443\u0434\u043e\u0432\u043b\u0435\u0442\u0432\u043e\u0440\u0435\u043d\u043d\u043e\u0441\u0442\u0438 \u0443\u0447\u0430\u0441\u0442\u043d\u0438\u043a\u043e\u0432.<\/p>\n<p>\u0426\u0435\u043d\u044b \u043d\u0430 \u0443\u0441\u043b\u0443\u0433\u0438 \u0442\u0440\u0435\u043d\u0438\u043d\u0433\u0430 \u0437\u0430\u0432\u0438\u0441\u044f\u0442 \u043e\u0442 \u043a\u043e\u043b\u0438\u0447\u0435\u0441\u0442\u0432\u0430 \u0443\u0447\u0430\u0441\u0442\u043d\u0438\u043a\u043e\u0432. \u0412 \u0441\u043b\u0443\u0447\u0430\u0435 \u0431\u043e\u043b\u044c\u0448\u0438\u0445 \u0433\u0440\u0443\u043f\u043f \u043c\u044b \u0432\u0441\u0435\u0433\u0434\u0430 \u043f\u0440\u0435\u0434\u043e\u0441\u0442\u0430\u0432\u043b\u044f\u0435\u043c \u043f\u0440\u0438\u0432\u043b\u0435\u043a\u0430\u0442\u0435\u043b\u044c\u043d\u044b\u0435 \u0441\u043a\u0438\u0434\u043a\u0438 \u0438 \u0434\u0430\u0435\u043c \u0432\u043e\u0437\u043c\u043e\u0436\u043d\u043e\u0441\u0442\u044c \u043f\u0440\u043e\u0432\u0435\u0441\u0442\u0438 \u043f\u0435\u0440\u0435\u0433\u043e\u0432\u043e\u0440\u044b, \u043f\u043e\u044d\u0442\u043e\u043c\u0443, \u043f\u043e\u0436\u0430\u043b\u0443\u0439\u0441\u0442\u0430, \u0437\u0430\u043f\u0440\u0430\u0448\u0438\u0432\u0430\u0439\u0442\u0435 <a href=\"https:\/\/szkolenia-udt.pl\/ru\/kontakt\/\">\u043e\u0431\u0440\u0430\u0449\u0435\u043d\u0438\u0435 \u043a \u043d\u0430\u043c<\/a>\u0414\u043b\u044f \u043f\u043e\u043b\u0443\u0447\u0435\u043d\u0438\u044f \u0431\u043e\u043b\u0435\u0435 \u043f\u043e\u0434\u0440\u043e\u0431\u043d\u043e\u0439 \u0438\u043d\u0444\u043e\u0440\u043c\u0430\u0446\u0438\u0438 \u043e \u0446\u0435\u043d\u0430\u0445 - \u043c\u044b \u043f\u043e\u0434\u0433\u043e\u0442\u043e\u0432\u0438\u043c \u0438\u043d\u0434\u0438\u0432\u0438\u0434\u0443\u0430\u043b\u044c\u043d\u043e\u0435 \u043f\u0440\u0435\u0434\u043b\u043e\u0436\u0435\u043d\u0438\u0435.<\/p>\n<div style=\"float: left; padding-right: 10px;\"><div id=\"metaslider-id-528\" style=\"max-width: 300px;\" class=\"ml-slider-3-108-0 metaslider metaslider-flex metaslider-528 ml-slider ms-theme-default nav-hidden nav-hidden\" role=\"region\" aria-label=\"\u041a\u0443\u0440\u0441\u044b2\" data-height=\"225\" data-width=\"300\">\n    <div id=\"metaslider_container_528\">\n        <div id=\"metaslider_528\">\n            <ul class='slides'>\n                <li style=\"display: block; width: 100%;\" class=\"slide-530 ms-image\" aria-roledescription=\"slide\" data-date=\"2014-10-11 16:30:32\" data-filename=\"4678st1hjuffalicranes.jpg\" data-slide-type=\"image\"><img loading=\"lazy\" decoding=\"async\" src=\"https:\/\/szkolenia-udt.pl\/wp-content\/uploads\/2014\/10\/4678st1hjuffalicranes.jpg\" height=\"225\" width=\"300\" alt=\"\u041a\u0443\u0440\u0441\u044b \u0438 \u043e\u0431\u0443\u0447\u0435\u043d\u0438\u0435\" class=\"slider-528 slide-530 msDefaultImage\" \/><\/li>\n                <li style=\"display: none; width: 100%;\" class=\"slide-531 ms-image\" aria-roledescription=\"slide\" data-date=\"2014-10-11 16:31:01\" data-filename=\"Marketing-Image-Big-Yellow-Crane2.jpg\" data-slide-type=\"image\"><img loading=\"lazy\" decoding=\"async\" src=\"https:\/\/szkolenia-udt.pl\/wp-content\/uploads\/2014\/10\/Marketing-Image-Big-Yellow-Crane2.jpg\" height=\"225\" width=\"300\" alt=\"\u0442\u0435\u043b\u0435\u0441\u043a\u043e\u043f\u0438\u0447\u0435\u0441\u043a\u0438\u0439 \u043f\u043e\u0433\u0440\u0443\u0437\u0447\u0438\u043a\" class=\"slider-528 slide-531 msDefaultImage\" \/><\/li>\n                <li style=\"display: none; width: 100%;\" class=\"slide-1202 ms-image\" aria-roledescription=\"slide\" data-date=\"2014-11-17 21:26:13\" data-filename=\"podnosnik-kosz1a.jpg\" data-slide-type=\"image\"><img loading=\"lazy\" decoding=\"async\" src=\"https:\/\/szkolenia-udt.pl\/wp-content\/uploads\/2014\/11\/podnosnik-kosz1a.jpg\" height=\"225\" width=\"300\" alt=\"\" class=\"slider-528 slide-1202 msDefaultImage\" \/><\/li>\n                <li style=\"display: none; width: 100%;\" class=\"slide-1203 ms-image\" aria-roledescription=\"slide\" data-date=\"2014-11-17 21:31:14\" data-filename=\"wozki1a.jpg\" data-slide-type=\"image\"><img loading=\"lazy\" decoding=\"async\" src=\"https:\/\/szkolenia-udt.pl\/wp-content\/uploads\/2014\/11\/wozki1a.jpg\" height=\"225\" width=\"300\" alt=\"\" class=\"slider-528 slide-1203 msDefaultImage\" \/><\/li>\n                <li style=\"display: none; width: 100%;\" class=\"slide-1211 ms-image\" aria-roledescription=\"slide\" data-date=\"2014-11-17 21:42:16\" data-filename=\"suw3a.jpg\" data-slide-type=\"image\"><img loading=\"lazy\" decoding=\"async\" src=\"https:\/\/szkolenia-udt.pl\/wp-content\/uploads\/2014\/11\/suw3a.jpg\" height=\"225\" width=\"300\" alt=\"\" class=\"slider-528 slide-1211 msDefaultImage\" \/><\/li>\n            <\/ul>\n        <\/div>\n        \n    <\/div>\n<\/div><\/div>\n<p>\u041c\u044b \u043e\u0440\u0433\u0430\u043d\u0438\u0437\u0443\u0435\u043c \u0437\u0430\u043d\u044f\u0442\u0438\u044f \u0432 \u043e\u0442\u043a\u0440\u044b\u0442\u043e\u0439 \u0444\u043e\u0440\u043c\u0435 - \u043e\u043d\u0438 \u043f\u0440\u043e\u0432\u043e\u0434\u044f\u0442\u0441\u044f \u043f\u043e \u0440\u0430\u0441\u043f\u0438\u0441\u0430\u043d\u0438\u044e, \u0440\u0430\u0437\u043c\u0435\u0449\u0435\u043d\u043d\u043e\u043c\u0443 \u043d\u0430 \u043d\u0430\u0448\u0435\u043c \u0441\u0430\u0439\u0442\u0435, \u0430 \u0442\u0430\u043a\u0436\u0435 \u0432 \u0437\u0430\u043a\u0440\u044b\u0442\u043e\u0439 \u0444\u043e\u0440\u043c\u0435 - \u0434\u043b\u044f \u043e\u0440\u0433\u0430\u043d\u0438\u0437\u043e\u0432\u0430\u043d\u043d\u044b\u0445 \u0433\u0440\u0443\u043f\u043f, \u043d\u0430\u043f\u0440\u0430\u0432\u043b\u044f\u0435\u043c\u044b\u0445 \u0440\u0430\u0431\u043e\u0442\u043e\u0434\u0430\u0442\u0435\u043b\u044f\u043c\u0438 \u0438\u043b\u0438 \u0443\u0447\u0440\u0435\u0436\u0434\u0435\u043d\u0438\u044f\u043c\u0438. \u0417\u0430\u043a\u0440\u044b\u0442\u044b\u0435 \u0437\u0430\u043d\u044f\u0442\u0438\u044f \u043c\u043e\u0433\u0443\u0442 \u0431\u044b\u0442\u044c \u0438\u043d\u0434\u0438\u0432\u0438\u0434\u0443\u0430\u043b\u044c\u043d\u043e \u0430\u0434\u0430\u043f\u0442\u0438\u0440\u043e\u0432\u0430\u043d\u044b \u043a \u043f\u043e\u0442\u0440\u0435\u0431\u043d\u043e\u0441\u0442\u044f\u043c \u043a\u043b\u0438\u0435\u043d\u0442\u043e\u0432 \u0432 \u0441\u043e\u043e\u0442\u0432\u0435\u0442\u0441\u0442\u0432\u0438\u0438 \u0441 \u0442\u0440\u0435\u0431\u043e\u0432\u0430\u043d\u0438\u044f\u043c\u0438 \u0440\u0430\u0431\u043e\u0447\u0435\u0433\u043e \u043c\u0435\u0441\u0442\u0430.<\/p>\n<p>\u041c\u044b \u0440\u0435\u043a\u043e\u043c\u0435\u043d\u0434\u0443\u0435\u043c \u0432\u0430\u043c \u0432\u044b\u0431\u0440\u0430\u0442\u044c <a href=\"https:\/\/szkolenia-udt.pl\/ru\/oferta\/\">\u043d\u0430\u0448\u0438 \u0443\u0441\u043b\u0443\u0433\u0438<\/a>!<\/p>\n<\/div>","protected":false},"excerpt":{"rendered":"<p>Szkolenia UDT w O\u015brodku OSO Od kilkunastu lat zajmujemy si\u0119 profesjonalnym szkoleniem pracownik\u00f3w na terenie Polski. Dzi\u0119ki nam mo\u017cesz uzyska\u0107 uprawnienia UDT (Urz\u0119du Dozoru Technicznego) i zacz\u0105\u0107 pracowa\u0107 na stanowisku operatora maszyn wymagaj\u0105cych tego rodzaju uprawnie\u0144. Nasze zaj\u0119cia skierowane s\u0105 do wszystkich os\u00f3b, kt\u00f3re poszukuj\u0105 kompleksowej pomocy w podnoszeniu swoich kwalifikacji. W naszej ofercie znajduj\u0105 [&hellip;]<\/p>\n","protected":false},"author":3,"featured_media":0,"parent":0,"menu_order":2,"comment_status":"closed","ping_status":"closed","template":"template-podkategorie.php","meta":{"footnotes":""},"class_list":["post-22","page","type-page","status-publish","hentry"],"aioseo_notices":[],"_links":{"self":[{"href":"https:\/\/szkolenia-udt.pl\/ru\/wp-json\/wp\/v2\/pages\/22","targetHints":{"allow":["GET"]}}],"collection":[{"href":"https:\/\/szkolenia-udt.pl\/ru\/wp-json\/wp\/v2\/pages"}],"about":[{"href":"https:\/\/szkolenia-udt.pl\/ru\/wp-json\/wp\/v2\/types\/page"}],"author":[{"embeddable":true,"href":"https:\/\/szkolenia-udt.pl\/ru\/wp-json\/wp\/v2\/users\/3"}],"replies":[{"embeddable":true,"href":"https:\/\/szkolenia-udt.pl\/ru\/wp-json\/wp\/v2\/comments?post=22"}],"version-history":[{"count":37,"href":"https:\/\/szkolenia-udt.pl\/ru\/wp-json\/wp\/v2\/pages\/22\/revisions"}],"predecessor-version":[{"id":2575,"href":"https:\/\/szkolenia-udt.pl\/ru\/wp-json\/wp\/v2\/pages\/22\/revisions\/2575"}],"wp:attachment":[{"href":"https:\/\/szkolenia-udt.pl\/ru\/wp-json\/wp\/v2\/media?parent=22"}],"curies":[{"name":"wp","href":"https:\/\/api.w.org\/{rel}","templated":true}]}}