{"id":231,"date":"2014-10-08T17:04:53","date_gmt":"2014-10-08T17:04:53","guid":{"rendered":"http:\/\/szkolenia-udt.pl\/?page_id=231"},"modified":"2022-09-01T22:07:21","modified_gmt":"2022-09-01T20:07:21","slug":"%d0%b2%d0%be%d0%b6%d0%b4%d0%b5%d0%bd%d0%b8%d0%b5-%d0%b2%d0%be%d0%b4%d0%b8%d1%82%d0%b5%d0%bb%d0%b8-%d1%82%d1%80%d0%b0%d0%bd%d1%81%d0%bf%d0%be%d1%80%d1%82%d0%bd%d1%8b%d1%85-%d1%81%d1%80%d0%b5%d0%b4","status":"publish","type":"page","link":"https:\/\/szkolenia-udt.pl\/ru\/kursy\/wozki-widlowe\/kierowanie-wozkami-jezdniowymi\/","title":{"rendered":"\u0412\u043e\u0436\u0434\u0435\u043d\u0438\u0435 \u0433\u0440\u0443\u0437\u043e\u0432\u043e\u0433\u043e \u0430\u0432\u0442\u043e\u043c\u043e\u0431\u0438\u043b\u044f"},"content":{"rendered":"<div style=\"float: left; padding-right: 10px;\"><div id=\"metaslider-id-396\" style=\"max-width: 300px;\" class=\"ml-slider-3-108-0 metaslider metaslider-flex metaslider-396 ml-slider ms-theme-default nav-hidden\" role=\"region\" aria-label=\"\u0412\u0438\u043b\u043e\u0447\u043d\u044b\u0435 \u043f\u043e\u0433\u0440\u0443\u0437\u0447\u0438\u043a\u0438\" data-height=\"225\" data-width=\"300\">\n    <div id=\"metaslider_container_396\">\n        <div id=\"metaslider_396\">\n            <ul class='slides'>\n                <li style=\"display: block; width: 100%;\" class=\"slide-400 ms-image\" aria-roledescription=\"slide\" data-date=\"2014-10-10 12:07:59\" data-filename=\"6260676228_3a0fdacf7d_o.jpg\" data-slide-type=\"image\"><img loading=\"lazy\" decoding=\"async\" src=\"https:\/\/szkolenia-udt.pl\/wp-content\/uploads\/2014\/10\/6260676228_3a0fdacf7d_o.jpg\" height=\"225\" width=\"300\" alt=\"\u0412\u0438\u043b\u043e\u0447\u043d\u044b\u0439 \u043f\u043e\u0433\u0440\u0443\u0437\u0447\u0438\u043a\" class=\"slider-396 slide-400 msDefaultImage\" \/><\/li>\n                <li style=\"display: none; width: 100%;\" class=\"slide-577 ms-image\" aria-roledescription=\"slide\" data-date=\"2014-10-12 05:27:57\" data-filename=\"Szkolenia-w\u00f3zki-wid\u0142owe.jpg\" data-slide-type=\"image\"><img loading=\"lazy\" decoding=\"async\" src=\"https:\/\/szkolenia-udt.pl\/wp-content\/uploads\/2014\/10\/Szkolenia-w\u00f3zki-wid\u0142owe.jpg\" height=\"225\" width=\"300\" alt=\"\u041e\u0431\u0443\u0447\u0435\u043d\u0438\u0435 \u0440\u0430\u0431\u043e\u0442\u0435 \u043d\u0430 \u0432\u0438\u043b\u043e\u0447\u043d\u043e\u043c \u043f\u043e\u0433\u0440\u0443\u0437\u0447\u0438\u043a\u0435\" class=\"slider-396 slide-577 msDefaultImage\" \/><\/li>\n                <li style=\"display: none; width: 100%;\" class=\"slide-578 ms-image\" aria-roledescription=\"slide\" data-date=\"2014-10-12 05:34:04\" data-filename=\"W\u00f3zki-wid\u0142owe-UDT.jpg\" data-slide-type=\"image\"><img loading=\"lazy\" decoding=\"async\" src=\"https:\/\/szkolenia-udt.pl\/wp-content\/uploads\/2014\/10\/W\u00f3zki-wid\u0142owe-UDT.jpg\" height=\"225\" width=\"300\" alt=\"\" class=\"slider-396 slide-578 msDefaultImage\" \/><\/li>\n                <li style=\"display: none; width: 100%;\" class=\"slide-1205 ms-image\" aria-roledescription=\"slide\" data-date=\"2014-11-17 21:31:17\" data-filename=\"wozki3a.jpg\" data-slide-type=\"image\"><img loading=\"lazy\" decoding=\"async\" src=\"https:\/\/szkolenia-udt.pl\/wp-content\/uploads\/2014\/11\/wozki3a.jpg\" height=\"225\" width=\"300\" alt=\"\" class=\"slider-396 slide-1205 msDefaultImage\" \/><\/li>\n                <li style=\"display: none; width: 100%;\" class=\"slide-1204 ms-image\" aria-roledescription=\"slide\" data-date=\"2014-11-17 21:31:16\" data-filename=\"wozki2a.jpg\" data-slide-type=\"image\"><img loading=\"lazy\" decoding=\"async\" src=\"https:\/\/szkolenia-udt.pl\/wp-content\/uploads\/2014\/11\/wozki2a.jpg\" height=\"225\" width=\"300\" alt=\"\" class=\"slider-396 slide-1204 msDefaultImage\" \/><\/li>\n            <\/ul>\n        <\/div>\n        \n    <\/div>\n<\/div><\/div>\n<div class=\"wyjustuj\">\n<p>\u0421\u0435\u0433\u043e\u0434\u043d\u044f \u0432\u0438\u043b\u043e\u0447\u043d\u044b\u0435 \u043f\u043e\u0433\u0440\u0443\u0437\u0447\u0438\u043a\u0438 \u0448\u0438\u0440\u043e\u043a\u043e \u0438\u0441\u043f\u043e\u043b\u044c\u0437\u0443\u044e\u0442\u0441\u044f \u0432 \u043b\u043e\u0433\u0438\u0441\u0442\u0438\u0447\u0435\u0441\u043a\u0438\u0445 \u0446\u0435\u043d\u0442\u0440\u0430\u0445, \u0441\u043a\u043b\u0430\u0434\u0441\u043a\u0438\u0445 \u0438 \u0442\u043e\u0440\u0433\u043e\u0432\u044b\u0445 \u0437\u0430\u043b\u0430\u0445, \u0430 \u0442\u0430\u043a\u0436\u0435 \u043d\u0430 \u043f\u0440\u043e\u0438\u0437\u0432\u043e\u0434\u0441\u0442\u0432\u0435 \u0438\u043b\u0438 \u0432 \u043f\u0440\u043e\u043c\u044b\u0448\u043b\u0435\u043d\u043d\u043e\u0441\u0442\u0438. \u041e\u043d\u0438 \u043d\u0430\u0434\u0435\u0436\u043d\u044b \u0438 \u043d\u0435\u0437\u0430\u043c\u0435\u043d\u0438\u043c\u044b \u043f\u0440\u0438 \u043e\u0431\u0440\u0430\u0431\u043e\u0442\u043a\u0435 \u043c\u0430\u0442\u0435\u0440\u0438\u0430\u043b\u043e\u0432 \u0438 \u043f\u043e\u0437\u0432\u043e\u043b\u044f\u044e\u0442 \u0431\u044b\u0441\u0442\u0440\u043e \u0438 \u043b\u0435\u0433\u043a\u043e \u043f\u0435\u0440\u0435\u043c\u0435\u0449\u0430\u0442\u044c \u0433\u0440\u0443\u0437\u044b \u0434\u0430\u0436\u0435 \u043c\u0435\u0436\u0434\u0443 \u0443\u0437\u043a\u0438\u043c\u0438 \u0441\u0442\u0435\u043b\u043b\u0430\u0436\u0430\u043c\u0438.\u0427\u0442\u043e\u0431\u044b \u0440\u0430\u0431\u043e\u0442\u0430\u0442\u044c \u043e\u043f\u0435\u0440\u0430\u0442\u043e\u0440\u043e\u043c \u0432\u0438\u043b\u043e\u0447\u043d\u043e\u0433\u043e \u043f\u043e\u0433\u0440\u0443\u0437\u0447\u0438\u043a\u0430, \u043d\u0435\u043e\u0431\u0445\u043e\u0434\u0438\u043c\u043e \u043f\u0440\u043e\u0439\u0442\u0438 \u043a\u0443\u0440\u0441\u044b \u0432\u0438\u043b\u043e\u0447\u043d\u0438\u043a\u043e\u0432. \u041e\u043d\u0430 \u0434\u0430\u0435\u0442 \u0442\u0435\u043e\u0440\u0435\u0442\u0438\u0447\u0435\u0441\u043a\u0443\u044e \u0438\u043d\u0444\u043e\u0440\u043c\u0430\u0446\u0438\u044e \u0438 \u043f\u043e\u0437\u0432\u043e\u043b\u044f\u0435\u0442 \u043f\u0440\u0438\u043d\u044f\u0442\u044c \u0443\u0447\u0430\u0441\u0442\u0438\u0435 \u0432 \u0443\u043f\u0440\u0430\u0436\u043d\u0435\u043d\u0438\u044f\u0445 \u043f\u043e \u0443\u043f\u0440\u0430\u0432\u043b\u0435\u043d\u0438\u044e \u043c\u0430\u0448\u0438\u043d\u043e\u0439, \u0447\u0442\u043e\u0431\u044b \u0437\u0430\u0442\u0435\u043c \u0441\u0434\u0430\u0442\u044c \u044d\u043a\u0437\u0430\u043c\u0435\u043d \u0438 \u043f\u043e\u043b\u0443\u0447\u0438\u0442\u044c \u043b\u0438\u0446\u0435\u043d\u0437\u0438\u044e. \u0421\u0440\u0435\u0434\u0438 \u043f\u0440\u043e\u0447\u0435\u0433\u043e, \u0432 \u043a\u0443\u0440\u0441\u0435 \u0440\u0430\u0441\u0441\u043c\u0430\u0442\u0440\u0438\u0432\u0430\u0435\u0442\u0441\u044f \u043f\u0440\u0430\u0432\u0438\u043b\u044c\u043d\u043e\u0435 \u0443\u043f\u0440\u0430\u0432\u043b\u0435\u043d\u0438\u0435 \u0432\u0438\u043b\u043e\u0447\u043d\u044b\u043c\u0438 \u043f\u043e\u0433\u0440\u0443\u0437\u0447\u0438\u043a\u0430\u043c\u0438, \u0447\u0442\u043e \u0438\u043c\u0435\u0435\u0442 \u0440\u0435\u0448\u0430\u044e\u0449\u0435\u0435 \u0437\u043d\u0430\u0447\u0435\u043d\u0438\u0435 \u0434\u043b\u044f \u0431\u0435\u0437\u043e\u043f\u0430\u0441\u043d\u043e\u0441\u0442\u0438 \u0442\u0440\u0443\u0434\u0430.<\/p>\n<p><strong>\u0411\u043b\u0430\u0433\u043e\u0434\u0430\u0440\u044f \u0441\u0432\u043e\u0435\u0439 \u043a\u043e\u043d\u0441\u0442\u0440\u0443\u043a\u0446\u0438\u0438, \u043f\u0440\u0438 \u0443\u043f\u0440\u0430\u0432\u043b\u0435\u043d\u0438\u0438 \u0432\u0438\u043b\u043e\u0447\u043d\u044b\u043c \u043f\u043e\u0433\u0440\u0443\u0437\u0447\u0438\u043a\u043e\u043c \u043c\u043e\u0436\u043d\u043e \u0432\u044b\u043f\u043e\u043b\u043d\u044f\u0442\u044c \u043d\u0435\u0441\u043a\u043e\u043b\u044c\u043a\u043e \u0442\u0438\u043f\u043e\u0432 \u0434\u0432\u0438\u0436\u0435\u043d\u0438\u0439:<\/strong><\/p>\n<ul>\n<li>\u043e\u0442\u0441\u043b\u0435\u0436\u0438\u0432\u0430\u0442\u044c \u0443\u043f\u0440\u0430\u0432\u043b\u0435\u043d\u0438\u0435 \u0441\u0430\u043c\u0438\u043c \u0443\u0441\u0442\u0440\u043e\u0439\u0441\u0442\u0432\u043e\u043c<\/li>\n<li>\u0443\u043f\u0440\u0430\u0432\u043b\u0435\u043d\u0438\u0435 \u043c\u0430\u0447\u0442\u043e\u0439, \u043d\u0435\u0441\u0443\u0449\u0435\u0439 \u043a\u0430\u0440\u0435\u0442\u043a\u0443 \u0441 \u0432\u0438\u043b\u0430\u043c\u0438<\/li>\n<li>\u0443\u043f\u0440\u0430\u0432\u043b\u0435\u043d\u0438\u0435 \u0432\u0438\u043b\u0430\u043c\u0438, \u043d\u0430 \u043a\u043e\u0442\u043e\u0440\u044b\u0445 \u0440\u0430\u0437\u043c\u0435\u0449\u0430\u0435\u0442\u0441\u044f \u0433\u0440\u0443\u0437<\/li>\n<\/ul>\n<p>\u0423\u043f\u0440\u0430\u0432\u043b\u0435\u043d\u0438\u0435 \u043f\u043e\u0433\u0440\u0443\u0437\u0447\u0438\u043a\u0430\u043c\u0438 \u0441\u0445\u043e\u0436\u0435 \u0441 \u0443\u043f\u0440\u0430\u0432\u043b\u0435\u043d\u0438\u0435\u043c \u0430\u0432\u0442\u043e\u043c\u043e\u0431\u0438\u043b\u044f\u043c\u0438. \u041c\u0430\u0448\u0438\u043d\u044b \u043e\u0441\u043d\u0430\u0449\u0435\u043d\u044b \u0440\u0443\u043b\u0435\u0432\u044b\u043c \u043a\u043e\u043b\u0435\u0441\u043e\u043c, \u0430 \u0442\u0430\u043a\u0436\u0435 \u043f\u0435\u0434\u0430\u043b\u044f\u043c\u0438 \u0433\u0430\u0437\u0430 \u0438 \u0442\u043e\u0440\u043c\u043e\u0437\u0430 \u0432 \u0431\u043e\u043b\u044c\u0448\u0438\u043d\u0441\u0442\u0432\u0435 \u043c\u043e\u0434\u0435\u043b\u0435\u0439. \u041a\u0440\u043e\u043c\u0435 \u0442\u043e\u0433\u043e, \u043d\u0435\u043a\u043e\u0442\u043e\u0440\u044b\u0435 \u0442\u0438\u043f\u044b \u0438\u043c\u0435\u044e\u0442 \u0441\u0446\u0435\u043f\u043b\u0435\u043d\u0438\u0435. \u041f\u0435\u0440\u0435\u0434\u0430\u0447 \u043e\u0431\u044b\u0447\u043d\u043e \u0434\u0432\u0435 - \u0431\u043e\u043b\u0435\u0435 \u0431\u044b\u0441\u0442\u0440\u0430\u044f \u0438 \u0431\u043e\u043b\u0435\u0435 \u043c\u0435\u0434\u043b\u0435\u043d\u043d\u0430\u044f. \u0412\u0438\u043b\u043e\u0447\u043d\u044b\u0435 \u043f\u043e\u0433\u0440\u0443\u0437\u0447\u0438\u043a\u0438 \u043c\u043e\u0433\u0443\u0442 \u0440\u0430\u0431\u043e\u0442\u0430\u0442\u044c \u043e\u0442 \u044d\u043b\u0435\u043a\u0442\u0440\u0438\u0447\u0435\u0441\u0442\u0432\u0430, \u0430\u043a\u043a\u0443\u043c\u0443\u043b\u044f\u0442\u043e\u0440\u043e\u0432, \u0430 \u0442\u0430\u043a\u0436\u0435 \u043c\u043e\u0433\u0443\u0442 \u0438\u043c\u0435\u0442\u044c \u0441\u0442\u0430\u043d\u0434\u0430\u0440\u0442\u043d\u044b\u0439 \u043f\u0440\u0438\u0432\u043e\u0434 \u0432\u043d\u0443\u0442\u0440\u0435\u043d\u043d\u0435\u0433\u043e \u0441\u0433\u043e\u0440\u0430\u043d\u0438\u044f. \u041d\u0430\u0448 \u043a\u0443\u0440\u0441 \u043e\u043f\u0435\u0440\u0430\u0442\u043e\u0440\u0430 \u0432\u0438\u043b\u043e\u0447\u043d\u043e\u0433\u043e \u043f\u043e\u0433\u0440\u0443\u0437\u0447\u0438\u043a\u0430 \u0431\u043e\u043b\u0435\u0435 \u043f\u043e\u0434\u0440\u043e\u0431\u043d\u043e \u0440\u0430\u0441\u0441\u043c\u0430\u0442\u0440\u0438\u0432\u0430\u0435\u0442 \u043a\u043e\u043d\u0441\u0442\u0440\u0443\u043a\u0446\u0438\u044e \u043e\u0431\u043e\u0440\u0443\u0434\u043e\u0432\u0430\u043d\u0438\u044f.<\/p>\n<p>\u041f\u0440\u0438 \u0443\u043f\u0440\u0430\u0432\u043b\u0435\u043d\u0438\u0438 \u0432\u0430\u0436\u043d\u043e \u0443\u0447\u0438\u0442\u044b\u0432\u0430\u0442\u044c, \u0447\u0442\u043e \u0433\u0440\u0443\u0437\u043e\u0432\u0438\u043a\u0438-\u0432\u0435\u0437\u0434\u0435\u0445\u043e\u0434\u044b \u0433\u043e\u0440\u0430\u0437\u0434\u043e \u0431\u043e\u043b\u0435\u0435 \u043c\u0430\u043d\u0435\u0432\u0440\u0435\u043d\u043d\u044b, \u0447\u0435\u043c \u043b\u0435\u0433\u043a\u043e\u0432\u044b\u0435 \u0430\u0432\u0442\u043e\u043c\u043e\u0431\u0438\u043b\u0438. \u041c\u0430\u043b\u044b\u0439 \u0440\u0430\u0434\u0438\u0443\u0441 \u043f\u043e\u0432\u043e\u0440\u043e\u0442\u0430 \u0434\u0435\u043b\u0430\u0435\u0442 \u0438\u0445 \u0441\u043b\u043e\u0436\u043d\u044b\u043c\u0438 \u0432 \u0443\u043f\u0440\u0430\u0432\u043b\u0435\u043d\u0438\u0438 \u0434\u043b\u044f \u043d\u0435\u043e\u043f\u044b\u0442\u043d\u044b\u0445 \u0432\u043e\u0434\u0438\u0442\u0435\u043b\u0435\u0439. \u042d\u0442\u043e \u043f\u043e\u0437\u0432\u043e\u043b\u044f\u0435\u0442 \u0432\u0438\u043b\u043e\u0447\u043d\u043e\u043c\u0443 \u043f\u043e\u0433\u0440\u0443\u0437\u0447\u0438\u043a\u0443 \u0431\u0435\u0437 \u043f\u0440\u043e\u0431\u043b\u0435\u043c \u0435\u0437\u0434\u0438\u0442\u044c \u043c\u0435\u0436\u0434\u0443 \u0441\u0442\u0435\u043b\u043b\u0430\u0436\u0430\u043c\u0438, \u043f\u043e\u0441\u043a\u043e\u043b\u044c\u043a\u0443 \u043c\u0430\u043d\u0435\u0432\u0440\u0438\u0440\u043e\u0432\u0430\u043d\u0438\u0435 \u0434\u0430\u0436\u0435 \u0432 \u043d\u0435\u0431\u043e\u043b\u044c\u0448\u043e\u043c \u043f\u0440\u043e\u0441\u0442\u0440\u0430\u043d\u0441\u0442\u0432\u0435 \u0443\u043f\u0440\u043e\u0449\u0430\u0435\u0442\u0441\u044f, \u043d\u043e \u0432 \u0442\u043e \u0436\u0435 \u0432\u0440\u0435\u043c\u044f \u0432\u0430\u0436\u043d\u043e \u043f\u043e\u043c\u043d\u0438\u0442\u044c \u043e \u043f\u0440\u0430\u0432\u0438\u043b\u0430\u0445 \u0431\u0435\u0437\u043e\u043f\u0430\u0441\u043d\u043e\u0441\u0442\u0438, \u0447\u0442\u043e\u0431\u044b \u043d\u0435 \u0434\u043e\u043f\u0443\u0441\u0442\u0438\u0442\u044c \u043d\u0435\u0441\u0447\u0430\u0441\u0442\u043d\u043e\u0433\u043e \u0441\u043b\u0443\u0447\u0430\u044f. \u041d\u0430\u0438\u0431\u043e\u043b\u0435\u0435 \u0440\u0430\u0441\u043f\u0440\u043e\u0441\u0442\u0440\u0430\u043d\u0435\u043d\u043d\u0430\u044f \u043f\u0440\u0438\u0447\u0438\u043d\u0430 \u043d\u0435\u0441\u0447\u0430\u0441\u0442\u043d\u044b\u0445 \u0441\u043b\u0443\u0447\u0430\u0435\u0432 \u0434\u043b\u044f \u043e\u043f\u0435\u0440\u0430\u0442\u043e\u0440\u0430 <a href=\"https:\/\/szkolenia-udt.pl\/ru\/kursy\/wozki-widlowe\/budowa-wozka-jezdniowego\/\">\u0432\u0438\u043b\u043e\u0447\u043d\u044b\u0439 \u043f\u043e\u0433\u0440\u0443\u0437\u0447\u0438\u043a<\/a> \u043d\u0435\u0430\u0434\u0435\u043a\u0432\u0430\u0442\u043d\u043e\u0435 \u0432\u0435\u0434\u0435\u043d\u0438\u0435 \u0432\u043e \u0432\u0440\u0435\u043c\u044f \u043f\u043e\u0433\u0440\u0443\u0437\u043a\u0438. \u0422\u0435\u043b\u0435\u0436\u043a\u0430 \u0441 \u043f\u043e\u0434\u043d\u044f\u0442\u044b\u043c\u0438 \u0432\u0438\u043b\u0430\u043c\u0438 \u0438 \u0442\u044f\u0436\u0435\u043b\u044b\u043c \u0433\u0440\u0443\u0437\u043e\u043c \u0447\u0440\u0435\u0437\u0432\u044b\u0447\u0430\u0439\u043d\u043e \u043f\u043e\u0434\u0432\u0435\u0440\u0436\u0435\u043d\u0430 \u043f\u0435\u0440\u0435\u0433\u0440\u0443\u0437\u043a\u0435 \u0438 \u043e\u043f\u0440\u043e\u043a\u0438\u0434\u044b\u0432\u0430\u043d\u0438\u044e, \u043f\u043e\u044d\u0442\u043e\u043c\u0443 \u0443\u043f\u0440\u0430\u0432\u043b\u044f\u0442\u044c \u0435\u044e \u0441\u043b\u0435\u0434\u0443\u0435\u0442 \u043e\u0447\u0435\u043d\u044c \u043e\u0441\u0442\u043e\u0440\u043e\u0436\u043d\u043e, \u0441\u043e\u0431\u043b\u044e\u0434\u0430\u044f \u0432\u0441\u0435 \u043f\u0440\u0430\u0432\u0438\u043b\u0430 \u0442\u0435\u0445\u043d\u0438\u043a\u0438 \u0431\u0435\u0437\u043e\u043f\u0430\u0441\u043d\u043e\u0441\u0442\u0438 \u0438 \u043f\u0440\u0430\u0432\u0438\u043b\u044c\u043d\u043e\u0433\u043e \u043e\u0431\u0440\u0430\u0449\u0435\u043d\u0438\u044f.<\/p>\n<div style=\"float: left; padding-right: 10px;\"><div id=\"metaslider-id-605\" style=\"max-width: 300px;\" class=\"ml-slider-3-108-0 metaslider metaslider-flex metaslider-605 ml-slider ms-theme-default nav-hidden nav-hidden\" role=\"region\" aria-label=\"\u0417\u0430\u043f\u0440\u0435\u0449\u0435\u043d\u043d\u0430\u044f \u0434\u0435\u044f\u0442\u0435\u043b\u044c\u043d\u043e\u0441\u0442\u044c \u0442\u0440\u043e\u043b\u043b\u0435\u0439\u0431\u0443\u0441\u0430\" data-height=\"225\" data-width=\"300\">\n    <div id=\"metaslider_container_605\">\n        <div id=\"metaslider_605\">\n            <ul class='slides'>\n                <li style=\"display: block; width: 100%;\" class=\"slide-580 ms-image\" aria-roledescription=\"slide\" data-date=\"2014-10-12 05:36:13\" data-filename=\"Kurs-W\u00f3zek-Wid\u0142owy.jpg\" data-slide-type=\"image\"><img loading=\"lazy\" decoding=\"async\" src=\"https:\/\/szkolenia-udt.pl\/wp-content\/uploads\/2014\/10\/Kurs-W\u00f3zek-Wid\u0142owy.jpg\" height=\"225\" width=\"300\" alt=\"\" class=\"slider-605 slide-580 msDefaultImage\" \/><\/li>\n                <li style=\"display: none; width: 100%;\" class=\"slide-579 ms-image\" aria-roledescription=\"slide\" data-date=\"2014-10-12 05:36:12\" data-filename=\"Szkolenie-W\u00f3zki-wid\u0142owe.jpg\" data-slide-type=\"image\"><img loading=\"lazy\" decoding=\"async\" src=\"https:\/\/szkolenia-udt.pl\/wp-content\/uploads\/2014\/10\/Szkolenie-W\u00f3zki-wid\u0142owe.jpg\" height=\"225\" width=\"300\" alt=\"\u041e\u0431\u0443\u0447\u0435\u043d\u0438\u0435 \u0440\u0430\u0431\u043e\u0442\u0435 \u043d\u0430 \u0432\u0438\u043b\u043e\u0447\u043d\u043e\u043c \u043f\u043e\u0433\u0440\u0443\u0437\u0447\u0438\u043a\u0435\" class=\"slider-605 slide-579 msDefaultImage\" \/><\/li>\n                <li style=\"display: none; width: 100%;\" class=\"slide-591 ms-image\" aria-roledescription=\"slide\" data-date=\"2014-10-12 05:43:41\" data-filename=\"Kursy-W\u00f3zki-wid\u0142owe.jpg\" data-slide-type=\"image\"><img loading=\"lazy\" decoding=\"async\" src=\"https:\/\/szkolenia-udt.pl\/wp-content\/uploads\/2014\/10\/Kursy-W\u00f3zki-wid\u0142owe.jpg\" height=\"225\" width=\"300\" alt=\"\u041a\u0443\u0440\u0441 \u043e\u043f\u0435\u0440\u0430\u0442\u043e\u0440\u0430 \u0432\u0438\u043b\u043e\u0447\u043d\u043e\u0433\u043e \u043f\u043e\u0433\u0440\u0443\u0437\u0447\u0438\u043a\u0430\" class=\"slider-605 slide-591 msDefaultImage\" \/><\/li>\n                <li style=\"display: none; width: 100%;\" class=\"slide-594 ms-image\" aria-roledescription=\"slide\" data-date=\"2014-10-12 05:43:43\" data-filename=\"Szkolenia-w\u00f3zki-wid\u0142owe1.jpg\" data-slide-type=\"image\"><img loading=\"lazy\" decoding=\"async\" src=\"https:\/\/szkolenia-udt.pl\/wp-content\/uploads\/2014\/10\/Szkolenia-w\u00f3zki-wid\u0142owe1.jpg\" height=\"225\" width=\"300\" alt=\"\" class=\"slider-605 slide-594 msDefaultImage\" \/><\/li>\n                <li style=\"display: none; width: 100%;\" class=\"slide-1212 ms-image\" aria-roledescription=\"slide\" data-date=\"2014-11-17 21:42:16\" data-filename=\"wozki5a.jpg\" data-slide-type=\"image\"><img loading=\"lazy\" decoding=\"async\" src=\"https:\/\/szkolenia-udt.pl\/wp-content\/uploads\/2014\/11\/wozki5a.jpg\" height=\"225\" width=\"300\" alt=\"\" class=\"slider-605 slide-1212 msDefaultImage\" \/><\/li>\n            <\/ul>\n        <\/div>\n        \n    <\/div>\n<\/div><\/div>\n<p>\u0412 \u043d\u0430\u0448\u0435\u043c <a href=\"https:\/\/szkolenia-udt.pl\/ru\/o-firmie\/\">\u0426\u0435\u043d\u0442\u0440<\/a> <a href=\"https:\/\/szkolenia-udt.pl\/ru\/kursy\/uprawnienia-udt-tdt-wdt\/wozki-widlowe\/\">\u043a\u0443\u0440\u0441 \u0432\u0438\u043b\u043e\u0447\u043d\u043e\u0433\u043e \u043f\u043e\u0433\u0440\u0443\u0437\u0447\u0438\u043a\u0430<\/a> \u0432\u043a\u043b\u044e\u0447\u0430\u0435\u0442 \u043f\u043e\u0434\u0440\u043e\u0431\u043d\u0443\u044e \u0438\u043d\u0441\u0442\u0440\u0443\u043a\u0446\u0438\u044e \u043f\u043e \u043f\u0440\u0430\u0432\u0438\u043b\u044c\u043d\u043e\u043c\u0443 \u0443\u043f\u0440\u0430\u0432\u043b\u0435\u043d\u0438\u044e. \u041c\u044b \u043d\u0435 \u0442\u043e\u043b\u044c\u043a\u043e \u043f\u0435\u0440\u0435\u0434\u0430\u0435\u043c \u0442\u0435\u043e\u0440\u0438\u044e \u043d\u0430\u0448\u0438\u043c \u0441\u0442\u0443\u0434\u0435\u043d\u0442\u0430\u043c, \u043d\u043e \u0438 <a href=\"https:\/\/szkolenia-udt.pl\/ru\/kursy\/wozki-widlowe\/\">\u043b\u0438\u0446\u0435\u043d\u0437\u0438\u044f \u043d\u0430 \u0432\u0438\u043b\u043e\u0447\u043d\u044b\u0439 \u043f\u043e\u0433\u0440\u0443\u0437\u0447\u0438\u043a<\/a> \u0431\u044b\u043b\u043e \u043b\u0435\u0433\u0447\u0435 \u043e\u0432\u043b\u0430\u0434\u0435\u0442\u044c, \u043c\u044b \u043c\u043d\u043e\u0433\u043e \u0432\u0440\u0435\u043c\u0435\u043d\u0438 \u0443\u0434\u0435\u043b\u044f\u0435\u043c \u043f\u0440\u0430\u043a\u0442\u0438\u0447\u0435\u0441\u043a\u0438\u043c \u0437\u0430\u043d\u044f\u0442\u0438\u044f\u043c. \u0423\u0447\u0430\u0441\u0442\u043d\u0438\u043a\u0438, \u0440\u0435\u0448\u0438\u0432\u0448\u0438\u0435 \u0441\u0434\u0430\u0442\u044c \u044d\u043a\u0437\u0430\u043c\u0435\u043d \u0432 UDT \u0412\u0430\u0440\u0448\u0430\u0432\u0430 \u0438\u043b\u0438 \u0432 \u043d\u0430\u0448\u0438\u0445 \u043f\u043e\u043b\u0435\u0432\u044b\u0445 \u0446\u0435\u043d\u0442\u0440\u0430\u0445, \u0434\u043e\u043b\u0436\u043d\u044b \u0437\u043d\u0430\u0442\u044c, \u043a\u0430\u043a \u043f\u0440\u0430\u0432\u0438\u043b\u044c\u043d\u043e \u0443\u043f\u0440\u0430\u0432\u043b\u044f\u0442\u044c \u0432\u0438\u043b\u043e\u0447\u043d\u044b\u043c \u043f\u043e\u0433\u0440\u0443\u0437\u0447\u0438\u043a\u043e\u043c \u0441 \u0433\u0440\u0443\u0437\u043e\u043c \u0438 \u0431\u0435\u0437 \u0433\u0440\u0443\u0437\u0430. \u041f\u043e\u043b\u0443\u0447\u0435\u043d\u043d\u0430\u044f \u043a\u0432\u0430\u043b\u0438\u0444\u0438\u043a\u0430\u0446\u0438\u044f UDT \u043f\u043e\u0437\u0432\u043e\u043b\u044f\u0435\u0442 \u0443\u043f\u0440\u0430\u0432\u043b\u044f\u0442\u044c \u043e\u0431\u043e\u0440\u0443\u0434\u043e\u0432\u0430\u043d\u0438\u0435\u043c \u0432 \u0441\u043e\u043e\u0442\u0432\u0435\u0442\u0441\u0442\u0432\u0438\u0438 \u0441 \u043a\u0430\u0442\u0435\u0433\u043e\u0440\u0438\u0435\u0439.<\/p>\n<\/div>","protected":false},"excerpt":{"rendered":"<p>Aktualnie z w\u00f3zk\u00f3w wid\u0142owych korzysta si\u0119 powszechnie w centrach logistycznych, halach magazynowych, handlowych, a tak\u017ce produkcyjnych czy przemys\u0142owych. To niezawodne i niezast\u0105pione w transporcie bliskim urz\u0105dzenia, kt\u00f3re pozwalaj\u0105 na szybkie i \u0142atwe przenoszenie \u0142adunk\u00f3w, nawet pomi\u0119dzy w\u0105skimi rega\u0142ami.Aby pracowa\u0107 na stanowisku operatora w\u00f3zka wid\u0142owego, potrzebny jest kurs na w\u00f3zek wid\u0142owy. Dzi\u0119ki niemu mo\u017cna uzyska\u0107 informacje [&hellip;]<\/p>\n","protected":false},"author":3,"featured_media":400,"parent":33,"menu_order":0,"comment_status":"closed","ping_status":"closed","template":"","meta":{"footnotes":""},"class_list":["post-231","page","type-page","status-publish","has-post-thumbnail","hentry"],"aioseo_notices":[],"_links":{"self":[{"href":"https:\/\/szkolenia-udt.pl\/ru\/wp-json\/wp\/v2\/pages\/231","targetHints":{"allow":["GET"]}}],"collection":[{"href":"https:\/\/szkolenia-udt.pl\/ru\/wp-json\/wp\/v2\/pages"}],"about":[{"href":"https:\/\/szkolenia-udt.pl\/ru\/wp-json\/wp\/v2\/types\/page"}],"author":[{"embeddable":true,"href":"https:\/\/szkolenia-udt.pl\/ru\/wp-json\/wp\/v2\/users\/3"}],"replies":[{"embeddable":true,"href":"https:\/\/szkolenia-udt.pl\/ru\/wp-json\/wp\/v2\/comments?post=231"}],"version-history":[{"count":8,"href":"https:\/\/szkolenia-udt.pl\/ru\/wp-json\/wp\/v2\/pages\/231\/revisions"}],"predecessor-version":[{"id":3254,"href":"https:\/\/szkolenia-udt.pl\/ru\/wp-json\/wp\/v2\/pages\/231\/revisions\/3254"}],"up":[{"embeddable":true,"href":"https:\/\/szkolenia-udt.pl\/ru\/wp-json\/wp\/v2\/pages\/33"}],"wp:featuredmedia":[{"embeddable":true,"href":"https:\/\/szkolenia-udt.pl\/ru\/wp-json\/wp\/v2\/media\/400"}],"wp:attachment":[{"href":"https:\/\/szkolenia-udt.pl\/ru\/wp-json\/wp\/v2\/media?parent=231"}],"curies":[{"name":"wp","href":"https:\/\/api.w.org\/{rel}","templated":true}]}}