{"id":237,"date":"2014-10-08T17:07:15","date_gmt":"2014-10-08T17:07:15","guid":{"rendered":"http:\/\/szkolenia-udt.pl\/?page_id=237"},"modified":"2021-08-31T22:08:40","modified_gmt":"2021-08-31T22:08:40","slug":"%d1%81%d1%82%d1%80%d0%be%d0%b8%d1%82%d0%b5%d0%bb%d1%8c%d0%bd%d1%8b%d0%b9-%d0%b0%d0%b2%d1%82%d0%be%d0%bc%d0%be%d0%b1%d0%b8%d0%bb%d1%8c-%d0%b3%d1%80%d1%83%d0%b7%d0%be%d0%b2%d0%b8%d0%ba","status":"publish","type":"page","link":"https:\/\/szkolenia-udt.pl\/ru\/kursy\/wozki-widlowe\/budowa-wozka-jezdniowego\/","title":{"rendered":"\u041a\u043e\u043d\u0441\u0442\u0440\u0443\u043a\u0446\u0438\u044f \u0432\u0438\u043b\u043e\u0447\u043d\u043e\u0433\u043e \u043f\u043e\u0433\u0440\u0443\u0437\u0447\u0438\u043a\u0430"},"content":{"rendered":"<div class=\"wyjustuj\">\n<p><a href=\"https:\/\/szkolenia-udt.pl\/ru\/kursy\/wozki-widlowe\/\">\u041a\u0443\u0440\u0441\u044b \u0432\u0438\u043b\u043e\u0447\u043d\u044b\u0445 \u043f\u043e\u0433\u0440\u0443\u0437\u0447\u0438\u043a\u043e\u0432<\/a> \u043f\u043e\u043a\u0430\u0437\u044b\u0432\u0430\u044e\u0442, \u0438\u0437 \u043a\u0430\u043a\u0438\u0445 \u043a\u043e\u043c\u043f\u043e\u043d\u0435\u043d\u0442\u043e\u0432 \u0441\u043e\u0441\u0442\u043e\u044f\u0442 \u044d\u0442\u0438 \u043c\u0430\u0448\u0438\u043d\u044b. \u041a\u0430\u0436\u0434\u044b\u0439 \u043e\u043f\u0435\u0440\u0430\u0442\u043e\u0440 \u0434\u043e\u043b\u0436\u0435\u043d \u0437\u043d\u0430\u0442\u044c, \u0438\u0437 \u043a\u0430\u043a\u0438\u0445 \u043a\u043e\u043c\u043f\u043e\u043d\u0435\u043d\u0442\u043e\u0432 \u0441\u043e\u0441\u0442\u043e\u044f\u0442 \u0432\u0438\u043b\u043e\u0447\u043d\u044b\u0435 \u043f\u043e\u0433\u0440\u0443\u0437\u0447\u0438\u043a\u0438, \u0447\u0442\u043e \u0442\u0430\u043a\u0436\u0435 \u0432\u0430\u0436\u043d\u043e \u0434\u043b\u044f \u0438\u0445 \u0431\u0435\u0437\u043e\u043f\u0430\u0441\u043d\u043e\u0439 \u0438 \u043f\u0440\u0430\u0432\u0438\u043b\u044c\u043d\u043e\u0439 \u044d\u043a\u0441\u043f\u043b\u0443\u0430\u0442\u0430\u0446\u0438\u0438.<\/p>\n<h2><strong>\u041d\u0438\u0436\u0435 \u043f\u0435\u0440\u0435\u0447\u0438\u0441\u043b\u0435\u043d\u044b \u0432\u0441\u0435 \u044d\u043b\u0435\u043c\u0435\u043d\u0442\u044b \u043a\u043e\u043d\u0441\u0442\u0440\u0443\u043a\u0446\u0438\u0438 \u0430\u0432\u0442\u043e\u043f\u043e\u0433\u0440\u0443\u0437\u0447\u0438\u043a\u043e\u0432: <\/strong><\/h2>\n<ul>\n<li>\u0440\u0430\u043c\u0430 \u043c\u0430\u0448\u0438\u043d\u044b - \u0438\u0437\u0433\u043e\u0442\u043e\u0432\u043b\u0435\u043d\u0430 \u0438\u0437 \u0441\u0442\u0430\u043b\u0438, \u0435\u0435 \u0440\u0430\u0437\u043c\u0435\u0440 \u0438 \u0444\u043e\u0440\u043c\u0430 \u0437\u0430\u0432\u0438\u0441\u044f\u0442 \u043e\u0442 \u0442\u0438\u043f\u0430 \u0442\u0435\u043b\u0435\u0436\u043a\u0438<\/li>\n<li>\u0448\u0430\u0441\u0441\u0438 \u0442\u0435\u043b\u0435\u0436\u043a\u0438 - \u0442\u0440\u0438 \u0438\u043b\u0438 \u0447\u0435\u0442\u044b\u0440\u0435 \u043a\u043e\u043b\u0435\u0441\u0430 \u0432 \u0437\u0430\u0432\u0438\u0441\u0438\u043c\u043e\u0441\u0442\u0438 \u043e\u0442 \u0442\u0438\u043f\u0430 \u0442\u0435\u043b\u0435\u0436\u043a\u0438<\/li>\n<li>\u0434\u0432\u0438\u0433\u0430\u0442\u0435\u043b\u044c - \u0431\u043e\u043b\u044c\u0448\u0438\u043d\u0441\u0442\u0432\u043e \u0433\u0440\u0443\u0437\u043e\u0432\u0438\u043a\u043e\u0432 \u043e\u0441\u043d\u0430\u0449\u0435\u043d\u044b \u0434\u0432\u0438\u0433\u0430\u0442\u0435\u043b\u044f\u043c\u0438, \u0440\u0430\u0431\u043e\u0442\u0430\u044e\u0449\u0438\u043c\u0438 \u043d\u0430 \u0441\u0436\u0438\u0436\u0435\u043d\u043d\u043e\u043c \u0433\u0430\u0437\u0435, \u043d\u043e \u0442\u0430\u043a\u0436\u0435 \u0438\u0441\u043f\u043e\u043b\u044c\u0437\u0443\u044e\u0442\u0441\u044f \u044d\u043b\u0435\u043a\u0442\u0440\u0438\u0447\u0435\u0441\u043a\u0438\u0435, \u0430\u043a\u043a\u0443\u043c\u0443\u043b\u044f\u0442\u043e\u0440\u043d\u044b\u0435, \u0431\u0435\u043d\u0437\u0438\u043d\u043e\u0432\u044b\u0435 \u0438\u043b\u0438 \u0434\u0438\u0437\u0435\u043b\u044c\u043d\u044b\u0435 \u0433\u0440\u0443\u0437\u043e\u0432\u0438\u043a\u0438<\/li>\n<li>\u043c\u0430\u0447\u0442\u0430 - \u0434\u0435\u0442\u0430\u043b\u044c \u0432 \u0432\u0438\u0434\u0435 \u0432\u0435\u0440\u0442\u0438\u043a\u0430\u043b\u044c\u043d\u043e\u0439 \u0440\u0430\u043c\u044b, \u043d\u0430 \u043a\u043e\u0442\u043e\u0440\u043e\u0439 \u0437\u0430\u043a\u0440\u0435\u043f\u043b\u0435\u043d\u044b \u043a\u0430\u0440\u0435\u0442\u043a\u0430 \u0438 \u0432\u0438\u043b\u044b<\/li>\n<li>\u043a\u0430\u0440\u0435\u0442\u043a\u0430 - \u043f\u0435\u0440\u0435\u0434\u043d\u044f\u044f \u043f\u043b\u0430\u0441\u0442\u0438\u043d\u0430, \u043a\u043e\u0442\u043e\u0440\u0430\u044f \u0441\u043e\u0435\u0434\u0438\u043d\u0435\u043d\u0430 \u0441 \u043c\u0430\u0447\u0442\u043e\u0439, \u043a \u043a\u0430\u0440\u0435\u0442\u043a\u0435 \u043a\u0440\u0435\u043f\u044f\u0442\u0441\u044f \u0432\u0438\u043b\u044b<\/li>\n<li>\u0432\u0438\u043b\u044b - \u043a\u0440\u0435\u043f\u044f\u0442\u0441\u044f \u043a \u043a\u0430\u0440\u0435\u0442\u043a\u0435, \u043e\u043d\u0438 \u043f\u0440\u0435\u0434\u043d\u0430\u0437\u043d\u0430\u0447\u0435\u043d\u044b \u0434\u043b\u044f \u043f\u0435\u0440\u0435\u0432\u043e\u0437\u043a\u0438 \u0433\u0440\u0443\u0437\u043e\u0432 \u0438 \u043c\u043e\u0433\u0443\u0442 \u0438\u043c\u0435\u0442\u044c \u0440\u0430\u0437\u043b\u0438\u0447\u043d\u044b\u0435 \u0440\u0430\u0437\u043c\u0435\u0440\u044b \u0438 \u0434\u043e\u043f\u043e\u043b\u043d\u0438\u0442\u0435\u043b\u044c\u043d\u044b\u0435 \u043f\u0440\u0438\u0441\u043f\u043e\u0441\u043e\u0431\u043b\u0435\u043d\u0438\u044f \u0432 \u0437\u0430\u0432\u0438\u0441\u0438\u043c\u043e\u0441\u0442\u0438 \u043e\u0442 \u0433\u0440\u0443\u0437\u0430, \u043d\u0430\u043f\u0440\u0438\u043c\u0435\u0440, \u0431\u043e\u0447\u043a\u0438<\/li>\n<li>\u0437\u0430\u0449\u0438\u0442\u043d\u0430\u044f \u0440\u0435\u0448\u0435\u0442\u043a\u0430 - \u0438\u0441\u043f\u043e\u043b\u044c\u0437\u0443\u0435\u0442\u0441\u044f \u0434\u043b\u044f \u043f\u0440\u0435\u0434\u043e\u0442\u0432\u0440\u0430\u0449\u0435\u043d\u0438\u044f \u043f\u0435\u0440\u0435\u043c\u0435\u0449\u0435\u043d\u0438\u044f \u0433\u0440\u0443\u0437\u0430<\/li>\n<li>\u043f\u0440\u043e\u0442\u0438\u0432\u043e\u0432\u0435\u0441 - \u0440\u0430\u0441\u043f\u043e\u043b\u043e\u0436\u0435\u043d \u0432 \u0437\u0430\u0434\u043d\u0435\u0439 \u0447\u0430\u0441\u0442\u0438 \u0442\u0435\u043b\u0435\u0436\u043a\u0438, \u0435\u0433\u043e \u043d\u0430\u0437\u043d\u0430\u0447\u0435\u043d\u0438\u0435 - \u043d\u0430\u0433\u0440\u0443\u0436\u0430\u0442\u044c \u0442\u0435\u043b\u0435\u0436\u043a\u0443 \u043f\u0440\u0438 \u043f\u0435\u0440\u0435\u0432\u043e\u0437\u043a\u0435 \u0433\u0440\u0443\u0437\u043e\u0432 \u0434\u043b\u044f \u043f\u043e\u0434\u0434\u0435\u0440\u0436\u0430\u043d\u0438\u044f \u0443\u0441\u0442\u043e\u0439\u0447\u0438\u0432\u043e\u0441\u0442\u0438<\/li>\n<li>\u0437\u0430\u0449\u0438\u0442\u043d\u0430\u044f \u043a\u043b\u0435\u0442\u043a\u0430 - \u0437\u0430\u0449\u0438\u0449\u0430\u0435\u0442 \u043e\u043f\u0435\u0440\u0430\u0442\u043e\u0440\u0430 \u0432\u0438\u043b\u043e\u0447\u043d\u043e\u0433\u043e \u043f\u043e\u0433\u0440\u0443\u0437\u0447\u0438\u043a\u0430 \u043e\u0442 \u043d\u0430\u0433\u0440\u0443\u0437\u043e\u043a<\/li>\n<li>\u043a\u0430\u0431\u0438\u043d\u0430 \u043e\u043f\u0435\u0440\u0430\u0442\u043e\u0440\u0430 - \u043e\u0442\u043a\u0440\u044b\u0442\u0430\u044f, \u043d\u043e \u0437\u0430\u043a\u0440\u044b\u0442\u0430\u044f \u043f\u043e \u0431\u043e\u043a\u0430\u043c, \u043f\u043e\u044d\u0442\u043e\u043c\u0443 \u0437\u0430\u0449\u0438\u0449\u0430\u0435\u0442 \u043e\u043f\u0435\u0440\u0430\u0442\u043e\u0440\u0430, \u0432 \u043a\u0430\u0431\u0438\u043d\u0435 \u043d\u0430\u0445\u043e\u0434\u044f\u0442\u0441\u044f \u0438\u043d\u0441\u0442\u0440\u0443\u043c\u0435\u043d\u0442\u044b \u0434\u043b\u044f \u0443\u043f\u0440\u0430\u0432\u043b\u0435\u043d\u0438\u044f \u0433\u0440\u0443\u0437\u043e\u0432\u0438\u043a\u043e\u043c, \u0432\u043a\u043b\u044e\u0447\u0430\u044f \u043f\u0435\u0434\u0430\u043b\u0438, \u0440\u0443\u043b\u044c, \u0440\u044b\u0447\u0430\u0433\u0438<\/li>\n<\/ul>\n<div style=\"float: left; padding-right: 10px;\"><div id=\"metaslider-id-1427\" style=\"max-width: 300px;\" class=\"ml-slider-3-107-0 metaslider metaslider-flex metaslider-1427 ml-slider ms-theme-default nav-hidden\" role=\"region\" aria-label=\"\u0421\u0442\u0440\u043e\u0438\u0442\u0435\u043b\u044c\u0441\u0442\u0432\u043e2\" data-height=\"225\" data-width=\"300\">\n    <div id=\"metaslider_container_1427\">\n        <div id=\"metaslider_1427\">\n            <ul class='slides'>\n                <li style=\"display: block; width: 100%;\" class=\"slide-1425 ms-image\" aria-roledescription=\"slide\" data-date=\"2015-07-11 06:23:04\" data-filename=\"resbudowa_Fork-Lift_04.jpg\" data-slide-type=\"image\"><img loading=\"lazy\" decoding=\"async\" src=\"https:\/\/szkolenia-udt.pl\/wp-content\/uploads\/2015\/07\/resbudowa_Fork-Lift_04.jpg\" height=\"225\" width=\"300\" alt=\"\" class=\"slider-1427 slide-1425 msDefaultImage\" \/><\/li>\n                <li style=\"display: none; width: 100%;\" class=\"slide-1426 ms-image\" aria-roledescription=\"slide\" data-date=\"2015-07-11 06:23:04\" data-filename=\"resbudowa_maszt_i_rezzta.jpg\" data-slide-type=\"image\"><img loading=\"lazy\" decoding=\"async\" src=\"https:\/\/szkolenia-udt.pl\/wp-content\/uploads\/2015\/07\/resbudowa_maszt_i_rezzta.jpg\" height=\"225\" width=\"300\" alt=\"\" class=\"slider-1427 slide-1426 msDefaultImage\" \/><\/li>\n                <li style=\"display: none; width: 100%;\" class=\"slide-1423 ms-image\" aria-roledescription=\"slide\" data-date=\"2015-07-11 06:23:03\" data-filename=\"resbudowa_2013-02-05-091000214875.jpg\" data-slide-type=\"image\"><img loading=\"lazy\" decoding=\"async\" src=\"https:\/\/szkolenia-udt.pl\/wp-content\/uploads\/2015\/07\/resbudowa_2013-02-05-091000214875.jpg\" height=\"225\" width=\"300\" alt=\"\" class=\"slider-1427 slide-1423 msDefaultImage\" \/><\/li>\n                <li style=\"display: none; width: 100%;\" class=\"slide-1424 ms-image\" aria-roledescription=\"slide\" data-date=\"2015-07-11 06:23:03\" data-filename=\"resbudowa_bww1.jpg\" data-slide-type=\"image\"><img loading=\"lazy\" decoding=\"async\" src=\"https:\/\/szkolenia-udt.pl\/wp-content\/uploads\/2015\/07\/resbudowa_bww1.jpg\" height=\"225\" width=\"300\" alt=\"\" class=\"slider-1427 slide-1424 msDefaultImage\" \/><\/li>\n                <li style=\"display: none; width: 100%;\" class=\"slide-1422 ms-image\" aria-roledescription=\"slide\" data-date=\"2015-07-11 06:23:02\" data-filename=\"resbudowa_2_Ton_diesel_forklift_truck_634594464567574414_1.jpg\" data-slide-type=\"image\"><img loading=\"lazy\" decoding=\"async\" src=\"https:\/\/szkolenia-udt.pl\/wp-content\/uploads\/2015\/07\/resbudowa_2_Ton_diesel_forklift_truck_634594464567574414_1.jpg\" height=\"225\" width=\"300\" alt=\"\" class=\"slider-1427 slide-1422 msDefaultImage\" \/><\/li>\n            <\/ul>\n        <\/div>\n        \n    <\/div>\n<\/div><\/div>\n<p>\u0412\u0438\u043b\u043e\u0447\u043d\u044b\u0435 \u043f\u043e\u0433\u0440\u0443\u0437\u0447\u0438\u043a\u0438 \u043e\u0441\u043d\u0430\u0449\u0435\u043d\u044b \u0433\u0438\u0434\u0440\u0430\u0432\u043b\u0438\u0447\u0435\u0441\u043a\u0438\u043c\u0438 \u0441\u0438\u0441\u0442\u0435\u043c\u0430\u043c\u0438, \u043a\u043e\u0442\u043e\u0440\u044b\u0435 \u043e\u0442\u0432\u0435\u0447\u0430\u044e\u0442 \u0437\u0430 \u0441\u043a\u043e\u0440\u043e\u0441\u0442\u044c \u043f\u043e\u0434\u044a\u0435\u043c\u0430 \u0433\u0440\u0443\u0437\u043e\u0432 \u043d\u0430 \u0432\u0438\u043b\u0430\u0445. \u0412 \u0437\u0430\u0432\u0438\u0441\u0438\u043c\u043e\u0441\u0442\u0438 \u043e\u0442 \u0441\u0432\u043e\u0435\u0439 \u043a\u043e\u043d\u0441\u0442\u0440\u0443\u043a\u0446\u0438\u0438 \u0432\u0438\u043b\u043e\u0447\u043d\u044b\u0435 \u043f\u043e\u0433\u0440\u0443\u0437\u0447\u0438\u043a\u0438 \u043c\u043e\u0433\u0443\u0442 \u0432\u043a\u043b\u044e\u0447\u0430\u0442\u044c \u0438 \u0434\u0440\u0443\u0433\u0438\u0435 \u043a\u043e\u043c\u043f\u043e\u043d\u0435\u043d\u0442\u044b, \u043e \u043a\u043e\u0442\u043e\u0440\u044b\u0445 \u0438\u0434\u0435\u0442 \u0440\u0435\u0447\u044c \u0432 \u043f\u0440\u0435\u0434\u043b\u0430\u0433\u0430\u0435\u043c\u043e\u043c \u043d\u0430\u043c\u0438 \u043a\u0443\u0440\u0441\u0435 \u043f\u043e \u0432\u0438\u043b\u043e\u0447\u043d\u044b\u043c \u043f\u043e\u0433\u0440\u0443\u0437\u0447\u0438\u043a\u0430\u043c.<\/p>\n<p>\u0417\u043d\u0430\u043d\u0438\u0435 \u043a\u043e\u043d\u0441\u0442\u0440\u0443\u043a\u0446\u0438\u0438 \u0432\u0438\u043b\u043e\u0447\u043d\u044b\u0445 \u043f\u043e\u0433\u0440\u0443\u0437\u0447\u0438\u043a\u043e\u0432, \u043a\u043e\u0442\u043e\u0440\u044b\u0435 \u043d\u0430\u0438\u0431\u043e\u043b\u0435\u0435 \u0447\u0430\u0441\u0442\u043e \u0438\u0441\u043f\u043e\u043b\u044c\u0437\u0443\u044e\u0442\u0441\u044f, \u043e\u0447\u0435\u043d\u044c \u043f\u043e\u043b\u0435\u0437\u043d\u043e \u043f\u0440\u0438 \u044d\u043a\u0441\u043f\u043b\u0443\u0430\u0442\u0430\u0446\u0438\u0438 \u043c\u0430\u0448\u0438\u043d\u044b. \u041e\u0434\u043d\u0430\u043a\u043e \u043f\u0435\u0440\u0435\u0434 \u043d\u0430\u0447\u0430\u043b\u043e\u043c \u0440\u0430\u0431\u043e\u0442\u044b \u0441 \u043d\u043e\u0432\u044b\u043c \u0432\u0438\u043b\u043e\u0447\u043d\u044b\u043c \u043f\u043e\u0433\u0440\u0443\u0437\u0447\u0438\u043a\u043e\u043c \u043e\u043f\u0435\u0440\u0430\u0442\u043e\u0440 \u0432\u0441\u0435\u0433\u0434\u0430 \u0434\u043e\u043b\u0436\u0435\u043d \u043e\u0437\u043d\u0430\u043a\u043e\u043c\u0438\u0442\u044c\u0441\u044f \u0441 \u0435\u0433\u043e \u043a\u043e\u043d\u0441\u0442\u0440\u0443\u043a\u0446\u0438\u0435\u0439, \u0430 \u0442\u0430\u043a\u0436\u0435 \u0441 \u0443\u0441\u043b\u043e\u0432\u0438\u044f\u043c\u0438 \u044d\u043a\u0441\u043f\u043b\u0443\u0430\u0442\u0430\u0446\u0438\u0438 \u0438 \u0442\u0435\u0445\u043d\u0438\u0447\u0435\u0441\u043a\u0438\u043c\u0438 \u043f\u0430\u0440\u0430\u043c\u0435\u0442\u0440\u0430\u043c\u0438, \u0447\u0442\u043e\u0431\u044b \u0438\u0437\u0431\u0435\u0436\u0430\u0442\u044c \u0432\u043e\u0437\u043c\u043e\u0436\u043d\u044b\u0445 \u043d\u0435\u0441\u0447\u0430\u0441\u0442\u043d\u044b\u0445 \u0441\u043b\u0443\u0447\u0430\u0435\u0432.<\/p>\n<\/div>","protected":false},"excerpt":{"rendered":"<p>Kursy na w\u00f3zki wid\u0142owe przedstawiaj\u0105, z jakich element\u00f3w zbudowane s\u0105 te urz\u0105dzenia. Ka\u017cdy operator powinien wiedzie\u0107, z jakich element\u00f3w zbudowane s\u0105 w\u00f3zki, co ma tak\u017ce znaczenie dla ich bezpiecznej i prawid\u0142owej obs\u0142ugi. Poni\u017cej przedstawiamy wszystkie elementy budowy w\u00f3zk\u00f3w jezdniowych podno\u015bnikowych: rama urz\u0105dzenia \u2013 wykonana ze stali, jej wielko\u015b\u0107 i kszta\u0142t zale\u017cne s\u0105 od typu w\u00f3zka [&hellip;]<\/p>\n","protected":false},"author":3,"featured_media":1425,"parent":33,"menu_order":0,"comment_status":"closed","ping_status":"closed","template":"","meta":{"footnotes":""},"class_list":["post-237","page","type-page","status-publish","has-post-thumbnail","hentry"],"aioseo_notices":[],"_links":{"self":[{"href":"https:\/\/szkolenia-udt.pl\/ru\/wp-json\/wp\/v2\/pages\/237","targetHints":{"allow":["GET"]}}],"collection":[{"href":"https:\/\/szkolenia-udt.pl\/ru\/wp-json\/wp\/v2\/pages"}],"about":[{"href":"https:\/\/szkolenia-udt.pl\/ru\/wp-json\/wp\/v2\/types\/page"}],"author":[{"embeddable":true,"href":"https:\/\/szkolenia-udt.pl\/ru\/wp-json\/wp\/v2\/users\/3"}],"replies":[{"embeddable":true,"href":"https:\/\/szkolenia-udt.pl\/ru\/wp-json\/wp\/v2\/comments?post=237"}],"version-history":[{"count":13,"href":"https:\/\/szkolenia-udt.pl\/ru\/wp-json\/wp\/v2\/pages\/237\/revisions"}],"predecessor-version":[{"id":2509,"href":"https:\/\/szkolenia-udt.pl\/ru\/wp-json\/wp\/v2\/pages\/237\/revisions\/2509"}],"up":[{"embeddable":true,"href":"https:\/\/szkolenia-udt.pl\/ru\/wp-json\/wp\/v2\/pages\/33"}],"wp:featuredmedia":[{"embeddable":true,"href":"https:\/\/szkolenia-udt.pl\/ru\/wp-json\/wp\/v2\/media\/1425"}],"wp:attachment":[{"href":"https:\/\/szkolenia-udt.pl\/ru\/wp-json\/wp\/v2\/media?parent=237"}],"curies":[{"name":"wp","href":"https:\/\/api.w.org\/{rel}","templated":true}]}}