{"id":2397,"date":"2021-08-19T12:12:22","date_gmt":"2021-08-19T12:12:22","guid":{"rendered":"https:\/\/szkolenia-udt.pl\/?page_id=2397"},"modified":"2022-08-31T21:24:14","modified_gmt":"2022-08-31T19:24:14","slug":"%d0%ba%d1%83%d1%80%d1%81-%d0%b1%d0%b0%d1%81%d0%ba%d0%b5%d1%82%d0%b1%d0%be%d0%bb-%d0%bb%d0%b8%d1%84%d1%82%d0%b5%d1%80%d1%8b","status":"publish","type":"page","link":"https:\/\/szkolenia-udt.pl\/ru\/kursy\/uprawnienia-udt-tdt-wdt\/kurs-podnosnik-koszowy\/","title":{"rendered":"\u041a\u0443\u0440\u0441 \u043f\u043e \u0440\u0430\u0431\u043e\u0442\u0435 \u0441 \u0432\u043e\u0437\u0434\u0443\u0448\u043d\u044b\u043c\u0438 \u043f\u043b\u0430\u0442\u0444\u043e\u0440\u043c\u0430\u043c\u0438"},"content":{"rendered":"<p><a href=\"https:\/\/szkolenia-udt.pl\/wp-content\/uploads\/2021\/08\/szkolenia-udt.pl-0014-OPUBLIKOWANY-v2.jpg\"><img loading=\"lazy\" decoding=\"async\" class=\"paddingleft10 wp-image-2502 size-medium alignleft\" src=\"https:\/\/szkolenia-udt.pl\/wp-content\/uploads\/2021\/08\/szkolenia-udt.pl-0014-OPUBLIKOWANY-v2-300x199.jpg\" alt=\"\u0421\u0442\u0440\u0435\u043b\u043e\u0432\u044b\u0435 \u043f\u043e\u0434\u044a\u0435\u043c\u043d\u0438\u043a\u0438 - \u044d\u0442\u043e \u043f\u043e\u0433\u0440\u0443\u0437\u043e\u0447\u043d\u043e-\u0440\u0430\u0437\u0433\u0440\u0443\u0437\u043e\u0447\u043d\u043e\u0435 \u043e\u0431\u043e\u0440\u0443\u0434\u043e\u0432\u0430\u043d\u0438\u0435 \u0441 \u043f\u043b\u0430\u0442\u0444\u043e\u0440\u043c\u043e\u0439 \u0438 \u0441\u0442\u0440\u0435\u043b\u043e\u0439, \u0443\u0441\u0442\u0430\u043d\u043e\u0432\u043b\u0435\u043d\u043d\u043e\u0435 \u043d\u0430 \u0442\u0440\u0430\u043d\u0441\u043f\u043e\u0440\u0442\u043d\u043e\u043c \u0441\u0440\u0435\u0434\u0441\u0442\u0432\u0435\" width=\"300\" height=\"199\" srcset=\"https:\/\/szkolenia-udt.pl\/wp-content\/uploads\/2021\/08\/szkolenia-udt.pl-0014-OPUBLIKOWANY-v2-300x199.jpg 300w, https:\/\/szkolenia-udt.pl\/wp-content\/uploads\/2021\/08\/szkolenia-udt.pl-0014-OPUBLIKOWANY-v2-1024x680.jpg 1024w, https:\/\/szkolenia-udt.pl\/wp-content\/uploads\/2021\/08\/szkolenia-udt.pl-0014-OPUBLIKOWANY-v2-768x510.jpg 768w, https:\/\/szkolenia-udt.pl\/wp-content\/uploads\/2021\/08\/szkolenia-udt.pl-0014-OPUBLIKOWANY-v2-1536x1020.jpg 1536w, https:\/\/szkolenia-udt.pl\/wp-content\/uploads\/2021\/08\/szkolenia-udt.pl-0014-OPUBLIKOWANY-v2-2048x1360.jpg 2048w\" sizes=\"auto, (max-width: 300px) 100vw, 300px\" \/><\/a>\u042d\u0442\u043e\u0442 \u043a\u0443\u0440\u0441 \u043f\u043e\u0437\u0432\u043e\u043b\u044f\u0435\u0442 \u0443\u0447\u0430\u0441\u0442\u043d\u0438\u043a\u0430\u043c \u0443\u0437\u043d\u0430\u0442\u044c \u043e\u0431 \u043e\u0441\u043e\u0431\u0435\u043d\u043d\u043e\u0441\u0442\u044f\u0445 \u044d\u043a\u0441\u043f\u043b\u0443\u0430\u0442\u0430\u0446\u0438\u0438, \u043a\u043e\u043d\u0441\u0442\u0440\u0443\u043a\u0446\u0438\u0438 \u0438 \u043f\u0440\u0438\u043d\u0446\u0438\u043f\u0430\u0445 \u0440\u0430\u0431\u043e\u0442\u044b \u0432\u043e\u0437\u0434\u0443\u0448\u043d\u044b\u0445 \u0440\u0430\u0431\u043e\u0447\u0438\u0445 \u043f\u043b\u0430\u0442\u0444\u043e\u0440\u043c - \u043f\u043e\u043f\u0443\u043b\u044f\u0440\u043d\u044b\u0445 \u0441\u0442\u0440\u0435\u043b\u043e\u0432\u044b\u0445 \u043f\u043e\u0434\u044a\u0435\u043c\u043d\u0438\u043a\u043e\u0432. \u041a\u0430\u043d\u0434\u0438\u0434\u0430\u0442\u044b \u0432 \u043e\u043f\u0435\u0440\u0430\u0442\u043e\u0440\u044b \u044d\u0442\u0438\u0445 \u0443\u0441\u0442\u0440\u043e\u0439\u0441\u0442\u0432 \u0438\u0437\u0443\u0447\u0430\u044e\u0442 \u0442\u0435\u043e\u0440\u0435\u0442\u0438\u0447\u0435\u0441\u043a\u0438\u0435 \u0438 \u043f\u0440\u0430\u043a\u0442\u0438\u0447\u0435\u0441\u043a\u0438\u0435 \u0432\u043e\u043f\u0440\u043e\u0441\u044b, \u043d\u0435\u043e\u0431\u0445\u043e\u0434\u0438\u043c\u044b\u0435 \u0434\u043b\u044f \u0441\u0434\u0430\u0447\u0438 \u044d\u043a\u0437\u0430\u043c\u0435\u043d\u0430 UDT. \u041e\u0431\u0443\u0447\u0435\u043d\u0438\u0435 \u043e\u0440\u0433\u0430\u043d\u0438\u0437\u0443\u0435\u0442\u0441\u044f \u043d\u0430 \u0440\u0430\u0437\u043b\u0438\u0447\u043d\u044b\u0445 \u0443\u0440\u043e\u0432\u043d\u044f\u0445, \u0432 \u0442\u043e\u043c \u0447\u0438\u0441\u043b\u0435 \u0434\u043b\u044f \u043d\u043e\u0432\u0438\u0447\u043a\u043e\u0432, \u043a\u043e\u0442\u043e\u0440\u044b\u0435 \u0435\u0449\u0435 \u043d\u0435 \u0438\u043c\u0435\u043b\u0438 \u043e\u043f\u044b\u0442\u0430 \u0440\u0430\u0431\u043e\u0442\u044b \u0441 \u0432\u043e\u0437\u0434\u0443\u0448\u043d\u044b\u043c\u0438 \u0440\u0430\u0431\u043e\u0447\u0438\u043c\u0438 \u043f\u043b\u0430\u0442\u0444\u043e\u0440\u043c\u0430\u043c\u0438.<\/p>\n<h2>\u0412\u043e\u0437\u0434\u0443\u0448\u043d\u044b\u0435 \u0440\u0430\u0431\u043e\u0447\u0438\u0435 \u043f\u043b\u0430\u0442\u0444\u043e\u0440\u043c\u044b - \u043e\u0431\u043e\u0440\u0443\u0434\u043e\u0432\u0430\u043d\u0438\u0435, \u043f\u043e\u0434\u043b\u0435\u0436\u0430\u0449\u0435\u0435 \u0442\u0435\u0445\u043d\u0438\u0447\u0435\u0441\u043a\u043e\u043c\u0443 \u043e\u0441\u043c\u043e\u0442\u0440\u0443<\/h2>\n<p>\u041f\u043e\u0434\u044a\u0435\u043c\u043d\u044b\u0435 \u043f\u043b\u0430\u0442\u0444\u043e\u0440\u043c\u044b (\u0434\u043e\u043c\u043a\u0440\u0430\u0442\u044b, \u043e\u0442\u0432\u0435\u0441\u044b) - \u044d\u0442\u043e \u043e\u0431\u043e\u0440\u0443\u0434\u043e\u0432\u0430\u043d\u0438\u0435 \u0434\u043b\u044f \u043f\u0435\u0440\u0435\u043c\u0435\u0449\u0435\u043d\u0438\u044f \u043c\u0430\u0442\u0435\u0440\u0438\u0430\u043b\u043e\u0432, \u0442.\u0435. \u043e\u0431\u043e\u0440\u0443\u0434\u043e\u0432\u0430\u043d\u0438\u0435, \u0438\u0441\u043f\u043e\u043b\u044c\u0437\u0443\u0435\u043c\u043e\u0435 \u0434\u043b\u044f \u043f\u0435\u0440\u0435\u043c\u0435\u0449\u0435\u043d\u0438\u044f \u043b\u044e\u0434\u0435\u0439, \u043c\u0430\u0442\u0435\u0440\u0438\u0430\u043b\u043e\u0432 \u0438\u043b\u0438 \u0438\u043d\u0441\u0442\u0440\u0443\u043c\u0435\u043d\u0442\u043e\u0432 \u043d\u0430 \u0440\u0430\u0431\u043e\u0447\u0435\u0435 \u043c\u0435\u0441\u0442\u043e \u043d\u0430 \u0432\u044b\u0441\u043e\u0442\u0435. \u0421\u043e\u0433\u043b\u0430\u0441\u043d\u043e \u043a\u043b\u0430\u0441\u0441\u0438\u0444\u0438\u043a\u0430\u0446\u0438\u0438 \u0423\u043f\u0440\u0430\u0432\u043b\u0435\u043d\u0438\u044f \u0442\u0435\u0445\u043d\u0438\u0447\u0435\u0441\u043a\u043e\u0439 \u0438\u043d\u0441\u043f\u0435\u043a\u0446\u0438\u0438, \u043a\u043e\u0440\u0437\u0438\u043d\u043d\u044b\u0435 \u043f\u043e\u0434\u044a\u0435\u043c\u043d\u0438\u043a\u0438 \u043e\u0442\u043d\u043e\u0441\u044f\u0442\u0441\u044f \u043a \u043c\u043e\u0431\u0438\u043b\u044c\u043d\u044b\u043c \u043f\u043b\u0430\u0442\u0444\u043e\u0440\u043c\u0430\u043c, \u0432 \u0440\u0430\u043c\u043a\u0430\u0445 \u043a\u043e\u0442\u043e\u0440\u043e\u0439 \u043e\u043d\u0438 \u043f\u043e\u043f\u0430\u0434\u0430\u044e\u0442 \u0432 \u043a\u0430\u0442\u0435\u0433\u043e\u0440\u0438\u044e \u0441\u0430\u043c\u043e\u0445\u043e\u0434\u043d\u044b\u0445 \u043c\u043e\u0431\u0438\u043b\u044c\u043d\u044b\u0445 \u043f\u043b\u0430\u0442\u0444\u043e\u0440\u043c. \u041e\u043d\u0438 \u043f\u043e\u0434\u043b\u0435\u0436\u0430\u0442 \u0442\u0435\u0445\u043d\u0438\u0447\u0435\u0441\u043a\u043e\u043c\u0443 \u043d\u0430\u0434\u0437\u043e\u0440\u0443, \u0447\u0442\u043e \u043e\u0437\u043d\u0430\u0447\u0430\u0435\u0442, \u0441\u0440\u0435\u0434\u0438 \u043f\u0440\u043e\u0447\u0435\u0433\u043e, \u0447\u0442\u043e \u043e\u043d\u0438 \u043e\u0431\u044f\u0437\u0430\u043d\u044b \u0432\u0435\u0441\u0442\u0438 \u0443\u0447\u0435\u0442 \u0441\u0432\u043e\u0435\u0439 \u0440\u0430\u0431\u043e\u0442\u044b, \u043f\u0440\u043e\u0432\u043e\u0434\u0438\u0442\u044c \u0438\u0441\u043f\u044b\u0442\u0430\u043d\u0438\u044f \u0438 \u043f\u0440\u043e\u0432\u0435\u0440\u043a\u0438, \u0430 \u0434\u043b\u044f \u043e\u043f\u0435\u0440\u0430\u0442\u043e\u0440\u043e\u0432 \u043d\u0435\u043e\u0431\u0445\u043e\u0434\u0438\u043c\u043e \u043f\u043e\u043b\u0443\u0447\u0438\u0442\u044c \u0441\u0435\u0440\u0442\u0438\u0444\u0438\u043a\u0430\u0442\u044b \u043e\u0442 UDT, \u043f\u043e\u0434\u0442\u0432\u0435\u0440\u0436\u0434\u0430\u044e\u0449\u0438\u0435 \u043f\u0440\u043e\u0444\u0435\u0441\u0441\u0438\u043e\u043d\u0430\u043b\u044c\u043d\u0443\u044e \u043a\u0432\u0430\u043b\u0438\u0444\u0438\u043a\u0430\u0446\u0438\u044e.<\/p>\n<p>\u0425\u0430\u0440\u0430\u043a\u0442\u0435\u0440\u0438\u0441\u0442\u0438\u043a\u0438 \u043c\u0430\u0441\u0448\u0442\u0430\u0431\u0438\u0440\u043e\u0432\u0430\u043d\u0438\u044f:<\/p>\n<ul>\n<li>\u041a\u043e\u0440\u0437\u0438\u043d\u0430\/\u043f\u043b\u0430\u0442\u0444\u043e\u0440\u043c\u0430 \u0440\u0430\u0437\u043c\u0435\u0449\u0430\u0435\u0442\u0441\u044f \u043d\u0430 \u0433\u0438\u0434\u0440\u0430\u0432\u043b\u0438\u0447\u0435\u0441\u043a\u043e\u0439 \u0441\u0442\u0440\u0435\u043b\u0435<\/li>\n<li>\u0421\u0442\u0440\u0435\u043b\u0430 \u043a\u0440\u0435\u043f\u0438\u0442\u0441\u044f \u043a \u043a\u043e\u043b\u043e\u043d\u043d\u0435 \u043d\u0430 \u0448\u0430\u0440\u043d\u0438\u0440\u043d\u043e\u0439 \u0442\u044f\u0433\u0435, \u043f\u0440\u0438\u043a\u0440\u0435\u043f\u043b\u0435\u043d\u043d\u043e\u0439 \u043a \u0448\u0430\u0441\u0441\u0438 \u0430\u0432\u0442\u043e\u043c\u043e\u0431\u0438\u043b\u044f<\/li>\n<li>\u041e\u043d\u0438 \u043e\u0441\u043d\u0430\u0449\u0435\u043d\u044b \u0442\u0435\u043b\u0435\u0441\u043a\u043e\u043f\u0438\u0447\u0435\u0441\u043a\u043e\u0439, \u043d\u043e\u0436\u043d\u0438\u0447\u043d\u043e\u0439 \u0438\u043b\u0438 \u0448\u0430\u0440\u043d\u0438\u0440\u043d\u043e\u0439 \u0441\u0442\u0440\u0435\u043b\u043e\u0439<\/li>\n<li>\u0412 \u0437\u0430\u0432\u0438\u0441\u0438\u043c\u043e\u0441\u0442\u0438 \u043e\u0442 \u0440\u0430\u0437\u043c\u0435\u0440\u043e\u0432, \u0442\u0438\u043f\u0430 \u043f\u0440\u0438\u0432\u043e\u0434\u0430 \u0438 \u043f\u043b\u0430\u0442\u0444\u043e\u0440\u043c\u044b \u043e\u043d\u0438 \u043c\u043e\u0433\u0443\u0442 \u0438\u0441\u043f\u043e\u043b\u044c\u0437\u043e\u0432\u0430\u0442\u044c\u0441\u044f \u043d\u0430 \u043e\u0442\u043a\u0440\u044b\u0442\u043e\u043c \u0432\u043e\u0437\u0434\u0443\u0445\u0435 \u0438\u043b\u0438 \u0432 \u043f\u043e\u043c\u0435\u0449\u0435\u043d\u0438\u0438<\/li>\n<li>\u0420\u0430\u0437\u043b\u0438\u0447\u043d\u044b\u0435 \u043c\u043e\u0434\u0435\u043b\u0438 \u043e\u0442\u043b\u0438\u0447\u0430\u044e\u0442\u0441\u044f \u043f\u043e \u0442\u0430\u043a\u0438\u043c \u043f\u0430\u0440\u0430\u043c\u0435\u0442\u0440\u0430\u043c, \u043a\u0430\u043a \u043a\u043e\u043d\u0441\u0442\u0440\u0443\u043a\u0446\u0438\u044f \u043f\u043e\u0434\u044a\u0435\u043c\u043d\u043e\u0439 \u0441\u0438\u0441\u0442\u0435\u043c\u044b (\u0448\u0430\u0440\u043d\u0438\u0440\u043d\u0430\u044f, \u0448\u0430\u0440\u043d\u0438\u0440\u043d\u043e-\u0442\u0435\u043b\u0435\u0441\u043a\u043e\u043f\u0438\u0447\u0435\u0441\u043a\u0430\u044f, \u043d\u043e\u0436\u043d\u0438\u0447\u043d\u0430\u044f) \u0440\u0430\u0431\u043e\u0447\u0430\u044f \u0432\u044b\u0441\u043e\u0442\u0430, \u0432\u044b\u0441\u043e\u0442\u0430 \u043f\u043e\u0434\u044a\u0435\u043c\u0430, \u043c\u0430\u043a\u0441\u0438\u043c\u0430\u043b\u044c\u043d\u0430\u044f \u0433\u0440\u0443\u0437\u043e\u043f\u043e\u0434\u044a\u0435\u043c\u043d\u043e\u0441\u0442\u044c, \u0432\u0435\u0441 \u043c\u0430\u0448\u0438\u043d\u044b, \u0443\u0433\u043e\u043b \u043f\u043e\u0432\u043e\u0440\u043e\u0442\u0430, \u0432\u044b\u0441\u0442\u0443\u043f\u044b \u0438 \u0440\u0430\u0431\u043e\u0447\u0438\u0439 \u0434\u0438\u0430\u043f\u0430\u0437\u043e\u043d, \u043f\u0440\u0438\u0433\u043e\u0434\u043d\u043e\u0441\u0442\u044c \u0434\u043b\u044f \u044d\u043b\u0435\u043a\u0442\u0440\u043e\u0442\u0435\u0445\u043d\u0438\u0447\u0435\u0441\u043a\u0438\u0445 \u0440\u0430\u0431\u043e\u0442<\/li>\n<\/ul>\n<h2>\u0427\u0442\u043e \u043f\u0440\u0435\u0434\u0441\u0442\u0430\u0432\u043b\u044f\u0435\u0442 \u0441\u043e\u0431\u043e\u0439 \u043a\u0443\u0440\u0441 \u0434\u043b\u044f \u043e\u043f\u0435\u0440\u0430\u0442\u043e\u0440\u043e\u0432 \u0432\u043e\u0437\u0434\u0443\u0448\u043d\u044b\u0445 \u0440\u0430\u0431\u043e\u0447\u0438\u0445 \u043f\u043b\u0430\u0442\u0444\u043e\u0440\u043c?<\/h2>\n<p>\u041a\u0430\u043a \u0438 \u0432\u0441\u0435 \u0443\u0447\u0435\u0431\u043d\u044b\u0435 \u043a\u0443\u0440\u0441\u044b \u0434\u043b\u044f \u043c\u043e\u0431\u0438\u043b\u044c\u043d\u044b\u0445 \u043f\u043b\u0430\u0442\u0444\u043e\u0440\u043c, <a href=\"https:\/\/szkolenia-udt.pl\/ru\/kursy\/uprawnienia-udt-tdt-wdt\/podnosniki-koszowe\/\">\u043a\u0443\u0440\u0441 \u043f\u043e \u0440\u0430\u0431\u043e\u0442\u0435 \u0441 \u0432\u043e\u0437\u0434\u0443\u0448\u043d\u044b\u043c\u0438 \u043f\u043b\u0430\u0442\u0444\u043e\u0440\u043c\u0430\u043c\u0438<\/a> \u043f\u0440\u0435\u0434\u043d\u0430\u0437\u043d\u0430\u0447\u0435\u043d \u0434\u043b\u044f \u043f\u043e\u0434\u0433\u043e\u0442\u043e\u0432\u043a\u0438 \u0443\u0447\u0430\u0441\u0442\u043d\u0438\u043a\u043e\u0432 \u043a \u0441\u0434\u0430\u0447\u0435 \u044d\u043a\u0437\u0430\u043c\u0435\u043d\u0430 UDT. \u0418\u043d\u0441\u0442\u0440\u0443\u043a\u0442\u043e\u0440\u044b \u043f\u0435\u0440\u0435\u0434\u0430\u044e\u0442 \u0437\u043d\u0430\u043d\u0438\u044f \u043e \u043a\u043e\u043d\u0441\u0442\u0440\u0443\u043a\u0446\u0438\u0438 \u043b\u0438\u0444\u0442\u043e\u0432 \u0438 \u0438\u0445 \u043e\u0442\u0434\u0435\u043b\u044c\u043d\u044b\u0445 \u043a\u043e\u043c\u043f\u043e\u043d\u0435\u043d\u0442\u043e\u0432, \u043f\u0440\u0430\u0432\u0438\u043b\u0430\u0445 \u0431\u0435\u0437\u043e\u043f\u0430\u0441\u043d\u043e\u0441\u0442\u0438, \u0442\u0435\u0445\u043d\u0438\u0447\u0435\u0441\u043a\u043e\u043c \u043d\u0430\u0434\u0437\u043e\u0440\u0435, \u044d\u043a\u0437\u0430\u043c\u0435\u043d\u0430\u0445 \u0438 \u0438\u0441\u043f\u044b\u0442\u0430\u043d\u0438\u044f\u0445. \u041e\u0431\u0443\u0447\u0435\u043d\u0438\u0435 \u0441\u043e\u0441\u0442\u043e\u0438\u0442 \u0438\u0437 \u0442\u0435\u043e\u0440\u0435\u0442\u0438\u0447\u0435\u0441\u043a\u0438\u0445 \u043b\u0435\u043a\u0446\u0438\u0439 \u0438 \u043f\u0440\u0430\u043a\u0442\u0438\u0447\u0435\u0441\u043a\u043e\u0439 \u0447\u0430\u0441\u0442\u0438, \u0432\u043e \u0432\u0440\u0435\u043c\u044f \u043a\u043e\u0442\u043e\u0440\u043e\u0439 \u0441\u043b\u0443\u0448\u0430\u0442\u0435\u043b\u0438 \u0438\u043d\u0434\u0438\u0432\u0438\u0434\u0443\u0430\u043b\u044c\u043d\u043e \u0438\u0437\u0443\u0447\u0430\u044e\u0442 \u0443\u043f\u0440\u0430\u0432\u043b\u0435\u043d\u0438\u0435 \u043f\u043e\u0434\u044a\u0435\u043c\u043d\u0438\u043a\u0430\u043c\u0438 \u0438 \u043f\u0440\u0430\u0432\u0438\u043b\u0430 \u0431\u0435\u0437\u043e\u043f\u0430\u0441\u043d\u043e\u0441\u0442\u0438, \u043f\u0440\u0438\u043c\u0435\u043d\u0438\u043c\u044b\u0435 \u043a \u0438\u0445 \u044d\u043a\u0441\u043f\u043b\u0443\u0430\u0442\u0430\u0446\u0438\u0438.<\/p>\n<h2>\u041a\u0443\u0440\u0441 - \u0432\u043e\u0437\u0434\u0443\u0448\u043d\u044b\u0435 \u0440\u0430\u0431\u043e\u0447\u0438\u0435 \u043f\u043b\u0430\u0442\u0444\u043e\u0440\u043c\u044b: \u043e\u0440\u0433\u0430\u043d\u0438\u0437\u0430\u0446\u0438\u043e\u043d\u043d\u044b\u0435 \u0434\u0435\u0442\u0430\u043b\u0438<\/h2>\n<ul>\n<li>\u0414\u0430\u0442\u044b \u043a\u0443\u0440\u0441\u043e\u0432: \u0442\u0435\u043a\u0443\u0449\u0438\u0435 \u0434\u0430\u0442\u044b \u0441\u043c\u043e\u0442\u0440\u0438\u0442\u0435 \u0432 \u0440\u0430\u0441\u043f\u0438\u0441\u0430\u043d\u0438\u0438 \u043d\u0430 \u0441\u0430\u0439\u0442\u0435<\/li>\n<li>\u041c\u0435\u0441\u0442\u043e \u043f\u0440\u043e\u0432\u0435\u0434\u0435\u043d\u0438\u044f: \u0433\u043e\u0440\u043e\u0434\u0430, \u0432 \u043a\u043e\u0442\u043e\u0440\u044b\u0445 \u043f\u0440\u043e\u0432\u043e\u0434\u044f\u0442\u0441\u044f \u043a\u0443\u0440\u0441\u044b \u0441\u0442\u0440\u0435\u043b\u043e\u0432\u044b\u0445 \u043f\u043e\u0434\u044a\u0435\u043c\u043d\u0438\u043a\u043e\u0432: \u0412\u0430\u0440\u0448\u0430\u0432\u0430, \u041a\u0440\u0430\u043a\u043e\u0432, \u041a\u0430\u0442\u043e\u0432\u0438\u0446\u0435. \u0414\u043b\u044f \u0431\u0438\u0437\u043d\u0435\u0441-\u043a\u043b\u0438\u0435\u043d\u0442\u043e\u0432 \u043c\u044b \u0442\u0430\u043a\u0436\u0435 \u043c\u043e\u0436\u0435\u043c \u043e\u0440\u0433\u0430\u043d\u0438\u0437\u043e\u0432\u0430\u0442\u044c \u043e\u0431\u0443\u0447\u0435\u043d\u0438\u0435 \u0432 \u0434\u0440\u0443\u0433\u0438\u0445 \u043c\u0435\u0441\u0442\u0430\u0445 \u0432 \u041f\u043e\u043b\u044c\u0448\u0435. \u0422\u0430\u043a\u0436\u0435 \u043c\u043e\u0436\u043d\u043e \u043f\u0440\u0438\u043d\u044f\u0442\u044c \u0443\u0447\u0430\u0441\u0442\u0438\u0435 \u0432 \u043e\u043d\u043b\u0430\u0439\u043d-\u043a\u0443\u0440\u0441\u0430\u0445<\/li>\n<li>\u0427\u0442\u043e \u0432 \u043d\u0435\u043c \u0441\u043e\u0434\u0435\u0440\u0436\u0438\u0442\u0441\u044f <a href=\"https:\/\/szkolenia-udt.pl\/ru\/oferta\/\">\u0446\u0435\u043d\u0430<\/a>\u041f\u0440\u0430\u043a\u0442\u0438\u0447\u0435\u0441\u043a\u0438\u0435 \u0438 \u0442\u0435\u043e\u0440\u0435\u0442\u0438\u0447\u0435\u0441\u043a\u0438\u0435 \u0437\u0430\u043d\u044f\u0442\u0438\u044f, \u0434\u043e\u0441\u0442\u0443\u043f \u043a \u043c\u0430\u0442\u0435\u0440\u0438\u0430\u043b\u0430\u043c \u043d\u0430 \u043e\u0431\u0440\u0430\u0437\u043e\u0432\u0430\u0442\u0435\u043b\u044c\u043d\u043e\u0439 \u043f\u043b\u0430\u0442\u0444\u043e\u0440\u043c\u0435, \u0434\u043e\u0441\u0442\u0443\u043f \u043a \u043e\u0431\u043e\u0440\u0443\u0434\u043e\u0432\u0430\u043d\u0438\u044e \u0438 \u0441\u0440\u0435\u0434\u0441\u0442\u0432\u0430\u043c \u043e\u0445\u0440\u0430\u043d\u044b \u0442\u0440\u0443\u0434\u0430 \u0438 \u0442\u0435\u0445\u043d\u0438\u043a\u0438 \u0431\u0435\u0437\u043e\u043f\u0430\u0441\u043d\u043e\u0441\u0442\u0438, \u0441\u0435\u0440\u0442\u0438\u0444\u0438\u043a\u0430\u0442 \u043e\u0431 \u043e\u043a\u043e\u043d\u0447\u0430\u043d\u0438\u0438 \u043a\u0443\u0440\u0441\u0430, \u0437\u0430\u043a\u0443\u0441\u043a\u0438 \u0432\u043e \u0432\u0440\u0435\u043c\u044f \u043a\u043e\u0444\u0435-\u0431\u0440\u0435\u0439\u043a\u043e\u0432, \u0441\u0434\u0430\u0447\u0430 \u044d\u043a\u0437\u0430\u043c\u0435\u043d\u0430 UDT.<\/li>\n<li>\u041f\u0440\u043e\u0434\u043e\u043b\u0436\u0438\u0442\u0435\u043b\u044c\u043d\u043e\u0441\u0442\u044c \u043a\u0443\u0440\u0441\u0430: \u0432 \u0437\u0430\u0432\u0438\u0441\u0438\u043c\u043e\u0441\u0442\u0438 \u043e\u0442 \u043e\u043f\u044b\u0442\u0430 \u0438 \u043f\u043e\u0442\u0440\u0435\u0431\u043d\u043e\u0441\u0442\u0435\u0439 \u0443\u0447\u0430\u0441\u0442\u043d\u0438\u043a\u043e\u0432, \u043e\u0442 \u043e\u043a\u043e\u043b\u043e 8 \u0447\u0430\u0441\u043e\u0432 (\u0434\u043b\u044f \u0442\u0435\u0445, \u043a\u0442\u043e \u0438\u043c\u0435\u0435\u0442 \u043e\u043f\u044b\u0442) \u0434\u043e \u043e\u043a\u043e\u043b\u043e 20-35 \u0447\u0430\u0441\u043e\u0432 (\u0434\u043b\u044f \u043d\u0430\u0447\u0438\u043d\u0430\u044e\u0449\u0438\u0445)<\/li>\n<\/ul>\n<div class=\"filmw\">\n<div class=\"responsive-youtube\"><iframe loading=\"lazy\" title=\"\u0412\u0438\u0434\u0435\u043e\u043f\u043b\u0435\u0435\u0440 YouTube\" src=\"https:\/\/www.youtube.com\/embed\/OUKdY5V51M4\" width=\"560\" height=\"315\" frameborder=\"0\" allowfullscreen=\"allowfullscreen\"><\/iframe><\/div>\n<\/div>\n<h2>\u042d\u043a\u0437\u0430\u043c\u0435\u043d \u043f\u043e \u043a\u0443\u0440\u0441\u0443 \u043b\u0438\u0444\u0442\u0438\u043d\u0433\u0430<\/h2>\n<p>\u041f\u043e\u0441\u043b\u0435 \u0437\u0430\u0432\u0435\u0440\u0448\u0435\u043d\u0438\u044f \u043a\u0443\u0440\u0441\u0430 \u0438 \u0441\u0434\u0430\u0447\u0438 \u0432\u043d\u0443\u0442\u0440\u0435\u043d\u043d\u0435\u0433\u043e \u0442\u0435\u0441\u0442\u0430 \u0443\u0447\u0430\u0441\u0442\u043d\u0438\u043a\u0438 \u043c\u043e\u0433\u0443\u0442 \u0441\u0434\u0430\u0442\u044c \u0432\u043d\u0435\u0448\u043d\u0438\u0439 \u044d\u043a\u0437\u0430\u043c\u0435\u043d. \u0415\u0441\u043b\u0438 \u0432\u044b \u0441\u0434\u0430\u0434\u0438\u0442\u0435 \u044d\u043a\u0437\u0430\u043c\u0435\u043d, \u0423\u043f\u0440\u0430\u0432\u043b\u0435\u043d\u0438\u0435 \u0442\u0435\u0445\u043d\u0438\u0447\u0435\u0441\u043a\u043e\u0439 \u0438\u043d\u0441\u043f\u0435\u043a\u0446\u0438\u0438 \u043f\u0440\u0438\u0441\u0432\u043e\u0438\u0442 \u0432\u0430\u043c \u043a\u0432\u0430\u043b\u0438\u0444\u0438\u043a\u0430\u0446\u0438\u044e, \u043f\u043e\u0437\u0432\u043e\u043b\u044f\u044e\u0449\u0443\u044e \u0440\u0430\u0431\u043e\u0442\u0430\u0442\u044c \u043e\u043f\u0435\u0440\u0430\u0442\u043e\u0440\u043e\u043c. \u042d\u043a\u0437\u0430\u043c\u0435\u043d \u043f\u0440\u043e\u0432\u043e\u0434\u0438\u0442\u0441\u044f \u0432 \u0444\u043e\u0440\u043c\u0435 \u0442\u0435\u0441\u0442\u0430 \u0441 \u0437\u0430\u043a\u0440\u044b\u0442\u044b\u043c\u0438 \u0432\u043e\u043f\u0440\u043e\u0441\u0430\u043c\u0438, \u043f\u043e\u0441\u043b\u0435 \u0447\u0435\u0433\u043e \u044d\u043a\u0437\u0430\u043c\u0435\u043d\u0430\u0442\u043e\u0440 \u0441\u0442\u0430\u0432\u0438\u0442 \u043f\u0435\u0440\u0435\u0434 \u043a\u0430\u043d\u0434\u0438\u0434\u0430\u0442\u043e\u043c \u0437\u0430\u0434\u0430\u0447\u0438 \u043d\u0430 \u043f\u043b\u043e\u0449\u0430\u0434\u043a\u0435 \u0434\u043b\u044f \u043c\u0430\u043d\u0435\u0432\u0440\u0438\u0440\u043e\u0432\u0430\u043d\u0438\u044f \u0438 \u043f\u0440\u043e\u0432\u0435\u0440\u044f\u0435\u0442 \u0435\u0433\u043e \u0441\u043f\u043e\u0441\u043e\u0431\u043d\u043e\u0441\u0442\u044c \u0443\u043f\u0440\u0430\u0432\u043b\u044f\u0442\u044c \u0441\u0442\u0440\u0435\u043b\u043e\u0439.<\/p>\n<h2>\u0420\u0430\u0437\u0440\u0435\u0448\u0435\u043d\u0438\u0435 \u043d\u0430 \u0440\u0430\u0431\u043e\u0442\u0443 \u043d\u0430 \u0432\u043e\u0437\u0432\u044b\u0448\u0435\u043d\u043d\u043e\u0441\u0442\u044f\u0445 - \u0432\u043e\u0437\u043c\u043e\u0436\u043d\u043e\u0441\u0442\u0438 \u0442\u0440\u0443\u0434\u043e\u0443\u0441\u0442\u0440\u043e\u0439\u0441\u0442\u0432\u0430<\/h2>\n<p>\u041e\u043f\u0435\u0440\u0430\u0442\u043e\u0440 \u043f\u043e\u0434\u044a\u0435\u043c\u043d\u0438\u043a\u0430 \u043c\u043e\u0436\u0435\u0442 \u0438\u0441\u043a\u0430\u0442\u044c \u0440\u0430\u0431\u043e\u0442\u0443 \u0432 \u043a\u043e\u043c\u043f\u0430\u043d\u0438\u044f\u0445, \u0437\u0430\u043d\u0438\u043c\u0430\u044e\u0449\u0438\u0445\u0441\u044f, \u0441\u0440\u0435\u0434\u0438 \u043f\u0440\u043e\u0447\u0435\u0433\u043e:<\/p>\n<ul>\n<li>\u0421\u0442\u0440\u043e\u0438\u0442\u0435\u043b\u044c\u043d\u044b\u0435 \u0440\u0430\u0431\u043e\u0442\u044b<\/li>\n<li>\u0420\u0430\u0431\u043e\u0442\u044b \u043f\u043e \u0440\u0435\u043a\u043e\u043d\u0441\u0442\u0440\u0443\u043a\u0446\u0438\u0438 \u0437\u0434\u0430\u043d\u0438\u0439 - \u0432\u043d\u0443\u0442\u0440\u0435\u043d\u043d\u0438\u0435 \u0438 \u0432\u043d\u0435\u0448\u043d\u0438\u0435<\/li>\n<li>\u041e\u0431\u0441\u043b\u0443\u0436\u0438\u0432\u0430\u043d\u0438\u0435, \u043c\u043e\u043d\u0442\u0430\u0436 \u0438 \u043f\u043e\u0434\u0434\u0435\u0440\u0436\u0430\u043d\u0438\u0435 \u0432 \u0440\u0430\u0431\u043e\u0447\u0435\u043c \u0441\u043e\u0441\u0442\u043e\u044f\u043d\u0438\u0438 \u0443\u0441\u0442\u0430\u043d\u043e\u0432\u043e\u043a<\/li>\n<li>\u0420\u0435\u043c\u043e\u043d\u0442 \u043e\u0441\u0432\u0435\u0449\u0435\u043d\u0438\u044f, \u0441\u0432\u0435\u0442\u043e\u0444\u043e\u0440\u043e\u0432<\/li>\n<li>\u041e\u0447\u0438\u0441\u0442\u043a\u0430 \u043a\u0440\u044b\u0448, \u0444\u0430\u0441\u0430\u0434\u043e\u0432 \u0437\u0434\u0430\u043d\u0438\u0439, \u043e\u043a\u043e\u043d<\/li>\n<li>\u0423\u0441\u0442\u0430\u043d\u043e\u0432\u043a\u0430 \u0440\u0435\u043a\u043b\u0430\u043c\u043d\u044b\u0445 \u0449\u0438\u0442\u043e\u0432, \u0441\u0432\u0435\u0442\u044f\u0449\u0435\u0439\u0441\u044f \u0438 \u0434\u0440\u0443\u0433\u043e\u0439 \u0448\u0438\u0440\u043e\u043a\u043e\u0444\u043e\u0440\u043c\u0430\u0442\u043d\u043e\u0439 \u0440\u0435\u043a\u043b\u0430\u043c\u044b<\/li>\n<\/ul>\n<p><a href=\"https:\/\/szkolenia-udt.pl\/wp-content\/uploads\/2021\/08\/0016-oso-podnosniki-koszowe.jpg\"><img loading=\"lazy\" decoding=\"async\" class=\"alignnone wp-image-2399 size-large\" src=\"https:\/\/szkolenia-udt.pl\/wp-content\/uploads\/2021\/08\/0016-oso-podnosniki-koszowe-1024x853.jpg\" alt=\"\u0412\u043e\u0437\u0434\u0443\u0448\u043d\u044b\u0435 \u0440\u0430\u0431\u043e\u0447\u0438\u0435 \u043f\u043b\u0430\u0442\u0444\u043e\u0440\u043c\u044b \u043c\u043e\u0433\u0443\u0442 \u0438\u0441\u043f\u043e\u043b\u044c\u0437\u043e\u0432\u0430\u0442\u044c\u0441\u044f \u0434\u043b\u044f \u0440\u0435\u043c\u043e\u043d\u0442\u0430, \u0441\u0442\u0440\u043e\u0438\u0442\u0435\u043b\u044c\u0441\u0442\u0432\u0430, \u043c\u043e\u043d\u0442\u0430\u0436\u043d\u044b\u0445 \u0440\u0430\u0431\u043e\u0442\" width=\"750\" height=\"625\" srcset=\"https:\/\/szkolenia-udt.pl\/wp-content\/uploads\/2021\/08\/0016-oso-podnosniki-koszowe-1024x853.jpg 1024w, https:\/\/szkolenia-udt.pl\/wp-content\/uploads\/2021\/08\/0016-oso-podnosniki-koszowe-300x250.jpg 300w, https:\/\/szkolenia-udt.pl\/wp-content\/uploads\/2021\/08\/0016-oso-podnosniki-koszowe-768x640.jpg 768w, https:\/\/szkolenia-udt.pl\/wp-content\/uploads\/2021\/08\/0016-oso-podnosniki-koszowe.jpg 1200w\" sizes=\"auto, (max-width: 750px) 100vw, 750px\" \/><\/a><\/p>","protected":false},"excerpt":{"rendered":"<p>To szkolenie, kt\u00f3re pozwala pozna\u0107 specyfik\u0119 dzia\u0142ania, budow\u0119, zasady obs\u0142ugi podno\u015bnik\u00f3w koszowych \u2013 popularnych zwy\u017cek. Kandydaci na operator\u00f3w tych urz\u0105dze\u0144 ucz\u0105 si\u0119 zagadnie\u0144 teoretycznych i praktycznych, niezb\u0119dnych do zaliczenia egzaminu na uprawnienia UDT. Szkolenia s\u0105 organizowane na r\u00f3\u017cnych poziomach zaawansowania, tak\u017ce dla os\u00f3b pocz\u0105tkuj\u0105cych, kt\u00f3re nie mia\u0142y jeszcze do czynienia ze zwy\u017ckami. Podno\u015bniki koszowe &#8211; [&hellip;]<\/p>\n","protected":false},"author":3,"featured_media":2502,"parent":2266,"menu_order":0,"comment_status":"closed","ping_status":"closed","template":"","meta":{"footnotes":""},"class_list":["post-2397","page","type-page","status-publish","has-post-thumbnail","hentry"],"aioseo_notices":[],"_links":{"self":[{"href":"https:\/\/szkolenia-udt.pl\/ru\/wp-json\/wp\/v2\/pages\/2397","targetHints":{"allow":["GET"]}}],"collection":[{"href":"https:\/\/szkolenia-udt.pl\/ru\/wp-json\/wp\/v2\/pages"}],"about":[{"href":"https:\/\/szkolenia-udt.pl\/ru\/wp-json\/wp\/v2\/types\/page"}],"author":[{"embeddable":true,"href":"https:\/\/szkolenia-udt.pl\/ru\/wp-json\/wp\/v2\/users\/3"}],"replies":[{"embeddable":true,"href":"https:\/\/szkolenia-udt.pl\/ru\/wp-json\/wp\/v2\/comments?post=2397"}],"version-history":[{"count":4,"href":"https:\/\/szkolenia-udt.pl\/ru\/wp-json\/wp\/v2\/pages\/2397\/revisions"}],"predecessor-version":[{"id":3236,"href":"https:\/\/szkolenia-udt.pl\/ru\/wp-json\/wp\/v2\/pages\/2397\/revisions\/3236"}],"up":[{"embeddable":true,"href":"https:\/\/szkolenia-udt.pl\/ru\/wp-json\/wp\/v2\/pages\/2266"}],"wp:featuredmedia":[{"embeddable":true,"href":"https:\/\/szkolenia-udt.pl\/ru\/wp-json\/wp\/v2\/media\/2502"}],"wp:attachment":[{"href":"https:\/\/szkolenia-udt.pl\/ru\/wp-json\/wp\/v2\/media?parent=2397"}],"curies":[{"name":"wp","href":"https:\/\/api.w.org\/{rel}","templated":true}]}}