{"id":240,"date":"2014-10-08T17:08:41","date_gmt":"2014-10-08T17:08:41","guid":{"rendered":"http:\/\/szkolenia-udt.pl\/?page_id=240"},"modified":"2021-08-31T22:00:51","modified_gmt":"2021-08-31T22:00:51","slug":"%d0%be%d0%b1%d1%81%d0%bb%d1%83%d0%b6%d0%b8%d0%b2%d0%b0%d0%bd%d0%b8%d0%b5-%d0%bc%d0%be%d0%b1%d0%b8%d0%bb%d1%8c%d0%bd%d1%8b%d0%b5-%d0%bf%d0%bb%d0%b0%d1%82%d1%84%d0%be%d1%80%d0%bc%d1%8b","status":"publish","type":"page","link":"https:\/\/szkolenia-udt.pl\/ru\/kursy\/podesty-ruchome\/obsluga-podestow-ruchomych\/","title":{"rendered":"\u042d\u043a\u0441\u043f\u043b\u0443\u0430\u0442\u0430\u0446\u0438\u044f \u043c\u043e\u0431\u0438\u043b\u044c\u043d\u044b\u0445 \u043f\u043b\u0430\u0442\u0444\u043e\u0440\u043c"},"content":{"rendered":"<div style=\"float: left; padding-right: 10px;\"><div id=\"metaslider-id-1219\" style=\"max-width: 300px;\" class=\"ml-slider-3-107-0 metaslider metaslider-flex metaslider-1219 ml-slider ms-theme-default nav-hidden\" role=\"region\" aria-label=\"\u041c\u043e\u0431\u0438\u043b\u044c\u043d\u044b\u0435 \u043f\u043b\u0430\u0442\u0444\u043e\u0440\u043c\u044b 3\" data-height=\"225\" data-width=\"300\">\n    <div id=\"metaslider_container_1219\">\n        <div id=\"metaslider_1219\">\n            <ul class='slides'>\n                <li style=\"display: block; width: 100%;\" class=\"slide-1218 ms-image\" aria-roledescription=\"slide\" data-date=\"2014-11-18 10:21:09\" data-filename=\"78XE_001a.jpg\" data-slide-type=\"image\"><img loading=\"lazy\" decoding=\"async\" src=\"https:\/\/szkolenia-udt.pl\/wp-content\/uploads\/2014\/11\/78XE_001a.jpg\" height=\"225\" width=\"300\" alt=\"\u043b\u0438\u0444\u0442\u044b\" class=\"slider-1219 slide-1218 msDefaultImage\" \/><\/li>\n                <li style=\"display: none; width: 100%;\" class=\"slide-1217 ms-image\" aria-roledescription=\"slide\" data-date=\"2014-11-18 10:21:08\" data-filename=\"78SEC_006a.jpg\" data-slide-type=\"image\"><img loading=\"lazy\" decoding=\"async\" src=\"https:\/\/szkolenia-udt.pl\/wp-content\/uploads\/2014\/11\/78SEC_006a.jpg\" height=\"225\" width=\"300\" alt=\"\u043e\u0431\u0443\u0447\u0435\u043d\u0438\u0435 \u0443\u0434\u0442\" class=\"slider-1219 slide-1217 msDefaultImage\" \/><\/li>\n                <li style=\"display: none; width: 100%;\" class=\"slide-1216 ms-image\" aria-roledescription=\"slide\" data-date=\"2014-11-18 10:21:07\" data-filename=\"78SEC_004a.jpg\" data-slide-type=\"image\"><img loading=\"lazy\" decoding=\"async\" src=\"https:\/\/szkolenia-udt.pl\/wp-content\/uploads\/2014\/11\/78SEC_004a.jpg\" height=\"225\" width=\"300\" alt=\"\u043a\u0443\u0440\u0441\u044b \u0443\u0434\u0442 \u0432 \u0432\u0430\u0440\u0448\u0430\u0432\u0435\" class=\"slider-1219 slide-1216 msDefaultImage\" \/><\/li>\n                <li style=\"display: none; width: 100%;\" class=\"slide-1215 ms-image\" aria-roledescription=\"slide\" data-date=\"2014-11-18 10:21:06\" data-filename=\"60V_026a.jpg\" data-slide-type=\"image\"><img loading=\"lazy\" decoding=\"async\" src=\"https:\/\/szkolenia-udt.pl\/wp-content\/uploads\/2014\/11\/60V_026a.jpg\" height=\"225\" width=\"300\" alt=\"\u0443\u0447\u0435\u0431\u043d\u044b\u0439 \u0446\u0435\u043d\u0442\u0440 \u0443\u0434\u0442\" class=\"slider-1219 slide-1215 msDefaultImage\" \/><\/li>\n                <li style=\"display: none; width: 100%;\" class=\"slide-1214 ms-image\" aria-roledescription=\"slide\" data-date=\"2014-11-18 10:21:04\" data-filename=\"60V_007a.jpg\" data-slide-type=\"image\"><img loading=\"lazy\" decoding=\"async\" src=\"https:\/\/szkolenia-udt.pl\/wp-content\/uploads\/2014\/11\/60V_007a.jpg\" height=\"225\" width=\"300\" alt=\"\" class=\"slider-1219 slide-1214 msDefaultImage\" \/><\/li>\n            <\/ul>\n        <\/div>\n        \n    <\/div>\n<\/div><\/div>\n<div class=\"wyjustuj\">\n<p>\u0414\u043b\u044f \u0443\u043f\u0440\u0430\u0432\u043b\u0435\u043d\u0438\u044f \u043c\u043e\u0431\u0438\u043b\u044c\u043d\u044b\u043c\u0438 \u043f\u043b\u0430\u0442\u0444\u043e\u0440\u043c\u0430\u043c\u0438 \u043d\u0435\u043e\u0431\u0445\u043e\u0434\u0438\u043c\u043e \u043f\u0440\u043e\u0439\u0442\u0438 \u043e\u0431\u0443\u0447\u0435\u043d\u0438\u0435, \u0434\u0430\u044e\u0449\u0435\u0435 \u043f\u0440\u0430\u0432\u043e \u043d\u0430 \u0441\u0434\u0430\u0447\u0443 \u044d\u043a\u0437\u0430\u043c\u0435\u043d\u0430 \u0432 \u0423\u043f\u0440\u0430\u0432\u043b\u0435\u043d\u0438\u0438 \u0442\u0435\u0445\u043d\u0438\u0447\u0435\u0441\u043a\u043e\u0439 \u0438\u043d\u0441\u043f\u0435\u043a\u0446\u0438\u0438. \u041f\u043e\u0441\u043b\u0435 \u0443\u0441\u043f\u0435\u0448\u043d\u043e\u0439 \u0441\u0434\u0430\u0447\u0438 \u044d\u043a\u0437\u0430\u043c\u0435\u043d\u0430 \u0443\u0447\u0430\u0441\u0442\u043d\u0438\u043a \u043f\u043e\u043b\u0443\u0447\u0430\u0435\u0442 \u043b\u0438\u0446\u0435\u043d\u0437\u0438\u044e UDT. \u041a\u0443\u0440\u0441\u044b \u043e\u0445\u0432\u0430\u0442\u044b\u0432\u0430\u044e\u0442 \u0438\u043d\u0444\u043e\u0440\u043c\u0430\u0446\u0438\u044e, \u0441\u0432\u044f\u0437\u0430\u043d\u043d\u0443\u044e \u0441 \u0443\u0441\u0442\u0440\u043e\u0439\u0441\u0442\u0432\u043e\u043c \u0438 \u044d\u043a\u0441\u043f\u043b\u0443\u0430\u0442\u0430\u0446\u0438\u0435\u0439 \u043e\u0431\u043e\u0440\u0443\u0434\u043e\u0432\u0430\u043d\u0438\u044f, \u0430 \u0442\u0430\u043a\u0436\u0435 \u043f\u0440\u0430\u0432\u0438\u043b\u0430 \u043e\u0445\u0440\u0430\u043d\u044b \u0442\u0440\u0443\u0434\u0430 \u0438 \u0442\u0435\u0445\u043d\u0438\u043a\u0438 \u0431\u0435\u0437\u043e\u043f\u0430\u0441\u043d\u043e\u0441\u0442\u0438. \u041d\u0438\u0436\u0435 \u043f\u0440\u0438\u0432\u0435\u0434\u0435\u043d\u044b \u043f\u0440\u0430\u0432\u0438\u043b\u0430, \u043a\u0430\u0441\u0430\u044e\u0449\u0438\u0435\u0441\u044f \u044d\u043a\u0441\u043f\u043b\u0443\u0430\u0442\u0430\u0446\u0438\u0438 \u0442\u0430\u043a\u043e\u0433\u043e \u043e\u0431\u043e\u0440\u0443\u0434\u043e\u0432\u0430\u043d\u0438\u044f, \u043a\u0430\u043a \u043f\u0435\u0440\u0435\u0434\u0432\u0438\u0436\u043d\u044b\u0435, \u0442\u0440\u0430\u0432\u0435\u0440\u0441\u043d\u044b\u0435 \u0438 \u043c\u0435\u0434\u043b\u0435\u043d\u043d\u043e \u0434\u0432\u0438\u0436\u0443\u0449\u0438\u0435\u0441\u044f \u043f\u043b\u0430\u0442\u0444\u043e\u0440\u043c\u044b.<\/p>\n<h2 class=\"boldnagl\"><strong>\u0418\u0441\u043f\u043e\u043b\u044c\u0437\u043e\u0432\u0430\u043d\u0438\u0435 \u043f\u043b\u0430\u0442\u0444\u043e\u0440\u043c \u0438 \u043b\u0438\u043a\u0432\u0438\u0434\u0430\u0446\u0438\u044f \u043f\u043e\u0441\u043b\u0435\u0434\u0441\u0442\u0432\u0438\u0439 \u0430\u0432\u0430\u0440\u0438\u0439<\/strong><\/h2>\n<p>\u041c\u043e\u0431\u0438\u043b\u044c\u043d\u044b\u0435 \u043f\u043b\u0430\u0442\u0444\u043e\u0440\u043c\u044b \u043c\u043e\u0433\u0443\u0442 \u0438\u0441\u043f\u043e\u043b\u044c\u0437\u043e\u0432\u0430\u0442\u044c\u0441\u044f \u0442\u043e\u043b\u044c\u043a\u043e \u043b\u0438\u0446\u0430\u043c\u0438, \u0438\u043c\u0435\u044e\u0449\u0438\u043c\u0438 \u0441\u043e\u043e\u0442\u0432\u0435\u0442\u0441\u0442\u0432\u0443\u044e\u0449\u0435\u0435 \u0440\u0430\u0437\u0440\u0435\u0448\u0435\u043d\u0438\u0435. \u041a\u0430\u0436\u0434\u044b\u0439, \u043a\u0442\u043e \u0438\u0441\u043f\u043e\u043b\u044c\u0437\u0443\u0435\u0442 \u043e\u0431\u043e\u0440\u0443\u0434\u043e\u0432\u0430\u043d\u0438\u0435, \u0434\u043e\u043b\u0436\u0435\u043d \u0431\u044b\u0442\u044c \u043e\u0437\u043d\u0430\u043a\u043e\u043c\u043b\u0435\u043d \u0441 \u0443\u0441\u043b\u043e\u0432\u0438\u044f\u043c\u0438 \u0435\u0433\u043e \u044d\u043a\u0441\u043f\u043b\u0443\u0430\u0442\u0430\u0446\u0438\u0438. \u0417\u0430\u043f\u0440\u0435\u0449\u0430\u0435\u0442\u0441\u044f \u0438\u0441\u043f\u043e\u043b\u044c\u0437\u043e\u0432\u0430\u0442\u044c \u043f\u043b\u0430\u0442\u0444\u043e\u0440\u043c\u044b, \u0435\u0441\u043b\u0438 \u0447\u0435\u043b\u043e\u0432\u0435\u043a \u043d\u0435 \u0437\u043d\u0430\u043a\u043e\u043c \u0441 \u043f\u0440\u043e\u0446\u0435\u0434\u0443\u0440\u0430\u043c\u0438 \u0441\u043f\u0430\u0441\u0435\u043d\u0438\u044f \u0438\u043b\u0438 \u0435\u0441\u043b\u0438 \u043f\u043e\u0431\u043b\u0438\u0437\u043e\u0441\u0442\u0438 \u043d\u0435\u0442 \u043b\u044e\u0434\u0435\u0439, \u0437\u043d\u0430\u043a\u043e\u043c\u044b\u0445 \u0441 \u0438\u0445 \u0438\u0441\u043f\u043e\u043b\u044c\u0437\u043e\u0432\u0430\u043d\u0438\u0435\u043c.<\/p>\n<h2 class=\"boldnagl\"><strong>\u041f\u0435\u0440\u0435\u0434 \u043f\u0435\u0440\u0435\u043c\u0435\u0449\u0435\u043d\u0438\u0435\u043c \u043c\u043e\u0431\u0438\u043b\u044c\u043d\u043e\u0439 \u043f\u043b\u0430\u0442\u0444\u043e\u0440\u043c\u044b<\/strong><\/h2>\n<p>\u041f\u0435\u0440\u0435\u0434 \u043d\u0430\u0447\u0430\u043b\u043e\u043c \u0440\u0430\u0431\u043e\u0442\u044b \u043e\u043f\u0435\u0440\u0430\u0442\u043e\u0440 \u0434\u043e\u043b\u0436\u0435\u043d \u043f\u0440\u043e\u0432\u0435\u0440\u0438\u0442\u044c \u043c\u043e\u0431\u0438\u043b\u044c\u043d\u0443\u044e \u043f\u043b\u0430\u0442\u0444\u043e\u0440\u043c\u0443 \u043d\u0430 \u043d\u0430\u043b\u0438\u0447\u0438\u0435 \u043f\u043e\u0432\u0440\u0435\u0436\u0434\u0435\u043d\u0438\u0439 \u0438 \u0442\u0435\u0445\u043d\u0438\u0447\u0435\u0441\u043a\u0438\u0435 \u0445\u0430\u0440\u0430\u043a\u0442\u0435\u0440\u0438\u0441\u0442\u0438\u043a\u0438. \u0421\u043e\u0441\u0442\u043e\u044f\u043d\u0438\u0435 \u043f\u043b\u0430\u0442\u0444\u043e\u0440\u043c\u044b \u043d\u0435\u043e\u0431\u0445\u043e\u0434\u0438\u043c\u043e \u043f\u0440\u043e\u0432\u0435\u0440\u044f\u0442\u044c \u043f\u0440\u0438 \u043a\u0430\u0436\u0434\u043e\u0439 \u0440\u0430\u0431\u043e\u0442\u0435 \u043d\u0430 \u043d\u0435\u0439. \u0417\u0430\u043f\u0440\u0435\u0449\u0430\u0435\u0442\u0441\u044f \u0438\u0441\u043f\u043e\u043b\u044c\u0437\u043e\u0432\u0430\u0442\u044c \u043d\u0435\u0438\u0441\u043f\u0440\u0430\u0432\u043d\u044b\u0435 \u0438\u043b\u0438 \u043f\u043e\u0432\u0440\u0435\u0436\u0434\u0435\u043d\u043d\u044b\u0435 \u043f\u043b\u0430\u0442\u0444\u043e\u0440\u043c\u044b. \u0422\u0430\u043a\u0436\u0435 \u0437\u0430\u043f\u0440\u0435\u0449\u0430\u0435\u0442\u0441\u044f \u0438\u0441\u043f\u043e\u043b\u044c\u0437\u043e\u0432\u0430\u0442\u044c \u043f\u043b\u0430\u0442\u0444\u043e\u0440\u043c\u044b \u043d\u0430 \u043d\u0435\u043f\u043e\u0434\u0445\u043e\u0434\u044f\u0449\u0435\u0439 \u043f\u043e\u0432\u0435\u0440\u0445\u043d\u043e\u0441\u0442\u0438. \u041d\u0430 \u043f\u043e\u0432\u0435\u0440\u0445\u043d\u043e\u0441\u0442\u0438 \u043d\u0435 \u0434\u043e\u043b\u0436\u043d\u043e \u0431\u044b\u0442\u044c \u043d\u0438\u043a\u0430\u043a\u0438\u0445 \u043f\u043e\u0432\u0440\u0435\u0436\u0434\u0435\u043d\u0438\u0439, \u0430 \u0432 \u043d\u0430\u043f\u0440\u0430\u0432\u043b\u0435\u043d\u0438\u0438 \u0434\u0432\u0438\u0436\u0435\u043d\u0438\u044f \u0443\u0441\u0442\u0440\u043e\u0439\u0441\u0442\u0432\u0430 \u043d\u0435 \u0434\u043e\u043b\u0436\u043d\u043e \u0431\u044b\u0442\u044c \u0432\u0438\u0434\u0438\u043c\u044b\u0445 \u043f\u0440\u0435\u043f\u044f\u0442\u0441\u0442\u0432\u0438\u0439.<\/p>\n<h3 class=\"boldnagl\"><strong>\u041c\u0430\u043d\u0438\u043f\u0443\u043b\u0438\u0440\u043e\u0432\u0430\u043d\u0438\u0435 \u043c\u043e\u0431\u0438\u043b\u044c\u043d\u043e\u0439 \u043f\u043b\u0430\u0442\u0444\u043e\u0440\u043c\u043e\u0439<\/strong><\/h3>\n<p>\u041f\u0440\u0438 \u0438\u0441\u043f\u043e\u043b\u044c\u0437\u043e\u0432\u0430\u043d\u0438\u0438 \u043c\u043e\u0431\u0438\u043b\u044c\u043d\u043e\u0439 \u043f\u043b\u0430\u0442\u0444\u043e\u0440\u043c\u044b \u043e\u043f\u0435\u0440\u0430\u0442\u043e\u0440 \u0434\u043e\u043b\u0436\u0435\u043d \u043f\u043e\u0441\u0442\u043e\u044f\u043d\u043d\u043e \u043f\u0440\u043e\u0432\u0435\u0440\u044f\u0442\u044c \u043f\u043e\u0432\u0435\u0440\u0445\u043d\u043e\u0441\u0442\u044c, \u043f\u043e \u043a\u043e\u0442\u043e\u0440\u043e\u0439 \u0434\u0432\u0438\u0436\u0435\u0442\u0441\u044f \u043f\u043b\u0430\u0442\u0444\u043e\u0440\u043c\u0430, \u0430 \u0442\u0430\u043a\u0436\u0435 \u043f\u043e\u0432\u0435\u0440\u0445\u043d\u043e\u0441\u0442\u044c \u043d\u0430\u0434 \u043d\u0435\u0439 \u0432 \u043d\u0430\u043f\u0440\u0430\u0432\u043b\u0435\u043d\u0438\u0438 \u0435\u0435 \u0434\u0432\u0438\u0436\u0435\u043d\u0438\u044f. \u0412 \u0441\u043b\u0443\u0447\u0430\u0435 \u0432\u043e\u0437\u043d\u0438\u043a\u043d\u043e\u0432\u0435\u043d\u0438\u044f \u043f\u0440\u0435\u043f\u044f\u0442\u0441\u0442\u0432\u0438\u0439 \u043d\u0430 \u0434\u043e\u0440\u043e\u0433\u0435 \u043e\u043f\u0435\u0440\u0430\u0442\u043e\u0440 \u0434\u043e\u043b\u0436\u0435\u043d \u043d\u0430\u043f\u0440\u0430\u0432\u043b\u044f\u0442\u044c \u0443\u0441\u0442\u0440\u043e\u0439\u0441\u0442\u0432\u043e \u0442\u0430\u043a, \u0447\u0442\u043e\u0431\u044b \u0438\u0437\u0431\u0435\u0436\u0430\u0442\u044c \u0438\u0445, \u0441\u043e\u0431\u043b\u044e\u0434\u0430\u044f \u043f\u0440\u0435\u0434\u0435\u043b\u044c\u043d\u0443\u044e \u043e\u0441\u0442\u043e\u0440\u043e\u0436\u043d\u043e\u0441\u0442\u044c. \u041f\u043b\u0430\u0442\u0444\u043e\u0440\u043c\u0430 \u043d\u0435 \u0434\u043e\u043b\u0436\u043d\u0430 \u043f\u0440\u0435\u0432\u044b\u0448\u0430\u0442\u044c \u0440\u0430\u0437\u0440\u0435\u0448\u0435\u043d\u043d\u0443\u044e \u0441\u043a\u043e\u0440\u043e\u0441\u0442\u044c. \u041b\u0438\u0446\u0430, \u043d\u0430\u0445\u043e\u0434\u044f\u0449\u0438\u0435\u0441\u044f \u043d\u0430 \u043f\u043b\u0430\u0442\u0444\u043e\u0440\u043c\u0435, \u043d\u0435 \u0434\u043e\u043b\u0436\u043d\u044b \u043d\u0430\u043a\u043b\u043e\u043d\u044f\u0442\u044c\u0441\u044f \u0437\u0430 \u043f\u0435\u0440\u0438\u043b\u0430, \u0437\u0430\u043f\u0440\u0435\u0449\u0430\u0435\u0442\u0441\u044f \u043f\u0440\u0438\u0441\u043b\u043e\u043d\u044f\u0442\u044c\u0441\u044f \u043a \u043f\u0430\u043d\u0435\u043b\u0438 \u0443\u043f\u0440\u0430\u0432\u043b\u0435\u043d\u0438\u044f \u0443\u0441\u0442\u0440\u043e\u0439\u0441\u0442\u0432\u0430 \u0438\u043b\u0438 \u043a\u043b\u0430\u0441\u0442\u044c \u043d\u0430 \u043d\u0435\u0435 \u043f\u0440\u0435\u0434\u043c\u0435\u0442\u044b. \u041f\u0440\u0438 \u0440\u0430\u0431\u043e\u0442\u0435 \u0441 \u043f\u043b\u0430\u0442\u0444\u043e\u0440\u043c\u043e\u0439 \u0437\u0430\u043f\u0440\u0435\u0449\u0435\u043d\u043e \u043f\u043e\u043b\u044c\u0437\u043e\u0432\u0430\u0442\u044c\u0441\u044f \u043c\u043e\u0431\u0438\u043b\u044c\u043d\u044b\u043c\u0438 \u0442\u0435\u043b\u0435\u0444\u043e\u043d\u0430\u043c\u0438. \u041f\u0440\u0438 \u0440\u0430\u0437\u043c\u0435\u0449\u0435\u043d\u0438\u0438 \u043c\u043e\u0431\u0438\u043b\u044c\u043d\u043e\u0439 \u043f\u043b\u0430\u0442\u0444\u043e\u0440\u043c\u044b \u0432 \u043f\u0440\u0430\u0432\u0438\u043b\u044c\u043d\u043e\u043c \u043f\u043e\u043b\u043e\u0436\u0435\u043d\u0438\u0438 \u043d\u0435\u043e\u0431\u0445\u043e\u0434\u0438\u043c\u043e \u043e\u043f\u0440\u0435\u0434\u0435\u043b\u0438\u0442\u044c \u043f\u0440\u0430\u0432\u0438\u043b\u044c\u043d\u0443\u044e \u0432\u044b\u0441\u043e\u0442\u0443 \u0441 \u0443\u0447\u0435\u0442\u043e\u043c \u043f\u043e\u0432\u0435\u0440\u0445\u043d\u043e\u0441\u0442\u0438 \u043f\u043e\u0442\u043e\u043b\u043a\u0430 \u0438 \u043f\u043e\u0432\u0435\u0440\u0445\u043d\u043e\u0441\u0442\u0438 \u0438 \u043f\u0440\u0435\u043f\u044f\u0442\u0441\u0442\u0432\u0438\u0439.<\/p>\n<p>\u041a\u0430\u0436\u0434\u044b\u0439 <a href=\"https:\/\/szkolenia-udt.pl\/ru\/kursy\/podesty-ruchome\/\">\u043a\u0443\u0440\u0441 \u0434\u043b\u044f \u043c\u043e\u0431\u0438\u043b\u044c\u043d\u044b\u0445 \u043f\u043b\u0430\u0442\u0444\u043e\u0440\u043c<\/a> \u0432 \u043d\u0430\u0448\u0435\u043c <a href=\"https:\/\/szkolenia-udt.pl\/ru\/o-firmie\/\">\u0426\u0435\u043d\u0442\u0440<\/a> \u0440\u0430\u0441\u0441\u043c\u0430\u0442\u0440\u0438\u0432\u0430\u0435\u0442 \u043a\u043b\u044e\u0447\u0435\u0432\u0443\u044e \u0438\u043d\u0444\u043e\u0440\u043c\u0430\u0446\u0438\u044e \u043e \u0437\u0434\u043e\u0440\u043e\u0432\u044c\u0435 \u0438 \u0431\u0435\u0437\u043e\u043f\u0430\u0441\u043d\u043e\u0441\u0442\u0438 \u043d\u0430 \u0440\u0430\u0431\u043e\u0447\u0435\u043c \u043c\u0435\u0441\u0442\u0435 \u043e\u043f\u0435\u0440\u0430\u0442\u043e\u0440\u0430. \u041d\u0430 \u043f\u0440\u0430\u043a\u0442\u0438\u0447\u0435\u0441\u043a\u0438\u0445 \u0437\u0430\u043d\u044f\u0442\u0438\u044f\u0445 \u0443\u0447\u0430\u0441\u0442\u043d\u0438\u043a\u0438 \u0442\u0430\u043a\u0436\u0435 \u043c\u043e\u0433\u0443\u0442 \u043e\u043f\u0440\u043e\u0431\u043e\u0432\u0430\u0442\u044c \u0441\u0432\u043e\u0438 \u0437\u043d\u0430\u043d\u0438\u044f \u0432 \u0440\u0430\u0431\u043e\u0442\u0435 \u0441 \u043e\u0431\u043e\u0440\u0443\u0434\u043e\u0432\u0430\u043d\u0438\u0435\u043c. \u0416\u0434\u0435\u043c \u0432\u0430\u0441 \u043d\u0430 \u043a\u0443\u0440\u0441\u0435 \u043c\u043e\u0431\u0438\u043b\u044c\u043d\u044b\u0445 \u043f\u043b\u0430\u0442\u0444\u043e\u0440\u043c!<\/p>\n<\/div>","protected":false},"excerpt":{"rendered":"<p>Do obs\u0142ugi podest\u00f3w ruchomych konieczne jest odbycie przeszkolenia, kt\u00f3re upowa\u017cnia do podej\u015bcia do egzaminu przed Urz\u0119dem Dozoru Technicznego. Po pozytywnym zdaniu egzaminu uczestnik otrzymuje uprawnienia UDT. Podczas kurs\u00f3w poruszane s\u0105 informacje zwi\u0105zane z budow\u0105 i eksploatacj\u0105 urz\u0105dze\u0144, a tak\u017ce z zasadami bezpiecze\u0144stwa i higieny pracy. Poni\u017cej przedstawiamy zasady dotycz\u0105ce obs\u0142ugi takich urz\u0105dze\u0144 jak podesty ruchome, [&hellip;]<\/p>\n","protected":false},"author":3,"featured_media":1218,"parent":35,"menu_order":0,"comment_status":"closed","ping_status":"closed","template":"","meta":{"footnotes":""},"class_list":["post-240","page","type-page","status-publish","has-post-thumbnail","hentry"],"aioseo_notices":[],"_links":{"self":[{"href":"https:\/\/szkolenia-udt.pl\/ru\/wp-json\/wp\/v2\/pages\/240","targetHints":{"allow":["GET"]}}],"collection":[{"href":"https:\/\/szkolenia-udt.pl\/ru\/wp-json\/wp\/v2\/pages"}],"about":[{"href":"https:\/\/szkolenia-udt.pl\/ru\/wp-json\/wp\/v2\/types\/page"}],"author":[{"embeddable":true,"href":"https:\/\/szkolenia-udt.pl\/ru\/wp-json\/wp\/v2\/users\/3"}],"replies":[{"embeddable":true,"href":"https:\/\/szkolenia-udt.pl\/ru\/wp-json\/wp\/v2\/comments?post=240"}],"version-history":[{"count":7,"href":"https:\/\/szkolenia-udt.pl\/ru\/wp-json\/wp\/v2\/pages\/240\/revisions"}],"predecessor-version":[{"id":2244,"href":"https:\/\/szkolenia-udt.pl\/ru\/wp-json\/wp\/v2\/pages\/240\/revisions\/2244"}],"up":[{"embeddable":true,"href":"https:\/\/szkolenia-udt.pl\/ru\/wp-json\/wp\/v2\/pages\/35"}],"wp:featuredmedia":[{"embeddable":true,"href":"https:\/\/szkolenia-udt.pl\/ru\/wp-json\/wp\/v2\/media\/1218"}],"wp:attachment":[{"href":"https:\/\/szkolenia-udt.pl\/ru\/wp-json\/wp\/v2\/media?parent=240"}],"curies":[{"name":"wp","href":"https:\/\/api.w.org\/{rel}","templated":true}]}}