{"id":2412,"date":"2021-08-20T08:36:29","date_gmt":"2021-08-20T08:36:29","guid":{"rendered":"https:\/\/szkolenia-udt.pl\/?page_id=2412"},"modified":"2023-03-13T16:35:57","modified_gmt":"2023-03-13T15:35:57","slug":"%d0%bf%d0%bb%d0%b0%d1%82%d1%84%d0%be%d1%80%d0%bc%d1%8b-%d0%bc%d0%b0%d1%87%d1%82%d0%b0-%d0%be%d0%bf%d0%b5%d1%80%d0%b0%d1%82%d0%be%d1%80","status":"publish","type":"page","link":"https:\/\/szkolenia-udt.pl\/ru\/kursy\/uprawnienia-udt-tdt-wdt\/podesty-ruchome-masztowe-operator\/","title":{"rendered":"\u041a\u0443\u0440\u0441 \u0434\u043b\u044f \u043e\u043f\u0435\u0440\u0430\u0442\u043e\u0440\u043e\u0432 \u043c\u0430\u0447\u0442\u043e\u0432\u044b\u0445 \u043f\u043e\u0434\u044a\u0435\u043c\u043d\u0438\u043a\u043e\u0432"},"content":{"rendered":"<p><a href=\"https:\/\/szkolenia-udt.pl\/wp-content\/uploads\/2021\/08\/szkolenia-udt.pl-0014-OPUBLIKOWANY-v9.jpg\"><img loading=\"lazy\" decoding=\"async\" class=\"paddingleft10 wp-image-2497 size-medium alignleft\" src=\"https:\/\/szkolenia-udt.pl\/wp-content\/uploads\/2021\/08\/szkolenia-udt.pl-0014-OPUBLIKOWANY-v9-300x169.jpg\" alt=\"\u041c\u0430\u0447\u0442\u043e\u0432\u044b\u0435 \u043f\u0435\u0440\u0435\u0434\u0432\u0438\u0436\u043d\u044b\u0435 \u043f\u043e\u0434\u044a\u0435\u043c\u043d\u0438\u043a\u0438 \u044f\u0432\u043b\u044f\u044e\u0442\u0441\u044f \u043e\u0431\u043e\u0440\u0443\u0434\u043e\u0432\u0430\u043d\u0438\u0435\u043c, \u043a\u043e\u0442\u043e\u0440\u043e\u0435 \u043f\u043e\u0434\u043b\u0435\u0436\u0438\u0442 \u0442\u0435\u0445\u043d\u0438\u0447\u0435\u0441\u043a\u043e\u043c\u0443 \u043d\u0430\u0434\u0437\u043e\u0440\u0443 \u0438 \u0442\u0440\u0435\u0431\u0443\u0435\u0442 \u043b\u0438\u0446\u0435\u043d\u0437\u0438\u0438\" width=\"300\" height=\"169\" srcset=\"https:\/\/szkolenia-udt.pl\/wp-content\/uploads\/2021\/08\/szkolenia-udt.pl-0014-OPUBLIKOWANY-v9-300x169.jpg 300w, https:\/\/szkolenia-udt.pl\/wp-content\/uploads\/2021\/08\/szkolenia-udt.pl-0014-OPUBLIKOWANY-v9.jpg 768w\" sizes=\"auto, (max-width: 300px) 100vw, 300px\" \/><\/a>\u041c\u044b \u0441\u043e\u0437\u0434\u0430\u043b\u0438 \u044d\u0442\u043e\u0442 \u0443\u0447\u0435\u0431\u043d\u044b\u0439 \u043a\u0443\u0440\u0441 \u0434\u043b\u044f \u0442\u0435\u0445, \u043a\u0442\u043e \u0445\u043e\u0442\u0435\u043b \u0431\u044b \u043f\u043e\u043b\u0443\u0447\u0438\u0442\u044c \u0441\u043f\u0435\u0446\u0438\u0430\u043b\u0438\u0437\u0438\u0440\u043e\u0432\u0430\u043d\u043d\u044b\u0435 \u0437\u043d\u0430\u043d\u0438\u044f \u0432 \u043e\u0431\u043b\u0430\u0441\u0442\u0438 \u044d\u043a\u0441\u043f\u043b\u0443\u0430\u0442\u0430\u0446\u0438\u0438 \u0438 \u0437\u0430\u0442\u0435\u043c \u043f\u043e\u043b\u0443\u0447\u0438\u0442\u044c \u043d\u0435\u043e\u0431\u0445\u043e\u0434\u0438\u043c\u0443\u044e \u043b\u0438\u0446\u0435\u043d\u0437\u0438\u044e UDT \u0434\u043b\u044f \u0441\u0442\u0430\u0446\u0438\u043e\u043d\u0430\u0440\u043d\u044b\u0445 \u043c\u043e\u0431\u0438\u043b\u044c\u043d\u044b\u0445 \u043f\u043b\u0430\u0442\u0444\u043e\u0440\u043c. \u041a\u0443\u0440\u0441 \u044f\u0432\u043b\u044f\u0435\u0442\u0441\u044f \u043f\u043e\u0434\u0433\u043e\u0442\u043e\u0432\u043a\u043e\u0439 \u043a \u0441\u0434\u0430\u0447\u0435 \u0433\u043e\u0441\u0443\u0434\u0430\u0440\u0441\u0442\u0432\u0435\u043d\u043d\u043e\u0433\u043e \u044d\u043a\u0437\u0430\u043c\u0435\u043d\u0430, \u0438 \u0432 \u0442\u043e \u0436\u0435 \u0432\u0440\u0435\u043c\u044f \u043d\u0430 \u043f\u0440\u0430\u043a\u0442\u0438\u043a\u0435 \u043e\u0431\u0443\u0447\u0430\u0435\u0442 \u0431\u0435\u0437\u043e\u043f\u0430\u0441\u043d\u043e\u0439, \u043e\u0442\u0432\u0435\u0447\u0430\u044e\u0449\u0435\u0439 \u0442\u0440\u0435\u0431\u043e\u0432\u0430\u043d\u0438\u044f\u043c \u044d\u043a\u0441\u043f\u043b\u0443\u0430\u0442\u0430\u0446\u0438\u0438 \u043e\u0431\u043e\u0440\u0443\u0434\u043e\u0432\u0430\u043d\u0438\u044f. \u041f\u043e\u0434\u0433\u043e\u0442\u043e\u0432\u043b\u0435\u043d\u043d\u044b\u0435 \u0442\u0430\u043a\u0438\u043c \u043e\u0431\u0440\u0430\u0437\u043e\u043c \u043e\u043f\u0435\u0440\u0430\u0442\u043e\u0440\u044b \u044f\u0432\u043b\u044f\u044e\u0442\u0441\u044f \u0432\u043e\u0441\u0442\u0440\u0435\u0431\u043e\u0432\u0430\u043d\u043d\u044b\u043c\u0438 \u043d\u0430 \u0440\u044b\u043d\u043a\u0435 \u0442\u0440\u0443\u0434\u0430 \u0441\u043f\u0435\u0446\u0438\u0430\u043b\u0438\u0441\u0442\u0430\u043c\u0438 \u0438 \u043c\u043e\u0433\u0443\u0442 \u043f\u0440\u0430\u043a\u0442\u0438\u0447\u0435\u0441\u043a\u0438 \u0441\u0440\u0430\u0437\u0443 \u0443\u0441\u0442\u0440\u043e\u0438\u0442\u044c\u0441\u044f \u043d\u0430 \u0440\u0430\u0431\u043e\u0442\u0443 \u043f\u043e \u0441\u043f\u0435\u0446\u0438\u0430\u043b\u044c\u043d\u043e\u0441\u0442\u0438.<\/p>\n<h2>\u0418\u043d\u0444\u043e\u0440\u043c\u0430\u0446\u0438\u044f \u043e \u043a\u0443\u0440\u0441\u0435 \u0434\u043b\u044f \u043c\u0430\u0447\u0442\u043e\u0432\u044b\u0445 \u043f\u043e\u0434\u044a\u0435\u043c\u043d\u0438\u043a\u043e\u0432<\/h2>\n<p><a href=\"https:\/\/szkolenia-udt.pl\/ru\/kursy\/uprawnienia-udt-tdt-wdt\/szkolenia-z-zakresu-udt\/\">\u041a\u0443\u0440\u0441 UDT<\/a> (\u0432 \u0441\u043e\u043e\u0442\u0432\u0435\u0442\u0441\u0442\u0432\u0438\u0438 \u0441 \u0442\u0440\u0435\u0431\u043e\u0432\u0430\u043d\u0438\u044f\u043c\u0438 \u0434\u0430\u043d\u043d\u043e\u0439 \u043e\u0440\u0433\u0430\u043d\u0438\u0437\u0430\u0446\u0438\u0438) \u0432\u043a\u043b\u044e\u0447\u0430\u0435\u0442 \u0441\u043e\u043e\u0442\u0432\u0435\u0442\u0441\u0442\u0432\u0443\u044e\u0449\u0435\u0435 \u043a\u043e\u043b\u0438\u0447\u0435\u0441\u0442\u0432\u043e \u0447\u0430\u0441\u043e\u0432 \u043b\u0435\u043a\u0446\u0438\u0439 \u0438 \u043f\u0440\u0430\u043a\u0442\u0438\u0447\u0435\u0441\u043a\u0438\u0445 \u0437\u0430\u043d\u044f\u0442\u0438\u0439 \u0434\u043b\u044f \u0433\u0440\u0443\u043f\u043f\u044b. \u041f\u0440\u043e\u0434\u043e\u043b\u0436\u0438\u0442\u0435\u043b\u044c\u043d\u043e\u0441\u0442\u044c \u043a\u0443\u0440\u0441\u0430 \u0437\u0430\u0432\u0438\u0441\u0438\u0442 \u043e\u0442 \u0443\u0440\u043e\u0432\u043d\u044f \u0437\u043d\u0430\u043d\u0438\u0439 \u0438 \u043d\u0430\u0432\u044b\u043a\u043e\u0432 \u0443\u0447\u0430\u0441\u0442\u043d\u0438\u043a\u043e\u0432 \u0438 \u043c\u043e\u0436\u0435\u0442 \u0441\u043e\u0441\u0442\u0430\u0432\u043b\u044f\u0442\u044c \u043e\u0442 8-10 \u0434\u043e 20-35 \u0447\u0430\u0441\u043e\u0432. \u0423\u0447\u0430\u0441\u0442\u043d\u0438\u043a\u0438 \u043a\u0443\u0440\u0441\u0430 \u0438\u043d\u0444\u043e\u0440\u043c\u0438\u0440\u0443\u044e\u0442\u0441\u044f \u043e\u0431 \u044d\u0442\u043e\u043c \u0432\u043e \u0432\u0440\u0435\u043c\u044f \u0440\u0435\u0433\u0438\u0441\u0442\u0440\u0430\u0446\u0438\u0438.<\/p>\n<p>\u041d\u0430\u0448\u0438 \u043f\u0440\u0435\u043f\u043e\u0434\u0430\u0432\u0430\u0442\u0435\u043b\u0438 \u043f\u0440\u0435\u0434\u043e\u0441\u0442\u0430\u0432\u043b\u044f\u044e\u0442 \u0438\u043d\u0444\u043e\u0440\u043c\u0430\u0446\u0438\u044e, \u0432 \u0447\u0430\u0441\u0442\u043d\u043e\u0441\u0442\u0438, \u043f\u043e \u0441\u043b\u0435\u0434\u0443\u044e\u0449\u0438\u043c \u0432\u043e\u043f\u0440\u043e\u0441\u0430\u043c:<\/p>\n<ul>\n<li>\u0421\u0442\u0440\u0443\u043a\u0442\u0443\u0440\u0430 \u0438 \u043c\u0435\u0445\u0430\u043d\u0438\u0437\u043c \u0440\u0430\u0431\u043e\u0442\u044b \u043c\u043e\u0431\u0438\u043b\u044c\u043d\u043e\u0439 \u043c\u0430\u0447\u0442\u043e\u0432\u043e\u0439 \u043f\u043b\u0430\u0442\u0444\u043e\u0440\u043c\u044b<\/li>\n<li>\u041f\u0440\u0430\u0432\u0438\u043b\u0430 \u0431\u0435\u0437\u043e\u043f\u0430\u0441\u043d\u043e\u0441\u0442\u0438 \u0438 \u0441\u0432\u044f\u0437\u0430\u043d\u043d\u044b\u0435 \u0441 \u043d\u0438\u043c\u0438 \u043e\u0431\u044f\u0437\u0430\u043d\u043d\u043e\u0441\u0442\u0438 \u043e\u043f\u0435\u0440\u0430\u0442\u043e\u0440\u0430<\/li>\n<li>\u041f\u043e\u043b\u043e\u0436\u0435\u043d\u0438\u044f \u0438\u0437 \u0417\u0430\u043a\u043e\u043d\u0430 \u043e \u0442\u0435\u0445\u043d\u0438\u0447\u0435\u0441\u043a\u043e\u043c \u043d\u0430\u0434\u0437\u043e\u0440\u0435<\/li>\n<li>\u0420\u0430\u0431\u043e\u0442\u0430 \u0441 \u043d\u0435\u0441\u0442\u0430\u043d\u0434\u0430\u0440\u0442\u043d\u044b\u043c\u0438 \u0441\u0438\u0442\u0443\u0430\u0446\u0438\u044f\u043c\u0438: \u0447\u0440\u0435\u0437\u0432\u044b\u0447\u0430\u0439\u043d\u044b\u0435 \u0441\u0438\u0442\u0443\u0430\u0446\u0438\u0438, \u043d\u0435\u0441\u0447\u0430\u0441\u0442\u043d\u044b\u0435 \u0441\u043b\u0443\u0447\u0430\u0438<\/li>\n<\/ul>\n<p>\u0421\u043b\u0443\u0448\u0430\u0442\u0435\u043b\u0438 \u043a\u0443\u0440\u0441\u0430 \u043e\u043f\u0435\u0440\u0430\u0442\u043e\u0440\u0430 \u043c\u0430\u0447\u0442\u043e\u0432\u043e\u0439 \u043f\u043b\u0430\u0442\u0444\u043e\u0440\u043c\u044b \u0434\u043e\u043f\u043e\u043b\u043d\u0438\u0442\u0435\u043b\u044c\u043d\u043e \u043f\u0440\u0438\u043d\u0438\u043c\u0430\u044e\u0442 \u0443\u0447\u0430\u0441\u0442\u0438\u0435 \u0432 \u0443\u043f\u0440\u0430\u0436\u043d\u0435\u043d\u0438\u044f\u0445 \u043d\u0430 \u043c\u0430\u043d\u0435\u0432\u0440\u0435\u043d\u043d\u043e\u0439 \u043f\u043b\u043e\u0449\u0430\u0434\u043a\u0435. \u042d\u0442\u043e \u0432\u043e\u0437\u043c\u043e\u0436\u043d\u043e\u0441\u0442\u044c \u043d\u0430\u0443\u0447\u0438\u0442\u044c\u0441\u044f \u0440\u0430\u0431\u043e\u0442\u0430\u0442\u044c \u043d\u0430 \u043f\u0440\u0430\u043a\u0442\u0438\u043a\u0435 \u0438 \u043b\u0443\u0447\u0448\u0435 \u043e\u0437\u043d\u0430\u043a\u043e\u043c\u0438\u0442\u044c\u0441\u044f \u0441 \u043f\u0440\u0430\u0432\u0438\u043b\u0430\u043c\u0438 \u0431\u0435\u0437\u043e\u043f\u0430\u0441\u043d\u043e\u0441\u0442\u0438.<\/p>\n<p>\u041a\u0443\u0440\u0441 \u043e\u0431\u0443\u0447\u0435\u043d\u0438\u044f \u0437\u0430\u0432\u0435\u0440\u0448\u0430\u0435\u0442\u0441\u044f \u0438\u0442\u043e\u0433\u043e\u0432\u044b\u043c \u044d\u043a\u0437\u0430\u043c\u0435\u043d\u043e\u043c \u043f\u0435\u0440\u0435\u0434 \u043a\u043e\u043c\u0438\u0441\u0441\u0438\u0435\u0439 UDT. \u0420\u0430\u0437\u0440\u0435\u0448\u0435\u043d\u0438\u0435 \u0432\u044b\u0434\u0430\u0435\u0442\u0441\u044f \u0442\u0435\u043c, \u043a\u0442\u043e \u0441\u0434\u0430\u043b \u0442\u0435\u043e\u0440\u0435\u0442\u0438\u0447\u0435\u0441\u043a\u0443\u044e \u0438 \u043f\u0440\u0430\u043a\u0442\u0438\u0447\u0435\u0441\u043a\u0443\u044e \u0447\u0430\u0441\u0442\u0438 \u0441 \u043f\u043e\u043b\u043e\u0436\u0438\u0442\u0435\u043b\u044c\u043d\u044b\u043c \u0440\u0435\u0437\u0443\u043b\u044c\u0442\u0430\u0442\u043e\u043c.<br \/>\n<div style=\"width: 640px;\" class=\"wp-video\"><video id=\"video-2412-1\" width=\"640\" height=\"360\" poster=\"https:\/\/szkolenia-udt.pl\/wp-content\/uploads\/2023\/03\/okladka-podnosnik-OSO.jpg\" preload=\"metadata\" controls=\"controls\"><source type=\"video\/mp4\" src=\"https:\/\/szkolenia-udt.pl\/wp-content\/uploads\/2023\/03\/podnosnik-SZKOLENIA-UDT.PL-OSO.mp4?_=1\" \/><a href=\"https:\/\/szkolenia-udt.pl\/wp-content\/uploads\/2023\/03\/podnosnik-SZKOLENIA-UDT.PL-OSO.mp4\">https:\/\/szkolenia-udt.pl\/wp-content\/uploads\/2023\/03\/podnosnik-SZKOLENIA-UDT.PL-OSO.mp4<\/a><\/video><\/div>\n<h2>\u0412\u043e\u0437\u043c\u043e\u0436\u043d\u043e\u0441\u0442\u0438 \u0442\u0440\u0443\u0434\u043e\u0443\u0441\u0442\u0440\u043e\u0439\u0441\u0442\u0432\u0430 \u043f\u043e\u0441\u043b\u0435 \u043e\u043a\u043e\u043d\u0447\u0430\u043d\u0438\u044f \u043a\u0443\u0440\u0441\u0430<\/h2>\n<p>\u041f\u043e\u0441\u043b\u0435 \u0441\u0434\u0430\u0447\u0438 \u044d\u043a\u0437\u0430\u043c\u0435\u043d\u0430 \u0438 \u0437\u0430\u0432\u0435\u0440\u0448\u0435\u043d\u0438\u044f <a href=\"https:\/\/szkolenia-udt.pl\/ru\/kursy\/szkolenie-audytorskie-udt\/\">\u041e\u0431\u0443\u0447\u0435\u043d\u0438\u0435 UDT<\/a> \u043a\u0432\u0430\u043b\u0438\u0444\u0438\u043a\u0430\u0446\u0438\u0438 \u0433\u0440\u0430\u043d\u0442\u043e\u0432 \u0432 \u0442\u0435\u0447\u0435\u043d\u0438\u0435 10 \u043b\u0435\u0442. \u0418\u043c\u0435\u044f \u043a\u0432\u0430\u043b\u0438\u0444\u0438\u043a\u0430\u0446\u0438\u043e\u043d\u043d\u043e\u0435 \u0441\u0432\u0438\u0434\u0435\u0442\u0435\u043b\u044c\u0441\u0442\u0432\u043e, \u0432\u044b \u043c\u043e\u0436\u0435\u0442\u0435 \u0432\u044b\u043f\u043e\u043b\u043d\u044f\u0442\u044c \u0440\u0430\u0431\u043e\u0442\u044b \u043d\u0430 \u0432\u0441\u0435\u0439 \u0442\u0435\u0440\u0440\u0438\u0442\u043e\u0440\u0438\u0438 \u041f\u043e\u043b\u044c\u0448\u0438, \u0430 \u0442\u0430\u043a\u0436\u0435 \u0432 \u0431\u043e\u043b\u044c\u0448\u0438\u043d\u0441\u0442\u0432\u0435 \u0441\u0442\u0440\u0430\u043d \u0415\u0421.<\/p>\n<p>\u041c\u043e\u0431\u0438\u043b\u044c\u043d\u0430\u044f \u043c\u0430\u0447\u0442\u043e\u0432\u0430\u044f \u043f\u043b\u0430\u0442\u0444\u043e\u0440\u043c\u0430 - \u044d\u0442\u043e \u0443\u0441\u0442\u0440\u043e\u0439\u0441\u0442\u0432\u043e, \u043f\u043e\u0437\u0432\u043e\u043b\u044f\u044e\u0449\u0435\u0435 \u0434\u043e\u0441\u0442\u0430\u0432\u043b\u044f\u0442\u044c \u0440\u0430\u0431\u043e\u0447\u0438\u0445 \u043d\u0430 \u0432\u044b\u0441\u043e\u0442\u0443 \u043e\u0442 \u043d\u0435\u0441\u043a\u043e\u043b\u044c\u043a\u0438\u0445 \u0434\u043e \u043d\u0435\u0441\u043a\u043e\u043b\u044c\u043a\u0438\u0445 \u043c\u0435\u0442\u0440\u043e\u0432 \u043d\u0430 \u0440\u0430\u0431\u043e\u0447\u0435\u0435 \u043c\u0435\u0441\u0442\u043e. \u041c\u0435\u0445\u0430\u043d\u0438\u0437\u043c \u0435\u0433\u043e \u0440\u0430\u0431\u043e\u0442\u044b \u0441\u043b\u0435\u0434\u0443\u044e\u0449\u0438\u0439: \u043a\u043e\u0440\u0437\u0438\u043d\u0430 - \u0440\u0430\u0431\u043e\u0447\u0430\u044f \u043f\u043b\u0430\u0442\u0444\u043e\u0440\u043c\u0430 \u0434\u043b\u044f \u0442\u0440\u0430\u043d\u0441\u043f\u043e\u0440\u0442\u0438\u0440\u043e\u0432\u043a\u0438 \u0440\u0430\u0431\u043e\u0447\u0438\u0445 \u043f\u0435\u0440\u0435\u043c\u0435\u0449\u0430\u0435\u0442\u0441\u044f \u043f\u043e \u043c\u0435\u0442\u0430\u043b\u043b\u0438\u0447\u0435\u0441\u043a\u043e\u0439 \u043c\u0430\u0447\u0442\u0435 \u0441 \u043f\u043e\u043c\u043e\u0449\u044c\u044e \u043f\u0440\u0438\u0432\u043e\u0434\u0430 - \u0434\u043e\u043c\u043a\u0440\u0430\u0442\u0430. \u0423\u043f\u0440\u0430\u0432\u043b\u0435\u043d\u0438\u0435 \u043e\u0441\u0443\u0449\u0435\u0441\u0442\u0432\u043b\u044f\u0435\u0442\u0441\u044f \u0441 \u043f\u043e\u043c\u043e\u0449\u044c\u044e \u043f\u0430\u043d\u0435\u043b\u0438 \u0438\u043b\u0438 \u043f\u0443\u043b\u044c\u0442\u0430 \u0434\u0438\u0441\u0442\u0430\u043d\u0446\u0438\u043e\u043d\u043d\u043e\u0433\u043e \u0443\u043f\u0440\u0430\u0432\u043b\u0435\u043d\u0438\u044f. \u0412\u0441\u0435 \u044d\u0442\u043e \u043f\u043e\u043c\u0435\u0449\u0430\u0435\u0442\u0441\u044f \u043d\u0430 \u0448\u0430\u0441\u0441\u0438, \u043e\u0441\u043d\u0430\u0449\u0435\u043d\u043d\u043e\u0435 \u043a\u043e\u043b\u0435\u0441\u0430\u043c\u0438 \u0434\u043b\u044f \u0431\u0443\u043a\u0441\u0438\u0440\u043e\u0432\u043a\u0438 \u0438 \u043e\u043f\u043e\u0440\u0430\u043c\u0438 \u0434\u043b\u044f \u0441\u0442\u0430\u0431\u0438\u043b\u0438\u0437\u0430\u0446\u0438\u0438.<\/p>\n<p>\u042d\u0442\u043e \u043f\u0440\u0430\u043a\u0442\u0438\u0447\u043d\u043e\u0435 \u0438 \u043f\u0440\u043e\u0441\u0442\u043e\u0435 \u0432 \u0438\u0441\u043f\u043e\u043b\u044c\u0437\u043e\u0432\u0430\u043d\u0438\u0438 \u0443\u0441\u0442\u0440\u043e\u0439\u0441\u0442\u0432\u043e \u0438\u043c\u0435\u0435\u0442 \u043c\u043d\u043e\u0436\u0435\u0441\u0442\u0432\u043e \u043f\u0440\u0438\u043c\u0435\u043d\u0435\u043d\u0438\u0439 \u0432 \u0441\u0442\u0440\u043e\u0438\u0442\u0435\u043b\u044c\u043d\u043e\u0439 \u043e\u0442\u0440\u0430\u0441\u043b\u0438 \u0438 \u0434\u0440\u0443\u0433\u0438\u0445 \u0441\u0444\u0435\u0440\u0430\u0445. \u0412 \u0437\u0430\u0432\u0438\u0441\u0438\u043c\u043e\u0441\u0442\u0438 \u043e\u0442 \u043c\u043e\u0434\u0435\u043b\u0438 \u043c\u0430\u0447\u0442\u043e\u0432\u044b\u0435 \u043f\u043b\u0430\u0442\u0444\u043e\u0440\u043c\u044b \u043c\u043e\u0433\u0443\u0442 \u0438\u0441\u043f\u043e\u043b\u044c\u0437\u043e\u0432\u0430\u0442\u044c\u0441\u044f \u043a\u0430\u043a \u0432 \u043f\u043e\u043c\u0435\u0449\u0435\u043d\u0438\u0438, \u0442\u0430\u043a \u0438 \u043d\u0430 \u043e\u0442\u043a\u0440\u044b\u0442\u043e\u043c \u0432\u043e\u0437\u0434\u0443\u0445\u0435. \u041c\u0430\u0447\u0442\u0430 \u0441 \u0440\u0430\u0431\u043e\u0447\u0435\u0439 \u043f\u043b\u0430\u0442\u0444\u043e\u0440\u043c\u043e\u0439 \u043e\u0431\u0435\u0441\u043f\u0435\u0447\u0438\u0432\u0430\u0435\u0442 \u0442\u0440\u0430\u043d\u0441\u043f\u043e\u0440\u0442\u0438\u0440\u043e\u0432\u043a\u0443 \u0432\u043e \u0432\u0440\u0435\u043c\u044f \u0441\u0442\u0440\u043e\u0438\u0442\u0435\u043b\u044c\u043d\u044b\u0445 \u0440\u0430\u0431\u043e\u0442, \u043c\u043e\u043d\u0442\u0430\u0436\u0430 (\u0443\u0441\u0442\u0430\u043d\u043e\u0432\u043a\u0430 \u043e\u043a\u043e\u043d, \u0438\u043d\u0441\u0442\u0430\u043b\u043b\u044f\u0446\u0438\u0439, \u043e\u0441\u0432\u0435\u0449\u0435\u043d\u0438\u044f), \u0440\u0435\u043c\u043e\u043d\u0442\u0430 (\u0448\u0442\u0443\u043a\u0430\u0442\u0443\u0440\u043a\u0430, \u0438\u0437\u043e\u043b\u044f\u0446\u0438\u044f, \u043f\u043e\u043a\u0440\u0430\u0441\u043a\u0430), \u0430 \u0442\u0430\u043a\u0436\u0435 \u043e\u0431\u043b\u0435\u0433\u0447\u0430\u0435\u0442 \u0434\u043e\u0441\u0442\u0443\u043f \u043a \u0431\u043e\u043b\u0435\u0435 \u0432\u044b\u0441\u043e\u043a\u0438\u043c \u0433\u0440\u0443\u0437\u0430\u043c \u043d\u0430 \u0441\u043a\u043b\u0430\u0434\u0435.<\/p>\n<div class=\"filmw\">\n<div class=\"responsive-youtube\"><iframe loading=\"lazy\" title=\"\u0412\u0438\u0434\u0435\u043e\u043f\u043b\u0435\u0435\u0440 YouTube\" src=\"https:\/\/www.youtube.com\/embed\/OUKdY5V51M4\" width=\"560\" height=\"315\" frameborder=\"0\" allowfullscreen=\"allowfullscreen\"><\/iframe><\/div>\n<\/div>\n<h2>\u041f\u0440\u0430\u043a\u0442\u0438\u0447\u0435\u0441\u043a\u0430\u044f \u0438\u043d\u0444\u043e\u0440\u043c\u0430\u0446\u0438\u044f<\/h2>\n<p>\u041d\u0438\u0436\u0435 \u043f\u0440\u0438\u0432\u0435\u0434\u0435\u043d\u044b \u043e\u0440\u0433\u0430\u043d\u0438\u0437\u0430\u0446\u0438\u043e\u043d\u043d\u044b\u0435 \u0434\u0430\u043d\u043d\u044b\u0435 \u043f\u043e \u043e\u0431\u0443\u0447\u0435\u043d\u0438\u044e \u0434\u043b\u044f \u043c\u043e\u0431\u0438\u043b\u044c\u043d\u044b\u0445 \u043f\u043b\u0430\u0442\u0444\u043e\u0440\u043c (<a href=\"https:\/\/szkolenia-udt.pl\/ru\/oferta\/\">\u0446\u0435\u043d\u0430<\/a>, \u0443\u0441\u043b\u043e\u0432\u0438\u044f \u0443\u0447\u0430\u0441\u0442\u0438\u044f \u0438 \u0442.\u0434.):<\/p>\n<p>\u041e\u0431\u0443\u0447\u0435\u043d\u0438\u0435 \u043e\u0442\u043a\u0440\u044b\u0442\u043e \u0434\u043b\u044f \u0432\u0441\u0435\u0445 \u0432\u0437\u0440\u043e\u0441\u043b\u044b\u0445, \u043d\u0435 \u0438\u043c\u0435\u044e\u0449\u0438\u0445 \u043f\u0440\u043e\u0442\u0438\u0432\u043e\u043f\u043e\u043a\u0430\u0437\u0430\u043d\u0438\u0439 \u043f\u043e \u0437\u0434\u043e\u0440\u043e\u0432\u044c\u044e, \u0441 \u043e\u0431\u0440\u0430\u0437\u043e\u0432\u0430\u043d\u0438\u0435\u043c \u043d\u0435 \u043d\u0438\u0436\u0435 \u043d\u0430\u0447\u0430\u043b\u044c\u043d\u043e\u0439 \u0448\u043a\u043e\u043b\u044b.<\/p>\n<p>\u0417\u0430\u043d\u044f\u0442\u0438\u044f \u043f\u0440\u043e\u0432\u043e\u0434\u044f\u0442\u0441\u044f \u0432 \u0440\u0430\u0437\u043b\u0438\u0447\u043d\u044b\u0445 \u043c\u0435\u0441\u0442\u0430\u0445 \u043f\u043e \u0432\u0441\u0435\u0439 \u0441\u0442\u0440\u0430\u043d\u0435: \u043c\u044b \u043e\u0440\u0433\u0430\u043d\u0438\u0437\u0443\u0435\u043c \u043e\u0431\u0443\u0447\u0435\u043d\u0438\u0435 UDT \u0432 \u0412\u0430\u0440\u0448\u0430\u0432\u0435, \u041a\u0440\u0430\u043a\u043e\u0432\u0435, \u0421\u0438\u043b\u0435\u0437\u0438\u0438 \u0438 \u0434\u0440\u0443\u0433\u0438\u0445 \u043a\u0440\u0443\u043f\u043d\u044b\u0445 \u0433\u043e\u0440\u043e\u0434\u0430\u0445.<\/p>\n<p>\u0413\u0440\u0443\u043f\u043f\u044b \u043f\u0440\u043e\u0432\u043e\u0434\u044f\u0442\u0441\u044f 1-2 \u0440\u0430\u0437\u0430 \u0432 \u043c\u0435\u0441\u044f\u0446. \u0422\u0435\u043a\u0443\u0449\u0435\u0435 \u0440\u0430\u0441\u043f\u0438\u0441\u0430\u043d\u0438\u0435 \u043c\u043e\u0436\u043d\u043e \u043d\u0430\u0439\u0442\u0438 \u043d\u0430 \u0441\u0430\u0439\u0442\u0435 <a href=\"http:\/\/www.platformaedukacji.pl\">www.platformaedukacji.pl<\/a>. \u0417\u0434\u0435\u0441\u044c \u0436\u0435 \u0432\u044b \u043c\u043e\u0436\u0435\u0442\u0435 \u0437\u0430\u0431\u0440\u043e\u043d\u0438\u0440\u043e\u0432\u0430\u0442\u044c \u043c\u0435\u0441\u0442\u043e \u043d\u0430 \u0432\u044b\u0431\u0440\u0430\u043d\u043d\u0443\u044e \u0432\u0430\u043c\u0438 \u0434\u0430\u0442\u0443. \u041c\u044b \u0442\u0430\u043a\u0436\u0435 \u043f\u0440\u0438\u043d\u0438\u043c\u0430\u0435\u043c \u0437\u0430\u044f\u0432\u043a\u0438 \u043f\u043e \u0442\u0435\u043b\u0435\u0444\u043e\u043d\u0443 \u0438 \u044d\u043b\u0435\u043a\u0442\u0440\u043e\u043d\u043d\u043e\u0439 \u043f\u043e\u0447\u0442\u0435.<\/p>\n<p>\u0423\u0447\u0435\u0431\u043d\u044b\u0435 \u043a\u0443\u0440\u0441\u044b \u0442\u0430\u043a\u0436\u0435 \u043c\u043e\u0436\u043d\u043e \u043f\u043e\u0441\u0435\u0449\u0430\u0442\u044c \u0434\u0438\u0441\u0442\u0430\u043d\u0446\u0438\u043e\u043d\u043d\u043e. \u0412\u0435\u0431\u0438\u043d\u0430\u0440\u044b \u043f\u0440\u043e\u0432\u043e\u0434\u044f\u0442\u0441\u044f \u0432 \u043f\u0440\u044f\u043c\u043e\u043c \u044d\u0444\u0438\u0440\u0435 \u043d\u0430 \u043d\u0430\u0448\u0435\u0439 \u0443\u0447\u0435\u0431\u043d\u043e\u0439 \u043f\u043b\u0430\u0442\u0444\u043e\u0440\u043c\u0435. \u042d\u0442\u043e \u043e\u0442\u043d\u043e\u0441\u0438\u0442\u0441\u044f \u0442\u043e\u043b\u044c\u043a\u043e \u043a \u0442\u0435\u043e\u0440\u0435\u0442\u0438\u0447\u0435\u0441\u043a\u043e\u0439 \u0447\u0430\u0441\u0442\u0438, \u043f\u0440\u0430\u043a\u0442\u0438\u0447\u0435\u0441\u043a\u0430\u044f \u0447\u0430\u0441\u0442\u044c \u0434\u043e\u043b\u0436\u043d\u0430 \u0431\u044b\u0442\u044c \u0432\u044b\u043f\u043e\u043b\u043d\u0435\u043d\u0430 \u0441\u0442\u0430\u0446\u0438\u043e\u043d\u0430\u0440\u043d\u043e.<\/p>\n<p>\u0415\u0441\u043b\u0438 \u0432\u044b \u0437\u0430\u0438\u043d\u0442\u0435\u0440\u0435\u0441\u043e\u0432\u0430\u043d\u044b \u0432 \u043e\u0440\u0433\u0430\u043d\u0438\u0437\u0430\u0446\u0438\u0438 \u043e\u0431\u0443\u0447\u0435\u043d\u0438\u044f \u0434\u043b\u044f \u0441\u043e\u0442\u0440\u0443\u0434\u043d\u0438\u043a\u043e\u0432 \u0432\u0430\u0448\u0435\u0439 \u043a\u043e\u043c\u043f\u0430\u043d\u0438\u0438, <a href=\"https:\/\/szkolenia-udt.pl\/ru\/kontakt\/\">\u043f\u043e\u0436\u0430\u043b\u0443\u0439\u0441\u0442\u0430, \u0441\u0432\u044f\u0436\u0438\u0442\u0435\u0441\u044c \u0441 \u043d\u0430\u043c\u0438<\/a> \u043f\u043e \u044d\u043b\u0435\u043a\u0442\u0440\u043e\u043d\u043d\u043e\u0439 \u043f\u043e\u0447\u0442\u0435 \u0438\u043b\u0438 \u043f\u043e \u0442\u0435\u043b\u0435\u0444\u043e\u043d\u0443. \u041c\u044b \u0434\u043e\u0433\u043e\u0432\u043e\u0440\u0438\u043c\u0441\u044f \u043e\u0431 \u0443\u0434\u043e\u0431\u043d\u043e\u0439 \u0434\u0430\u0442\u0435 \u0438 \u043c\u0435\u0441\u0442\u0435. \u041c\u044b \u0442\u0430\u043a\u0436\u0435 \u043e\u0440\u0433\u0430\u043d\u0438\u0437\u0443\u0435\u043c \u043a\u0443\u0440\u0441\u044b \u043f\u043e \u0441\u0435\u0440\u0442\u0438\u0444\u0438\u043a\u0430\u0446\u0438\u0438 \u0432\u043e\u0437\u0434\u0443\u0448\u043d\u044b\u0445 \u0440\u0430\u0431\u043e\u0447\u0438\u0445 \u043f\u043b\u0430\u0442\u0444\u043e\u0440\u043c - \u043a\u043e\u0440\u0437\u0438\u043d\u043d\u044b\u0445 \u043f\u043e\u0434\u044a\u0435\u043c\u043d\u0438\u043a\u043e\u0432 (\u0441\u0430\u043c\u043e\u0445\u043e\u0434\u043d\u044b\u0445 \u043c\u043e\u0431\u0438\u043b\u044c\u043d\u044b\u0445 \u043f\u043b\u0430\u0442\u0444\u043e\u0440\u043c), \u043a\u0443\u0440\u0441\u044b \u043f\u043e \u043d\u043e\u0436\u043d\u0438\u0447\u043d\u044b\u043c \u043f\u043e\u0434\u044a\u0435\u043c\u043d\u0438\u043a\u0430\u043c \u0438 \u0434\u0440\u0443\u0433\u043e\u043c\u0443 \u043f\u043e\u0434\u044a\u0435\u043c\u043d\u043e-\u0442\u0440\u0430\u043d\u0441\u043f\u043e\u0440\u0442\u043d\u043e\u043c\u0443 \u043e\u0431\u043e\u0440\u0443\u0434\u043e\u0432\u0430\u043d\u0438\u044e.<\/p>\n<p><a href=\"https:\/\/szkolenia-udt.pl\/wp-content\/uploads\/2021\/08\/0020-oso-podesty-ruchome-masztowe-1.jpg\"><img loading=\"lazy\" decoding=\"async\" class=\"alignnone wp-image-2414 size-large\" src=\"https:\/\/szkolenia-udt.pl\/wp-content\/uploads\/2021\/08\/0020-oso-podesty-ruchome-masztowe-1-1024x853.jpg\" alt=\"\u0412 \u043c\u043e\u0431\u0438\u043b\u044c\u043d\u043e\u0439 \u043c\u0430\u0447\u0442\u043e\u0432\u043e\u0439 \u043f\u043b\u0430\u0442\u0444\u043e\u0440\u043c\u0435 \u0440\u0430\u0431\u043e\u0447\u0430\u044f \u043f\u043b\u0430\u0442\u0444\u043e\u0440\u043c\u0430 \u043f\u0435\u0440\u0435\u043c\u0435\u0449\u0430\u0435\u0442\u0441\u044f \u0432\u0434\u043e\u043b\u044c \u043c\u0430\u0447\u0442\u044b\" width=\"750\" height=\"625\" srcset=\"https:\/\/szkolenia-udt.pl\/wp-content\/uploads\/2021\/08\/0020-oso-podesty-ruchome-masztowe-1-1024x853.jpg 1024w, https:\/\/szkolenia-udt.pl\/wp-content\/uploads\/2021\/08\/0020-oso-podesty-ruchome-masztowe-1-300x250.jpg 300w, https:\/\/szkolenia-udt.pl\/wp-content\/uploads\/2021\/08\/0020-oso-podesty-ruchome-masztowe-1-768x640.jpg 768w, https:\/\/szkolenia-udt.pl\/wp-content\/uploads\/2021\/08\/0020-oso-podesty-ruchome-masztowe-1.jpg 1200w\" sizes=\"auto, (max-width: 750px) 100vw, 750px\" \/><\/a><\/p>","protected":false},"excerpt":{"rendered":"<p>Szkolenie stworzyli\u015bmy z my\u015bl\u0105 o osobach, kt\u00f3re chcia\u0142yby zdoby\u0107 specjalistyczn\u0105 wiedz\u0119 w zakresie eksploatacji, a nast\u0119pnie uzyska\u0107 potrzebne do pracy uprawnienia UDT na podesty ruchome stacjonarne. Kurs jest przygotowaniem do egzaminu pa\u0144stwowego, a jednocze\u015bnie w praktyczny spos\u00f3b uczy bezpiecznej, zgodnej z przepisami obs\u0142ugi urz\u0105dze\u0144. Tak przygotowani operatorzy s\u0105 specjalistami poszukiwanymi na rynku pracy i mog\u0105 [&hellip;]<\/p>\n","protected":false},"author":3,"featured_media":2497,"parent":2266,"menu_order":0,"comment_status":"closed","ping_status":"closed","template":"","meta":{"footnotes":""},"class_list":["post-2412","page","type-page","status-publish","has-post-thumbnail","hentry"],"aioseo_notices":[],"_links":{"self":[{"href":"https:\/\/szkolenia-udt.pl\/ru\/wp-json\/wp\/v2\/pages\/2412","targetHints":{"allow":["GET"]}}],"collection":[{"href":"https:\/\/szkolenia-udt.pl\/ru\/wp-json\/wp\/v2\/pages"}],"about":[{"href":"https:\/\/szkolenia-udt.pl\/ru\/wp-json\/wp\/v2\/types\/page"}],"author":[{"embeddable":true,"href":"https:\/\/szkolenia-udt.pl\/ru\/wp-json\/wp\/v2\/users\/3"}],"replies":[{"embeddable":true,"href":"https:\/\/szkolenia-udt.pl\/ru\/wp-json\/wp\/v2\/comments?post=2412"}],"version-history":[{"count":4,"href":"https:\/\/szkolenia-udt.pl\/ru\/wp-json\/wp\/v2\/pages\/2412\/revisions"}],"predecessor-version":[{"id":4521,"href":"https:\/\/szkolenia-udt.pl\/ru\/wp-json\/wp\/v2\/pages\/2412\/revisions\/4521"}],"up":[{"embeddable":true,"href":"https:\/\/szkolenia-udt.pl\/ru\/wp-json\/wp\/v2\/pages\/2266"}],"wp:featuredmedia":[{"embeddable":true,"href":"https:\/\/szkolenia-udt.pl\/ru\/wp-json\/wp\/v2\/media\/2497"}],"wp:attachment":[{"href":"https:\/\/szkolenia-udt.pl\/ru\/wp-json\/wp\/v2\/media?parent=2412"}],"curies":[{"name":"wp","href":"https:\/\/api.w.org\/{rel}","templated":true}]}}