{"id":242,"date":"2014-10-08T17:09:07","date_gmt":"2014-10-08T17:09:07","guid":{"rendered":"http:\/\/szkolenia-udt.pl\/?page_id=242"},"modified":"2021-08-31T22:04:16","modified_gmt":"2021-08-31T22:04:16","slug":"%d0%bf%d1%80%d0%b0%d0%b2%d0%b0%d1%8f-%d0%bf%d0%be%d0%b2%d0%b5%d1%80%d1%85%d0%bd%d0%be%d1%81%d1%82%d1%8c-%d0%b4%d0%b2%d0%b8%d0%b6%d1%83%d1%89%d0%b8%d0%b5%d1%81%d1%8f-%d1%81%d1%82%d0%b5%d1%80%d0%b6","status":"publish","type":"page","link":"https:\/\/szkolenia-udt.pl\/ru\/kursy\/podesty-ruchome\/prawidlowa-nawierzchnia-pod-podesty-ruchome\/","title":{"rendered":"\u041f\u0440\u0430\u0432\u0438\u043b\u044c\u043d\u0430\u044f \u0443\u043a\u043b\u0430\u0434\u043a\u0430 \u0434\u043b\u044f \u043c\u043e\u0431\u0438\u043b\u044c\u043d\u044b\u0445 \u043f\u043b\u0430\u0442\u0444\u043e\u0440\u043c"},"content":{"rendered":"<div style=\"float: left; padding-right: 10px;\"><div id=\"metaslider-id-1412\" style=\"max-width: 300px;\" class=\"ml-slider-3-108-0 metaslider metaslider-flex metaslider-1412 ml-slider ms-theme-default nav-hidden\" role=\"region\" aria-label=\"\u043f\u043e\u0432\u0435\u0440\u0445\u043d\u043e\u0441\u0442\u0438\" data-height=\"225\" data-width=\"300\">\n    <div id=\"metaslider_container_1412\">\n        <div id=\"metaslider_1412\">\n            <ul class='slides'>\n                <li style=\"display: block; width: 100%;\" class=\"slide-1410 ms-image\" aria-roledescription=\"slide\" data-date=\"2015-07-10 14:50:45\" data-filename=\"resnawierzchnia-200ATJ_008.jpg\" data-slide-type=\"image\"><img loading=\"lazy\" decoding=\"async\" src=\"https:\/\/szkolenia-udt.pl\/wp-content\/uploads\/2015\/07\/resnawierzchnia-200ATJ_008.jpg\" height=\"225\" width=\"300\" alt=\"\" class=\"slider-1412 slide-1410 msDefaultImage\" \/><\/li>\n                <li style=\"display: none; width: 100%;\" class=\"slide-1411 ms-image\" aria-roledescription=\"slide\" data-date=\"2015-07-10 14:50:46\" data-filename=\"resnawierzchnia-456.png\" data-slide-type=\"image\"><img loading=\"lazy\" decoding=\"async\" src=\"https:\/\/szkolenia-udt.pl\/wp-content\/uploads\/2015\/07\/resnawierzchnia-456.png\" height=\"225\" width=\"300\" alt=\"\" class=\"slider-1412 slide-1411 msDefaultImage\" \/><\/li>\n                <li style=\"display: none; width: 100%;\" class=\"slide-1409 ms-image\" aria-roledescription=\"slide\" data-date=\"2015-07-10 14:50:44\" data-filename=\"resnawierzchnia-188.png\" data-slide-type=\"image\"><img loading=\"lazy\" decoding=\"async\" src=\"https:\/\/szkolenia-udt.pl\/wp-content\/uploads\/2015\/07\/resnawierzchnia-188.png\" height=\"225\" width=\"300\" alt=\"\" class=\"slider-1412 slide-1409 msDefaultImage\" \/><\/li>\n                <li style=\"display: none; width: 100%;\" class=\"slide-1408 ms-image\" aria-roledescription=\"slide\" data-date=\"2015-07-10 14:50:43\" data-filename=\"resnawierzchnia-160atj.jpg\" data-slide-type=\"image\"><img loading=\"lazy\" decoding=\"async\" src=\"https:\/\/szkolenia-udt.pl\/wp-content\/uploads\/2015\/07\/resnawierzchnia-160atj.jpg\" height=\"225\" width=\"300\" alt=\"\" class=\"slider-1412 slide-1408 msDefaultImage\" \/><\/li>\n                <li style=\"display: none; width: 100%;\" class=\"slide-1407 ms-image\" aria-roledescription=\"slide\" data-date=\"2015-07-10 14:50:42\" data-filename=\"resnawierzchnia-156.png\" data-slide-type=\"image\"><img loading=\"lazy\" decoding=\"async\" src=\"https:\/\/szkolenia-udt.pl\/wp-content\/uploads\/2015\/07\/resnawierzchnia-156.png\" height=\"225\" width=\"300\" alt=\"\" class=\"slider-1412 slide-1407 msDefaultImage\" \/><\/li>\n                <li style=\"display: none; width: 100%;\" class=\"slide-1406 ms-image\" aria-roledescription=\"slide\" data-date=\"2015-07-10 14:50:41\" data-filename=\"resnawierzchnia-132.png\" data-slide-type=\"image\"><img loading=\"lazy\" decoding=\"async\" src=\"https:\/\/szkolenia-udt.pl\/wp-content\/uploads\/2015\/07\/resnawierzchnia-132.png\" height=\"225\" width=\"300\" alt=\"\" class=\"slider-1412 slide-1406 msDefaultImage\" \/><\/li>\n            <\/ul>\n        <\/div>\n        \n    <\/div>\n<\/div><\/div>\n<div class=\"wyjustuj\">\n<p>\u042d\u0441\u043a\u0430\u043b\u0430\u0442\u043e\u0440\u044b \u0434\u043e\u043b\u0436\u043d\u044b \u0438\u0441\u043f\u043e\u043b\u044c\u0437\u043e\u0432\u0430\u0442\u044c\u0441\u044f \u0442\u043e\u043b\u044c\u043a\u043e \u043d\u0430 \u043f\u0440\u0438\u0441\u043f\u043e\u0441\u043e\u0431\u043b\u0435\u043d\u043d\u044b\u0445 \u0434\u043b\u044f \u044d\u0442\u043e\u0433\u043e \u043f\u043e\u0432\u0435\u0440\u0445\u043d\u043e\u0441\u0442\u044f\u0445. \u042d\u0442\u043e \u043e\u0434\u043d\u043e \u0438\u0437 \u043e\u0441\u043d\u043e\u0432\u043d\u044b\u0445 \u043f\u0440\u0430\u0432\u0438\u043b \u0431\u0435\u0437\u043e\u043f\u0430\u0441\u043d\u043e\u0441\u0442\u0438 \u043f\u0440\u0438 \u0440\u0430\u0431\u043e\u0442\u0435 \u0441 \u044d\u0442\u0438\u043c\u0438 \u0443\u0441\u0442\u0440\u043e\u0439\u0441\u0442\u0432\u0430\u043c\u0438. \u041d\u0435\u0441\u043e\u0431\u043b\u044e\u0434\u0435\u043d\u0438\u0435 \u044d\u0442\u0438\u0445 \u043f\u0440\u0430\u0432\u0438\u043b \u043f\u043e\u0432\u044b\u0448\u0430\u0435\u0442 \u0440\u0438\u0441\u043a \u043d\u0435\u0441\u0447\u0430\u0441\u0442\u043d\u044b\u0445 \u0441\u043b\u0443\u0447\u0430\u0435\u0432 \u043d\u0430 \u043f\u0440\u043e\u0438\u0437\u0432\u043e\u0434\u0441\u0442\u0432\u0435. \u041d\u0430\u0448 \u043a\u0443\u0440\u0441 \u043f\u043e \u0432\u043e\u0437\u0434\u0443\u0448\u043d\u044b\u043c \u0440\u0430\u0431\u043e\u0447\u0438\u043c \u043f\u043b\u0430\u0442\u0444\u043e\u0440\u043c\u0430\u043c \u0437\u043d\u0430\u043a\u043e\u043c\u0438\u0442 \u0443\u0447\u0430\u0441\u0442\u043d\u0438\u043a\u043e\u0432 \u0441\u043e \u0432\u0441\u0435\u043c\u0438 \u043f\u0440\u043e\u0446\u0435\u0434\u0443\u0440\u0430\u043c\u0438, \u0441\u0432\u044f\u0437\u0430\u043d\u043d\u044b\u043c\u0438 \u0441 \u0432\u044b\u0431\u043e\u0440\u043e\u043c \u0438 \u043f\u043e\u0434\u0433\u043e\u0442\u043e\u0432\u043a\u043e\u0439 \u043f\u043e\u0432\u0435\u0440\u0445\u043d\u043e\u0441\u0442\u0438, \u0447\u0442\u043e \u0432\u043b\u0438\u044f\u0435\u0442 \u043d\u0430 \u0431\u0435\u0437\u043e\u043f\u0430\u0441\u043d\u043e\u0435 \u0438\u0441\u043f\u043e\u043b\u044c\u0437\u043e\u0432\u0430\u043d\u0438\u0435 \u043e\u0431\u043e\u0440\u0443\u0434\u043e\u0432\u0430\u043d\u0438\u044f, \u0430 \u0442\u0430\u043a\u0436\u0435 \u043d\u0430 \u0443\u0434\u043e\u0431\u0441\u0442\u0432\u043e \u0438 \u0441\u043a\u043e\u0440\u043e\u0441\u0442\u044c \u0435\u0433\u043e \u043f\u0435\u0440\u0435\u043c\u0435\u0449\u0435\u043d\u0438\u044f. \u042d\u0442\u043e \u043d\u0435 \u043e\u0442\u043d\u043e\u0441\u0438\u0442\u0441\u044f \u043a \u0442\u0430\u043a\u043e\u043c\u0443 \u043e\u0431\u043e\u0440\u0443\u0434\u043e\u0432\u0430\u043d\u0438\u044e, \u043a\u0430\u043a \u043f\u043e\u0434\u0432\u0435\u0441\u043d\u044b\u0435 \u043f\u043b\u0430\u0442\u0444\u043e\u0440\u043c\u044b, \u043d\u043e \u043e\u043f\u0435\u0440\u0430\u0442\u043e\u0440 \u0442\u0430\u043a\u0436\u0435 \u0434\u043e\u043b\u0436\u0435\u043d \u043f\u043e\u0441\u0442\u043e\u044f\u043d\u043d\u043e \u043f\u0440\u043e\u0432\u0435\u0440\u044f\u0442\u044c \u043e\u043a\u0440\u0443\u0436\u0430\u044e\u0449\u0435\u0435 \u043f\u0440\u043e\u0441\u0442\u0440\u0430\u043d\u0441\u0442\u0432\u043e, \u0447\u0442\u043e\u0431\u044b \u0438\u0437\u0431\u0435\u0436\u0430\u0442\u044c \u043d\u0435\u0441\u0447\u0430\u0441\u0442\u043d\u044b\u0445 \u0441\u043b\u0443\u0447\u0430\u0435\u0432. \u0412 \u043d\u0430\u0441\u0442\u043e\u044f\u0449\u0435\u0435 \u0432\u0440\u0435\u043c\u044f \u0438\u0441\u043f\u043e\u043b\u044c\u0437\u0443\u044e\u0442\u0441\u044f \u0440\u0430\u0437\u043b\u0438\u0447\u043d\u044b\u0435 \u0442\u0438\u043f\u044b \u043c\u043e\u0431\u0438\u043b\u044c\u043d\u044b\u0445 \u043f\u043b\u0430\u0442\u0444\u043e\u0440\u043c, \u043d\u0435\u043a\u043e\u0442\u043e\u0440\u044b\u0435 \u0438\u0437 \u043a\u043e\u0442\u043e\u0440\u044b\u0445 \u0441\u043f\u0435\u0446\u0438\u0430\u043b\u044c\u043d\u043e \u043f\u0440\u0438\u0441\u043f\u043e\u0441\u043e\u0431\u043b\u0435\u043d\u044b \u0434\u043b\u044f \u0438\u0441\u043f\u043e\u043b\u044c\u0437\u043e\u0432\u0430\u043d\u0438\u044f \u043d\u0430 \u0441\u043b\u043e\u0436\u043d\u044b\u0445 \u043f\u043e\u0432\u0435\u0440\u0445\u043d\u043e\u0441\u0442\u044f\u0445.<\/p>\n<p>\u041f\u043e\u0432\u0435\u0440\u0445\u043d\u043e\u0441\u0442\u044c \u0434\u043e\u043b\u0436\u043d\u0430 \u0431\u044b\u0442\u044c \u0443\u0441\u0442\u043e\u0439\u0447\u0438\u0432\u043e\u0439 \u0438 \u043a\u043e\u043c\u043f\u0430\u043a\u0442\u043d\u043e\u0439, \u0447\u0442\u043e\u0431\u044b \u043d\u0435 \u0443\u0432\u0435\u043b\u0438\u0447\u0438\u0432\u0430\u0442\u044c \u0440\u0438\u0441\u043a \u043d\u0435\u0441\u0447\u0430\u0441\u0442\u043d\u044b\u0445 \u0441\u043b\u0443\u0447\u0430\u0435\u0432 \u043f\u0440\u0438 \u0440\u0430\u0431\u043e\u0442\u0435. \u041a\u0430\u0436\u0434\u044b\u0439 \u043d\u043e\u0436\u043d\u0438\u0447\u043d\u044b\u0439, \u043a\u043e\u0440\u0437\u0438\u043d\u043d\u044b\u0439, \u043a\u043e\u043b\u043e\u043d\u043d\u044b\u0439 \u0438\u043b\u0438 \u0434\u0440\u0443\u0433\u043e\u0439 \u0442\u0438\u043f \u043f\u0435\u0440\u0435\u0434\u0432\u0438\u0436\u043d\u043e\u0439 \u043f\u043b\u0430\u0442\u0444\u043e\u0440\u043c\u044b \u0434\u043e\u043b\u0436\u0435\u043d \u0431\u044b\u0442\u044c \u043f\u0440\u043e\u0432\u0435\u0440\u0435\u043d \u043f\u0435\u0440\u0435\u0434 \u0438\u0441\u043f\u043e\u043b\u044c\u0437\u043e\u0432\u0430\u043d\u0438\u0435\u043c. \u041d\u043e\u0436\u043d\u0438\u0447\u043d\u044b\u0435, \u043a\u043e\u0440\u0437\u0438\u043d\u043d\u044b\u0435 \u0438 \u0434\u0440\u0443\u0433\u0438\u0435 \u0442\u0438\u043f\u044b \u043f\u043e\u0434\u044a\u0435\u043c\u043d\u0438\u043a\u043e\u0432 \u0438\u043c\u0435\u044e\u0442 \u0441\u0432\u043e\u0438 \u0442\u0440\u0435\u0431\u043e\u0432\u0430\u043d\u0438\u044f \u043a \u0438\u0441\u043f\u043e\u043b\u044c\u0437\u043e\u0432\u0430\u043d\u0438\u044e, \u043f\u043e\u044d\u0442\u043e\u043c\u0443 \u043d\u0435\u043e\u0431\u0445\u043e\u0434\u0438\u043c\u043e \u043f\u0440\u043e\u0432\u0435\u0440\u0438\u0442\u044c \u043f\u043e\u0432\u0435\u0440\u0445\u043d\u043e\u0441\u0442\u0438, \u043d\u0430 \u043a\u043e\u0442\u043e\u0440\u044b\u0445 \u043e\u043d\u0438 \u043c\u043e\u0433\u0443\u0442 \u0438\u0441\u043f\u043e\u043b\u044c\u0437\u043e\u0432\u0430\u0442\u044c\u0441\u044f. \u041e\u0431\u043e\u0440\u0443\u0434\u043e\u0432\u0430\u043d\u0438\u0435 \u0434\u043e\u043b\u0436\u043d\u043e \u043f\u043e\u0434\u0445\u043e\u0434\u0438\u0442\u044c \u0434\u043b\u044f \u0434\u0430\u043d\u043d\u043e\u0439 \u043f\u043e\u0432\u0435\u0440\u0445\u043d\u043e\u0441\u0442\u0438, \u0430 \u0435\u0441\u043b\u0438 \u043f\u0440\u0438 \u0441\u0442\u043e\u043b\u043a\u043d\u043e\u0432\u0435\u043d\u0438\u0438 \u0441 \u043f\u0440\u0435\u043f\u044f\u0442\u0441\u0442\u0432\u0438\u044f\u043c\u0438 \u043f\u043e\u0432\u0435\u0440\u0445\u043d\u043e\u0441\u0442\u044c \u0431\u0443\u0434\u0435\u0442 \u043f\u043e\u0432\u0440\u0435\u0436\u0434\u0435\u043d\u0430, \u0435\u0435 \u0442\u0430\u043a\u0436\u0435 \u0441\u043b\u0435\u0434\u0443\u0435\u0442 \u0434\u043e\u043b\u0436\u043d\u044b\u043c \u043e\u0431\u0440\u0430\u0437\u043e\u043c \u043f\u043e\u0434\u0433\u043e\u0442\u043e\u0432\u0438\u0442\u044c.<\/p>\n<p>\u0412\u0438\u0437\u0443\u0430\u043b\u044c\u043d\u044b\u0439 \u043e\u0441\u043c\u043e\u0442\u0440 \u043c\u043e\u0436\u0435\u0442 \u043e\u043f\u0440\u0435\u0434\u0435\u043b\u0438\u0442\u044c \u0442\u0438\u043f \u0434\u043e\u0440\u043e\u0436\u043d\u043e\u0433\u043e \u043f\u043e\u043a\u0440\u044b\u0442\u0438\u044f, \u043d\u043e \u0432 \u043d\u0435\u043a\u043e\u0442\u043e\u0440\u044b\u0445 \u0441\u043b\u0443\u0447\u0430\u044f\u0445 \u0438\u0441\u043f\u043e\u043b\u044c\u0437\u0443\u0435\u0442\u0441\u044f \u0433\u0435\u043e\u0445\u0438\u043c\u0438\u0447\u0435\u0441\u043a\u043e\u0435 \u0442\u0435\u0441\u0442\u0438\u0440\u043e\u0432\u0430\u043d\u0438\u0435. \u041a\u0440\u043e\u043c\u0435 \u0442\u043e\u0433\u043e, \u043d\u0430 \u0441\u043e\u0441\u0442\u043e\u044f\u043d\u0438\u0435 \u0442\u0440\u043e\u0442\u0443\u0430\u0440\u0430 \u0432\u043b\u0438\u044f\u0435\u0442 \u043f\u043e\u0433\u043e\u0434\u0430, \u043e\u0441\u043e\u0431\u0435\u043d\u043d\u043e \u0434\u043e\u0436\u0434\u0438 \u0438 \u0441\u043d\u0435\u0433\u043e\u043f\u0430\u0434\u044b, \u043a\u043e\u0442\u043e\u0440\u044b\u0435 \u043c\u043e\u0433\u0443\u0442 \u0432\u044b\u0437\u0432\u0430\u0442\u044c \u0437\u0430\u0431\u043e\u043b\u0430\u0447\u0438\u0432\u0430\u043d\u0438\u0435 \u0442\u0435\u0440\u0440\u0438\u0442\u043e\u0440\u0438\u0438.<\/p>\n<h2 class=\"boldnagl\"><strong>\u0412\u0438\u0434\u044b \u0434\u043e\u0440\u043e\u0436\u043d\u044b\u0445 \u043f\u043e\u043a\u0440\u044b\u0442\u0438\u0439 \u0438 \u0440\u0438\u0441\u043a\u0438, \u0441\u0432\u044f\u0437\u0430\u043d\u043d\u044b\u0435 \u0441 \u0438\u0445 \u0438\u0441\u043f\u043e\u043b\u044c\u0437\u043e\u0432\u0430\u043d\u0438\u0435\u043c:<\/strong><\/h2>\n<ul>\n<li>\u0411\u0440\u0443\u0441\u0447\u0430\u0442\u043a\u0430, \u0431\u0435\u0442\u043e\u043d, \u0430\u0441\u0444\u0430\u043b\u044c\u0442 - \u0432 \u043e\u0441\u043d\u043e\u0432\u043d\u043e\u043c \u0431\u0435\u0437\u043e\u043f\u0430\u0441\u043d\u044b, \u0441\u043b\u0435\u0434\u0443\u0435\u0442 \u0441\u043e\u0431\u043b\u044e\u0434\u0430\u0442\u044c \u043e\u0441\u0442\u043e\u0440\u043e\u0436\u043d\u043e\u0441\u0442\u044c \u043f\u0440\u0438 \u0440\u0430\u0437\u043c\u0435\u0449\u0435\u043d\u0438\u0438 \u043f\u043b\u0430\u0442\u0444\u043e\u0440\u043c\u044b \u043d\u0430 \u043a\u0440\u0430\u044f\u0445 \u0442\u0440\u043e\u0442\u0443\u0430\u0440\u0430, \u043e\u043f\u0430\u0441\u043d\u043e\u0441\u0442\u044c \u043f\u0440\u0435\u0434\u0441\u0442\u0430\u0432\u043b\u044f\u044e\u0442 \u0442\u0430\u043a\u0436\u0435 \u0440\u0430\u0437\u043c\u044b\u0432\u0430\u043d\u0438\u0435 \u0442\u0435\u0440\u0440\u0438\u0442\u043e\u0440\u0438\u0438 \u0438 \u0433\u0440\u044f\u0437\u044c<\/li>\n<li>\u0422\u0440\u0430\u0432\u044f\u043d\u0438\u0441\u0442\u044b\u0435 \u0443\u0447\u0430\u0441\u0442\u043a\u0438 - \u043e\u0442\u043d\u043e\u0441\u0438\u0442\u0435\u043b\u044c\u043d\u043e \u0431\u0435\u0437\u043e\u043f\u0430\u0441\u043d\u044b, \u0434\u043e\u043b\u0436\u043d\u044b \u0431\u044b\u0442\u044c \u043f\u043b\u043e\u0441\u043a\u0438\u043c\u0438 \u0438\u043b\u0438 \u0434\u043e\u0441\u0442\u0430\u0442\u043e\u0447\u043d\u043e \u0440\u043e\u0432\u043d\u044b\u043c\u0438, \u0441\u043b\u0435\u0434\u0443\u0435\u0442 \u0441\u043e\u0431\u043b\u044e\u0434\u0430\u0442\u044c \u043e\u0441\u0442\u043e\u0440\u043e\u0436\u043d\u043e\u0441\u0442\u044c \u0432 \u043e\u0442\u043d\u043e\u0448\u0435\u043d\u0438\u0438 \u043f\u0440\u043e\u043c\u044b\u0442\u044b\u0445 \u0443\u0447\u0430\u0441\u0442\u043a\u043e\u0432 \u0438 \u0432\u043e\u0434\u043e\u0435\u043c\u043e\u0432<\/li>\n<li>\u041f\u0430\u043b\u044b - \u043f\u0440\u043e\u0432\u0435\u0440\u043a\u0430 \u043f\u0440\u043e\u0441\u0442\u0440\u0430\u043d\u0441\u0442\u0432\u0430 \u043d\u0430 \u043d\u0430\u043b\u0438\u0447\u0438\u0435 \u043d\u0435\u043e\u0431\u043e\u0437\u043d\u0430\u0447\u0435\u043d\u043d\u044b\u0445 \u044f\u043c \u0438 \u0441\u043e\u043e\u0440\u0443\u0436\u0435\u043d\u0438\u0439<\/li>\n<li>\u0433\u043e\u0440\u043e\u0434\u0441\u043a\u0438\u0435 \u0440\u0430\u0439\u043e\u043d\u044b - \u043f\u0440\u0438 \u0440\u0430\u0437\u0432\u0435\u0440\u0442\u044b\u0432\u0430\u043d\u0438\u0438 \u043f\u043b\u0430\u0442\u0444\u043e\u0440\u043c\u044b \u043f\u0440\u043e\u0432\u0435\u0440\u044c\u0442\u0435, \u043d\u0435\u0442 \u043b\u0438 \u043f\u043e\u0431\u043b\u0438\u0437\u043e\u0441\u0442\u0438 \u043a\u0430\u043d\u0430\u043b\u0438\u0437\u0430\u0446\u0438\u043e\u043d\u043d\u044b\u0445 \u043b\u044e\u043a\u043e\u0432, \u043a\u043e\u043b\u043b\u0435\u043a\u0442\u043e\u0440\u043e\u0432, \u0442\u043e\u043d\u043d\u0435\u043b\u0435\u0439, \u044f\u043c, \u043f\u043e\u0434\u0432\u0430\u043b\u043e\u0432<\/li>\n<li>\u043f\u043b\u044f\u0436\u0438 - \u0441\u043b\u043e\u0436\u043d\u044b\u0439 \u0440\u0435\u043b\u044c\u0435\u0444, \u0442\u0440\u0435\u0431\u0443\u044e\u0449\u0438\u0439 \u0441\u043f\u0435\u0446\u0438\u0430\u043b\u044c\u043d\u043e\u0439 \u043f\u043e\u0434\u0433\u043e\u0442\u043e\u0432\u043a\u0438 \u0438\u0437-\u0437\u0430 \u0440\u044b\u0445\u043b\u043e\u0433\u043e \u043f\u0435\u0441\u043a\u0430 \u0438 \u0440\u0438\u0441\u043a\u0430 \u0440\u0430\u0437\u043c\u044b\u0432\u0430<\/li>\n<\/ul>\n<p>\u0411\u043e\u0440\u0442\u0430 \u043e\u0431\u044b\u0447\u043d\u043e \u0438\u0441\u043f\u043e\u043b\u044c\u0437\u0443\u044e\u0442\u0441\u044f \u0434\u043b\u044f \u0432\u044b\u0440\u0430\u0432\u043d\u0438\u0432\u0430\u043d\u0438\u044f \u0438 \u0441\u0442\u0430\u0431\u0438\u043b\u0438\u0437\u0430\u0446\u0438\u0438 \u043f\u043e\u0432\u0435\u0440\u0445\u043d\u043e\u0441\u0442\u0438 \u0434\u043b\u044f \u043d\u043e\u0436\u043d\u0438\u0447\u043d\u044b\u0445, \u043a\u043e\u0440\u0437\u0438\u043d\u043d\u044b\u0445 \u0438 \u0434\u0440\u0443\u0433\u0438\u0445 \u0442\u0438\u043f\u043e\u0432 \u043f\u043b\u0430\u0442\u0444\u043e\u0440\u043c. \u0415\u0441\u043b\u0438 \u0438\u0441\u043f\u043e\u043b\u044c\u0437\u0443\u044e\u0442\u0441\u044f \u0434\u0435\u0440\u0435\u0432\u044f\u043d\u043d\u044b\u0435 \u043f\u043b\u0430\u0442\u0444\u043e\u0440\u043c\u044b, \u0442\u043e \u043f\u0435\u0440\u0435\u0434 \u0438\u0441\u043f\u043e\u043b\u044c\u0437\u043e\u0432\u0430\u043d\u0438\u0435\u043c \u0438\u0445 \u0441\u043b\u0435\u0434\u0443\u0435\u0442 \u0442\u0449\u0430\u0442\u0435\u043b\u044c\u043d\u043e \u043f\u0440\u043e\u0432\u0435\u0440\u0438\u0442\u044c.<\/p>\n<p>\u0412\u044b\u0431\u0438\u0440\u0430\u044f \u043d\u0430\u0448 <a href=\"https:\/\/szkolenia-udt.pl\/ru\/kursy\/uprawnienia-udt-tdt-wdt\/kurs-podnosnik-koszowy\/\">\u043a\u0443\u0440\u0441 \u043f\u043e \u0440\u0430\u0431\u043e\u0442\u0435 \u0441 \u0432\u043e\u0437\u0434\u0443\u0448\u043d\u044b\u043c\u0438 \u043f\u043b\u0430\u0442\u0444\u043e\u0440\u043c\u0430\u043c\u0438<\/a>, \u043d\u043e\u0436\u043d\u0438\u0446\u044b \u0438 \u0434\u0440\u0443\u0433\u0438\u0435, \u0443\u0447\u0430\u0441\u0442\u043d\u0438\u043a \u043f\u043e\u043b\u0443\u0447\u0430\u0435\u0442 \u043d\u0435\u043e\u0431\u0445\u043e\u0434\u0438\u043c\u0443\u044e \u0438\u043d\u0444\u043e\u0440\u043c\u0430\u0446\u0438\u044e \u043e \u043f\u043e\u0434\u0433\u043e\u0442\u043e\u0432\u043a\u0435 \u043f\u043e\u0432\u0435\u0440\u0445\u043d\u043e\u0441\u0442\u0438. <a href=\"https:\/\/szkolenia-udt.pl\/ru\/kontakt\/\">\u041c\u044b \u0441\u0435\u0440\u0434\u0435\u0447\u043d\u043e \u043f\u0440\u0438\u0433\u043b\u0430\u0448\u0430\u0435\u043c \u0432\u0430\u0441<\/a> \u043d\u0430 \u043d\u0430\u0448\u0438 \u043a\u0443\u0440\u0441\u044b \u043f\u043e \u043d\u043e\u0436\u043d\u0438\u0447\u043d\u044b\u043c \u043f\u043e\u0434\u044a\u0435\u043c\u043d\u0438\u043a\u0430\u043c \u0438 \u043f\u043e\u0434\u044a\u0435\u043c\u043d\u044b\u043c \u0440\u0430\u0431\u043e\u0447\u0438\u043c \u043f\u043b\u0430\u0442\u0444\u043e\u0440\u043c\u0430\u043c \u0432 \u0433\u043e\u0440\u043e\u0434\u0430\u0445 \u0412\u0430\u0440\u0448\u0430\u0432\u0430, \u041a\u0430\u0442\u043e\u0432\u0438\u0446\u0435, \u041a\u0440\u0430\u043a\u043e\u0432 \u0438 \u0411\u0435\u043b\u044c\u0441\u043a\u043e-\u0411\u044f\u043b\u0430!<\/p>\n<\/div>","protected":false},"excerpt":{"rendered":"<p>Podesty ruchome powinny by\u0107 u\u017cywane tylko na odpowiednio przystosowanych tego celu nawierzchniach. To jedna z podstawowych zasad bezpiecze\u0144stwa pracy z tymi urz\u0105dzeniami. Nieprzestrzeganie przepis\u00f3w zwi\u0119ksza ryzyko wyst\u0105pienia wypadk\u00f3w przy pracy. Nasz kurs na podno\u015bniki przedstawia uczestnikom wszystkie procedury zwi\u0105zane z wyborem oraz przygotowaniem nawierzchni, co ma wp\u0142yw na bezpiecze\u0144stwo u\u017cycia urz\u0105dzenia oraz wygod\u0119 i szybko\u015b\u0107 [&hellip;]<\/p>\n","protected":false},"author":3,"featured_media":1410,"parent":35,"menu_order":0,"comment_status":"closed","ping_status":"closed","template":"","meta":{"footnotes":""},"class_list":["post-242","page","type-page","status-publish","has-post-thumbnail","hentry"],"aioseo_notices":[],"_links":{"self":[{"href":"https:\/\/szkolenia-udt.pl\/ru\/wp-json\/wp\/v2\/pages\/242","targetHints":{"allow":["GET"]}}],"collection":[{"href":"https:\/\/szkolenia-udt.pl\/ru\/wp-json\/wp\/v2\/pages"}],"about":[{"href":"https:\/\/szkolenia-udt.pl\/ru\/wp-json\/wp\/v2\/types\/page"}],"author":[{"embeddable":true,"href":"https:\/\/szkolenia-udt.pl\/ru\/wp-json\/wp\/v2\/users\/3"}],"replies":[{"embeddable":true,"href":"https:\/\/szkolenia-udt.pl\/ru\/wp-json\/wp\/v2\/comments?post=242"}],"version-history":[{"count":8,"href":"https:\/\/szkolenia-udt.pl\/ru\/wp-json\/wp\/v2\/pages\/242\/revisions"}],"predecessor-version":[{"id":2381,"href":"https:\/\/szkolenia-udt.pl\/ru\/wp-json\/wp\/v2\/pages\/242\/revisions\/2381"}],"up":[{"embeddable":true,"href":"https:\/\/szkolenia-udt.pl\/ru\/wp-json\/wp\/v2\/pages\/35"}],"wp:featuredmedia":[{"embeddable":true,"href":"https:\/\/szkolenia-udt.pl\/ru\/wp-json\/wp\/v2\/media\/1410"}],"wp:attachment":[{"href":"https:\/\/szkolenia-udt.pl\/ru\/wp-json\/wp\/v2\/media?parent=242"}],"curies":[{"name":"wp","href":"https:\/\/api.w.org\/{rel}","templated":true}]}}