{"id":2424,"date":"2021-08-20T10:35:30","date_gmt":"2021-08-20T10:35:30","guid":{"rendered":"https:\/\/szkolenia-udt.pl\/?page_id=2424"},"modified":"2022-08-31T21:22:33","modified_gmt":"2022-08-31T19:22:33","slug":"scissor-lift-boom-lift-training","status":"publish","type":"page","link":"https:\/\/szkolenia-udt.pl\/ru\/kursy\/uprawnienia-udt-tdt-wdt\/scissor-lift-boom-lift-training\/","title":{"rendered":"\u041a\u0443\u0440\u0441\u044b \u043f\u043e \u0443\u043f\u0440\u0430\u0432\u043b\u0435\u043d\u0438\u044e \u043d\u043e\u0436\u043d\u0438\u0447\u043d\u044b\u043c\u0438 \u043f\u043e\u0434\u044a\u0435\u043c\u043d\u0438\u043a\u0430\u043c\u0438 \u0438 \u0432\u043e\u0437\u0434\u0443\u0448\u043d\u044b\u043c\u0438 \u0440\u0430\u0431\u043e\u0447\u0438\u043c\u0438 \u043f\u043b\u0430\u0442\u0444\u043e\u0440\u043c\u0430\u043c\u0438 (\u043d\u043e\u0436\u043d\u0438\u0447\u043d\u044b\u0439 \u043f\u043e\u0434\u044a\u0435\u043c\u043d\u0438\u043a, \u0441\u0442\u0440\u0435\u043b\u043e\u0432\u043e\u0439 \u043f\u043e\u0434\u044a\u0435\u043c\u043d\u0438\u043a) \u0441 \u044d\u043a\u0437\u0430\u043c\u0435\u043d\u043e\u043c \u0434\u043b\u044f \u0440\u0430\u0431\u043e\u0442\u044b \u0437\u0430 \u0440\u0443\u0431\u0435\u0436\u043e\u043c"},"content":{"rendered":"<p><a href=\"https:\/\/szkolenia-udt.pl\/wp-content\/uploads\/2021\/08\/szkolenia-udt.pl-0014-OPUBLIKOWANY-v8.jpg\"><img loading=\"lazy\" decoding=\"async\" class=\"paddingleft10 alignleft wp-image-2492 size-medium\" src=\"https:\/\/szkolenia-udt.pl\/wp-content\/uploads\/2021\/08\/szkolenia-udt.pl-0014-OPUBLIKOWANY-v8-300x225.jpg\" alt=\"\u041d\u043e\u0436\u043d\u0438\u0447\u043d\u044b\u0435 \u0438 \u0441\u0442\u0440\u0435\u043b\u043e\u0432\u044b\u0435 \u043f\u043e\u0434\u044a\u0435\u043c\u043d\u0438\u043a\u0438 - \u043c\u0435\u0436\u0434\u0443\u043d\u0430\u0440\u043e\u0434\u043d\u043e\u0435 \u043d\u0430\u0437\u0432\u0430\u043d\u0438\u0435 \u043d\u043e\u0436\u043d\u0438\u0447\u043d\u044b\u0445 \u0438 \u043a\u043e\u0440\u0437\u0438\u043d\u043d\u044b\u0445 \u043f\u043e\u0434\u044a\u0435\u043c\u043d\u0438\u043a\u043e\u0432\" width=\"300\" height=\"225\" srcset=\"https:\/\/szkolenia-udt.pl\/wp-content\/uploads\/2021\/08\/szkolenia-udt.pl-0014-OPUBLIKOWANY-v8-300x225.jpg 300w, https:\/\/szkolenia-udt.pl\/wp-content\/uploads\/2021\/08\/szkolenia-udt.pl-0014-OPUBLIKOWANY-v8-1024x768.jpg 1024w, https:\/\/szkolenia-udt.pl\/wp-content\/uploads\/2021\/08\/szkolenia-udt.pl-0014-OPUBLIKOWANY-v8-768x576.jpg 768w, https:\/\/szkolenia-udt.pl\/wp-content\/uploads\/2021\/08\/szkolenia-udt.pl-0014-OPUBLIKOWANY-v8-1536x1152.jpg 1536w, https:\/\/szkolenia-udt.pl\/wp-content\/uploads\/2021\/08\/szkolenia-udt.pl-0014-OPUBLIKOWANY-v8-135x100.jpg 135w, https:\/\/szkolenia-udt.pl\/wp-content\/uploads\/2021\/08\/szkolenia-udt.pl-0014-OPUBLIKOWANY-v8.jpg 1600w\" sizes=\"auto, (max-width: 300px) 100vw, 300px\" \/><\/a>\u042d\u0442\u043e \u043a\u043b\u0430\u0441\u0441 \u0434\u043b\u044f \u0431\u0443\u0434\u0443\u0449\u0438\u0445 \u043e\u043f\u0435\u0440\u0430\u0442\u043e\u0440\u043e\u0432 \u043f\u043e\u0434\u044a\u0435\u043c\u043d\u0438\u043a\u043e\u0432, \u0441\u043e\u0437\u0434\u0430\u043d\u043d\u044b\u0439 \u0432 \u0441\u043e\u043e\u0442\u0432\u0435\u0442\u0441\u0442\u0432\u0438\u0438 \u0441\u043e \u0441\u0442\u0430\u043d\u0434\u0430\u0440\u0442\u043e\u043c MEWP ISO 18878 \u0438 \u0440\u0435\u043a\u043e\u043c\u0435\u043d\u0434\u0430\u0446\u0438\u044f\u043c\u0438 \u0430\u0441\u0441\u043e\u0446\u0438\u0430\u0446\u0438\u0438 OMHEC. \u041f\u0440\u043e\u0433\u0440\u0430\u043c\u043c\u0430, \u0440\u0430\u0437\u0440\u0430\u0431\u043e\u0442\u0430\u043d\u043d\u0430\u044f \u0442\u0430\u043a\u0438\u043c \u043e\u0431\u0440\u0430\u0437\u043e\u043c, \u043e\u0437\u043d\u0430\u0447\u0430\u0435\u0442, \u0447\u0442\u043e \u043f\u0440\u043e\u0445\u043e\u0436\u0434\u0435\u043d\u0438\u0435 \u043e\u0431\u0443\u0447\u0435\u043d\u0438\u044f \u0438 \u0441\u0434\u0430\u0447\u0430 \u0438\u0442\u043e\u0433\u043e\u0432\u043e\u0433\u043e \u044d\u043a\u0437\u0430\u043c\u0435\u043d\u0430 \u043f\u0440\u0438\u0437\u043d\u0430\u0435\u0442\u0441\u044f \u0434\u043e\u0441\u0442\u0430\u0442\u043e\u0447\u043d\u043e\u0439 \u043a\u0432\u0430\u043b\u0438\u0444\u0438\u043a\u0430\u0446\u0438\u0435\u0439 \u0434\u043b\u044f \u0440\u0430\u0431\u043e\u0442\u044b \u0437\u0430 \u0440\u0443\u0431\u0435\u0436\u043e\u043c. \u041f\u043e\u043b\u0443\u0447\u0435\u043d\u043d\u044b\u0439 \u0441\u0435\u0440\u0442\u0438\u0444\u0438\u043a\u0430\u0442 \u0434\u0435\u0439\u0441\u0442\u0432\u0438\u0442\u0435\u043b\u0435\u043d \u0432 \u041d\u043e\u0440\u0432\u0435\u0433\u0438\u0438, \u0414\u0430\u043d\u0438\u0438, \u0412\u0435\u043b\u0438\u043a\u043e\u0431\u0440\u0438\u0442\u0430\u043d\u0438\u0438 \u0438 \u041d\u0438\u0434\u0435\u0440\u043b\u0430\u043d\u0434\u0430\u0445, \u0430 \u0442\u0430\u043a\u0436\u0435 \u043c\u043e\u0436\u0435\u0442 \u0431\u044b\u0442\u044c \u043f\u0440\u0438\u0437\u043d\u0430\u043d \u0440\u0430\u0431\u043e\u0442\u043e\u0434\u0430\u0442\u0435\u043b\u044f\u043c\u0438 \u0432 \u0434\u0440\u0443\u0433\u0438\u0445 \u0441\u0442\u0440\u0430\u043d\u0430\u0445. \u041f\u043e \u043e\u043a\u043e\u043d\u0447\u0430\u043d\u0438\u0438 \u043a\u0443\u0440\u0441\u0430 \u0441\u043b\u0443\u0448\u0430\u0442\u0435\u043b\u044c \u043f\u043e\u043b\u0443\u0447\u0430\u0435\u0442 \u0440\u0430\u0437\u0440\u0435\u0448\u0435\u043d\u0438\u044f, \u0434\u0435\u0439\u0441\u0442\u0432\u0438\u0442\u0435\u043b\u044c\u043d\u044b\u0435 \u0434\u043b\u044f \u0440\u0430\u0431\u043e\u0442\u044b \u043d\u0430 \u0441\u0443\u0448\u0435 \u0438 \u043d\u0430 \u043c\u043e\u0440\u0435.<\/p>\n<p>\u0416\u0435\u043b\u0430\u044e\u0449\u0438\u0435 \u0440\u0430\u0431\u043e\u0442\u0430\u0442\u044c \u0437\u0430 \u0440\u0443\u0431\u0435\u0436\u043e\u043c \u0432 \u043a\u0430\u0447\u0435\u0441\u0442\u0432\u0435 \u043e\u043f\u0435\u0440\u0430\u0442\u043e\u0440\u0430 \u043d\u043e\u0436\u043d\u0438\u0447\u043d\u043e\u0433\u043e \u043f\u043e\u0434\u044a\u0435\u043c\u043d\u0438\u043a\u0430 \u0438 \u0432\u043e\u0437\u0434\u0443\u0448\u043d\u043e\u0439 \u0440\u0430\u0431\u043e\u0447\u0435\u0439 \u043f\u043b\u0430\u0442\u0444\u043e\u0440\u043c\u044b \u043c\u043e\u0433\u0443\u0442 \u043f\u043e\u0441\u0435\u0449\u0430\u0442\u044c \u043e\u0447\u043d\u044b\u0435 \u0437\u0430\u043d\u044f\u0442\u0438\u044f, \u043f\u0440\u043e\u0432\u043e\u0434\u0438\u043c\u044b\u0435 \u0432 \u0412\u0430\u0440\u0448\u0430\u0432\u0435, \u0438\u043b\u0438 \u044d\u043b\u0435\u043a\u0442\u0440\u043e\u043d\u043d\u044b\u0435 \u0437\u0430\u043d\u044f\u0442\u0438\u044f, \u0434\u043e\u0441\u0442\u0443\u043f\u043d\u044b\u0435 \u0447\u0435\u0440\u0435\u0437 \u0418\u043d\u0442\u0435\u0440\u043d\u0435\u0442.<\/p>\n<h2>\u041a\u0430\u043a\u0438\u0435 \u0432\u043e\u0437\u043c\u043e\u0436\u043d\u043e\u0441\u0442\u0438 \u043e\u0442\u043a\u0440\u044b\u0432\u0430\u0435\u0442 \u043f\u043e\u043b\u0443\u0447\u0435\u043d\u0438\u0435 \u0441\u0435\u0440\u0442\u0438\u0444\u0438\u043a\u0430\u0442\u0430<\/h2>\n<p>\u0421\u043b\u0443\u0448\u0430\u0442\u0435\u043b\u044f\u043c\u0438 \u043a\u0443\u0440\u0441\u0430 \u044f\u0432\u043b\u044f\u044e\u0442\u0441\u044f \u0432 \u043f\u0435\u0440\u0432\u0443\u044e \u043e\u0447\u0435\u0440\u0435\u0434\u044c \u0442\u0435, \u043a\u0442\u043e \u043f\u043b\u0430\u043d\u0438\u0440\u0443\u0435\u0442 \u0440\u0430\u0431\u043e\u0442\u0430\u0442\u044c \u043d\u0430 \u043d\u0435\u0444\u0442\u044f\u043d\u044b\u0445 \u0432\u044b\u0448\u043a\u0430\u0445 \u0432 \u041d\u043e\u0440\u0432\u0435\u0436\u0441\u043a\u043e\u043c \u043c\u043e\u0440\u0435. \u0421\u0435\u0440\u0442\u0438\u0444\u0438\u043a\u0430\u0446\u0438\u044f \u0432 \u0441\u043e\u043e\u0442\u0432\u0435\u0442\u0441\u0442\u0432\u0438\u0438 \u0441\u043e \u0441\u0442\u0430\u043d\u0434\u0430\u0440\u0442\u043e\u043c MEWP ISO 18878 \u0442\u0440\u0435\u0431\u0443\u0435\u0442\u0441\u044f \u0442\u0430\u043c \u0434\u043b\u044f \u043b\u044e\u0431\u044b\u0445 \u0440\u0430\u0431\u043e\u0442 \u043d\u0430 \u0432\u044b\u0441\u043e\u0442\u0435 \u0431\u043e\u043b\u0435\u0435 2 \u043c\u0435\u0442\u0440\u043e\u0432: \u043c\u043e\u043d\u0442\u0430\u0436, \u0442\u0435\u0445\u043d\u0438\u0447\u0435\u0441\u043a\u043e\u0435 \u043e\u0431\u0441\u043b\u0443\u0436\u0438\u0432\u0430\u043d\u0438\u0435, \u043a\u0430\u043f\u0438\u0442\u0430\u043b\u044c\u043d\u044b\u0439 \u0440\u0435\u043c\u043e\u043d\u0442.<\/p>\n<p>\u041f\u0440\u043e\u0445\u043e\u0436\u0434\u0435\u043d\u0438\u0435 \u043a\u0443\u0440\u0441\u0430 \u043e\u0431\u0443\u0447\u0435\u043d\u0438\u044f \u0438 \u0441\u0434\u0430\u0447\u0430 \u0438\u0442\u043e\u0433\u043e\u0432\u043e\u0433\u043e \u044d\u043a\u0437\u0430\u043c\u0435\u043d\u0430 \u0434\u0430\u0435\u0442 \u043f\u0440\u0430\u0432\u043e \u043d\u0430 \u0443\u043f\u0440\u0430\u0432\u043b\u0435\u043d\u0438\u0435 \u0441\u043b\u0435\u0434\u0443\u044e\u0449\u0438\u043c \u043e\u0431\u043e\u0440\u0443\u0434\u043e\u0432\u0430\u043d\u0438\u0435\u043c:<\/p>\n<ul>\n<li>\u0432\u043e\u0437\u0434\u0443\u0448\u043d\u044b\u0435 \u0440\u0430\u0431\u043e\u0447\u0438\u0435 \u043f\u043b\u0430\u0442\u0444\u043e\u0440\u043c\u044b (\u043c\u0435\u0436\u0434\u0443\u043d\u0430\u0440\u043e\u0434\u043d\u043e\u0435 \u043d\u0430\u0437\u0432\u0430\u043d\u0438\u0435: \u0441\u0442\u0440\u0435\u043b\u043e\u0432\u044b\u0435 \u043f\u043e\u0434\u044a\u0435\u043c\u043d\u0438\u043a\u0438) - \u0441\u0430\u043c\u043e\u0445\u043e\u0434\u043d\u044b\u0435 \u043c\u043e\u0431\u0438\u043b\u044c\u043d\u044b\u0435 \u043f\u043b\u0430\u0442\u0444\u043e\u0440\u043c\u044b, \u0438\u0437\u0432\u0435\u0441\u0442\u043d\u044b\u0435 \u043a\u0430\u043a \u0430\u0432\u0442\u043e\u0432\u044b\u0448\u043a\u0438, \u0438\u043c\u0435\u044e\u0449\u0438\u0435 \u0441\u0442\u0440\u0435\u043b\u0443 \u0438 \u043f\u043b\u0430\u0442\u0444\u043e\u0440\u043c\u0443-\u043a\u043e\u0440\u0437\u0438\u043d\u0443, \u0443\u0441\u0442\u0430\u043d\u043e\u0432\u043b\u0435\u043d\u043d\u044b\u0435 \u043d\u0430 \u0442\u0440\u0430\u043d\u0441\u043f\u043e\u0440\u0442\u043d\u043e\u043c \u0441\u0440\u0435\u0434\u0441\u0442\u0432\u0435<\/li>\n<li>\u041d\u043e\u0436\u043d\u0438\u0447\u043d\u044b\u0435 \u043f\u043e\u0434\u044a\u0435\u043c\u043d\u0438\u043a\u0438 (\u043c\u0435\u0436\u0434\u0443\u043d\u0430\u0440\u043e\u0434\u043d\u043e\u0435 \u043d\u0430\u0437\u0432\u0430\u043d\u0438\u0435: scissor lifts) - \u043c\u043e\u0431\u0438\u043b\u044c\u043d\u044b\u0435 \u043f\u043b\u0430\u0442\u0444\u043e\u0440\u043c\u044b, \u0441\u0432\u043e\u0431\u043e\u0434\u043d\u043e \u043f\u0435\u0440\u0435\u043c\u0435\u0449\u0430\u044e\u0449\u0438\u0435\u0441\u044f, \u0441 \u0442\u0435\u043b\u0435\u0441\u043a\u043e\u043f\u0438\u0447\u0435\u0441\u043a\u043e\u0439 \u0438\u043b\u0438 \u0448\u0430\u0440\u043d\u0438\u0440\u043d\u043e\u0439 \u0441\u0442\u0440\u0435\u043b\u043e\u0439 \u043d\u043e\u0436\u043d\u0438\u0447\u043d\u043e\u0439 \u0444\u043e\u0440\u043c\u044b, \u0443\u0441\u0442\u0430\u043d\u043e\u0432\u043b\u0435\u043d\u043d\u043e\u0439 \u043d\u0430 \u043a\u043e\u043b\u0435\u0441\u043d\u043e\u0439 \u043f\u043b\u0430\u0442\u0444\u043e\u0440\u043c\u0435.<\/li>\n<\/ul>\n<p>\u041e\u0431\u043b\u0430\u0434\u0430\u0442\u0435\u043b\u0438 \u0441\u0435\u0440\u0442\u0438\u0444\u0438\u043a\u0430\u0442\u0430 \u043f\u043e\u043b\u0443\u0447\u0430\u044e\u0442 \u0433\u043e\u0440\u0430\u0437\u0434\u043e \u0431\u043e\u043b\u044c\u0448\u0435 \u0432\u043e\u0437\u043c\u043e\u0436\u043d\u043e\u0441\u0442\u0435\u0439 \u0434\u043b\u044f \u0442\u0440\u0443\u0434\u043e\u0443\u0441\u0442\u0440\u043e\u0439\u0441\u0442\u0432\u0430, \u0447\u0435\u043c \u043f\u0440\u043e\u0441\u0442\u043e \u043d\u0430 \u043f\u043b\u0430\u0442\u0444\u043e\u0440\u043c\u0430\u0445 \u0432 \u041d\u043e\u0440\u0432\u0435\u0433\u0438\u0438. \u0421\u0435\u0440\u0442\u0438\u0444\u0438\u043a\u0430\u0442 \u043f\u0440\u0438\u0437\u043d\u0430\u0435\u0442\u0441\u044f \u0432\u0441\u0435\u043c\u0438 \u0441\u0442\u0440\u0430\u043d\u0430\u043c\u0438-\u0447\u043b\u0435\u043d\u0430\u043c\u0438 OMHEC (<a href=\"https:\/\/szkolenia-udt.pl\/ru\/kursy\/onshore-i-offshore\/\">\u041e\u0444\u0444\u0448\u043e\u0440<\/a> \u041a\u043e\u043c\u0438\u0442\u0435\u0442 \u043f\u043e \u043c\u0435\u0445\u0430\u043d\u0438\u0447\u0435\u0441\u043a\u043e\u043c\u0443 \u043f\u043e\u0434\u044a\u0435\u043c\u043d\u043e-\u0442\u0440\u0430\u043d\u0441\u043f\u043e\u0440\u0442\u043d\u043e\u043c\u0443 \u043e\u0431\u043e\u0440\u0443\u0434\u043e\u0432\u0430\u043d\u0438\u044e), \u0442\u043e \u0435\u0441\u0442\u044c \u0442\u0430\u043a\u0436\u0435 \u0414\u0430\u043d\u0438\u044f, \u041d\u0438\u0434\u0435\u0440\u043b\u0430\u043d\u0434\u044b \u0438 \u0412\u0435\u043b\u0438\u043a\u043e\u0431\u0440\u0438\u0442\u0430\u043d\u0438\u044f. \u0412 \u044d\u0442\u0438\u0445 \u0441\u0442\u0440\u0430\u043d\u0430\u0445 \u0432\u043e\u0437\u0434\u0443\u0448\u043d\u044b\u0435 \u0438 \u043d\u043e\u0436\u043d\u0438\u0447\u043d\u044b\u0435 \u043f\u043e\u0434\u044a\u0435\u043c\u043d\u0438\u043a\u0438 \u0438\u0441\u043f\u043e\u043b\u044c\u0437\u0443\u044e\u0442\u0441\u044f \u0434\u043b\u044f \u0442\u0435\u0445 \u0436\u0435 \u0446\u0435\u043b\u0435\u0439, \u0447\u0442\u043e \u0438 \u0432 \u041f\u043e\u043b\u044c\u0448\u0435: \u0434\u043b\u044f \u0441\u0442\u0440\u043e\u0438\u0442\u0435\u043b\u044c\u043d\u044b\u0445 \u0438 \u0440\u0435\u043c\u043e\u043d\u0442\u043d\u044b\u0445 \u0440\u0430\u0431\u043e\u0442, \u043f\u043e\u043a\u0440\u0430\u0441\u043a\u0438 \u0438 \u043e\u0431\u0441\u043b\u0443\u0436\u0438\u0432\u0430\u043d\u0438\u044f \u0444\u0430\u0441\u0430\u0434\u043e\u0432, \u0443\u0441\u0442\u0430\u043d\u043e\u0432\u043a\u0438 \u043e\u0441\u0432\u0435\u0449\u0435\u043d\u0438\u044f, \u043c\u044b\u0442\u044c\u044f \u043e\u043a\u043e\u043d \u0438\u043b\u0438 \u0440\u0435\u043c\u043e\u043d\u0442\u0430 \u043f\u043e\u043c\u0435\u0449\u0435\u043d\u0438\u0439.<\/p>\n<div class=\"filmw\">\n<div class=\"responsive-youtube\"><iframe loading=\"lazy\" title=\"\u0412\u0438\u0434\u0435\u043e\u043f\u043b\u0435\u0435\u0440 YouTube\" src=\"https:\/\/www.youtube.com\/embed\/OUKdY5V51M4\" width=\"560\" height=\"315\" frameborder=\"0\" allowfullscreen=\"allowfullscreen\"><\/iframe><\/div>\n<\/div>\n<h2>\u0414\u0435\u0442\u0430\u043b\u0438 \u043a\u0443\u0440\u0441\u0430<\/h2>\n<p>\u0417\u0430\u043d\u044f\u0442\u0438\u044f \u043f\u0440\u043e\u0432\u043e\u0434\u044f\u0442\u0441\u044f \u0432 \u0444\u043e\u0440\u043c\u0435 \u043b\u0435\u043a\u0446\u0438\u0439 (\u0441\u0442\u0430\u0446\u0438\u043e\u043d\u0430\u0440\u043d\u044b\u0445 \u0438\u043b\u0438 \u0434\u0438\u0441\u0442\u0430\u043d\u0446\u0438\u043e\u043d\u043d\u044b\u0445), \u0437\u0430 \u043a\u043e\u0442\u043e\u0440\u044b\u043c\u0438 \u0441\u043b\u0435\u0434\u0443\u0435\u0442 \u043f\u0440\u0430\u043a\u0442\u0438\u0447\u0435\u0441\u043a\u0430\u044f \u0447\u0430\u0441\u0442\u044c. \u041d\u0430 \u043a\u0443\u0440\u0441\u0435 \u0440\u0430\u0441\u0441\u043c\u0430\u0442\u0440\u0438\u0432\u0430\u044e\u0442\u0441\u044f \u0441\u043b\u0435\u0434\u0443\u044e\u0449\u0438\u0435 \u0442\u0435\u043c\u044b:<\/p>\n<ul>\n<li>\u0421\u0442\u0440\u043e\u0438\u0442\u0435\u043b\u044c\u0441\u0442\u0432\u043e \u043e\u0431\u043e\u0440\u0443\u0434\u043e\u0432\u0430\u043d\u0438\u044f<\/li>\n<li>\u041f\u0440\u0430\u0432\u0438\u043b\u0430 \u0442\u0435\u0445\u043d\u0438\u043a\u0438 \u0431\u0435\u0437\u043e\u043f\u0430\u0441\u043d\u043e\u0441\u0442\u0438, \u0434\u0435\u0439\u0441\u0442\u0432\u0443\u044e\u0449\u0438\u0435 \u0437\u0430 \u0440\u0443\u0431\u0435\u0436\u043e\u043c<\/li>\n<li>\u0423\u0441\u0442\u0440\u0430\u043d\u0435\u043d\u0438\u0435 \u0430\u0432\u0430\u0440\u0438\u0439 \u0438 \u043d\u0435\u0438\u0441\u043f\u0440\u0430\u0432\u043d\u043e\u0441\u0442\u0435\u0439 \u043f\u0440\u0438 \u044d\u043a\u0441\u043f\u043b\u0443\u0430\u0442\u0430\u0446\u0438\u0438 \u043c\u043e\u0431\u0438\u043b\u044c\u043d\u044b\u0445 \u043f\u043b\u0430\u0442\u0444\u043e\u0440\u043c<\/li>\n<li>\u0421\u0442\u0430\u0431\u0438\u043b\u0438\u0437\u0430\u0446\u0438\u044f \u043b\u0438\u0444\u0442\u043e\u0432<\/li>\n<li>\u0422\u0438\u043f\u044b \u043c\u043e\u0431\u0438\u043b\u044c\u043d\u044b\u0445 \u043f\u043b\u0430\u0442\u0444\u043e\u0440\u043c \u0438 \u0438\u0445 \u0438\u0441\u043f\u043e\u043b\u044c\u0437\u043e\u0432\u0430\u043d\u0438\u0435 \u0434\u043b\u044f \u0440\u0430\u0437\u043b\u0438\u0447\u043d\u044b\u0445 \u0432\u0438\u0434\u043e\u0432 \u0440\u0430\u0431\u043e\u0442<\/li>\n<\/ul>\n<p>\u0412\u043e \u0432\u0440\u0435\u043c\u044f \u043f\u0440\u0430\u043a\u0442\u0438\u0447\u0435\u0441\u043a\u043e\u0439 \u0447\u0430\u0441\u0442\u0438 \u043a\u0430\u0436\u0434\u044b\u0439 \u0443\u0447\u0430\u0441\u0442\u043d\u0438\u043a \u0438\u043c\u0435\u0435\u0442 \u0432\u043e\u0437\u043c\u043e\u0436\u043d\u043e\u0441\u0442\u044c \u043d\u0430\u0443\u0447\u0438\u0442\u044c\u0441\u044f \u0443\u043f\u0440\u0430\u0432\u043b\u044f\u0442\u044c \u043f\u043e\u0434\u044a\u0435\u043c\u043d\u0438\u043a\u0430\u043c\u0438 \u043d\u0430 \u043c\u0430\u043d\u0435\u0432\u0440\u0435\u043d\u043d\u043e\u0439 \u043f\u043b\u043e\u0449\u0430\u0434\u043a\u0435 \u0426\u0435\u043d\u0442\u0440\u0430.<\/p>\n<p>\u041a\u0430\u0436\u0434\u044b\u0439 \u043a\u0443\u0440\u0441 \u043e\u0431\u0443\u0447\u0435\u043d\u0438\u044f \u0437\u0430\u0432\u0435\u0440\u0448\u0430\u0435\u0442\u0441\u044f \u043e\u0440\u0433\u0430\u043d\u0438\u0437\u043e\u0432\u0430\u043d\u043d\u044b\u043c \u0438\u043d\u0441\u0442\u0440\u0443\u043a\u0442\u043e\u0440\u0430\u043c\u0438 \u0426\u0435\u043d\u0442\u0440\u0430 \u044d\u043a\u0437\u0430\u043c\u0435\u043d\u043e\u043c, \u0441\u043e\u0441\u0442\u043e\u044f\u0449\u0438\u043c \u0438\u0437 \u0442\u0435\u043e\u0440\u0435\u0442\u0438\u0447\u0435\u0441\u043a\u043e\u0439 \u0438 \u043f\u0440\u0430\u043a\u0442\u0438\u0447\u0435\u0441\u043a\u043e\u0439 \u0447\u0430\u0441\u0442\u0438. \u0422\u0435, \u043a\u0442\u043e \u0441\u0434\u0430\u043b \u044d\u043a\u0437\u0430\u043c\u0435\u043d, \u043f\u043e\u043b\u0443\u0447\u0430\u044e\u0442 \u0441\u0435\u0440\u0442\u0438\u0444\u0438\u043a\u0430\u0442 \u0432 \u0442\u0435\u0447\u0435\u043d\u0438\u0435 \u043d\u0435\u0441\u043a\u043e\u043b\u044c\u043a\u0438\u0445 \u043d\u0435\u0434\u0435\u043b\u044c. \u041f\u0440\u0438 \u043d\u0435\u043e\u0431\u0445\u043e\u0434\u0438\u043c\u043e\u0441\u0442\u0438 \u043e\u043d\u0438 \u043c\u043e\u0433\u0443\u0442 \u0438\u0441\u043f\u043e\u043b\u044c\u0437\u043e\u0432\u0430\u0442\u044c \u0434\u043e \u044d\u0442\u043e\u0433\u043e \u043c\u043e\u043c\u0435\u043d\u0442\u0430 \u0432\u0440\u0435\u043c\u0435\u043d\u043d\u044b\u0439 \u0441\u0435\u0440\u0442\u0438\u0444\u0438\u043a\u0430\u0442, \u0432\u044b\u0434\u0430\u043d\u043d\u044b\u0439 <a href=\"https:\/\/szkolenia-udt.pl\/ru\/o-firmie\/\">\u0426\u0435\u043d\u0442\u0440<\/a>. \u041f\u043e \u0437\u0430\u043f\u0440\u043e\u0441\u0443 \u043c\u044b \u0442\u0430\u043a\u0436\u0435 \u0432\u044b\u0434\u0430\u0435\u043c \u0443\u0434\u043e\u0441\u0442\u043e\u0432\u0435\u0440\u0435\u043d\u0438\u0435 \"\u0413\u043e\u0440\u044f\u0447\u0430\u044f \u0440\u0430\u0431\u043e\u0442\u0430\" (\u0437\u0430 \u0434\u043e\u043f\u043e\u043b\u043d\u0438\u0442\u0435\u043b\u044c\u043d\u0443\u044e \u043f\u043b\u0430\u0442\u0443 - 300 \u0444\u0443\u043d\u0442\u043e\u0432 \u0441\u0442\u0435\u0440\u043b\u0438\u043d\u0433\u043e\u0432).<\/p>\n<p>\u0427\u0442\u043e\u0431\u044b \u0443\u0437\u043d\u0430\u0442\u044c \u043f\u043e\u0434\u0440\u043e\u0431\u043d\u043e\u0441\u0442\u0438 \u0438 \u0437\u0430\u043f\u0438\u0441\u0430\u0442\u044c\u0441\u044f \u043d\u0430 \u043a\u0443\u0440\u0441 \u043d\u0430 \u0432\u044b\u0431\u0440\u0430\u043d\u043d\u0443\u044e \u0432\u0430\u043c\u0438 \u0434\u0430\u0442\u0443, \u043f\u043e\u0436\u0430\u043b\u0443\u0439\u0441\u0442\u0430, \u043f\u043e\u0441\u0435\u0442\u0438\u0442\u0435 \u0441\u0430\u0439\u0442 <a href=\"https:\/\/szkolenia-udt.pl\/ru\/kontakt\/\">\u043a\u043e\u043d\u0442\u0430\u043a\u0442\u043d\u044b\u0439 \u0442\u0435\u043b\u0435\u0444\u043e\u043d \u0438\u043b\u0438 \u044d\u043b\u0435\u043a\u0442\u0440\u043e\u043d\u043d\u0430\u044f \u043f\u043e\u0447\u0442\u0430<\/a>.<\/p>\n<p><a href=\"https:\/\/szkolenia-udt.pl\/wp-content\/uploads\/2021\/08\/0017-oso-scissor-liftboom-lift.jpg\"><img loading=\"lazy\" decoding=\"async\" class=\"alignnone wp-image-2427 size-large\" src=\"https:\/\/szkolenia-udt.pl\/wp-content\/uploads\/2021\/08\/0017-oso-scissor-liftboom-lift-1024x853.jpg\" alt=\"\u0421\u0442\u0440\u0435\u043b\u043e\u0432\u044b\u0435 \u043f\u043e\u0434\u044a\u0435\u043c\u043d\u0438\u043a\u0438 (\u0432\u043e\u0437\u0434\u0443\u0448\u043d\u044b\u0435 \u0440\u0430\u0431\u043e\u0447\u0438\u0435 \u043f\u043b\u0430\u0442\u0444\u043e\u0440\u043c\u044b) \u0438 \u043d\u043e\u0436\u043d\u0438\u0447\u043d\u044b\u0435 \u043f\u043e\u0434\u044a\u0435\u043c\u043d\u0438\u043a\u0438 (\u043d\u043e\u0436\u043d\u0438\u0447\u043d\u044b\u0435 \u043f\u043e\u0434\u044a\u0435\u043c\u043d\u0438\u043a\u0438) - \u044d\u0442\u043e \u043e\u0431\u043e\u0440\u0443\u0434\u043e\u0432\u0430\u043d\u0438\u0435, \u043e\u043f\u0435\u0440\u0430\u0442\u043e\u0440\u044b \u043a\u043e\u0442\u043e\u0440\u043e\u0433\u043e \u0440\u0430\u0431\u043e\u0442\u0430\u044e\u0442, \u0432 \u0447\u0430\u0441\u0442\u043d\u043e\u0441\u0442\u0438, \u043d\u0430 \u043d\u0435\u0444\u0442\u044f\u043d\u044b\u0445 \u043f\u043b\u0430\u0442\u0444\u043e\u0440\u043c\u0430\u0445\" width=\"750\" height=\"625\" srcset=\"https:\/\/szkolenia-udt.pl\/wp-content\/uploads\/2021\/08\/0017-oso-scissor-liftboom-lift-1024x853.jpg 1024w, https:\/\/szkolenia-udt.pl\/wp-content\/uploads\/2021\/08\/0017-oso-scissor-liftboom-lift-300x250.jpg 300w, https:\/\/szkolenia-udt.pl\/wp-content\/uploads\/2021\/08\/0017-oso-scissor-liftboom-lift-768x640.jpg 768w, https:\/\/szkolenia-udt.pl\/wp-content\/uploads\/2021\/08\/0017-oso-scissor-liftboom-lift.jpg 1200w\" sizes=\"auto, (max-width: 750px) 100vw, 750px\" \/><\/a><\/p>","protected":false},"excerpt":{"rendered":"<p>To zaj\u0119cia dla przysz\u0142ych operator\u00f3w podno\u015bnik\u00f3w, stworzone zgodnie z norm\u0105 MEWP ISO 18878 oraz wytycznymi stowarzyszenia OMHEC. Tak przygotowany program oznacza, \u017ce uko\u0144czenie szkolenia oraz zaliczenie egzaminu ko\u0144cowego jest uznawane za wystarczaj\u0105ce kwalifikacje do podj\u0119cia pracy za granic\u0105. Uzyskany w ten spos\u00f3b certyfikat jest wa\u017cny w Norwegii, Danii, Wielkiej Brytanii i Holandii, mo\u017ce by\u0107 te\u017c [&hellip;]<\/p>\n","protected":false},"author":3,"featured_media":2492,"parent":2266,"menu_order":0,"comment_status":"closed","ping_status":"closed","template":"","meta":{"footnotes":""},"class_list":["post-2424","page","type-page","status-publish","has-post-thumbnail","hentry"],"aioseo_notices":[],"_links":{"self":[{"href":"https:\/\/szkolenia-udt.pl\/ru\/wp-json\/wp\/v2\/pages\/2424","targetHints":{"allow":["GET"]}}],"collection":[{"href":"https:\/\/szkolenia-udt.pl\/ru\/wp-json\/wp\/v2\/pages"}],"about":[{"href":"https:\/\/szkolenia-udt.pl\/ru\/wp-json\/wp\/v2\/types\/page"}],"author":[{"embeddable":true,"href":"https:\/\/szkolenia-udt.pl\/ru\/wp-json\/wp\/v2\/users\/3"}],"replies":[{"embeddable":true,"href":"https:\/\/szkolenia-udt.pl\/ru\/wp-json\/wp\/v2\/comments?post=2424"}],"version-history":[{"count":6,"href":"https:\/\/szkolenia-udt.pl\/ru\/wp-json\/wp\/v2\/pages\/2424\/revisions"}],"predecessor-version":[{"id":3232,"href":"https:\/\/szkolenia-udt.pl\/ru\/wp-json\/wp\/v2\/pages\/2424\/revisions\/3232"}],"up":[{"embeddable":true,"href":"https:\/\/szkolenia-udt.pl\/ru\/wp-json\/wp\/v2\/pages\/2266"}],"wp:featuredmedia":[{"embeddable":true,"href":"https:\/\/szkolenia-udt.pl\/ru\/wp-json\/wp\/v2\/media\/2492"}],"wp:attachment":[{"href":"https:\/\/szkolenia-udt.pl\/ru\/wp-json\/wp\/v2\/media?parent=2424"}],"curies":[{"name":"wp","href":"https:\/\/api.w.org\/{rel}","templated":true}]}}