{"id":246,"date":"2014-10-08T17:09:57","date_gmt":"2014-10-08T17:09:57","guid":{"rendered":"http:\/\/szkolenia-udt.pl\/?page_id=246"},"modified":"2021-08-31T22:03:34","modified_gmt":"2021-08-31T22:03:34","slug":"%d1%80%d0%b0%d0%b1%d0%be%d1%87%d0%b0%d1%8f-%d1%81%d1%82%d0%b0%d0%bd%d1%86%d0%b8%d1%8f-%d0%be%d1%80%d0%b3%d0%b0%d0%bd%d0%b8%d0%b7%d0%b0%d1%86%d0%b8%d1%8f-%d0%bc%d0%be%d0%b1%d0%b8%d0%bb%d1%8c%d0%bd","status":"publish","type":"page","link":"https:\/\/szkolenia-udt.pl\/ru\/kursy\/podesty-ruchome\/organizacja-stanowiska-pracy-podestu-ruchomego\/","title":{"rendered":"\u041e\u0440\u0433\u0430\u043d\u0438\u0437\u0430\u0446\u0438\u044f \u0440\u0430\u0431\u043e\u0447\u0435\u0433\u043e \u043c\u0435\u0441\u0442\u0430 \u043c\u043e\u0431\u0438\u043b\u044c\u043d\u043e\u0439 \u043f\u043b\u0430\u0442\u0444\u043e\u0440\u043c\u044b \u0432\u0431\u043b\u0438\u0437\u0438 \u044d\u043b\u0435\u043a\u0442\u0440\u0438\u0447\u0435\u0441\u043a\u0438\u0445 \u0441\u0435\u0442\u0435\u0439 \u0438 \u043e\u0431\u043e\u0440\u0443\u0434\u043e\u0432\u0430\u043d\u0438\u044f"},"content":{"rendered":"<div style=\"float: left; padding-right: 10px;\"><div id=\"metaslider-id-1376\" style=\"max-width: 300px;\" class=\"ml-slider-3-108-0 metaslider metaslider-flex metaslider-1376 ml-slider ms-theme-default nav-hidden\" role=\"region\" aria-label=\"\u044d\u043b\u0435\u043a\u0442\u0440\u0438\u0447\u0435\u0441\u043a\u0438\u0435 \u043f\u043e\u0441\u0430\u0434\u043a\u0438\" data-height=\"225\" data-width=\"300\">\n    <div id=\"metaslider_container_1376\">\n        <div id=\"metaslider_1376\">\n            <ul class='slides'>\n                <li style=\"display: block; width: 100%;\" class=\"slide-1380 ms-image\" aria-roledescription=\"slide\" data-date=\"2015-07-10 13:44:02\" data-filename=\"ressieci_Manitou-200-ATJ1.jpg\" data-slide-type=\"image\"><img loading=\"lazy\" decoding=\"async\" src=\"https:\/\/szkolenia-udt.pl\/wp-content\/uploads\/2015\/07\/ressieci_Manitou-200-ATJ1.jpg\" height=\"225\" width=\"300\" alt=\"\" class=\"slider-1376 slide-1380 msDefaultImage\" \/><\/li>\n                <li style=\"display: none; width: 100%;\" class=\"slide-1381 ms-image\" aria-roledescription=\"slide\" data-date=\"2015-07-10 13:44:03\" data-filename=\"ressieci_utility-worker-in-bucket-truck-with-wires.jpg\" data-slide-type=\"image\"><img loading=\"lazy\" decoding=\"async\" src=\"https:\/\/szkolenia-udt.pl\/wp-content\/uploads\/2015\/07\/ressieci_utility-worker-in-bucket-truck-with-wires.jpg\" height=\"225\" width=\"300\" alt=\"\" class=\"slider-1376 slide-1381 msDefaultImage\" \/><\/li>\n                <li style=\"display: none; width: 100%;\" class=\"slide-1379 ms-image\" aria-roledescription=\"slide\" data-date=\"2015-07-10 13:44:00\" data-filename=\"ressieci_JLG_Booms.5447e608ccdf6.jpg\" data-slide-type=\"image\"><img loading=\"lazy\" decoding=\"async\" src=\"https:\/\/szkolenia-udt.pl\/wp-content\/uploads\/2015\/07\/ressieci_JLG_Booms.5447e608ccdf6.jpg\" height=\"225\" width=\"300\" alt=\"\" class=\"slider-1376 slide-1379 msDefaultImage\" \/><\/li>\n                <li style=\"display: none; width: 100%;\" class=\"slide-1378 ms-image\" aria-roledescription=\"slide\" data-date=\"2015-07-10 13:44:00\" data-filename=\"ressieci_images.jpg\" data-slide-type=\"image\"><img loading=\"lazy\" decoding=\"async\" src=\"https:\/\/szkolenia-udt.pl\/wp-content\/uploads\/2015\/07\/ressieci_images.jpg\" height=\"225\" width=\"300\" alt=\"\" class=\"slider-1376 slide-1378 msDefaultImage\" \/><\/li>\n                <li style=\"display: none; width: 100%;\" class=\"slide-1377 ms-image\" aria-roledescription=\"slide\" data-date=\"2015-07-10 13:43:58\" data-filename=\"ressieci_13.jpg\" data-slide-type=\"image\"><img loading=\"lazy\" decoding=\"async\" src=\"https:\/\/szkolenia-udt.pl\/wp-content\/uploads\/2015\/07\/ressieci_13.jpg\" height=\"225\" width=\"300\" alt=\"\" class=\"slider-1376 slide-1377 msDefaultImage\" \/><\/li>\n            <\/ul>\n        <\/div>\n        \n    <\/div>\n<\/div><\/div>\n<div class=\"wyjustuj\">\n<p>\u041e\u0434\u043d\u043e\u0439 \u0438\u0437 \u043d\u0430\u0438\u0431\u043e\u043b\u0435\u0435 \u0440\u0430\u0441\u043f\u0440\u043e\u0441\u0442\u0440\u0430\u043d\u0435\u043d\u043d\u044b\u0445 \u043f\u0440\u0438\u0447\u0438\u043d \u043d\u0435\u0441\u0447\u0430\u0441\u0442\u043d\u044b\u0445 \u0441\u043b\u0443\u0447\u0430\u0435\u0432 \u0441\u043e \u0441\u043c\u0435\u0440\u0442\u0435\u043b\u044c\u043d\u044b\u043c \u0438\u0441\u0445\u043e\u0434\u043e\u043c \u043f\u0440\u0438 \u044d\u043a\u0441\u043f\u043b\u0443\u0430\u0442\u0430\u0446\u0438\u0438 \u043c\u043e\u0431\u0438\u043b\u044c\u043d\u044b\u0445 \u043f\u043b\u0430\u0442\u0444\u043e\u0440\u043c \u044f\u0432\u043b\u044f\u0435\u0442\u0441\u044f \u043f\u043e\u0440\u0430\u0436\u0435\u043d\u0438\u0435 \u044d\u043b\u0435\u043a\u0442\u0440\u0438\u0447\u0435\u0441\u043a\u0438\u043c \u0442\u043e\u043a\u043e\u043c. \u042d\u0442\u043e \u043e\u0441\u043e\u0431\u0435\u043d\u043d\u043e \u0430\u043a\u0442\u0443\u0430\u043b\u044c\u043d\u043e \u043f\u0440\u0438 \u0440\u0430\u0431\u043e\u0442\u0435 \u0432\u0431\u043b\u0438\u0437\u0438 \u043b\u0438\u043d\u0438\u0439 \u044d\u043b\u0435\u043a\u0442\u0440\u043e\u043f\u0435\u0440\u0435\u0434\u0430\u0447, \u043d\u043e \u043d\u0435\u0430\u0434\u0435\u043a\u0432\u0430\u0442\u043d\u043e \u044d\u043a\u0441\u043f\u043b\u0443\u0430\u0442\u0438\u0440\u0443\u0435\u043c\u044b\u0435 \u0438 \u043e\u0431\u0441\u043b\u0443\u0436\u0438\u0432\u0430\u0435\u043c\u044b\u0435 \u043c\u043e\u0431\u0438\u043b\u044c\u043d\u044b\u0435 \u043f\u043b\u0430\u0442\u0444\u043e\u0440\u043c\u0435\u043d\u043d\u044b\u0435 \u0443\u0441\u0442\u0430\u043d\u043e\u0432\u043a\u0438 \u0442\u0430\u043a\u0436\u0435 \u043f\u0440\u0435\u0434\u0441\u0442\u0430\u0432\u043b\u044f\u044e\u0442 \u043e\u043f\u0430\u0441\u043d\u043e\u0441\u0442\u044c. \u041d\u0430\u0448 <a href=\"https:\/\/szkolenia-udt.pl\/ru\/kursy\/uprawnienia-udt-tdt-wdt\/podnosniki-koszowe\/\">\u043a\u0443\u0440\u0441 \u043f\u043e \u0440\u0430\u0431\u043e\u0442\u0435 \u0441 \u0432\u043e\u0437\u0434\u0443\u0448\u043d\u044b\u043c\u0438 \u043f\u043b\u0430\u0442\u0444\u043e\u0440\u043c\u0430\u043c\u0438<\/a> \u0438 \u043d\u043e\u0436\u043d\u0438\u0446 \u0438 \u0434\u043b\u044f \u0434\u0440\u0443\u0433\u0438\u0445 \u0442\u0438\u043f\u043e\u0432 \u043f\u043b\u0430\u0442\u0444\u043e\u0440\u043c, \u0443\u0447\u0438\u0442, \u043a\u0430\u043a \u0434\u0435\u0439\u0441\u0442\u0432\u043e\u0432\u0430\u0442\u044c \u043f\u0440\u0438 \u0440\u0430\u0431\u043e\u0442\u0435 \u0432\u0431\u043b\u0438\u0437\u0438 \u044d\u043b\u0435\u043a\u0442\u0440\u0438\u0447\u0435\u0441\u043a\u0438\u0445 \u0441\u0435\u0442\u0435\u0439 \u0438 \u043e\u0431\u043e\u0440\u0443\u0434\u043e\u0432\u0430\u043d\u0438\u044f.<\/p>\n<h2 class=\"boldnagl\"><strong>\u041d\u0430\u0438\u0431\u043e\u043b\u0435\u0435 \u0440\u0430\u0441\u043f\u0440\u043e\u0441\u0442\u0440\u0430\u043d\u0435\u043d\u043d\u044b\u043c\u0438 \u043f\u0440\u0438\u0447\u0438\u043d\u0430\u043c\u0438 \u043d\u0435\u0441\u0447\u0430\u0441\u0442\u043d\u044b\u0445 \u0441\u043b\u0443\u0447\u0430\u0435\u0432 \u043d\u0430 \u043f\u0440\u043e\u0438\u0437\u0432\u043e\u0434\u0441\u0442\u0432\u0435 \u0432\u0431\u043b\u0438\u0437\u0438 \u043b\u0438\u043d\u0438\u0439 \u044d\u043b\u0435\u043a\u0442\u0440\u043e\u043f\u0435\u0440\u0435\u0434\u0430\u0447\u0438 \u0438 \u043e\u0431\u043e\u0440\u0443\u0434\u043e\u0432\u0430\u043d\u0438\u044f \u044f\u0432\u043b\u044f\u044e\u0442\u0441\u044f:<\/strong><\/h2>\n<ul>\n<li>\u044d\u043b\u0435\u043c\u0435\u043d\u0442 \u043f\u043b\u0430\u0442\u0444\u043e\u0440\u043c\u044b \u0438\u043b\u0438 \u0440\u0430\u0431\u043e\u0442\u043d\u0438\u043a \u0432 \u043e\u043f\u0430\u0441\u043d\u043e\u0439 \u0431\u043b\u0438\u0437\u043e\u0441\u0442\u0438 \u043e\u0442 \u043a\u0430\u0431\u0435\u043b\u0435\u0439 \u0438 \u043e\u0431\u043e\u0440\u0443\u0434\u043e\u0432\u0430\u043d\u0438\u044f<\/li>\n<li>\u043d\u0435\u0437\u043d\u0430\u043d\u0438\u0435 \u0431\u043b\u0438\u0437\u043b\u0435\u0436\u0430\u0449\u0438\u0445 \u043a\u0430\u0431\u0435\u043b\u0435\u0439 \u0438\u043b\u0438 \u043e\u0431\u043e\u0440\u0443\u0434\u043e\u0432\u0430\u043d\u0438\u044f<\/li>\n<li>\u043d\u0435\u043d\u0430\u0434\u043b\u0435\u0436\u0430\u0449\u0435\u0435 \u043e\u0431\u0440\u0430\u0449\u0435\u043d\u0438\u0435 \u0441 \u043c\u043e\u0431\u0438\u043b\u044c\u043d\u043e\u0439 \u043f\u043b\u0430\u0442\u0444\u043e\u0440\u043c\u043e\u0439 \u0432\u0431\u043b\u0438\u0437\u0438 \u043a\u0430\u0431\u0435\u043b\u0435\u0439 \u0438\u043b\u0438 \u043e\u0431\u043e\u0440\u0443\u0434\u043e\u0432\u0430\u043d\u0438\u044f<\/li>\n<\/ul>\n<p>\u0427\u0442\u043e\u0431\u044b \u0441\u043d\u0438\u0437\u0438\u0442\u044c \u0440\u0438\u0441\u043a, \u043d\u0435\u043e\u0431\u0445\u043e\u0434\u0438\u043c\u043e \u043e\u0431\u043e\u0437\u043d\u0430\u0447\u0438\u0442\u044c \u043e\u043f\u0430\u0441\u043d\u0443\u044e \u0437\u043e\u043d\u0443 \u0434\u043b\u044f \u0440\u0430\u0431\u043e\u0442\u043d\u0438\u043a\u043e\u0432. \u042d\u0442\u0430 \u0437\u043e\u043d\u0430 \u0434\u043e\u043b\u0436\u043d\u0430 \u0431\u044b\u0442\u044c \u0441\u043e\u043e\u0442\u0432\u0435\u0442\u0441\u0442\u0432\u0443\u044e\u0449\u0438\u043c \u043e\u0431\u0440\u0430\u0437\u043e\u043c \u043e\u0431\u043e\u0437\u043d\u0430\u0447\u0435\u043d\u0430 \u0438 \u043e\u0433\u043e\u0440\u043e\u0436\u0435\u043d\u0430, \u0447\u0442\u043e\u0431\u044b \u043f\u0440\u0435\u0434\u043e\u0442\u0432\u0440\u0430\u0442\u0438\u0442\u044c \u043f\u0440\u043e\u043d\u0438\u043a\u043d\u043e\u0432\u0435\u043d\u0438\u0435 \u0432 \u043d\u0435\u0435 \u043f\u043e\u0441\u0442\u043e\u0440\u043e\u043d\u043d\u0438\u0445.<\/p>\n<h3 class=\"boldnagl\"><strong>\u0420\u0430\u0431\u043e\u0447\u0438\u0435 \u0434\u043e\u043b\u0436\u043d\u044b \u043d\u0430\u0445\u043e\u0434\u0438\u0442\u044c\u0441\u044f \u043d\u0430 \u0440\u0430\u0441\u0441\u0442\u043e\u044f\u043d\u0438\u0438 \u043d\u0435 \u043c\u0435\u043d\u0435\u0435:<\/strong><\/h3>\n<ul>\n<li>3 \u043c\u0435\u0442\u0440\u0430 \u0434\u043b\u044f \u043b\u0438\u043d\u0438\u0439 \u0441 \u043d\u043e\u043c\u0438\u043d\u0430\u043b\u044c\u043d\u044b\u043c \u043d\u0430\u043f\u0440\u044f\u0436\u0435\u043d\u0438\u0435\u043c \u0434\u043e 1 \u043a\u0412<\/li>\n<li>5 \u043c\u0435\u0442\u0440\u043e\u0432 \u0434\u043b\u044f \u043b\u0438\u043d\u0438\u0439 \u0441 \u043d\u043e\u043c\u0438\u043d\u0430\u043b\u044c\u043d\u044b\u043c \u043d\u0430\u043f\u0440\u044f\u0436\u0435\u043d\u0438\u0435\u043c \u0432\u044b\u0448\u0435 1 \u043a\u0412, \u043d\u043e \u0434\u043e 15 \u043a\u0412<\/li>\n<li>10 \u043c\u0435\u0442\u0440\u043e\u0432 \u0434\u043b\u044f \u043b\u0438\u043d\u0438\u0439 \u0441 \u043d\u043e\u043c\u0438\u043d\u0430\u043b\u044c\u043d\u044b\u043c \u043d\u0430\u043f\u0440\u044f\u0436\u0435\u043d\u0438\u0435\u043c \u0432\u044b\u0448\u0435 15 \u043a\u0412, \u043d\u043e \u0434\u043e 30 \u043a\u0412<\/li>\n<li>15 \u043c\u0435\u0442\u0440\u043e\u0432 \u0434\u043b\u044f \u043b\u0438\u043d\u0438\u0439 \u0441 \u043d\u043e\u043c\u0438\u043d\u0430\u043b\u044c\u043d\u044b\u043c \u043d\u0430\u043f\u0440\u044f\u0436\u0435\u043d\u0438\u0435\u043c \u0432\u044b\u0448\u0435 30 \u043a\u0412, \u043d\u043e \u0434\u043e 110 \u043a\u0412<\/li>\n<li>30 \u043c\u0435\u0442\u0440\u043e\u0432 \u0434\u043b\u044f \u043b\u0438\u043d\u0438\u0439 \u0441 \u043d\u043e\u043c\u0438\u043d\u0430\u043b\u044c\u043d\u044b\u043c \u043d\u0430\u043f\u0440\u044f\u0436\u0435\u043d\u0438\u0435\u043c \u0441\u0432\u044b\u0448\u0435 110 \u043a\u0412<\/li>\n<\/ul>\n<h3 class=\"boldnagl\"><strong>\u041a\u043b\u044e\u0447\u0435\u0432\u044b\u0435 \u043f\u0440\u0438\u043d\u0446\u0438\u043f\u044b \u0431\u0435\u0437\u043e\u043f\u0430\u0441\u043d\u043e\u0441\u0442\u0438:<\/strong><\/h3>\n<ul>\n<li>\u043f\u043e \u0432\u043e\u0437\u043c\u043e\u0436\u043d\u043e\u0441\u0442\u0438 \u043e\u0442\u043a\u043b\u044e\u0447\u0438\u0442\u044c \u043e\u0431\u043e\u0440\u0443\u0434\u043e\u0432\u0430\u043d\u0438\u0435 \u0438 \u0441\u0435\u0442\u0438<\/li>\n<li>\u0435\u0441\u043b\u0438 \u044d\u0442\u043e \u043d\u0435\u0432\u043e\u0437\u043c\u043e\u0436\u043d\u043e, \u0440\u0430\u0431\u043e\u0447\u0430\u044f \u0437\u043e\u043d\u0430 \u0434\u043e\u043b\u0436\u043d\u0430 \u0431\u044b\u0442\u044c \u0430\u0434\u0435\u043a\u0432\u0430\u0442\u043d\u043e \u0437\u0430\u0449\u0438\u0449\u0435\u043d\u0430 \u0441 \u043f\u043e\u043c\u043e\u0449\u044c\u044e \u043e\u0433\u0440\u0430\u0436\u0434\u0435\u043d\u0438\u0439<\/li>\n<li>\u0440\u0430\u0431\u043e\u0447\u0430\u044f \u0437\u043e\u043d\u0430 \u0434\u043e\u043b\u0436\u043d\u0430 \u043f\u043e\u0441\u0442\u043e\u044f\u043d\u043d\u043e \u043a\u043e\u043d\u0442\u0440\u043e\u043b\u0438\u0440\u043e\u0432\u0430\u0442\u044c\u0441\u044f<\/li>\n<li>\u0432\u0441\u0435 \u0441\u043e\u0442\u0440\u0443\u0434\u043d\u0438\u043a\u0438 \u0434\u043e\u043b\u0436\u043d\u044b \u0431\u044b\u0442\u044c \u043f\u0440\u043e\u0438\u043d\u0444\u043e\u0440\u043c\u0438\u0440\u043e\u0432\u0430\u043d\u044b \u043e \u043f\u0440\u043e\u0446\u0435\u0434\u0443\u0440\u0430\u0445<\/li>\n<li>\u043e\u043f\u0440\u0435\u0434\u0435\u043b\u0438\u0442\u044c \u043c\u0430\u043a\u0441\u0438\u043c\u0430\u043b\u044c\u043d\u043e\u0435 \u0440\u0430\u0441\u0441\u0442\u043e\u044f\u043d\u0438\u0435 \u0434\u043e \u0441\u0442\u0440\u0435\u043b\u044b<\/li>\n<\/ul>\n<p>\u041f\u0440\u0430\u0432\u0438\u043b\u044c\u043d\u043e\u0435 \u043e\u0431\u0443\u0447\u0435\u043d\u0438\u0435 \u0440\u0430\u0431\u043e\u0442\u043d\u0438\u043a\u043e\u0432 \u0438 \u0441\u043e\u0431\u043b\u044e\u0434\u0435\u043d\u0438\u0435 \u043f\u0440\u043e\u0446\u0435\u0434\u0443\u0440 \u043d\u0430 \u0440\u0430\u0431\u043e\u0447\u0435\u043c \u043c\u0435\u0441\u0442\u0435 \u0438\u043c\u0435\u0435\u0442 \u0440\u0435\u0448\u0430\u044e\u0449\u0435\u0435 \u0437\u043d\u0430\u0447\u0435\u043d\u0438\u0435. \u041b\u0438\u043d\u0438\u0438 \u044d\u043b\u0435\u043a\u0442\u0440\u043e\u043f\u0435\u0440\u0435\u0434\u0430\u0447 \u0438 \u043e\u0431\u043e\u0440\u0443\u0434\u043e\u0432\u0430\u043d\u0438\u0435 \u043f\u0440\u0435\u0434\u0441\u0442\u0430\u0432\u043b\u044f\u044e\u0442 \u0437\u043d\u0430\u0447\u0438\u0442\u0435\u043b\u044c\u043d\u0443\u044e \u043e\u043f\u0430\u0441\u043d\u043e\u0441\u0442\u044c \u0434\u043b\u044f \u0440\u0430\u0431\u043e\u0442\u043d\u0438\u043a\u043e\u0432, \u0438\u0441\u043f\u043e\u043b\u044c\u0437\u0443\u044e\u0449\u0438\u0445 \u043c\u043e\u0431\u0438\u043b\u044c\u043d\u044b\u0435 \u043f\u043b\u0430\u0442\u0444\u043e\u0440\u043c\u044b, \u043f\u043e\u044d\u0442\u043e\u043c\u0443 \u043d\u0430 \u043d\u0430\u0448\u0438\u0445 \u0437\u0430\u043d\u044f\u0442\u0438\u044f\u0445 \u043e\u0441\u043e\u0431\u043e\u0435 \u0432\u043d\u0438\u043c\u0430\u043d\u0438\u0435 \u0443\u0434\u0435\u043b\u044f\u0435\u0442\u0441\u044f \u043d\u0430\u0434\u043b\u0435\u0436\u0430\u0449\u0435\u0439 \u043f\u043e\u0434\u0433\u043e\u0442\u043e\u0432\u043a\u0435 \u043f\u043e \u0432\u043e\u043f\u0440\u043e\u0441\u0430\u043c \u043e\u0445\u0440\u0430\u043d\u044b \u0442\u0440\u0443\u0434\u0430 \u0438 \u0442\u0435\u0445\u043d\u0438\u043a\u0438 \u0431\u0435\u0437\u043e\u043f\u0430\u0441\u043d\u043e\u0441\u0442\u0438.<\/p>\n<p>\u0415\u0441\u043b\u0438 \u0432\u044b \u0437\u0430\u0438\u043d\u0442\u0435\u0440\u0435\u0441\u043e\u0432\u0430\u043d\u044b \u0432 \u043f\u0440\u043e\u0445\u043e\u0436\u0434\u0435\u043d\u0438\u0438 \u043a\u0443\u0440\u0441\u0430 \u043e\u0431\u0443\u0447\u0435\u043d\u0438\u044f \u043f\u043e \u043d\u043e\u0436\u043d\u0438\u0447\u043d\u044b\u043c \u043f\u043e\u0434\u044a\u0435\u043c\u043d\u0438\u043a\u0430\u043c \u0438\u043b\u0438 \u0432\u043e\u0437\u0434\u0443\u0448\u043d\u044b\u043c \u0440\u0430\u0431\u043e\u0447\u0438\u043c \u043f\u043b\u0430\u0442\u0444\u043e\u0440\u043c\u0430\u043c \u0432 \u0412\u0430\u0440\u0448\u0430\u0432\u0435 \u0438\u043b\u0438 \u0432 \u043d\u0430\u0448\u0438\u0445 \u0444\u0438\u043b\u0438\u0430\u043b\u0430\u0445 \u0432 \u041f\u043e\u043b\u044c\u0448\u0435 - \u041a\u0440\u0430\u043a\u043e\u0432\u0435, \u041a\u0430\u0442\u043e\u0432\u0438\u0446\u0435 \u0438 \u0411\u0435\u043b\u044c\u0441\u043a\u043e-\u0411\u044f\u043b\u0435, \u043f\u043e\u0436\u0430\u043b\u0443\u0439\u0441\u0442\u0430, \u0441\u0432\u044f\u0436\u0438\u0442\u0435\u0441\u044c \u0441 \u043d\u0430\u043c\u0438 \u043f\u043e \u0430\u0434\u0440\u0435\u0441\u0443 <a href=\"https:\/\/szkolenia-udt.pl\/ru\/kontakt\/\">\u043e\u0431\u0440\u0430\u0449\u0435\u043d\u0438\u0435 \u043a \u043d\u0430\u043c<\/a>!<\/p>\n<\/div>","protected":false},"excerpt":{"rendered":"<p>W\u015br\u00f3d jednych z najcz\u0119\u015bciej wyst\u0119puj\u0105cych powod\u00f3w wypadk\u00f3w \u015bmiertelnych przy obs\u0142udze podest\u00f3w ruchomych znajduje si\u0119 pora\u017cenie pr\u0105dem elektrycznym. Dotyczy to w szczeg\u00f3lno\u015bci pracy w pobli\u017cu linii energetycznych, ale r\u00f3wnie\u017c zagro\u017ceniem s\u0105 nieodpowiednio eksploatowane i konserwowane instalacje podest\u00f3w ruchomych. Nasz kurs podno\u015bniki koszowe oraz no\u017cycowe i dla innych rodzaj\u00f3w podest\u00f3w uczy, jak post\u0119powa\u0107 w przypadku prac w [&hellip;]<\/p>\n","protected":false},"author":3,"featured_media":1380,"parent":35,"menu_order":0,"comment_status":"closed","ping_status":"closed","template":"","meta":{"footnotes":""},"class_list":["post-246","page","type-page","status-publish","has-post-thumbnail","hentry"],"aioseo_notices":[],"_links":{"self":[{"href":"https:\/\/szkolenia-udt.pl\/ru\/wp-json\/wp\/v2\/pages\/246","targetHints":{"allow":["GET"]}}],"collection":[{"href":"https:\/\/szkolenia-udt.pl\/ru\/wp-json\/wp\/v2\/pages"}],"about":[{"href":"https:\/\/szkolenia-udt.pl\/ru\/wp-json\/wp\/v2\/types\/page"}],"author":[{"embeddable":true,"href":"https:\/\/szkolenia-udt.pl\/ru\/wp-json\/wp\/v2\/users\/3"}],"replies":[{"embeddable":true,"href":"https:\/\/szkolenia-udt.pl\/ru\/wp-json\/wp\/v2\/comments?post=246"}],"version-history":[{"count":11,"href":"https:\/\/szkolenia-udt.pl\/ru\/wp-json\/wp\/v2\/pages\/246\/revisions"}],"predecessor-version":[{"id":2380,"href":"https:\/\/szkolenia-udt.pl\/ru\/wp-json\/wp\/v2\/pages\/246\/revisions\/2380"}],"up":[{"embeddable":true,"href":"https:\/\/szkolenia-udt.pl\/ru\/wp-json\/wp\/v2\/pages\/35"}],"wp:featuredmedia":[{"embeddable":true,"href":"https:\/\/szkolenia-udt.pl\/ru\/wp-json\/wp\/v2\/media\/1380"}],"wp:attachment":[{"href":"https:\/\/szkolenia-udt.pl\/ru\/wp-json\/wp\/v2\/media?parent=246"}],"curies":[{"name":"wp","href":"https:\/\/api.w.org\/{rel}","templated":true}]}}