{"id":2514,"date":"2021-09-21T19:24:19","date_gmt":"2021-09-21T19:24:19","guid":{"rendered":"https:\/\/szkolenia-udt.pl\/?page_id=2514"},"modified":"2021-10-16T00:48:58","modified_gmt":"2021-10-15T22:48:58","slug":"%d0%be%d0%bf%d0%b5%d1%80%d0%b0%d1%82%d0%be%d1%80-%d1%81%d0%bc%d0%be%d1%82%d1%80%d0%b8%d1%82%d0%b5%d0%bb%d1%8c-%d0%ba%d1%80%d0%b0%d0%bd%d0%b0","status":"publish","type":"page","link":"https:\/\/szkolenia-udt.pl\/ru\/operator-konserwator-suwnic\/","title":{"rendered":"\u041a\u0443\u0440\u0441 \u043a\u0440\u0430\u043d\u043e\u0432 \u0441 \u044d\u043a\u0437\u0430\u043c\u0435\u043d\u043e\u043c UDT \u0432 \u0412\u0430\u0440\u0448\u0430\u0432\u0435"},"content":{"rendered":"<p><a href=\"https:\/\/szkolenia-udt.pl\/wp-content\/uploads\/2021\/09\/suwnice.jpg\"><img loading=\"lazy\" decoding=\"async\" class=\"obrazekpadding alignleft wp-image-2553 size-medium\" src=\"https:\/\/szkolenia-udt.pl\/wp-content\/uploads\/2021\/09\/suwnice-300x169.jpg\" alt=\"\" width=\"300\" height=\"169\" srcset=\"https:\/\/szkolenia-udt.pl\/wp-content\/uploads\/2021\/09\/suwnice-300x169.jpg 300w, https:\/\/szkolenia-udt.pl\/wp-content\/uploads\/2021\/09\/suwnice-1024x576.jpg 1024w, https:\/\/szkolenia-udt.pl\/wp-content\/uploads\/2021\/09\/suwnice-768x432.jpg 768w, https:\/\/szkolenia-udt.pl\/wp-content\/uploads\/2021\/09\/suwnice.jpg 1327w\" sizes=\"auto, (max-width: 300px) 100vw, 300px\" \/><\/a><strong>\u041e\u0431\u0443\u0447\u0435\u043d\u0438\u0435 \u0434\u043b\u044f \u043a\u0440\u0430\u043d\u043e\u0432\u0449\u0438\u043a\u043e\u0432<\/strong> \u043f\u0440\u043e\u0432\u043e\u0434\u0438\u0442\u0441\u044f \u0432 \u043d\u0430\u0448\u0435\u043c \u0443\u0447\u0435\u0431\u043d\u043e\u043c \u0446\u0435\u043d\u0442\u0440\u0435 \u0432 \u0412\u0430\u0440\u0448\u0430\u0432\u0435 \u043d\u0430 \u043d\u0430\u0448\u0435\u043c \u043a\u0440\u0430\u043d\u0435 \u0438\u043b\u0438 \u043d\u0430 \u0442\u0435\u0440\u0440\u0438\u0442\u043e\u0440\u0438\u0438 \u043a\u043b\u0438\u0435\u043d\u0442\u0430. \u041a\u0443\u0440\u0441, \u043e\u0440\u0433\u0430\u043d\u0438\u0437\u043e\u0432\u0430\u043d\u043d\u044b\u0439 \u043d\u0430\u0448\u0438\u043c \u0446\u0435\u043d\u0442\u0440\u043e\u043c, \u0441\u043e\u0441\u0442\u043e\u0438\u0442 \u0438\u0437 \u043d\u0435\u0441\u043a\u043e\u043b\u044c\u043a\u0438\u0445 \u0447\u0430\u0441\u0442\u0435\u0439:<\/p>\n<ul>\n<li>\u0422\u0435\u043e\u0440\u0435\u0442\u0438\u0447\u0435\u0441\u043a\u0438\u0439<\/li>\n<li>\u041f\u0440\u0430\u043a\u0442\u0438\u043a\u0430<\/li>\n<li>\u041e\u0431\u0441\u043b\u0435\u0434\u043e\u0432\u0430\u043d\u0438\u0435 \u0423\u0414\u0422<\/li>\n<\/ul>\n<p>\u0412\u0441\u0435 \u0447\u0430\u0441\u0442\u0438 \u043a\u0443\u0440\u0441\u0430 \u043f\u0440\u043e\u0445\u043e\u0434\u044f\u0442 \u0432 \u043d\u0430\u0448\u0435\u043c \u0443\u0447\u0435\u0431\u043d\u043e\u043c \u0437\u0430\u043b\u0435 \u0432 \u0412\u0430\u0440\u0448\u0430\u0432\u0435 \u0438\u043b\u0438 \u043d\u0430 \u043f\u0440\u0435\u0434\u043f\u0440\u0438\u044f\u0442\u0438\u0438 \u0437\u0430\u043a\u0430\u0437\u0447\u0438\u043a\u0430 - \u043f\u0440\u043e\u0435\u0437\u0434 \u0434\u043e \u0437\u0430\u043a\u0430\u0437\u0447\u0438\u043a\u0430 \u0431\u0435\u0441\u043f\u043b\u0430\u0442\u043d\u044b\u0439. \u041a\u0440\u0430\u043d, \u043d\u0430 \u043a\u043e\u0442\u043e\u0440\u043e\u043c \u0431\u0443\u0434\u0435\u0442 \u043f\u0440\u043e\u0432\u043e\u0434\u0438\u0442\u044c\u0441\u044f \u044d\u043a\u0437\u0430\u043c\u0435\u043d UDT, \u0434\u043e\u043b\u0436\u0435\u043d \u0438\u043c\u0435\u0442\u044c \u0434\u0435\u0439\u0441\u0442\u0432\u0443\u044e\u0449\u0435\u0435 \u0440\u0435\u0448\u0435\u043d\u0438\u0435 UDT. \u041e\u0431\u0443\u0447\u0435\u043d\u0438\u0435 \u043e\u043f\u0435\u0440\u0430\u0442\u043e\u0440\u043e\u0432 \u0438 \u043e\u0431\u0441\u043b\u0443\u0436\u0438\u0432\u0430\u044e\u0449\u0435\u0433\u043e \u043f\u0435\u0440\u0441\u043e\u043d\u0430\u043b\u0430 \u043a\u0440\u0430\u043d\u043e\u0432 \u0432\u0441\u0435\u0433\u0434\u0430 \u0437\u0430\u043a\u0430\u043d\u0447\u0438\u0432\u0430\u0435\u0442\u0441\u044f \u0441\u0434\u0430\u0447\u0435\u0439 \u0433\u043e\u0441\u0443\u0434\u0430\u0440\u0441\u0442\u0432\u0435\u043d\u043d\u043e\u0433\u043e \u044d\u043a\u0437\u0430\u043c\u0435\u043d\u0430. \u041d\u0430\u0448\u0438 \u043f\u0440\u0435\u043f\u043e\u0434\u0430\u0432\u0430\u0442\u0435\u043b\u0438 \u043d\u0430\u0434\u0435\u0436\u043d\u043e \u043f\u043e\u0434\u0433\u043e\u0442\u043e\u0432\u044f\u0442 \u0432\u0430\u0441 \u043a \u0441\u0434\u0430\u0447\u0435 \u044d\u043a\u0437\u0430\u043c\u0435\u043d\u0430 UDT \u043a\u0430\u043a \u0432 \u0442\u0435\u043e\u0440\u0435\u0442\u0438\u0447\u0435\u0441\u043a\u043e\u0439, \u0442\u0430\u043a \u0438 \u0432 \u043f\u0440\u0430\u043a\u0442\u0438\u0447\u0435\u0441\u043a\u043e\u0439 \u0447\u0430\u0441\u0442\u0438.<\/p>\n<h2>\u041a\u043e\u043c\u0443 \u043d\u0443\u0436\u043d\u0430 \u043b\u0438\u0446\u0435\u043d\u0437\u0438\u044f \u043d\u0430 \u0443\u043f\u0440\u0430\u0432\u043b\u0435\u043d\u0438\u0435 \u043a\u0440\u0430\u043d\u043e\u043c?<\/h2>\n<p class=\"big\">\u041a\u0443\u0440\u0441 \u0440\u0430\u0441\u0441\u0447\u0438\u0442\u0430\u043d \u043d\u0430 \u043b\u044e\u0434\u0435\u0439, \u043a\u043e\u0442\u043e\u0440\u044b\u0435 \u0445\u043e\u0442\u044f\u0442 \u043b\u0438\u0447\u043d\u043e\u0441\u0442\u043d\u043e \u0440\u0430\u0437\u0432\u0438\u0432\u0430\u0442\u044c\u0441\u044f, \u043b\u0443\u0447\u0448\u0435 \u0437\u0430\u0440\u0430\u0431\u0430\u0442\u044b\u0432\u0430\u0442\u044c \u0438 \u0438\u043c\u0435\u0442\u044c \u0438\u043d\u0442\u0435\u0440\u0435\u0441\u043d\u0443\u044e \u0440\u0430\u0431\u043e\u0442\u0443. \u0415\u0441\u043b\u0438 \u0432\u044b \u0445\u043e\u0442\u0438\u0442\u0435 \u0441\u0442\u0430\u0442\u044c \u0441\u043f\u0435\u0446\u0438\u0430\u043b\u0438\u0441\u0442\u043e\u043c \u043f\u043e \u044d\u043a\u0441\u043f\u043b\u0443\u0430\u0442\u0430\u0446\u0438\u0438 \u0441\u0435\u0440\u0442\u0438\u0444\u0438\u0446\u0438\u0440\u043e\u0432\u0430\u043d\u043d\u044b\u0445 UDT \u043a\u0440\u0430\u043d\u043e\u0432, \u043c\u044b \u043f\u0440\u0438\u0433\u043b\u0430\u0448\u0430\u0435\u043c \u0432\u0430\u0441 \u043d\u0430 \u043d\u0430\u0448 \u0443\u0447\u0435\u0431\u043d\u044b\u0439 \u043a\u0443\u0440\u0441.<a href=\"https:\/\/szkolenia-udt.pl\/wp-content\/uploads\/2021\/09\/UDT-ERGON1-e1632345371420.jpg\"><img loading=\"lazy\" decoding=\"async\" class=\"aligncenter wp-image-2555 size-large\" src=\"https:\/\/szkolenia-udt.pl\/wp-content\/uploads\/2021\/09\/UDT-ERGON1-e1632345371420-1024x310.jpg\" alt=\"\" width=\"750\" height=\"227\" srcset=\"https:\/\/szkolenia-udt.pl\/wp-content\/uploads\/2021\/09\/UDT-ERGON1-e1632345371420-1024x310.jpg 1024w, https:\/\/szkolenia-udt.pl\/wp-content\/uploads\/2021\/09\/UDT-ERGON1-e1632345371420-300x91.jpg 300w, https:\/\/szkolenia-udt.pl\/wp-content\/uploads\/2021\/09\/UDT-ERGON1-e1632345371420-768x232.jpg 768w, https:\/\/szkolenia-udt.pl\/wp-content\/uploads\/2021\/09\/UDT-ERGON1-e1632345371420-1536x464.jpg 1536w, https:\/\/szkolenia-udt.pl\/wp-content\/uploads\/2021\/09\/UDT-ERGON1-e1632345371420.jpg 1588w\" sizes=\"auto, (max-width: 750px) 100vw, 750px\" \/><\/a><\/p>\n<h2>\u0426\u0435\u043d\u0430 \u043e\u0431\u0443\u0447\u0435\u043d\u0438\u044f \u0440\u0430\u0431\u043e\u0442\u0435 \u0441 \u043a\u0440\u0430\u043d\u043e\u043c<\/h2>\n<div>\u0422\u0435\u043a\u0443\u0449\u0430\u044f \u0446\u0435\u043d\u0430 \u043d\u0430 \u043e\u0431\u0443\u0447\u0435\u043d\u0438\u0435 \u043a\u0440\u0430\u043d\u043e\u0432\u0449\u0438\u043a\u043e\u0432 \u0443\u0441\u0442\u0430\u043d\u0430\u0432\u043b\u0438\u0432\u0430\u0435\u0442\u0441\u044f \u043f\u043e \u0442\u0435\u043b\u0435\u0444\u043e\u043d\u0443.<\/div>\n<div>\u041d\u0435 \u0441\u0442\u0435\u0441\u043d\u044f\u0439\u0442\u0435\u0441\u044c \u0441\u0432\u044f\u0437\u0430\u0442\u044c\u0441\u044f \u0441 \u043d\u0430\u043c\u0438 \u043f\u043e \u043d\u043e\u043c\u0435\u0440\u0443:<\/div>\n<div style=\"text-align: center;\"><a style=\"font-size: 28px; font-weight: bold;\" href=\"tel:+48504477077\">+48 504 477 077<\/a><\/div>\n<p><a href=\"https:\/\/szkolenia-udt.pl\/wp-content\/uploads\/2021\/09\/suwnica_2.jpg\"><img loading=\"lazy\" decoding=\"async\" class=\"size-medium wp-image-2519 alignright obrazekpadding\" src=\"https:\/\/szkolenia-udt.pl\/wp-content\/uploads\/2021\/09\/suwnica_2-300x185.jpg\" alt=\"\" width=\"300\" height=\"185\" srcset=\"https:\/\/szkolenia-udt.pl\/wp-content\/uploads\/2021\/09\/suwnica_2-300x185.jpg 300w, https:\/\/szkolenia-udt.pl\/wp-content\/uploads\/2021\/09\/suwnica_2-1024x631.jpg 1024w, https:\/\/szkolenia-udt.pl\/wp-content\/uploads\/2021\/09\/suwnica_2-768x474.jpg 768w, https:\/\/szkolenia-udt.pl\/wp-content\/uploads\/2021\/09\/suwnica_2.jpg 1273w\" sizes=\"auto, (max-width: 300px) 100vw, 300px\" \/><\/a><\/p>\n<h2 class=\"boldnagl\">\u0412 \u043a\u0430\u0436\u0434\u043e\u043c \u043a\u0443\u0440\u0441\u0435 \u043f\u043e \u043a\u0440\u0430\u043d\u0430\u043c \u0440\u0430\u0441\u0441\u043c\u0430\u0442\u0440\u0438\u0432\u0430\u0435\u0442\u0441\u044f \u0441\u043b\u0435\u0434\u0443\u044e\u0449\u0430\u044f \u0438\u043d\u0444\u043e\u0440\u043c\u0430\u0446\u0438\u044f, \u043d\u0435\u043e\u0431\u0445\u043e\u0434\u0438\u043c\u0430\u044f \u0434\u043b\u044f \u0440\u0430\u0431\u043e\u0442\u044b \u0432 \u0434\u043e\u043b\u0436\u043d\u043e\u0441\u0442\u0438 \u043e\u043f\u0435\u0440\u0430\u0442\u043e\u0440\u0430:<\/h2>\n<ul>\n<li>\u043d\u0430\u0434\u0437\u043e\u0440 \u0437\u0430 \u0442\u0435\u0445\u043d\u0438\u0447\u0435\u0441\u043a\u0438\u043c \u043e\u0431\u043e\u0440\u0443\u0434\u043e\u0432\u0430\u043d\u0438\u0435\u043c<\/li>\n<li>\u0441\u0442\u0440\u043e\u0438\u0442\u0435\u043b\u044c\u0441\u0442\u0432\u043e \u0438 \u044d\u043a\u0441\u043f\u043b\u0443\u0430\u0442\u0430\u0446\u0438\u044f \u043e\u0431\u043e\u0440\u0443\u0434\u043e\u0432\u0430\u043d\u0438\u044f<\/li>\n<li>\u043e\u0431\u044f\u0437\u0430\u043d\u043d\u043e\u0441\u0442\u0438 \u043e\u043f\u0435\u0440\u0430\u0442\u043e\u0440\u0430 \u043d\u0430 \u0440\u0430\u0431\u043e\u0447\u0435\u043c \u043c\u0435\u0441\u0442\u0435<\/li>\n<li>\u043f\u0440\u0430\u0432\u0438\u043b\u0430 \u043e\u0445\u0440\u0430\u043d\u044b \u0442\u0440\u0443\u0434\u0430 \u0438 \u0442\u0435\u0445\u043d\u0438\u043a\u0438 \u0431\u0435\u0437\u043e\u043f\u0430\u0441\u043d\u043e\u0441\u0442\u0438<\/li>\n<li>\u043f\u0440\u0430\u043a\u0442\u0438\u0447\u0435\u0441\u043a\u0438\u0435 \u0437\u0430\u043d\u044f\u0442\u0438\u044f<\/li>\n<\/ul>\n<p>\u041a\u043e\u0433\u0434\u0430 \u0440\u0435\u0447\u044c \u0438\u0434\u0435\u0442 \u043e \u043c\u043e\u0441\u0442\u043e\u0432\u044b\u0445 \u043a\u0440\u0430\u043d\u0430\u0445, \u043d\u0430\u0448 \u043a\u0443\u0440\u0441 \u043d\u0430\u0441\u044b\u0449\u0435\u043d \u043d\u0435 \u0442\u043e\u043b\u044c\u043a\u043e \u0442\u0435\u043e\u0440\u0438\u0435\u0439, \u043d\u043e \u0438 \u043f\u0440\u0430\u043a\u0442\u0438\u0447\u0435\u0441\u043a\u0438\u043c\u0438 \u0437\u0430\u043d\u044f\u0442\u0438\u044f\u043c\u0438 \u0441 \u0438\u0441\u043f\u043e\u043b\u044c\u0437\u043e\u0432\u0430\u043d\u0438\u0435\u043c \u043e\u0431\u043e\u0440\u0443\u0434\u043e\u0432\u0430\u043d\u0438\u044f. \u0412 \u0445\u043e\u0434\u0435 \u043d\u0438\u0445 \u0443\u0447\u0430\u0441\u0442\u043d\u0438\u043a\u0438 \u043c\u043e\u0433\u0443\u0442 \u043f\u0440\u0438\u043c\u0435\u043d\u0438\u0442\u044c \u043f\u043e\u043b\u0443\u0447\u0435\u043d\u043d\u044b\u0435 \u0437\u043d\u0430\u043d\u0438\u044f \u0438 \u043d\u0430\u0443\u0447\u0438\u0442\u044c\u0441\u044f \u043f\u0440\u0430\u0432\u0438\u043b\u044c\u043d\u043e \u0438 \u0431\u0435\u0437\u043e\u043f\u0430\u0441\u043d\u043e \u044d\u043a\u0441\u043f\u043b\u0443\u0430\u0442\u0438\u0440\u043e\u0432\u0430\u0442\u044c \u043e\u0431\u043e\u0440\u0443\u0434\u043e\u0432\u0430\u043d\u0438\u0435 \u043d\u0430 \u0440\u0430\u0431\u043e\u0447\u0435\u043c \u043c\u0435\u0441\u0442\u0435. \u041f\u043e \u043e\u043a\u043e\u043d\u0447\u0430\u043d\u0438\u0438 \u043a\u0443\u0440\u0441\u0430 \u0443\u0447\u0430\u0441\u0442\u043d\u0438\u043a\u0438 \u0441\u0434\u0430\u044e\u0442 \u044d\u043a\u0437\u0430\u043c\u0435\u043d, \u043f\u043e\u043b\u0443\u0447\u0430\u044e\u0442 \u0441\u0432\u0438\u0434\u0435\u0442\u0435\u043b\u044c\u0441\u0442\u0432\u043e \u043e \u043f\u0440\u043e\u0445\u043e\u0436\u0434\u0435\u043d\u0438\u0438 \u043a\u0443\u0440\u0441\u0430 \u043f\u043e\u0434\u0433\u043e\u0442\u043e\u0432\u043a\u0438 \u043a\u0440\u0430\u043d\u043e\u0432\u0449\u0438\u043a\u043e\u0432 \u0438 \u043b\u0438\u0446\u0435\u043d\u0437\u0438\u044e \u043d\u0430 \u0443\u043f\u0440\u0430\u0432\u043b\u0435\u043d\u0438\u0435 \u043e\u0431\u043e\u0440\u0443\u0434\u043e\u0432\u0430\u043d\u0438\u0435\u043c, \u0432\u044b\u0434\u0430\u043d\u043d\u0443\u044e UDT.<\/p>\n<h2 class=\"boldnagl\">\u0422\u0440\u0435\u0431\u043e\u0432\u0430\u043d\u0438\u044f<\/h2>\n<p>\u041a\u0443\u0440\u0441 \u043f\u043e \u043a\u0440\u0430\u043d\u0430\u043c \u043f\u0440\u0435\u0434\u043d\u0430\u0437\u043d\u0430\u0447\u0435\u043d \u0434\u043b\u044f \u0442\u0435\u0445, \u043a\u0442\u043e \u043e\u0442\u0432\u0435\u0447\u0430\u0435\u0442 \u0441\u043b\u0435\u0434\u0443\u044e\u0449\u0438\u043c \u0442\u0440\u0435\u0431\u043e\u0432\u0430\u043d\u0438\u044f\u043c:<\/p>\n<ul>\n<li>\u043d\u0435 \u043c\u043e\u043b\u043e\u0436\u0435 18 \u043b\u0435\u0442<\/li>\n<li>\u043e\u043a\u043e\u043d\u0447\u0438\u043b\u0438 \u043a\u0430\u043a \u043c\u0438\u043d\u0438\u043c\u0443\u043c \u043d\u0430\u0447\u0430\u043b\u044c\u043d\u0443\u044e \u0448\u043a\u043e\u043b\u0443<\/li>\n<li>\u043d\u0435 \u0438\u043c\u0435\u0442\u044c \u043c\u0435\u0434\u0438\u0446\u0438\u043d\u0441\u043a\u0438\u0445 \u043f\u0440\u043e\u0442\u0438\u0432\u043e\u043f\u043e\u043a\u0430\u0437\u0430\u043d\u0438\u0439 \u0434\u043b\u044f \u0440\u0430\u0431\u043e\u0442\u044b \u0432 \u043a\u0430\u0447\u0435\u0441\u0442\u0432\u0435 \u043e\u043f\u0435\u0440\u0430\u0442\u043e\u0440\u0430<\/li>\n<\/ul>\n<h2 class=\"boldnagl\">\u0413\u0434\u0435 \u043c\u044b \u0440\u0430\u0431\u043e\u0442\u0430\u0435\u043c?<\/h2>\n<p>\u041a\u0443\u0440\u0441\u044b \u0434\u043b\u044f \u043a\u0440\u0430\u043d\u043e\u0432 \u043f\u0440\u043e\u0432\u043e\u0434\u044f\u0442\u0441\u044f \u0432 \u041f\u043e\u043b\u044c\u0448\u0435 \u0438 \u0432 \u043b\u044e\u0431\u043e\u043c \u043c\u0435\u0441\u0442\u0435, \u0443\u043a\u0430\u0437\u0430\u043d\u043d\u043e\u043c \u043d\u0430\u0448\u0438\u043c\u0438 \u043a\u043b\u0438\u0435\u043d\u0442\u0430\u043c\u0438 - \u043c\u044b \u043f\u0440\u0438\u0431\u044b\u0432\u0430\u0435\u043c \u043d\u0430 \u043c\u0435\u0441\u0442\u043e \u043f\u043e \u0432\u0441\u0435\u0439 \u0441\u0442\u0440\u0430\u043d\u0435. \u041d\u0430\u0448 \u0433\u043e\u043b\u043e\u0432\u043d\u043e\u0439 \u043e\u0444\u0438\u0441 \u043d\u0430\u0445\u043e\u0434\u0438\u0442\u0441\u044f \u0432 \u0412\u0430\u0440\u0448\u0430\u0432\u0435.<\/p>\n<p><a href=\"https:\/\/szkolenia-udt.pl\/wp-content\/uploads\/2021\/10\/Kopia-0031-oso-suwnice-ogolnego-i-specjalnego-przeznaczenia.jpg\"><img loading=\"lazy\" decoding=\"async\" class=\"alignnone wp-image-2569 size-large\" src=\"https:\/\/szkolenia-udt.pl\/wp-content\/uploads\/2021\/10\/Kopia-0031-oso-suwnice-ogolnego-i-specjalnego-przeznaczenia-1024x853.jpg\" alt=\"\" width=\"750\" height=\"625\" srcset=\"https:\/\/szkolenia-udt.pl\/wp-content\/uploads\/2021\/10\/Kopia-0031-oso-suwnice-ogolnego-i-specjalnego-przeznaczenia-1024x853.jpg 1024w, https:\/\/szkolenia-udt.pl\/wp-content\/uploads\/2021\/10\/Kopia-0031-oso-suwnice-ogolnego-i-specjalnego-przeznaczenia-300x250.jpg 300w, https:\/\/szkolenia-udt.pl\/wp-content\/uploads\/2021\/10\/Kopia-0031-oso-suwnice-ogolnego-i-specjalnego-przeznaczenia-768x640.jpg 768w, https:\/\/szkolenia-udt.pl\/wp-content\/uploads\/2021\/10\/Kopia-0031-oso-suwnice-ogolnego-i-specjalnego-przeznaczenia.jpg 1200w\" sizes=\"auto, (max-width: 750px) 100vw, 750px\" \/><\/a><\/p>","protected":false},"excerpt":{"rendered":"<p>Szkolenie na suwnice odbywa si\u0119 na naszej hali szkoleniowej w Warszawie na naszej suwnicy lub na terenie firmy klienta. Organizowany przez nasz o\u015brodek kurs sk\u0142ada si\u0119 z cz\u0119\u015bci: Teoretycznej Praktycznej Egzaminu UDT Wszystkie cz\u0119\u015bci kursu odbywaj\u0105 si\u0119 na naszej hali szkoleniowej w Warszawie lub w firmie klienta \u2013 dojazd do klienta gratis. Suwnica na kt\u00f3rej [&hellip;]<\/p>\n","protected":false},"author":3,"featured_media":2517,"parent":0,"menu_order":0,"comment_status":"closed","ping_status":"closed","template":"","meta":{"footnotes":""},"class_list":["post-2514","page","type-page","status-publish","has-post-thumbnail","hentry"],"aioseo_notices":[],"_links":{"self":[{"href":"https:\/\/szkolenia-udt.pl\/ru\/wp-json\/wp\/v2\/pages\/2514","targetHints":{"allow":["GET"]}}],"collection":[{"href":"https:\/\/szkolenia-udt.pl\/ru\/wp-json\/wp\/v2\/pages"}],"about":[{"href":"https:\/\/szkolenia-udt.pl\/ru\/wp-json\/wp\/v2\/types\/page"}],"author":[{"embeddable":true,"href":"https:\/\/szkolenia-udt.pl\/ru\/wp-json\/wp\/v2\/users\/3"}],"replies":[{"embeddable":true,"href":"https:\/\/szkolenia-udt.pl\/ru\/wp-json\/wp\/v2\/comments?post=2514"}],"version-history":[{"count":26,"href":"https:\/\/szkolenia-udt.pl\/ru\/wp-json\/wp\/v2\/pages\/2514\/revisions"}],"predecessor-version":[{"id":2572,"href":"https:\/\/szkolenia-udt.pl\/ru\/wp-json\/wp\/v2\/pages\/2514\/revisions\/2572"}],"wp:featuredmedia":[{"embeddable":true,"href":"https:\/\/szkolenia-udt.pl\/ru\/wp-json\/wp\/v2\/media\/2517"}],"wp:attachment":[{"href":"https:\/\/szkolenia-udt.pl\/ru\/wp-json\/wp\/v2\/media?parent=2514"}],"curies":[{"name":"wp","href":"https:\/\/api.w.org\/{rel}","templated":true}]}}