{"id":2583,"date":"2022-01-03T13:02:14","date_gmt":"2022-01-03T12:02:14","guid":{"rendered":"https:\/\/szkolenia-udt.pl\/?page_id=2583"},"modified":"2023-03-27T01:20:11","modified_gmt":"2023-03-26T23:20:11","slug":"%d1%81%d0%b2%d0%b0%d1%80%d0%ba%d0%b0","status":"publish","type":"page","link":"https:\/\/szkolenia-udt.pl\/ru\/kursy\/spawanie\/","title":{"rendered":"\u041a\u0443\u0440\u0441 \u043f\u043e \u0441\u0432\u0430\u0440\u043a\u0435"},"content":{"rendered":"<h2><span data-contrast=\"auto\"><a href=\"https:\/\/szkolenia-udt.pl\/wp-content\/uploads\/2022\/01\/spawanie_szkoleniaudt.jpg\"><img loading=\"lazy\" decoding=\"async\" class=\"size-medium wp-image-2584 alignleft\" src=\"https:\/\/szkolenia-udt.pl\/wp-content\/uploads\/2022\/01\/spawanie_szkoleniaudt-300x200.jpg\" alt=\"\u0422\u0435\u0445\u043d\u0438\u043a\u0430 \u0441\u043e\u0435\u0434\u0438\u043d\u0435\u043d\u0438\u044f \u043c\u0435\u0442\u0430\u043b\u043b\u0430 \u0441 \u0438\u0441\u043f\u043e\u043b\u044c\u0437\u043e\u0432\u0430\u043d\u0438\u0435\u043c \u043f\u0440\u043e\u0432\u043e\u043b\u043e\u043a\u0438 \u0432 \u043a\u0430\u0447\u0435\u0441\u0442\u0432\u0435 \u0441\u0432\u044f\u0437\u0443\u044e\u0449\u0435\u0433\u043e \u044d\u043b\u0435\u043c\u0435\u043d\u0442\u0430.\" width=\"300\" height=\"200\" srcset=\"https:\/\/szkolenia-udt.pl\/wp-content\/uploads\/2022\/01\/spawanie_szkoleniaudt-300x200.jpg 300w, https:\/\/szkolenia-udt.pl\/wp-content\/uploads\/2022\/01\/spawanie_szkoleniaudt-1024x683.jpg 1024w, https:\/\/szkolenia-udt.pl\/wp-content\/uploads\/2022\/01\/spawanie_szkoleniaudt-768x512.jpg 768w, https:\/\/szkolenia-udt.pl\/wp-content\/uploads\/2022\/01\/spawanie_szkoleniaudt.jpg 1483w\" sizes=\"auto, (max-width: 300px) 100vw, 300px\" \/><\/a><\/span>\u0427\u0422\u041e \u0422\u0410\u041a\u041e\u0415 \u0421\u0412\u0410\u0420\u041a\u0410<\/h2>\n<p>\u0421\u0432\u0430\u0440\u043a\u0430 - \u044d\u0442\u043e \u043f\u0440\u043e\u0446\u0435\u0441\u0441 \u0441\u043e\u0435\u0434\u0438\u043d\u0435\u043d\u0438\u044f \u043c\u0435\u0442\u0430\u043b\u043b\u043e\u0432 \u0432\u043c\u0435\u0441\u0442\u0435 \u0441 \u043f\u043e\u043c\u043e\u0449\u044c\u044e \u0442\u0435\u043f\u043b\u0430 \u0434\u043b\u044f \u0440\u0430\u0441\u043f\u043b\u0430\u0432\u043b\u0435\u043d\u0438\u044f \u043a\u0440\u043e\u043c\u043e\u043a \u043c\u0435\u0442\u0430\u043b\u043b\u0430 \u0441 \u0438\u0441\u043f\u043e\u043b\u044c\u0437\u043e\u0432\u0430\u043d\u0438\u0435\u043c \u0438\u043b\u0438 \u0431\u0435\u0437 \u0438\u0441\u043f\u043e\u043b\u044c\u0437\u043e\u0432\u0430\u043d\u0438\u044f \u043f\u0440\u0438\u0441\u0430\u0434\u043e\u0447\u043d\u043e\u0433\u043e \u043c\u0435\u0442\u0430\u043b\u043b\u0430 \u0432 \u043f\u043e\u0441\u0442\u043e\u044f\u043d\u043d\u043e\u043c \u0440\u0435\u0436\u0438\u043c\u0435 \u0434\u043b\u044f \u0434\u043e\u0441\u0442\u0438\u0436\u0435\u043d\u0438\u044f \u043d\u0435\u043f\u0440\u0435\u0440\u044b\u0432\u043d\u043e\u0441\u0442\u0438 \u043c\u0430\u0442\u0435\u0440\u0438\u0430\u043b\u0430 \u0432 \u043c\u0435\u0441\u0442\u0435 \u0441\u043e\u0435\u0434\u0438\u043d\u0435\u043d\u0438\u044f. \u0421\u0443\u0449\u0435\u0441\u0442\u0432\u0443\u0435\u0442 \u043c\u043d\u043e\u0436\u0435\u0441\u0442\u0432\u043e \u043c\u0435\u0442\u043e\u0434\u043e\u0432 \u0441\u0432\u0430\u0440\u0438\u0432\u0430\u043d\u0438\u044f \u043c\u0435\u0442\u0430\u043b\u043b\u043e\u0432 \u0432 \u043f\u0440\u043e\u0446\u0435\u0441\u0441\u0435 \u0441\u0432\u0430\u0440\u043a\u0438. \u041d\u0430\u0438\u0431\u043e\u043b\u0435\u0435 \u0440\u0430\u0441\u043f\u0440\u043e\u0441\u0442\u0440\u0430\u043d\u0435\u043d\u043d\u044b\u043c\u0438 \u0438\u0437 \u043d\u0438\u0445 \u044f\u0432\u043b\u044f\u044e\u0442\u0441\u044f:<\/p>\n<ul>\n<li>\u0433\u0430\u0437\u043e\u0432\u0430\u044f \u0441\u0432\u0430\u0440\u043a\u0430<\/li>\n<li>\u0434\u0443\u0433\u043e\u0432\u0430\u044f \u0441\u0432\u0430\u0440\u043a\u0430 \u043f\u043e\u043a\u0440\u044b\u0442\u044b\u043c\u0438 \u044d\u043b\u0435\u043a\u0442\u0440\u043e\u0434\u0430\u043c\u0438<\/li>\n<li>\u0441\u0432\u0430\u0440\u043a\u0430 \u0432 \u0433\u0430\u0437\u043e\u0432\u043e\u0439 \u0441\u0440\u0435\u0434\u0435<\/li>\n<li>\u0434\u0443\u0433\u043e\u0432\u0430\u044f \u0441\u0432\u0430\u0440\u043a\u0430 \u043f\u043e\u0434 \u0444\u043b\u044e\u0441\u043e\u043c<\/li>\n<\/ul>\n<h2>\u041c\u0415\u0422\u041e\u0414 \u0413\u0410\u0417\u041e\u0412\u041e\u0419 \u0421\u0412\u0410\u0420\u041a\u0418<\/h2>\n<p>\u0413\u0430\u0437\u043e\u0432\u0430\u044f \u0441\u0432\u0430\u0440\u043a\u0430 - \u044d\u0442\u043e \u043c\u0435\u0442\u043e\u0434 \u0441\u043e\u0435\u0434\u0438\u043d\u0435\u043d\u0438\u044f \u043c\u0435\u0442\u0430\u043b\u043b\u043e\u0432 \u0441 \u043f\u043e\u043c\u043e\u0449\u044c\u044e \u043f\u0440\u043e\u0432\u043e\u043b\u043e\u043a\u0438 \u0432 \u043a\u0430\u0447\u0435\u0441\u0442\u0432\u0435 \u043f\u0440\u0438\u0441\u0430\u0434\u043e\u0447\u043d\u043e\u0433\u043e \u043c\u0435\u0442\u0430\u043b\u043b\u0430, \u0441\u043f\u043b\u0430\u0432\u043b\u044f\u0435\u043c\u043e\u0433\u043e \u0432 \u0433\u043e\u0440\u044f\u0449\u0435\u043c \u043f\u043b\u0430\u043c\u0435\u043d\u0438 \u0433\u043e\u0440\u044e\u0447\u0435\u0433\u043e \u0433\u0430\u0437\u0430 \u0441 \u043a\u0438\u0441\u043b\u043e\u0440\u043e\u0434\u043e\u043c. \u0412 \u044d\u0442\u043e\u043c \u043c\u0435\u0442\u043e\u0434\u0435 \u043f\u0440\u0435\u0438\u043c\u0443\u0449\u0435\u0441\u0442\u0432\u0435\u043d\u043d\u043e \u0438\u0441\u043f\u043e\u043b\u044c\u0437\u0443\u0435\u0442\u0441\u044f \u0430\u0446\u0435\u0442\u0438\u043b\u0435\u043d, \u043d\u0435 \u0432 \u043f\u043e\u0441\u043b\u0435\u0434\u043d\u044e\u044e \u043e\u0447\u0435\u0440\u0435\u0434\u044c \u0438\u0437-\u0437\u0430 \u0435\u0433\u043e \u0442\u0435\u043c\u043f\u0435\u0440\u0430\u0442\u0443\u0440\u044b \u0433\u043e\u0440\u0435\u043d\u0438\u044f \u043f\u0440\u0438\u043c\u0435\u0440\u043d\u043e \u0434\u043e 3100 \u0433\u0440\u0430\u0434\u0443\u0441\u043e\u0432 \u0421, \u0447\u0442\u043e \u043f\u043e\u0437\u0432\u043e\u043b\u044f\u0435\u0442 \u0441\u0432\u0430\u0440\u0449\u0438\u043a\u0443 \u043b\u0435\u0433\u043a\u043e \u0438 \u0431\u044b\u0441\u0442\u0440\u043e \u0432\u044b\u043f\u043e\u043b\u043d\u044f\u0442\u044c \u0441\u0432\u0430\u0440\u043e\u0447\u043d\u044b\u0435 \u0440\u0430\u0431\u043e\u0442\u044b.<br \/>\n<div style=\"width: 640px;\" class=\"wp-video\"><video id=\"video-2583-1\" width=\"640\" height=\"360\" poster=\"https:\/\/szkolenia-udt.pl\/wp-content\/uploads\/2023\/03\/okladka-spawacz-OSO.jpg\" preload=\"metadata\" controls=\"controls\"><source type=\"video\/mp4\" src=\"https:\/\/szkolenia-udt.pl\/wp-content\/uploads\/2023\/03\/spawacz-SZKOLENIA-UDT.PL-OSO.mp4?_=1\" \/><a href=\"https:\/\/szkolenia-udt.pl\/wp-content\/uploads\/2023\/03\/spawacz-SZKOLENIA-UDT.PL-OSO.mp4\">https:\/\/szkolenia-udt.pl\/wp-content\/uploads\/2023\/03\/spawacz-SZKOLENIA-UDT.PL-OSO.mp4<\/a><\/video><\/div>\n<h2>\u0414\u0423\u0413\u041e\u0412\u0410\u042f \u0421\u0412\u0410\u0420\u041a\u0410 \u041f\u041e\u041a\u0420\u042b\u0422\u042b\u041c\u0418 \u042d\u041b\u0415\u041a\u0422\u0420\u041e\u0414\u0410\u041c\u0418<\/h2>\n<p>\u0422\u0435\u0445\u043d\u0438\u043a\u0430 \u0441\u0432\u0430\u0440\u043a\u0438 \u043f\u043e\u043a\u0440\u044b\u0442\u044b\u043c\u0438 \u044d\u043b\u0435\u043a\u0442\u0440\u043e\u0434\u0430\u043c\u0438 \u043f\u0440\u0435\u0434\u043f\u043e\u043b\u0430\u0433\u0430\u0435\u0442 \u043e\u0431\u0440\u0430\u0437\u043e\u0432\u0430\u043d\u0438\u0435 \u0441\u0432\u0430\u0440\u043e\u0447\u043d\u043e\u0439 \u0434\u0443\u0433\u0438 \u043c\u0435\u0436\u0434\u0443 \u043f\u043b\u0430\u0432\u044f\u0449\u0438\u043c\u0441\u044f \u044d\u043b\u0435\u043a\u0442\u0440\u043e\u0434\u043e\u043c \u0438 \u0441\u0432\u0430\u0440\u0438\u0432\u0430\u0435\u043c\u044b\u043c \u043c\u0430\u0442\u0435\u0440\u0438\u0430\u043b\u043e\u043c. \u041e\u043d \u043e\u0431\u0440\u0430\u0437\u0443\u0435\u0442 \u0441\u0432\u0430\u0440\u043d\u043e\u0439 \u0448\u043e\u0432 \u0438\u0437 \u043d\u0430\u043f\u043b\u0430\u0432\u043b\u0435\u043d\u043d\u044b\u0445 \u043a\u0440\u043e\u043c\u043e\u043a \u0440\u0430\u0441\u043f\u043b\u0430\u0432\u043b\u0435\u043d\u043d\u043e\u0433\u043e \u043c\u0435\u0442\u0430\u043b\u043b\u0430 \u0441 \u043c\u0435\u0442\u0430\u043b\u043b\u0430\u043c\u0438 \u0432 \u043a\u043e\u0440\u0434\u0435 \u043f\u043b\u0430\u0432\u044f\u0449\u0435\u0433\u043e\u0441\u044f \u044d\u043b\u0435\u043a\u0442\u0440\u043e\u0434\u043d\u043e\u0433\u043e \u0441\u0442\u0435\u0440\u0436\u043d\u044f. \u0421\u0432\u0430\u0440\u043d\u043e\u0439 \u0448\u043e\u0432, \u043a\u043e\u0442\u043e\u0440\u044b\u0439 \u043a\u0440\u0438\u0441\u0442\u0430\u043b\u043b\u0438\u0437\u0443\u0435\u0442\u0441\u044f \u0432 \u0441\u0432\u0430\u0440\u043e\u0447\u043d\u043e\u0439 \u0432\u0430\u043d\u043d\u0435, \u043e\u0431\u0440\u0430\u0437\u0443\u0435\u0442 \u0433\u0430\u0437\u043e\u0432\u0443\u044e \u0437\u0430\u0449\u0438\u0442\u0443, \u0441\u043e\u0441\u0442\u043e\u044f\u0449\u0443\u044e \u0432 \u043e\u0441\u043d\u043e\u0432\u043d\u043e\u043c \u0438\u0437 CO2, CO \u0438 H2O, \u0430 \u0442\u0430\u043a\u0436\u0435 \u0448\u043b\u0430\u043a\u043e\u0432\u043e\u0435 \u043f\u043e\u043a\u0440\u044b\u0442\u0438\u0435, \u043a\u043e\u0442\u043e\u0440\u043e\u0435 \u0437\u0430\u0449\u0438\u0449\u0430\u0435\u0442 \u043e\u0442 \u043a\u0438\u0441\u043b\u043e\u0440\u043e\u0434\u0430 \u0438 \u0430\u0437\u043e\u0442\u0430 \u0438\u0437 \u0430\u0442\u043c\u043e\u0441\u0444\u0435\u0440\u044b. \u0421\u0432\u0430\u0440\u043a\u0430 \u043f\u043e\u043a\u0440\u044b\u0442\u044b\u043c\u0438 \u044d\u043b\u0435\u043a\u0442\u0440\u043e\u0434\u0430\u043c\u0438 \u043e\u0431\u044b\u0447\u043d\u043e \u044f\u0432\u043b\u044f\u0435\u0442\u0441\u044f \u0440\u0443\u0447\u043d\u043e\u0439 \u0442\u0435\u0445\u043d\u0438\u043a\u043e\u0439, \u043a\u043e\u0442\u043e\u0440\u0430\u044f \u0442\u0440\u0435\u0431\u0443\u0435\u0442 \u043e\u0442 \u0441\u0432\u0430\u0440\u0449\u0438\u043a\u0430 \u0432\u044b\u0441\u043e\u043a\u043e\u0439 \u043a\u0432\u0430\u043b\u0438\u0444\u0438\u043a\u0430\u0446\u0438\u0438, \u043d\u043e \u0432 \u0442\u043e \u0436\u0435 \u0432\u0440\u0435\u043c\u044f \u044f\u0432\u043b\u044f\u0435\u0442\u0441\u044f \u043d\u0430\u0438\u0431\u043e\u043b\u0435\u0435 \u0443\u043d\u0438\u0432\u0435\u0440\u0441\u0430\u043b\u044c\u043d\u043e\u0439 \u0434\u043b\u044f \u043c\u043d\u043e\u0433\u0438\u0445 \u043c\u0430\u0442\u0435\u0440\u0438\u0430\u043b\u043e\u0432 \u0431\u043b\u0430\u0433\u043e\u0434\u0430\u0440\u044f \u0448\u0438\u0440\u043e\u043a\u043e\u043c\u0443 \u0430\u0441\u0441\u043e\u0440\u0442\u0438\u043c\u0435\u043d\u0442\u0443 \u044d\u043b\u0435\u043a\u0442\u0440\u043e\u0434\u043e\u0432, \u0448\u0438\u0440\u043e\u043a\u043e\u043c\u0443 \u0441\u043f\u0435\u043a\u0442\u0440\u0443 \u043f\u0430\u0440\u0430\u043c\u0435\u0442\u0440\u043e\u0432 \u043d\u0430\u0441\u0442\u0440\u043e\u0439\u043a\u0438 \u0438 \u0440\u0430\u0437\u043d\u043e\u043e\u0431\u0440\u0430\u0437\u0438\u044e \u0441\u0432\u0430\u0440\u043e\u0447\u043d\u044b\u0445 \u043f\u043e\u0437\u0438\u0446\u0438\u0439.<\/p>\n<h2>\u0421\u0412\u0410\u0420\u041a\u0410 \u041c\u0415\u0422\u0410\u041b\u041b\u041e\u0412 \u0412 \u0421\u0420\u0415\u0414\u0415 \u0417\u0410\u0429\u0418\u0422\u041d\u041e\u0413\u041e \u0413\u0410\u0417\u0410<\/h2>\n<p>\u0413\u0430\u0437\u043e\u0434\u0443\u0433\u043e\u0432\u0430\u044f \u0441\u0432\u0430\u0440\u043a\u0430 \u0441 \u043f\u0440\u0438\u043c\u0435\u043d\u0435\u043d\u0438\u0435\u043c \u0440\u0430\u0441\u0445\u043e\u0434\u0443\u0435\u043c\u044b\u0445 \u044d\u043b\u0435\u043a\u0442\u0440\u043e\u0434\u043e\u0432 -GMA (Gas Metal Arc), \u044f\u0432\u043b\u044f\u0435\u0442\u0441\u044f \u043d\u0430\u0438\u0431\u043e\u043b\u0435\u0435 \u0447\u0430\u0441\u0442\u043e \u0438\u0441\u043f\u043e\u043b\u044c\u0437\u0443\u0435\u043c\u044b\u043c \u043c\u0435\u0442\u043e\u0434\u043e\u043c \u0432 \u043c\u0435\u0442\u0430\u043b\u043b\u043e\u043a\u043e\u043d\u0441\u0442\u0440\u0443\u043a\u0446\u0438\u044f\u0445. \u0418\u0437-\u0437\u0430 \u0438\u0441\u043f\u043e\u043b\u044c\u0437\u043e\u0432\u0430\u043d\u0438\u044f \u0433\u0430\u0437\u043e\u0432 \u0441 \u0440\u0430\u0437\u043b\u0438\u0447\u043d\u044b\u043c\u0438 \u0445\u0430\u0440\u0430\u043a\u0442\u0435\u0440\u0438\u0441\u0442\u0438\u043a\u0430\u043c\u0438 \u044d\u0442\u043e\u0442 \u043c\u0435\u0442\u043e\u0434 \u0434\u0435\u043b\u0438\u0442\u0441\u044f \u043d\u0430 MIG (Metal Inert Gas) \u0438 MAG (Metal Active Gas). \u041f\u0440\u0438 \u0441\u0432\u0430\u0440\u043a\u0435 MIG \u0438\u0441\u043f\u043e\u043b\u044c\u0437\u0443\u044e\u0442\u0441\u044f \u0438\u043d\u0435\u0440\u0442\u043d\u044b\u0435 \u0433\u0430\u0437\u044b, \u0442\u0430\u043a\u0438\u0435 \u043a\u0430\u043a \u0430\u0440\u0433\u043e\u043d \u0438\u043b\u0438 \u0433\u0435\u043b\u0438\u0439, \u0430 \u043f\u0440\u0438 \u0441\u0432\u0430\u0440\u043a\u0435 MAG - \u0445\u0438\u043c\u0438\u0447\u0435\u0441\u043a\u0438 \u0430\u043a\u0442\u0438\u0432\u043d\u044b\u0435 \u0433\u0430\u0437\u044b, \u0442\u0430\u043a\u0438\u0435 \u043a\u0430\u043a \u0443\u0433\u043b\u0435\u043a\u0438\u0441\u043b\u044b\u0439 \u0433\u0430\u0437, \u043a\u0438\u0441\u043b\u043e\u0440\u043e\u0434, \u0432\u043e\u0434\u043e\u0440\u043e\u0434, \u0430\u0437\u043e\u0442 \u0438\u043b\u0438 \u0437\u0430\u043a\u0438\u0441\u044c \u0430\u0437\u043e\u0442\u0430. \u041e\u043d\u0438 \u0438\u0441\u043f\u043e\u043b\u044c\u0437\u0443\u044e\u0442\u0441\u044f \u043b\u0438\u0431\u043e \u043e\u0442\u0434\u0435\u043b\u044c\u043d\u043e, \u043b\u0438\u0431\u043e \u0432 \u0441\u043e\u0447\u0435\u0442\u0430\u043d\u0438\u0438 \u0441 \u0433\u0435\u043b\u0438\u0435\u043c \u0438\u043b\u0438 \u0430\u0440\u0433\u043e\u043d\u043e\u043c.<\/p>\n<div class=\"filmw\">\n<div class=\"responsive-youtube\"><iframe loading=\"lazy\" title=\"\u0412\u0438\u0434\u0435\u043e\u043f\u043b\u0435\u0435\u0440 YouTube\" src=\"https:\/\/www.youtube.com\/embed\/2qYimGxwoVU\" width=\"560\" height=\"315\" frameborder=\"0\" allowfullscreen=\"allowfullscreen\"><\/iframe><\/div>\n<\/div>\n<h2>\u041c\u0415\u0422\u041e\u0414 \u0414\u0423\u0413\u041e\u0412\u041e\u0419 \u0421\u0412\u0410\u0420\u041a\u0418 \u041f\u041e\u0414 \u0424\u041b\u042e\u0421\u041e\u041c<\/h2>\n<p>\u0414\u0443\u0433\u043e\u0432\u0430\u044f \u0441\u0432\u0430\u0440\u043a\u0430 \u043f\u043e\u0434 \u0444\u043b\u044e\u0441\u043e\u043c, \u0448\u0438\u0440\u043e\u043a\u043e \u0438\u0437\u0432\u0435\u0441\u0442\u043d\u0430\u044f \u043a\u0430\u043a \u0441\u0432\u0430\u0440\u043a\u0430 \u043f\u043e\u0434 \u0444\u043b\u044e\u0441\u043e\u043c, \u044f\u0432\u043b\u044f\u0435\u0442\u0441\u044f \u043d\u0430\u0438\u0431\u043e\u043b\u0435\u0435 \u0440\u0430\u0441\u043f\u0440\u043e\u0441\u0442\u0440\u0430\u043d\u0435\u043d\u043d\u044b\u043c \u043c\u0435\u0445\u0430\u043d\u0438\u0437\u0438\u0440\u043e\u0432\u0430\u043d\u043d\u044b\u043c \u043c\u0435\u0442\u043e\u0434\u043e\u043c \u0431\u043b\u0430\u0433\u043e\u0434\u0430\u0440\u044f \u0432\u044b\u0441\u043e\u043a\u043e\u0439 \u0442\u043e\u0447\u043d\u043e\u0441\u0442\u0438 \u043f\u0440\u043e\u0446\u0435\u0441\u0441\u0430. \u0420\u0430\u0441\u043a\u0430\u043b\u0435\u043d\u043d\u0430\u044f \u0434\u0443\u0433\u0430 \u043c\u0435\u0436\u0434\u0443 \u043d\u0435\u043f\u0440\u0435\u0440\u044b\u0432\u043d\u043e \u043f\u043e\u0434\u0430\u0432\u0430\u0435\u043c\u044b\u043c \u044d\u043b\u0435\u043a\u0442\u0440\u043e\u0434\u043e\u043c \u0438 \u0441\u043e\u0435\u0434\u0438\u043d\u044f\u0435\u043c\u044b\u043c\u0438 \u043c\u0435\u0442\u0430\u043b\u043b\u0430\u043c\u0438 \u043f\u043e\u043a\u0440\u044b\u0432\u0430\u0435\u0442\u0441\u044f \u0441\u043b\u043e\u0435\u043c \u0433\u0440\u0430\u043d\u0443\u043b\u0438\u0440\u043e\u0432\u0430\u043d\u043d\u043e\u0433\u043e \u0444\u043b\u044e\u0441\u0430. \u0422\u0430\u043a\u0438\u043c \u043e\u0431\u0440\u0430\u0437\u043e\u043c, \u0438\u0441\u043f\u043e\u043b\u044c\u0437\u0443\u0435\u043c\u044b\u0439 \u0444\u043b\u044e\u0441 \u0441\u0442\u0430\u0431\u0438\u043b\u0438\u0437\u0438\u0440\u0443\u0435\u0442 \u0434\u0443\u0433\u0443 \u0438 \u0437\u0430\u0449\u0438\u0449\u0430\u0435\u0442 \u0441\u0432\u0430\u0440\u043e\u0447\u043d\u0443\u044e \u0432\u0430\u043d\u043d\u0443 \u043e\u0442 \u0432\u043b\u0438\u044f\u043d\u0438\u044f \u0430\u0442\u043c\u043e\u0441\u0444\u0435\u0440\u043d\u043e\u0433\u043e \u0432\u043e\u0437\u0434\u0443\u0445\u0430 \u043d\u0430 \u0445\u0438\u043c\u0438\u0447\u0435\u0441\u043a\u0438\u0439 \u0441\u043e\u0441\u0442\u0430\u0432 \u0441\u043f\u043b\u0430\u0432\u0430.<\/p>\n<p>\u041d\u0430 \u043d\u0430\u0448\u0438\u0445 \u043a\u0443\u0440\u0441\u0430\u0445 \u043f\u043e\u0434 \u0440\u0443\u043a\u043e\u0432\u043e\u0434\u0441\u0442\u0432\u043e\u043c \u043a\u0432\u0430\u043b\u0438\u0444\u0438\u0446\u0438\u0440\u043e\u0432\u0430\u043d\u043d\u044b\u0445 \u043f\u0440\u0435\u043f\u043e\u0434\u0430\u0432\u0430\u0442\u0435\u043b\u0435\u0439 - \u0441\u043f\u0435\u0446\u0438\u0430\u043b\u0438\u0441\u0442\u043e\u0432 \u0432 \u0441\u0432\u043e\u0435\u0439 \u043e\u0431\u043b\u0430\u0441\u0442\u0438 - \u0432\u044b \u043f\u043e\u043b\u0443\u0447\u0438\u0442\u0435 \u043d\u0435\u043e\u0431\u0445\u043e\u0434\u0438\u043c\u0443\u044e \u043a\u0432\u0430\u043b\u0438\u0444\u0438\u043a\u0430\u0446\u0438\u044e \u0438 \u043d\u0430\u0432\u044b\u043a\u0438 \u0432 \u0442\u0435\u043e\u0440\u0438\u0438 \u0438 \u043d\u0430 \u043f\u0440\u0430\u043a\u0442\u0438\u043a\u0435, \u0438\u0437\u0443\u0447\u0430\u044f \u0442\u0435\u0445\u043d\u0438\u043a\u0443 \u0438 \u043f\u0440\u0438\u043d\u0446\u0438\u043f\u044b \u0441\u0432\u0430\u0440\u043a\u0438. \u041d\u0430\u0448\u0435 \u043f\u0440\u0435\u0434\u043b\u043e\u0436\u0435\u043d\u0438\u0435 \u0432\u043a\u043b\u044e\u0447\u0430\u0435\u0442 \u0432 \u0441\u0435\u0431\u044f \u0443\u0447\u0435\u0431\u043d\u044b\u0435 \u043a\u0443\u0440\u0441\u044b \u0440\u0430\u0437\u043b\u0438\u0447\u043d\u044b\u0445 \u0443\u0440\u043e\u0432\u043d\u0435\u0439, \u0432 \u0442\u043e\u043c \u0447\u0438\u0441\u043b\u0435 \u0434\u043b\u044f \u0442\u0435\u0445, \u043a\u0442\u043e \u0436\u0435\u043b\u0430\u0435\u0442 \u043f\u043e\u0432\u044b\u0441\u0438\u0442\u044c \u0441\u0432\u043e\u044e \u043a\u0432\u0430\u043b\u0438\u0444\u0438\u043a\u0430\u0446\u0438\u044e. \u041d\u0430\u0448\u0438 \u043a\u0443\u0440\u0441\u044b \u0441\u043e\u043e\u0442\u0432\u0435\u0442\u0441\u0442\u0432\u0443\u044e\u0442 \u0434\u0435\u0439\u0441\u0442\u0432\u0443\u044e\u0449\u0435\u043c\u0443 \u0437\u0430\u043a\u043e\u043d\u043e\u0434\u0430\u0442\u0435\u043b\u044c\u0441\u0442\u0432\u0443 \u0438 \u043d\u043e\u0440\u043c\u0430\u0442\u0438\u0432\u043d\u044b\u043c \u0430\u043a\u0442\u0430\u043c.<\/p>\n<p><a href=\"https:\/\/szkolenia-udt.pl\/wp-content\/uploads\/2022\/01\/0072-oso.edu_.pl_.jpg\"><img loading=\"lazy\" decoding=\"async\" class=\"wp-image-2591 size-large aligncenter\" src=\"https:\/\/szkolenia-udt.pl\/wp-content\/uploads\/2022\/01\/0072-oso.edu_.pl_-1024x853.jpg\" alt=\"\u0420\u0430\u0437\u0434\u0435\u043b\u0435\u043d\u0438\u0435 \u043c\u0435\u0442\u043e\u0434\u043e\u0432 \u0434\u0443\u0433\u043e\u0432\u043e\u0439 \u0441\u0432\u0430\u0440\u043a\u0438 \u0432 \u0441\u0440\u0435\u0434\u0435 \u0437\u0430\u0449\u0438\u0442\u043d\u043e\u0433\u043e \u0433\u0430\u0437\u0430.\" width=\"750\" height=\"625\" srcset=\"https:\/\/szkolenia-udt.pl\/wp-content\/uploads\/2022\/01\/0072-oso.edu_.pl_-1024x853.jpg 1024w, https:\/\/szkolenia-udt.pl\/wp-content\/uploads\/2022\/01\/0072-oso.edu_.pl_-300x250.jpg 300w, https:\/\/szkolenia-udt.pl\/wp-content\/uploads\/2022\/01\/0072-oso.edu_.pl_-768x640.jpg 768w, https:\/\/szkolenia-udt.pl\/wp-content\/uploads\/2022\/01\/0072-oso.edu_.pl_.jpg 1200w\" sizes=\"auto, (max-width: 750px) 100vw, 750px\" \/><\/a><\/p>","protected":false},"excerpt":{"rendered":"<p>CZYM JEST SPAWANIE Spawanie to proces spajania metali z u\u017cyciem ciep\u0142a topi\u0105cego brzegi metalu z u\u017cyciem spoiwa lub bez w spos\u00f3b trwa\u0142y w celu uzyskania ci\u0105g\u0142o\u015bci materia\u0142owej w miejscu po\u0142\u0105czenia. W spawalnictwie istnieje wiele metod spajania metali. Najpopularniejsze z nich to: spawanie gazowe spawanie \u0142ukowe elektrodami otulonymi spawanie w os\u0142onach gazowych spawanie \u0142ukiem krytym METODA [&hellip;]<\/p>\n","protected":false},"author":3,"featured_media":2584,"parent":22,"menu_order":0,"comment_status":"closed","ping_status":"closed","template":"template-podkategorie.php","meta":{"footnotes":""},"class_list":["post-2583","page","type-page","status-publish","has-post-thumbnail","hentry"],"aioseo_notices":[],"_links":{"self":[{"href":"https:\/\/szkolenia-udt.pl\/ru\/wp-json\/wp\/v2\/pages\/2583","targetHints":{"allow":["GET"]}}],"collection":[{"href":"https:\/\/szkolenia-udt.pl\/ru\/wp-json\/wp\/v2\/pages"}],"about":[{"href":"https:\/\/szkolenia-udt.pl\/ru\/wp-json\/wp\/v2\/types\/page"}],"author":[{"embeddable":true,"href":"https:\/\/szkolenia-udt.pl\/ru\/wp-json\/wp\/v2\/users\/3"}],"replies":[{"embeddable":true,"href":"https:\/\/szkolenia-udt.pl\/ru\/wp-json\/wp\/v2\/comments?post=2583"}],"version-history":[{"count":9,"href":"https:\/\/szkolenia-udt.pl\/ru\/wp-json\/wp\/v2\/pages\/2583\/revisions"}],"predecessor-version":[{"id":4504,"href":"https:\/\/szkolenia-udt.pl\/ru\/wp-json\/wp\/v2\/pages\/2583\/revisions\/4504"}],"up":[{"embeddable":true,"href":"https:\/\/szkolenia-udt.pl\/ru\/wp-json\/wp\/v2\/pages\/22"}],"wp:featuredmedia":[{"embeddable":true,"href":"https:\/\/szkolenia-udt.pl\/ru\/wp-json\/wp\/v2\/media\/2584"}],"wp:attachment":[{"href":"https:\/\/szkolenia-udt.pl\/ru\/wp-json\/wp\/v2\/media?parent=2583"}],"curies":[{"name":"wp","href":"https:\/\/api.w.org\/{rel}","templated":true}]}}