{"id":3580,"date":"2023-02-24T13:31:36","date_gmt":"2023-02-24T12:31:36","guid":{"rendered":"https:\/\/szkolenia-udt.pl\/?page_id=3580"},"modified":"2023-02-26T01:32:12","modified_gmt":"2023-02-26T00:32:12","slug":"%d0%be%d0%bd%d1%88%d0%be%d1%80-%d0%b8-%d0%be%d1%84%d1%84%d1%88%d0%be%d1%80","status":"publish","type":"page","link":"https:\/\/szkolenia-udt.pl\/ru\/kursy\/onshore-i-offshore\/","title":{"rendered":"\u041c\u043e\u0440\u0441\u043a\u043e\u0439, \u0431\u0435\u0440\u0435\u0433\u043e\u0432\u043e\u0439 \u0438 \u043c\u043e\u0440\u0441\u043a\u043e\u0439 \u043a\u0443\u0440\u0441"},"content":{"rendered":"<p>Firma \u201cOSO\u201d od ponad kilkunastu lat przeprowadza szkolenia na terenie ca\u0142ej Polski. Oferujemy szkolenie z zakresu offshore, onshore, marine i nie tylko. Rozpocznij prace w przemy\u015ble wydobywczym i poszukiwawczym surowc\u00f3w na l\u0105dzie jak i na dnie morza.<\/p>\r\n<p><a href=\"https:\/\/szkolenia-udt.pl\/wp-content\/uploads\/2023\/02\/hbj.jpeg\"><img loading=\"lazy\" decoding=\"async\" class=\"aligncenter wp-image-3584 size-large\" src=\"https:\/\/szkolenia-udt.pl\/wp-content\/uploads\/2023\/02\/hbj-1024x684.jpeg\" alt=\"wydobywanie ropy na dnie morza.\" width=\"750\" height=\"501\" srcset=\"https:\/\/szkolenia-udt.pl\/wp-content\/uploads\/2023\/02\/hbj-1024x684.jpeg 1024w, https:\/\/szkolenia-udt.pl\/wp-content\/uploads\/2023\/02\/hbj-300x200.jpeg 300w, https:\/\/szkolenia-udt.pl\/wp-content\/uploads\/2023\/02\/hbj-768x513.jpeg 768w, https:\/\/szkolenia-udt.pl\/wp-content\/uploads\/2023\/02\/hbj-1536x1025.jpeg 1536w, https:\/\/szkolenia-udt.pl\/wp-content\/uploads\/2023\/02\/hbj-18x12.jpeg 18w, https:\/\/szkolenia-udt.pl\/wp-content\/uploads\/2023\/02\/hbj.jpeg 1600w\" sizes=\"auto, (max-width: 750px) 100vw, 750px\" \/><\/a><\/p>\r\n<p>Grono naszych specjalist\u00f3w z \u0142atwo\u015bci\u0105 przygotuj\u0119 Ci\u0119 do pracy na platformach wiertniczych, a zdobyte za\u015bwiadczenie kwalifikacyjne, zdecydowanie poszerzy Twoj\u0105 \u015bcie\u017ck\u0119 kariery.<\/p>\r\n<h2><strong>Program szkolenia<\/strong><\/h2>\r\n<p>Zaj\u0119cia w naszym <a href=\"https:\/\/szkolenia-udt.pl\/ru\/o-firmie\/\">o\u015brodku<\/a> szkoleniowym s\u0105 prowadzone w formie wyk\u0142adowej i praktycznej. Po sko\u0144czeniu cz\u0119\u015bci teoretycznej, kursant podchodzi do wykonywania zada\u0144, pod okiem naszych instruktor\u00f3w.<\/p>\r\n<p>Zagadnienie omawiane podczas zaj\u0119\u0107 to m.in.:<\/p>\r\n<ul>\r\n<li>podstawowe zasady bezpiecze\u0144stwa<\/li>\r\n<li>poszukiwania z\u0142\u00f3\u017c surowc\u00f3w na l\u0105dzie i\/lub morzu<\/li>\r\n<li>wp\u0142yw wypadk\u00f3w na otaczaj\u0105ce \u015brodowisko<\/li>\r\n<li>obowi\u0105zuj\u0105ce przepisy prawne<\/li>\r\n<li>dbanie o bezpieczne stanowisko pracy<\/li>\r\n<li>funkcje organizacji przemys\u0142owych<\/li>\r\n<li>zasady przetrwania<\/li>\r\n<li>bezpieczna eksploatacja<\/li>\r\n<li>analiza i likwidacja zagro\u017ce\u0144 podczas pracy<\/li>\r\n<li><a href=\"https:\/\/szkolenia-udt.pl\/ru\/kursy\/bhp-ppoz\/przychodzimy-z-pomoca\/\">pierwsza pomoc<\/a>.<\/li>\r\n<\/ul>\r\n<p><strong>Do kogo kierowane jest szkolenie?<\/strong><\/p>\r\n<h2><strong>Offshore i onshore<\/strong><\/h2>\r\n<p>Praca i pobyt na instalacjach offshorowych dedykowana jest osobom chc\u0105cych zacz\u0105\u0107 prace w przemy\u015ble wydobywczym i przetw\u00f3rczym na dnie morza. Onshore za\u015b polega na pracy zwi\u0105zanej z l\u0105dem.<\/p>\r\n<p><a href=\"https:\/\/szkolenia-udt.pl\/wp-content\/uploads\/2023\/02\/lk.jpeg\"><img loading=\"lazy\" decoding=\"async\" class=\"aligncenter wp-image-3586\" src=\"https:\/\/szkolenia-udt.pl\/wp-content\/uploads\/2023\/02\/lk-300x200.jpeg\" alt=\"udzielanie pierwszej pomocy.\" width=\"750\" height=\"500\" srcset=\"https:\/\/szkolenia-udt.pl\/wp-content\/uploads\/2023\/02\/lk-300x200.jpeg 300w, https:\/\/szkolenia-udt.pl\/wp-content\/uploads\/2023\/02\/lk-1024x683.jpeg 1024w, https:\/\/szkolenia-udt.pl\/wp-content\/uploads\/2023\/02\/lk-768x512.jpeg 768w, https:\/\/szkolenia-udt.pl\/wp-content\/uploads\/2023\/02\/lk-1536x1024.jpeg 1536w, https:\/\/szkolenia-udt.pl\/wp-content\/uploads\/2023\/02\/lk-18x12.jpeg 18w, https:\/\/szkolenia-udt.pl\/wp-content\/uploads\/2023\/02\/lk.jpeg 1600w\" sizes=\"auto, (max-width: 750px) 100vw, 750px\" \/><\/a><\/p>\r\n<h2><strong>Marine<\/strong><\/h2>\r\n<p>Szkolenie z zakresu marine, kierowane jest do os\u00f3b pracuj\u0105cych b\u0105d\u017a chc\u0105cych zacz\u0105\u0107 przygod\u0119 w sektorze morskim m.in. w obszarze:<\/p>\r\n<ul>\r\n<li>technik morski<\/li>\r\n<li>us\u0142ugi \u017ceglarskie<\/li>\r\n<li>okr\u0119townictwo<\/li>\r\n<li>porty i systemy prze\u0142adunkowe.<\/li>\r\n<\/ul>\r\n<h2><strong>Certyfikat<\/strong><\/h2>\r\n<p><a href=\"https:\/\/szkolenia-udt.pl\/wp-content\/uploads\/2023\/02\/jkn.jpeg\"><img loading=\"lazy\" decoding=\"async\" class=\"alignright wp-image-3585\" src=\"https:\/\/szkolenia-udt.pl\/wp-content\/uploads\/2023\/02\/jkn-300x200.jpeg\" alt=\" platforma offshorowa na morzu.\" width=\"350\" height=\"233\" srcset=\"https:\/\/szkolenia-udt.pl\/wp-content\/uploads\/2023\/02\/jkn-300x200.jpeg 300w, https:\/\/szkolenia-udt.pl\/wp-content\/uploads\/2023\/02\/jkn-1024x683.jpeg 1024w, https:\/\/szkolenia-udt.pl\/wp-content\/uploads\/2023\/02\/jkn-768x512.jpeg 768w, https:\/\/szkolenia-udt.pl\/wp-content\/uploads\/2023\/02\/jkn-1536x1024.jpeg 1536w, https:\/\/szkolenia-udt.pl\/wp-content\/uploads\/2023\/02\/jkn-18x12.jpeg 18w, https:\/\/szkolenia-udt.pl\/wp-content\/uploads\/2023\/02\/jkn.jpeg 1600w\" sizes=\"auto, (max-width: 350px) 100vw, 350px\" \/><\/a>Uzyskane za\u015bwiadczenie kwalifikacyjne jest zatwierdzone przez mi\u0119dzynarodow\u0105 organizacj\u0119 OPITO. Certyfikat jest honorowany przez pracodawc\u00f3w na ca\u0142ym \u015bwiecie, kt\u00f3ry upowa\u017cnia do pracy w przemy\u015ble l\u0105dowym i morskim. Za\u015bwiadczenie wydawane jest w wersji angielskiej i polskiej.<\/p>\r\n<h2><strong>Cel<\/strong><\/h2>\r\n<p>G\u0142\u00f3wnym celem szkolenia jest przygotowanie kursant\u00f3w do bezpiecznej pracy na l\u0105dzie i\/lub morzu m.in. w przemy\u015ble wiatrowym i wydobywczym z\u0142\u00f3\u017c surowc\u00f3w.<\/p>\r\n<h2>Pytania i odpowiedzi<\/h2>\r\n\t\t<details\t\thelp class=\"sc_fs_faq sc_card    \"\n\t\t\t\t>\n\t\t\t\t\t<summary>\n\t\t\t\t<h3>Co uczestnik szkolenia offshore powinien ze sob\u0105 zabra\u0107?<\/h3>\t\t\t\t\t<\/summary>\n\t\t\t\t<div>\n\t\t\t\t\t\t<div class=\"sc_fs_faq__content\">\n\t\t\t\t\r\n\r\n\r\n<p>Kursant szkolenia offshore zdecydowanie powinien ze sob\u0105 zabra\u0107 str\u00f3j k\u0105pielowy, klapki i r\u0119cznik.<\/p>\r\n\t\t\t<\/div>\n\t\t<\/div>\n\t\t<\/details>\n\t\t\t\t<details\t\thelp class=\"sc_fs_faq sc_card    \"\n\t\t\t\t>\n\t\t\t\t\t<summary>\n\t\t\t\t<h3>W jakich krajach jest wa\u017cne za\u015bwiadczenie kwalifikacyjne OPITO.<\/h3>\t\t\t\t\t<\/summary>\n\t\t\t\t<div>\n\t\t\t\t\t\t<div class=\"sc_fs_faq__content\">\n\t\t\t\t\r\n\r\n\r\n<p>Certyfikat wydany przez Mi\u0119dzynarodow\u0105 Organizacj\u0119 OPITO jest wa\u017cne m.in. w Norwegii, Wielkiej Brytanii i Danii, a tak\u017ce jest honorowane przez pracodawc\u00f3w na terenie Unii Europejskiej.<\/p>\r\n\t\t\t<\/div>\n\t\t<\/div>\n\t\t<\/details>\n\t\t\t\t<details\t\thelp class=\"sc_fs_faq sc_card    \"\n\t\t\t\t>\n\t\t\t\t\t<summary>\n\t\t\t\t<h3>Czy w ofercie szkoleniowej s\u0105 kursy przypominaj\u0105ce w zakresie marine, onshore i offshore?<\/h3>\t\t\t\t\t<\/summary>\n\t\t\t\t<div>\n\t\t\t\t\t\t<div class=\"sc_fs_faq__content\">\n\t\t\t\t\r\n\r\n\r\n<p>Tak, w swojej ofercie posiadamy szkolenia dla poczatkuj\u0105cych jak i praktykuj\u0105cych zawodowc\u00f3w.\u00a0<\/p>\r\n\t\t\t<\/div>\n\t\t<\/div>\n\t\t<\/details>\n\t\t\t\t<details\t\thelp class=\"sc_fs_faq sc_card    \"\n\t\t\t\t>\n\t\t\t\t\t<summary>\n\t\t\t\t<h3>Gdzie mo\u017cna rozpocz\u0105\u0107 prace po uko\u0144czonym szkoleniu marine?<\/h3>\t\t\t\t\t<\/summary>\n\t\t\t\t<div>\n\t\t\t\t\t\t<div class=\"sc_fs_faq__content\">\n\t\t\t\t\r\n\r\n\r\n<p>Po zako\u0144czonym szkoleniu, uczestnik mo\u017ce rozpocz\u0105\u0107 prac\u0119 w przemy\u015ble morskim m.in. jako technik morski itp.<\/p>\r\n\t\t\t<\/div>\n\t\t<\/div>\n\t\t<\/details>\n\t\t\n<script type=\"application\/ld+json\">\n\t{\n\t\t\"@context\": \"https:\/\/schema.org\",\n\t\t\"@type\": \"FAQPage\",\n\t\t\"mainEntity\": [\n\t\t\t\t\t{\n\t\t\t\t\"@type\": \"Question\",\n\t\t\t\t\"name\": \"Co uczestnik szkolenia offshore powinien ze sob\u0105 zabra\u0107?\",\n\t\t\t\t\"acceptedAnswer\": {\n\t\t\t\t\t\"@type\": \"Answer\",\n\t\t\t\t\t\"text\": \"<p>Kursant szkolenia offshore zdecydowanie powinien ze sob\u0105 zabra\u0107 str\u00f3j k\u0105pielowy, klapki i r\u0119cznik.<\/p>\"\n\t\t\t\t\t\t\t\t\t}\n\t\t\t}\n\t\t\t,\t\t\t\t{\n\t\t\t\t\"@type\": \"Question\",\n\t\t\t\t\"name\": \"W jakich krajach jest wa\u017cne za\u015bwiadczenie kwalifikacyjne OPITO.\",\n\t\t\t\t\"acceptedAnswer\": {\n\t\t\t\t\t\"@type\": \"Answer\",\n\t\t\t\t\t\"text\": \"<p>Certyfikat wydany przez Mi\u0119dzynarodow\u0105 Organizacj\u0119 OPITO jest wa\u017cne m.in. w Norwegii, Wielkiej Brytanii i Danii, a tak\u017ce jest honorowane przez pracodawc\u00f3w na terenie Unii Europejskiej.<\/p>\"\n\t\t\t\t\t\t\t\t\t}\n\t\t\t}\n\t\t\t,\t\t\t\t{\n\t\t\t\t\"@type\": \"Question\",\n\t\t\t\t\"name\": \"Czy w ofercie szkoleniowej s\u0105 kursy przypominaj\u0105ce w zakresie marine, onshore i offshore?\",\n\t\t\t\t\"acceptedAnswer\": {\n\t\t\t\t\t\"@type\": \"Answer\",\n\t\t\t\t\t\"text\": \"<p>Tak, w swojej ofercie posiadamy szkolenia dla poczatkuj\u0105cych jak i praktykuj\u0105cych zawodowc\u00f3w.\u00a0<\/p>\"\n\t\t\t\t\t\t\t\t\t}\n\t\t\t}\n\t\t\t,\t\t\t\t{\n\t\t\t\t\"@type\": \"Question\",\n\t\t\t\t\"name\": \"Gdzie mo\u017cna rozpocz\u0105\u0107 prace po uko\u0144czonym szkoleniu marine?\",\n\t\t\t\t\"acceptedAnswer\": {\n\t\t\t\t\t\"@type\": \"Answer\",\n\t\t\t\t\t\"text\": \"<p>Po zako\u0144czonym szkoleniu, uczestnik mo\u017ce rozpocz\u0105\u0107 prac\u0119 w przemy\u015ble morskim m.in. jako technik morski itp.<\/p>\"\n\t\t\t\t\t\t\t\t\t}\n\t\t\t}\n\t\t\t\t\t\t]\n\t}\n<\/script>\n","protected":false},"excerpt":{"rendered":"<p>Firma \u201cOSO\u201d od ponad kilkunastu lat przeprowadza szkolenia na terenie ca\u0142ej Polski. Oferujemy szkolenie z zakresu offshore, onshore, marine i nie tylko. Rozpocznij prace w przemy\u015ble wydobywczym i poszukiwawczym surowc\u00f3w na l\u0105dzie jak i na dnie morza. Grono naszych specjalist\u00f3w z \u0142atwo\u015bci\u0105 przygotuj\u0119 Ci\u0119 do pracy na platformach wiertniczych, a zdobyte za\u015bwiadczenie kwalifikacyjne, zdecydowanie poszerzy [&hellip;]<\/p>\n","protected":false},"author":10,"featured_media":3584,"parent":22,"menu_order":0,"comment_status":"closed","ping_status":"closed","template":"","meta":{"footnotes":""},"class_list":["post-3580","page","type-page","status-publish","has-post-thumbnail","hentry"],"aioseo_notices":[],"_links":{"self":[{"href":"https:\/\/szkolenia-udt.pl\/ru\/wp-json\/wp\/v2\/pages\/3580","targetHints":{"allow":["GET"]}}],"collection":[{"href":"https:\/\/szkolenia-udt.pl\/ru\/wp-json\/wp\/v2\/pages"}],"about":[{"href":"https:\/\/szkolenia-udt.pl\/ru\/wp-json\/wp\/v2\/types\/page"}],"author":[{"embeddable":true,"href":"https:\/\/szkolenia-udt.pl\/ru\/wp-json\/wp\/v2\/users\/10"}],"replies":[{"embeddable":true,"href":"https:\/\/szkolenia-udt.pl\/ru\/wp-json\/wp\/v2\/comments?post=3580"}],"version-history":[{"count":4,"href":"https:\/\/szkolenia-udt.pl\/ru\/wp-json\/wp\/v2\/pages\/3580\/revisions"}],"predecessor-version":[{"id":3587,"href":"https:\/\/szkolenia-udt.pl\/ru\/wp-json\/wp\/v2\/pages\/3580\/revisions\/3587"}],"up":[{"embeddable":true,"href":"https:\/\/szkolenia-udt.pl\/ru\/wp-json\/wp\/v2\/pages\/22"}],"wp:featuredmedia":[{"embeddable":true,"href":"https:\/\/szkolenia-udt.pl\/ru\/wp-json\/wp\/v2\/media\/3584"}],"wp:attachment":[{"href":"https:\/\/szkolenia-udt.pl\/ru\/wp-json\/wp\/v2\/media?parent=3580"}],"curies":[{"name":"wp","href":"https:\/\/api.w.org\/{rel}","templated":true}]}}