{"id":3590,"date":"2023-03-03T11:19:11","date_gmt":"2023-03-03T10:19:11","guid":{"rendered":"https:\/\/szkolenia-udt.pl\/?page_id=3590"},"modified":"2023-03-08T14:20:15","modified_gmt":"2023-03-08T13:20:15","slug":"%d0%bc%d0%b0%d1%88%d0%b8%d0%bd%d0%b8%d1%81%d1%82-%d0%bf%d0%be%d0%b4%d1%8a%d0%b5%d0%bc%d0%bd%d0%b8%d0%ba%d0%b0","status":"publish","type":"page","link":"https:\/\/szkolenia-udt.pl\/ru\/kursy\/uprawnienia-udt-tdt-wdt\/konserwator-wyciagow-narciarskich\/","title":{"rendered":"\u041e\u0431\u0441\u043b\u0443\u0436\u0438\u0432\u0430\u043d\u0438\u0435 \u043f\u043e\u0434\u044a\u0435\u043c\u043d\u0438\u043a\u043e\u0432 \u043d\u0430 \u0441\u043d\u0435\u0433\u0443 \u0438\u043b\u0438 \u0442\u0432\u0435\u0440\u0434\u043e\u0439 \u0437\u0435\u043c\u043b\u0435 - \u043e\u0431\u0443\u0447\u0435\u043d\u0438\u0435 UDT"},"content":{"rendered":"<div class=\"wp-block-image\">\n<figure class=\"alignleft size-large is-resized\"><a href=\"https:\/\/szkolenia-udt.pl\/wp-content\/uploads\/2023\/02\/s2-7.jpg\"><img loading=\"lazy\" decoding=\"async\" src=\"https:\/\/szkolenia-udt.pl\/wp-content\/uploads\/2023\/02\/s2-7-1024x683.jpg\" alt=\"Konserwator sprawdza dzia\u0142anie lin\" class=\"wp-image-3592\" width=\"512\" height=\"342\" srcset=\"https:\/\/szkolenia-udt.pl\/wp-content\/uploads\/2023\/02\/s2-7-1024x683.jpg 1024w, https:\/\/szkolenia-udt.pl\/wp-content\/uploads\/2023\/02\/s2-7-300x200.jpg 300w, https:\/\/szkolenia-udt.pl\/wp-content\/uploads\/2023\/02\/s2-7-768x512.jpg 768w, https:\/\/szkolenia-udt.pl\/wp-content\/uploads\/2023\/02\/s2-7-1536x1024.jpg 1536w, https:\/\/szkolenia-udt.pl\/wp-content\/uploads\/2023\/02\/s2-7-18x12.jpg 18w, https:\/\/szkolenia-udt.pl\/wp-content\/uploads\/2023\/02\/s2-7.jpg 1600w\" sizes=\"auto, (max-width: 512px) 100vw, 512px\" \/><\/a><\/figure>\n<\/div>\n\n\n<p>Je\u017celi chcesz zwi\u0119kszy\u0107 swoje kwalifikacje i znale\u017a\u0107 ciekawsz\u0105 prac\u0119, to dobrze trafi\u0142e\u015b. Zapraszamy Ci\u0119 na kurs zawodowy, dzi\u0119ki kt\u00f3remu mo\u017cesz zosta\u0107 konserwatorem wyci\u0105g\u00f3w przeznaczonych dla os\u00f3b przemieszczaj\u0105cych si\u0119 po \u015bniegu lub gruncie sta\u0142ym.&nbsp;<\/p>\n\n\n\n<p>Coraz wi\u0119ksza popularno\u015b\u0107 takiej formy sp\u0119dzania wolnego czasu sprawia, \u017ce powstaj\u0105 nowe wyci\u0105gi narciarskie w Polsce i na ca\u0142ym \u015bwiecie. Dlatego wykwalifikowane osoby, potrafi\u0105ce odpowiednio zadba\u0107 o wyci\u0105g, s\u0105 dzisiaj poszukiwane na rynku pracy. Pomo\u017cemy Ci zda\u0107 egzamin UDT i zdoby\u0107 potrzebne uprawnienia.&nbsp;<\/p>\n\n\n\n<h2 class=\"wp-block-heading\">Cel szkolenia&nbsp;<\/h2>\n\n\n\n<p>Uczestnik szkolenia zdob\u0119dzie wszelk\u0105 wiedz\u0119 potrzebn\u0105, by wykonywa\u0107 zaw\u00f3d konserwatora wyci\u0105gu narciarskiego oraz pomy\u015blnie zaliczy egzamin UDT, dzi\u0119ki czemu otrzyma niezb\u0119dne uprawnienia.&nbsp;<\/p>\n\n\n\n<h2 class=\"wp-block-heading\">Tematyka kursu&nbsp;<\/h2>\n\n\n\n<p>Wyci\u0105g narciarski dla os\u00f3b przemieszczaj\u0105cych si\u0119 po \u015bniegu lub gruncie sta\u0142ym, to urz\u0105dzenie transportu linowego (UTL). Zakres tematyczny zaj\u0119\u0107 przygotowuj\u0105cych do egzaminu UDT obejmuje takie tematy jak:&nbsp;<\/p>\n\n\n<div class=\"wp-block-image\">\n<figure class=\"alignright size-large is-resized\"><a href=\"https:\/\/szkolenia-udt.pl\/wp-content\/uploads\/2023\/02\/s2-8.jpg\"><img loading=\"lazy\" decoding=\"async\" src=\"https:\/\/szkolenia-udt.pl\/wp-content\/uploads\/2023\/02\/s2-8-1024x683.jpg\" alt=\"Wyci\u0105gi narciarskie w g\u00f3rach\" class=\"wp-image-3593\" width=\"512\" height=\"342\" srcset=\"https:\/\/szkolenia-udt.pl\/wp-content\/uploads\/2023\/02\/s2-8-1024x683.jpg 1024w, https:\/\/szkolenia-udt.pl\/wp-content\/uploads\/2023\/02\/s2-8-300x200.jpg 300w, https:\/\/szkolenia-udt.pl\/wp-content\/uploads\/2023\/02\/s2-8-768x512.jpg 768w, https:\/\/szkolenia-udt.pl\/wp-content\/uploads\/2023\/02\/s2-8-1536x1024.jpg 1536w, https:\/\/szkolenia-udt.pl\/wp-content\/uploads\/2023\/02\/s2-8-18x12.jpg 18w, https:\/\/szkolenia-udt.pl\/wp-content\/uploads\/2023\/02\/s2-8.jpg 1600w\" sizes=\"auto, (max-width: 512px) 100vw, 512px\" \/><\/a><\/figure>\n<\/div>\n\n\n<ul class=\"wp-block-list\">\n<li>urz\u0105dzenia transportu linowego podlegaj\u0105ce dozorowi technicznemu,&nbsp;<\/li>\n\n\n\n<li>transport linowy w Polsce i na \u015bwiecie,&nbsp;<\/li>\n\n\n\n<li>zasady post\u0119powania w przypadku wyst\u0105pienia awarii lub nieszcz\u0119\u015bliwego wypadku,&nbsp;<\/li>\n\n\n\n<li>warunki bezpiecznej pracy,&nbsp;<\/li>\n\n\n\n<li>typy i budowa wyci\u0105g\u00f3w narciarskich,&nbsp;<\/li>\n\n\n\n<li>rodzaje lin stalowych,&nbsp;<\/li>\n\n\n\n<li>eksploatacja lin stalowych,&nbsp;<\/li>\n\n\n\n<li>najcz\u0119\u015bciej spotykane usterki i sposoby ich usuwania,&nbsp;<\/li>\n\n\n\n<li>wyci\u0105gi narciarskie o niskim prowadzeniu liny,&nbsp;<\/li>\n\n\n\n<li>wyci\u0105gi narciarskie o wysokim prowadzeniu liny,&nbsp;<\/li>\n\n\n\n<li>sprawdzanie i regulowanie element\u00f3w bezpiecze\u0144stwa,&nbsp;<\/li>\n\n\n\n<li>aparaty i urz\u0105dzenia zabezpieczaj\u0105ce,&nbsp;<\/li>\n\n\n\n<li>stacja zwrotna, przewojowa i nap\u0119dowa,&nbsp;<\/li>\n\n\n\n<li>trasa i urz\u0105dzenia trasowe,&nbsp;<\/li>\n\n\n\n<li>urz\u0105dzenia holuj\u0105ce,&nbsp;<\/li>\n\n\n\n<li>hamulce i nap\u0119dy,&nbsp;<\/li>\n\n\n\n<li>wsiadanie i wysiadanie pasa\u017cer\u00f3w,&nbsp;<\/li>\n\n\n\n<li>urz\u0105dzenia steruj\u0105ce,&nbsp;<\/li>\n\n\n\n<li>konserwacja urz\u0105dze\u0144 bezpiecze\u0144stwa,&nbsp;<\/li>\n\n\n\n<li>rodzaje silnik\u00f3w elektrycznych,&nbsp;<\/li>\n\n\n\n<li>zabezpieczenia silnik\u00f3w,&nbsp;<\/li>\n\n\n\n<li>regulacja pr\u0119dko\u015bci\u0105 obrotow\u0105 silnik\u00f3w,&nbsp;<\/li>\n\n\n\n<li>ochrona przeciwpora\u017ceniowa,&nbsp;<\/li>\n\n\n\n<li>obowi\u0105zki konserwatora wyci\u0105g\u00f3w narciarskich,&nbsp;<\/li>\n\n\n\n<li>zasady BHP,&nbsp;<\/li>\n\n\n\n<li>zasady bezpiecznej ewakuacji pasa\u017cer\u00f3w,&nbsp;<\/li>\n\n\n\n<li>metody transportu lin na miejsce monta\u017cu,&nbsp;<\/li>\n\n\n\n<li>nadz\u00f3r nad procesem docierania urz\u0105dze\u0144 kolei linowych,&nbsp;<\/li>\n\n\n\n<li>okresowe przegl\u0105dy uk\u0142ad\u00f3w nap\u0119dowych, lin i hamulc\u00f3w bezpiecze\u0144stwa.&nbsp;<\/li>\n<\/ul>\n\n\n\n<h2 class=\"wp-block-heading\">Przebieg kursu&nbsp;<\/h2>\n\n\n\n<p>Szkolenie sk\u0142ada si\u0119 z dw\u00f3ch etap\u00f3w: wyk\u0142ad\u00f3w i zaj\u0119\u0107 praktycznych. Zaj\u0119cia teoretyczne mog\u0105 zosta\u0107 przeprowadzone w formie online.&nbsp;<\/p>\n\n\n\n<p>Po uko\u0144czonym kursie kandydat podchodzi do egzaminu przed komisj\u0105 Urz\u0119du Dozoru Technicznego.&nbsp;<\/p>\n\n\n<div class=\"wp-block-image\">\n<figure class=\"alignright size-large is-resized\"><a href=\"https:\/\/szkolenia-udt.pl\/wp-content\/uploads\/2023\/02\/screen_2x-2.jpg\"><img loading=\"lazy\" decoding=\"async\" src=\"https:\/\/szkolenia-udt.pl\/wp-content\/uploads\/2023\/02\/screen_2x-2-1024x681.jpg\" alt=\"Ludzie korzystaj\u0105 z wyci\u0105gu narciarskiego\" class=\"wp-image-3591\" width=\"512\" height=\"341\" srcset=\"https:\/\/szkolenia-udt.pl\/wp-content\/uploads\/2023\/02\/screen_2x-2-1024x681.jpg 1024w, https:\/\/szkolenia-udt.pl\/wp-content\/uploads\/2023\/02\/screen_2x-2-300x200.jpg 300w, https:\/\/szkolenia-udt.pl\/wp-content\/uploads\/2023\/02\/screen_2x-2-768x511.jpg 768w, https:\/\/szkolenia-udt.pl\/wp-content\/uploads\/2023\/02\/screen_2x-2-1536x1021.jpg 1536w, https:\/\/szkolenia-udt.pl\/wp-content\/uploads\/2023\/02\/screen_2x-2-18x12.jpg 18w, https:\/\/szkolenia-udt.pl\/wp-content\/uploads\/2023\/02\/screen_2x-2.jpg 1600w\" sizes=\"auto, (max-width: 512px) 100vw, 512px\" \/><\/a><\/figure>\n<\/div>\n\n\n<h2 class=\"wp-block-heading\">Uprawnienia&nbsp;&nbsp;<\/h2>\n\n\n\n<p>Gdy uczestnik szkolenia otrzyma wynik pozytywny na egzaminie UDT, to otrzyma za\u015bwiadczenie kwalifikacyjne, uprawniaj\u0105ce go do wykonywania zawodu konserwatora tych urz\u0105dze\u0144. Wa\u017cno\u015b\u0107 uprawnie\u0144 wynosi 5 lat.&nbsp;<\/p>\n\n\n\n<p>Jest mo\u017cliwo\u015b\u0107 przed\u0142u\u017cenia okresu wa\u017cno\u015bci za\u015bwiadczenia kwalifikacyjnego, poprzez z\u0142o\u017cenie pisemnego podania do jednostki UDT, kt\u00f3ra wyda\u0142a nam za\u015bwiadczenie.&nbsp;<\/p>\n\n\n\n<p>Wymogi formalne wobec kandydata&nbsp;<\/p>\n\n\n\n<ul class=\"wp-block-list\">\n<li>uko\u0144czony 18 rok \u017cycia,&nbsp;<\/li>\n\n\n\n<li>minimum wykszta\u0142cenie podstawowe,&nbsp;<\/li>\n\n\n\n<li>stan zdrowia pozwalaj\u0105cy na prac\u0119 jako konserwator (potwierdzony za\u015bwiadczeniem lekarskim).&nbsp;<\/li>\n<\/ul>\n\n\n\n<h2 class=\"wp-block-heading\">Gdzie przeprowadzamy szkolenia?&nbsp;<\/h2>\n\n\n\n<p>Mo\u017cna znale\u017a\u0107 nasze o\u015brodki szkoleniowe w wi\u0119kszych miastach na terenie Polski. Oferujemy naszym klientom dojazd pod wskazany adres, na ternie ca\u0142ej Polski a nawet poza jej granicami.&nbsp;&nbsp;<\/p>\n\n\n\n<h2 class=\"wp-block-heading\">Nasze kursy&nbsp;<\/h2>\n\n\n\n<p>Zapraszamy tak\u017ce do zapoznania si\u0119 z innymi prowadzonymi przez nas kursami zawodowymi. Nasza firma organizuje tak\u017ce szkolenia dla operator\u00f3w i konserwator\u00f3w, m.in.:&nbsp;<\/p>\n\n\n\n<ul class=\"wp-block-list\">\n<li>wyci\u0105g\u00f3w dla narciarzy przemieszczaj\u0105cych si\u0119 po wodzie,&nbsp;<\/li>\n\n\n\n<li>podno\u015bnik\u00f3w koszowych i no\u017cycowych,&nbsp;<\/li>\n\n\n\n<li>w\u00f3zk\u00f3w wid\u0142owych,&nbsp;<\/li>\n\n\n\n<li>\u017curawi HDS,&nbsp;<\/li>\n\n\n\n<li>\u017curawi wie\u017cowych,&nbsp;&nbsp;<\/li>\n\n\n\n<li>uk\u0142adnic magazynowych,&nbsp;<\/li>\n\n\n\n<li>suwnic,&nbsp;<\/li>\n\n\n\n<li>koparek,&nbsp;<\/li>\n\n\n\n<li>koparko-\u0142adowarek.&nbsp;<\/li>\n<\/ul>\n\n\n\n<h2 class=\"wp-block-heading\">Pytania i odpowiedzi<\/h2>\n\n\n\t\t<details\t\thelp class=\"sc_fs_faq sc_card    \"\n\t\topen\t\t>\n\t\t\t\t\t<summary>\n\t\t\t\t<h3>Czy po tym kursie mog\u0119 te\u017c pracowa\u0107 przy wyci\u0105gach nart wodnych?<\/h3>\t\t\t\t\t<\/summary>\n\t\t\t\t<div>\n\t\t\t\t\t\t<div class=\"sc_fs_faq__content\">\n\t\t\t\t\n\n<p>Nie. Jest to inna kategoria uprawnie\u0144. Nasza firma ma w swojej ofercie r\u00f3wnie\u017c kurs na konserwatora wyci\u0105g\u00f3w dla narciarzy przemieszczaj\u0105cych si\u0119 po wodzie.&nbsp;<\/p>\n\n\t\t\t<\/div>\n\t\t<\/div>\n\t\t<\/details>\n\t\t\t\t<details\t\thelp class=\"sc_fs_faq sc_card    \"\n\t\t\t\t>\n\t\t\t\t\t<summary>\n\t\t\t\t<h3>Jak d\u0142ugo wa\u017cne s\u0105 uprawnienia wykonywanie zawodu konserwatora wyci\u0105g\u00f3w narciarskich? <\/h3>\t\t\t\t\t<\/summary>\n\t\t\t\t<div>\n\t\t\t\t\t\t<div class=\"sc_fs_faq__content\">\n\t\t\t\t\n\n<p>Uprawnienia s\u0105 wa\u017cne przez 5 lat. Jednak mo\u017cna przed\u0142u\u017cy\u0107 ich wa\u017cno\u015b\u0107, sk\u0142adaj\u0105c wniosek do najbli\u017cszego Urz\u0119du Dozoru Technicznego.&nbsp;<\/p>\n\n\t\t\t<\/div>\n\t\t<\/div>\n\t\t<\/details>\n\t\t\t\t<details\t\thelp class=\"sc_fs_faq sc_card    \"\n\t\t\t\t>\n\t\t\t\t\t<summary>\n\t\t\t\t<h3>Kto mo\u017ce wzi\u0105\u0107 udzia\u0142 w kursie? <\/h3>\t\t\t\t\t<\/summary>\n\t\t\t\t<div>\n\t\t\t\t\t\t<div class=\"sc_fs_faq__content\">\n\t\t\t\t\n\n<p>Do szkolenia mo\u017ce przyst\u0105pi\u0107 ka\u017cda pe\u0142noletnia osoba, kt\u00f3ra uko\u0144czy\u0142a szko\u0142\u0119 podstawow\u0105 i jej stan zdrowia pozwala na wykonywanie takiej pracy.&nbsp;<\/p>\n\n\t\t\t<\/div>\n\t\t<\/div>\n\t\t<\/details>\n\t\t\t\t<details\t\thelp class=\"sc_fs_faq sc_card    \"\n\t\t\t\t>\n\t\t\t\t\t<summary>\n\t\t\t\t<h3>Jakie kursy jeszcze posiadacie? <\/h3>\t\t\t\t\t<\/summary>\n\t\t\t\t<div>\n\t\t\t\t\t\t<div class=\"sc_fs_faq__content\">\n\t\t\t\t\n\n<p><a href=\"https:\/\/szkolenia-udt.pl\/ru\/oferta\/\">Nasza oferta<\/a> szkoleniowa obejmuje kursy na konserwacje i obs\u0142ug\u0119 m.in.: koparko-\u0142adowarek, koparek, w\u00f3zk\u00f3w wid\u0142owych, podest\u00f3w ruchomych, suwnic, uk\u0142adnic magazynowych, r\u00f3\u017cnych rodzaj\u00f3w \u017curawi.&nbsp;<\/p>\n\n\t\t\t<\/div>\n\t\t<\/div>\n\t\t<\/details>\n\t\t\n<script type=\"application\/ld+json\">\n\t{\n\t\t\"@context\": \"https:\/\/schema.org\",\n\t\t\"@type\": \"FAQPage\",\n\t\t\"mainEntity\": [\n\t\t\t\t\t{\n\t\t\t\t\"@type\": \"Question\",\n\t\t\t\t\"name\": \"Czy po tym kursie mog\u0119 te\u017c pracowa\u0107 przy wyci\u0105gach nart wodnych?\",\n\t\t\t\t\"acceptedAnswer\": {\n\t\t\t\t\t\"@type\": \"Answer\",\n\t\t\t\t\t\"text\": \"<p>Nie. Jest to inna kategoria uprawnie\u0144. Nasza firma ma w swojej ofercie r\u00f3wnie\u017c kurs na konserwatora wyci\u0105g\u00f3w dla narciarzy przemieszczaj\u0105cych si\u0119 po wodzie.&nbsp;<\/p>\"\n\t\t\t\t\t\t\t\t\t}\n\t\t\t}\n\t\t\t,\t\t\t\t{\n\t\t\t\t\"@type\": \"Question\",\n\t\t\t\t\"name\": \"Jak d\u0142ugo wa\u017cne s\u0105 uprawnienia wykonywanie zawodu konserwatora wyci\u0105g\u00f3w narciarskich? \",\n\t\t\t\t\"acceptedAnswer\": {\n\t\t\t\t\t\"@type\": \"Answer\",\n\t\t\t\t\t\"text\": \"<p>Uprawnienia s\u0105 wa\u017cne przez 5 lat. Jednak mo\u017cna przed\u0142u\u017cy\u0107 ich wa\u017cno\u015b\u0107, sk\u0142adaj\u0105c wniosek do najbli\u017cszego Urz\u0119du Dozoru Technicznego.&nbsp;<\/p>\"\n\t\t\t\t\t\t\t\t\t}\n\t\t\t}\n\t\t\t,\t\t\t\t{\n\t\t\t\t\"@type\": \"Question\",\n\t\t\t\t\"name\": \"Kto mo\u017ce wzi\u0105\u0107 udzia\u0142 w kursie? \",\n\t\t\t\t\"acceptedAnswer\": {\n\t\t\t\t\t\"@type\": \"Answer\",\n\t\t\t\t\t\"text\": \"<p>Do szkolenia mo\u017ce przyst\u0105pi\u0107 ka\u017cda pe\u0142noletnia osoba, kt\u00f3ra uko\u0144czy\u0142a szko\u0142\u0119 podstawow\u0105 i jej stan zdrowia pozwala na wykonywanie takiej pracy.&nbsp;<\/p>\"\n\t\t\t\t\t\t\t\t\t}\n\t\t\t}\n\t\t\t,\t\t\t\t{\n\t\t\t\t\"@type\": \"Question\",\n\t\t\t\t\"name\": \"Jakie kursy jeszcze posiadacie? \",\n\t\t\t\t\"acceptedAnswer\": {\n\t\t\t\t\t\"@type\": \"Answer\",\n\t\t\t\t\t\"text\": \"<p>Nasza oferta szkoleniowa obejmuje kursy na konserwacje i obs\u0142ug\u0119 m.in.: koparko-\u0142adowarek, koparek, w\u00f3zk\u00f3w wid\u0142owych, podest\u00f3w ruchomych, suwnic, uk\u0142adnic magazynowych, r\u00f3\u017cnych rodzaj\u00f3w \u017curawi.&nbsp;<\/p>\"\n\t\t\t\t\t\t\t\t\t}\n\t\t\t}\n\t\t\t\t\t\t]\n\t}\n<\/script>\n","protected":false},"excerpt":{"rendered":"<p>Je\u017celi chcesz zwi\u0119kszy\u0107 swoje kwalifikacje i znale\u017a\u0107 ciekawsz\u0105 prac\u0119, to dobrze trafi\u0142e\u015b. Zapraszamy Ci\u0119 na kurs zawodowy, dzi\u0119ki kt\u00f3remu mo\u017cesz zosta\u0107 konserwatorem wyci\u0105g\u00f3w przeznaczonych dla os\u00f3b przemieszczaj\u0105cych si\u0119 po \u015bniegu lub gruncie sta\u0142ym.&nbsp; Coraz wi\u0119ksza popularno\u015b\u0107 takiej formy sp\u0119dzania wolnego czasu sprawia, \u017ce powstaj\u0105 nowe wyci\u0105gi narciarskie w Polsce i na ca\u0142ym \u015bwiecie. Dlatego wykwalifikowane [&hellip;]<\/p>\n","protected":false},"author":3,"featured_media":3591,"parent":2266,"menu_order":0,"comment_status":"closed","ping_status":"closed","template":"","meta":{"footnotes":""},"class_list":["post-3590","page","type-page","status-publish","has-post-thumbnail","hentry"],"aioseo_notices":[],"_links":{"self":[{"href":"https:\/\/szkolenia-udt.pl\/ru\/wp-json\/wp\/v2\/pages\/3590","targetHints":{"allow":["GET"]}}],"collection":[{"href":"https:\/\/szkolenia-udt.pl\/ru\/wp-json\/wp\/v2\/pages"}],"about":[{"href":"https:\/\/szkolenia-udt.pl\/ru\/wp-json\/wp\/v2\/types\/page"}],"author":[{"embeddable":true,"href":"https:\/\/szkolenia-udt.pl\/ru\/wp-json\/wp\/v2\/users\/3"}],"replies":[{"embeddable":true,"href":"https:\/\/szkolenia-udt.pl\/ru\/wp-json\/wp\/v2\/comments?post=3590"}],"version-history":[{"count":7,"href":"https:\/\/szkolenia-udt.pl\/ru\/wp-json\/wp\/v2\/pages\/3590\/revisions"}],"predecessor-version":[{"id":3969,"href":"https:\/\/szkolenia-udt.pl\/ru\/wp-json\/wp\/v2\/pages\/3590\/revisions\/3969"}],"up":[{"embeddable":true,"href":"https:\/\/szkolenia-udt.pl\/ru\/wp-json\/wp\/v2\/pages\/2266"}],"wp:featuredmedia":[{"embeddable":true,"href":"https:\/\/szkolenia-udt.pl\/ru\/wp-json\/wp\/v2\/media\/3591"}],"wp:attachment":[{"href":"https:\/\/szkolenia-udt.pl\/ru\/wp-json\/wp\/v2\/media?parent=3590"}],"curies":[{"name":"wp","href":"https:\/\/api.w.org\/{rel}","templated":true}]}}