{"id":3637,"date":"2023-03-06T19:04:02","date_gmt":"2023-03-06T18:04:02","guid":{"rendered":"https:\/\/szkolenia-udt.pl\/?page_id=3637"},"modified":"2023-03-10T14:06:55","modified_gmt":"2023-03-10T13:06:55","slug":"%d0%be%d0%bf%d0%b5%d1%80%d0%b0%d1%82%d0%be%d1%80-%d0%b1%d0%be%d1%80%d1%82%d0%be%d0%b2%d0%be%d0%b3%d0%be-%d0%ba%d1%80%d0%b0%d0%bd%d0%b0","status":"publish","type":"page","link":"https:\/\/szkolenia-udt.pl\/ru\/kursy\/uprawnienia-udt-tdt-wdt\/operator-zurawi-pokladowych\/","title":{"rendered":"\u041e\u0431\u0443\u0447\u0435\u043d\u0438\u0435 TDT \u0434\u043b\u044f \u043f\u0430\u043b\u0443\u0431\u043d\u044b\u0445 \u043a\u0440\u0430\u043d\u043e\u0432"},"content":{"rendered":"\n<h2 class=\"wp-block-heading\">Nasza oferta<\/h2>\n\n\n\n<p>Jako O\u015brodek Szkolenia Operator\u00f3w od ponad 15 lat oferujemy Pa\u0144stwu kursy na uprawnienia UDT i TDT. Posiadamy do\u015bwiadczon\u0105 kadr\u0119 szkoleniowc\u00f3w, kt\u00f3rzy fachowo poprowadz\u0105 zaj\u0119cia teoretyczne i praktyczne, a tak\u017ce podziel\u0105 si\u0119 swoim do\u015bwiadczeniem zawodowym.&nbsp;<\/p>\n\n\n\n<p>Programy szkole\u0144 na bie\u017c\u0105co aktualizujemy, a ka\u017cdy z nich dostosowany jest po egzamin UDT b\u0105d\u017a TDT w zale\u017cno\u015bci od urz\u0105dzenia, jakiego dotyczy.&nbsp;<\/p>\n\n\n\n<h2 class=\"wp-block-heading\">Zapraszamy na szkolenia na \u017curawie<\/h2>\n\n\n\n<p>W naszej ofercie znajd\u0105 Pa\u0144stwo szereg specjalistycznych kurs\u00f3w na uprawnienia UDT i TDT na \u017curawie, w tym d\u017awigi pok\u0142adowe.&nbsp;&nbsp;<\/p>\n\n\n<div class=\"wp-block-image\">\n<figure class=\"alignright size-large is-resized\"><a href=\"https:\/\/szkolenia-udt.pl\/wp-content\/uploads\/2023\/02\/screen_2x-13.jpg\"><img loading=\"lazy\" decoding=\"async\" src=\"https:\/\/szkolenia-udt.pl\/wp-content\/uploads\/2023\/02\/screen_2x-13-1024x609.jpg\" alt=\"Konserwacja \u017curawia pok\u0142adowego\" class=\"wp-image-3642\" width=\"512\" height=\"305\" srcset=\"https:\/\/szkolenia-udt.pl\/wp-content\/uploads\/2023\/02\/screen_2x-13-1024x609.jpg 1024w, https:\/\/szkolenia-udt.pl\/wp-content\/uploads\/2023\/02\/screen_2x-13-300x179.jpg 300w, https:\/\/szkolenia-udt.pl\/wp-content\/uploads\/2023\/02\/screen_2x-13-768x457.jpg 768w, https:\/\/szkolenia-udt.pl\/wp-content\/uploads\/2023\/02\/screen_2x-13-1536x914.jpg 1536w, https:\/\/szkolenia-udt.pl\/wp-content\/uploads\/2023\/02\/screen_2x-13-18x12.jpg 18w, https:\/\/szkolenia-udt.pl\/wp-content\/uploads\/2023\/02\/screen_2x-13.jpg 1600w\" sizes=\"auto, (max-width: 512px) 100vw, 512px\" \/><\/a><\/figure>\n<\/div>\n\n\n<h2 class=\"wp-block-heading\">Na nasz kurs mo\u017cesz si\u0119 zapisa\u0107, je\u015bli:&nbsp;<\/h2>\n\n\n\n<ul class=\"wp-block-list\">\n<li>masz uko\u0144czone 18 lat,&nbsp;<\/li>\n\n\n\n<li>posiadasz wykszta\u0142cenie minimum podstawowe\/ gimnazjalne,&nbsp;<\/li>\n\n\n\n<li>nie masz przeciwwskaza\u0144 do zawodu i posiadasz za\u015bwiadczenie lekarza medycyny pracy.&nbsp;<\/li>\n<\/ul>\n\n\n\n<h2 class=\"wp-block-heading\">Zosta\u0144 operatorem \u017curawi pok\u0142adowych<strong>!<\/strong><\/h2>\n\n\n\n<p>\u017buraw pok\u0142adowy (statkowy) to obrotowa d\u017awignica zamontowana na pok\u0142adzie statku. S\u0142u\u017cy do prac prze\u0142adunkowych.&nbsp;<\/p>\n\n\n\n<h3 class=\"wp-block-heading\">Cz\u0119\u015b\u0107 teoretyczna szkolenia:<\/h3>\n\n\n\n<p>Na start dostaniesz materia\u0142y szkoleniowe do nauki! Zawieraj\u0105 one m.in. filmy instrukta\u017cowe i testy pr\u00f3bne.&nbsp;<\/p>\n\n\n\n<p>Nasz program szkoleniowy jest dostosowany do wymaga\u0144 Transportowego Dozoru Technicznego.&nbsp;&nbsp;<\/p>\n\n\n\n<p>Cz\u0119\u015b\u0107 pierwsza szkolenia to wyk\u0142ady przygotowuj\u0105ce. Podczas nich nasi szkoleniowcy ch\u0119tnie odpowiedz\u0105 na wszelkie pytania i podziel\u0105 si\u0119 z Pa\u0144stwem swoimi do\u015bwiadczeniami.&nbsp;<\/p>\n\n\n<div class=\"wp-block-image\">\n<figure class=\"alignright size-large is-resized\"><a href=\"https:\/\/szkolenia-udt.pl\/wp-content\/uploads\/2023\/02\/canva-large-ship-on-sea-MAE54_PbYSw-1.jpg\"><img loading=\"lazy\" decoding=\"async\" src=\"https:\/\/szkolenia-udt.pl\/wp-content\/uploads\/2023\/02\/canva-large-ship-on-sea-MAE54_PbYSw-1-1024x685.jpg\" alt=\"Panel steruj\u0105cy \u017curawia pok\u0142adowego\" class=\"wp-image-3643\" width=\"512\" height=\"343\" srcset=\"https:\/\/szkolenia-udt.pl\/wp-content\/uploads\/2023\/02\/canva-large-ship-on-sea-MAE54_PbYSw-1-1024x685.jpg 1024w, https:\/\/szkolenia-udt.pl\/wp-content\/uploads\/2023\/02\/canva-large-ship-on-sea-MAE54_PbYSw-1-300x201.jpg 300w, https:\/\/szkolenia-udt.pl\/wp-content\/uploads\/2023\/02\/canva-large-ship-on-sea-MAE54_PbYSw-1-768x514.jpg 768w, https:\/\/szkolenia-udt.pl\/wp-content\/uploads\/2023\/02\/canva-large-ship-on-sea-MAE54_PbYSw-1-1536x1028.jpg 1536w, https:\/\/szkolenia-udt.pl\/wp-content\/uploads\/2023\/02\/canva-large-ship-on-sea-MAE54_PbYSw-1-18x12.jpg 18w, https:\/\/szkolenia-udt.pl\/wp-content\/uploads\/2023\/02\/canva-large-ship-on-sea-MAE54_PbYSw-1.jpg 1600w\" sizes=\"auto, (max-width: 512px) 100vw, 512px\" \/><\/a><\/figure>\n<\/div>\n\n\n<h2 class=\"wp-block-heading\">Podczas kursu na operatora \u017curawia pok\u0142adowego przybli\u017cymy Ci:&nbsp;<\/h2>\n\n\n\n<ul class=\"wp-block-list\">\n<li>akty i wymogi prawne dozoru technicznego,&nbsp;<\/li>\n\n\n\n<li>zasady BHP i PPO\u017b,&nbsp;<\/li>\n\n\n\n<li>informacje og\u00f3lne o statkach i d\u017awigach,&nbsp;<\/li>\n\n\n\n<li>rodzaje urz\u0105dze\u0144,&nbsp;<\/li>\n\n\n\n<li>budow\u0119 \u017curawi pok\u0142adowych,&nbsp;<\/li>\n\n\n\n<li>charakterystyk\u0119 urz\u0105dze\u0144,&nbsp;<\/li>\n\n\n\n<li>zastosowanie \u017curawi,&nbsp;<\/li>\n\n\n\n<li>parametry techniczne,&nbsp;<\/li>\n\n\n\n<li>zasady prawid\u0142owej obs\u0142ugi \u017curawi pok\u0142adowych,&nbsp;<\/li>\n\n\n\n<li>konserwacja, przegl\u0105dy i naprawa \u017curawi statkowych,&nbsp;<\/li>\n\n\n\n<li>zawiesia i osprz\u0119t.&nbsp;<\/li>\n<\/ul>\n\n\n\n<h3 class=\"wp-block-heading\">Cz\u0119\u015b\u0107 praktyczna:<\/h3>\n\n\n\n<p>Druga cz\u0119\u015b\u0107 szkolenia to zaj\u0119cia praktyczne. Pod okiem instruktora nauczysz si\u0119 obs\u0142ugi \u017curawia pok\u0142adowego, wymiany cz\u0119\u015bci i prawid\u0142owej eksploatacji urz\u0105dze\u0144. &nbsp;<\/p>\n\n\n\n<h2 class=\"wp-block-heading\">Egzamin TDT:<\/h2>\n\n\n\n<p>Po szkoleniu udasz si\u0119 na egzamin pa\u0144stwowy zdawany przed komisj\u0105 egzaminacyjn\u0105 TDT. Zdasz test i egzamin praktyczny, po czym otrzymasz za\u015bwiadczenie kwalifikacyjne, uprawniaj\u0105ce do obs\u0142ugi \u017curawi pok\u0142adowych. Uprawnienia wa\u017cne s\u0105 przez 5 lat. Po ich up\u0142ywie nale\u017cy z\u0142o\u017cy\u0107 wniosek o przed\u0142u\u017cenie kwalifikacji zawodowych.&nbsp;<\/p>\n\n\n\n<p>Certyfikat, kt\u00f3ry otrzymasz w dw\u00f3ch wersjach j\u0119zykowych, polskiej i angielskiej, upowa\u017cni Ci\u0119 do pracy na terenie ca\u0142ej Polski i UE. &nbsp;<\/p>\n\n\n\n<h2 class=\"wp-block-heading\">Warto nas wybra\u0107, gdy\u017c wyr\u00f3\u017cniaj\u0105 nas:&nbsp;<\/h2>\n\n\n<div class=\"wp-block-image\">\n<figure class=\"alignright size-large is-resized\"><a href=\"https:\/\/szkolenia-udt.pl\/wp-content\/uploads\/2023\/02\/canva-cargo-ship-at-sea-MAD68fBE7KE.jpg\"><img loading=\"lazy\" decoding=\"async\" src=\"https:\/\/szkolenia-udt.pl\/wp-content\/uploads\/2023\/02\/canva-cargo-ship-at-sea-MAD68fBE7KE-1024x683.jpg\" alt=\"\u017buraw pok\u0142adowy wyp\u0142ywaj\u0105cy w morze\" class=\"wp-image-3644\" width=\"512\" height=\"342\" srcset=\"https:\/\/szkolenia-udt.pl\/wp-content\/uploads\/2023\/02\/canva-cargo-ship-at-sea-MAD68fBE7KE-1024x683.jpg 1024w, https:\/\/szkolenia-udt.pl\/wp-content\/uploads\/2023\/02\/canva-cargo-ship-at-sea-MAD68fBE7KE-300x200.jpg 300w, https:\/\/szkolenia-udt.pl\/wp-content\/uploads\/2023\/02\/canva-cargo-ship-at-sea-MAD68fBE7KE-768x512.jpg 768w, https:\/\/szkolenia-udt.pl\/wp-content\/uploads\/2023\/02\/canva-cargo-ship-at-sea-MAD68fBE7KE-1536x1024.jpg 1536w, https:\/\/szkolenia-udt.pl\/wp-content\/uploads\/2023\/02\/canva-cargo-ship-at-sea-MAD68fBE7KE-18x12.jpg 18w, https:\/\/szkolenia-udt.pl\/wp-content\/uploads\/2023\/02\/canva-cargo-ship-at-sea-MAD68fBE7KE.jpg 1600w\" sizes=\"auto, (max-width: 512px) 100vw, 512px\" \/><\/a><\/figure>\n<\/div>\n\n\n<ul class=\"wp-block-list\">\n<li>przyst\u0119pne ceny,&nbsp;<\/li>\n\n\n\n<li>profesjonalna kadra szkoleniowc\u00f3w,&nbsp;<\/li>\n\n\n\n<li>programy zgodne z wymogami prawnymi,&nbsp;<\/li>\n\n\n\n<li>szeroka gama profesjonalnych szkole\u0144,&nbsp;<\/li>\n\n\n\n<li>us\u0142ugi \u015bwiadczone na terenie ca\u0142ej Polski, nawet w siedzibach klienta,&nbsp;<\/li>\n\n\n\n<li>szkolenia otwarte i zamkni\u0119te,&nbsp;<\/li>\n\n\n\n<li>wsparcie Kursant\u00f3w w zapisie na egzamin pa\u0144stwowy,&nbsp;<\/li>\n\n\n\n<li>wysoka zdawalno\u015b\u0107 naszych kursant\u00f3w.&nbsp;<\/li>\n<\/ul>\n\n\n\n<h2 class=\"wp-block-heading\">Inne us\u0142ugi i szkolenia:<\/h2>\n\n\n\n<p>Zapraszamy do zapoznania si\u0119 z <a href=\"https:\/\/szkolenia-udt.pl\/ru\/oferta\/\">pe\u0142n\u0105 ofert\u0105<\/a> naszych us\u0142ug.&nbsp;Szkolimy na operator\u00f3w i konserwator\u00f3w UDT i TDT urz\u0105dze\u0144 takich jak:&nbsp;<\/p>\n\n\n\n<ul class=\"wp-block-list\">\n<li>suwnice,&nbsp;<\/li>\n\n\n\n<li>podesty ruchome,&nbsp;<\/li>\n\n\n\n<li>podno\u015bniki koszowe i no\u017cycowe (zwy\u017cki),&nbsp;<\/li>\n\n\n\n<li>\u017curawie (wie\u017cowe, kolejowe, HDS, samojezdnych, p\u0142ywaj\u0105cych, szynowych),&nbsp;<\/li>\n\n\n\n<li>kolei linowych,&nbsp;<\/li>\n\n\n\n<li>w\u00f3zk\u00f3w wid\u0142owych,&nbsp;<\/li>\n\n\n\n<li>wyci\u0105g\u00f3w towarowych,&nbsp;<\/li>\n\n\n\n<li>\u0142adowarki teleskopowe.<\/li>\n<\/ul>\n\n\n\n<h2 class=\"wp-block-heading\">Poza tym przeprowadzamy kursy:&nbsp;<\/h2>\n\n\n\n<ul class=\"wp-block-list\">\n<li>z uprawnie\u0144 <a href=\"https:\/\/szkolenia-udt.pl\/ru\/kursy\/sep-g1-g2-g3\/g1\/\">G1<\/a>. <a href=\"https:\/\/szkolenia-udt.pl\/ru\/kursy\/sep-g1-g2-g3\/g2\/\">G2<\/a>, <a href=\"https:\/\/szkolenia-udt.pl\/ru\/kursy\/sep-g1-g2-g3\/g3\/\">G3<\/a> na palaczy piec\u00f3w i kot\u0142\u00f3w CO,&nbsp;<\/li>\n\n\n\n<li>na alpinist\u00f3w przemys\u0142owych,&nbsp;<\/li>\n\n\n\n<li>na spawaczy,&nbsp;<\/li>\n\n\n\n<li>BHP i PPO\u017b,&nbsp;<\/li>\n\n\n\n<li>na monter\u00f3w rusztowa\u0144 budowlanych.&nbsp;<\/li>\n<\/ul>\n\n\n\n<p>Oferujemy tak\u017ce us\u0142ugi z zakresu doradztwa i audytu, a tak\u017ce serwisu, naprawy i konserwacji urz\u0105dze\u0144 technicznych!&nbsp;<\/p>\n\n\n\n<p>Skontaktuj si\u0119 z nami telefonicznie i dowiedz si\u0119 wi\u0119cej!<\/p>\n\n\n\n<h2 class=\"wp-block-heading\">Pytania i odpowiedzi:<\/h2>\n\n\n\t\t<details\t\thelp class=\"sc_fs_faq sc_card    \"\n\t\topen\t\t>\n\t\t\t\t\t<summary>\n\t\t\t\t<h3>1. Jak d\u0142ugo wa\u017cne s\u0105 uprawnienia na \u017curawie?<\/h3>\t\t\t\t\t<\/summary>\n\t\t\t\t<div>\n\t\t\t\t\t\t<div class=\"sc_fs_faq__content\">\n\t\t\t\t\n\n<p>Uprawnienia na obs\u0142ug\u0119 \u017curawi wie\u017cowych i stacjonarnych wa\u017cne s\u0105 przez 10 lat, za\u015b \u017curawi pok\u0142adowych, p\u0142ywaj\u0105cych, kolejowych, szynowych, wie\u017cowych, samojezdnych, przewo\u017anych i przeno\u015bnych (HDS) wa\u017cne s\u0105 przez 5 lat.&nbsp;<\/p>\n\n\t\t\t<\/div>\n\t\t<\/div>\n\t\t<\/details>\n\t\t\t\t<details\t\thelp class=\"sc_fs_faq sc_card    \"\n\t\t\t\t>\n\t\t\t\t\t<summary>\n\t\t\t\t<h3>2. Jakie s\u0105 wymogi, by m\u00f3c przyst\u0105pi\u0107 na kurs na operatora \u017curawi? <\/h3>\t\t\t\t\t<\/summary>\n\t\t\t\t<div>\n\t\t\t\t\t\t<div class=\"sc_fs_faq__content\">\n\t\t\t\t\n\n<p>Je\u015bli jeste\u015b osob\u0105 pe\u0142noletni\u0105 i uko\u0144czy\u0142e\u015b przynajmniej szko\u0142\u0119 podstawow\u0105 zapraszamy do zapisu na kurs. istotne jest tak\u017ce za\u015bwiadczenie lekarskie o braku przeciwwskaza\u0144 do wykonywania zawodu.<\/p>\n\n\t\t\t<\/div>\n\t\t<\/div>\n\t\t<\/details>\n\t\t\t\t<details\t\thelp class=\"sc_fs_faq sc_card    \"\n\t\t\t\t>\n\t\t\t\t\t<summary>\n\t\t\t\t<h3>3. Gdzie przeprowadzane s\u0105 kursy?<\/h3>\t\t\t\t\t<\/summary>\n\t\t\t\t<div>\n\t\t\t\t\t\t<div class=\"sc_fs_faq__content\">\n\t\t\t\t\n\n<p>Szkolimy na terenie ca\u0142ej Polski. Oferujemy szkolenia otwarte m.in.: w Warszawie, Krakowie, Katowicach czy Bielsku-Bia\u0142ej. Natomiast firmy i grupy zorganizowane zapraszamy do kontaktu, gdy\u017c proponujemy kursy z dojazdem do klienta! <\/p>\n\n\t\t\t<\/div>\n\t\t<\/div>\n\t\t<\/details>\n\t\t\t\t<details\t\thelp class=\"sc_fs_faq sc_card    \"\n\t\t\t\t>\n\t\t\t\t\t<summary>\n\t\t\t\t<h3>4. Jakie kursy znajd\u0119 w waszej ofercie?<\/h3>\t\t\t\t\t<\/summary>\n\t\t\t\t<div>\n\t\t\t\t\t\t<div class=\"sc_fs_faq__content\">\n\t\t\t\t\n\n<p>Szkolimy konserwator\u00f3w i operator\u00f3w UDT i TDT urz\u0105dze\u0144 takich jak np.: \u017curawie, suwnice, \u0142adowarki teleskopowe, podesty ruchome, podno\u015bniki koszowe czy linie kolejowe. Przeprowadzamy tak\u017ce szkolenia dla pracownik\u00f3w z zakresu BHP i PPO\u017b oraz wiele innych kurs\u00f3w zawodowych.<\/p>\n\n\t\t\t<\/div>\n\t\t<\/div>\n\t\t<\/details>\n\t\t\n<script type=\"application\/ld+json\">\n\t{\n\t\t\"@context\": \"https:\/\/schema.org\",\n\t\t\"@type\": \"FAQPage\",\n\t\t\"mainEntity\": [\n\t\t\t\t\t{\n\t\t\t\t\"@type\": \"Question\",\n\t\t\t\t\"name\": \"1. Jak d\u0142ugo wa\u017cne s\u0105 uprawnienia na \u017curawie?\",\n\t\t\t\t\"acceptedAnswer\": {\n\t\t\t\t\t\"@type\": \"Answer\",\n\t\t\t\t\t\"text\": \"<p>Uprawnienia na obs\u0142ug\u0119 \u017curawi wie\u017cowych i stacjonarnych wa\u017cne s\u0105 przez 10 lat, za\u015b \u017curawi pok\u0142adowych, p\u0142ywaj\u0105cych, kolejowych, szynowych, wie\u017cowych, samojezdnych, przewo\u017anych i przeno\u015bnych (HDS) wa\u017cne s\u0105 przez 5 lat.&nbsp;<\/p>\"\n\t\t\t\t\t\t\t\t\t}\n\t\t\t}\n\t\t\t,\t\t\t\t{\n\t\t\t\t\"@type\": \"Question\",\n\t\t\t\t\"name\": \"2. Jakie s\u0105 wymogi, by m\u00f3c przyst\u0105pi\u0107 na kurs na operatora \u017curawi? \",\n\t\t\t\t\"acceptedAnswer\": {\n\t\t\t\t\t\"@type\": \"Answer\",\n\t\t\t\t\t\"text\": \"<p>Je\u015bli jeste\u015b osob\u0105 pe\u0142noletni\u0105 i uko\u0144czy\u0142e\u015b przynajmniej szko\u0142\u0119 podstawow\u0105 zapraszamy do zapisu na kurs. istotne jest tak\u017ce za\u015bwiadczenie lekarskie o braku przeciwwskaza\u0144 do wykonywania zawodu.<\/p>\"\n\t\t\t\t\t\t\t\t\t}\n\t\t\t}\n\t\t\t,\t\t\t\t{\n\t\t\t\t\"@type\": \"Question\",\n\t\t\t\t\"name\": \"3. Gdzie przeprowadzane s\u0105 kursy?\",\n\t\t\t\t\"acceptedAnswer\": {\n\t\t\t\t\t\"@type\": \"Answer\",\n\t\t\t\t\t\"text\": \"<p>Szkolimy na terenie ca\u0142ej Polski. Oferujemy szkolenia otwarte m.in.: w Warszawie, Krakowie, Katowicach czy Bielsku-Bia\u0142ej. Natomiast firmy i grupy zorganizowane zapraszamy do kontaktu, gdy\u017c proponujemy kursy z dojazdem do klienta! <\/p>\"\n\t\t\t\t\t\t\t\t\t}\n\t\t\t}\n\t\t\t,\t\t\t\t{\n\t\t\t\t\"@type\": \"Question\",\n\t\t\t\t\"name\": \"4. Jakie kursy znajd\u0119 w waszej ofercie?\",\n\t\t\t\t\"acceptedAnswer\": {\n\t\t\t\t\t\"@type\": \"Answer\",\n\t\t\t\t\t\"text\": \"<p>Szkolimy konserwator\u00f3w i operator\u00f3w UDT i TDT urz\u0105dze\u0144 takich jak np.: \u017curawie, suwnice, \u0142adowarki teleskopowe, podesty ruchome, podno\u015bniki koszowe czy linie kolejowe. Przeprowadzamy tak\u017ce szkolenia dla pracownik\u00f3w z zakresu BHP i PPO\u017b oraz wiele innych kurs\u00f3w zawodowych.<\/p>\"\n\t\t\t\t\t\t\t\t\t}\n\t\t\t}\n\t\t\t\t\t\t]\n\t}\n<\/script>\n","protected":false},"excerpt":{"rendered":"<p>Nasza oferta Jako O\u015brodek Szkolenia Operator\u00f3w od ponad 15 lat oferujemy Pa\u0144stwu kursy na uprawnienia UDT i TDT. Posiadamy do\u015bwiadczon\u0105 kadr\u0119 szkoleniowc\u00f3w, kt\u00f3rzy fachowo poprowadz\u0105 zaj\u0119cia teoretyczne i praktyczne, a tak\u017ce podziel\u0105 si\u0119 swoim do\u015bwiadczeniem zawodowym.&nbsp; Programy szkole\u0144 na bie\u017c\u0105co aktualizujemy, a ka\u017cdy z nich dostosowany jest po egzamin UDT b\u0105d\u017a TDT w zale\u017cno\u015bci od [&hellip;]<\/p>\n","protected":false},"author":10,"featured_media":3641,"parent":2266,"menu_order":0,"comment_status":"closed","ping_status":"closed","template":"","meta":{"footnotes":""},"class_list":["post-3637","page","type-page","status-publish","has-post-thumbnail","hentry"],"aioseo_notices":[],"_links":{"self":[{"href":"https:\/\/szkolenia-udt.pl\/ru\/wp-json\/wp\/v2\/pages\/3637","targetHints":{"allow":["GET"]}}],"collection":[{"href":"https:\/\/szkolenia-udt.pl\/ru\/wp-json\/wp\/v2\/pages"}],"about":[{"href":"https:\/\/szkolenia-udt.pl\/ru\/wp-json\/wp\/v2\/types\/page"}],"author":[{"embeddable":true,"href":"https:\/\/szkolenia-udt.pl\/ru\/wp-json\/wp\/v2\/users\/10"}],"replies":[{"embeddable":true,"href":"https:\/\/szkolenia-udt.pl\/ru\/wp-json\/wp\/v2\/comments?post=3637"}],"version-history":[{"count":27,"href":"https:\/\/szkolenia-udt.pl\/ru\/wp-json\/wp\/v2\/pages\/3637\/revisions"}],"predecessor-version":[{"id":4250,"href":"https:\/\/szkolenia-udt.pl\/ru\/wp-json\/wp\/v2\/pages\/3637\/revisions\/4250"}],"up":[{"embeddable":true,"href":"https:\/\/szkolenia-udt.pl\/ru\/wp-json\/wp\/v2\/pages\/2266"}],"wp:featuredmedia":[{"embeddable":true,"href":"https:\/\/szkolenia-udt.pl\/ru\/wp-json\/wp\/v2\/media\/3641"}],"wp:attachment":[{"href":"https:\/\/szkolenia-udt.pl\/ru\/wp-json\/wp\/v2\/media?parent=3637"}],"curies":[{"name":"wp","href":"https:\/\/api.w.org\/{rel}","templated":true}]}}