{"id":37,"date":"2014-10-07T16:20:56","date_gmt":"2014-10-07T16:20:56","guid":{"rendered":"http:\/\/szkolenia-udt.pl\/?page_id=37"},"modified":"2016-07-05T20:02:46","modified_gmt":"2016-07-05T20:02:46","slug":"%d0%bf%d0%be%d1%81%d0%be%d0%b1%d0%b8%d1%8f-udt","status":"publish","type":"page","link":"https:\/\/szkolenia-udt.pl\/ru\/uprawnienia-udt\/","title":{"rendered":"\u0420\u0430\u0437\u0440\u0435\u0448\u0435\u043d\u0438\u044f UDT"},"content":{"rendered":"<h3>\u0421 \u043d\u0430\u043c\u0438 \u0432\u044b \u043f\u043e\u043b\u0443\u0447\u0438\u0442\u0435 \u0440\u0430\u0437\u0440\u0435\u0448\u0435\u043d\u0438\u044f UDT - \u0432 \u0412\u0430\u0440\u0448\u0430\u0432\u0435 \u0438 \u043f\u043e \u0432\u0441\u0435\u0439 \u041f\u043e\u043b\u044c\u0448\u0435.<\/h3>\n<div class=\"wyjustuj\">\u0423\u043f\u0440\u0430\u0432\u043b\u0435\u043d\u0438\u0435 \u0442\u0435\u0445\u043d\u0438\u0447\u0435\u0441\u043a\u043e\u0439 \u0438\u043d\u0441\u043f\u0435\u043a\u0446\u0438\u0438 (UDT) - \u044d\u0442\u043e \u0433\u043e\u0441\u0443\u0434\u0430\u0440\u0441\u0442\u0432\u0435\u043d\u043d\u043e\u0435 \u0443\u0447\u0440\u0435\u0436\u0434\u0435\u043d\u0438\u0435, \u0440\u0430\u0441\u043f\u043e\u043b\u043e\u0436\u0435\u043d\u043d\u043e\u0435 \u0432 \u0412\u0430\u0440\u0448\u0430\u0432\u0435, \u0446\u0435\u043b\u044c\u044e \u043a\u043e\u0442\u043e\u0440\u043e\u0433\u043e \u044f\u0432\u043b\u044f\u0435\u0442\u0441\u044f \u043a\u043e\u043d\u0442\u0440\u043e\u043b\u044c \u0431\u0435\u0437\u043e\u043f\u0430\u0441\u043d\u043e\u0441\u0442\u0438 \u0443\u0441\u0442\u0430\u043d\u043e\u0432\u043e\u043a \u0438 \u0442\u0435\u0445\u043d\u0438\u0447\u0435\u0441\u043a\u0438\u0445 \u0443\u0441\u0442\u0440\u043e\u0439\u0441\u0442\u0432, \u043f\u043e\u0434\u043b\u0435\u0436\u0430\u0449\u0438\u0445 \u0442\u0435\u0445\u043d\u0438\u0447\u0435\u0441\u043a\u043e\u043c\u0443 \u043d\u0430\u0434\u0437\u043e\u0440\u0443. \u042d\u0442\u043e \u043e\u0440\u0433\u0430\u043d\u0438\u0437\u0430\u0446\u0438\u044f, \u043a\u043e\u0442\u043e\u0440\u0430\u044f \u043f\u0440\u043e\u0432\u043e\u0434\u0438\u0442 \u043e\u0431\u0443\u0447\u0435\u043d\u0438\u0435 \u0438 \u0441\u0435\u0440\u0442\u0438\u0444\u0438\u043a\u0430\u0446\u0438\u044e, \u0430 \u0442\u0430\u043a\u0436\u0435 \u0438\u043c\u0435\u0435\u0442 \u0441\u043e\u0431\u0441\u0442\u0432\u0435\u043d\u043d\u0443\u044e \u043d\u0430\u0443\u0447\u043d\u043e-\u0438\u0441\u0441\u043b\u0435\u0434\u043e\u0432\u0430\u0442\u0435\u043b\u044c\u0441\u043a\u0443\u044e \u0438 \u044d\u043a\u0441\u043f\u0435\u0440\u0442\u043d\u0443\u044e \u0431\u0430\u0437\u0443.<strong>\u0421\u0444\u0435\u0440\u0430 \u0434\u0435\u044f\u0442\u0435\u043b\u044c\u043d\u043e\u0441\u0442\u0438 \u0423\u043f\u0440\u0430\u0432\u043b\u0435\u043d\u0438\u044f \u0442\u0435\u0445\u043d\u0438\u0447\u0435\u0441\u043a\u043e\u0439 \u0438\u043d\u0441\u043f\u0435\u043a\u0446\u0438\u0438:<\/strong><\/p>\n<ul>\n<li>\u043e\u0441\u0443\u0449\u0435\u0441\u0442\u0432\u043b\u0435\u043d\u0438\u0435 \u043d\u0430\u0434\u0437\u043e\u0440\u0430 \u0438 \u043a\u043e\u043d\u0442\u0440\u043e\u043b\u044f \u0432 \u0441\u0432\u044f\u0437\u0438 \u0441 \u0441\u043e\u0431\u043b\u044e\u0434\u0435\u043d\u0438\u0435\u043c \u043f\u0440\u0430\u0432\u0438\u043b \u0442\u0435\u0445\u043d\u0438\u0447\u0435\u0441\u043a\u043e\u0433\u043e \u043d\u0430\u0434\u0437\u043e\u0440\u0430 \u0438 \u0434\u0440\u0443\u0433\u0438\u0445 \u043f\u0440\u0438\u043c\u0435\u043d\u0438\u043c\u044b\u0445 \u043d\u043e\u0440\u043c\u0430\u0442\u0438\u0432\u043d\u044b\u0445 \u0430\u043a\u0442\u043e\u0432<\/li>\n<li>\u043e\u0441\u0443\u0449\u0435\u0441\u0442\u0432\u043b\u0435\u043d\u0438\u0435 \u0442\u0435\u0445\u043d\u0438\u0447\u0435\u0441\u043a\u043e\u0433\u043e \u043d\u0430\u0434\u0437\u043e\u0440\u0430 \u0437\u0430 \u043e\u0431\u043e\u0440\u0443\u0434\u043e\u0432\u0430\u043d\u0438\u0435\u043c, \u0443\u043a\u0430\u0437\u0430\u043d\u043d\u044b\u043c \u0432 \u043f\u0440\u0430\u0432\u0438\u043b\u0430\u0445<\/li>\n<li>\u0432\u044b\u0434\u0430\u0447\u0430 \u0440\u0435\u0448\u0435\u043d\u0438\u0439 \u043f\u043e \u0442\u0435\u0445\u043d\u0438\u0447\u0435\u0441\u043a\u043e\u043c\u0443 \u043d\u0430\u0434\u0437\u043e\u0440\u0443<\/li>\n<li>\u0443\u0447\u0435\u0442 \u0442\u0435\u0445\u043d\u0438\u0447\u0435\u0441\u043a\u043e\u0433\u043e \u043e\u0431\u043e\u0440\u0443\u0434\u043e\u0432\u0430\u043d\u0438\u044f<\/li>\n<li>\u0430\u043d\u0430\u043b\u0438\u0437 \u043f\u0440\u0438\u0447\u0438\u043d \u0438 \u043f\u043e\u0441\u043b\u0435\u0434\u0441\u0442\u0432\u0438\u0439 \u043f\u043e\u0432\u0440\u0435\u0436\u0434\u0435\u043d\u0438\u044f \u043e\u0431\u043e\u0440\u0443\u0434\u043e\u0432\u0430\u043d\u0438\u044f \u0438 \u043e\u0446\u0435\u043d\u043a\u0430 \u0438\u0445 \u0440\u0438\u0441\u043a\u0430<\/li>\n<li>\u043c\u043e\u0442\u0438\u0432\u0430\u0446\u0438\u044f \u0441\u043e\u0432\u0435\u0440\u0448\u0435\u043d\u0441\u0442\u0432\u043e\u0432\u0430\u043d\u0438\u044f \u043d\u0430\u0432\u044b\u043a\u043e\u0432 \u043f\u043e\u043b\u044c\u0437\u043e\u0432\u0430\u0442\u0435\u043b\u0435\u0439 \u0438 \u043f\u0440\u043e\u0438\u0437\u0432\u043e\u0434\u0438\u0442\u0435\u043b\u0435\u0439 \u0432 \u0440\u0430\u0431\u043e\u0442\u0435 \u0441 \u043e\u0431\u043e\u0440\u0443\u0434\u043e\u0432\u0430\u043d\u0438\u0435\u043c<\/li>\n<li>\u043f\u043e\u0434\u0433\u043e\u0442\u043e\u0432\u043a\u0430 \u0438 \u0441\u043e\u0433\u043b\u0430\u0441\u043e\u0432\u0430\u043d\u0438\u0435 \u043f\u0440\u043e\u0433\u0440\u0430\u043c\u043c \u0434\u043b\u044f \u043a\u0443\u0440\u0441\u043e\u0432 UDT<\/li>\n<li>\u043f\u0440\u043e\u0432\u0435\u0440\u043a\u0430 \u043a\u0432\u0430\u043b\u0438\u0444\u0438\u043a\u0430\u0446\u0438\u0438 \u0441\u043e\u0442\u0440\u0443\u0434\u043d\u0438\u043a\u043e\u0432, \u0432\u044b\u0434\u0430\u0447\u0430 \u0440\u0430\u0437\u0440\u0435\u0448\u0435\u043d\u0438\u0439 UDT<\/li>\n<\/ul>\n<p>\u0412\u0441\u0435 \u043b\u0438\u0446\u0430, \u0436\u0435\u043b\u0430\u044e\u0449\u0438\u0435 \u0440\u0430\u0431\u043e\u0442\u0430\u0442\u044c \u043d\u0430 \u0442\u0430\u043a\u043e\u043c \u043e\u0431\u043e\u0440\u0443\u0434\u043e\u0432\u0430\u043d\u0438\u0438, \u043a\u0430\u043a \u043c\u043e\u0441\u0442\u043e\u0432\u044b\u0435 \u043a\u0440\u0430\u043d\u044b, \u043a\u0440\u0430\u043d\u044b-\u043c\u0430\u043d\u0438\u043f\u0443\u043b\u044f\u0442\u043e\u0440\u044b, \u043a\u0440\u0430\u043d\u044b HDS, \u0432\u0438\u043b\u043e\u0447\u043d\u044b\u0435 \u043f\u043e\u0433\u0440\u0443\u0437\u0447\u0438\u043a\u0438, \u0433\u0443\u0441\u0435\u043d\u0438\u0447\u043d\u044b\u0435 \u0448\u0442\u0430\u0431\u0435\u043b\u0435\u0440\u044b, \u0441\u043a\u0438\u043f\u043e\u0432\u044b\u0435 \u043f\u043e\u0434\u044a\u0435\u043c\u043d\u0438\u043a\u0438 \u0438 \u043a\u0430\u043d\u0430\u0442\u043d\u044b\u0435 \u0434\u043e\u0440\u043e\u0433\u0438, \u043e\u0431\u043e\u0440\u0443\u0434\u043e\u0432\u0430\u043d\u0438\u0435 \u0434\u043b\u044f \u043e\u0431\u0440\u0430\u0431\u043e\u0442\u043a\u0438 \u0438 \u043d\u0430\u043f\u043e\u043b\u043d\u0435\u043d\u0438\u044f \u043a\u043e\u043d\u0442\u0435\u0439\u043d\u0435\u0440\u043e\u0432 \u0438\u043b\u0438 \u043f\u0435\u0440\u0435\u0434\u0432\u0438\u0436\u043d\u044b\u0435 \u043f\u043b\u0430\u0442\u0444\u043e\u0440\u043c\u044b, \u0441\u0440\u0435\u0434\u0438 \u043f\u0440\u043e\u0447\u0435\u0433\u043e, \u043f\u0440\u043e\u0445\u043e\u0434\u044f\u0442 \u0430\u0442\u0442\u0435\u0441\u0442\u0430\u0446\u0438\u044e \u0432 \u0423\u043f\u0440\u0430\u0432\u043b\u0435\u043d\u0438\u0438 \u0442\u0435\u0445\u043d\u0438\u0447\u0435\u0441\u043a\u043e\u0439 \u0438\u043d\u0441\u043f\u0435\u043a\u0446\u0438\u0438. \u041b\u0438\u0446\u043e, \u0440\u0430\u0431\u043e\u0442\u0430\u044e\u0449\u0435\u0435 \u043e\u043f\u0435\u0440\u0430\u0442\u043e\u0440\u043e\u043c \u0432\u044b\u0448\u0435\u0443\u043f\u043e\u043c\u044f\u043d\u0443\u0442\u043e\u0433\u043e \u043e\u0431\u043e\u0440\u0443\u0434\u043e\u0432\u0430\u043d\u0438\u044f, \u043d\u043e \u043d\u0435 \u0438\u043c\u0435\u044e\u0449\u0435\u0435 \u0441\u0435\u0440\u0442\u0438\u0444\u0438\u043a\u0430\u0442\u0430 UTD, \u043f\u043e\u0434\u0432\u0435\u0440\u0433\u0430\u0435\u0442 \u0440\u0430\u0431\u043e\u0442\u043e\u0434\u0430\u0442\u0435\u043b\u044f \u0448\u0442\u0440\u0430\u0444\u043d\u044b\u043c \u0441\u0430\u043d\u043a\u0446\u0438\u044f\u043c.<\/p>\n<div style=\"float: left; padding-right: 10px;\"><div id=\"metaslider-id-625\" style=\"max-width: 300px;\" class=\"ml-slider-3-107-0 metaslider metaslider-flex metaslider-625 ml-slider ms-theme-default nav-hidden\" role=\"region\" aria-label=\"\u0412\u044b\u043f\u043b\u0430\u0442\u044b\" data-height=\"225\" data-width=\"300\">\n    <div id=\"metaslider_container_625\">\n        <div id=\"metaslider_625\">\n            <ul class='slides'>\n                <li style=\"display: block; width: 100%;\" class=\"slide-540 ms-image\" aria-roledescription=\"slide\" data-date=\"2014-10-11 16:42:06\" data-filename=\"170AETJL_BI_NRJ_045.jpg\" data-slide-type=\"image\"><img loading=\"lazy\" decoding=\"async\" src=\"https:\/\/szkolenia-udt.pl\/wp-content\/uploads\/2014\/10\/170AETJL_BI_NRJ_045.jpg\" height=\"225\" width=\"300\" alt=\"\u041a\u0443\u0440\u0441\u044b \u0438 \u043e\u0431\u0443\u0447\u0435\u043d\u0438\u0435 \" class=\"slider-625 slide-540 msDefaultImage\" \/><\/li>\n                <li style=\"display: none; width: 100%;\" class=\"slide-1109 ms-image\" aria-roledescription=\"slide\" data-date=\"2014-11-12 13:56:05\" data-filename=\"bizness3a.jpg\" data-slide-type=\"image\"><img loading=\"lazy\" decoding=\"async\" src=\"https:\/\/szkolenia-udt.pl\/wp-content\/uploads\/2014\/11\/bizness3a.jpg\" height=\"225\" width=\"300\" alt=\"\u043e\u0431\u0443\u0447\u0435\u043d\u0438\u0435\" class=\"slider-625 slide-1109 msDefaultImage\" \/><\/li>\n                <li style=\"display: none; width: 100%;\" class=\"slide-1105 ms-image\" aria-roledescription=\"slide\" data-date=\"2014-11-12 13:56:03\" data-filename=\"biznes4a.jpg\" data-slide-type=\"image\"><img loading=\"lazy\" decoding=\"async\" src=\"https:\/\/szkolenia-udt.pl\/wp-content\/uploads\/2014\/11\/biznes4a.jpg\" height=\"225\" width=\"300\" alt=\"\" class=\"slider-625 slide-1105 msDefaultImage\" \/><\/li>\n                <li style=\"display: none; width: 100%;\" class=\"slide-1104 ms-image\" aria-roledescription=\"slide\" data-date=\"2014-11-12 13:56:02\" data-filename=\"biznes1a.jpg\" data-slide-type=\"image\"><img loading=\"lazy\" decoding=\"async\" src=\"https:\/\/szkolenia-udt.pl\/wp-content\/uploads\/2014\/11\/biznes1a.jpg\" height=\"225\" width=\"300\" alt=\"\" class=\"slider-625 slide-1104 msDefaultImage\" \/><\/li>\n                <li style=\"display: none; width: 100%;\" class=\"slide-1112 ms-image\" aria-roledescription=\"slide\" data-date=\"2014-11-12 14:10:23\" data-filename=\"engeneer2.jpg\" data-slide-type=\"image\"><img loading=\"lazy\" decoding=\"async\" src=\"https:\/\/szkolenia-udt.pl\/wp-content\/uploads\/2014\/11\/engeneer2.jpg\" height=\"225\" width=\"300\" alt=\"\" class=\"slider-625 slide-1112 msDefaultImage\" \/><\/li>\n            <\/ul>\n        <\/div>\n        \n    <\/div>\n<\/div><\/div>\n<p>\u0414\u043b\u044f \u0442\u043e\u0433\u043e \u0447\u0442\u043e\u0431\u044b \u043f\u043e\u043b\u0443\u0447\u0438\u0442\u044c \u043b\u0438\u0446\u0435\u043d\u0437\u0438\u044e UDT, \u043d\u0435\u043e\u0431\u0445\u043e\u0434\u0438\u043c\u043e \u043f\u0440\u043e\u0439\u0442\u0438 \u043e\u0431\u0443\u0447\u0435\u043d\u0438\u0435. \u041a\u0443\u0440\u0441\u044b UDT \u043f\u0440\u043e\u0432\u043e\u0434\u044f\u0442\u0441\u044f \u043f\u043e \u0432\u0441\u0435\u0439 \u041f\u043e\u043b\u044c\u0448\u0435 \u0443\u0447\u0440\u0435\u0436\u0434\u0435\u043d\u0438\u044f\u043c\u0438 \u043f\u0440\u043e\u0444\u0435\u0441\u0441\u0438\u043e\u043d\u0430\u043b\u044c\u043d\u043e\u0433\u043e \u043e\u0431\u0440\u0430\u0437\u043e\u0432\u0430\u043d\u0438\u044f. \u0422\u0430\u043a\u0438\u0435 <a href=\"https:\/\/szkolenia-udt.pl\/ru\/kursy\/uprawnienia-udt-tdt-wdt\/szkolenia-z-zakresu-udt\/\">\u041a\u0443\u0440\u0441 UDT<\/a> \u0434\u043e\u043b\u0436\u043d\u044b \u0431\u044b\u0442\u044c \u043e\u0440\u0433\u0430\u043d\u0438\u0437\u043e\u0432\u0430\u043d\u044b \u0441\u0435\u0440\u0442\u0438\u0444\u0438\u0446\u0438\u0440\u043e\u0432\u0430\u043d\u043d\u044b\u043c \u0443\u0447\u0440\u0435\u0436\u0434\u0435\u043d\u0438\u0435\u043c, \u0441\u043e\u0442\u0440\u0443\u0434\u043d\u0438\u0447\u0430\u044e\u0449\u0438\u043c \u0441 \u0423\u043f\u0440\u0430\u0432\u043b\u0435\u043d\u0438\u0435\u043c. \u0423\u0447\u0440\u0435\u0436\u0434\u0435\u043d\u0438\u0435 \u0434\u043e\u043b\u0436\u043d\u043e \u043f\u0440\u043e\u0432\u043e\u0434\u0438\u0442\u044c \u0437\u0430\u043d\u044f\u0442\u0438\u044f \u0432 \u0441\u043e\u043e\u0442\u0432\u0435\u0442\u0441\u0442\u0432\u0438\u0438 \u0441 \u0442\u0440\u0435\u0431\u043e\u0432\u0430\u043d\u0438\u044f\u043c\u0438 \u041e\u0440\u0433\u0430\u043d\u0430 \u0432 \u0444\u043e\u0440\u043c\u0435 \u0442\u0435\u043e\u0440\u0435\u0442\u0438\u0447\u0435\u0441\u043a\u0438\u0445 \u0438 \u043f\u0440\u0430\u043a\u0442\u0438\u0447\u0435\u0441\u043a\u0438\u0445 \u0437\u0430\u043d\u044f\u0442\u0438\u0439. <a href=\"https:\/\/szkolenia-udt.pl\/ru\/kursy\/szkolenie-audytorskie-udt\/\">\u041e\u0431\u0443\u0447\u0435\u043d\u0438\u0435 UDT<\/a> \u0433\u043e\u0442\u043e\u0432\u0438\u0442 \u0432\u0430\u0441 \u043a \u0441\u0434\u0430\u0447\u0435 \u044d\u043a\u0437\u0430\u043c\u0435\u043d\u0430, \u043a\u043e\u0442\u043e\u0440\u044b\u0439 \u043f\u0440\u043e\u0432\u043e\u0434\u0438\u0442\u0441\u044f \u043f\u0435\u0440\u0435\u0434 \u043a\u043e\u043c\u0438\u0441\u0441\u0438\u0435\u0439, \u0441\u043e\u0441\u0442\u043e\u044f\u0449\u0435\u0439 \u0438\u0437 \u0447\u043b\u0435\u043d\u043e\u0432 \u0423\u043f\u0440\u0430\u0432\u043b\u0435\u043d\u0438\u044f. \u042d\u043a\u0437\u0430\u043c\u0435\u043d\u044b \u043e\u0431\u044b\u0447\u043d\u043e \u043f\u0440\u043e\u0432\u043e\u0434\u044f\u0442\u0441\u044f \u0432 \u0444\u043e\u0440\u043c\u0435 \u043f\u0438\u0441\u044c\u043c\u0435\u043d\u043d\u043e\u0433\u043e \u0442\u0435\u0441\u0442\u0430 \u0438\u043b\u0438 \u0443\u0441\u0442\u043d\u043e\u0433\u043e \u044d\u043a\u0437\u0430\u043c\u0435\u043d\u0430. \u0423\u0441\u043b\u043e\u0432\u0438\u044f \u0441\u0434\u0430\u0447\u0438 \u044d\u043a\u0437\u0430\u043c\u0435\u043d\u0430 \u0437\u0430\u0432\u0438\u0441\u044f\u0442 \u043e\u0442 \u0432\u0438\u0434\u0430 \u043f\u043e\u0441\u043e\u0431\u0438\u044f, \u043d\u0430 \u043a\u043e\u0442\u043e\u0440\u043e\u0435 \u043f\u0440\u0435\u0442\u0435\u043d\u0434\u0443\u0435\u0442 \u0443\u0447\u0430\u0441\u0442\u043d\u0438\u043a. \u0411\u043e\u043b\u0435\u0435 \u043f\u043e\u0434\u0440\u043e\u0431\u043d\u0443\u044e \u0438\u043d\u0444\u043e\u0440\u043c\u0430\u0446\u0438\u044e \u043c\u043e\u0436\u043d\u043e \u043f\u043e\u043b\u0443\u0447\u0438\u0442\u044c \u0432 \u0443\u0447\u0435\u0431\u043d\u044b\u0445 \u0437\u0430\u0432\u0435\u0434\u0435\u043d\u0438\u044f\u0445 \u0438\u043b\u0438 \u0432 \u0411\u044e\u0440\u043e.<\/p>\n<p><strong>\u041f\u0440\u0430\u0432\u043e\u0432\u0430\u044f \u043e\u0441\u043d\u043e\u0432\u0430:<\/strong><\/p>\n<ul>\n<li>\u0417\u0430\u043a\u043e\u043d \u043e\u0442 21 \u0434\u0435\u043a\u0430\u0431\u0440\u044f 2000 \u0433\u043e\u0434\u0430 \u043e \u0442\u0435\u0445\u043d\u0438\u0447\u0435\u0441\u043a\u043e\u043c \u043d\u0430\u0434\u0437\u043e\u0440\u0435 (\u0417\u0430\u043a\u043e\u043d\u043e\u0434\u0430\u0442\u0435\u043b\u044c\u043d\u044b\u0439 \u0432\u0435\u0441\u0442\u043d\u0438\u043a \u2116 122, \u043f\u043e\u0437. 1321, \u0441 \u0438\u0437\u043c\u0435\u043d\u0435\u043d\u0438\u044f\u043c\u0438).<\/li>\n<li>\u043f\u043e\u0441\u0442\u0430\u043d\u043e\u0432\u043b\u0435\u043d\u0438\u0435 \u041c\u0438\u043d\u0438\u0441\u0442\u0440\u0430 \u044d\u043a\u043e\u043d\u043e\u043c\u0438\u043a\u0438 \u043e \u043f\u043e\u0440\u044f\u0434\u043a\u0435 \u043f\u0440\u043e\u0432\u0435\u0440\u043a\u0438 \u043a\u0432\u0430\u043b\u0438\u0444\u0438\u043a\u0430\u0446\u0438\u0438, \u043d\u0435\u043e\u0431\u0445\u043e\u0434\u0438\u043c\u043e\u0439 \u0434\u043b\u044f \u044d\u043a\u0441\u043f\u043b\u0443\u0430\u0442\u0430\u0446\u0438\u0438 \u0438 \u043e\u0431\u0441\u043b\u0443\u0436\u0438\u0432\u0430\u043d\u0438\u044f \u0442\u0435\u0445\u043d\u0438\u0447\u0435\u0441\u043a\u0438\u0445 \u0443\u0441\u0442\u0440\u043e\u0439\u0441\u0442\u0432 \u043e\u0442 18 \u0438\u044e\u043b\u044f 2001 \u0433\u043e\u0434\u0430 (\u0417\u0430\u043a\u043e\u043d\u043e\u0434\u0430\u0442\u0435\u043b\u044c\u043d\u044b\u0439 \u0432\u0435\u0441\u0442\u043d\u0438\u043a \u2116 79, \u043f\u043e\u0437. 849), \u0438\u0437\u043c\u0435\u043d\u0435\u043d\u043d\u043e\u0435 \u043f\u043e\u0441\u0442\u0430\u043d\u043e\u0432\u043b\u0435\u043d\u0438\u0435\u043c \u043e\u0442 20 \u0444\u0435\u0432\u0440\u0430\u043b\u044f 2003 \u0433\u043e\u0434\u0430 (\u0417\u0430\u043a\u043e\u043d\u043e\u0434\u0430\u0442\u0435\u043b\u044c\u043d\u044b\u0439 \u0432\u0435\u0441\u0442\u043d\u0438\u043a \u2116 50, \u043f\u043e\u0437. 426), \u0438\u0437\u0434\u0430\u043d\u043d\u043e\u0435 \u043d\u0430 \u043e\u0441\u043d\u043e\u0432\u0430\u043d\u0438\u0438 \u0441\u0442\u0430\u0442\u044c\u0438 23, \u043f\u0443\u043d\u043a\u0442 5 \u0417\u0430\u043a\u043e\u043d\u0430 \u043e \u0442\u0435\u0445\u043d\u0438\u0447\u0435\u0441\u043a\u043e\u043c \u043d\u0430\u0434\u0437\u043e\u0440\u0435.<\/li>\n<\/ul>\n<p>\u0412\u0441\u0435, \u043a\u0442\u043e \u0437\u0430\u0438\u043d\u0442\u0435\u0440\u0435\u0441\u043e\u0432\u0430\u043d \u0432 \u043f\u043e\u043b\u0443\u0447\u0435\u043d\u0438\u0438 \u043b\u0438\u0446\u0435\u043d\u0437\u0438\u0438 UDT <a href=\"https:\/\/szkolenia-udt.pl\/ru\/kontakt\/\">\u0442\u0435\u043f\u043b\u043e \u043f\u0440\u0438\u0432\u0435\u0442\u0441\u0442\u0432\u0443\u0435\u043c<\/a> \u0432 \u043d\u0430\u0448 \u0426\u0435\u043d\u0442\u0440 \u043f\u043e\u0434\u0433\u043e\u0442\u043e\u0432\u043a\u0438 \u043e\u043f\u0435\u0440\u0430\u0442\u043e\u0440\u043e\u0432. \u041c\u044b \u0441\u043e\u0442\u0440\u0443\u0434\u043d\u0438\u0447\u0430\u0435\u043c \u0441 \u0423\u043f\u0440\u0430\u0432\u043b\u0435\u043d\u0438\u0435\u043c, \u043f\u0440\u0435\u0434\u043e\u0441\u0442\u0430\u0432\u043b\u044f\u044f \u0443\u0441\u043b\u0443\u0433\u0438 \u043f\u043e \u043e\u0431\u0443\u0447\u0435\u043d\u0438\u044e \u043e\u043f\u0435\u0440\u0430\u0442\u043e\u0440\u043e\u0432 \u043e\u0431\u043e\u0440\u0443\u0434\u043e\u0432\u0430\u043d\u0438\u044f. \u0411\u043b\u0430\u0433\u043e\u0434\u0430\u0440\u044f \u043d\u0430\u043c \u0432\u044b \u043c\u043e\u0436\u0435\u0442\u0435 \u043f\u043e\u043b\u0443\u0447\u0438\u0442\u044c \u043a\u0432\u0430\u043b\u0438\u0444\u0438\u043a\u0430\u0446\u0438\u044e \u043e\u043f\u0435\u0440\u0430\u0442\u043e\u0440\u0430 \u0432\u043e\u0437\u0434\u0443\u0448\u043d\u044b\u0445 \u043f\u043b\u0430\u0442\u0444\u043e\u0440\u043c, \u043d\u043e\u0436\u043d\u0438\u0447\u043d\u044b\u0445 \u043f\u043e\u0434\u044a\u0435\u043c\u043d\u0438\u043a\u043e\u0432, \u043a\u0440\u0430\u043d\u043e\u0432 \u0438 \u0442. \u0434, <a href=\"https:\/\/szkolenia-udt.pl\/ru\/kursy\/wozki-widlowe\/\">\u043b\u0438\u0446\u0435\u043d\u0437\u0438\u044f \u043d\u0430 \u0432\u0438\u043b\u043e\u0447\u043d\u044b\u0439 \u043f\u043e\u0433\u0440\u0443\u0437\u0447\u0438\u043a<\/a>\u043a\u0440\u0430\u043d\u044b. \u041c\u044b \u043f\u0440\u043e\u0432\u043e\u0434\u0438\u043c \u0437\u0430\u043d\u044f\u0442\u0438\u044f \u0432 \u0442\u0430\u043a\u0438\u0445 \u0433\u043e\u0440\u043e\u0434\u0430\u0445, \u043a\u0430\u043a \u0412\u0430\u0440\u0448\u0430\u0432\u0430, \u041a\u0440\u0430\u043a\u043e\u0432, \u041a\u0430\u0442\u043e\u0432\u0438\u0446\u0435 \u0438 \u0411\u0435\u043b\u044c\u0441\u043a\u043e-\u0411\u044f\u043b\u0430, \u0433\u0434\u0435 \u0440\u0430\u0441\u043f\u043e\u043b\u043e\u0436\u0435\u043d\u044b \u043d\u0430\u0448\u0438 \u0446\u0435\u043d\u0442\u0440\u044b, \u043d\u043e \u043c\u044b \u0442\u0430\u043a\u0436\u0435 \u043c\u043e\u0436\u0435\u043c \u043f\u0440\u043e\u0432\u043e\u0434\u0438\u0442\u044c \u0438\u0445 \u043d\u0435\u043f\u043e\u0441\u0440\u0435\u0434\u0441\u0442\u0432\u0435\u043d\u043d\u043e \u043d\u0430 \u0442\u0435\u0440\u0440\u0438\u0442\u043e\u0440\u0438\u0438 \u043a\u043b\u0438\u0435\u043d\u0442\u0430. \u041c\u044b \u043f\u0440\u043e\u0432\u043e\u0434\u0438\u043c \u0437\u0430\u043a\u0440\u044b\u0442\u044b\u0435 \u043a\u0443\u0440\u0441\u044b (\u0434\u043b\u044f \u043e\u0440\u0433\u0430\u043d\u0438\u0437\u043e\u0432\u0430\u043d\u043d\u044b\u0445 \u0433\u0440\u0443\u043f\u043f) \u0438 \u043e\u0442\u043a\u0440\u044b\u0442\u044b\u0435 \u043a\u0443\u0440\u0441\u044b (\u0434\u043b\u044f \u0432\u0441\u0435\u0445 \u0436\u0435\u043b\u0430\u044e\u0449\u0438\u0445). \u041c\u044b \u0433\u0430\u0440\u0430\u043d\u0442\u0438\u0440\u0443\u0435\u043c \u043d\u0438\u0437\u043a\u0438\u0435 \u0446\u0435\u043d\u044b!<\/p>\n<p>\u041f\u0440\u0438\u0433\u043b\u0430\u0448\u0430\u0435\u043c \u0432\u0430\u0441 \u043f\u043e\u0441\u0435\u0442\u0438\u0442\u044c \u0443\u0447\u0435\u0431\u043d\u044b\u0435 \u043a\u0443\u0440\u0441\u044b UDT \u0432 \u043d\u0430\u0448\u0435\u043c \u0446\u0435\u043d\u0442\u0440\u0435!<\/p>\n<\/div>","protected":false},"excerpt":{"rendered":"<p>Z nami zdob\u0119dziesz Uprawnienia UDT &#8211; Warszawa i ca\u0142a Polska Urz\u0105d Dozoru Technicznego (UDT) to pa\u0144stwowa instytucja z siedzib\u0105 w Warszawie, kt\u00f3rej celem jest kontrola bezpiecze\u0144stwa instalacji i urz\u0105dze\u0144 technicznych podlegaj\u0105cych dozorowi technicznemu. Jest jednostk\u0105 prowadz\u0105c\u0105 dzia\u0142alno\u015b\u0107 szkoleniow\u0105, certyfikacyjn\u0105, posiadaj\u0105c\u0105 w\u0142asne zaplecze badawczo-ekspertyzowe.Zakres dzia\u0142ania Urz\u0119du Dozoru Technicznego: prowadzenie nadzoru i kontroli w zwi\u0105zku z przestrzeganiem [&hellip;]<\/p>\n","protected":false},"author":3,"featured_media":0,"parent":0,"menu_order":3,"comment_status":"closed","ping_status":"closed","template":"","meta":{"footnotes":""},"class_list":["post-37","page","type-page","status-publish","hentry"],"aioseo_notices":[],"_links":{"self":[{"href":"https:\/\/szkolenia-udt.pl\/ru\/wp-json\/wp\/v2\/pages\/37","targetHints":{"allow":["GET"]}}],"collection":[{"href":"https:\/\/szkolenia-udt.pl\/ru\/wp-json\/wp\/v2\/pages"}],"about":[{"href":"https:\/\/szkolenia-udt.pl\/ru\/wp-json\/wp\/v2\/types\/page"}],"author":[{"embeddable":true,"href":"https:\/\/szkolenia-udt.pl\/ru\/wp-json\/wp\/v2\/users\/3"}],"replies":[{"embeddable":true,"href":"https:\/\/szkolenia-udt.pl\/ru\/wp-json\/wp\/v2\/comments?post=37"}],"version-history":[{"count":9,"href":"https:\/\/szkolenia-udt.pl\/ru\/wp-json\/wp\/v2\/pages\/37\/revisions"}],"predecessor-version":[{"id":1667,"href":"https:\/\/szkolenia-udt.pl\/ru\/wp-json\/wp\/v2\/pages\/37\/revisions\/1667"}],"wp:attachment":[{"href":"https:\/\/szkolenia-udt.pl\/ru\/wp-json\/wp\/v2\/media?parent=37"}],"curies":[{"name":"wp","href":"https:\/\/api.w.org\/{rel}","templated":true}]}}