{"id":3833,"date":"2023-03-06T19:27:49","date_gmt":"2023-03-06T18:27:49","guid":{"rendered":"https:\/\/szkolenia-udt.pl\/?page_id=3833"},"modified":"2023-03-08T01:16:34","modified_gmt":"2023-03-08T00:16:34","slug":"hook-signaller","status":"publish","type":"page","link":"https:\/\/szkolenia-udt.pl\/ru\/kursy\/hakowy-sygnalista\/hakowego-sygnalista\/","title":{"rendered":"\u041e\u0431\u0443\u0447\u0435\u043d\u0438\u0435 \u043d\u0430 \u043c\u043e\u043d\u0442\u0430\u0436\u043d\u0438\u043a\u0430 \u043a\u0440\u044e\u0447\u043a\u043e\u0432 \u0438 \u043b\u0435\u0441\u043e\u043a"},"content":{"rendered":"<div class=\"wp-block-image\">\n<figure class=\"alignright size-full is-resized\"><a href=\"https:\/\/szkolenia-udt.pl\/wp-content\/uploads\/2023\/03\/canva-construction-site-cranes-MADQ5PE9gBk.jpg\"><img loading=\"lazy\" decoding=\"async\" src=\"https:\/\/szkolenia-udt.pl\/wp-content\/uploads\/2023\/03\/canva-construction-site-cranes-MADQ5PE9gBk.jpg\" alt=\"D\u017awig z hakiem na terenie budowy\" class=\"wp-image-3836\" width=\"513\" height=\"342\" srcset=\"https:\/\/szkolenia-udt.pl\/wp-content\/uploads\/2023\/03\/canva-construction-site-cranes-MADQ5PE9gBk.jpg 800w, https:\/\/szkolenia-udt.pl\/wp-content\/uploads\/2023\/03\/canva-construction-site-cranes-MADQ5PE9gBk-300x200.jpg 300w, https:\/\/szkolenia-udt.pl\/wp-content\/uploads\/2023\/03\/canva-construction-site-cranes-MADQ5PE9gBk-768x512.jpg 768w, https:\/\/szkolenia-udt.pl\/wp-content\/uploads\/2023\/03\/canva-construction-site-cranes-MADQ5PE9gBk-18x12.jpg 18w\" sizes=\"auto, (max-width: 513px) 100vw, 513px\" \/><\/a><\/figure>\n<\/div>\n\n\n<h2 class=\"wp-block-heading\">Kurs na uprawnienia hakowego \u2013&nbsp;sygnalisty<\/h2>\n\n\n\n<p>Zapraszamy do wzi\u0119cia udzia\u0142u w naszym szkoleniu na stanowisko hakowego \u2013 sygnalisty. Uczymy wszystkiego, co potrzebne do profesjonalnej pracy w zawodzie. Nasze zaj\u0119cia maj\u0105 na celu wyszkolenie wysoko wykwalifikowanej kadry pracownik\u00f3w.&nbsp;<\/p>\n\n\n\n<h2 class=\"wp-block-heading\">Hakowy-sygnalista \u2013 kim jest?&nbsp;<\/h2>\n\n\n\n<p>Cz\u0119\u015bciej wyst\u0119puj\u0105cy pod skr\u00f3con\u0105 nazw\u0105 \u201chakowy\u201d, hakowy \u2013 sygnalista przede wszystkim ma za zadanie wspomaga\u0107 operator\u00f3w d\u017awig\u00f3w, \u017curawi i innego sprz\u0119tu tego typu, w za\u0142adunku i transporcie materia\u0142\u00f3w w miejscach takich jak np. place budowy. Hakowy zajmuje si\u0119 g\u0142\u00f3wnie obs\u0142ug\u0105 zawiesi, czyli cz\u0119\u015bci, do kt\u00f3rych przyczepiany jest materia\u0142, jednak jego najwa\u017cniejszym zadaniem jest kontakt z operatorem przenosz\u0105cym \u0142adunek. Dzi\u0119ki temu wszystkie prace z u\u017cyciem urz\u0105dze\u0144 transportu bliskiego mog\u0105 przebiega\u0107 sprawnie.&nbsp;<\/p>\n\n\n\n<h2 class=\"wp-block-heading\">Zadania i obowi\u0105zki hakowego&nbsp;<\/h2>\n\n\n\n<p>Jak ju\u017c ustalili\u015bmy, hakowy przede wszystkim musi by\u0107 w sta\u0142ym kontakcie z operatorem przenosz\u0105cym \u0142adunek. Od tego zale\u017cy w\u0142a\u015bciwe i bezpieczne zrealizowanie jego transportu. Znajomo\u015b\u0107 odpowiednich sygna\u0142\u00f3w r\u0119cznych, jest wi\u0119c tutaj kluczow\u0105 i podstawow\u0105 umiej\u0119tno\u015bci\u0105. Rodzaj tych sygna\u0142\u00f3w zale\u017cy tak\u017ce od sprz\u0119tu. <\/p>\n\n\n\n<h3 class=\"wp-block-heading\">Og\u00f3lnie do obowi\u0105zk\u00f3w hakowego zalicza si\u0119:&nbsp;<\/h3>\n\n\n\n<ul class=\"wp-block-list\">\n<li>przyszykowanie \u0142adunku przed transportem,&nbsp;<\/li>\n\n\n\n<li>odczepienie go po dostarczeniu na miejsce,&nbsp;<\/li>\n\n\n\n<li>kontrola ca\u0142ego procesu przenoszenia,&nbsp;<\/li>\n\n\n\n<li>\u015bcis\u0142a wsp\u00f3\u0142praca z d\u017awigowym,&nbsp;<\/li>\n\n\n\n<li>kierowanie sprz\u0119tem nios\u0105cym \u0142adunek,&nbsp;<\/li>\n\n\n\n<li>znajomo\u015b\u0107 rodzaj\u00f3w i sposob\u00f3w obs\u0142ugiwania zawiesi,&nbsp;<\/li>\n\n\n\n<li>zapobieganie potencjalnym zagro\u017ceniom.&nbsp;<\/li>\n<\/ul>\n\n\n<div class=\"wp-block-image\">\n<figure class=\"alignright size-large is-resized\"><a href=\"https:\/\/szkolenia-udt.pl\/wp-content\/uploads\/2023\/03\/s2-17.jpg\"><img loading=\"lazy\" decoding=\"async\" src=\"https:\/\/szkolenia-udt.pl\/wp-content\/uploads\/2023\/03\/s2-17-1024x683.jpg\" alt=\"Slinger signaller - hakowy - sygnalista\" class=\"wp-image-3837\" width=\"512\" height=\"342\" srcset=\"https:\/\/szkolenia-udt.pl\/wp-content\/uploads\/2023\/03\/s2-17-1024x683.jpg 1024w, https:\/\/szkolenia-udt.pl\/wp-content\/uploads\/2023\/03\/s2-17-300x200.jpg 300w, https:\/\/szkolenia-udt.pl\/wp-content\/uploads\/2023\/03\/s2-17-768x512.jpg 768w, https:\/\/szkolenia-udt.pl\/wp-content\/uploads\/2023\/03\/s2-17-1536x1024.jpg 1536w, https:\/\/szkolenia-udt.pl\/wp-content\/uploads\/2023\/03\/s2-17-18x12.jpg 18w, https:\/\/szkolenia-udt.pl\/wp-content\/uploads\/2023\/03\/s2-17.jpg 1600w\" sizes=\"auto, (max-width: 512px) 100vw, 512px\" \/><\/a><\/figure>\n<\/div>\n\n\n<h2 class=\"wp-block-heading\">Obowi\u0105zuj\u0105ce wymagania&nbsp;wobec kursant\u00f3w<\/h2>\n\n\n\n<p>Osoby chc\u0105ce wzi\u0105\u0107 udzia\u0142 w naszych zaj\u0119ciach, musz\u0105:&nbsp;<\/p>\n\n\n\n<ul class=\"wp-block-list\">\n<li>by\u0107 pe\u0142noletnie,&nbsp;<\/li>\n\n\n\n<li>otrzyma\u0107 od lekarza za\u015bwiadczenie o braku przeciwwskaza\u0144 do wykonywania zawodu,&nbsp;<\/li>\n\n\n\n<li>posiada\u0107 wykszta\u0142cenie podstawowe.&nbsp;<\/li>\n<\/ul>\n\n\n\n<h2 class=\"wp-block-heading\">Organizacja szkolenia&nbsp;<\/h2>\n\n\n\n<p>Nasze szkolenie dzieli si\u0119 na dwie podstawowe cz\u0119\u015bci: teoretyczn\u0105 i praktyczn\u0105. Wszystkie zaj\u0119cia prowadz\u0105 do\u015bwiadczeni szkoleniowcy. Zaj\u0119cia z wykorzystaniem sprz\u0119tu odbywaj\u0105 si\u0119 na przeznaczonym do tego poligonie, przy u\u017cyciu najnowszych maszyn. Kursy teoretyczne pokrywaj\u0105 si\u0119 z zakresem wymog\u00f3w egzaminacyjnych. <\/p>\n\n\n\n<h3 class=\"wp-block-heading\">W programie naszego kursu na hakowego \u2013&nbsp;sygnalist\u0119 znajduj\u0119 si\u0119:&nbsp;<\/h3>\n\n\n\n<ul class=\"wp-block-list\">\n<li>przedstawienie i om\u00f3wienie zasad BHP,&nbsp;<\/li>\n\n\n\n<li>nauka poprawnej i bezpiecznej eksploatacji sprz\u0119tu,&nbsp;<\/li>\n\n\n\n<li>zaznajomienie si\u0119 z r\u00f3\u017cnymi rodzajami zawiesi,&nbsp;<\/li>\n\n\n\n<li>ocena stanu technicznego sprz\u0119tu,&nbsp;<\/li>\n\n\n\n<li>mo\u017cliwe rodzaje usterek,&nbsp;<\/li>\n\n\n\n<li>podstawy konserwacji urz\u0105dze\u0144,&nbsp;<\/li>\n\n\n\n<li>przygotowanie \u0142adunku do przeniesienia,&nbsp;<\/li>\n\n\n\n<li>nauka sygnalizacji r\u0119cznej potrzebnej do komunikacji z operatorami.&nbsp;<\/li>\n<\/ul>\n\n\n<div class=\"wp-block-image\">\n<figure class=\"alignright size-large is-resized\"><a href=\"https:\/\/szkolenia-udt.pl\/wp-content\/uploads\/2023\/03\/slinger-1.png\"><img loading=\"lazy\" decoding=\"async\" src=\"https:\/\/szkolenia-udt.pl\/wp-content\/uploads\/2023\/03\/slinger-1-720x1024.png\" alt=\"Hakowy daj\u0105cy sygna\u0142y r\u0119czne\" class=\"wp-image-3841\" width=\"360\" height=\"512\" srcset=\"https:\/\/szkolenia-udt.pl\/wp-content\/uploads\/2023\/03\/slinger-1-720x1024.png 720w, https:\/\/szkolenia-udt.pl\/wp-content\/uploads\/2023\/03\/slinger-1-211x300.png 211w, https:\/\/szkolenia-udt.pl\/wp-content\/uploads\/2023\/03\/slinger-1-768x1093.png 768w, https:\/\/szkolenia-udt.pl\/wp-content\/uploads\/2023\/03\/slinger-1-8x12.png 8w, https:\/\/szkolenia-udt.pl\/wp-content\/uploads\/2023\/03\/slinger-1.png 1026w\" sizes=\"auto, (max-width: 360px) 100vw, 360px\" \/><\/a><\/figure>\n<\/div>\n\n\n<h2 class=\"wp-block-heading\">Egzamin przed komisj\u0105&nbsp;<\/h2>\n\n\n\n<p>Aby otrzyma\u0107 uprawnienia nale\u017cy zaliczy\u0107 egzamin przed komisj\u0105. Egzamin potwierdza nabycie wszystkich wymaganych umiej\u0119tno\u015bci potrzebnych do pracy jako hakowy. Sk\u0142ada si\u0119 z cz\u0119\u015bci teoretycznej i praktycznej. Zaliczenie obu oznacza mo\u017cliwo\u015b\u0107 wykonywania zawodu.&nbsp;<\/p>\n\n\n\n<h2 class=\"wp-block-heading\">Praca po naszym kursie&nbsp;<\/h2>\n\n\n\n<p>Praca hakowego \u2013&nbsp;sygnalisty jest niezwykle odpowiedzialna i wa\u017cna, st\u0105d na rynku utrzymuje si\u0119 wysokie zapotrzebowanie na specjalist\u00f3w tej klasy. Absolwent naszego kursu, kt\u00f3ry zostanie hakowym, powinien bezproblemowo radzi\u0107 sobie ze wszelkim wyzwaniami, jakie b\u0119dzie stawia\u0142a przed nim jego praca. Powinien tak\u017ce mie\u0107 mo\u017cliwo\u015b\u0107 szybkiego znalezienia pracy w miejscach takich jak budowa, sk\u0142ady materia\u0142\u00f3w budowlanych, hale, magazyny czy nawet porty.&nbsp;<\/p>\n\n\n\n<p>Zdobycie odpowiednich uprawnie\u0144 to gwarancja pracy nie tylko w Polsce, ale i w ca\u0142ej Unii Europejskiej.<\/p>\n\n\n\n<h2 class=\"wp-block-heading\">Zapraszamy do kontaktu<\/h2>\n\n\n\n<p>Osoby zainteresowane naszym szkoleniem na hakowego &#8211; sygnalist\u0119 zapraszamy do kontaktu w celu poznania szczeg\u00f3\u0142\u00f3w.<\/p>\n\n\n\n<p>Od lat szkolimy w Warszawie i na terenie ca\u0142ego kraju, m.in. w Poznaniu, Krakowie, Gda\u0144sku, Bydgoszczy, Wroc\u0142awiu, Katowicach czy Lublinie. <\/p>\n\n\n\n<p>Oferujemy tak\u017ce szkolenia zamkni\u0119te z dojazdem do klienta &#8211; oferta dla grup zorganizowanych lub firm. <\/p>\n\n\n\n<p>Zadzwo\u0144, by dowiedzie\u0107 si\u0119 wi\u0119cej o kursie!<\/p>\n\n\n\n<h2 class=\"wp-block-heading\">Pytania i odpowiedzi:<\/h2>\n\n\n\t\t<details\t\thelp class=\"sc_fs_faq sc_card    \"\n\t\topen\t\t>\n\t\t\t\t\t<summary>\n\t\t\t\t<h3>1. Jakie s\u0105 zadania hakowego &#8211; sygnalisty?<\/h3>\t\t\t\t\t<\/summary>\n\t\t\t\t<div>\n\t\t\t\t\t\t<div class=\"sc_fs_faq__content\">\n\t\t\t\t\n\n<p>Hakowy pilnuje bezpiecze\u0144stwa i sprawno\u015bci transportu materia\u0142\u00f3w przenoszonych przez urz\u0105dzenia d\u017awigowe. Jest podstawow\u0105 pomoc\u0105 w pracy ich operatora.&nbsp;<\/p>\n\n\t\t\t<\/div>\n\t\t<\/div>\n\t\t<\/details>\n\t\t\t\t<details\t\thelp class=\"sc_fs_faq sc_card    \"\n\t\t\t\t>\n\t\t\t\t\t<summary>\n\t\t\t\t<h3>2. Czego wymaga si\u0119 od kursant\u00f3w?<\/h3>\t\t\t\t\t<\/summary>\n\t\t\t\t<div>\n\t\t\t\t\t\t<div class=\"sc_fs_faq__content\">\n\t\t\t\t\n\n<p>Wymagamy pe\u0142noletno\u015bci, odpowiedniego za\u015bwiadczenia medycyny pracy i wykszta\u0142cenia podstawowego lub wy\u017cszego.&nbsp;<\/p>\n\n\t\t\t<\/div>\n\t\t<\/div>\n\t\t<\/details>\n\t\t\t\t<details\t\thelp class=\"sc_fs_faq sc_card    \"\n\t\t\t\t>\n\t\t\t\t\t<summary>\n\t\t\t\t<h3>3. Czy wymagane jest zaliczenie egzaminu?<\/h3>\t\t\t\t\t<\/summary>\n\t\t\t\t<div>\n\t\t\t\t\t\t<div class=\"sc_fs_faq__content\">\n\t\t\t\t\n\n<p>W celu otrzymania uprawnie\u0144 nie wystarczy tylko uko\u0144czy\u0107 naszego kursu, ale tak\u017ce zda\u0107 pa\u0144stwowy egzamin. Dopiero wtedy mo\u017cna legalnie wykonywa\u0107 zaw\u00f3d hakowego.&nbsp;<\/p>\n\n\t\t\t<\/div>\n\t\t<\/div>\n\t\t<\/details>\n\t\t\n<script type=\"application\/ld+json\">\n\t{\n\t\t\"@context\": \"https:\/\/schema.org\",\n\t\t\"@type\": \"FAQPage\",\n\t\t\"mainEntity\": [\n\t\t\t\t\t{\n\t\t\t\t\"@type\": \"Question\",\n\t\t\t\t\"name\": \"1. Jakie s\u0105 zadania hakowego - sygnalisty?\",\n\t\t\t\t\"acceptedAnswer\": {\n\t\t\t\t\t\"@type\": \"Answer\",\n\t\t\t\t\t\"text\": \"<p>Hakowy pilnuje bezpiecze\u0144stwa i sprawno\u015bci transportu materia\u0142\u00f3w przenoszonych przez urz\u0105dzenia d\u017awigowe. Jest podstawow\u0105 pomoc\u0105 w pracy ich operatora.&nbsp;<\/p>\"\n\t\t\t\t\t\t\t\t\t}\n\t\t\t}\n\t\t\t,\t\t\t\t{\n\t\t\t\t\"@type\": \"Question\",\n\t\t\t\t\"name\": \"2. Czego wymaga si\u0119 od kursant\u00f3w?\",\n\t\t\t\t\"acceptedAnswer\": {\n\t\t\t\t\t\"@type\": \"Answer\",\n\t\t\t\t\t\"text\": \"<p>Wymagamy pe\u0142noletno\u015bci, odpowiedniego za\u015bwiadczenia medycyny pracy i wykszta\u0142cenia podstawowego lub wy\u017cszego.&nbsp;<\/p>\"\n\t\t\t\t\t\t\t\t\t}\n\t\t\t}\n\t\t\t,\t\t\t\t{\n\t\t\t\t\"@type\": \"Question\",\n\t\t\t\t\"name\": \"3. Czy wymagane jest zaliczenie egzaminu?\",\n\t\t\t\t\"acceptedAnswer\": {\n\t\t\t\t\t\"@type\": \"Answer\",\n\t\t\t\t\t\"text\": \"<p>W celu otrzymania uprawnie\u0144 nie wystarczy tylko uko\u0144czy\u0107 naszego kursu, ale tak\u017ce zda\u0107 pa\u0144stwowy egzamin. Dopiero wtedy mo\u017cna legalnie wykonywa\u0107 zaw\u00f3d hakowego.&nbsp;<\/p>\"\n\t\t\t\t\t\t\t\t\t}\n\t\t\t}\n\t\t\t\t\t\t]\n\t}\n<\/script>\n","protected":false},"excerpt":{"rendered":"<p>Kurs na uprawnienia hakowego \u2013&nbsp;sygnalisty Zapraszamy do wzi\u0119cia udzia\u0142u w naszym szkoleniu na stanowisko hakowego \u2013 sygnalisty. Uczymy wszystkiego, co potrzebne do profesjonalnej pracy w zawodzie. Nasze zaj\u0119cia maj\u0105 na celu wyszkolenie wysoko wykwalifikowanej kadry pracownik\u00f3w.&nbsp; Hakowy-sygnalista \u2013 kim jest?&nbsp; Cz\u0119\u015bciej wyst\u0119puj\u0105cy pod skr\u00f3con\u0105 nazw\u0105 \u201chakowy\u201d, hakowy \u2013 sygnalista przede wszystkim ma za zadanie wspomaga\u0107 [&hellip;]<\/p>\n","protected":false},"author":10,"featured_media":3841,"parent":3556,"menu_order":0,"comment_status":"closed","ping_status":"closed","template":"","meta":{"footnotes":""},"class_list":["post-3833","page","type-page","status-publish","has-post-thumbnail","hentry"],"aioseo_notices":[],"_links":{"self":[{"href":"https:\/\/szkolenia-udt.pl\/ru\/wp-json\/wp\/v2\/pages\/3833","targetHints":{"allow":["GET"]}}],"collection":[{"href":"https:\/\/szkolenia-udt.pl\/ru\/wp-json\/wp\/v2\/pages"}],"about":[{"href":"https:\/\/szkolenia-udt.pl\/ru\/wp-json\/wp\/v2\/types\/page"}],"author":[{"embeddable":true,"href":"https:\/\/szkolenia-udt.pl\/ru\/wp-json\/wp\/v2\/users\/10"}],"replies":[{"embeddable":true,"href":"https:\/\/szkolenia-udt.pl\/ru\/wp-json\/wp\/v2\/comments?post=3833"}],"version-history":[{"count":10,"href":"https:\/\/szkolenia-udt.pl\/ru\/wp-json\/wp\/v2\/pages\/3833\/revisions"}],"predecessor-version":[{"id":4236,"href":"https:\/\/szkolenia-udt.pl\/ru\/wp-json\/wp\/v2\/pages\/3833\/revisions\/4236"}],"up":[{"embeddable":true,"href":"https:\/\/szkolenia-udt.pl\/ru\/wp-json\/wp\/v2\/pages\/3556"}],"wp:featuredmedia":[{"embeddable":true,"href":"https:\/\/szkolenia-udt.pl\/ru\/wp-json\/wp\/v2\/media\/3841"}],"wp:attachment":[{"href":"https:\/\/szkolenia-udt.pl\/ru\/wp-json\/wp\/v2\/media?parent=3833"}],"curies":[{"name":"wp","href":"https:\/\/api.w.org\/{rel}","templated":true}]}}