{"id":3859,"date":"2023-03-08T16:33:38","date_gmt":"2023-03-08T15:33:38","guid":{"rendered":"https:\/\/szkolenia-udt.pl\/?page_id=3859"},"modified":"2023-03-09T11:36:59","modified_gmt":"2023-03-09T10:36:59","slug":"%d0%b8%d0%bd%d0%b6%d0%b5%d0%bd%d0%b5%d1%80%d0%bd%d0%be-%d1%82%d0%b5%d1%85%d0%bd%d0%b8%d1%87%d0%b5%d1%81%d0%ba%d0%b8%d0%b9-%d0%bf%d0%b5%d1%80%d1%81%d0%be%d0%bd%d0%b0%d0%bb","status":"publish","type":"page","link":"https:\/\/szkolenia-udt.pl\/ru\/kursy\/bhp-ppoz\/pracownikow-inzynieryjno-technicznych\/","title":{"rendered":"\u041a\u0443\u0440\u0441\u044b \u0434\u043b\u044f \u0438\u043d\u0436\u0435\u043d\u0435\u0440\u043d\u043e-\u0442\u0435\u0445\u043d\u0438\u0447\u0435\u0441\u043a\u043e\u0433\u043e \u043f\u0435\u0440\u0441\u043e\u043d\u0430\u043b\u0430"},"content":{"rendered":"<div class=\"wp-block-image\">\n<figure class=\"alignright size-large is-resized\"><a href=\"https:\/\/szkolenia-udt.pl\/wp-content\/uploads\/2023\/03\/s2-19.jpg\"><img loading=\"lazy\" decoding=\"async\" src=\"https:\/\/szkolenia-udt.pl\/wp-content\/uploads\/2023\/03\/s2-19-1024x684.jpg\" alt=\"Szkolenie BHP z instrukta\u017cu og\u00f3lnego\" class=\"wp-image-3860\" width=\"512\" height=\"342\" srcset=\"https:\/\/szkolenia-udt.pl\/wp-content\/uploads\/2023\/03\/s2-19-1024x684.jpg 1024w, https:\/\/szkolenia-udt.pl\/wp-content\/uploads\/2023\/03\/s2-19-300x200.jpg 300w, https:\/\/szkolenia-udt.pl\/wp-content\/uploads\/2023\/03\/s2-19-768x513.jpg 768w, https:\/\/szkolenia-udt.pl\/wp-content\/uploads\/2023\/03\/s2-19-1536x1025.jpg 1536w, https:\/\/szkolenia-udt.pl\/wp-content\/uploads\/2023\/03\/s2-19-18x12.jpg 18w, https:\/\/szkolenia-udt.pl\/wp-content\/uploads\/2023\/03\/s2-19.jpg 1600w\" sizes=\"auto, (max-width: 512px) 100vw, 512px\" \/><\/a><\/figure>\n<\/div>\n\n\n<h2 class=\"wp-block-heading\">Szkolenia BHP w OSO<\/h2>\n\n\n\n<p>Przeszkolenie z zakresu BHP jest obowi\u0105zkowe dla wszystkich pracownik\u00f3w zaczynaj\u0105cych prac\u0119. Pracownicy in\u017cynieryjno \u2013 techniczni maj\u0105 obowi\u0105zek uczestnictwa w szkoleniu, do tej grupy zaliczy\u0107 mo\u017cna kilka grup zawodowych. S\u0105 nimi m.in.:&nbsp;<\/p>\n\n\n\n<ul class=\"wp-block-list\">\n<li>projektanci,&nbsp;<\/li>\n\n\n\n<li>technolodzy,&nbsp;<\/li>\n\n\n\n<li>konstruktorzy,&nbsp;<\/li>\n\n\n\n<li>organizatorzy produkcji.&nbsp;<\/li>\n<\/ul>\n\n\n\n<p>Obowi\u0105zek przej\u015bcia kursu BHP podlega Rozporz\u0105dzeniu Ministra Gospodarki i Pracy z 27 lipca 2004 r. w sprawie szkole\u0144 w dziedzinie BHP.&nbsp;<\/p>\n\n\n\n<h2 class=\"wp-block-heading\">Zapraszamy na szkolenia BHP dla pracownik\u00f3w in\u017cynieryjno \u2013 technicznych<\/h2>\n\n\n\n<p>Prowadzimy szkolenia otwarte \u2013 na terenie Warszawy i ca\u0142ego kraju, oraz zamkni\u0119te \u2013 w miejscu uzgodnionym z klientem. Zapraszamy do kontaktu osoby indywidualne, grupy zorganizowane, firmy i pracodawc\u00f3w, chc\u0105cych przeszkoli\u0107 swoich pracownik\u00f3w w zakresie BHP i PPO\u017b.<\/p>\n\n\n\n<p>Proponujemy szkolenia BHP dla pracownik\u00f3w m.in.<\/p>\n\n\n\n<ul class=\"wp-block-list\">\n<li>robotniczych,<\/li>\n\n\n\n<li>in\u017cynieryjno \u2013 technicznych,<\/li>\n\n\n\n<li>administracyjno \u2013 biurowych,<\/li>\n\n\n\n<li>wykonuj\u0105cych zadania niebezpieczne.<\/li>\n<\/ul>\n\n\n\n<p>Oferujemy kursy dla os\u00f3b nowo zatrudnionych od podstaw \u2013 pierwsza pomoc, zasady ochrony przeciwpo\u017carowej, \u015brodki ochrony indywidualnej oraz szkolenia okresowe \u2013 kursy dla os\u00f3b kieruj\u0105cych pracownikami i wyznaczonych grup odpowiedzialnych za prawid\u0142owy przebieg ewakuacji i pomoc.<\/p>\n\n\n\n<h3 class=\"wp-block-heading\">Program szkolenia BHP obejmuje:<\/h3>\n\n\n\n<ul class=\"wp-block-list\">\n<li>organizacj\u0119 bezpiecznego miejsca pracy,<\/li>\n\n\n\n<li>przyczyny wypadk\u00f3w i sposoby zapobiegania im,<\/li>\n\n\n\n<li>identyfikacj\u0119 zagro\u017ce\u0144,<\/li>\n\n\n\n<li>umiej\u0119tno\u015bci u\u017cywania sprz\u0119tu przeciwpo\u017carowego,<\/li>\n\n\n\n<li>\u015brodki ochrony indywidualnej,<\/li>\n\n\n\n<li>zasady pierwszej pomocy,<\/li>\n\n\n\n<li>instrukta\u017c pomocy osobom, np. u\u0142o\u017cenie w pozycji bocznej bezpiecznej,<\/li>\n\n\n\n<li>regulacje prawne,<\/li>\n\n\n\n<li>zadania grupy wyznaczonej do przeprowadzania ewakuacji i pomocy wsp\u00f3\u0142pracownikom.<\/li>\n<\/ul>\n\n\n\n<p>Szkolenie obejmuje teoretyczne przygotowanie oraz zadania praktyczne, takie jak np.: resuscytacja na fantomie. <\/p>\n\n\n\n<h2 class=\"wp-block-heading\">Kogo zaliczamy jako pracownika in\u017cynieryjno \u2013 technicznego?&nbsp;<\/h2>\n\n\n<div class=\"wp-block-image\">\n<figure class=\"alignright size-large is-resized\"><a href=\"https:\/\/szkolenia-udt.pl\/wp-content\/uploads\/2023\/03\/screen_2x-30.jpg\"><img loading=\"lazy\" decoding=\"async\" src=\"https:\/\/szkolenia-udt.pl\/wp-content\/uploads\/2023\/03\/screen_2x-30-1024x683.jpg\" alt=\"\u015arodki Ochrony Indywidualnej\" class=\"wp-image-3861\" width=\"512\" height=\"342\" srcset=\"https:\/\/szkolenia-udt.pl\/wp-content\/uploads\/2023\/03\/screen_2x-30-1024x683.jpg 1024w, https:\/\/szkolenia-udt.pl\/wp-content\/uploads\/2023\/03\/screen_2x-30-300x200.jpg 300w, https:\/\/szkolenia-udt.pl\/wp-content\/uploads\/2023\/03\/screen_2x-30-768x512.jpg 768w, https:\/\/szkolenia-udt.pl\/wp-content\/uploads\/2023\/03\/screen_2x-30-1536x1024.jpg 1536w, https:\/\/szkolenia-udt.pl\/wp-content\/uploads\/2023\/03\/screen_2x-30-18x12.jpg 18w, https:\/\/szkolenia-udt.pl\/wp-content\/uploads\/2023\/03\/screen_2x-30.jpg 1600w\" sizes=\"auto, (max-width: 512px) 100vw, 512px\" \/><\/a><\/figure>\n<\/div>\n\n\n<p>Wed\u0142ug programu szkolenia BHP do tego rodzaju grupy pracownik\u00f3w zaliczamy:&nbsp;<\/p>\n\n\n\n<ul class=\"wp-block-list\">\n<li>pracownik\u00f3w bezpo\u015brednio wykonuj\u0105cych projekty dotycz\u0105ce pomieszcze\u0144 pracy i budynk\u00f3w,&nbsp;<\/li>\n\n\n\n<li>osoby zwi\u0105zane z organizowaniem i projektowaniem proces\u00f3w technologicznych oraz procesu produkcji,&nbsp;<\/li>\n\n\n\n<li>pracownik\u00f3w tworz\u0105cych projekty urz\u0105dze\u0144, maszyn, narz\u0119dzi oraz sprz\u0119t\u00f3w obs\u0142ugiwanych przez pracownik\u00f3w podczas wykonywania pracy,&nbsp;<\/li>\n\n\n\n<li>osoby zajmuj\u0105ce si\u0119 projektowaniem pomieszcze\u0144 sanitarno \u2013 higienicznych w zak\u0142adach pracy, a tak\u017ce wyposa\u017ceniem stanowisk pracy.&nbsp;<\/li>\n<\/ul>\n\n\n\n<p>Bezpo\u015brednim wyznacznikiem, jakim kieruje si\u0119 pracownik BHP podczas szkolenia, jest rodzaj i charakterystyka wykonywanej pracy. O przypisaniu do odpowiednej grupy szkole\u0144 decyduje tylko i wy\u0142\u0105cznie charakter pracy. Dzi\u0119ki takiemu przypisaniu wiadomo, \u017ce dojdzie do poprawnego przeszkolenia kursanta.&nbsp;<\/p>\n\n\n\n<h2 class=\"wp-block-heading\">Przyk\u0142adowe stanowiska pracownik\u00f3w in\u017cynieryjno \u2013technicznych&nbsp;<\/h2>\n\n\n\n<h3 class=\"wp-block-heading\">Do grupy os\u00f3b wykonuj\u0105cych prace jako pracownik in\u017cynieryjno \u2013 techniczny zaliczymy:&nbsp;<\/h3>\n\n\n\n<ul class=\"wp-block-list\">\n<li>organizator\u00f3w produkcji,&nbsp;<\/li>\n\n\n\n<li>projektant\u00f3w mebli do biur,&nbsp;&nbsp;<\/li>\n\n\n\n<li>projektant\u00f3w technologii linii produkcyjnych,&nbsp;<\/li>\n\n\n\n<li>konstruktor\u00f3w obrabiarek.&nbsp;<\/li>\n<\/ul>\n\n\n\n<h3 class=\"wp-block-heading\">Do tej grupy nie zaliczamy pracownik\u00f3w takich jak:&nbsp;<\/h3>\n\n\n\n<ul class=\"wp-block-list\">\n<li>projektant\u00f3w dr\u00f3g szybkiego ruchu,&nbsp;<\/li>\n\n\n\n<li>administrator\u00f3w posiadaj\u0105cym tytu\u0142 in\u017cyniera.&nbsp;<\/li>\n<\/ul>\n\n\n<div class=\"wp-block-image\">\n<figure class=\"alignright size-large is-resized\"><a href=\"https:\/\/szkolenia-udt.pl\/wp-content\/uploads\/2023\/03\/s2-22.jpg\"><img loading=\"lazy\" decoding=\"async\" src=\"https:\/\/szkolenia-udt.pl\/wp-content\/uploads\/2023\/03\/s2-22-1024x576.jpg\" alt=\"Pracownicy in\u017cynieryjno - techniczni\" class=\"wp-image-3862\" width=\"512\" height=\"288\" srcset=\"https:\/\/szkolenia-udt.pl\/wp-content\/uploads\/2023\/03\/s2-22-1024x576.jpg 1024w, https:\/\/szkolenia-udt.pl\/wp-content\/uploads\/2023\/03\/s2-22-300x169.jpg 300w, https:\/\/szkolenia-udt.pl\/wp-content\/uploads\/2023\/03\/s2-22-768x432.jpg 768w, https:\/\/szkolenia-udt.pl\/wp-content\/uploads\/2023\/03\/s2-22-1536x864.jpg 1536w, https:\/\/szkolenia-udt.pl\/wp-content\/uploads\/2023\/03\/s2-22-18x10.jpg 18w, https:\/\/szkolenia-udt.pl\/wp-content\/uploads\/2023\/03\/s2-22.jpg 1600w\" sizes=\"auto, (max-width: 512px) 100vw, 512px\" \/><\/a><\/figure>\n<\/div>\n\n\n<h2 class=\"wp-block-heading\">Szkolenia BHP&nbsp;<\/h2>\n\n\n\n<p>Osoby pracuj\u0105ce na stanowiskach in\u017cynieryjno \u2013 technicznych musz\u0105 przej\u015b\u0107 szkolenie wst\u0119pne w pierwszym dniu pracy. Podczas trwania kursu uczestnik pozna informacje z instrukta\u017cu og\u00f3lnego oraz instrukta\u017cu stanowiskowego.&nbsp;<\/p>\n\n\n\n<p>Natomiast szkolenie okresowe BHP, kt\u00f3re musi przej\u015b\u0107 pracownik in\u017cynieryjno \u2013 techniczny powinno zosta\u0107 odbyte w terminie do 12 miesi\u0119cy od rozpocz\u0119cia pracy. Po uko\u0144czeniu kursu nale\u017cy powt\u00f3rzy\u0107 go, nie rzadziej ni\u017c co 5 lat. Taki rodzaj szkolenia BHP nie musi odby\u0107 si\u0119 w formie stacjonarnej, a to oznacza, \u017ce mo\u017cna go zaliczy\u0107 online.&nbsp;<\/p>\n\n\n\n<h2 class=\"wp-block-heading\">Kursy UDT&nbsp;<\/h2>\n\n\n\n<p>Nasza firma opr\u00f3cz przeprowadzanych szkole\u0144 BHP organizuje r\u00f3wnie\u017c kursy na uprawnienia UDT takie jak:&nbsp;<\/p>\n\n\n\n<ul class=\"wp-block-list\">\n<li><a href=\"https:\/\/szkolenia-udt.pl\/ru\/kursy\/wozki-widlowe\/\">kurs na w\u00f3zki wid\u0142owe<\/a>,&nbsp;<\/li>\n\n\n\n<li>kurs na d\u017awigi (r\u00f3wnie\u017c HDS),&nbsp;<\/li>\n\n\n\n<li><a href=\"https:\/\/szkolenia-udt.pl\/ru\/kursy\/podesty-ruchome\/\">kurs na podesty ruchome<\/a>,&nbsp;<\/li>\n\n\n\n<li><a href=\"https:\/\/szkolenia-udt.pl\/ru\/kursy\/uprawnienia-udt-tdt-wdt\/ladowarki-teleskopowe\/\">kurs na \u0142adowarki teleskopowe<\/a>,&nbsp;<\/li>\n\n\n\n<li><a href=\"https:\/\/szkolenia-udt.pl\/ru\/kursy\/suwnice\/\">kurs na suwnice<\/a>.&nbsp;<\/li>\n<\/ul>\n\n\n\n<p>Organizujemy taki rodzaj szkole\u0144 w formie zamkni\u0119tej, jak i otwartej, przeprowadzamy kursy sk\u0142adaj\u0105ce si\u0119 z zaj\u0119\u0107 teoretycznych oraz praktycznych. Przygotujemy Ci\u0119 do zdobycia uprawnie\u0144 UDT, nasz o\u015brodek szkoleniowy posiada bardzo wysok\u0105 zdawalno\u015b\u0107 egzamin\u00f3w. Nasi pracownicy posiadaj\u0105 odpowiednie do tego uprawnienia, jak i wieloletnie do\u015bwiadczenie w pracy. Sprawd\u017a nasz\u0105 ofert\u0119 kurs\u00f3w.&nbsp;<\/p>\n\n\n\n<h2 class=\"wp-block-heading\">Pytania i odpowiedzi:<\/h2>\n\n\n\t\t<details\t\thelp class=\"sc_fs_faq sc_card    \"\n\t\topen\t\t>\n\t\t\t\t\t<summary>\n\t\t\t\t<h3>1. Co jaki czas pracownicy in\u017cynieryjno \u2013 techniczni musz\u0105 odby\u0107 ponowne szkolenie okresowe BHP? <\/h3>\t\t\t\t\t<\/summary>\n\t\t\t\t<div>\n\t\t\t\t\t\t<div class=\"sc_fs_faq__content\">\n\t\t\t\t\n\n<p>Taki rodzaj szkolenia odby\u0107 musz\u0105 nie rzadziej ni\u017c co 5 lat.&nbsp;<\/p>\n\n\t\t\t<\/div>\n\t\t<\/div>\n\t\t<\/details>\n\t\t\t\t<details\t\thelp class=\"sc_fs_faq sc_card    \"\n\t\t\t\t>\n\t\t\t\t\t<summary>\n\t\t\t\t<h3>2. Kogo zalicza si\u0119 do grupy wykonuj\u0105cej prace jako pracownik in\u017cynieryjno \u2013 techniczny?<\/h3>\t\t\t\t\t<\/summary>\n\t\t\t\t<div>\n\t\t\t\t\t\t<div class=\"sc_fs_faq__content\">\n\t\t\t\t\n\n<p>Do tej grupy wlicza si\u0119: organizator\u00f3w produkcji, technolog\u00f3w, konstruktor\u00f3w oraz projektant\u00f3w i te osoby musz\u0105 odby\u0107 szkolenie BHP dla pracownik\u00f3w in\u017cynieryjno \u2013 technicznych.<\/p>\n\n\t\t\t<\/div>\n\t\t<\/div>\n\t\t<\/details>\n\t\t\n<script type=\"application\/ld+json\">\n\t{\n\t\t\"@context\": \"https:\/\/schema.org\",\n\t\t\"@type\": \"FAQPage\",\n\t\t\"mainEntity\": [\n\t\t\t\t\t{\n\t\t\t\t\"@type\": \"Question\",\n\t\t\t\t\"name\": \"1. Co jaki czas pracownicy in\u017cynieryjno \u2013 techniczni musz\u0105 odby\u0107 ponowne szkolenie okresowe BHP? \",\n\t\t\t\t\"acceptedAnswer\": {\n\t\t\t\t\t\"@type\": \"Answer\",\n\t\t\t\t\t\"text\": \"<p>Taki rodzaj szkolenia odby\u0107 musz\u0105 nie rzadziej ni\u017c co 5 lat.&nbsp;<\/p>\"\n\t\t\t\t\t\t\t\t\t}\n\t\t\t}\n\t\t\t,\t\t\t\t{\n\t\t\t\t\"@type\": \"Question\",\n\t\t\t\t\"name\": \"2. Kogo zalicza si\u0119 do grupy wykonuj\u0105cej prace jako pracownik in\u017cynieryjno \u2013 techniczny?\",\n\t\t\t\t\"acceptedAnswer\": {\n\t\t\t\t\t\"@type\": \"Answer\",\n\t\t\t\t\t\"text\": \"<p>Do tej grupy wlicza si\u0119: organizator\u00f3w produkcji, technolog\u00f3w, konstruktor\u00f3w oraz projektant\u00f3w i te osoby musz\u0105 odby\u0107 szkolenie BHP dla pracownik\u00f3w in\u017cynieryjno \u2013 technicznych.<\/p>\"\n\t\t\t\t\t\t\t\t\t}\n\t\t\t}\n\t\t\t\t\t\t]\n\t}\n<\/script>\n","protected":false},"excerpt":{"rendered":"<p>Szkolenia BHP w OSO Przeszkolenie z zakresu BHP jest obowi\u0105zkowe dla wszystkich pracownik\u00f3w zaczynaj\u0105cych prac\u0119. Pracownicy in\u017cynieryjno \u2013 techniczni maj\u0105 obowi\u0105zek uczestnictwa w szkoleniu, do tej grupy zaliczy\u0107 mo\u017cna kilka grup zawodowych. S\u0105 nimi m.in.:&nbsp; Obowi\u0105zek przej\u015bcia kursu BHP podlega Rozporz\u0105dzeniu Ministra Gospodarki i Pracy z 27 lipca 2004 r. w sprawie szkole\u0144 w dziedzinie [&hellip;]<\/p>\n","protected":false},"author":10,"featured_media":3860,"parent":2739,"menu_order":0,"comment_status":"closed","ping_status":"closed","template":"","meta":{"footnotes":""},"class_list":["post-3859","page","type-page","status-publish","has-post-thumbnail","hentry"],"aioseo_notices":[],"_links":{"self":[{"href":"https:\/\/szkolenia-udt.pl\/ru\/wp-json\/wp\/v2\/pages\/3859","targetHints":{"allow":["GET"]}}],"collection":[{"href":"https:\/\/szkolenia-udt.pl\/ru\/wp-json\/wp\/v2\/pages"}],"about":[{"href":"https:\/\/szkolenia-udt.pl\/ru\/wp-json\/wp\/v2\/types\/page"}],"author":[{"embeddable":true,"href":"https:\/\/szkolenia-udt.pl\/ru\/wp-json\/wp\/v2\/users\/10"}],"replies":[{"embeddable":true,"href":"https:\/\/szkolenia-udt.pl\/ru\/wp-json\/wp\/v2\/comments?post=3859"}],"version-history":[{"count":11,"href":"https:\/\/szkolenia-udt.pl\/ru\/wp-json\/wp\/v2\/pages\/3859\/revisions"}],"predecessor-version":[{"id":4286,"href":"https:\/\/szkolenia-udt.pl\/ru\/wp-json\/wp\/v2\/pages\/3859\/revisions\/4286"}],"up":[{"embeddable":true,"href":"https:\/\/szkolenia-udt.pl\/ru\/wp-json\/wp\/v2\/pages\/2739"}],"wp:featuredmedia":[{"embeddable":true,"href":"https:\/\/szkolenia-udt.pl\/ru\/wp-json\/wp\/v2\/media\/3860"}],"wp:attachment":[{"href":"https:\/\/szkolenia-udt.pl\/ru\/wp-json\/wp\/v2\/media?parent=3859"}],"curies":[{"name":"wp","href":"https:\/\/api.w.org\/{rel}","templated":true}]}}