{"id":3871,"date":"2023-03-08T16:36:46","date_gmt":"2023-03-08T15:36:46","guid":{"rendered":"https:\/\/szkolenia-udt.pl\/?page_id=3871"},"modified":"2023-03-09T11:40:51","modified_gmt":"2023-03-09T10:40:51","slug":"periodic-periodic-for-services-bhp","status":"publish","type":"page","link":"https:\/\/szkolenia-udt.pl\/ru\/kursy\/bhp-ppoz\/okresowe-dla-sluzb-bhp\/","title":{"rendered":"\u041f\u0435\u0440\u0438\u043e\u0434\u0438\u0447\u0435\u0441\u043a\u043e\u0435 \u043e\u0431\u0443\u0447\u0435\u043d\u0438\u0435 \u0434\u043b\u044f \u0441\u043b\u0443\u0436\u0431 \u043e\u0445\u0440\u0430\u043d\u044b \u0442\u0440\u0443\u0434\u0430 \u0438 \u0442\u0435\u0445\u043d\u0438\u043a\u0438 \u0431\u0435\u0437\u043e\u043f\u0430\u0441\u043d\u043e\u0441\u0442\u0438"},"content":{"rendered":"<div class=\"wp-block-image\">\n<figure class=\"alignright size-large is-resized\"><a href=\"https:\/\/szkolenia-udt.pl\/wp-content\/uploads\/2023\/03\/canva-fireman-holding-fire-extinguisher-MAEBkl3LTME.jpg\"><img loading=\"lazy\" decoding=\"async\" src=\"https:\/\/szkolenia-udt.pl\/wp-content\/uploads\/2023\/03\/canva-fireman-holding-fire-extinguisher-MAEBkl3LTME-1024x683.jpg\" alt=\"Szkolenie s\u0142u\u017cb BHP\" class=\"wp-image-3882\" width=\"512\" height=\"342\" srcset=\"https:\/\/szkolenia-udt.pl\/wp-content\/uploads\/2023\/03\/canva-fireman-holding-fire-extinguisher-MAEBkl3LTME-1024x683.jpg 1024w, https:\/\/szkolenia-udt.pl\/wp-content\/uploads\/2023\/03\/canva-fireman-holding-fire-extinguisher-MAEBkl3LTME-300x200.jpg 300w, https:\/\/szkolenia-udt.pl\/wp-content\/uploads\/2023\/03\/canva-fireman-holding-fire-extinguisher-MAEBkl3LTME-768x512.jpg 768w, https:\/\/szkolenia-udt.pl\/wp-content\/uploads\/2023\/03\/canva-fireman-holding-fire-extinguisher-MAEBkl3LTME-1536x1024.jpg 1536w, https:\/\/szkolenia-udt.pl\/wp-content\/uploads\/2023\/03\/canva-fireman-holding-fire-extinguisher-MAEBkl3LTME-18x12.jpg 18w, https:\/\/szkolenia-udt.pl\/wp-content\/uploads\/2023\/03\/canva-fireman-holding-fire-extinguisher-MAEBkl3LTME.jpg 1600w\" sizes=\"auto, (max-width: 512px) 100vw, 512px\" \/><\/a><\/figure>\n<\/div>\n\n\n<h2 class=\"wp-block-heading\">Kursy BHP w o\u015brodku szkoleniowym OSO<\/h2>\n\n\n\n<p>Zapraszamy na szkolenie okresowe dla s\u0142u\u017cb BHP. Nasza do\u015bwiadczona kadra szkoleniowa przeka\u017ce Pa\u0144stwu wszystkie niezb\u0119dne informacje. Przeprowadzamy kursy i szkolenia zawodowe od wielu lat i cechuje nas najwy\u017cszy poziom kszta\u0142cenia.&nbsp;<\/p>\n\n\n\n<p>S\u0142u\u017cby bezpiecze\u0144stwa i higieny pracy r\u00f3wnie\u017c musz\u0105 odbywa\u0107 regularne szkolenia BHP. Pracownicy musz\u0105 podj\u0105\u0107 si\u0119 dw\u00f3ch rodzaj\u00f3w przeszkolenia: wst\u0119pnego oraz okresowego. Wa\u017cnym elementem kursu jest temat metod kszta\u0142towania bezpiecznych warunk\u00f3w pracy, organizacji oraz pomoc w rozwi\u0105zywaniu skomplikowanych problem\u00f3w z obszaru BHP w zak\u0142adzie. Dowiedz si\u0119 jak wygl\u0105da szkolenie i czego mo\u017cna si\u0119 spodziewa\u0107.&nbsp;<\/p>\n\n\n\n<h2 class=\"wp-block-heading\">Na czym polega szkolenie okresowe?&nbsp;&nbsp;<\/h2>\n\n\n\n<p>Uczestnictwo w szkoleniu okresowym jest o tyle wa\u017cne, \u017ce uzupe\u0142niamy dotychczasow\u0105 wiedz\u0119, poznajemy zmiany przepis\u00f3w prawnych, analizy zagro\u017ce\u0144 oraz ocen\u0119 ryzyka zawodowego. Kluczowe jest dok\u0142adne zapoznanie si\u0119 z metodami kszta\u0142cenia oraz organizacji tak, aby zosta\u0142y spe\u0142nione bezpieczne warunki i rozwi\u0105zywanie skomplikowanych problem\u00f3w w zak\u0142adzie pracy.&nbsp;<\/p>\n\n\n<div class=\"wp-block-image\">\n<figure class=\"alignright size-large is-resized\"><a href=\"https:\/\/szkolenia-udt.pl\/wp-content\/uploads\/2023\/03\/screen_2x-32.jpg\"><img loading=\"lazy\" decoding=\"async\" src=\"https:\/\/szkolenia-udt.pl\/wp-content\/uploads\/2023\/03\/screen_2x-32-1024x659.jpg\" alt=\"pracownicy s\u0142u\u017cby BHP\" class=\"wp-image-3884\" width=\"512\" height=\"330\" srcset=\"https:\/\/szkolenia-udt.pl\/wp-content\/uploads\/2023\/03\/screen_2x-32-1024x659.jpg 1024w, https:\/\/szkolenia-udt.pl\/wp-content\/uploads\/2023\/03\/screen_2x-32-300x193.jpg 300w, https:\/\/szkolenia-udt.pl\/wp-content\/uploads\/2023\/03\/screen_2x-32-768x494.jpg 768w, https:\/\/szkolenia-udt.pl\/wp-content\/uploads\/2023\/03\/screen_2x-32-1536x988.jpg 1536w, https:\/\/szkolenia-udt.pl\/wp-content\/uploads\/2023\/03\/screen_2x-32-18x12.jpg 18w, https:\/\/szkolenia-udt.pl\/wp-content\/uploads\/2023\/03\/screen_2x-32.jpg 1600w\" sizes=\"auto, (max-width: 512px) 100vw, 512px\" \/><\/a><\/figure>\n<\/div>\n\n\n<h3 class=\"wp-block-heading\">Pierwsze szkolenie okresowe <\/h3>\n\n\n\n<p>Musi odby\u0107 ka\u017cdy pracownik s\u0142u\u017cby BHP w ci\u0105gu 12 miesi\u0119cy od rozpocz\u0119cia pracy na danym stanowisku. Je\u015bli pracownik s\u0142u\u017cby BHP posiada za\u015bwiadczenie o udziale okresowym dla tego rodzaju stanowiska, mo\u017ce ukaza\u0107 je pracodawcy. To natomiast spowoduje, \u017ce nast\u0119pny termin szkolenia okresowego ulegnie prze\u0142o\u017ceniu.&nbsp;<\/p>\n\n\n\n<h3 class=\"wp-block-heading\">Dla kogo jest taki rodzaj szkolenia?&nbsp;&nbsp;<\/h3>\n\n\n\n<p>Szkolenie okresowe skierowane jest dla pracownik\u00f3w s\u0142u\u017cby BHP, lecz nie tylko. Musz\u0105 przechodzi\u0107 je tak\u017ce osoby zatrudnione przy innej pracy wykonuj\u0105ce kwestie s\u0142u\u017cby BHP i fachowcy spoza punktu pracy, czyli osoby obs\u0142uguj\u0105ce r\u00f3\u017cne podmioty w ramach BHP w zakresie oddzielnych um\u00f3w lub dzia\u0142alno\u015bci.&nbsp;&nbsp;<\/p>\n\n\n\n<h2 class=\"wp-block-heading\">BHP dla s\u0142u\u017cb w OSO&nbsp;<\/h2>\n\n\n\n<p>Nasza firma prowadzi szkolenia dla s\u0142u\u017cb BHP i aby odby\u0107 takie szkolenie, nale\u017cy skontaktowa\u0107 si\u0119 telefoniczne z naszymi konsultantami i zapisa\u0107 na wybrany dost\u0119pny termin. Kurs odbywa si\u0119 pod okiem naszych wyspecjalizowanych ekspert\u00f3w. Z <a href=\"https:\/\/szkolenia-udt.pl\/ru\/oferta\/\">naszych us\u0142ug<\/a> szkoleniowych skorzysta\u0142o wielu pracownik\u00f3w s\u0142u\u017cby BHP i nie tylko. Posiadamy tysi\u0105ce zadowolonych klient\u00f3w na terenie ca\u0142ej Polski.&nbsp;<\/p>\n\n\n<div class=\"wp-block-image\">\n<figure class=\"alignright size-large is-resized\"><a href=\"https:\/\/szkolenia-udt.pl\/wp-content\/uploads\/2023\/03\/s2-23.jpg\"><img loading=\"lazy\" decoding=\"async\" src=\"https:\/\/szkolenia-udt.pl\/wp-content\/uploads\/2023\/03\/s2-23-1024x684.jpg\" alt=\"Apteczka pierwszej pomocy\" class=\"wp-image-3873\" width=\"512\" height=\"342\" srcset=\"https:\/\/szkolenia-udt.pl\/wp-content\/uploads\/2023\/03\/s2-23-1024x684.jpg 1024w, https:\/\/szkolenia-udt.pl\/wp-content\/uploads\/2023\/03\/s2-23-300x200.jpg 300w, https:\/\/szkolenia-udt.pl\/wp-content\/uploads\/2023\/03\/s2-23-768x513.jpg 768w, https:\/\/szkolenia-udt.pl\/wp-content\/uploads\/2023\/03\/s2-23-1536x1025.jpg 1536w, https:\/\/szkolenia-udt.pl\/wp-content\/uploads\/2023\/03\/s2-23-18x12.jpg 18w, https:\/\/szkolenia-udt.pl\/wp-content\/uploads\/2023\/03\/s2-23.jpg 1600w\" sizes=\"auto, (max-width: 512px) 100vw, 512px\" \/><\/a><\/figure>\n<\/div>\n\n\n<h3 class=\"wp-block-heading\">Gdzie szkolimy?&nbsp;<\/h3>\n\n\n\n<p>Nasze kursy prowadzimy w wi\u0119kszych miastach na terenie ca\u0142ego kraju, opr\u00f3cz tego oferujemy naszym klientom dojazd pod wskazany adres. Dzi\u0119ki temu rozwi\u0105zaniu szkolimy specjalist\u00f3w na terenie Polski, a nawet poza jej granicami.&nbsp;&nbsp;<\/p>\n\n\n\n<h2 class=\"wp-block-heading\">Prowadzenie kurs\u00f3w zawodowych&nbsp;<\/h2>\n\n\n\n<p>Organizujemy r\u00f3wnie\u017c kursy i szkolenia na uprawnienia UDT. Eksperci, kt\u00f3rzy prowadz\u0105 kursy przygotuj\u0105 Ci\u0119 odpowiednio do egzaminu na uprawnienia UDT, TDT czy IMBiGS.&nbsp;&nbsp;<\/p>\n\n\n\n<h3 class=\"wp-block-heading\">Inne kursy, jakie prowadzimy to m.in.:&nbsp;<\/h3>\n\n\n\n<ul class=\"wp-block-list\">\n<li>kurs operatora podest\u00f3w ruchomych,&nbsp;<\/li>\n\n\n\n<li>kurs konserwatora w\u00f3zk\u00f3w wid\u0142owych,&nbsp;<\/li>\n\n\n\n<li>kurs operatora d\u017awig\u00f3w,&nbsp;<\/li>\n\n\n\n<li>kurs operatora \u017curawi HDS,<\/li>\n\n\n\n<li><a href=\"https:\/\/szkolenia-udt.pl\/ru\/kursy\/prace-wysokosciowe\/\">szkolenia wysoko\u015bciowe<\/a>.&nbsp;<\/li>\n<\/ul>\n\n\n\n<p>Ka\u017cdy kurs sk\u0142ada si\u0119 z cz\u0119\u015bci teoretycznej oraz praktycznej. <\/p>\n\n\n\n<p>Zapraszamy do kontaktu telefonicznego w celu zapisania si\u0119 na wybrane szkolenie.&nbsp;<\/p>\n\n\n\n<h2 class=\"wp-block-heading\">Pytania i odpowiedzi:<\/h2>\n\n\n\t\t<details\t\thelp class=\"sc_fs_faq sc_card    \"\n\t\topen\t\t>\n\t\t\t\t\t<summary>\n\t\t\t\t<h3>1. Na czym polegaj\u0105 szkolenia okresowe? <\/h3>\t\t\t\t\t<\/summary>\n\t\t\t\t<div>\n\t\t\t\t\t\t<div class=\"sc_fs_faq__content\">\n\t\t\t\t\n\n<p>Szkolenia te maj\u0105 zaznajomi\u0107 nas z zasadami BHP i ukaza\u0107 analizy zagro\u017ce\u0144, a osoby bior\u0105ce udzia\u0142 w nich po raz kolejny b\u0119d\u0105 dowiadywa\u0107 si\u0119 o zmianach jakie zasz\u0142y w przepisach.&nbsp;<\/p>\n\n\t\t\t<\/div>\n\t\t<\/div>\n\t\t<\/details>\n\t\t\t\t<details\t\thelp class=\"sc_fs_faq sc_card    \"\n\t\t\t\t>\n\t\t\t\t\t<summary>\n\t\t\t\t<h3>2. Co jaki czas organizuje si\u0119 szkolenia okresowe? <\/h3>\t\t\t\t\t<\/summary>\n\t\t\t\t<div>\n\t\t\t\t\t\t<div class=\"sc_fs_faq__content\">\n\t\t\t\t\n\n<p>Szkolenia okresowe dla s\u0142u\u017cby BHP organizuje si\u0119 co 5 lat, lecz co wa\u017cne pierwsze szkolenie odbywa si\u0119 w ci\u0105gu 12 miesi\u0119cy od czasu rozpocz\u0119cia pracy.&nbsp;&nbsp;<\/p>\n\n\t\t\t<\/div>\n\t\t<\/div>\n\t\t<\/details>\n\t\t\n<script type=\"application\/ld+json\">\n\t{\n\t\t\"@context\": \"https:\/\/schema.org\",\n\t\t\"@type\": \"FAQPage\",\n\t\t\"mainEntity\": [\n\t\t\t\t\t{\n\t\t\t\t\"@type\": \"Question\",\n\t\t\t\t\"name\": \"1. Na czym polegaj\u0105 szkolenia okresowe? \",\n\t\t\t\t\"acceptedAnswer\": {\n\t\t\t\t\t\"@type\": \"Answer\",\n\t\t\t\t\t\"text\": \"<p>Szkolenia te maj\u0105 zaznajomi\u0107 nas z zasadami BHP i ukaza\u0107 analizy zagro\u017ce\u0144, a osoby bior\u0105ce udzia\u0142 w nich po raz kolejny b\u0119d\u0105 dowiadywa\u0107 si\u0119 o zmianach jakie zasz\u0142y w przepisach.&nbsp;<\/p>\"\n\t\t\t\t\t\t\t\t\t}\n\t\t\t}\n\t\t\t,\t\t\t\t{\n\t\t\t\t\"@type\": \"Question\",\n\t\t\t\t\"name\": \"2. Co jaki czas organizuje si\u0119 szkolenia okresowe? \",\n\t\t\t\t\"acceptedAnswer\": {\n\t\t\t\t\t\"@type\": \"Answer\",\n\t\t\t\t\t\"text\": \"<p>Szkolenia okresowe dla s\u0142u\u017cby BHP organizuje si\u0119 co 5 lat, lecz co wa\u017cne pierwsze szkolenie odbywa si\u0119 w ci\u0105gu 12 miesi\u0119cy od czasu rozpocz\u0119cia pracy.&nbsp;&nbsp;<\/p>\"\n\t\t\t\t\t\t\t\t\t}\n\t\t\t}\n\t\t\t\t\t\t]\n\t}\n<\/script>\n","protected":false},"excerpt":{"rendered":"<p>Kursy BHP w o\u015brodku szkoleniowym OSO Zapraszamy na szkolenie okresowe dla s\u0142u\u017cb BHP. Nasza do\u015bwiadczona kadra szkoleniowa przeka\u017ce Pa\u0144stwu wszystkie niezb\u0119dne informacje. Przeprowadzamy kursy i szkolenia zawodowe od wielu lat i cechuje nas najwy\u017cszy poziom kszta\u0142cenia.&nbsp; S\u0142u\u017cby bezpiecze\u0144stwa i higieny pracy r\u00f3wnie\u017c musz\u0105 odbywa\u0107 regularne szkolenia BHP. Pracownicy musz\u0105 podj\u0105\u0107 si\u0119 dw\u00f3ch rodzaj\u00f3w przeszkolenia: wst\u0119pnego [&hellip;]<\/p>\n","protected":false},"author":10,"featured_media":3882,"parent":2739,"menu_order":0,"comment_status":"closed","ping_status":"closed","template":"","meta":{"footnotes":""},"class_list":["post-3871","page","type-page","status-publish","has-post-thumbnail","hentry"],"aioseo_notices":[],"_links":{"self":[{"href":"https:\/\/szkolenia-udt.pl\/ru\/wp-json\/wp\/v2\/pages\/3871","targetHints":{"allow":["GET"]}}],"collection":[{"href":"https:\/\/szkolenia-udt.pl\/ru\/wp-json\/wp\/v2\/pages"}],"about":[{"href":"https:\/\/szkolenia-udt.pl\/ru\/wp-json\/wp\/v2\/types\/page"}],"author":[{"embeddable":true,"href":"https:\/\/szkolenia-udt.pl\/ru\/wp-json\/wp\/v2\/users\/10"}],"replies":[{"embeddable":true,"href":"https:\/\/szkolenia-udt.pl\/ru\/wp-json\/wp\/v2\/comments?post=3871"}],"version-history":[{"count":10,"href":"https:\/\/szkolenia-udt.pl\/ru\/wp-json\/wp\/v2\/pages\/3871\/revisions"}],"predecessor-version":[{"id":4047,"href":"https:\/\/szkolenia-udt.pl\/ru\/wp-json\/wp\/v2\/pages\/3871\/revisions\/4047"}],"up":[{"embeddable":true,"href":"https:\/\/szkolenia-udt.pl\/ru\/wp-json\/wp\/v2\/pages\/2739"}],"wp:featuredmedia":[{"embeddable":true,"href":"https:\/\/szkolenia-udt.pl\/ru\/wp-json\/wp\/v2\/media\/3882"}],"wp:attachment":[{"href":"https:\/\/szkolenia-udt.pl\/ru\/wp-json\/wp\/v2\/media?parent=3871"}],"curies":[{"name":"wp","href":"https:\/\/api.w.org\/{rel}","templated":true}]}}