{"id":3915,"date":"2023-03-08T16:42:12","date_gmt":"2023-03-08T15:42:12","guid":{"rendered":"https:\/\/szkolenia-udt.pl\/?page_id=3915"},"modified":"2023-03-09T14:20:46","modified_gmt":"2023-03-09T13:20:46","slug":"%d1%82%d0%b5%d0%bb%d0%b5%d1%81%d0%ba%d0%be%d0%bf%d0%b8%d1%87%d0%b5%d1%81%d0%ba%d0%b8%d0%b5-%d0%bf%d0%be%d0%b3%d1%80%d1%83%d0%b7%d1%87%d0%b8%d0%ba%d0%b8-%d1%81%d0%be-%d1%81%d0%bc%d0%b5%d0%bd%d0%bd","status":"publish","type":"page","link":"https:\/\/szkolenia-udt.pl\/ru\/kursy\/uprawnienia-udt-tdt-wdt\/ladowarki-teleskopowe-z-wymiennym-wysiegiem\/","title":{"rendered":"\u041a\u0443\u0440\u0441 \u043f\u043e \u0442\u0435\u043b\u0435\u0441\u043a\u043e\u043f\u0438\u0447\u0435\u0441\u043a\u0438\u043c \u043f\u043e\u0433\u0440\u0443\u0437\u0447\u0438\u043a\u0430\u043c \u0441\u043e \u0441\u043c\u0435\u043d\u043d\u044b\u043c\u0438 \u0441\u0442\u0440\u0435\u043b\u0430\u043c\u0438"},"content":{"rendered":"<div class=\"wp-block-image\">\n<figure class=\"alignright size-large is-resized\"><a href=\"https:\/\/szkolenia-udt.pl\/wp-content\/uploads\/2023\/03\/s2-33.jpg\"><img loading=\"lazy\" decoding=\"async\" src=\"https:\/\/szkolenia-udt.pl\/wp-content\/uploads\/2023\/03\/s2-33-683x1024.jpg\" alt=\"\u0142adowarka teleskopowa z wymiennym wysi\u0119gnikiem\" class=\"wp-image-3918\" width=\"323\" height=\"484\" srcset=\"https:\/\/szkolenia-udt.pl\/wp-content\/uploads\/2023\/03\/s2-33-683x1024.jpg 683w, https:\/\/szkolenia-udt.pl\/wp-content\/uploads\/2023\/03\/s2-33-200x300.jpg 200w, https:\/\/szkolenia-udt.pl\/wp-content\/uploads\/2023\/03\/s2-33-768x1152.jpg 768w, https:\/\/szkolenia-udt.pl\/wp-content\/uploads\/2023\/03\/s2-33-1024x1536.jpg 1024w, https:\/\/szkolenia-udt.pl\/wp-content\/uploads\/2023\/03\/s2-33-8x12.jpg 8w, https:\/\/szkolenia-udt.pl\/wp-content\/uploads\/2023\/03\/s2-33.jpg 1067w\" sizes=\"auto, (max-width: 323px) 100vw, 323px\" \/><\/a><\/figure>\n<\/div>\n\n\n<h2 class=\"wp-block-heading\">Zosta\u0144 kursantem OSO<\/h2>\n\n\n\n<p>Zapraszamy na profesjonalny <a href=\"https:\/\/szkolenia-udt.pl\/ru\/kursy\/uprawnienia-udt-tdt-wdt\/ladowarki-teleskopowe\/\">kurs na \u0142adowarki teleskopowe<\/a>. Prowadzimy szkolenia zar\u00f3wno z konserwacji, jak i obs\u0142ugi tych urz\u0105dze\u0144. Nasza do\u015bwiadczona kadra szkoleniowa przygotuje Pa\u0144stwa do egzaminu na uprawnienia UDT.&nbsp;<\/p>\n\n\n\n<h2 class=\"wp-block-heading\">Rodzaje \u0142adowarek teleskopowych&nbsp;<\/h2>\n\n\n\n<p><strong>\u0141adowarka teleskopowa ze zmiennym wysi\u0119gnikiem, to nic innego jak w\u00f3zek wid\u0142owy specjalizowany. <\/strong><\/p>\n\n\n\n<p>Modele oferowane przez producent\u00f3w tych urz\u0105dze\u0144 s\u0105 tworzone w r\u00f3\u017cnych wariantach oraz posiadaj\u0105 dodatkowo do\u0142\u0105czony osprz\u0119t, dzi\u0119ki czemu posiadaj\u0105 szeroki wachlarz zastosowa\u0144. Wyr\u00f3\u017cniamy g\u0142\u00f3wnie dwa rodzaje tych urz\u0105dze\u0144 m.in.:&nbsp;<\/p>\n\n\n\n<ul class=\"wp-block-list\">\n<li><strong>obrotowe<\/strong> \u2013 maj\u0105 zamontowan\u0105 obrotow\u0105 g\u0142owic\u0119, kt\u00f3ra umo\u017cliwia zmian\u0119 po\u0142o\u017cenia wysi\u0119gnika nawet o 360\u00b0. Si\u0142a ud\u017awigu wynosi od 3 do 5 ton, a ich wysi\u0119g mo\u017ce si\u0119ga\u0107 nawet do 30 metr\u00f3w.&nbsp;&nbsp;<\/li>\n\n\n\n<li><strong>czo\u0142owe, sztywne<\/strong> \u2013 s\u0105 one wyposa\u017cone w sztywn\u0105 kabin\u0119 dla operator\u00f3w, kt\u00f3ra znajduj\u0119 si\u0119 na ramieniu maszyny. Wysi\u0119gniki usadowione s\u0105 od prawej strony urz\u0105dzenia. \u0141adowarki mog\u0105 zosta\u0107 wyposa\u017cone w podpory boczne. Si\u0142a ud\u017awigu szacowana jest od 1,5 do nawet 20 ton, a d\u0142ugo\u015b\u0107 wysi\u0119gu wynosi do 20 m.&nbsp;<\/li>\n<\/ul>\n\n\n\n<h2 class=\"wp-block-heading\">Plan szkoleniowy&nbsp;&nbsp;<\/h2>\n\n\n<div class=\"wp-block-image\">\n<figure class=\"alignright size-large is-resized\"><a href=\"https:\/\/szkolenia-udt.pl\/wp-content\/uploads\/2023\/03\/s2-32.jpg\"><img loading=\"lazy\" decoding=\"async\" src=\"https:\/\/szkolenia-udt.pl\/wp-content\/uploads\/2023\/03\/s2-32-1024x683.jpg\" alt=\"operator zmieniaj\u0105cy osprz\u0119t w urz\u0105dzeniu\" class=\"wp-image-3920\" width=\"512\" height=\"342\" srcset=\"https:\/\/szkolenia-udt.pl\/wp-content\/uploads\/2023\/03\/s2-32-1024x683.jpg 1024w, https:\/\/szkolenia-udt.pl\/wp-content\/uploads\/2023\/03\/s2-32-300x200.jpg 300w, https:\/\/szkolenia-udt.pl\/wp-content\/uploads\/2023\/03\/s2-32-768x512.jpg 768w, https:\/\/szkolenia-udt.pl\/wp-content\/uploads\/2023\/03\/s2-32-1536x1024.jpg 1536w, https:\/\/szkolenia-udt.pl\/wp-content\/uploads\/2023\/03\/s2-32-18x12.jpg 18w, https:\/\/szkolenia-udt.pl\/wp-content\/uploads\/2023\/03\/s2-32.jpg 1600w\" sizes=\"auto, (max-width: 512px) 100vw, 512px\" \/><\/a><\/figure>\n<\/div>\n\n\n<p>Podczas trwania kursu dowiesz si\u0119 m.in.:&nbsp;<\/p>\n\n\n\n<ul class=\"wp-block-list\">\n<li>jak pos\u0142ugiwa\u0107 si\u0119 \u0142adowark\u0105 \u2013 dotyczy operatora,&nbsp;<\/li>\n\n\n\n<li>jak radzi\u0107 sobie z usterkami \u2013 dotyczy konserwatora,&nbsp;<\/li>\n\n\n\n<li>jak przeprowadzi\u0107 konserwacj\u0119 \u0142adowarki \u2013 dotyczy konserwatora,&nbsp;<\/li>\n\n\n\n<li>informacji odno\u015bnie dozoru technicznego,&nbsp;<\/li>\n\n\n\n<li>informacji og\u00f3lnych o \u0142adowarce teleskopowej,&nbsp;<\/li>\n\n\n\n<li>informacji o ocenie stanu technicznego,&nbsp;<\/li>\n\n\n\n<li>wiadomo\u015bci na temat eksploatacji urz\u0105dzenia,&nbsp;<\/li>\n\n\n\n<li>w jaki spos\u00f3b przebiega praca z \u0142adowark\u0105,&nbsp;<\/li>\n\n\n\n<li>obowi\u0105zuj\u0105ce zasady BHP.&nbsp;<\/li>\n<\/ul>\n\n\n\n<p>Plan szkoleniowy realizowany jest przez nasz\u0105 wysoko wykwalifikowan\u0105 kadr\u0119 specjalist\u00f3w, kt\u00f3ra poprowadzi Pa\u0144stwa przez ca\u0142y kurs.&nbsp;&nbsp;<\/p>\n\n\n\n<h2 class=\"wp-block-heading\">Jak zdoby\u0107 uprawnienia na \u0142adowark\u0119 teleskopow\u0105?&nbsp;<\/h2>\n\n\n\n<p>Po zako\u0144czeniu szkolenia nale\u017cy zapisa\u0107 si\u0119 na pa\u0144stwowy egzamin. Egzaminy odbywaj\u0105 si\u0119 w jednostce UDT przed komisj\u0105 egzaminacyjn\u0105. Pierwsz\u0105 cz\u0119\u015bci\u0105, do jakiej przyjdzie Ci przyst\u0105pi\u0107 polega na te\u015bcie z wiedzy teoretycznej w formie pisemnej, a druga, na pokazaniu umiej\u0119tno\u015bci pracy z \u0142adowark\u0105 jakie naby\u0142e\u015b podczas kursu. <\/p>\n\n\n\n<p>Je\u015bli zdasz egzamin, otrzymasz dokument z uprawnieniami na \u0142adowarki teleskopowe. Okres wa\u017cno\u015bci uprawnie\u0144 na te urz\u0105dzenia wynosi 5 lat od momentu ich wydania.&nbsp;&nbsp;<\/p>\n\n\n<div class=\"wp-block-image\">\n<figure class=\"alignright size-large is-resized\"><a href=\"https:\/\/szkolenia-udt.pl\/wp-content\/uploads\/2023\/03\/s2-31.jpg\"><img loading=\"lazy\" decoding=\"async\" src=\"https:\/\/szkolenia-udt.pl\/wp-content\/uploads\/2023\/03\/s2-31-1024x683.jpg\" alt=\"operator kieruje \u0142adowark\u0105 teleskopow\u0105 u\u017cywan\u0105 w gospodarstwie\" class=\"wp-image-3919\" width=\"512\" height=\"342\" srcset=\"https:\/\/szkolenia-udt.pl\/wp-content\/uploads\/2023\/03\/s2-31-1024x683.jpg 1024w, https:\/\/szkolenia-udt.pl\/wp-content\/uploads\/2023\/03\/s2-31-300x200.jpg 300w, https:\/\/szkolenia-udt.pl\/wp-content\/uploads\/2023\/03\/s2-31-768x512.jpg 768w, https:\/\/szkolenia-udt.pl\/wp-content\/uploads\/2023\/03\/s2-31-1536x1024.jpg 1536w, https:\/\/szkolenia-udt.pl\/wp-content\/uploads\/2023\/03\/s2-31-18x12.jpg 18w, https:\/\/szkolenia-udt.pl\/wp-content\/uploads\/2023\/03\/s2-31.jpg 1600w\" sizes=\"auto, (max-width: 512px) 100vw, 512px\" \/><\/a><\/figure>\n<\/div>\n\n\n<h2 class=\"wp-block-heading\">Gdzie s\u0105 wykorzystywane \u0142adowarki teleskopowe?&nbsp;<\/h2>\n\n\n\n<p>U\u017cywane s\u0105 najcz\u0119\u015bciej w budownictwie, rolnictwie, przemy\u015ble drzewnym, a tak\u017ce w pracach zwi\u0105zanych z wykonywaniem zada\u0144 w kopalniach. \u0141adowarki teleskopowe zdecydowanie r\u00f3\u017cni\u0105 si\u0119 konstrukcj\u0105 od typowych w\u00f3zk\u00f3w wid\u0142owych.&nbsp;&nbsp;<\/p>\n\n\n\n<p>Urz\u0105dzenia te posiadaj\u0105 specjalny osprz\u0119t, kt\u00f3ry pozwala na unoszenie i przenoszenie masywnych element\u00f3w. Ich silniki zosta\u0142y znacznie ulepszone wzgl\u0119dem w\u00f3zka i ponad to ich kabina jest o wiele lepiej zabezpieczona, w celu ochrony przed wypadkiem. \u0141adowarki posiadaj\u0105 tak\u017ce specjalne wyposa\u017canie w opony i nap\u0119d, aby wykonywa\u0107 prac\u0119 na r\u00f3\u017cnych nawierzchniach. Przez specjaln\u0105 budow\u0119 oraz moc urz\u0105dzenia, wykorzystywane s\u0105 do prac, w jakich zwyk\u0142y w\u00f3zek wid\u0142owy by sobie nie poradzi\u0142.&nbsp;<\/p>\n\n\n\n<h2 class=\"wp-block-heading\">Inne szkolenia&nbsp;<\/h2>\n\n\n\n<p>Prowadzimy r\u00f3wnie\u017c szkolenia na inne urz\u0105dzenia takie jak:&nbsp;<\/p>\n\n\n\n<ul class=\"wp-block-list\">\n<li>w\u00f3zki wid\u0142owe,&nbsp;<\/li>\n\n\n\n<li>podesty ruchome,&nbsp;<\/li>\n\n\n\n<li>suwnice,&nbsp;<\/li>\n\n\n\n<li>d\u017awigi,&nbsp;<\/li>\n\n\n\n<li>\u017curawie HDS,&nbsp;<\/li>\n\n\n\n<li>wci\u0105garki i wci\u0105gniki.&nbsp;<\/li>\n<\/ul>\n\n\n\n<p>Je\u015bli zainteresowa\u0142a Ci\u0119 <a href=\"https:\/\/szkolenia-udt.pl\/ru\/oferta\/\">nasza oferta<\/a> szkoleniowa, to zapraszamy do kontaktu, uzgodnimy termin rozpocz\u0119cia szkolenia, a tak\u017ce udzielimy informacji na temat programu szkolenia.&nbsp;<\/p>\n\n\n\n<p>Prowadzimy szkolenia otwarte i zamkni\u0119te na terenie ca\u0142ej Polski. Zadzwo\u0144, by pozna\u0107 szczeg\u00f3\u0142ow\u0105 ofert\u0119. <\/p>\n\n\n\n<h2 class=\"wp-block-heading\">Pytania i odpowiedzi:<\/h2>\n\n\n\t\t<details\t\thelp class=\"sc_fs_faq sc_card    \"\n\t\topen\t\t>\n\t\t\t\t\t<summary>\n\t\t\t\t<h3>1. Jakie s\u0105 rodzaje \u0142adowarek teleskopowych? <\/h3>\t\t\t\t\t<\/summary>\n\t\t\t\t<div>\n\t\t\t\t\t\t<div class=\"sc_fs_faq__content\">\n\t\t\t\t\n\n<p>Wyr\u00f3\u017cniamy g\u0142\u00f3wnie dwa rodzaje owych urz\u0105dze\u0144, mianowicie s\u0105 to obrotowe i czo\u0142owe\/ sztywne. R\u00f3\u017cnica mi\u0119dzy nimi polega na tym, \u017ce w \u0142adowarce czo\u0142owej kabina operatora umo\u017cliwia zmian\u0119 po\u0142o\u017cenia o 360\u00b0, a w \u0142adowarce sztywnej jest to niemo\u017cliwe. Jest jeszcze jedna r\u00f3\u017cnica mi\u0119dzy nimi, mianowicie r\u00f3\u017cni\u0105 si\u0119 si\u0142\u0105 ud\u017awigu.&nbsp;<\/p>\n\n\t\t\t<\/div>\n\t\t<\/div>\n\t\t<\/details>\n\t\t\t\t<details\t\thelp class=\"sc_fs_faq sc_card    \"\n\t\t\t\t>\n\t\t\t\t\t<summary>\n\t\t\t\t<h3>2. W jakich sektorach wykorzystuje si\u0119 \u0142adowarki teleskopowe? <\/h3>\t\t\t\t\t<\/summary>\n\t\t\t\t<div>\n\t\t\t\t\t\t<div class=\"sc_fs_faq__content\">\n\t\t\t\t\n\n<p>\u0141adowarki teleskopowe wykorzystywane s\u0105 g\u0142\u00f3wnie w przemys\u0142ach budowlanych, rolniczych, drzewnych oraz do wykonywania zada\u0144 w kopalniach.<\/p>\n\n\t\t\t<\/div>\n\t\t<\/div>\n\t\t<\/details>\n\t\t\n<script type=\"application\/ld+json\">\n\t{\n\t\t\"@context\": \"https:\/\/schema.org\",\n\t\t\"@type\": \"FAQPage\",\n\t\t\"mainEntity\": [\n\t\t\t\t\t{\n\t\t\t\t\"@type\": \"Question\",\n\t\t\t\t\"name\": \"1. Jakie s\u0105 rodzaje \u0142adowarek teleskopowych? \",\n\t\t\t\t\"acceptedAnswer\": {\n\t\t\t\t\t\"@type\": \"Answer\",\n\t\t\t\t\t\"text\": \"<p>Wyr\u00f3\u017cniamy g\u0142\u00f3wnie dwa rodzaje owych urz\u0105dze\u0144, mianowicie s\u0105 to obrotowe i czo\u0142owe\/ sztywne. R\u00f3\u017cnica mi\u0119dzy nimi polega na tym, \u017ce w \u0142adowarce czo\u0142owej kabina operatora umo\u017cliwia zmian\u0119 po\u0142o\u017cenia o 360\u00b0, a w \u0142adowarce sztywnej jest to niemo\u017cliwe. Jest jeszcze jedna r\u00f3\u017cnica mi\u0119dzy nimi, mianowicie r\u00f3\u017cni\u0105 si\u0119 si\u0142\u0105 ud\u017awigu.&nbsp;<\/p>\"\n\t\t\t\t\t\t\t\t\t}\n\t\t\t}\n\t\t\t,\t\t\t\t{\n\t\t\t\t\"@type\": \"Question\",\n\t\t\t\t\"name\": \"2. W jakich sektorach wykorzystuje si\u0119 \u0142adowarki teleskopowe? \",\n\t\t\t\t\"acceptedAnswer\": {\n\t\t\t\t\t\"@type\": \"Answer\",\n\t\t\t\t\t\"text\": \"<p>\u0141adowarki teleskopowe wykorzystywane s\u0105 g\u0142\u00f3wnie w przemys\u0142ach budowlanych, rolniczych, drzewnych oraz do wykonywania zada\u0144 w kopalniach.<\/p>\"\n\t\t\t\t\t\t\t\t\t}\n\t\t\t}\n\t\t\t\t\t\t]\n\t}\n<\/script>\n","protected":false},"excerpt":{"rendered":"<p>Zosta\u0144 kursantem OSO Zapraszamy na profesjonalny kurs na \u0142adowarki teleskopowe. Prowadzimy szkolenia zar\u00f3wno z konserwacji, jak i obs\u0142ugi tych urz\u0105dze\u0144. Nasza do\u015bwiadczona kadra szkoleniowa przygotuje Pa\u0144stwa do egzaminu na uprawnienia UDT.&nbsp; Rodzaje \u0142adowarek teleskopowych&nbsp; \u0141adowarka teleskopowa ze zmiennym wysi\u0119gnikiem, to nic innego jak w\u00f3zek wid\u0142owy specjalizowany. Modele oferowane przez producent\u00f3w tych urz\u0105dze\u0144 s\u0105 tworzone w [&hellip;]<\/p>\n","protected":false},"author":10,"featured_media":3919,"parent":2266,"menu_order":0,"comment_status":"closed","ping_status":"closed","template":"","meta":{"footnotes":""},"class_list":["post-3915","page","type-page","status-publish","has-post-thumbnail","hentry"],"aioseo_notices":[],"_links":{"self":[{"href":"https:\/\/szkolenia-udt.pl\/ru\/wp-json\/wp\/v2\/pages\/3915","targetHints":{"allow":["GET"]}}],"collection":[{"href":"https:\/\/szkolenia-udt.pl\/ru\/wp-json\/wp\/v2\/pages"}],"about":[{"href":"https:\/\/szkolenia-udt.pl\/ru\/wp-json\/wp\/v2\/types\/page"}],"author":[{"embeddable":true,"href":"https:\/\/szkolenia-udt.pl\/ru\/wp-json\/wp\/v2\/users\/10"}],"replies":[{"embeddable":true,"href":"https:\/\/szkolenia-udt.pl\/ru\/wp-json\/wp\/v2\/comments?post=3915"}],"version-history":[{"count":14,"href":"https:\/\/szkolenia-udt.pl\/ru\/wp-json\/wp\/v2\/pages\/3915\/revisions"}],"predecessor-version":[{"id":4293,"href":"https:\/\/szkolenia-udt.pl\/ru\/wp-json\/wp\/v2\/pages\/3915\/revisions\/4293"}],"up":[{"embeddable":true,"href":"https:\/\/szkolenia-udt.pl\/ru\/wp-json\/wp\/v2\/pages\/2266"}],"wp:featuredmedia":[{"embeddable":true,"href":"https:\/\/szkolenia-udt.pl\/ru\/wp-json\/wp\/v2\/media\/3919"}],"wp:attachment":[{"href":"https:\/\/szkolenia-udt.pl\/ru\/wp-json\/wp\/v2\/media?parent=3915"}],"curies":[{"name":"wp","href":"https:\/\/api.w.org\/{rel}","templated":true}]}}