{"id":3947,"date":"2023-03-08T16:43:15","date_gmt":"2023-03-08T15:43:15","guid":{"rendered":"https:\/\/szkolenia-udt.pl\/?page_id=3947"},"modified":"2023-03-09T14:28:29","modified_gmt":"2023-03-09T13:28:29","slug":"%d0%bb%d1%8c%d0%b3%d0%be%d1%82%d1%8b-%d0%b2-%d1%81%d1%84%d0%b5%d1%80%d0%b5-%d1%8d%d0%ba%d1%81%d0%bf%d0%bb%d1%83%d0%b0%d1%82%d0%b0%d1%86%d0%b8%d0%b8-%d1%8d%d0%ba%d1%81%d0%ba%d0%b0%d0%b2%d0%b0%d1%82","status":"publish","type":"page","link":"https:\/\/szkolenia-udt.pl\/ru\/kursy\/uprawnienia-udt-tdt-wdt\/uprawnienia-w-zakresie-obslugi-koparki-i-koparko-ladowarki\/","title":{"rendered":"\u041e\u0431\u0443\u0447\u0435\u043d\u0438\u0435 \u043d\u0430 \u043f\u0440\u0430\u0432\u0430 \u044d\u043a\u0441\u043a\u0430\u0432\u0430\u0442\u043e\u0440\u0430 \u0438 \u044d\u043a\u0441\u043a\u0430\u0432\u0430\u0442\u043e\u0440\u0430-\u043f\u043e\u0433\u0440\u0443\u0437\u0447\u0438\u043a\u0430"},"content":{"rendered":"<div class=\"wp-block-image\">\n<figure class=\"alignright size-large is-resized\"><a href=\"https:\/\/szkolenia-udt.pl\/wp-content\/uploads\/2023\/03\/screen_2x-47.jpg\"><img loading=\"lazy\" decoding=\"async\" src=\"https:\/\/szkolenia-udt.pl\/wp-content\/uploads\/2023\/03\/screen_2x-47-1024x683.jpg\" alt=\"Koparka podczas transportu gruntu\" class=\"wp-image-3950\" width=\"512\" height=\"342\" srcset=\"https:\/\/szkolenia-udt.pl\/wp-content\/uploads\/2023\/03\/screen_2x-47-1024x683.jpg 1024w, https:\/\/szkolenia-udt.pl\/wp-content\/uploads\/2023\/03\/screen_2x-47-300x200.jpg 300w, https:\/\/szkolenia-udt.pl\/wp-content\/uploads\/2023\/03\/screen_2x-47-768x512.jpg 768w, https:\/\/szkolenia-udt.pl\/wp-content\/uploads\/2023\/03\/screen_2x-47-1536x1024.jpg 1536w, https:\/\/szkolenia-udt.pl\/wp-content\/uploads\/2023\/03\/screen_2x-47-18x12.jpg 18w, https:\/\/szkolenia-udt.pl\/wp-content\/uploads\/2023\/03\/screen_2x-47.jpg 1600w\" sizes=\"auto, (max-width: 512px) 100vw, 512px\" \/><\/a><\/figure>\n<\/div>\n\n\n<h2 class=\"wp-block-heading\">O kursie<\/h2>\n\n\n\n<p><a href=\"https:\/\/szkolenia-udt.pl\/ru\/o-firmie\/\">O\u015brodek szkoleniowy OSO<\/a> prowadzi szkolenia na koparki i koparko \u2013 \u0142adowarki dla konserwator\u00f3w oraz operator\u00f3w tych urz\u0105dze\u0144. Ca\u0142y kurs przeprowadzany jest przez nasz\u0105 kadr\u0119, kt\u00f3ra posiada wysokie kwalifikacje zawodowe oraz du\u017ce do\u015bwiadczenie. Wi\u0119c je\u015bli interesuje Ci\u0119 pozyskanie uprawnie\u0144 na kopark\u0119 lub koparko \u0142adowark\u0119, rozpocznij swoj\u0105 nauk\u0119 z nami i zapisz si\u0119 na nasze szkolenie.&nbsp;<\/p>\n\n\n\n<h2 class=\"wp-block-heading\">Program szkolenia&nbsp;<\/h2>\n\n\n\n<p>Podczas trwania naszego szkolenia nauczymy Ci\u0119 wielu rzeczy zwi\u0105zanych z podstawowymi informacjami na temat koparek. Wi\u0119c podczas kursu dowiesz si\u0119 takich rzeczy jak:&nbsp;<\/p>\n\n\n\n<ul class=\"wp-block-list\">\n<li>konstrukcja koparki\/ koparko \u2013 \u0142adowarki,&nbsp;<\/li>\n\n\n\n<li>zasady BHP,&nbsp;<\/li>\n\n\n\n<li>informacje odno\u015bnie poprawnego korzystania z maszyny,&nbsp;<\/li>\n\n\n\n<li>informacje dotycz\u0105ce poprawnej konserwacji maszyny,&nbsp;<\/li>\n\n\n\n<li>obowi\u0105zki jakie spe\u0142nia\u0107 musi operator lub konserwator,&nbsp;<\/li>\n\n\n\n<li>wiadomo\u015bci na temat dozoru technicznego.&nbsp;<\/li>\n<\/ul>\n\n\n<div class=\"wp-block-image\">\n<figure class=\"alignright size-large is-resized\"><a href=\"https:\/\/szkolenia-udt.pl\/wp-content\/uploads\/2023\/03\/screen_2x-48.jpg\"><img loading=\"lazy\" decoding=\"async\" src=\"https:\/\/szkolenia-udt.pl\/wp-content\/uploads\/2023\/03\/screen_2x-48-1024x683.jpg\" alt=\"Zaj\u0119cia teoretyczne odno\u015bnie koparki\" class=\"wp-image-3951\" width=\"512\" height=\"342\" srcset=\"https:\/\/szkolenia-udt.pl\/wp-content\/uploads\/2023\/03\/screen_2x-48-1024x683.jpg 1024w, https:\/\/szkolenia-udt.pl\/wp-content\/uploads\/2023\/03\/screen_2x-48-300x200.jpg 300w, https:\/\/szkolenia-udt.pl\/wp-content\/uploads\/2023\/03\/screen_2x-48-768x512.jpg 768w, https:\/\/szkolenia-udt.pl\/wp-content\/uploads\/2023\/03\/screen_2x-48-1536x1024.jpg 1536w, https:\/\/szkolenia-udt.pl\/wp-content\/uploads\/2023\/03\/screen_2x-48-18x12.jpg 18w, https:\/\/szkolenia-udt.pl\/wp-content\/uploads\/2023\/03\/screen_2x-48.jpg 1600w\" sizes=\"auto, (max-width: 512px) 100vw, 512px\" \/><\/a><\/figure>\n<\/div>\n\n\n<h2 class=\"wp-block-heading\">Jak zdoby\u0107 uprawnienia na kopark\u0119\/ koparko \u2013 \u0142adowark\u0119?&nbsp;<\/h2>\n\n\n\n<p>Najwa\u017cniejsze jest zaznajomienie si\u0119 z urz\u0105dzeniem, mianowicie podczas szkolenia poznasz podstawy odno\u015bnie koparki w kwestii teoretycznej oraz praktycznej. <\/p>\n\n\n\n<p>Po uko\u0144czonym kursie przyst\u0105pisz do egzaminu przed komisj\u0105 Instytutu Mechanizacji Budownictwa i G\u00f3rnictwa Skalnego. Na egzaminie spodziewa\u0107 mo\u017cesz si\u0119 weryfikacji wiedzy teoretycznej i praktycznej. Pozytywne zako\u0144czenie egzaminu pa\u0144stwowego oznacza otrzymanie uprawnie\u0144 na koparki i koparko \u2013 \u0142adowarki oraz mo\u017cliwo\u015b\u0107 wykonywania na nich pracy.&nbsp;&nbsp;<\/p>\n\n\n\n<h3 class=\"wp-block-heading\">Najcz\u0119\u015bciej wybierani producenci koparek&nbsp;<\/h3>\n\n\n\n<ul class=\"wp-block-list\">\n<li>JCB,&nbsp;<\/li>\n\n\n\n<li>Atlas,&nbsp;<\/li>\n\n\n\n<li>Hitachi,&nbsp;<\/li>\n\n\n\n<li>Sany,&nbsp;<\/li>\n\n\n\n<li>Hyundai.&nbsp;<\/li>\n<\/ul>\n\n\n\n<h2 class=\"wp-block-heading\">Koparka \u2013 czym jest?&nbsp;&nbsp;<\/h2>\n\n\n\n<p>Jest to maszyna, kt\u00f3ra stosowana jest do rob\u00f3t ziemnych, a jej g\u0142\u00f3wnym zadaniem jest urabianie gruntu oraz przenoszenie go na pojazd transportowy, czy te\u017c na sk\u0142adowisko. Koparki u\u017cytkowane s\u0105 r\u00f3wnie\u017c w roli maszyn prze\u0142adunkowych, mianowicie maj\u0105 za zadanie unie\u015b\u0107 oraz przenie\u015b\u0107 wy\u0142\u0105cznie materia\u0142y sypkie. Wykorzystuje si\u0119 je powszechnie do wykonywania prac ziemnych budowlanych, g\u00f3rniczych czy nawet transportowych.&nbsp;<\/p>\n\n\n<div class=\"wp-block-image\">\n<figure class=\"alignright size-large is-resized\"><a href=\"https:\/\/szkolenia-udt.pl\/wp-content\/uploads\/2023\/03\/screen_2x-49.jpg\"><img loading=\"lazy\" decoding=\"async\" src=\"https:\/\/szkolenia-udt.pl\/wp-content\/uploads\/2023\/03\/screen_2x-49-1024x682.jpg\" alt=\"Koparko - \u0142adowarka w stanie spoczynku\" class=\"wp-image-3952\" width=\"512\" height=\"341\" srcset=\"https:\/\/szkolenia-udt.pl\/wp-content\/uploads\/2023\/03\/screen_2x-49-1024x682.jpg 1024w, https:\/\/szkolenia-udt.pl\/wp-content\/uploads\/2023\/03\/screen_2x-49-300x200.jpg 300w, https:\/\/szkolenia-udt.pl\/wp-content\/uploads\/2023\/03\/screen_2x-49-768x511.jpg 768w, https:\/\/szkolenia-udt.pl\/wp-content\/uploads\/2023\/03\/screen_2x-49-1536x1022.jpg 1536w, https:\/\/szkolenia-udt.pl\/wp-content\/uploads\/2023\/03\/screen_2x-49-18x12.jpg 18w, https:\/\/szkolenia-udt.pl\/wp-content\/uploads\/2023\/03\/screen_2x-49.jpg 1600w\" sizes=\"auto, (max-width: 512px) 100vw, 512px\" \/><\/a><\/figure>\n<\/div>\n\n\n<h2 class=\"wp-block-heading\">Koparko \u2013 \u0142adowarka \u2013 czym jest?&nbsp;<\/h2>\n\n\n\n<p>R\u00f3wnie\u017c jest to urz\u0105dzenie stosowane do prac ziemnych, kt\u00f3re sprawdza si\u0119 zar\u00f3wno jako koparka jak i \u0142adowarka. Konstrukcja tej maszyny oparta zosta\u0142a na budowie traktora, kt\u00f3ry posiada nap\u0119d ko\u0142owy, a rzadziej g\u0105sienicowy. Koparko \u2013 \u0142adowarka jest urz\u0105dzeniem do\u015b\u0107 mocno uniwersalnym, mianowicie zastosowana jest do wykonywania prac porz\u0105dkowych, prac komunalnych, przygotowywania teren\u00f3w budowy dr\u00f3g dla rower\u00f3w czy chodnik\u00f3w, wykonywania wykop\u00f3w melioracyjnych. Koparko \u2013 \u0142adowarka odnalaz\u0142a si\u0119 r\u00f3wnie\u017c w pracach gospodarstw rolnych.&nbsp;<\/p>\n\n\n\n<h2 class=\"wp-block-heading\">Inne prowadzone przez nas szkolenia&nbsp;<\/h2>\n\n\n\n<p>Nasz o\u015brodek szkoleniowy prowadzi tak\u017ce wiele rodzaj\u00f3w kurs\u00f3w na inne urz\u0105dzenia techniczne. U nas mo\u017cesz zdoby\u0107 wiedz\u0119 i umiej\u0119tno\u015b\u0107 obs\u0142ugi maszyn takich jak:&nbsp;<\/p>\n\n\n\n<ul class=\"wp-block-list\">\n<li>w\u00f3zki wid\u0142owe,&nbsp;<\/li>\n\n\n\n<li>\u0142adowarki teleskopowe,&nbsp;<\/li>\n\n\n\n<li>podesty ruchome,&nbsp;<\/li>\n\n\n\n<li>suwnice,&nbsp;<\/li>\n\n\n\n<li>\u017curawie HDS,&nbsp;<\/li>\n\n\n\n<li>windy przemys\u0142owe.&nbsp;<\/li>\n<\/ul>\n\n\n\n<p>Je\u015bli zainteresowa\u0142a Ci\u0119 <a href=\"https:\/\/szkolenia-udt.pl\/ru\/oferta\/\">nasza oferta<\/a> szkoleniowa na kopark\u0119, koparko \u2013 \u0142adowark\u0119, b\u0105d\u017a inne urz\u0105dzenie, <a href=\"https:\/\/szkolenia-udt.pl\/ru\/kontakt\/\">skontaktuj si\u0119 z nami<\/a> w celu om\u00f3wienia szczeg\u00f3\u0142\u00f3w oraz zapisania si\u0119 na szkolenie. <\/p>\n\n\n\n<p>Pomo\u017cemy zdoby\u0107 Ci niezb\u0119dn\u0105 wiedz\u0119 i otrzyma\u0107 uprawnienia.<\/p>\n\n\n\n<h2 class=\"wp-block-heading\">Pytania i odpowiedzi:<\/h2>\n\n\n\t\t<details\t\thelp class=\"sc_fs_faq sc_card    \"\n\t\topen\t\t>\n\t\t\t\t\t<summary>\n\t\t\t\t<h3>1. Jakich informacji dowie si\u0119 uczestnik podczas szkolenia? <\/h3>\t\t\t\t\t<\/summary>\n\t\t\t\t<div>\n\t\t\t\t\t\t<div class=\"sc_fs_faq__content\">\n\t\t\t\t\n\n<p>Uczestnik kursu dowie si\u0119 informacji odno\u015bnie: konstrukcji koparki, poprawnego u\u017cytkowania maszyny, pozna obowi\u0105zki operatora i\/lub konserwatora oraz dowie si\u0119 innych wa\u017cnych wiadomo\u015bci zwi\u0105zanych z kopark\u0105.&nbsp;<\/p>\n\n\t\t\t<\/div>\n\t\t<\/div>\n\t\t<\/details>\n\t\t\t\t<details\t\thelp class=\"sc_fs_faq sc_card    \"\n\t\t\t\t>\n\t\t\t\t\t<summary>\n\t\t\t\t<h3>2. Koparka do czego s\u0142u\u017cy? <\/h3>\t\t\t\t\t<\/summary>\n\t\t\t\t<div>\n\t\t\t\t\t\t<div class=\"sc_fs_faq__content\">\n\t\t\t\t\n\n<p>Koparka s\u0142u\u017cy do wykonywania rob\u00f3t ziemnych a do jej g\u0142\u00f3wnych zada\u0144 nale\u017cy urabianie gruntu, przenoszenie ziemi go do pojazdu transportuj\u0105cego lub transport gruntu na sk\u0142adowisko nieopodal.<\/p>\n\n\t\t\t<\/div>\n\t\t<\/div>\n\t\t<\/details>\n\t\t\n<script type=\"application\/ld+json\">\n\t{\n\t\t\"@context\": \"https:\/\/schema.org\",\n\t\t\"@type\": \"FAQPage\",\n\t\t\"mainEntity\": [\n\t\t\t\t\t{\n\t\t\t\t\"@type\": \"Question\",\n\t\t\t\t\"name\": \"1. Jakich informacji dowie si\u0119 uczestnik podczas szkolenia? \",\n\t\t\t\t\"acceptedAnswer\": {\n\t\t\t\t\t\"@type\": \"Answer\",\n\t\t\t\t\t\"text\": \"<p>Uczestnik kursu dowie si\u0119 informacji odno\u015bnie: konstrukcji koparki, poprawnego u\u017cytkowania maszyny, pozna obowi\u0105zki operatora i\/lub konserwatora oraz dowie si\u0119 innych wa\u017cnych wiadomo\u015bci zwi\u0105zanych z kopark\u0105.&nbsp;<\/p>\"\n\t\t\t\t\t\t\t\t\t}\n\t\t\t}\n\t\t\t,\t\t\t\t{\n\t\t\t\t\"@type\": \"Question\",\n\t\t\t\t\"name\": \"2. Koparka do czego s\u0142u\u017cy? \",\n\t\t\t\t\"acceptedAnswer\": {\n\t\t\t\t\t\"@type\": \"Answer\",\n\t\t\t\t\t\"text\": \"<p>Koparka s\u0142u\u017cy do wykonywania rob\u00f3t ziemnych a do jej g\u0142\u00f3wnych zada\u0144 nale\u017cy urabianie gruntu, przenoszenie ziemi go do pojazdu transportuj\u0105cego lub transport gruntu na sk\u0142adowisko nieopodal.<\/p>\"\n\t\t\t\t\t\t\t\t\t}\n\t\t\t}\n\t\t\t\t\t\t]\n\t}\n<\/script>\n","protected":false},"excerpt":{"rendered":"<p>O kursie O\u015brodek szkoleniowy OSO prowadzi szkolenia na koparki i koparko \u2013 \u0142adowarki dla konserwator\u00f3w oraz operator\u00f3w tych urz\u0105dze\u0144. Ca\u0142y kurs przeprowadzany jest przez nasz\u0105 kadr\u0119, kt\u00f3ra posiada wysokie kwalifikacje zawodowe oraz du\u017ce do\u015bwiadczenie. Wi\u0119c je\u015bli interesuje Ci\u0119 pozyskanie uprawnie\u0144 na kopark\u0119 lub koparko \u0142adowark\u0119, rozpocznij swoj\u0105 nauk\u0119 z nami i zapisz si\u0119 na nasze [&hellip;]<\/p>\n","protected":false},"author":10,"featured_media":3950,"parent":2266,"menu_order":0,"comment_status":"closed","ping_status":"closed","template":"","meta":{"footnotes":""},"class_list":["post-3947","page","type-page","status-publish","has-post-thumbnail","hentry"],"aioseo_notices":[],"_links":{"self":[{"href":"https:\/\/szkolenia-udt.pl\/ru\/wp-json\/wp\/v2\/pages\/3947","targetHints":{"allow":["GET"]}}],"collection":[{"href":"https:\/\/szkolenia-udt.pl\/ru\/wp-json\/wp\/v2\/pages"}],"about":[{"href":"https:\/\/szkolenia-udt.pl\/ru\/wp-json\/wp\/v2\/types\/page"}],"author":[{"embeddable":true,"href":"https:\/\/szkolenia-udt.pl\/ru\/wp-json\/wp\/v2\/users\/10"}],"replies":[{"embeddable":true,"href":"https:\/\/szkolenia-udt.pl\/ru\/wp-json\/wp\/v2\/comments?post=3947"}],"version-history":[{"count":7,"href":"https:\/\/szkolenia-udt.pl\/ru\/wp-json\/wp\/v2\/pages\/3947\/revisions"}],"predecessor-version":[{"id":4294,"href":"https:\/\/szkolenia-udt.pl\/ru\/wp-json\/wp\/v2\/pages\/3947\/revisions\/4294"}],"up":[{"embeddable":true,"href":"https:\/\/szkolenia-udt.pl\/ru\/wp-json\/wp\/v2\/pages\/2266"}],"wp:featuredmedia":[{"embeddable":true,"href":"https:\/\/szkolenia-udt.pl\/ru\/wp-json\/wp\/v2\/media\/3950"}],"wp:attachment":[{"href":"https:\/\/szkolenia-udt.pl\/ru\/wp-json\/wp\/v2\/media?parent=3947"}],"curies":[{"name":"wp","href":"https:\/\/api.w.org\/{rel}","templated":true}]}}