{"id":3955,"date":"2023-03-08T16:44:52","date_gmt":"2023-03-08T15:44:52","guid":{"rendered":"https:\/\/szkolenia-udt.pl\/?page_id=3955"},"modified":"2023-03-16T15:21:41","modified_gmt":"2023-03-16T14:21:41","slug":"%d0%b8%d0%bd%d1%81%d0%bf%d0%b5%d0%ba%d1%86%d0%b8%d0%b8-%d0%b8-%d0%bf%d1%80%d0%be%d0%b2%d0%b5%d1%80%d0%ba%d0%b8-%d0%bf%d0%be%d0%b4%d0%b2%d0%b5%d1%81%d0%be%d0%ba","status":"publish","type":"page","link":"https:\/\/szkolenia-udt.pl\/ru\/zakres-uslug\/serwis-naprawa\/przeglady-i-kontrole-zawiesi\/","title":{"rendered":"\u041e\u0431\u0441\u043b\u0443\u0436\u0438\u0432\u0430\u043d\u0438\u0435 \u0438 \u043f\u0440\u043e\u0432\u0435\u0440\u043a\u0430 \u0441\u0442\u0440\u043e\u043f"},"content":{"rendered":"<div class=\"wp-block-image\">\n<figure class=\"alignright size-large is-resized\"><a href=\"https:\/\/szkolenia-udt.pl\/wp-content\/uploads\/2023\/03\/s2-34.jpg\"><img loading=\"lazy\" decoding=\"async\" src=\"https:\/\/szkolenia-udt.pl\/wp-content\/uploads\/2023\/03\/s2-34-1024x683.jpg\" alt=\"Hak d\u017awigu\" class=\"wp-image-3970\" width=\"512\" height=\"342\" srcset=\"https:\/\/szkolenia-udt.pl\/wp-content\/uploads\/2023\/03\/s2-34-1024x683.jpg 1024w, https:\/\/szkolenia-udt.pl\/wp-content\/uploads\/2023\/03\/s2-34-300x200.jpg 300w, https:\/\/szkolenia-udt.pl\/wp-content\/uploads\/2023\/03\/s2-34-768x512.jpg 768w, https:\/\/szkolenia-udt.pl\/wp-content\/uploads\/2023\/03\/s2-34-1536x1024.jpg 1536w, https:\/\/szkolenia-udt.pl\/wp-content\/uploads\/2023\/03\/s2-34-18x12.jpg 18w, https:\/\/szkolenia-udt.pl\/wp-content\/uploads\/2023\/03\/s2-34.jpg 1600w\" sizes=\"auto, (max-width: 512px) 100vw, 512px\" \/><\/a><\/figure>\n<\/div>\n\n\n<h2 class=\"wp-block-heading\">Czym s\u0105 zawiesia?<\/h2>\n\n\n\n<p>Zawiesia to elementy wyposa\u017cenia m.in. d\u017awig\u00f3w, \u017curawi oraz suwnic. S\u0142u\u017c\u0105 do zaczepiania \u0142adunk\u00f3w i przenoszenia ich w inne miejsce. S\u0105 wi\u0119c niezb\u0119dne do wykonywania r\u00f3\u017cnych prac budowlanych oraz naprawczych. Bez nich, przenoszenie ci\u0119\u017ckich obiekt\u00f3w nie by\u0142oby mo\u017cliwe. Jednak r\u00f3wnie\u017c z tego wzgl\u0119du, cz\u0119sto ulegaj\u0105 uszkodzeniom oraz awariom, kt\u00f3re nierzadko prowadz\u0105 do niebezpiecznych wypadk\u00f3w zagra\u017caj\u0105cych zdrowiu i \u017cyciu pracownik\u00f3w. <\/p>\n\n\n\n<p>Warto wi\u0119c przeprowadza\u0107 kontrole oraz przegl\u0105dy sprz\u0119tu r\u00f3wnie\u017c z tego wzgl\u0119du, \u017ce jest to wymagane prawnie.&nbsp;<\/p>\n\n\n\n<h2 class=\"wp-block-heading\">Jak cz\u0119sto przeprowadza\u0107 przegl\u0105dy i kontrole zawiesi?&nbsp;<\/h2>\n\n\n\n<p>Za ka\u017cdym razem podczas pracy, zawiesia poddawane s\u0105 ogromnym obci\u0105\u017ceniom. Ulegaj\u0105 przetarciom, p\u0119kni\u0119ciom, odbarwieniom oraz odkszta\u0142ceniom. W\u0142a\u015bnie dlatego, obowi\u0105zkowe jest przeprowadzanie przegl\u0105d\u00f3w i kontroli tych element\u00f3w. <\/p>\n\n\n\n<p>Wed\u0142ug Deklaracji zgodno\u015bci Unii Europejskiej, przegl\u0105d kontrolny powinien by\u0107 przeprowadzany ka\u017cdorazowo zanim sprz\u0119t zostanie dopuszczony do u\u017cycia. Przegl\u0105d okresowy natomiast, musi by\u0107 przeprowadzany nie rzadziej ni\u017c raz w roku przez osoby do tego uprawnione. &nbsp;<\/p>\n\n\n<div class=\"wp-block-image\">\n<figure class=\"alignright size-large is-resized\"><a href=\"https:\/\/szkolenia-udt.pl\/wp-content\/uploads\/2023\/03\/screen_2x-51.jpg\"><img loading=\"lazy\" decoding=\"async\" src=\"https:\/\/szkolenia-udt.pl\/wp-content\/uploads\/2023\/03\/screen_2x-51-1024x1024.jpg\" alt=\"zawiesie d\u017awigu\" class=\"wp-image-3972\" width=\"512\" height=\"512\" srcset=\"https:\/\/szkolenia-udt.pl\/wp-content\/uploads\/2023\/03\/screen_2x-51-1024x1024.jpg 1024w, https:\/\/szkolenia-udt.pl\/wp-content\/uploads\/2023\/03\/screen_2x-51-300x300.jpg 300w, https:\/\/szkolenia-udt.pl\/wp-content\/uploads\/2023\/03\/screen_2x-51-150x150.jpg 150w, https:\/\/szkolenia-udt.pl\/wp-content\/uploads\/2023\/03\/screen_2x-51-768x768.jpg 768w, https:\/\/szkolenia-udt.pl\/wp-content\/uploads\/2023\/03\/screen_2x-51-1536x1536.jpg 1536w, https:\/\/szkolenia-udt.pl\/wp-content\/uploads\/2023\/03\/screen_2x-51-12x12.jpg 12w, https:\/\/szkolenia-udt.pl\/wp-content\/uploads\/2023\/03\/screen_2x-51.jpg 1600w\" sizes=\"auto, (max-width: 512px) 100vw, 512px\" \/><\/a><\/figure>\n<\/div>\n\n\n<h2 class=\"wp-block-heading\">Kto przeprowadza przegl\u0105dy i kontrole okresowe?&nbsp;<\/h2>\n\n\n\n<p>Przegl\u0105dy i kontrole zawiesi mog\u0105 by\u0107 wykonywane wy\u0142\u0105cznie przez wykwalifikowane osoby posiadaj\u0105ce odpowiednie uprawnienia. W zwi\u0105zku z tym, nasza firma zatrudnia fachowc\u00f3w, kt\u00f3rzy:&nbsp;<\/p>\n\n\n\n<ul class=\"wp-block-list\">\n<li>posiadaj\u0105 do\u015bwiadczenie w zakresie przeprowadzania przegl\u0105d\u00f3w i kontroli zawiesi oraz innych element\u00f3w,&nbsp;<\/li>\n\n\n\n<li>posiadaj\u0105 wiedz\u0119 na temat norm i przepis\u00f3w prawnych,&nbsp;<\/li>\n\n\n\n<li>uko\u0144czyli kurs konserwacji zawiesi, zatwierdzony przez Urz\u0105d Dozoru Technicznego,&nbsp;<\/li>\n\n\n\n<li>wsp\u00f3\u0142pracuj\u0105 z Urz\u0119dem Dozoru Technicznego.&nbsp;<\/li>\n<\/ul>\n\n\n\n<p>Korzystaj\u0105c z <a href=\"https:\/\/szkolenia-udt.pl\/ru\/oferta\/\">naszych us\u0142ug<\/a>, maj\u0105 Pa\u0144stwo pewno\u015b\u0107, \u017ce kontrola zawiesi zostanie przeprowadzona w spos\u00f3b rzetelny i profesjonalny, co gwarantuj\u0105 nasi do\u015bwiadczeni fachowcy.&nbsp;<\/p>\n\n\n\n<h2 class=\"wp-block-heading\">Przegl\u0105d i kontrola zawiesi \u2013 jak wygl\u0105da?&nbsp;<\/h2>\n\n\n\n<p>Na pocz\u0105tku, przy pomocy specjalnego urz\u0105dzenia, sprawdza si\u0119 kondycj\u0119 ogniwa zawiesi. Je\u015bli jest ono zbyt wyci\u0105gni\u0119te lub starte, nale\u017cy wymieni\u0107 t\u0119 cz\u0119\u015b\u0107 tak, aby nie dopu\u015bci\u0107 do p\u0119kni\u0119cia \u0142a\u0144cucha. Nast\u0119pnie, za pomoc\u0105 specjalnej substancji oraz lampy UV, sprawdza si\u0119 \u0142a\u0144cuchy pod k\u0105tem wyst\u0119powania mikrop\u0119kni\u0119\u0107. Kiedy elementy tego wymagaj\u0105, wymieniane s\u0105 poszczeg\u00f3lne cz\u0119\u015bci zawiesi, a tak\u017ce wyrabiana jest specjalna tabliczka informuj\u0105ca o numerze identyfikacyjnym oraz ud\u017awigu.&nbsp;<\/p>\n\n\n<div class=\"wp-block-image\">\n<figure class=\"alignright size-full\"><a href=\"https:\/\/szkolenia-udt.pl\/wp-content\/uploads\/2023\/03\/canva-MAFFbU58few.jpg\"><img loading=\"lazy\" decoding=\"async\" width=\"550\" height=\"369\" src=\"https:\/\/szkolenia-udt.pl\/wp-content\/uploads\/2023\/03\/canva-MAFFbU58few.jpg\" alt=\"kontrola zawiesi\" class=\"wp-image-3977\" srcset=\"https:\/\/szkolenia-udt.pl\/wp-content\/uploads\/2023\/03\/canva-MAFFbU58few.jpg 550w, https:\/\/szkolenia-udt.pl\/wp-content\/uploads\/2023\/03\/canva-MAFFbU58few-300x201.jpg 300w, https:\/\/szkolenia-udt.pl\/wp-content\/uploads\/2023\/03\/canva-MAFFbU58few-18x12.jpg 18w\" sizes=\"auto, (max-width: 550px) 100vw, 550px\" \/><\/a><\/figure>\n<\/div>\n\n\n<h2 class=\"wp-block-heading\">Nasza oferta&nbsp;<\/h2>\n\n\n\n<p>Chc\u0105c zapewni\u0107 najwy\u017csz\u0105 jako\u015b\u0107 wykonywanych us\u0142ug, stworzyli\u015bmy dla Pa\u0144stwa ofert\u0119, kt\u00f3ra zawiera najwa\u017cniejsze elementy przegl\u0105du i kontroli zawiesi. Oferujemy:&nbsp;<\/p>\n\n\n\n<ul class=\"wp-block-list\">\n<li>ocen\u0119 stanu technicznego r\u00f3\u017cnego rodzaju zawiesi (linowych, \u0142a\u0144cuchowych, pasowych i innych),&nbsp;<\/li>\n\n\n\n<li>pr\u00f3by wytrzyma\u0142o\u015bciowe,&nbsp;<\/li>\n\n\n\n<li>zanotowanie wyniku kontroli,&nbsp;<\/li>\n\n\n\n<li>oznaczenie zawiesi tabliczk\u0105 z informacj\u0105 o numerze certyfikatu oraz ud\u017awigu,&nbsp;<\/li>\n\n\n\n<li>w razie wymiany kt\u00f3rego\u015b z element\u00f3w zawiesi, ponowne wystawienie certyfikatu.&nbsp;<\/li>\n<\/ul>\n\n\n\n<h2 class=\"wp-block-heading\">Oferujemy r\u00f3wnie\u017c:&nbsp;<\/h2>\n\n\n\n<ul class=\"wp-block-list\">\n<li>serwis stacjonarny i mobilny podest\u00f3w ruchomych (podno\u015bnik\u00f3w koszowych i no\u017cycowych), w\u00f3zk\u00f3w wid\u0142owych, \u017curawi HDS, suwnic, \u0142adowarek teleskopowych,&nbsp;<\/li>\n\n\n\n<li>konserwacj\u0119 i modernizacj\u0119,&nbsp;<\/li>\n\n\n\n<li>audyt,&nbsp;<\/li>\n\n\n\n<li>przegl\u0105dy,&nbsp;<\/li>\n\n\n\n<li>sprzeda\u017c nowych i u\u017cywanych urz\u0105dze\u0144,&nbsp;<\/li>\n\n\n\n<li>mo\u017cliwo\u015b\u0107 wypo\u017cyczenia urz\u0105dze\u0144 zast\u0119pczych (w\u00f3zk\u00f3w wid\u0142owych oraz podno\u015bnik\u00f3w no\u017cycowych),&nbsp;<\/li>\n\n\n\n<li>sprawdzenie maszyny przed jej zakupem.&nbsp;<\/li>\n<\/ul>\n\n\n\n<p>Poza tym, prowadzimy kursy na konserwatora i operatora takich maszyn jak m.in. podno\u015bniki koszowe i no\u017cycowe, w\u00f3zki wid\u0142owe, suwnice, \u0142adowarki teleskopowe oraz d\u017awigi i \u017curawie wie\u017cowe.&nbsp;<\/p>\n\n\n\n<p>Je\u015bli chcieliby Pa\u0144stwo skorzysta\u0107 z naszych us\u0142ug lub mieli jakie\u015b pytania, serdecznie zapraszamy do kontaktu.&nbsp;<\/p>\n\n\n\n<h2 class=\"wp-block-heading\">Pytania i odpowiedzi:<\/h2>\n\n\n\t\t<details\t\thelp class=\"sc_fs_faq sc_card    \"\n\t\topen\t\t>\n\t\t\t\t\t<summary>\n\t\t\t\t<h3>1. Jak cz\u0119sto nale\u017cy przeprowadza\u0107 kontrole zawiesi? <\/h3>\t\t\t\t\t<\/summary>\n\t\t\t\t<div>\n\t\t\t\t\t\t<div class=\"sc_fs_faq__content\">\n\t\t\t\t\n\n<p>Kontrole zawiesi musz\u0105 by\u0107 przeprowadzane za ka\u017cdym razem przed ich u\u017cyciem oraz minimum raz w roku przez osob\u0119 do tego upowa\u017cnion\u0105.<\/p>\n\n\t\t\t<\/div>\n\t\t<\/div>\n\t\t<\/details>\n\t\t\t\t<details\t\thelp class=\"sc_fs_faq sc_card    \"\n\t\t\t\t>\n\t\t\t\t\t<summary>\n\t\t\t\t<h3>2. Na czym polega kontrola zawiesi? <\/h3>\t\t\t\t\t<\/summary>\n\t\t\t\t<div>\n\t\t\t\t\t\t<div class=\"sc_fs_faq__content\">\n\t\t\t\t\n\n<p>Przegl\u0105dy i kontrole zawiesi maj\u0105 na celu sprawdzenie czy nie dosz\u0142o do uszkodzenia kt\u00f3rego\u015b z ich element\u00f3w. Zwraca si\u0119 uwag\u0119 na mikrop\u0119kni\u0119cia oraz drobne uszczerbki \u0142a\u0144cucha, aby nie dopu\u015bci\u0107 do niebezpiecznej sytuacji lub gro\u017anego wypadku.&nbsp;<\/p>\n\n\t\t\t<\/div>\n\t\t<\/div>\n\t\t<\/details>\n\t\t\t\t<details\t\thelp class=\"sc_fs_faq sc_card    \"\n\t\t\t\t>\n\t\t\t\t\t<summary>\n\t\t\t\t<h3>3. Kto mo\u017ce przeprowadza\u0107 kontrol\u0119 zawiesi? <\/h3>\t\t\t\t\t<\/summary>\n\t\t\t\t<div>\n\t\t\t\t\t\t<div class=\"sc_fs_faq__content\">\n\t\t\t\t\n\n<p>Przegl\u0105dy i kontrole zawiesi prowadzone s\u0105 przez wykwalifikowanych fachowc\u00f3w posiadaj\u0105cych konkretne umiej\u0119tno\u015bci. Takie osoby, powinny zna\u0107 r\u00f3wnie\u017c normy i przepisy prawne.&nbsp;<\/p>\n\n\t\t\t<\/div>\n\t\t<\/div>\n\t\t<\/details>\n\t\t\n<script type=\"application\/ld+json\">\n\t{\n\t\t\"@context\": \"https:\/\/schema.org\",\n\t\t\"@type\": \"FAQPage\",\n\t\t\"mainEntity\": [\n\t\t\t\t\t{\n\t\t\t\t\"@type\": \"Question\",\n\t\t\t\t\"name\": \"1. Jak cz\u0119sto nale\u017cy przeprowadza\u0107 kontrole zawiesi? \",\n\t\t\t\t\"acceptedAnswer\": {\n\t\t\t\t\t\"@type\": \"Answer\",\n\t\t\t\t\t\"text\": \"<p>Kontrole zawiesi musz\u0105 by\u0107 przeprowadzane za ka\u017cdym razem przed ich u\u017cyciem oraz minimum raz w roku przez osob\u0119 do tego upowa\u017cnion\u0105.<\/p>\"\n\t\t\t\t\t\t\t\t\t}\n\t\t\t}\n\t\t\t,\t\t\t\t{\n\t\t\t\t\"@type\": \"Question\",\n\t\t\t\t\"name\": \"2. Na czym polega kontrola zawiesi? \",\n\t\t\t\t\"acceptedAnswer\": {\n\t\t\t\t\t\"@type\": \"Answer\",\n\t\t\t\t\t\"text\": \"<p>Przegl\u0105dy i kontrole zawiesi maj\u0105 na celu sprawdzenie czy nie dosz\u0142o do uszkodzenia kt\u00f3rego\u015b z ich element\u00f3w. Zwraca si\u0119 uwag\u0119 na mikrop\u0119kni\u0119cia oraz drobne uszczerbki \u0142a\u0144cucha, aby nie dopu\u015bci\u0107 do niebezpiecznej sytuacji lub gro\u017anego wypadku.&nbsp;<\/p>\"\n\t\t\t\t\t\t\t\t\t}\n\t\t\t}\n\t\t\t,\t\t\t\t{\n\t\t\t\t\"@type\": \"Question\",\n\t\t\t\t\"name\": \"3. Kto mo\u017ce przeprowadza\u0107 kontrol\u0119 zawiesi? \",\n\t\t\t\t\"acceptedAnswer\": {\n\t\t\t\t\t\"@type\": \"Answer\",\n\t\t\t\t\t\"text\": \"<p>Przegl\u0105dy i kontrole zawiesi prowadzone s\u0105 przez wykwalifikowanych fachowc\u00f3w posiadaj\u0105cych konkretne umiej\u0119tno\u015bci. Takie osoby, powinny zna\u0107 r\u00f3wnie\u017c normy i przepisy prawne.&nbsp;<\/p>\"\n\t\t\t\t\t\t\t\t\t}\n\t\t\t}\n\t\t\t\t\t\t]\n\t}\n<\/script>\n","protected":false},"excerpt":{"rendered":"<p>Czym s\u0105 zawiesia? Zawiesia to elementy wyposa\u017cenia m.in. d\u017awig\u00f3w, \u017curawi oraz suwnic. S\u0142u\u017c\u0105 do zaczepiania \u0142adunk\u00f3w i przenoszenia ich w inne miejsce. S\u0105 wi\u0119c niezb\u0119dne do wykonywania r\u00f3\u017cnych prac budowlanych oraz naprawczych. Bez nich, przenoszenie ci\u0119\u017ckich obiekt\u00f3w nie by\u0142oby mo\u017cliwe. Jednak r\u00f3wnie\u017c z tego wzgl\u0119du, cz\u0119sto ulegaj\u0105 uszkodzeniom oraz awariom, kt\u00f3re nierzadko prowadz\u0105 do niebezpiecznych [&hellip;]<\/p>\n","protected":false},"author":10,"featured_media":3970,"parent":4354,"menu_order":0,"comment_status":"closed","ping_status":"closed","template":"","meta":{"footnotes":""},"class_list":["post-3955","page","type-page","status-publish","has-post-thumbnail","hentry"],"aioseo_notices":[],"_links":{"self":[{"href":"https:\/\/szkolenia-udt.pl\/ru\/wp-json\/wp\/v2\/pages\/3955","targetHints":{"allow":["GET"]}}],"collection":[{"href":"https:\/\/szkolenia-udt.pl\/ru\/wp-json\/wp\/v2\/pages"}],"about":[{"href":"https:\/\/szkolenia-udt.pl\/ru\/wp-json\/wp\/v2\/types\/page"}],"author":[{"embeddable":true,"href":"https:\/\/szkolenia-udt.pl\/ru\/wp-json\/wp\/v2\/users\/10"}],"replies":[{"embeddable":true,"href":"https:\/\/szkolenia-udt.pl\/ru\/wp-json\/wp\/v2\/comments?post=3955"}],"version-history":[{"count":11,"href":"https:\/\/szkolenia-udt.pl\/ru\/wp-json\/wp\/v2\/pages\/3955\/revisions"}],"predecessor-version":[{"id":4295,"href":"https:\/\/szkolenia-udt.pl\/ru\/wp-json\/wp\/v2\/pages\/3955\/revisions\/4295"}],"up":[{"embeddable":true,"href":"https:\/\/szkolenia-udt.pl\/ru\/wp-json\/wp\/v2\/pages\/4354"}],"wp:featuredmedia":[{"embeddable":true,"href":"https:\/\/szkolenia-udt.pl\/ru\/wp-json\/wp\/v2\/media\/3970"}],"wp:attachment":[{"href":"https:\/\/szkolenia-udt.pl\/ru\/wp-json\/wp\/v2\/media?parent=3955"}],"curies":[{"name":"wp","href":"https:\/\/api.w.org\/{rel}","templated":true}]}}