{"id":3967,"date":"2023-03-08T16:53:29","date_gmt":"2023-03-08T15:53:29","guid":{"rendered":"https:\/\/szkolenia-udt.pl\/?page_id=3967"},"modified":"2023-03-10T14:02:27","modified_gmt":"2023-03-10T13:02:27","slug":"%d0%ba%d0%be%d0%bd%d1%81%d0%b5%d1%80%d0%b2%d0%b0%d1%82%d0%be%d1%80-%d0%bf%d0%b5%d1%80%d1%81%d0%be%d0%bd%d0%b0%d0%bb%d1%8c%d0%bd%d1%8b%d0%b9-%d0%b2%d0%b5%d1%80%d1%91%d0%b2%d0%ba%d0%b0-%d0%b6%d0%b5","status":"publish","type":"page","link":"https:\/\/szkolenia-udt.pl\/ru\/kursy\/uprawnienia-udt-tdt-wdt\/konserwator-osobowych-kolei-linowo-terenowych\/","title":{"rendered":"\u0421\u0442\u0430\u0442\u044c \u0442\u0435\u0445\u043d\u0438\u043a\u043e\u043c \u043f\u043e \u043e\u0431\u0441\u043b\u0443\u0436\u0438\u0432\u0430\u043d\u0438\u044e \u043f\u043e\u0434\u044a\u0435\u043c\u043d\u043e-\u0442\u0440\u0430\u043d\u0441\u043f\u043e\u0440\u0442\u043d\u043e\u0433\u043e \u043e\u0431\u043e\u0440\u0443\u0434\u043e\u0432\u0430\u043d\u0438\u044f, \u0432\u043a\u043b\u044e\u0447\u0430\u044f \u043f\u0430\u0441\u0441\u0430\u0436\u0438\u0440\u0441\u043a\u0438\u0435 \u043a\u0430\u043d\u0430\u0442\u043d\u044b\u0435 \u0434\u043e\u0440\u043e\u0433\u0438"},"content":{"rendered":"<div class=\"wp-block-image\">\n<figure class=\"alignright size-large is-resized\"><a href=\"https:\/\/szkolenia-udt.pl\/wp-content\/uploads\/2023\/03\/screen_2x-59.jpg\"><img loading=\"lazy\" decoding=\"async\" src=\"https:\/\/szkolenia-udt.pl\/wp-content\/uploads\/2023\/03\/screen_2x-59-1024x768.jpg\" alt=\"Osobowa kolej linowo - terenowa z ko\u0142ami dwuobrze\u017cowymi\" class=\"wp-image-4024\" width=\"512\" height=\"384\" srcset=\"https:\/\/szkolenia-udt.pl\/wp-content\/uploads\/2023\/03\/screen_2x-59-1024x768.jpg 1024w, https:\/\/szkolenia-udt.pl\/wp-content\/uploads\/2023\/03\/screen_2x-59-300x225.jpg 300w, https:\/\/szkolenia-udt.pl\/wp-content\/uploads\/2023\/03\/screen_2x-59-768x576.jpg 768w, https:\/\/szkolenia-udt.pl\/wp-content\/uploads\/2023\/03\/screen_2x-59-1536x1152.jpg 1536w, https:\/\/szkolenia-udt.pl\/wp-content\/uploads\/2023\/03\/screen_2x-59-16x12.jpg 16w, https:\/\/szkolenia-udt.pl\/wp-content\/uploads\/2023\/03\/screen_2x-59-135x100.jpg 135w, https:\/\/szkolenia-udt.pl\/wp-content\/uploads\/2023\/03\/screen_2x-59.jpg 1600w\" sizes=\"auto, (max-width: 512px) 100vw, 512px\" \/><\/a><\/figure>\n<\/div>\n\n\n<h2 class=\"wp-block-heading\">O nas<\/h2>\n\n\n\n<p>OSO to <a href=\"https:\/\/szkolenia-udt.pl\/ru\/o-firmie\/\">o\u015brodek<\/a> szkoleniowy dzia\u0142aj\u0105cy w bran\u017cy od ponad 15 lat w ca\u0142ej Polsce. Naszym kursantom zapewniamy:&nbsp;<\/p>\n\n\n\n<ul class=\"wp-block-list\">\n<li>profesjonalne przygotowanie teoretyczne i praktyczne do egzaminu UDT, TDT lub IMBiGS;&nbsp;<\/li>\n\n\n\n<li>przygotowanie do wykonywania zawodu operatora lub konserwatora urz\u0105dze\u0144;&nbsp;<\/li>\n\n\n\n<li>do\u015bwiadczon\u0105 kadr\u0119 instruktor\u00f3w;&nbsp;<\/li>\n\n\n\n<li>programy szkole\u0144 (na bie\u017c\u0105co aktualizowane i zgodne z wymogami prawnymi);&nbsp;<\/li>\n\n\n\n<li>pakiet materia\u0142\u00f3w szkoleniowych do nauki;&nbsp;<\/li>\n\n\n\n<li>atrakcyjne ceny kurs\u00f3w;&nbsp;<\/li>\n\n\n\n<li>szkolenia otwarte i zamkni\u0119te;&nbsp;<\/li>\n\n\n\n<li>wsparcie w wype\u0142nieniu dokumentacji zwi\u0105zanej z zapisem na egzamin;&nbsp;<\/li>\n\n\n\n<li>dwuj\u0119zyczny certyfikat uko\u0144czenia szkolenia.&nbsp;<\/li>\n<\/ul>\n\n\n\n<h2 class=\"wp-block-heading\">Zadania konserwatora<\/h2>\n\n\n\n<p>Po zdobyciu uprawnie\u0144 UDT konserwator wykonuje niniejsze obowi\u0105zki:&nbsp;<\/p>\n\n\n\n<ul class=\"wp-block-list\">\n<li>przeprowadzanie przegl\u0105d\u00f3w wst\u0119pnych, czyli dopuszczaj\u0105cych do u\u017cytku;&nbsp;<\/li>\n\n\n\n<li>przeprowadzanie przegl\u0105d\u00f3w okresowych, czyli terminowych bada\u0144 technicznych;&nbsp;<\/li>\n\n\n\n<li>usuwanie usterek i awarii;&nbsp;<\/li>\n\n\n\n<li>wymiana cz\u0119\u015bci i p\u0142yn\u00f3w;&nbsp;<\/li>\n\n\n\n<li>dbanie o stan techniczny urz\u0105dze\u0144;&nbsp;<\/li>\n\n\n\n<li>prowadzenie dokumentacji technicznej.&nbsp;<\/li>\n<\/ul>\n\n\n<div class=\"wp-block-image\">\n<figure class=\"alignright size-full is-resized\"><a href=\"https:\/\/szkolenia-udt.pl\/wp-content\/uploads\/2023\/03\/kolejka.jpg\"><img loading=\"lazy\" decoding=\"async\" src=\"https:\/\/szkolenia-udt.pl\/wp-content\/uploads\/2023\/03\/kolejka.jpg\" alt=\"Kolej linowo-terenowa &quot;\u017bar&quot;\" class=\"wp-image-4023\" width=\"400\" height=\"300\" srcset=\"https:\/\/szkolenia-udt.pl\/wp-content\/uploads\/2023\/03\/kolejka.jpg 800w, https:\/\/szkolenia-udt.pl\/wp-content\/uploads\/2023\/03\/kolejka-300x225.jpg 300w, https:\/\/szkolenia-udt.pl\/wp-content\/uploads\/2023\/03\/kolejka-768x576.jpg 768w, https:\/\/szkolenia-udt.pl\/wp-content\/uploads\/2023\/03\/kolejka-16x12.jpg 16w, https:\/\/szkolenia-udt.pl\/wp-content\/uploads\/2023\/03\/kolejka-135x100.jpg 135w\" sizes=\"auto, (max-width: 400px) 100vw, 400px\" \/><\/a><\/figure>\n<\/div>\n\n\n<h2 class=\"wp-block-heading\"><strong>S<\/strong>zkolenia na konserwatora UTB&nbsp;<\/h2>\n\n\n\n<p>Szkolenie zaczyna szereg wyk\u0142ad\u00f3w, gdzie prowadz\u0105cy podziel\u0105 si\u0119 swoimi do\u015bwiadczeniami i zapoznaj\u0105 kursant\u00f3w m.in. z:&nbsp;<\/p>\n\n\n\n<ul class=\"wp-block-list\">\n<li>zasadami bezpiecze\u0144stwa i higieny pracy;&nbsp;<\/li>\n\n\n\n<li>wymogami prawnymi dot. urz\u0105dze\u0144 i zawodu konserwatora;&nbsp;<\/li>\n\n\n\n<li>budow\u0105 urz\u0105dze\u0144;&nbsp;<\/li>\n\n\n\n<li>zasadami przeprowadzania przegl\u0105d\u00f3w i napraw;&nbsp;<\/li>\n\n\n\n<li>typami usterek i sposobami im zapobiegania;&nbsp;<\/li>\n\n\n\n<li>cz\u0119\u015bciami: elektryczn\u0105, hydrauliczn\u0105 i mechaniczn\u0105;&nbsp;<\/li>\n\n\n\n<li>sposobami na wyd\u0142u\u017cenie \u017cywotno\u015bci urz\u0105dze\u0144.&nbsp;<\/li>\n<\/ul>\n\n\n\n<p>Po cz\u0119\u015bci teoretycznej przechodzimy do cz\u0119\u015bci praktycznej. Pod okiem instruktor\u00f3w kursanci ucz\u0105 si\u0119 pracy bezpo\u015brednio na urz\u0105dzeniach.&nbsp;&nbsp;<\/p>\n\n\n\n<p>Po kursie uczestnik zdaje egzamin UDT. Sk\u0142ada si\u0119 on z cz\u0119\u015bci teoretycznej i praktycznej zaliczanej przed komisj\u0105 UDT.&nbsp;<\/p>\n\n\n\n<p>Zaliczenie egzaminu upowa\u017cni kursanta do otrzymania za\u015bwiadczenia uprawniaj\u0105cego do wykonywania zawodu konserwatora UDT urz\u0105dze\u0144 transportu bliskiego. Uprawnienia wa\u017cne s\u0105 przez 5 lat.&nbsp;&nbsp;<\/p>\n\n\n\n<p>Ze swojej strony zapewniamy certyfikat uko\u0144czenia szkolenia w j\u0119zyku polskim i angielskim.&nbsp;<\/p>\n\n\n<div class=\"wp-block-image\">\n<figure class=\"alignright size-large is-resized\"><a href=\"https:\/\/szkolenia-udt.pl\/wp-content\/uploads\/2023\/03\/screen_2x-60.jpg\"><img loading=\"lazy\" decoding=\"async\" src=\"https:\/\/szkolenia-udt.pl\/wp-content\/uploads\/2023\/03\/screen_2x-60-1024x1024.jpg\" alt=\"Osobowe koleje linowo-terenowe\" class=\"wp-image-4025\" width=\"512\" height=\"512\" srcset=\"https:\/\/szkolenia-udt.pl\/wp-content\/uploads\/2023\/03\/screen_2x-60-1024x1024.jpg 1024w, https:\/\/szkolenia-udt.pl\/wp-content\/uploads\/2023\/03\/screen_2x-60-300x300.jpg 300w, https:\/\/szkolenia-udt.pl\/wp-content\/uploads\/2023\/03\/screen_2x-60-150x150.jpg 150w, https:\/\/szkolenia-udt.pl\/wp-content\/uploads\/2023\/03\/screen_2x-60-768x768.jpg 768w, https:\/\/szkolenia-udt.pl\/wp-content\/uploads\/2023\/03\/screen_2x-60-1536x1536.jpg 1536w, https:\/\/szkolenia-udt.pl\/wp-content\/uploads\/2023\/03\/screen_2x-60-12x12.jpg 12w, https:\/\/szkolenia-udt.pl\/wp-content\/uploads\/2023\/03\/screen_2x-60.jpg 1600w\" sizes=\"auto, (max-width: 512px) 100vw, 512px\" \/><\/a><\/figure>\n<\/div>\n\n\n<h2 class=\"wp-block-heading\">Osobowe koleje linowo \u2013terenowe<\/h2>\n\n\n\n<p>Kolej linowo \u2013 terenowa to zarazem kolej szynowa, jak i linowa. Ruch pojazdu w takiej kolei wywo\u0142ywany jest przez lin\u0119 nap\u0119dow\u0105 wzd\u0142u\u017c toru u\u0142o\u017conego na ziemi lub na trwa\u0142ej konstrukcji.&nbsp;<\/p>\n\n\n\n<p>Stosowane s\u0105 najcz\u0119\u015bciej w terenach g\u00f3rskich i w komunikacji miejskiej.&nbsp;&nbsp;<\/p>\n\n\n\n<p>Ich dzia\u0142anie polega na tym, \u017ce dwa wagony poruszaj\u0105 si\u0119 po pochy\u0142ym torze. Ich nap\u0119d tworzy lina nap\u0119dowa, \u0142\u0105cz\u0105ca wagony. (Ka\u017cdy wagon mo\u017ce posiada\u0107 oddzieln\u0105 lin\u0119).&nbsp;<\/p>\n\n\n\n<h3 class=\"wp-block-heading\">Koleje linowo \u2013 terenowe dzielimy na:&nbsp;<\/h3>\n\n\n\n<ul class=\"wp-block-list\">\n<li>te, kt\u00f3re posiadaj\u0105 jeden tor z tzw. mijank\u0105&nbsp;<\/li>\n<\/ul>\n\n\n\n<p>Wagony poruszaj\u0105ce si\u0119 po torach z mijank\u0105 wyposa\u017cone s\u0105 w ko\u0142a o specjalnej budowie. Te poruszaj\u0105ce si\u0119 po prawej, od kierunku jazdy, szynie s\u0105 dwuobrze\u017cowe, poniewa\u017c obejmuj\u0105 szyn\u0119. Ko\u0142a po lewej s\u0105 szerokie i bez obrze\u017cy, co zapobiega kolizjom z lin\u0105 nap\u0119dow\u0105 zapewniaj\u0105c\u0105 podparcie i stabilizacj\u0119 wagonika.&nbsp;<\/p>\n\n\n\n<ul class=\"wp-block-list\">\n<li>te, kt\u00f3re posiadaj\u0105 dwa niezale\u017cne, r\u00f3wnoleg\u0142e tory&nbsp;<\/li>\n<\/ul>\n\n\n\n<p>Ko\u0142a tych wagon\u00f3w to typowe kolejowe zestawy k\u00f3\u0142. Zesp\u00f3\u0142 nap\u0119dowy (elektryczny) znajduje si\u0119 w stacji g\u00f3rnej kolei. &nbsp;<\/p>\n\n\n<div class=\"wp-block-image\">\n<figure class=\"alignright size-large is-resized\"><a href=\"https:\/\/szkolenia-udt.pl\/wp-content\/uploads\/2023\/03\/lookout_mountain_incline_railway.jpg\"><img loading=\"lazy\" decoding=\"async\" src=\"https:\/\/szkolenia-udt.pl\/wp-content\/uploads\/2023\/03\/lookout_mountain_incline_railway-1024x576.jpg\" alt=\"kolejka g\u00f3rska\" class=\"wp-image-4022\" width=\"512\" height=\"288\" srcset=\"https:\/\/szkolenia-udt.pl\/wp-content\/uploads\/2023\/03\/lookout_mountain_incline_railway-1024x576.jpg 1024w, https:\/\/szkolenia-udt.pl\/wp-content\/uploads\/2023\/03\/lookout_mountain_incline_railway-300x169.jpg 300w, https:\/\/szkolenia-udt.pl\/wp-content\/uploads\/2023\/03\/lookout_mountain_incline_railway-768x432.jpg 768w, https:\/\/szkolenia-udt.pl\/wp-content\/uploads\/2023\/03\/lookout_mountain_incline_railway-18x10.jpg 18w, https:\/\/szkolenia-udt.pl\/wp-content\/uploads\/2023\/03\/lookout_mountain_incline_railway.jpg 1400w\" sizes=\"auto, (max-width: 512px) 100vw, 512px\" \/><\/a><\/figure>\n<\/div>\n\n\n<h2 class=\"wp-block-heading\">Sprawd\u017a ofert\u0119 kurs\u00f3w OSO<\/h2>\n\n\n\n<p>Prowadzimy szereg kurs\u00f3w na uprawnienia UDT, m.in. na:&nbsp;<\/p>\n\n\n\n<ul class=\"wp-block-list\">\n<li>operatora lub konserwatora suwnic;&nbsp;<\/li>\n\n\n\n<li>operatora lub konserwatora \u017curawi (wie\u017cowych, HDS, p\u0142ywaj\u0105cych, szynowych i innych);&nbsp;<\/li>\n\n\n\n<li>operator\u00f3w w\u00f3zk\u00f3w wid\u0142owych;&nbsp;<\/li>\n\n\n\n<li>operator\u00f3w \u0142adowarek teleskopowych;&nbsp;<\/li>\n\n\n\n<li>operator\u00f3w podest\u00f3w ruchomych;&nbsp;<\/li>\n\n\n\n<li>operator\u00f3w podno\u015bnik\u00f3w koszowych i no\u017cycowych;&nbsp;<\/li>\n<\/ul>\n\n\n\n<h3 class=\"wp-block-heading\">Inne kursy:&nbsp;&nbsp;<\/h3>\n\n\n\n<ul class=\"wp-block-list\">\n<li>kurs na palacza piec\u00f3w i kot\u0142\u00f3w CO;&nbsp;<\/li>\n\n\n\n<li>kurs na odladzarki;&nbsp;<\/li>\n\n\n\n<li>kursy na spawaczy;&nbsp;<\/li>\n\n\n\n<li>szkolenia BHP i PPO\u017b;&nbsp;<\/li>\n\n\n\n<li>kursy na monta\u017cyst\u00f3w rusztowa\u0144;&nbsp;<\/li>\n<\/ul>\n\n\n\n<h3 class=\"wp-block-heading\">Inne us\u0142ugi:&nbsp;<\/h3>\n\n\n\n<ul class=\"wp-block-list\">\n<li>konserwacja urz\u0105dze\u0144;&nbsp;<\/li>\n\n\n\n<li>doradztwo;&nbsp;<\/li>\n\n\n\n<li>audyt;&nbsp;<\/li>\n<\/ul>\n\n\n\n<p><a href=\"https:\/\/szkolenia-udt.pl\/ru\/kontakt\/\">Skontaktuj si\u0119 z nami<\/a>, by pozna\u0107 szczeg\u00f3\u0142y!&nbsp;<\/p>\n\n\n\n<h2 class=\"wp-block-heading\">Pytania i odpowiedzi:<\/h2>\n\n\n\t\t<details\t\thelp class=\"sc_fs_faq sc_card    \"\n\t\topen\t\t>\n\t\t\t\t\t<summary>\n\t\t\t\t<h3>1. Jak d\u0142ugo wa\u017cne s\u0105 uprawnienia UDT na konserwacj\u0119 urz\u0105dze\u0144? <\/h3>\t\t\t\t\t<\/summary>\n\t\t\t\t<div>\n\t\t\t\t\t\t<div class=\"sc_fs_faq__content\">\n\t\t\t\t\n\n<p>Uprawnienia UDT konserwator\u00f3w urz\u0105dze\u0144 wa\u017cne s\u0105 przez 5 lat. Po ich up\u0142ywie nale\u017cy ponownie przej\u015b\u0107 szkolenie w celu od\u015bwie\u017cenia wiedzy z zakresu konserwacji i modernizacji urz\u0105dze\u0144.&nbsp;<\/p>\n\n\t\t\t<\/div>\n\t\t<\/div>\n\t\t<\/details>\n\t\t\t\t<details\t\thelp class=\"sc_fs_faq sc_card    \"\n\t\t\t\t>\n\t\t\t\t\t<summary>\n\t\t\t\t<h3>2. Kto mo\u017ce by\u0107 uczestnikiem szkolenia? <\/h3>\t\t\t\t\t<\/summary>\n\t\t\t\t<div>\n\t\t\t\t\t\t<div class=\"sc_fs_faq__content\">\n\t\t\t\t\n\n<p><a href=\"https:\/\/szkolenia-udt.pl\/ru\/kursy\/\">Nasze szkolenia<\/a> skierowane s\u0105 do os\u00f3b pe\u0142noletnich z co najmniej podstawowym wykszta\u0142ceniem. Przysz\u0142y kursant musi dostarczy\u0107 nam r\u00f3wnie\u017c orzeczenie lekarskie o braku przeciwwskaza\u0144 do wykonywania zawodu na danym stanowisku.&nbsp;<\/p>\n\n\t\t\t<\/div>\n\t\t<\/div>\n\t\t<\/details>\n\t\t\t\t<details\t\thelp class=\"sc_fs_faq sc_card    \"\n\t\t\t\t>\n\t\t\t\t\t<summary>\n\t\t\t\t<h3>3. Jak poruszaj\u0105 si\u0119 koleje linowo \u2013 terenowe? <\/h3>\t\t\t\t\t<\/summary>\n\t\t\t\t<div>\n\t\t\t\t\t\t<div class=\"sc_fs_faq__content\">\n\t\t\t\t\n\n<p>Koleje linowo \u2013 terenowe nap\u0119dzane s\u0105 przez specjaln\u0105 lin\u0119. Wagony poruszaj\u0105 si\u0119 ruchem wahad\u0142owym o torze z tzw. mijank\u0105 lub po dw\u00f3ch niezale\u017cnych torach.&nbsp;<\/p>\n\n\t\t\t<\/div>\n\t\t<\/div>\n\t\t<\/details>\n\t\t\t\t<details\t\thelp class=\"sc_fs_faq sc_card    \"\n\t\t\t\t>\n\t\t\t\t\t<summary>\n\t\t\t\t<h3>4. Gdzie w Polsce mo\u017cna skorzysta\u0107 z kolei linowo \u2013 terenowej? <\/h3>\t\t\t\t\t<\/summary>\n\t\t\t\t<div>\n\t\t\t\t\t\t<div class=\"sc_fs_faq__content\">\n\t\t\t\t\n\n<p>W Polsce najbardziej znane koleje linowo \u2013 terenowe znajduj\u0105 si\u0119 m.in. w Zakopanem, Gdyni, Krynicy Zdr\u00f3j i Mi\u0119dzybrodziu \u017bywieckim.&nbsp;<\/p>\n\n\t\t\t<\/div>\n\t\t<\/div>\n\t\t<\/details>\n\t\t\n<script type=\"application\/ld+json\">\n\t{\n\t\t\"@context\": \"https:\/\/schema.org\",\n\t\t\"@type\": \"FAQPage\",\n\t\t\"mainEntity\": [\n\t\t\t\t\t{\n\t\t\t\t\"@type\": \"Question\",\n\t\t\t\t\"name\": \"1. Jak d\u0142ugo wa\u017cne s\u0105 uprawnienia UDT na konserwacj\u0119 urz\u0105dze\u0144? \",\n\t\t\t\t\"acceptedAnswer\": {\n\t\t\t\t\t\"@type\": \"Answer\",\n\t\t\t\t\t\"text\": \"<p>Uprawnienia UDT konserwator\u00f3w urz\u0105dze\u0144 wa\u017cne s\u0105 przez 5 lat. Po ich up\u0142ywie nale\u017cy ponownie przej\u015b\u0107 szkolenie w celu od\u015bwie\u017cenia wiedzy z zakresu konserwacji i modernizacji urz\u0105dze\u0144.&nbsp;<\/p>\"\n\t\t\t\t\t\t\t\t\t}\n\t\t\t}\n\t\t\t,\t\t\t\t{\n\t\t\t\t\"@type\": \"Question\",\n\t\t\t\t\"name\": \"2. Kto mo\u017ce by\u0107 uczestnikiem szkolenia? \",\n\t\t\t\t\"acceptedAnswer\": {\n\t\t\t\t\t\"@type\": \"Answer\",\n\t\t\t\t\t\"text\": \"<p>Nasze szkolenia skierowane s\u0105 do os\u00f3b pe\u0142noletnich z co najmniej podstawowym wykszta\u0142ceniem. Przysz\u0142y kursant musi dostarczy\u0107 nam r\u00f3wnie\u017c orzeczenie lekarskie o braku przeciwwskaza\u0144 do wykonywania zawodu na danym stanowisku.&nbsp;<\/p>\"\n\t\t\t\t\t\t\t\t\t}\n\t\t\t}\n\t\t\t,\t\t\t\t{\n\t\t\t\t\"@type\": \"Question\",\n\t\t\t\t\"name\": \"3. Jak poruszaj\u0105 si\u0119 koleje linowo \u2013 terenowe? \",\n\t\t\t\t\"acceptedAnswer\": {\n\t\t\t\t\t\"@type\": \"Answer\",\n\t\t\t\t\t\"text\": \"<p>Koleje linowo \u2013 terenowe nap\u0119dzane s\u0105 przez specjaln\u0105 lin\u0119. Wagony poruszaj\u0105 si\u0119 ruchem wahad\u0142owym o torze z tzw. mijank\u0105 lub po dw\u00f3ch niezale\u017cnych torach.&nbsp;<\/p>\"\n\t\t\t\t\t\t\t\t\t}\n\t\t\t}\n\t\t\t,\t\t\t\t{\n\t\t\t\t\"@type\": \"Question\",\n\t\t\t\t\"name\": \"4. Gdzie w Polsce mo\u017cna skorzysta\u0107 z kolei linowo \u2013 terenowej? \",\n\t\t\t\t\"acceptedAnswer\": {\n\t\t\t\t\t\"@type\": \"Answer\",\n\t\t\t\t\t\"text\": \"<p>W Polsce najbardziej znane koleje linowo \u2013 terenowe znajduj\u0105 si\u0119 m.in. w Zakopanem, Gdyni, Krynicy Zdr\u00f3j i Mi\u0119dzybrodziu \u017bywieckim.&nbsp;<\/p>\"\n\t\t\t\t\t\t\t\t\t}\n\t\t\t}\n\t\t\t\t\t\t]\n\t}\n<\/script>\n","protected":false},"excerpt":{"rendered":"<p>O nas OSO to o\u015brodek szkoleniowy dzia\u0142aj\u0105cy w bran\u017cy od ponad 15 lat w ca\u0142ej Polsce. Naszym kursantom zapewniamy:&nbsp; Zadania konserwatora Po zdobyciu uprawnie\u0144 UDT konserwator wykonuje niniejsze obowi\u0105zki:&nbsp; Szkolenia na konserwatora UTB&nbsp; Szkolenie zaczyna szereg wyk\u0142ad\u00f3w, gdzie prowadz\u0105cy podziel\u0105 si\u0119 swoimi do\u015bwiadczeniami i zapoznaj\u0105 kursant\u00f3w m.in. z:&nbsp; Po cz\u0119\u015bci teoretycznej przechodzimy do cz\u0119\u015bci praktycznej. [&hellip;]<\/p>\n","protected":false},"author":10,"featured_media":4024,"parent":2266,"menu_order":0,"comment_status":"closed","ping_status":"closed","template":"","meta":{"footnotes":""},"class_list":["post-3967","page","type-page","status-publish","has-post-thumbnail","hentry"],"aioseo_notices":[],"_links":{"self":[{"href":"https:\/\/szkolenia-udt.pl\/ru\/wp-json\/wp\/v2\/pages\/3967","targetHints":{"allow":["GET"]}}],"collection":[{"href":"https:\/\/szkolenia-udt.pl\/ru\/wp-json\/wp\/v2\/pages"}],"about":[{"href":"https:\/\/szkolenia-udt.pl\/ru\/wp-json\/wp\/v2\/types\/page"}],"author":[{"embeddable":true,"href":"https:\/\/szkolenia-udt.pl\/ru\/wp-json\/wp\/v2\/users\/10"}],"replies":[{"embeddable":true,"href":"https:\/\/szkolenia-udt.pl\/ru\/wp-json\/wp\/v2\/comments?post=3967"}],"version-history":[{"count":5,"href":"https:\/\/szkolenia-udt.pl\/ru\/wp-json\/wp\/v2\/pages\/3967\/revisions"}],"predecessor-version":[{"id":4458,"href":"https:\/\/szkolenia-udt.pl\/ru\/wp-json\/wp\/v2\/pages\/3967\/revisions\/4458"}],"up":[{"embeddable":true,"href":"https:\/\/szkolenia-udt.pl\/ru\/wp-json\/wp\/v2\/pages\/2266"}],"wp:featuredmedia":[{"embeddable":true,"href":"https:\/\/szkolenia-udt.pl\/ru\/wp-json\/wp\/v2\/media\/4024"}],"wp:attachment":[{"href":"https:\/\/szkolenia-udt.pl\/ru\/wp-json\/wp\/v2\/media?parent=3967"}],"curies":[{"name":"wp","href":"https:\/\/api.w.org\/{rel}","templated":true}]}}