{"id":40,"date":"2014-10-07T16:21:46","date_gmt":"2014-10-07T16:21:46","guid":{"rendered":"http:\/\/szkolenia-udt.pl\/?page_id=40"},"modified":"2022-06-15T13:19:34","modified_gmt":"2022-06-15T11:19:34","slug":"%d0%ba%d0%b0%d1%82%d0%b5%d0%b3%d0%be%d1%80%d0%b8%d0%b8","status":"publish","type":"page","link":"https:\/\/szkolenia-udt.pl\/ru\/uprawnienia-udt\/kategorie-uprawnien\/","title":{"rendered":"\u041a\u0430\u0442\u0435\u0433\u043e\u0440\u0438\u0438 \u0430\u0432\u0442\u043e\u0440\u0438\u0437\u0430\u0446\u0438\u0438 UDT \u0434\u043e 1 \u0438\u044e\u043d\u044f 2019 \u0433\u043e\u0434\u0430"},"content":{"rendered":"<div style=\"float: left; padding-right: 10px;\"><div id=\"metaslider-id-373\" style=\"max-width: 300px;\" class=\"ml-slider-3-107-0 metaslider metaslider-flex metaslider-373 ml-slider ms-theme-default nav-hidden\" role=\"region\" aria-label=\"\u041e \u043a\u043e\u043c\u043f\u0430\u043d\u0438\u0438 2\" data-height=\"225\" data-width=\"300\">\n    <div id=\"metaslider_container_373\">\n        <div id=\"metaslider_373\">\n            <ul class='slides'>\n                <li style=\"display: block; width: 100%;\" class=\"slide-1109 ms-image\" aria-roledescription=\"slide\" data-date=\"2014-11-12 13:56:05\" data-filename=\"bizness3a.jpg\" data-slide-type=\"image\"><img loading=\"lazy\" decoding=\"async\" src=\"https:\/\/szkolenia-udt.pl\/wp-content\/uploads\/2014\/11\/bizness3a.jpg\" height=\"225\" width=\"300\" alt=\"\u043e\u0431\u0443\u0447\u0435\u043d\u0438\u0435\" class=\"slider-373 slide-1109 msDefaultImage\" \/><\/li>\n                <li style=\"display: none; width: 100%;\" class=\"slide-1106 ms-image\" aria-roledescription=\"slide\" data-date=\"2014-11-12 13:56:03\" data-filename=\"biznes5a.jpg\" data-slide-type=\"image\"><img loading=\"lazy\" decoding=\"async\" src=\"https:\/\/szkolenia-udt.pl\/wp-content\/uploads\/2014\/11\/biznes5a.jpg\" height=\"225\" width=\"300\" alt=\"\u043e\u0440\u0433\u0430\u043d \u0442\u0435\u0445\u043d\u0438\u0447\u0435\u0441\u043a\u043e\u0433\u043e \u043a\u043e\u043d\u0442\u0440\u043e\u043b\u044f\" class=\"slider-373 slide-1106 msDefaultImage\" \/><\/li>\n                <li style=\"display: none; width: 100%;\" class=\"slide-1110 ms-image\" aria-roledescription=\"slide\" data-date=\"2014-11-12 14:04:12\" data-filename=\"meeting-2a.jpg\" data-slide-type=\"image\"><img loading=\"lazy\" decoding=\"async\" src=\"https:\/\/szkolenia-udt.pl\/wp-content\/uploads\/2014\/11\/meeting-2a.jpg\" height=\"225\" width=\"300\" alt=\"\u043a\u0443\u0440\u0441\u044b \u0443\u0434\u0442\" class=\"slider-373 slide-1110 msDefaultImage\" \/><\/li>\n                <li style=\"display: none; width: 100%;\" class=\"slide-1199 ms-image\" aria-roledescription=\"slide\" data-date=\"2014-11-17 21:17:06\" data-filename=\"firma-5a.jpg\" data-slide-type=\"image\"><img loading=\"lazy\" decoding=\"async\" src=\"https:\/\/szkolenia-udt.pl\/wp-content\/uploads\/2014\/11\/firma-5a.jpg\" height=\"225\" width=\"300\" alt=\"\u0430\u0432\u0442\u043e\u043f\u043e\u0433\u0440\u0443\u0437\u0447\u0438\u043a\u0438 warsaw\" class=\"slider-373 slide-1199 msDefaultImage\" \/><\/li>\n                <li style=\"display: none; width: 100%;\" class=\"slide-1196 ms-image\" aria-roledescription=\"slide\" data-date=\"2014-11-17 21:17:04\" data-filename=\"Firma-2a.jpg\" data-slide-type=\"image\"><img loading=\"lazy\" decoding=\"async\" src=\"https:\/\/szkolenia-udt.pl\/wp-content\/uploads\/2014\/11\/Firma-2a.jpg\" height=\"225\" width=\"300\" alt=\"\" class=\"slider-373 slide-1196 msDefaultImage\" \/><\/li>\n            <\/ul>\n        <\/div>\n        \n    <\/div>\n<\/div><\/div>\n<div class=\"wyjustuj\">\n<p>\u041d\u0430 \u044d\u0442\u043e\u0439 \u0441\u0442\u0440\u0430\u043d\u0438\u0446\u0435 \u0432\u044b \u043d\u0430\u0439\u0434\u0435\u0442\u0435 \u043f\u043e\u0434\u0440\u043e\u0431\u043d\u044b\u0439 \u0441\u043f\u0438\u0441\u043e\u043a \u043e\u0431\u043e\u0440\u0443\u0434\u043e\u0432\u0430\u043d\u0438\u044f, \u0434\u043b\u044f \u0440\u0430\u0431\u043e\u0442\u044b \u0441 \u043a\u043e\u0442\u043e\u0440\u044b\u043c \u0442\u0440\u0435\u0431\u0443\u0435\u0442\u0441\u044f \u043b\u0438\u0446\u0435\u043d\u0437\u0438\u044f UDT. \u042d\u0442\u043e \u0443\u0441\u0442\u0440\u043e\u0439\u0441\u0442\u0432\u0430, \u043a\u043e\u0442\u043e\u0440\u044b\u0435 \u043f\u043e\u0434\u043b\u0435\u0436\u0430\u0442 \u0442\u0435\u0445\u043d\u0438\u0447\u0435\u0441\u043a\u043e\u043c\u0443 \u043d\u0430\u0434\u0437\u043e\u0440\u0443 \u0438 \u0442\u0440\u0435\u0431\u0443\u044e\u0442 \u043f\u0435\u0440\u0432\u043e\u043d\u0430\u0447\u0430\u043b\u044c\u043d\u043e\u0433\u043e \u043e\u0431\u0443\u0447\u0435\u043d\u0438\u044f \u044d\u043a\u0441\u043f\u043b\u0443\u0430\u0442\u0430\u0446\u0438\u0438 \u0438 \u0441\u0434\u0430\u0447\u0438 \u044d\u043a\u0437\u0430\u043c\u0435\u043d\u0430 \u043f\u0435\u0440\u0435\u0434 \u043a\u043e\u043c\u0438\u0441\u0441\u0438\u0435\u0439 \u0423\u043f\u0440\u0430\u0432\u043b\u0435\u043d\u0438\u044f \u0442\u0435\u0445\u043d\u0438\u0447\u0435\u0441\u043a\u043e\u0433\u043e \u043d\u0430\u0434\u0437\u043e\u0440\u0430. \u0412\u044b\u0431\u0440\u0430\u0432 \u043d\u0430\u0448 \u0426\u0435\u043d\u0442\u0440 \u043f\u043e\u0432\u044b\u0448\u0435\u043d\u0438\u044f \u043a\u0432\u0430\u043b\u0438\u0444\u0438\u043a\u0430\u0446\u0438\u0438 \u043f\u0435\u0440\u0441\u043e\u043d\u0430\u043b\u0430, \u0432\u044b \u0441\u043c\u043e\u0436\u0435\u0442\u0435 \u043f\u043e\u043b\u0443\u0447\u0438\u0442\u044c \u0440\u0430\u0437\u0440\u0435\u0448\u0435\u043d\u0438\u0435 UDT \u0432 \u0432\u044b\u0431\u0440\u0430\u043d\u043d\u043e\u0439 \u0432\u0430\u043c\u0438 \u043e\u0431\u043b\u0430\u0441\u0442\u0438. \u041c\u044b \u043f\u0440\u0435\u0434\u043e\u0441\u0442\u0430\u0432\u043b\u044f\u0435\u043c \u043a\u043e\u043c\u043f\u043b\u0435\u043a\u0441\u043d\u043e\u0435 \u043e\u0431\u0443\u0447\u0435\u043d\u0438\u0435 \u043f\u043e \u0434\u043e\u0441\u0442\u0443\u043f\u043d\u044b\u043c \u0446\u0435\u043d\u0430\u043c, \u0430 \u043d\u0430\u0448\u0438 \u043c\u0435\u0442\u043e\u0434\u044b \u043f\u0440\u0435\u043f\u043e\u0434\u0430\u0432\u0430\u043d\u0438\u044f \u043f\u0440\u0438\u0432\u043e\u0434\u044f\u0442 \u043a \u0442\u043e\u043c\u0443, \u0447\u0442\u043e \u043f\u0440\u0430\u043a\u0442\u0438\u0447\u0435\u0441\u043a\u0438 \u0432\u0441\u0435 \u0441\u043b\u0443\u0448\u0430\u0442\u0435\u043b\u0438 \u043d\u0430\u0448\u0438\u0445 \u043a\u0443\u0440\u0441\u043e\u0432 \u0441\u0434\u0430\u044e\u0442 \u044d\u043a\u0437\u0430\u043c\u0435\u043d\u044b \u0441 \u043f\u0435\u0440\u0432\u043e\u0439 \u043f\u043e\u043f\u044b\u0442\u043a\u0438. \u041c\u044b \u043f\u0440\u0435\u0434\u043b\u0430\u0433\u0430\u0435\u043c \u0434\u043e\u0441\u0442\u0443\u043f\u043d\u044b\u0435 \u0446\u0435\u043d\u044b \u043d\u0430 \u043a\u0443\u0440\u0441\u044b, \u0430 \u043f\u043e\u0441\u043a\u043e\u043b\u044c\u043a\u0443 \u043c\u044b \u0440\u0430\u0431\u043e\u0442\u0430\u0435\u043c \u0441 \u0423\u043f\u0440\u0430\u0432\u043b\u0435\u043d\u0438\u0435\u043c, \u044d\u043a\u0437\u0430\u043c\u0435\u043d\u044b \u043e\u0440\u0433\u0430\u043d\u0438\u0437\u0443\u044e\u0442\u0441\u044f \u0432 \u0443\u0434\u043e\u0431\u043d\u043e\u0435 \u0434\u043b\u044f \u043d\u0430\u0448\u0438\u0445 \u043a\u043b\u0438\u0435\u043d\u0442\u043e\u0432 \u0432\u0440\u0435\u043c\u044f. \u0414\u043b\u044f \u043f\u043e\u043b\u0443\u0447\u0435\u043d\u0438\u044f \u0434\u043e\u043f\u043e\u043b\u043d\u0438\u0442\u0435\u043b\u044c\u043d\u043e\u0439 \u0438\u043d\u0444\u043e\u0440\u043c\u0430\u0446\u0438\u0438 \u043e \u0440\u0430\u0437\u0440\u0435\u0448\u0435\u043d\u0438\u044f\u0445 UDT \u0438 \u0442\u0435\u0445\u043d\u0438\u0447\u0435\u0441\u043a\u0438\u0445 \u0441\u0440\u0435\u0434\u0441\u0442\u0432\u0430\u0445, \u043f\u043e\u0434\u043b\u0435\u0436\u0430\u0449\u0438\u0445 \u0442\u0435\u0445\u043d\u0438\u0447\u0435\u0441\u043a\u043e\u043c\u0443 \u043d\u0430\u0434\u0437\u043e\u0440\u0443, \u043f\u043e\u0441\u0435\u0442\u0438\u0442\u0435 \u043d\u0430\u0448 \u0441\u0430\u0439\u0442 <a href=\"http:\/\/www.udt.gov.pl\" target=\"_blank\" rel=\"noopener noreferrer\">https:\/\/www.udt.gov.pl<\/a>. \u041a\u043e\u0433\u0434\u0430 \u0443 \u0432\u0430\u0441 \u0432\u043e\u0437\u043d\u0438\u043a\u0430\u044e\u0442 \u0432\u043e\u043f\u0440\u043e\u0441\u044b \u043e <a href=\"https:\/\/szkolenia-udt.pl\/ru\/oferta\/\">\u043d\u0430\u0448\u0438 \u0443\u0441\u043b\u0443\u0433\u0438<\/a> \u043e\u0431\u0443\u0447\u0435\u043d\u0438\u0435 \u0438\u043b\u0438 \u0445\u043e\u0442\u0438\u0442\u0435 \u0437\u0430\u043a\u0430\u0437\u0430\u0442\u044c \u0443\u0447\u0435\u0431\u043d\u044b\u0439 \u043a\u0443\u0440\u0441, \u043f\u043e\u0436\u0430\u043b\u0443\u0439\u0441\u0442\u0430, \u043f\u043e\u0441\u0435\u0442\u0438\u0442\u0435 \u0441\u0430\u0439\u0442 <a href=\"https:\/\/szkolenia-udt.pl\/ru\/kontakt\/\">\u0441\u0432\u044f\u0437\u0430\u0442\u044c\u0441\u044f \u0441 \u043d\u0430\u043c\u0438<\/a> - \u043c\u044b \u043e\u0442\u0432\u0435\u0442\u0438\u043c \u0432\u0430\u043c \u043a\u0430\u043a \u043c\u043e\u0436\u043d\u043e \u0441\u043a\u043e\u0440\u0435\u0435!<\/p>\n<div style=\"width: 90%; margin-left: 40px; font-size: 80%; overflow: auto;\">\n<table border=\"3\" cellspacing=\"1\" cellpadding=\"1\">\n<tbody>\n<tr>\n<td width=\"85\">\u0413\u0440\u0443\u043f\u043f\u0430<\/td>\n<td width=\"85\">\u041a\u0430\u0442\u0435\u0433\u043e\u0440\u0438\u044f<\/td>\n<td width=\"236\">\u041e\u0431\u043b\u0430\u0441\u0442\u044c \u0434\u0435\u0439\u0441\u0442\u0432\u0438\u044f \u0440\u0430\u0437\u0440\u0435\u0448\u0435\u043d\u0438\u044f \u043d\u0430 \u044d\u043a\u0441\u043f\u043b\u0443\u0430\u0442\u0430\u0446\u0438\u044e \u043e\u043f\u0440\u0435\u0434\u0435\u043b\u044f\u0435\u0442\u0441\u044f \u0442\u0438\u043f\u043e\u043c (\u043d\u0430\u0437\u043d\u0430\u0447\u0435\u043d\u0438\u0435\u043c) \u043e\u0431\u043e\u0440\u0443\u0434\u043e\u0432\u0430\u043d\u0438\u044f.<\/td>\n<td width=\"227\">\u041f\u043e\u0434\u0440\u043e\u0431\u043d\u044b\u0439 \u043e\u0431\u044a\u0435\u043c - \u0432\u043e\u0437\u043c\u043e\u0436\u043d\u044b\u0435 \u043e\u0433\u0440\u0430\u043d\u0438\u0447\u0435\u043d\u0438\u044f<\/td>\n<\/tr>\n<tr>\n<td width=\"85\">1<\/td>\n<td width=\"85\">2<\/td>\n<td width=\"236\">3<\/td>\n<td width=\"227\">4<\/td>\n<\/tr>\n<tr>\n<td rowspan=\"2\">\u042d\u0432\u0430\u043a\u0443\u0430\u0442\u043e\u0440\u044b<\/td>\n<td width=\"85\">II W<\/td>\n<td width=\"236\">\u0420\u0430\u0431\u043e\u0447\u0438\u0439 \u0443\u0440\u043e\u0432\u0435\u043d\u044c \u0443\u043f\u0440\u0430\u0432\u043b\u044f\u0435\u043c\u044b\u0445 \u043f\u043e\u0434\u044a\u0435\u043c\u043d\u0438\u043a\u043e\u0432 \u0438 \u043b\u0435\u0431\u0435\u0434\u043e\u043a, \u0430 \u0442\u0430\u043a\u0436\u0435 \u0441\u0442\u0430\u0446\u0438\u043e\u043d\u0430\u0440\u043d\u044b\u0445 \u0446\u0435\u0445\u043e\u0432\u044b\u0445 \u043a\u0440\u0430\u043d\u043e\u0432.<\/td>\n<td width=\"227\">\u041d\u0430\u0437\u043d\u0430\u0447\u0435\u043d\u0438\u0435 \u043e\u0431\u043e\u0440\u0443\u0434\u043e\u0432\u0430\u043d\u0438\u044f:<\/p>\n<ul>\n<li>\u043a\u0440\u044e\u0447\u043a\u0438 \u043e\u0431\u0449\u0435\u0433\u043e \u043d\u0430\u0437\u043d\u0430\u0447\u0435\u043d\u0438\u044f,<\/li>\n<li>\u043e\u0441\u043e\u0431\u044b\u0439:\n<ul>\n<li>\u041a\u0443\u0437\u044c\u0435\u043d,<\/li>\n<li>\u0437\u0430\u043a\u0430\u043b\u043a\u0430,<\/li>\n<li>\u043b\u0435\u0439,<\/li>\n<li>\u0437\u0430\u0445\u0432\u0430\u0442\u044b\u0432\u0430\u044e\u0449\u0438\u0439,<\/li>\n<li>\u0437\u0430\u0445\u0432\u0430\u0442\u044b,<\/li>\n<li>\u0434\u0440\u0443\u0433\u043e\u0435.<\/li>\n<\/ul>\n<\/li>\n<\/ul>\n<\/td>\n<\/tr>\n<tr>\n<td width=\"85\">I W<\/td>\n<td width=\"236\">\u041f\u043e\u0434\u044a\u0435\u043c\u043d\u0438\u043a\u0438 \u0438 \u043b\u0435\u0431\u0435\u0434\u043a\u0438, \u0443\u043f\u0440\u0430\u0432\u043b\u044f\u0435\u043c\u044b\u0435 \u0441 \u0440\u0430\u0431\u043e\u0447\u0435\u0433\u043e \u0443\u0440\u043e\u0432\u043d\u044f \u0438\u043b\u0438 \u0438\u0437 \u043a\u0430\u0431\u0438\u043d\u044b, \u0438 \u0441\u0442\u0430\u0446\u0438\u043e\u043d\u0430\u0440\u043d\u044b\u0435 \u0446\u0435\u0445\u043e\u0432\u044b\u0435 \u043a\u0440\u0430\u043d\u044b.<\/td>\n<td width=\"227\">\u041d\u0430\u0437\u043d\u0430\u0447\u0435\u043d\u0438\u0435 \u043e\u0431\u043e\u0440\u0443\u0434\u043e\u0432\u0430\u043d\u0438\u044f:<\/p>\n<ul>\n<li>\u043a\u0440\u044e\u0447\u043a\u0438 \u043e\u0431\u0449\u0435\u0433\u043e \u043d\u0430\u0437\u043d\u0430\u0447\u0435\u043d\u0438\u044f,<\/li>\n<li>\u043e\u0441\u043e\u0431\u044b\u0439:\n<ul>\n<li>\u041a\u0443\u0437\u044c\u0435\u043d,<\/li>\n<li>\u0437\u0430\u043a\u0430\u043b\u043a\u0430,<\/li>\n<li>\u043b\u0435\u0439,<\/li>\n<li>\u0437\u0430\u0445\u0432\u0430\u0442\u044b\u0432\u0430\u044e\u0449\u0438\u0439,<\/li>\n<li>\u0437\u0430\u0445\u0432\u0430\u0442\u044b,<\/li>\n<li>\u0434\u0440\u0443\u0433\u043e\u0435.<\/li>\n<\/ul>\n<\/li>\n<\/ul>\n<\/td>\n<\/tr>\n<tr>\n<td rowspan=\"2\">\u041c\u043e\u0441\u0442\u043e\u0432\u044b\u0435 \u043a\u0440\u0430\u043d\u044b<\/td>\n<td width=\"85\">II S<\/td>\n<td width=\"236\">\u041c\u043e\u0441\u0442\u043e\u0432\u044b\u0435 \u043a\u0440\u0430\u043d\u044b, \u043f\u043e\u0434\u044a\u0435\u043c\u043d\u0438\u043a\u0438 \u0438 \u043b\u0435\u0431\u0435\u0434\u043a\u0438, \u0443\u043f\u0440\u0430\u0432\u043b\u044f\u0435\u043c\u044b\u0435 \u0441 \u0440\u0430\u0431\u043e\u0447\u0435\u0433\u043e \u0443\u0440\u043e\u0432\u043d\u044f, \u0438 \u0441\u0442\u0430\u0446\u0438\u043e\u043d\u0430\u0440\u043d\u044b\u0435 \u0446\u0435\u0445\u043e\u0432\u044b\u0435 \u043a\u0440\u0430\u043d\u044b.<\/td>\n<td width=\"227\">\u041d\u0430\u0437\u043d\u0430\u0447\u0435\u043d\u0438\u0435 \u043e\u0431\u043e\u0440\u0443\u0434\u043e\u0432\u0430\u043d\u0438\u044f:<\/p>\n<ul>\n<li>\u043a\u0440\u044e\u0447\u043a\u0438 \u043e\u0431\u0449\u0435\u0433\u043e \u043d\u0430\u0437\u043d\u0430\u0447\u0435\u043d\u0438\u044f,<\/li>\n<li>\u043e\u0441\u043e\u0431\u044b\u0439:\n<ul>\n<li>\u043a\u0430\u0444\u0444\u0438\u0440,<\/li>\n<li>\u043a\u043e\u043b\u043e\u043d\u043d\u044b,<\/li>\n<li>\u041a\u0443\u0437\u044c\u0435\u043d,<\/li>\n<li>\u043f\u0430\u043f\u0430\u0439\u044f,<\/li>\n<li>\u043a\u043b\u0435\u0449\u0438,<\/li>\n<li>\u0441\u0442\u0440\u0438\u043f\u0435\u0440,<\/li>\n<li>\u043f\u0430\u0440\u0442\u0438\u044f,<\/li>\n<li>\u0437\u0430\u043a\u0430\u043b\u043a\u0430,<\/li>\n<li>\u043b\u0435\u0439,<\/li>\n<li>\u0437\u0430\u0445\u0432\u0430\u0442\u044b\u0432\u0430\u044e\u0449\u0438\u0439,<\/li>\n<li>\u0437\u0430\u0445\u0432\u0430\u0442\u044b,<\/li>\n<li>\u0442\u0440\u0430\u0432\u0435\u0440\u0441,<\/li>\n<li>\u0434\u0440\u0443\u0433\u043e\u0435.<\/li>\n<\/ul>\n<\/li>\n<\/ul>\n<\/td>\n<\/tr>\n<tr>\n<td width=\"85\">I S<\/td>\n<td width=\"236\">\u041c\u043e\u0441\u0442\u043e\u0432\u044b\u0435 \u043a\u0440\u0430\u043d\u044b, \u043f\u043e\u0434\u044a\u0435\u043c\u043d\u0438\u043a\u0438 \u0438 \u043b\u0435\u0431\u0435\u0434\u043a\u0438, \u0443\u043f\u0440\u0430\u0432\u043b\u044f\u0435\u043c\u044b\u0435 \u0441 \u0440\u0430\u0431\u043e\u0447\u0435\u0433\u043e \u0443\u0440\u043e\u0432\u043d\u044f \u0438\u043b\u0438 \u0438\u0437 \u043a\u0430\u0431\u0438\u043d\u044b, \u0430 \u0442\u0430\u043a\u0436\u0435 \u0441\u0442\u0430\u0446\u0438\u043e\u043d\u0430\u0440\u043d\u044b\u0435 \u0446\u0435\u0445\u043e\u0432\u044b\u0435 \u043a\u0440\u0430\u043d\u044b.<\/td>\n<td width=\"227\">\u041d\u0430\u0437\u043d\u0430\u0447\u0435\u043d\u0438\u0435 \u043e\u0431\u043e\u0440\u0443\u0434\u043e\u0432\u0430\u043d\u0438\u044f:<\/p>\n<ul>\n<li>\u043a\u0440\u044e\u0447\u043a\u0438 \u043e\u0431\u0449\u0435\u0433\u043e \u043d\u0430\u0437\u043d\u0430\u0447\u0435\u043d\u0438\u044f,<\/li>\n<li>\u043e\u0441\u043e\u0431\u044b\u0439:\n<ul>\n<li>\u043a\u0430\u0444\u0444\u0438\u0440,<\/li>\n<li>\u043a\u043e\u043b\u043e\u043d\u043d\u044b,<\/li>\n<li>\u041a\u0443\u0437\u044c\u0435\u043d,<\/li>\n<li>\u043f\u0430\u043f\u0430\u0439\u044f,<\/li>\n<li>\u043a\u043b\u0435\u0449\u0438,<\/li>\n<li>\u0441\u0442\u0440\u0438\u043f\u0435\u0440,<\/li>\n<li>\u043f\u0430\u0440\u0442\u0438\u044f,<\/li>\n<li>\u0437\u0430\u043a\u0430\u043b\u043a\u0430,<\/li>\n<li>\u043b\u0435\u0439,<\/li>\n<li>\u0437\u0430\u0445\u0432\u0430\u0442\u044b\u0432\u0430\u044e\u0449\u0438\u0439,<\/li>\n<li>\u0437\u0430\u0445\u0432\u0430\u0442\u044b,<\/li>\n<li>\u0442\u0440\u0430\u0432\u0435\u0440\u0441,<\/li>\n<li>\u0434\u0440\u0443\u0433\u043e\u0435.<\/li>\n<\/ul>\n<\/li>\n<\/ul>\n<\/td>\n<\/tr>\n<tr>\n<td rowspan=\"3\">\u041a\u0440\u0430\u043d\u044b<\/td>\n<td width=\"85\">II \u00bf<\/td>\n<td width=\"236\">\u041a\u0440\u0430\u043d\u044b:<\/p>\n<ul>\n<li>\u0441\u0442\u0430\u0446\u0438\u043e\u043d\u0430\u0440\u043d\u044b\u0439,<\/li>\n<li>\u043c\u043e\u0431\u0438\u043b\u044c\u043d\u044b\u0439,<\/li>\n<li>\u043f\u043e\u0440\u0442\u0430\u0442\u0438\u0432\u043d\u044b\u0439,<\/li>\n<li>\u0441\u0430\u043c\u043e\u0445\u043e\u0434\u043d\u044b\u0439.<\/li>\n<\/ul>\n<\/td>\n<td width=\"227\">\u0412\u0438\u0434\u044b \u043e\u0431\u043e\u0440\u0443\u0434\u043e\u0432\u0430\u043d\u0438\u044f, \u0442\u0438\u043f\u044b \u043e\u0431\u043e\u0440\u0443\u0434\u043e\u0432\u0430\u043d\u0438\u044f,<\/p>\n<p>\u043e\u0433\u0440\u0430\u043d\u0438\u0447\u0435\u043d\u0438\u0435 \u043c\u043e\u0449\u043d\u043e\u0441\u0442\u0438.<\/td>\n<\/tr>\n<tr>\n<td rowspan=\"2\" width=\"85\">I \u017b<\/td>\n<td width=\"236\">\u041a\u0440\u0430\u043d\u044b:<\/p>\n<ul>\n<li>\u0431\u0430\u0448\u043d\u044f \u0438 \u0431\u044b\u0441\u0442\u0440\u043e\u0441\u044a\u0435\u043c\u043d\u043e\u0435 \u043a\u0440\u0435\u043f\u043b\u0435\u043d\u0438\u0435.<\/li>\n<\/ul>\n<\/td>\n<td width=\"227\">\u0412\u0438\u0434\u044b \u043e\u0431\u043e\u0440\u0443\u0434\u043e\u0432\u0430\u043d\u0438\u044f:<\/p>\n<ul>\n<li>\u0441\u0442\u0440\u043e\u0438\u0442\u0435\u043b\u044c\u0441\u0442\u0432\u043e,<\/li>\n<li>\u0434\u0440\u0443\u0433\u043e\u0435,<\/li>\n<\/ul>\n<p>\u0442\u0438\u043f\u044b \u043e\u0431\u043e\u0440\u0443\u0434\u043e\u0432\u0430\u043d\u0438\u044f,<\/p>\n<p>\u043e\u0433\u0440\u0430\u043d\u0438\u0447\u0435\u043d\u0438\u0435 \u043c\u043e\u0449\u043d\u043e\u0441\u0442\u0438.<\/td>\n<\/tr>\n<tr>\n<td width=\"236\">\n<ul>\n<li>\u0440\u0435\u043b\u044c\u0441<\/li>\n<\/ul>\n<\/td>\n<td width=\"227\">\u0412\u0438\u0434\u044b \u043e\u0431\u043e\u0440\u0443\u0434\u043e\u0432\u0430\u043d\u0438\u044f:<\/p>\n<ul>\n<li>\u0441\u0443\u0434\u043e\u0441\u0442\u0440\u043e\u0435\u043d\u0438\u0435,<\/li>\n<li>\u0434\u0440\u0443\u0433\u043e\u0435,<\/li>\n<\/ul>\n<p>\u043e\u0433\u0440\u0430\u043d\u0438\u0447\u0435\u043d\u0438\u0435 \u043c\u043e\u0449\u043d\u043e\u0441\u0442\u0438.<\/td>\n<\/tr>\n<tr>\n<td rowspan=\"2\">\u041c\u043e\u0431\u0438\u043b\u044c\u043d\u044b\u0435 \u043f\u043b\u0430\u0442\u0444\u043e\u0440\u043c\u044b<\/td>\n<td width=\"85\">II P<\/td>\n<td width=\"236\">\u041c\u043e\u0431\u0438\u043b\u044c\u043d\u044b\u0435 \u043f\u043b\u0430\u0442\u0444\u043e\u0440\u043c\u044b:<\/p>\n<ul>\n<li>\u0432\u0438\u0441\u0438\u0442,<\/li>\n<li>\u043c\u0430\u0447\u0442\u044b,<\/li>\n<li>\u0441\u0442\u0430\u0446\u0438\u043e\u043d\u0430\u0440\u043d\u044b\u0439.<\/li>\n<\/ul>\n<\/td>\n<td width=\"227\">\u0412\u0438\u0434\u044b \u043e\u0431\u043e\u0440\u0443\u0434\u043e\u0432\u0430\u043d\u0438\u044f, \u0442\u0438\u043f\u044b \u043e\u0431\u043e\u0440\u0443\u0434\u043e\u0432\u0430\u043d\u0438\u044f.<\/td>\n<\/tr>\n<tr>\n<td width=\"85\">I P<\/td>\n<td width=\"236\">\u041c\u043e\u0431\u0438\u043b\u044c\u043d\u044b\u0435 \u043c\u043e\u0431\u0438\u043b\u044c\u043d\u044b\u0435 \u043f\u043b\u0430\u0442\u0444\u043e\u0440\u043c\u044b:<\/p>\n<ul>\n<li>\u043c\u0435\u0434\u043b\u0435\u043d\u043d\u043e \u0434\u0432\u0438\u0436\u0443\u0449\u0438\u0439\u0441\u044f,<\/li>\n<li>\u0441\u0430\u043c\u043e\u0445\u043e\u0434\u043d\u0430\u044f \u0443\u0441\u0442\u0430\u043d\u043e\u0432\u043a\u0430, \u0441\u043c\u043e\u043d\u0442\u0438\u0440\u043e\u0432\u0430\u043d\u043d\u0430\u044f \u043d\u0430 \u0442\u0440\u0430\u043d\u0441\u043f\u043e\u0440\u0442\u043d\u043e\u043c \u0441\u0440\u0435\u0434\u0441\u0442\u0432\u0435,<\/li>\n<li>\u043c\u043e\u0431\u0438\u043b\u044c\u043d\u044b\u0439.<\/li>\n<\/ul>\n<\/td>\n<td width=\"227\">\u0412\u0438\u0434\u044b \u043e\u0431\u043e\u0440\u0443\u0434\u043e\u0432\u0430\u043d\u0438\u044f, \u0442\u0438\u043f\u044b \u043e\u0431\u043e\u0440\u0443\u0434\u043e\u0432\u0430\u043d\u0438\u044f.<\/td>\n<\/tr>\n<tr>\n<td>\u041a\u0440\u0430\u043d\u044b-\u0448\u0442\u0430\u0431\u0435\u043b\u0435\u0440\u044b<\/td>\n<td width=\"85\">I U<\/td>\n<td width=\"236\">\u0428\u0442\u0430\u0431\u0435\u043b\u0435\u0440\u044b.<\/td>\n<td width=\"227\">\u0422\u0438\u043f\u044b \u0443\u0441\u0442\u0440\u043e\u0439\u0441\u0442\u0432.<\/td>\n<\/tr>\n<tr>\n<td>\u041a\u0440\u0430\u043d\u044b Linotor<\/td>\n<td width=\"85\">I L<\/td>\n<td width=\"236\">\u041a\u0440\u0430\u043d\u044b Linotor.<\/td>\n<td width=\"227\"><\/td>\n<\/tr>\n<tr>\n<td><a href=\"https:\/\/szkolenia-udt.pl\/ru\/kursy\/uprawnienia-udt-tdt-wdt\/wyciagi-towarowe\/\">\u0413\u0440\u0443\u0437\u043e\u0432\u044b\u0435 \u043b\u0438\u0444\u0442\u044b<\/a><\/td>\n<td width=\"85\">I WT<\/td>\n<td width=\"236\">\u0413\u0440\u0443\u0437\u043e\u0432\u044b\u0435 \u043b\u0438\u0444\u0442\u044b:<\/p>\n<ul>\n<li>\u0441\u0442\u0430\u0446\u0438\u043e\u043d\u0430\u0440\u043d\u044b\u0439,<\/li>\n<li>\u043c\u043e\u0431\u0438\u043b\u044c\u043d\u044b\u0439 \u0438 \u043f\u043e\u0440\u0442\u0430\u0442\u0438\u0432\u043d\u044b\u0439,<\/li>\n<li>\u0441\u0443\u0434\u043e\u043f\u043e\u0434\u044a\u0435\u043c\u043d\u0438\u043a\u0438.<\/li>\n<\/ul>\n<\/td>\n<td width=\"227\">\u0412\u0438\u0434\u044b \u043e\u0431\u043e\u0440\u0443\u0434\u043e\u0432\u0430\u043d\u0438\u044f, \u0442\u0438\u043f\u044b \u043e\u0431\u043e\u0440\u0443\u0434\u043e\u0432\u0430\u043d\u0438\u044f.<\/td>\n<\/tr>\n<tr>\n<td rowspan=\"2\">\u041a\u0440\u0430\u043d\u044b<\/td>\n<td width=\"85\">II D<\/td>\n<td width=\"236\">\u0421\u0442\u0440\u043e\u0438\u0442\u0435\u043b\u044c\u043d\u044b\u0435 \u043a\u0440\u0430\u043d\u044b:<\/p>\n<ul>\n<li>\u0433\u0440\u0443\u0437\u043e\u0432\u044b\u0435 \u0438 \u043c\u043e\u0431\u0438\u043b\u044c\u043d\u044b\u0435 \u0438 \u043f\u0435\u0440\u0435\u043d\u043e\u0441\u043d\u044b\u0435 \u0433\u0440\u0443\u0437\u043e\u0432\u044b\u0435 \u043f\u043e\u0434\u044a\u0435\u043c\u043d\u0438\u043a\u0438,<\/li>\n<li>\u0433\u0440\u0443\u0437\u043e\u0432 \u0438 \u043b\u044e\u0434\u0435\u0439.<\/li>\n<\/ul>\n<\/td>\n<td width=\"227\">\u0412\u0438\u0434\u044b \u043e\u0431\u043e\u0440\u0443\u0434\u043e\u0432\u0430\u043d\u0438\u044f.<\/td>\n<\/tr>\n<tr>\n<td width=\"85\">\n<p style=\"text-align: center;\">I D<\/p>\n<\/td>\n<td width=\"236\">\u0413\u0440\u0443\u0437\u043e\u0432\u044b\u0435 \u0438 \u0431\u043e\u043b\u044c\u043d\u0438\u0447\u043d\u044b\u0435 \u043a\u0440\u0430\u043d\u044b \u0441 \u0432\u043d\u0443\u0442\u0440\u0435\u043d\u043d\u0438\u043c \u0443\u043f\u0440\u0430\u0432\u043b\u0435\u043d\u0438\u0435\u043c.<\/td>\n<td width=\"227\"><\/td>\n<\/tr>\n<tr>\n<td>\u041e\u0431\u043e\u0440\u0443\u0434\u043e\u0432\u0430\u043d\u0438\u0435 \u0434\u043b\u044f \u043f\u0435\u0440\u0435\u0432\u0430\u043b\u043a\u0438 \u043a\u043e\u043d\u0442\u0435\u0439\u043d\u0435\u0440\u043e\u0432<\/td>\n<td width=\"85\">I K<\/td>\n<td width=\"236\">\u041e\u0431\u043e\u0440\u0443\u0434\u043e\u0432\u0430\u043d\u0438\u0435 \u0434\u043b\u044f \u043f\u0435\u0440\u0435\u0432\u0430\u043b\u043a\u0438 \u043a\u043e\u043d\u0442\u0435\u0439\u043d\u0435\u0440\u043e\u0432 \u0434\u043b\u044f \u043f\u0435\u0440\u0435\u0433\u0440\u0443\u0437\u043e\u0447\u043d\u044b\u0445 \u0440\u0430\u0431\u043e\u0442.<\/td>\n<td width=\"227\">\u0422\u0438\u043f\u044b \u0443\u0441\u0442\u0440\u043e\u0439\u0441\u0442\u0432.<\/td>\n<\/tr>\n<tr>\n<td rowspan=\"3\"><a href=\"https:\/\/szkolenia-udt.pl\/ru\/kursy\/wozki-widlowe\/budowa-wozka-jezdniowego\/\">\u041c\u043e\u0431\u0438\u043b\u044c\u043d\u044b\u0435 \u0433\u0440\u0443\u0437\u043e\u0432\u0438\u043a\u0438<\/a> \u043f\u043e\u0434\u044a\u0435\u043c\u043d\u0438\u043a<\/td>\n<td width=\"85\">III WJO<\/td>\n<td width=\"236\">\u0410\u0432\u0442\u043e\u043f\u043e\u0433\u0440\u0443\u0437\u0447\u0438\u043a\u0438 \u0441 \u0440\u0443\u0447\u043d\u044b\u043c \u0438 \u0434\u0438\u0441\u0442\u0430\u043d\u0446\u0438\u043e\u043d\u043d\u044b\u043c \u0443\u043f\u0440\u0430\u0432\u043b\u0435\u043d\u0438\u0435\u043c<\/td>\n<td width=\"227\"><\/td>\n<\/tr>\n<tr>\n<td width=\"85\">\u00a0II WJO<\/td>\n<td width=\"236\">\u041f\u043e\u0433\u0440\u0443\u0437\u0447\u0438\u043a\u0438, \u0437\u0430 \u0438\u0441\u043a\u043b\u044e\u0447\u0435\u043d\u0438\u0435\u043c \u0441\u043f\u0435\u0446\u0438\u0430\u043b\u0438\u0437\u0438\u0440\u043e\u0432\u0430\u043d\u043d\u044b\u0445.<\/td>\n<td width=\"227\"><\/td>\n<\/tr>\n<tr>\n<td width=\"85\">I WJO<\/td>\n<td width=\"236\">\u0410\u0432\u0442\u043e\u043f\u043e\u0433\u0440\u0443\u0437\u0447\u0438\u043a\u0438, \u0432\u043a\u043b\u044e\u0447\u0430\u044f \u0441\u043f\u0435\u0446\u0438\u0430\u043b\u0438\u0437\u0438\u0440\u043e\u0432\u0430\u043d\u043d\u044b\u0435.<\/td>\n<td width=\"227\">\u0422\u0438\u043f \u0441\u043f\u0435\u0446\u0438\u0430\u043b\u0438\u0437\u0438\u0440\u043e\u0432\u0430\u043d\u043d\u043e\u0439 \u0442\u0435\u043b\u0435\u0436\u043a\u0438:<\/p>\n<ul>\n<li>\u0441 \u043e\u043f\u0435\u0440\u0430\u0442\u043e\u0440\u043e\u043c, \u043f\u043e\u0434\u043d\u0438\u043c\u0430\u044e\u0449\u0438\u043c \u0433\u0440\u0443\u0437,<\/li>\n<li>\u0441 \u043f\u0435\u0440\u0435\u043c\u0435\u043d\u043d\u044b\u043c \u0441\u0432\u0435\u0441\u043e\u043c.<\/li>\n<\/ul>\n<\/td>\n<\/tr>\n<\/tbody>\n<\/table>\n<p>&nbsp;<\/p>\n<\/div>\n<\/div>","protected":false},"excerpt":{"rendered":"<p>Na tej stronie znajdziesz szczeg\u00f3\u0142owy wykaz urz\u0105dze\u0144, do kt\u00f3rych obs\u0142ugi potrzebne s\u0105 uprawnienia UDT. S\u0105 to urz\u0105dzenia podlegaj\u0105ce dozorowi technicznemu i wymagaj\u0105ce pocz\u0105tkowego przeszkolenia do obs\u0142ugi oraz zdania egzaminu przed komisj\u0105 Urz\u0119du Dozoru Technicznego. Wybieraj\u0105c nasz O\u015brodek Doskonalenia Kadr, mo\u017cesz uzyska\u0107 uprawnienia UDT w wybranym przez siebie zakresie. Zapewniamy kompleksowe przeszkolenie w przyst\u0119pnych cenach, a [&hellip;]<\/p>\n","protected":false},"author":3,"featured_media":0,"parent":37,"menu_order":0,"comment_status":"closed","ping_status":"closed","template":"","meta":{"footnotes":""},"class_list":["post-40","page","type-page","status-publish","hentry"],"aioseo_notices":[],"_links":{"self":[{"href":"https:\/\/szkolenia-udt.pl\/ru\/wp-json\/wp\/v2\/pages\/40","targetHints":{"allow":["GET"]}}],"collection":[{"href":"https:\/\/szkolenia-udt.pl\/ru\/wp-json\/wp\/v2\/pages"}],"about":[{"href":"https:\/\/szkolenia-udt.pl\/ru\/wp-json\/wp\/v2\/types\/page"}],"author":[{"embeddable":true,"href":"https:\/\/szkolenia-udt.pl\/ru\/wp-json\/wp\/v2\/users\/3"}],"replies":[{"embeddable":true,"href":"https:\/\/szkolenia-udt.pl\/ru\/wp-json\/wp\/v2\/comments?post=40"}],"version-history":[{"count":19,"href":"https:\/\/szkolenia-udt.pl\/ru\/wp-json\/wp\/v2\/pages\/40\/revisions"}],"predecessor-version":[{"id":2905,"href":"https:\/\/szkolenia-udt.pl\/ru\/wp-json\/wp\/v2\/pages\/40\/revisions\/2905"}],"up":[{"embeddable":true,"href":"https:\/\/szkolenia-udt.pl\/ru\/wp-json\/wp\/v2\/pages\/37"}],"wp:attachment":[{"href":"https:\/\/szkolenia-udt.pl\/ru\/wp-json\/wp\/v2\/media?parent=40"}],"curies":[{"name":"wp","href":"https:\/\/api.w.org\/{rel}","templated":true}]}}