{"id":4110,"date":"2023-03-08T17:12:03","date_gmt":"2023-03-08T16:12:03","guid":{"rendered":"https:\/\/szkolenia-udt.pl\/?page_id=4110"},"modified":"2023-03-09T15:16:15","modified_gmt":"2023-03-09T14:16:15","slug":"%d1%81%d0%b5%d1%80%d0%b2%d0%b8%d1%81%d0%bd%d0%be%d0%b5-%d0%ba%d1%80%d0%b0%d0%bd%d0%be%d1%81%d1%82%d1%80%d0%be%d0%b5%d0%bd%d0%b8%d0%b5","status":"publish","type":"page","link":"https:\/\/szkolenia-udt.pl\/ru\/kursy\/uprawnienia-udt-tdt-wdt\/obsluga-dzwigow-budowlanych\/","title":{"rendered":"\u0420\u0430\u0437\u0440\u0435\u0448\u0435\u043d\u0438\u044f UDT - \u043a\u0443\u0440\u0441\u044b \u043f\u043e \u044d\u043a\u0441\u043f\u043b\u0443\u0430\u0442\u0430\u0446\u0438\u0438 \u0441\u0442\u0440\u043e\u0438\u0442\u0435\u043b\u044c\u043d\u044b\u0445 \u043a\u0440\u0430\u043d\u043e\u0432"},"content":{"rendered":"\n<h2 class=\"wp-block-heading\">O nas<\/h2>\n\n\n\n<p><a href=\"https:\/\/szkolenia-udt.pl\/ru\/o-firmie\/\">O\u015brodek Szkolenia Operator\u00f3w<\/a> prowadzi kursy na uprawnienia UDT z obs\u0142ugi i konserwacji urz\u0105dze\u0144 transportu bliskiego. W ofercie mamy m.in <a href=\"https:\/\/szkolenia-udt.pl\/ru\/kursy\/hds\/\">szkolenia na \u017curawie HDS<\/a>, podesty ruchome, teleskopowe, suwnice i w\u00f3zki wid\u0142owe. <\/p>\n\n\n\n<p>Zaj\u0119cia s\u0105 prowadzone zar\u00f3wno w spos\u00f3b otwarty, jak i w zamkni\u0119tych grupach tak, aby ka\u017cdy zainteresowany m\u00f3g\u0142 znale\u017a\u0107 ofert\u0119 dla siebie. Jeste\u015bmy liderem na rynku, o czym \u015bwiadczy bardzo wysoka zdawalno\u015b\u0107 egzamin\u00f3w UDT przez naszych kursant\u00f3w oraz doskona\u0142e opinie uczestnik\u00f3w.&nbsp;<\/p>\n\n\n<div class=\"wp-block-image\">\n<figure class=\"alignright size-large is-resized\"><a href=\"https:\/\/szkolenia-udt.pl\/wp-content\/uploads\/2023\/03\/canva-residential-buildings-under-construction-MAEOiFirB1I.jpg\"><img loading=\"lazy\" decoding=\"async\" src=\"https:\/\/szkolenia-udt.pl\/wp-content\/uploads\/2023\/03\/canva-residential-buildings-under-construction-MAEOiFirB1I-683x1024.jpg\" alt=\"naprawa \u017curawia HDS w warsztacie\" class=\"wp-image-4116\" width=\"342\" height=\"512\" srcset=\"https:\/\/szkolenia-udt.pl\/wp-content\/uploads\/2023\/03\/canva-residential-buildings-under-construction-MAEOiFirB1I-683x1024.jpg 683w, https:\/\/szkolenia-udt.pl\/wp-content\/uploads\/2023\/03\/canva-residential-buildings-under-construction-MAEOiFirB1I-200x300.jpg 200w, https:\/\/szkolenia-udt.pl\/wp-content\/uploads\/2023\/03\/canva-residential-buildings-under-construction-MAEOiFirB1I-768x1152.jpg 768w, https:\/\/szkolenia-udt.pl\/wp-content\/uploads\/2023\/03\/canva-residential-buildings-under-construction-MAEOiFirB1I-1024x1536.jpg 1024w, https:\/\/szkolenia-udt.pl\/wp-content\/uploads\/2023\/03\/canva-residential-buildings-under-construction-MAEOiFirB1I-8x12.jpg 8w, https:\/\/szkolenia-udt.pl\/wp-content\/uploads\/2023\/03\/canva-residential-buildings-under-construction-MAEOiFirB1I.jpg 1067w\" sizes=\"auto, (max-width: 342px) 100vw, 342px\" \/><\/a><\/figure>\n<\/div>\n\n\n<h2 class=\"wp-block-heading\">Program kursu&nbsp;<\/h2>\n\n\n\n<p>Zaj\u0119cia odbywaj\u0105 si\u0119 w formie teoretycznej i praktycznej.&nbsp;&nbsp;<\/p>\n\n\n\n<h3 class=\"wp-block-heading\">Na zaj\u0119ciach wyk\u0142adowych, zostaj\u0105 poruszone takie tematy jak:&nbsp;<\/h3>\n\n\n\n<ul class=\"wp-block-list\">\n<li>obowi\u0105zki operatora,&nbsp;<\/li>\n\n\n\n<li>budowa i podzia\u0142 urz\u0105dze\u0144,&nbsp;<\/li>\n\n\n\n<li>przepisy BHP i UDT,&nbsp;<\/li>\n\n\n\n<li>prace naprawcze,&nbsp;<\/li>\n\n\n\n<li>przygotowanie urz\u0105dzenia do pracy.&nbsp;<\/li>\n<\/ul>\n\n\n\n<h3 class=\"wp-block-heading\">Po zaj\u0119ciach teoretycznych, kursant:&nbsp;<\/h3>\n\n\n\n<ul class=\"wp-block-list\">\n<li>operuje \u017curawiem po placu manewrowym,&nbsp;<\/li>\n\n\n\n<li>wykonuje prac\u0119 serwisowe,&nbsp;<\/li>\n\n\n\n<li>wykonuje polecenia instruktora,&nbsp;<\/li>\n\n\n\n<li>udziela pierwszej pomocy, gdy jest to konieczne,&nbsp;<\/li>\n\n\n\n<li>podnosi \u0142adunki na r\u00f3\u017cne kondygnacje budynku.&nbsp;<\/li>\n<\/ul>\n\n\n\n<h2 class=\"wp-block-heading\">Harmonogram i forma zaj\u0119\u0107&nbsp;<\/h2>\n\n\n\n<p>Kursy s\u0105 prowadzone na dwa sposoby. W formie otwartych zaj\u0119\u0107, kt\u00f3re odbywaj\u0105 si\u0119 zgodnie z harmonogramem zamieszczonym na naszej stronie internetowej, a tak\u017ce jako zamkni\u0119te wyk\u0142ady, z my\u015bl\u0105 o grupach zorganizowanych przez instytucje b\u0105d\u017a pracodawc\u00f3w. <\/p>\n\n\n\n<p>W odpowiedzi na oczekiwania klient\u00f3w mamy tak\u017ce mo\u017cliwo\u015b\u0107 prowadzenia zaj\u0119\u0107 indywidualnych uwzgl\u0119dniaj\u0105c potrzeby zleceniodawcy. Dla grup zamkni\u0119tych jest mo\u017cliwo\u015b\u0107 odbycia szkolenia w naszych oddzia\u0142ach, jednak bez problemu mo\u017cemy uzgodni\u0107 inne miejsce szkole\u0144 i przeprowadzi\u0107 je w ka\u017cdym zak\u0105tku Polski.&nbsp;<\/p>\n\n\n\n<h2 class=\"wp-block-heading\">Czym jest UDT?&nbsp;<\/h2>\n\n\n\n<p>UDT to skr\u00f3t od Urz\u0119du Dozoru Technicznego, kt\u00f3ry jest organem nadzoruj\u0105cym bezpiecze\u0144stwo eksploatacji r\u00f3\u017cnego rodzaju urz\u0105dze\u0144 technicznych, kt\u00f3re zgodnie z prawem podlegaj\u0105 dozorowi technicznemu.&nbsp;&nbsp;<\/p>\n\n\n<div class=\"wp-block-image\">\n<figure class=\"alignright size-full is-resized\"><a href=\"https:\/\/szkolenia-udt.pl\/wp-content\/uploads\/2023\/03\/canva-construction-site-cranes-MADQ5PE9gBk-1.jpg\"><img loading=\"lazy\" decoding=\"async\" src=\"https:\/\/szkolenia-udt.pl\/wp-content\/uploads\/2023\/03\/canva-construction-site-cranes-MADQ5PE9gBk-1.jpg\" alt=\"d\u017awigi budowlane podczas pracy\" class=\"wp-image-4115\" width=\"487\" height=\"325\" srcset=\"https:\/\/szkolenia-udt.pl\/wp-content\/uploads\/2023\/03\/canva-construction-site-cranes-MADQ5PE9gBk-1.jpg 800w, https:\/\/szkolenia-udt.pl\/wp-content\/uploads\/2023\/03\/canva-construction-site-cranes-MADQ5PE9gBk-1-300x200.jpg 300w, https:\/\/szkolenia-udt.pl\/wp-content\/uploads\/2023\/03\/canva-construction-site-cranes-MADQ5PE9gBk-1-768x512.jpg 768w, https:\/\/szkolenia-udt.pl\/wp-content\/uploads\/2023\/03\/canva-construction-site-cranes-MADQ5PE9gBk-1-18x12.jpg 18w\" sizes=\"auto, (max-width: 487px) 100vw, 487px\" \/><\/a><\/figure>\n<\/div>\n\n\n<h2 class=\"wp-block-heading\">Do g\u0142\u00f3wnych zada\u0144 UDT nale\u017cy:&nbsp;&nbsp;<\/h2>\n\n\n\n<ul class=\"wp-block-list\">\n<li>monitorowanie stopnia zagro\u017cenia,&nbsp;<\/li>\n\n\n\n<li>doz\u00f3r techniczny urz\u0105dze\u0144 oraz ich certyfikowanie,&nbsp;<\/li>\n\n\n\n<li>analiza skutk\u00f3w uszkodze\u0144,&nbsp;<\/li>\n\n\n\n<li>monitorowanie stopnia zagro\u017cenia,&nbsp;<\/li>\n\n\n\n<li>opiniowanie i wydawanie decyzji,&nbsp;<\/li>\n\n\n\n<li>kontrola urz\u0105dze\u0144 oddanych do u\u017cytku,&nbsp;<\/li>\n\n\n\n<li>prowadzenie dzia\u0142a\u0144 maj\u0105cych na celu podnoszenie kwalifikacji zawodowych,&nbsp;<\/li>\n\n\n\n<li>weryfikacja kwalifikacji.&nbsp;<\/li>\n<\/ul>\n\n\n\n<h2 class=\"wp-block-heading\">D\u017awigi budowlane&nbsp;<\/h2>\n\n\n\n<p>\u017burawie zwane te\u017c d\u017awigami s\u0105 to urz\u0105dzenia d\u017awignicowe stosowane zazwyczaj w pracach budowlanych. Zbudowane s\u0105 z wysi\u0119gnika, zwykle teleskopowego, na kt\u00f3rym jest ci\u0119gnik i kolumna. Urz\u0105dzenia tego typu podlegaj\u0105 dozorowi technicznemu, a do ich obs\u0142ugi niezb\u0119dny jest kurs uprawnie\u0144 UDT. &nbsp;<\/p>\n\n\n<div class=\"wp-block-image\">\n<figure class=\"alignright size-large is-resized\"><a href=\"https:\/\/szkolenia-udt.pl\/wp-content\/uploads\/2023\/03\/canva-yellow-steel-crane-under-a-blue-sky-MAEUQTChmyM.jpg\"><img loading=\"lazy\" decoding=\"async\" src=\"https:\/\/szkolenia-udt.pl\/wp-content\/uploads\/2023\/03\/canva-yellow-steel-crane-under-a-blue-sky-MAEUQTChmyM-683x1024.jpg\" alt=\"Operator d\u017awigu budowlanego w pracy\" class=\"wp-image-4114\" width=\"342\" height=\"512\" srcset=\"https:\/\/szkolenia-udt.pl\/wp-content\/uploads\/2023\/03\/canva-yellow-steel-crane-under-a-blue-sky-MAEUQTChmyM-683x1024.jpg 683w, https:\/\/szkolenia-udt.pl\/wp-content\/uploads\/2023\/03\/canva-yellow-steel-crane-under-a-blue-sky-MAEUQTChmyM-200x300.jpg 200w, https:\/\/szkolenia-udt.pl\/wp-content\/uploads\/2023\/03\/canva-yellow-steel-crane-under-a-blue-sky-MAEUQTChmyM-768x1152.jpg 768w, https:\/\/szkolenia-udt.pl\/wp-content\/uploads\/2023\/03\/canva-yellow-steel-crane-under-a-blue-sky-MAEUQTChmyM-1024x1536.jpg 1024w, https:\/\/szkolenia-udt.pl\/wp-content\/uploads\/2023\/03\/canva-yellow-steel-crane-under-a-blue-sky-MAEUQTChmyM-8x12.jpg 8w, https:\/\/szkolenia-udt.pl\/wp-content\/uploads\/2023\/03\/canva-yellow-steel-crane-under-a-blue-sky-MAEUQTChmyM.jpg 1067w\" sizes=\"auto, (max-width: 342px) 100vw, 342px\" \/><\/a><\/figure>\n<\/div>\n\n\n<h3 class=\"wp-block-heading\">Rodzaje urz\u0105dze\u0144&nbsp;<\/h3>\n\n\n\n<ul class=\"wp-block-list\">\n<li>wie\u017cowe,&nbsp;&nbsp;<\/li>\n\n\n\n<li>samobie\u017cne,&nbsp;<\/li>\n\n\n\n<li>wie\u017cowe,&nbsp;<\/li>\n\n\n\n<li>p\u0142ywaj\u0105ce,&nbsp;<\/li>\n\n\n\n<li>stoczniowe lub portowe.&nbsp;<\/li>\n<\/ul>\n\n\n\n<h2 class=\"wp-block-heading\">Warunki uczestnictwa w kursie<\/h2>\n\n\n\n<p>Ka\u017cdy kto jest zainteresowany uko\u0144czeniem kursu na operatora musi:&nbsp;<\/p>\n\n\n\n<ul class=\"wp-block-list\">\n<li>mie\u0107 przynajmniej podstawowe wykszta\u0142cenie;&nbsp;<\/li>\n\n\n\n<li>uko\u0144czy\u0107 18 lat;&nbsp;<\/li>\n\n\n\n<li>dostarczy\u0107 za\u015bwiadczenie lekarskie, potwierdzaj\u0105ce, \u017ce stan zdrowia kursanta pozwala pracowa\u0107 na danym stanowisku.&nbsp;<\/li>\n<\/ul>\n\n\n\n<p>Decyduj\u0105c si\u0119 na oferowane przez nas szkolenia, mo\u017cesz otrzyma\u0107 uprawnienia UDT w wybranej kategorii. Oferujemy kompleksowe kursy w przyst\u0119pnych cenach, a dzi\u0119ki skutecznym metodom nauczania, niemal wszyscy nasi kursanci zdaj\u0105 egzaminy w pierwszych terminach. Maj\u0105c na uwadze czas zar\u00f3wno naszych pracownik\u00f3w jak i kursant\u00f3w, wsp\u00f3\u0142pracujemy z urz\u0119dem, aby egzaminy odbywa\u0142y si\u0119 w dogodnych terminach dla naszych podopiecznych. &nbsp;&nbsp;<\/p>\n\n\n\n<h2 class=\"wp-block-heading\">Okres wa\u017cno\u015bci za\u015bwiadcze\u0144&nbsp;<\/h2>\n\n\n\n<p>Na og\u00f3\u0142 kwalifikacje potwierdzone za\u015bwiadczeniem kwalifikacyjnym s\u0105 przyznawane na jaki\u015b okres. W przypadku d\u017awig\u00f3w okres wa\u017cno\u015bci za\u015bwiadcze\u0144 wygl\u0105da nast\u0119puj\u0105co:&nbsp;<\/p>\n\n\n\n<figure class=\"wp-block-table\"><table><tbody><tr><td><strong>Rodzaj d\u017awigu:<\/strong><\/td><td><strong>Okres wa\u017cno\u015bci (w latach):<\/strong><\/td><\/tr><tr><td>stacjonarne&nbsp;<\/td><td>10&nbsp;<\/td><\/tr><tr><td>przewo\u017ane i przeno\u015bne&nbsp;<\/td><td>10&nbsp;<\/td><\/tr><tr><td>kolejowe i na pojazdach kolejowych&nbsp;<\/td><td>5&nbsp;<\/td><\/tr><tr><td>szynowe&nbsp;<\/td><td>5&nbsp;<\/td><\/tr><tr><td>pok\u0142adowe&nbsp;<\/td><td>5&nbsp;<\/td><\/tr><tr><td>samojezdne&nbsp;<\/td><td>5&nbsp;<\/td><\/tr><tr><td>p\u0142ywaj\u0105ce&nbsp;<\/td><td>5&nbsp;<\/td><\/tr><tr><td>wie\u017cowe i szybkomontuj\u0105ce&nbsp;<\/td><td>5&nbsp;<\/td><\/tr><\/tbody><\/table><\/figure>\n\n\n\n<p>W naszej bogatej ofercie mo\u017cna znale\u017a\u0107 szkolenia m.in. na operatora maszyn budowlanych, w\u00f3zk\u00f3w wid\u0142owych, suwnic, podest\u00f3w ruchomych czy podno\u015bnik\u00f3w koszowych. Dodatkowo, oferujemy kursy dla konserwator\u00f3w np. urz\u0105dze\u0144 dla os\u00f3b niepe\u0142nosprawnych, a tak\u017ce przeszkolenia z zakresu BHP. &nbsp;<\/p>\n\n\n\n<h2 class=\"wp-block-heading\">Gdzie szkolimy?&nbsp;<\/h2>\n\n\n\n<p>Nasza g\u0142\u00f3wna siedziba mie\u015bci si\u0119 w Warszawie, ale posiadamy o\u015brodki szkoleniowe na terenie ca\u0142ej Polski. Oferujemy tak\u017ce dojazd do klienta pod wskazany adres oznacza to, \u017ce szkolimy specjalist\u00f3w nawet poza granicami naszego kraju.&nbsp;<\/p>\n\n\n\n<h3 class=\"wp-block-heading\">Ceny kursu&nbsp;<\/h3>\n\n\n\n<p>Ceny s\u0105 ustalane indywidualnie, zale\u017c\u0105 one od ilo\u015bci uczestnik\u00f3w, terminu szkolenia oraz poziomu zawansowania kursu. Gwarantujemy korzystne zni\u017cki dla sta\u0142ych klient\u00f3w i grup, aby dowiedzie\u0107 si\u0119 wi\u0119cej zapraszamy kontaktu telefonicznego.&nbsp;<\/p>\n\n\n\n<h2 class=\"wp-block-heading\">Pytania i odpowiedzi:<\/h2>\n\n\n\t\t<details\t\thelp class=\"sc_fs_faq sc_card    \"\n\t\topen\t\t>\n\t\t\t\t\t<summary>\n\t\t\t\t<h3>1. Czy mo\u017cna wyd\u0142u\u017cy\u0107 wa\u017cno\u015b\u0107 certyfikatu na \u017curawie samojezdne? <\/h3>\t\t\t\t\t<\/summary>\n\t\t\t\t<div>\n\t\t\t\t\t\t<div class=\"sc_fs_faq__content\">\n\t\t\t\t\n\n<p>Tak, nale\u017cy z\u0142o\u017cy\u0107 wniosek o przed\u0142u\u017cenie za\u015bwiadczenia kwalifikacyjnego do Urz\u0119du Dozoru Technicznego. Nale\u017cy tak\u017ce o\u015bwiadczy\u0107, \u017ce osoba chc\u0105ca przed\u0142u\u017cy\u0107 wa\u017cno\u015b\u0107 za\u015bwiadczenia, wykonywa\u0142a prac\u0119 na tym stanowisku przez przynajmniej 3 lata.&nbsp;<\/p>\n\n\t\t\t<\/div>\n\t\t<\/div>\n\t\t<\/details>\n\t\t\t\t<details\t\thelp class=\"sc_fs_faq sc_card    \"\n\t\t\t\t>\n\t\t\t\t\t<summary>\n\t\t\t\t<h3>2. Jak d\u0142ugo jest wa\u017cne za\u015bwiadczenie kwalifikacyjne na operatora \u017curawia samojezdnego? <\/h3>\t\t\t\t\t<\/summary>\n\t\t\t\t<div>\n\t\t\t\t\t\t<div class=\"sc_fs_faq__content\">\n\t\t\t\t\n\n<p>Za\u015bwiadczenie kwalifikacyjne operatora UDT \u017curawia samojezdnego, jest wa\u017cne przez 5 lat.<\/p>\n\n\t\t\t<\/div>\n\t\t<\/div>\n\t\t<\/details>\n\t\t\t\t<details\t\thelp class=\"sc_fs_faq sc_card    \"\n\t\t\t\t>\n\t\t\t\t\t<summary>\n\t\t\t\t<h3>3. Czy przeprowadzacie szkolenia w innych wojew\u00f3dztwach? <\/h3>\t\t\t\t\t<\/summary>\n\t\t\t\t<div>\n\t\t\t\t\t\t<div class=\"sc_fs_faq__content\">\n\t\t\t\t\n\n<p>Szkolenia przeprowadzamy na terenie ca\u0142ej Polski, a nawet poza jej granicami.&nbsp;<\/p>\n\n\t\t\t<\/div>\n\t\t<\/div>\n\t\t<\/details>\n\t\t\n<script type=\"application\/ld+json\">\n\t{\n\t\t\"@context\": \"https:\/\/schema.org\",\n\t\t\"@type\": \"FAQPage\",\n\t\t\"mainEntity\": [\n\t\t\t\t\t{\n\t\t\t\t\"@type\": \"Question\",\n\t\t\t\t\"name\": \"1. Czy mo\u017cna wyd\u0142u\u017cy\u0107 wa\u017cno\u015b\u0107 certyfikatu na \u017curawie samojezdne? \",\n\t\t\t\t\"acceptedAnswer\": {\n\t\t\t\t\t\"@type\": \"Answer\",\n\t\t\t\t\t\"text\": \"<p>Tak, nale\u017cy z\u0142o\u017cy\u0107 wniosek o przed\u0142u\u017cenie za\u015bwiadczenia kwalifikacyjnego do Urz\u0119du Dozoru Technicznego. Nale\u017cy tak\u017ce o\u015bwiadczy\u0107, \u017ce osoba chc\u0105ca przed\u0142u\u017cy\u0107 wa\u017cno\u015b\u0107 za\u015bwiadczenia, wykonywa\u0142a prac\u0119 na tym stanowisku przez przynajmniej 3 lata.&nbsp;<\/p>\"\n\t\t\t\t\t\t\t\t\t}\n\t\t\t}\n\t\t\t,\t\t\t\t{\n\t\t\t\t\"@type\": \"Question\",\n\t\t\t\t\"name\": \"2. Jak d\u0142ugo jest wa\u017cne za\u015bwiadczenie kwalifikacyjne na operatora \u017curawia samojezdnego? \",\n\t\t\t\t\"acceptedAnswer\": {\n\t\t\t\t\t\"@type\": \"Answer\",\n\t\t\t\t\t\"text\": \"<p>Za\u015bwiadczenie kwalifikacyjne operatora UDT \u017curawia samojezdnego, jest wa\u017cne przez 5 lat.<\/p>\"\n\t\t\t\t\t\t\t\t\t}\n\t\t\t}\n\t\t\t,\t\t\t\t{\n\t\t\t\t\"@type\": \"Question\",\n\t\t\t\t\"name\": \"3. Czy przeprowadzacie szkolenia w innych wojew\u00f3dztwach? \",\n\t\t\t\t\"acceptedAnswer\": {\n\t\t\t\t\t\"@type\": \"Answer\",\n\t\t\t\t\t\"text\": \"<p>Szkolenia przeprowadzamy na terenie ca\u0142ej Polski, a nawet poza jej granicami.&nbsp;<\/p>\"\n\t\t\t\t\t\t\t\t\t}\n\t\t\t}\n\t\t\t\t\t\t]\n\t}\n<\/script>\n","protected":false},"excerpt":{"rendered":"<p>O nas O\u015brodek Szkolenia Operator\u00f3w prowadzi kursy na uprawnienia UDT z obs\u0142ugi i konserwacji urz\u0105dze\u0144 transportu bliskiego. W ofercie mamy m.in szkolenia na \u017curawie HDS, podesty ruchome, teleskopowe, suwnice i w\u00f3zki wid\u0142owe. Zaj\u0119cia s\u0105 prowadzone zar\u00f3wno w spos\u00f3b otwarty, jak i w zamkni\u0119tych grupach tak, aby ka\u017cdy zainteresowany m\u00f3g\u0142 znale\u017a\u0107 ofert\u0119 dla siebie. Jeste\u015bmy liderem [&hellip;]<\/p>\n","protected":false},"author":10,"featured_media":4116,"parent":2266,"menu_order":0,"comment_status":"closed","ping_status":"closed","template":"","meta":{"footnotes":""},"class_list":["post-4110","page","type-page","status-publish","has-post-thumbnail","hentry"],"aioseo_notices":[],"_links":{"self":[{"href":"https:\/\/szkolenia-udt.pl\/ru\/wp-json\/wp\/v2\/pages\/4110","targetHints":{"allow":["GET"]}}],"collection":[{"href":"https:\/\/szkolenia-udt.pl\/ru\/wp-json\/wp\/v2\/pages"}],"about":[{"href":"https:\/\/szkolenia-udt.pl\/ru\/wp-json\/wp\/v2\/types\/page"}],"author":[{"embeddable":true,"href":"https:\/\/szkolenia-udt.pl\/ru\/wp-json\/wp\/v2\/users\/10"}],"replies":[{"embeddable":true,"href":"https:\/\/szkolenia-udt.pl\/ru\/wp-json\/wp\/v2\/comments?post=4110"}],"version-history":[{"count":5,"href":"https:\/\/szkolenia-udt.pl\/ru\/wp-json\/wp\/v2\/pages\/4110\/revisions"}],"predecessor-version":[{"id":4173,"href":"https:\/\/szkolenia-udt.pl\/ru\/wp-json\/wp\/v2\/pages\/4110\/revisions\/4173"}],"up":[{"embeddable":true,"href":"https:\/\/szkolenia-udt.pl\/ru\/wp-json\/wp\/v2\/pages\/2266"}],"wp:featuredmedia":[{"embeddable":true,"href":"https:\/\/szkolenia-udt.pl\/ru\/wp-json\/wp\/v2\/media\/4116"}],"wp:attachment":[{"href":"https:\/\/szkolenia-udt.pl\/ru\/wp-json\/wp\/v2\/media?parent=4110"}],"curies":[{"name":"wp","href":"https:\/\/api.w.org\/{rel}","templated":true}]}}