{"id":4192,"date":"2023-03-16T19:06:36","date_gmt":"2023-03-16T18:06:36","guid":{"rendered":"https:\/\/szkolenia-udt.pl\/?page_id=4192"},"modified":"2023-03-17T11:58:54","modified_gmt":"2023-03-17T10:58:54","slug":"%d0%be%d0%b1%d1%81%d0%bb%d1%83%d0%b6%d0%b8%d0%b2%d0%b0%d0%bd%d0%b8%d0%b5-%d0%b8-%d0%be%d0%bf%d0%b5%d1%80%d0%b0%d1%82%d0%be%d1%80-%d0%bc%d0%be%d0%b1%d0%b8%d0%bb%d1%8c%d0%bd%d1%8b%d1%85-%d0%bf%d0%bb","status":"publish","type":"page","link":"https:\/\/szkolenia-udt.pl\/ru\/kursy\/uprawnienia-udt-tdt-wdt\/konserwator-i-operator-podestow-ruchomych\/","title":{"rendered":"\u041a\u0443\u0440\u0441 \u0434\u043b\u044f \u043e\u0431\u0441\u043b\u0443\u0436\u0438\u0432\u0430\u044e\u0449\u0435\u0433\u043e \u043f\u0435\u0440\u0441\u043e\u043d\u0430\u043b\u0430 \u0438 \u043e\u043f\u0435\u0440\u0430\u0442\u043e\u0440\u043e\u0432 \u043c\u043e\u0431\u0438\u043b\u044c\u043d\u044b\u0445 \u043f\u043b\u0430\u0442\u0444\u043e\u0440\u043c, \u0432\u043a\u043b\u044e\u0447\u0430\u044f \u043f\u043b\u0430\u0442\u0444\u043e\u0440\u043c\u044b \u043d\u0430 \u0436\u0435\u043b\u0435\u0437\u043d\u043e\u0434\u043e\u0440\u043e\u0436\u043d\u043e\u043c \u0442\u0440\u0430\u043d\u0441\u043f\u043e\u0440\u0442\u0435"},"content":{"rendered":"\n<h2 class=\"wp-block-heading\">Kursy konserwatorskie i operatorskie<\/h2>\n\n\n\n<p>W naszej ofercie szkoleniowej posiadamy profesjonalne kursy na operator\u00f3w i konserwator\u00f3w: podno\u015bnik\u00f3w koszowych, podno\u015bnik\u00f3w no\u017cycowych, podest\u00f3w wisz\u0105cych, przejezdnych, masztowych oraz na pojazdach kolejowych. Oferowane przez nas kursy pozwalaj\u0105 zdoby\u0107 lub odnowi\u0107 uprawnie\u0144 niezb\u0119dnych do obs\u0142ugi lub konserwacji podest\u00f3w ruchomych. Nasza firma prowadzi kursy na najwy\u017cszym poziomie merytorycznym,&nbsp;zgodnie z najnowszymi wytycznymi Urz\u0119du Dozoru Technicznego i przepisami prawnymi.&nbsp;&nbsp;<\/p>\n\n\n\n<h2 class=\"wp-block-heading\">Rodzaje podest\u00f3w ruchomych na kt\u00f3re oferuj\u0105 szkolenia&nbsp;<\/h2>\n\n\n<div class=\"wp-block-image\">\n<figure class=\"alignright size-large is-resized\"><a href=\"https:\/\/szkolenia-udt.pl\/wp-content\/uploads\/2023\/03\/operatorzy.edu_.pl-0026-mgw10.jpg\"><img loading=\"lazy\" decoding=\"async\" src=\"https:\/\/szkolenia-udt.pl\/wp-content\/uploads\/2023\/03\/operatorzy.edu_.pl-0026-mgw10-1024x851.jpg\" alt=\"Konserwator podczas modernizacji podestu kolejowego\" class=\"wp-image-4560\" width=\"512\" height=\"426\" srcset=\"https:\/\/szkolenia-udt.pl\/wp-content\/uploads\/2023\/03\/operatorzy.edu_.pl-0026-mgw10-1024x851.jpg 1024w, https:\/\/szkolenia-udt.pl\/wp-content\/uploads\/2023\/03\/operatorzy.edu_.pl-0026-mgw10-300x249.jpg 300w, https:\/\/szkolenia-udt.pl\/wp-content\/uploads\/2023\/03\/operatorzy.edu_.pl-0026-mgw10-768x638.jpg 768w, https:\/\/szkolenia-udt.pl\/wp-content\/uploads\/2023\/03\/operatorzy.edu_.pl-0026-mgw10-14x12.jpg 14w, https:\/\/szkolenia-udt.pl\/wp-content\/uploads\/2023\/03\/operatorzy.edu_.pl-0026-mgw10.jpg 1140w\" sizes=\"auto, (max-width: 512px) 100vw, 512px\" \/><\/a><\/figure>\n<\/div>\n\n\n<p>Oferujemy kursy na konserwator\u00f3w oraz operator\u00f3w nast\u0119puj\u0105cych rodzaj\u00f3w podest\u00f3w ruchomych:&nbsp;<\/p>\n\n\n\n<ul class=\"wp-block-list\">\n<li>podno\u015bnik\u00f3w koszowych,&nbsp;<\/li>\n\n\n\n<li>podno\u015bnik\u00f3w no\u017cycowych,&nbsp;<\/li>\n\n\n\n<li>podest\u00f3w wisz\u0105cych,<\/li>\n\n\n\n<li>na pojazdach kolejowych,&nbsp;<\/li>\n\n\n\n<li>przejezdnych,&nbsp;<\/li>\n\n\n\n<li>masztowych.<\/li>\n<\/ul>\n\n\n\n<h2 class=\"wp-block-heading\">Wymagania wzgl\u0119dem kandydata&nbsp;<\/h2>\n\n\n\n<p>Kandydat chc\u0105cy wzi\u0105\u0107 udzia\u0142 w kursie musi mie\u0107:&nbsp;<\/p>\n\n\n\n<ul class=\"wp-block-list\">\n<li>co najmniej podstawowe wykszta\u0142cenie,&nbsp;<\/li>\n\n\n\n<li>uko\u0144czone 18 lat,&nbsp;<\/li>\n\n\n\n<li>brak przeciwwskaza\u0144 medycznych do wykonywania zawodu (przed przyst\u0105pieniem do kursu kierujemy do lekarza medycyny pracy).&nbsp;<\/li>\n<\/ul>\n\n\n\n<h2 class=\"wp-block-heading\">Program szkole\u0144&nbsp;<\/h2>\n\n\n\n<p>Podczas kursu poruszane s\u0105 mi\u0119dzy innymi takie tematy jak:&nbsp;<\/p>\n\n\n\n<div class=\"wp-block-columns is-layout-flex wp-container-core-columns-is-layout-9d6595d7 wp-block-columns-is-layout-flex\">\n<div class=\"wp-block-column is-layout-flow wp-block-column-is-layout-flow\" style=\"flex-basis:50%\">\n<ul class=\"wp-block-list\">\n<li>wiedza og\u00f3lna na temat protest\u00f3w ruchomych,&nbsp;<\/li>\n\n\n\n<li>rodzaje podest\u00f3w,&nbsp;<\/li>\n\n\n\n<li>budowa urz\u0105dze\u0144,&nbsp;<\/li>\n\n\n\n<li>cz\u0119ste usterki,<\/li>\n\n\n\n<li>obowi\u0105zki konserwatora,&nbsp;<\/li>\n\n\n\n<li>obowi\u0105zki operatora,&nbsp;<\/li>\n\n\n\n<li>eksploatacja podest\u00f3w,&nbsp;<\/li>\n\n\n\n<li>dokumentacja techniczna,&nbsp;<\/li>\n\n\n\n<li>BHP,<\/li>\n<\/ul>\n<\/div>\n\n\n\n<div class=\"wp-block-column is-layout-flow wp-block-column-is-layout-flow\" style=\"flex-basis:50%\">\n<ul class=\"wp-block-list\">\n<li>plan konserwacji,&nbsp;<\/li>\n\n\n\n<li>poj\u0119cie stateczno\u015bci urz\u0105dzenia,&nbsp;<\/li>\n\n\n\n<li>urz\u0105dzenia zabezpieczaj\u0105ce,&nbsp;<\/li>\n\n\n\n<li>cz\u0119\u015bci mechaniczne oraz elektryczne,&nbsp;<\/li>\n\n\n\n<li>podstawowe wiadomo\u015bci o dozorze technicznym,&nbsp;<\/li>\n\n\n\n<li>praca w specyficznych warunkach,&nbsp;<\/li>\n\n\n\n<li>przepisy przeciwpo\u017carowe,&nbsp;<\/li>\n\n\n\n<li><a href=\"https:\/\/szkolenia-udt.pl\/ru\/kursy\/bhp-ppoz\/przychodzimy-z-pomoca\/\">pierwsza pomoc<\/a> przedmedyczna.&nbsp;<\/li>\n<\/ul>\n<\/div>\n<\/div>\n\n\n\n<h2 class=\"wp-block-heading\">Podesty ruchome na pojazdach kolejowych&nbsp;<\/h2>\n\n\n\n<p>Platforma robocza oraz wysi\u0119gnik umieszczone s\u0105 na poje\u017adzie poruszaj\u0105cym si\u0119 po torach.&nbsp;S\u0142u\u017c\u0105 do napraw infrastruktury kolejowej i tramwaj\u00f3w oraz sieci trakcyjnej.<\/p>\n\n\n<div class=\"wp-block-image\">\n<figure class=\"alignright size-large is-resized\"><a href=\"https:\/\/szkolenia-udt.pl\/wp-content\/uploads\/2023\/03\/s2-58.jpg\"><img loading=\"lazy\" decoding=\"async\" src=\"https:\/\/szkolenia-udt.pl\/wp-content\/uploads\/2023\/03\/s2-58-1024x819.jpg\" alt=\"Podno\u015bnik koszowy w magazynie\" class=\"wp-image-4335\" width=\"512\" height=\"410\" srcset=\"https:\/\/szkolenia-udt.pl\/wp-content\/uploads\/2023\/03\/s2-58-1024x819.jpg 1024w, https:\/\/szkolenia-udt.pl\/wp-content\/uploads\/2023\/03\/s2-58-300x240.jpg 300w, https:\/\/szkolenia-udt.pl\/wp-content\/uploads\/2023\/03\/s2-58-768x614.jpg 768w, https:\/\/szkolenia-udt.pl\/wp-content\/uploads\/2023\/03\/s2-58-1536x1229.jpg 1536w, https:\/\/szkolenia-udt.pl\/wp-content\/uploads\/2023\/03\/s2-58-15x12.jpg 15w, https:\/\/szkolenia-udt.pl\/wp-content\/uploads\/2023\/03\/s2-58.jpg 1600w\" sizes=\"auto, (max-width: 512px) 100vw, 512px\" \/><\/a><\/figure>\n<\/div>\n\n\n<h2 class=\"wp-block-heading\">Podno\u015bniki koszowe&nbsp;<\/h2>\n\n\n\n<p>Charakteryzuj\u0105 si\u0119 one niewielkim rozmiarami podwoziem, na kt\u00f3rym zamontowany jest nap\u0119d. Na podwoziu umieszczone jest wysuwane b\u0105d\u017a \u0142amane, teleskopowe lub przegubowo \u2013 teleskopowe rami\u0119 z koszem. Zasi\u0119g platformy roboczej jest bardzo du\u017cy (nawet do 20m), co umo\u017cliwia prac\u0119 na najwy\u017cszych kondygnacjach budynk\u00f3w, a nawet dachach.&nbsp;<\/p>\n\n\n\n<h2 class=\"wp-block-heading\">Podesty ruchome wisz\u0105ce&nbsp;<\/h2>\n\n\n\n<p>Sk\u0142adaj\u0105 si\u0119 z platformy roboczej, wci\u0105garki, lin no\u015bnych oraz bezpiecze\u0144stwa. Mog\u0105 by\u0107 na sta\u0142e przymocowane do budynku w celu wykonywania prac porz\u0105dkowych i konserwatorskich lub tymczasowo na czas wykonywania prac.&nbsp;<\/p>\n\n\n\n<h2 class=\"wp-block-heading\">Podesty ruchome przejezdne&nbsp;<\/h2>\n\n\n\n<p>To maszyny przejezdne przeznaczone do przemieszczania pracownik\u00f3w na stanowiska robocze. Sk\u0142adaj\u0105 si\u0119 z platformy roboczej z elementami sterowniczymi, wysi\u0119gnika oraz podwozia. Wyst\u0119puj\u0105 w wersji przemys\u0142owej lub no\u017cycowej.&nbsp;<\/p>\n\n\n\n<h2 class=\"wp-block-heading\">Podesty ruchome masztowe&nbsp;<\/h2>\n\n\n\n<p>Platforma robocza porusza si\u0119 po maszcie lub masztach. Zbudowany jest on zazwyczaj w konstrukcji kratownicowej. Najcz\u0119\u015bciej stosowanym mechanizmem podnoszenia jest d\u017awignik z\u0119batkowy. Podwozie, do kt\u00f3rego przymocowane s\u0105 maszty, ma posta\u0107 w\u00f3zka przystosowanego do holowania. Urz\u0105dzenie mo\u017ce wyst\u0119powa\u0107 w wersji jednomasztowej lub dwumasztowej.&nbsp;<\/p>\n\n\n<div class=\"wp-block-image\">\n<figure class=\"alignright size-large is-resized\"><a href=\"https:\/\/szkolenia-udt.pl\/wp-content\/uploads\/2023\/03\/s2-59.jpg\"><img loading=\"lazy\" decoding=\"async\" src=\"https:\/\/szkolenia-udt.pl\/wp-content\/uploads\/2023\/03\/s2-59-1024x728.jpg\" alt=\"Podno\u015bnik no\u017cycowy podczas rozwieszania reklamy\u00a0\" class=\"wp-image-4336\" width=\"512\" height=\"364\" srcset=\"https:\/\/szkolenia-udt.pl\/wp-content\/uploads\/2023\/03\/s2-59-1024x728.jpg 1024w, https:\/\/szkolenia-udt.pl\/wp-content\/uploads\/2023\/03\/s2-59-300x213.jpg 300w, https:\/\/szkolenia-udt.pl\/wp-content\/uploads\/2023\/03\/s2-59-768x546.jpg 768w, https:\/\/szkolenia-udt.pl\/wp-content\/uploads\/2023\/03\/s2-59-1536x1092.jpg 1536w, https:\/\/szkolenia-udt.pl\/wp-content\/uploads\/2023\/03\/s2-59-18x12.jpg 18w, https:\/\/szkolenia-udt.pl\/wp-content\/uploads\/2023\/03\/s2-59.jpg 1600w\" sizes=\"auto, (max-width: 512px) 100vw, 512px\" \/><\/a><\/figure>\n<\/div>\n\n\n<h2 class=\"wp-block-heading\">Podno\u015bniki no\u017cycowe&nbsp;<\/h2>\n\n\n\n<p>Platforma robocza unoszona jest przez mechanizm no\u017cycowy umieszczony na podwoziu z nap\u0119dem. G\u0142\u00f3wnym ich atutem s\u0105 du\u017ce wymiary platformy roboczej oraz jej ud\u017awig. Na platformie mo\u017ce znajdowa\u0107 si\u0119 jednocze\u015bnie od 2 do 3 os\u00f3b ze sprz\u0119tem.&nbsp;&nbsp;<\/p>\n\n\n\n<h2 class=\"wp-block-heading\">Dlaczego warto skorzysta\u0107 z naszych szkole\u0144?&nbsp;<\/h2>\n\n\n\n<p>Mo\u017cemy pochwali\u0107 si\u0119 wysokim wynikiem zdawalno\u015bci egzamin\u00f3w UDT przez naszych kursant\u00f3w. Jest to mo\u017cliwe dzi\u0119ki naszym instruktorom, kt\u00f3rzy posiadaj\u0105 ogromn\u0105 wiedz\u0119 i do\u015bwiadczenie.&nbsp;&nbsp;<\/p>\n\n\n\n<p>Do dyspozycji naszych kursant\u00f3w s\u0105 kompleksowo przygotowane materia\u0142y szkoleniowe, baza pyta\u0144 egzaminacyjnych oraz nowoczesne o\u015brodki szkoleniowe.&nbsp;<\/p>\n\n\n\n<h2 class=\"wp-block-heading\">Inne oferowane przez nas szkolenia&nbsp;<\/h2>\n\n\n\n<p>W naszej bogatej ofercie szkoleniowej posiadamy r\u00f3wnie\u017c kursy na operator\u00f3w i konserwator\u00f3w:&nbsp;&nbsp;<\/p>\n\n\n\n<div class=\"wp-block-columns is-layout-flex wp-container-core-columns-is-layout-9d6595d7 wp-block-columns-is-layout-flex\">\n<div class=\"wp-block-column is-layout-flow wp-block-column-is-layout-flow\" style=\"flex-basis:50%\">\n<ul class=\"wp-block-list\">\n<li>\u017curawi kolejowych i na pojazdach kolejowych,&nbsp;&nbsp;<\/li>\n\n\n\n<li>\u017curawi stacjonarnych,&nbsp;<\/li>\n\n\n\n<li>\u017curawi p\u0142ywaj\u0105cych,&nbsp;&nbsp;<\/li>\n\n\n\n<li>podno\u015bnik\u00f3w no\u017cycowych,&nbsp;&nbsp;<\/li>\n\n\n\n<li>\u017curawi przewo\u017anych i przeno\u015bnych,&nbsp;&nbsp;<\/li>\n\n\n\n<li>podno\u015bnik\u00f3w koszowych,&nbsp;&nbsp;&nbsp;&nbsp;<\/li>\n\n\n\n<li>\u017curawie szynowych,&nbsp;&nbsp;<\/li>\n<\/ul>\n<\/div>\n\n\n\n<div class=\"wp-block-column is-layout-flow wp-block-column-is-layout-flow\" style=\"flex-basis:50%\">\n<ul class=\"wp-block-list\">\n<li>\u017curawi statkowych,&nbsp;&nbsp;<\/li>\n\n\n\n<li>podno\u015bnik\u00f3w no\u017cycowych,&nbsp;&nbsp;<\/li>\n\n\n\n<li>\u017curawi wie\u017cowych i szybko montuj\u0105cych,&nbsp;&nbsp;<\/li>\n\n\n\n<li>suwnic, \u017curawi kolejowych i na pojazdach kolejowych,&nbsp;&nbsp;<\/li>\n\n\n\n<li>w\u00f3zk\u00f3w wid\u0142owych,&nbsp;&nbsp;&nbsp;<\/li>\n\n\n\n<li>\u017curawi samojezdnych,<\/li>\n\n\n\n<li>\u0142adowarek teleskopowych.&nbsp;<\/li>\n<\/ul>\n<\/div>\n<\/div>\n\n\n<div class=\"wp-block-image\">\n<figure class=\"alignright size-large is-resized\"><a href=\"https:\/\/szkolenia-udt.pl\/wp-content\/uploads\/2023\/03\/istanbul-asma-iskele-fiyatlarY.jpg\"><img loading=\"lazy\" decoding=\"async\" src=\"https:\/\/szkolenia-udt.pl\/wp-content\/uploads\/2023\/03\/istanbul-asma-iskele-fiyatlarY-1024x711.jpg\" alt=\"podesty ruchome wisz\u0105ce podczas pracy\" class=\"wp-image-4284\" width=\"512\" height=\"356\" srcset=\"https:\/\/szkolenia-udt.pl\/wp-content\/uploads\/2023\/03\/istanbul-asma-iskele-fiyatlarY-1024x711.jpg 1024w, https:\/\/szkolenia-udt.pl\/wp-content\/uploads\/2023\/03\/istanbul-asma-iskele-fiyatlarY-300x208.jpg 300w, https:\/\/szkolenia-udt.pl\/wp-content\/uploads\/2023\/03\/istanbul-asma-iskele-fiyatlarY-768x533.jpg 768w, https:\/\/szkolenia-udt.pl\/wp-content\/uploads\/2023\/03\/istanbul-asma-iskele-fiyatlarY-18x12.jpg 18w, https:\/\/szkolenia-udt.pl\/wp-content\/uploads\/2023\/03\/istanbul-asma-iskele-fiyatlarY.jpg 1078w\" sizes=\"auto, (max-width: 512px) 100vw, 512px\" \/><\/a><\/figure>\n<\/div>\n\n\n<h2 class=\"wp-block-heading\">Inne oferowane przez nas us\u0142ugi&nbsp;<\/h2>\n\n\n\n<p>Prowadzimy r\u00f3wnie\u017c serwis stacjonarny i mobilny:&nbsp;&nbsp;<\/p>\n\n\n\n<ul class=\"wp-block-list\">\n<li>suwnic,&nbsp;&nbsp;<\/li>\n\n\n\n<li>w\u00f3zk\u00f3w wid\u0142owych,&nbsp;&nbsp;<\/li>\n\n\n\n<li>podno\u015bnik\u00f3w no\u017cycowych,&nbsp;&nbsp;<\/li>\n\n\n\n<li>podno\u015bnik\u00f3w koszowych,&nbsp;<\/li>\n\n\n\n<li>\u0142adowarek teleskopowych.&nbsp;&nbsp;<\/li>\n<\/ul>\n\n\n\n<p>Prowadzimy te\u017c sprzeda\u017c nowych i u\u017cywanych wy\u017cej wymienionych urz\u0105dze\u0144. Oferujemy r\u00f3wnie\u017c pomoc przy zakupie maszyn UDT, fachowe doradztwo oraz audyt.&nbsp;<\/p>\n\n\n\n<p>Je\u017celi jeste\u015b zainteresowany skorzystaniem z <a href=\"https:\/\/szkolenia-udt.pl\/ru\/oferta\/\">naszych us\u0142ug<\/a> skorzystaj z formularza kontaktowego lub <a href=\"https:\/\/szkolenia-udt.pl\/ru\/kontakt\/\">skontaktuj si\u0119 z nami<\/a> telefonicznie. Je\u015bli masz pytania z ch\u0119ci\u0105 na nie odpowiemy.<\/p>\n\n\n\n<h2 class=\"wp-block-heading\">Pytania i odpowiedzi:<\/h2>\n\n\n\t\t<details\t\thelp class=\"sc_fs_faq sc_card    \"\n\t\topen\t\t>\n\t\t\t\t\t<summary>\n\t\t\t\t<h3>1. Na jakiego rodzaju podesty ruchome oferujecie szkolenia?<\/h3>\t\t\t\t\t<\/summary>\n\t\t\t\t<div>\n\t\t\t\t\t\t<div class=\"sc_fs_faq__content\">\n\t\t\t\t\n\n<p>Oferujemy szkolenia na operator\u00f3w i konserwator\u00f3w UDT na maszyny takie jak: podno\u015bniki koszowe, podno\u015bniki no\u017cycowe, podesty wisz\u0105ce, przejezdne, masztowe oraz na pojazdach kolejowych.&nbsp;<\/p>\n\n\t\t\t<\/div>\n\t\t<\/div>\n\t\t<\/details>\n\t\t\t\t<details\t\thelp class=\"sc_fs_faq sc_card    \"\n\t\t\t\t>\n\t\t\t\t\t<summary>\n\t\t\t\t<h3>2. Jakie s\u0105 wymagania wzgl\u0119dem kandydata na operatora podest\u00f3w wisz\u0105cych?<\/h3>\t\t\t\t\t<\/summary>\n\t\t\t\t<div>\n\t\t\t\t\t\t<div class=\"sc_fs_faq__content\">\n\t\t\t\t\n\n<p>Kandydat na operatora podest\u00f3w wisz\u0105cych musi mie\u0107: uko\u0144czone 18 lat, wykszta\u0142cenie co najmniej podstawowe oraz brak przeciwskazani medycznych.<\/p>\n\n\t\t\t<\/div>\n\t\t<\/div>\n\t\t<\/details>\n\t\t\t\t<details\t\thelp class=\"sc_fs_faq sc_card    \"\n\t\t\t\t>\n\t\t\t\t\t<summary>\n\t\t\t\t<h3>3. Czego b\u0119dzie uczy\u0142 si\u0119 kandydat podczas kursu?\u00a0<\/h3>\t\t\t\t\t<\/summary>\n\t\t\t\t<div>\n\t\t\t\t\t\t<div class=\"sc_fs_faq__content\">\n\t\t\t\t\n\n<p>Podczas kursu kandydat b\u0119dzie si\u0119 uczy\u0142 wiedzy og\u00f3lnej na temat protest\u00f3w ruchomych, tj.: rodzaj\u00f3w podest\u00f3w, budowy urz\u0105dze\u0144, cz\u0119stych usterek, obowi\u0105zk\u00f3w konserwatora i operatora, eksploatacji podest\u00f3w, dokumentacji technicznej, BHP, planu konserwacji, poj\u0119cia stateczno\u015bci urz\u0105dzenia, urz\u0105dze\u0144 zabezpieczaj\u0105cych, cz\u0119\u015bci mechanicznych i elektrycznych, podstaw wiadomo\u015bci o dozorze technicznym, pracy w specyficznych warunkach, przepis\u00f3w przeciwpo\u017carowych oraz pierwszej pomocy przedmedycznej.&nbsp;<\/p>\n\n\t\t\t<\/div>\n\t\t<\/div>\n\t\t<\/details>\n\t\t\t\t<details\t\thelp class=\"sc_fs_faq sc_card    \"\n\t\t\t\t>\n\t\t\t\t\t<summary>\n\t\t\t\t<h3>4. Jaka jest specyfikacja podno\u015bnik\u00f3w koszowych?  <\/h3>\t\t\t\t\t<\/summary>\n\t\t\t\t<div>\n\t\t\t\t\t\t<div class=\"sc_fs_faq__content\">\n\t\t\t\t\n\n<p>Podno\u015bniki koszowe charakteryzuj\u0105 si\u0119 niewielkimi rozmiarami podwozia, na kt\u00f3rym zamontowany jest nap\u0119d, a na nim zamontowane jest wysuwane, b\u0105d\u017a \u0142amane, teleskopowe lub przegubowo-teleskopowe rami\u0119 z koszem. Maj\u0105 bardzo du\u017cy zasi\u0119g platformy roboczej (nawet do 20m), co umo\u017cliwia prac\u0119 na balkonach, tarasach i dachach budynk\u00f3w.&nbsp;<\/p>\n\n\t\t\t<\/div>\n\t\t<\/div>\n\t\t<\/details>\n\t\t\n<script type=\"application\/ld+json\">\n\t{\n\t\t\"@context\": \"https:\/\/schema.org\",\n\t\t\"@type\": \"FAQPage\",\n\t\t\"mainEntity\": [\n\t\t\t\t\t{\n\t\t\t\t\"@type\": \"Question\",\n\t\t\t\t\"name\": \"1. Na jakiego rodzaju podesty ruchome oferujecie szkolenia?\",\n\t\t\t\t\"acceptedAnswer\": {\n\t\t\t\t\t\"@type\": \"Answer\",\n\t\t\t\t\t\"text\": \"<p>Oferujemy szkolenia na operator\u00f3w i konserwator\u00f3w UDT na maszyny takie jak: podno\u015bniki koszowe, podno\u015bniki no\u017cycowe, podesty wisz\u0105ce, przejezdne, masztowe oraz na pojazdach kolejowych.&nbsp;<\/p>\"\n\t\t\t\t\t\t\t\t\t}\n\t\t\t}\n\t\t\t,\t\t\t\t{\n\t\t\t\t\"@type\": \"Question\",\n\t\t\t\t\"name\": \"2. Jakie s\u0105 wymagania wzgl\u0119dem kandydata na operatora podest\u00f3w wisz\u0105cych?\",\n\t\t\t\t\"acceptedAnswer\": {\n\t\t\t\t\t\"@type\": \"Answer\",\n\t\t\t\t\t\"text\": \"<p>Kandydat na operatora podest\u00f3w wisz\u0105cych musi mie\u0107: uko\u0144czone 18 lat, wykszta\u0142cenie co najmniej podstawowe oraz brak przeciwskazani medycznych.<\/p>\"\n\t\t\t\t\t\t\t\t\t}\n\t\t\t}\n\t\t\t,\t\t\t\t{\n\t\t\t\t\"@type\": \"Question\",\n\t\t\t\t\"name\": \"3. Czego b\u0119dzie uczy\u0142 si\u0119 kandydat podczas kursu?\u00a0\",\n\t\t\t\t\"acceptedAnswer\": {\n\t\t\t\t\t\"@type\": \"Answer\",\n\t\t\t\t\t\"text\": \"<p>Podczas kursu kandydat b\u0119dzie si\u0119 uczy\u0142 wiedzy og\u00f3lnej na temat protest\u00f3w ruchomych, tj.: rodzaj\u00f3w podest\u00f3w, budowy urz\u0105dze\u0144, cz\u0119stych usterek, obowi\u0105zk\u00f3w konserwatora i operatora, eksploatacji podest\u00f3w, dokumentacji technicznej, BHP, planu konserwacji, poj\u0119cia stateczno\u015bci urz\u0105dzenia, urz\u0105dze\u0144 zabezpieczaj\u0105cych, cz\u0119\u015bci mechanicznych i elektrycznych, podstaw wiadomo\u015bci o dozorze technicznym, pracy w specyficznych warunkach, przepis\u00f3w przeciwpo\u017carowych oraz pierwszej pomocy przedmedycznej.&nbsp;<\/p>\"\n\t\t\t\t\t\t\t\t\t}\n\t\t\t}\n\t\t\t,\t\t\t\t{\n\t\t\t\t\"@type\": \"Question\",\n\t\t\t\t\"name\": \"4. Jaka jest specyfikacja podno\u015bnik\u00f3w koszowych?  \",\n\t\t\t\t\"acceptedAnswer\": {\n\t\t\t\t\t\"@type\": \"Answer\",\n\t\t\t\t\t\"text\": \"<p>Podno\u015bniki koszowe charakteryzuj\u0105 si\u0119 niewielkimi rozmiarami podwozia, na kt\u00f3rym zamontowany jest nap\u0119d, a na nim zamontowane jest wysuwane, b\u0105d\u017a \u0142amane, teleskopowe lub przegubowo-teleskopowe rami\u0119 z koszem. Maj\u0105 bardzo du\u017cy zasi\u0119g platformy roboczej (nawet do 20m), co umo\u017cliwia prac\u0119 na balkonach, tarasach i dachach budynk\u00f3w.&nbsp;<\/p>\"\n\t\t\t\t\t\t\t\t\t}\n\t\t\t}\n\t\t\t\t\t\t]\n\t}\n<\/script>\n","protected":false},"excerpt":{"rendered":"<p>Kursy konserwatorskie i operatorskie W naszej ofercie szkoleniowej posiadamy profesjonalne kursy na operator\u00f3w i konserwator\u00f3w: podno\u015bnik\u00f3w koszowych, podno\u015bnik\u00f3w no\u017cycowych, podest\u00f3w wisz\u0105cych, przejezdnych, masztowych oraz na pojazdach kolejowych. Oferowane przez nas kursy pozwalaj\u0105 zdoby\u0107 lub odnowi\u0107 uprawnie\u0144 niezb\u0119dnych do obs\u0142ugi lub konserwacji podest\u00f3w ruchomych. Nasza firma prowadzi kursy na najwy\u017cszym poziomie merytorycznym,&nbsp;zgodnie z najnowszymi wytycznymi Urz\u0119du [&hellip;]<\/p>\n","protected":false},"author":10,"featured_media":4561,"parent":2266,"menu_order":0,"comment_status":"closed","ping_status":"closed","template":"","meta":{"footnotes":""},"class_list":["post-4192","page","type-page","status-publish","has-post-thumbnail","hentry"],"aioseo_notices":[],"_links":{"self":[{"href":"https:\/\/szkolenia-udt.pl\/ru\/wp-json\/wp\/v2\/pages\/4192","targetHints":{"allow":["GET"]}}],"collection":[{"href":"https:\/\/szkolenia-udt.pl\/ru\/wp-json\/wp\/v2\/pages"}],"about":[{"href":"https:\/\/szkolenia-udt.pl\/ru\/wp-json\/wp\/v2\/types\/page"}],"author":[{"embeddable":true,"href":"https:\/\/szkolenia-udt.pl\/ru\/wp-json\/wp\/v2\/users\/10"}],"replies":[{"embeddable":true,"href":"https:\/\/szkolenia-udt.pl\/ru\/wp-json\/wp\/v2\/comments?post=4192"}],"version-history":[{"count":10,"href":"https:\/\/szkolenia-udt.pl\/ru\/wp-json\/wp\/v2\/pages\/4192\/revisions"}],"predecessor-version":[{"id":4563,"href":"https:\/\/szkolenia-udt.pl\/ru\/wp-json\/wp\/v2\/pages\/4192\/revisions\/4563"}],"up":[{"embeddable":true,"href":"https:\/\/szkolenia-udt.pl\/ru\/wp-json\/wp\/v2\/pages\/2266"}],"wp:featuredmedia":[{"embeddable":true,"href":"https:\/\/szkolenia-udt.pl\/ru\/wp-json\/wp\/v2\/media\/4561"}],"wp:attachment":[{"href":"https:\/\/szkolenia-udt.pl\/ru\/wp-json\/wp\/v2\/media?parent=4192"}],"curies":[{"name":"wp","href":"https:\/\/api.w.org\/{rel}","templated":true}]}}