{"id":4194,"date":"2023-03-16T19:02:04","date_gmt":"2023-03-16T18:02:04","guid":{"rendered":"https:\/\/szkolenia-udt.pl\/?page_id=4194"},"modified":"2023-03-17T00:58:25","modified_gmt":"2023-03-16T23:58:25","slug":"%d1%80%d0%b0%d0%b7%d1%80%d0%b5%d1%88%d0%b5%d0%bd%d0%b8%d0%b5-tdt-%d0%bd%d0%b0-%d0%b8%d1%81%d0%bf%d0%be%d0%bb%d1%8c%d0%b7%d0%be%d0%b2%d0%b0%d0%bd%d0%b8%d0%b5-%d1%80%d0%b5%d0%bb%d1%8c%d1%81%d0%be%d0%b2","status":"publish","type":"page","link":"https:\/\/szkolenia-udt.pl\/ru\/kursy\/uprawnienia-udt-tdt-wdt\/uprawnienia-tdt-na-zurawie-kolejowe\/","title":{"rendered":"\u041a\u0443\u0440\u0441 \u0430\u0432\u0442\u043e\u0440\u0438\u0437\u0430\u0446\u0438\u0438 TDT \u0434\u043b\u044f \u0436\u0435\u043b\u0435\u0437\u043d\u043e\u0434\u043e\u0440\u043e\u0436\u043d\u044b\u0445 \u043a\u0440\u0430\u043d\u043e\u0432"},"content":{"rendered":"\n<h2 class=\"wp-block-heading\">\u017buraw kolejowy<\/h2>\n\n\n\n<p>\u017buraw kolejowy to specjalistyczny pojazd kolejowy wykorzystywany do przemieszczania \u0142adunk\u00f3w w poziomie b\u0105d\u017a pionie. U\u017cywa si\u0119 go do prac remontowych, \u0142adunkowych budowlanych, gospodarczych czy tak\u017ce do usuwania skutk\u00f3w katastrof kolejowych.&nbsp;&nbsp;<\/p>\n\n\n\n<p>W wi\u0119kszo\u015bci maszyny te posiadaj\u0105 w\u0142asny nap\u0119d, dzi\u0119ki czemu mog\u0105 si\u0119 one przemieszcza\u0107 z niewielk\u0105 pr\u0119dko\u015bci\u0105. Powy\u017csze \u017curawie r\u00f3wnie\u017c podlegaj\u0105 pod doz\u00f3r techniczny. Aby zosta\u0107 operatorem lub konserwatorem takiego urz\u0105dzenia trzeba posiada\u0107 odpowiednie uprawnienia. <\/p>\n\n\n\n<p>Serdecznie zapraszamy do skorzystania z <a href=\"https:\/\/szkolenia-udt.pl\/ru\/oferta\/\">naszej oferty<\/a> szkoleniowej. Tym razem proponujemy Pa\u0144stwu kurs na uprawniania na \u017curawie kolejowe i na pojazdach kolejowych.&nbsp;<\/p>\n\n\n<div class=\"wp-block-image\">\n<figure class=\"alignright size-large is-resized\"><a href=\"https:\/\/szkolenia-udt.pl\/wp-content\/uploads\/2023\/03\/Multi_Tasker_1200_type_rail_crane_by_Kirow_KRC_-scaled.jpeg\"><img loading=\"lazy\" decoding=\"async\" src=\"https:\/\/szkolenia-udt.pl\/wp-content\/uploads\/2023\/03\/Multi_Tasker_1200_type_rail_crane_by_Kirow_KRC_-1024x680.jpeg\" alt=\"Szkolenie na operatora \u017curawia kolejowego\" class=\"wp-image-4320\" width=\"512\" height=\"340\" srcset=\"https:\/\/szkolenia-udt.pl\/wp-content\/uploads\/2023\/03\/Multi_Tasker_1200_type_rail_crane_by_Kirow_KRC_-1024x680.jpeg 1024w, https:\/\/szkolenia-udt.pl\/wp-content\/uploads\/2023\/03\/Multi_Tasker_1200_type_rail_crane_by_Kirow_KRC_-300x199.jpeg 300w, https:\/\/szkolenia-udt.pl\/wp-content\/uploads\/2023\/03\/Multi_Tasker_1200_type_rail_crane_by_Kirow_KRC_-768x510.jpeg 768w, https:\/\/szkolenia-udt.pl\/wp-content\/uploads\/2023\/03\/Multi_Tasker_1200_type_rail_crane_by_Kirow_KRC_-1536x1020.jpeg 1536w, https:\/\/szkolenia-udt.pl\/wp-content\/uploads\/2023\/03\/Multi_Tasker_1200_type_rail_crane_by_Kirow_KRC_-2048x1360.jpeg 2048w, https:\/\/szkolenia-udt.pl\/wp-content\/uploads\/2023\/03\/Multi_Tasker_1200_type_rail_crane_by_Kirow_KRC_-18x12.jpeg 18w\" sizes=\"auto, (max-width: 512px) 100vw, 512px\" \/><\/a><\/figure>\n<\/div>\n\n\n<h2 class=\"wp-block-heading\">Cel i przebieg kursu&nbsp;&nbsp;<\/h2>\n\n\n\n<p>Celem naszego szkolenia jest efektowne i kompleksowe przygotowanie kursant\u00f3w do egzaminu pa\u0144stwowego TDT na uprawnienia do obs\u0142ugi i konserwacji \u017curawi kolejowych.&nbsp;&nbsp;<\/p>\n\n\n\n<h3 class=\"wp-block-heading\">Przebieg szkolenia<\/h3>\n\n\n\n<p>Kurs na operatora b\u0105d\u017a konserwatora \u017curawi kolejowych obejmuje zaj\u0119cia teoretyczne oraz zaj\u0119cia praktyczne, a ko\u0144czy si\u0119 egzaminem pa\u0144stwowym zdawanym przed komisj\u0105 egzaminacyjn\u0105 Transportowego Dozoru Technicznego i wydaniem stosownych uprawnie\u0144 po jego zaliczeniu z wynikiem pozytywnym.&nbsp;<\/p>\n\n\n\n<p>Cz\u0119\u015b\u0107 teoretyczna kursu prowadzona jest fizycznie w naszym centrum szkoleniowym lub te\u017c zdalnie, w zale\u017cno\u015bci od rodzaju formy, kt\u00f3r\u0105 Pa\u0144stwo wybior\u0105.&nbsp;&nbsp;<\/p>\n\n\n\n<p>Zaj\u0119cia praktyczne odbywaj\u0105 si\u0119 na maszynach w naszym <a href=\"https:\/\/szkolenia-udt.pl\/ru\/o-firmie\/\">o\u015brodku<\/a> lub u klienta.&nbsp;&nbsp;<\/p>\n\n\n\n<p>Ka\u017cdy uczestnik naszego kursu otrzymuje dodatkowe materia\u0142y dydaktyczne.&nbsp;<\/p>\n\n\n<div class=\"wp-block-image\">\n<figure class=\"alignright size-large is-resized\"><a href=\"https:\/\/szkolenia-udt.pl\/wp-content\/uploads\/2023\/03\/Rauma-Repola_RC_200_rail_crane_01-scaled.jpg\"><img loading=\"lazy\" decoding=\"async\" src=\"https:\/\/szkolenia-udt.pl\/wp-content\/uploads\/2023\/03\/Rauma-Repola_RC_200_rail_crane_01-1024x683.jpg\" alt=\"Konserwacja d\u017awigu kolejowego\" class=\"wp-image-4321\" width=\"512\" height=\"342\" srcset=\"https:\/\/szkolenia-udt.pl\/wp-content\/uploads\/2023\/03\/Rauma-Repola_RC_200_rail_crane_01-1024x683.jpg 1024w, https:\/\/szkolenia-udt.pl\/wp-content\/uploads\/2023\/03\/Rauma-Repola_RC_200_rail_crane_01-300x200.jpg 300w, https:\/\/szkolenia-udt.pl\/wp-content\/uploads\/2023\/03\/Rauma-Repola_RC_200_rail_crane_01-768x512.jpg 768w, https:\/\/szkolenia-udt.pl\/wp-content\/uploads\/2023\/03\/Rauma-Repola_RC_200_rail_crane_01-1536x1024.jpg 1536w, https:\/\/szkolenia-udt.pl\/wp-content\/uploads\/2023\/03\/Rauma-Repola_RC_200_rail_crane_01-2048x1365.jpg 2048w, https:\/\/szkolenia-udt.pl\/wp-content\/uploads\/2023\/03\/Rauma-Repola_RC_200_rail_crane_01-18x12.jpg 18w\" sizes=\"auto, (max-width: 512px) 100vw, 512px\" \/><\/a><\/figure>\n<\/div>\n\n\n<h2 class=\"wp-block-heading\">Program szkolenia zawiera:&nbsp;<\/h2>\n\n\n\n<ul class=\"wp-block-list\">\n<li>informacje o dozorze technicznym,&nbsp;<\/li>\n\n\n\n<li>bezpiecze\u0144stwo i higien\u0119 pracy,&nbsp;<\/li>\n\n\n\n<li>maszynoznawstwo specjalistyczne \u2013 budowa \u017curawi,&nbsp;<\/li>\n\n\n\n<li>eksploatacja d\u017awig\u00f3w, obowi\u0105zki operator\u00f3w \u017curawi,&nbsp;<\/li>\n\n\n\n<li>serwisowanie d\u017awig\u00f3w, obowi\u0105zki konserwator\u00f3w \u017curawi,&nbsp;&nbsp;<\/li>\n\n\n\n<li>og\u00f3lne informacje o \u017curawiach stacjonarnych,&nbsp;<\/li>\n\n\n\n<li>zaj\u0119cia praktyczne na \u017curawiach.&nbsp;&nbsp;<\/li>\n<\/ul>\n\n\n\n<h2 class=\"wp-block-heading\">Dlaczego warto przyst\u0105pi\u0107 do naszych kurs\u00f3w na uprawnienia?&nbsp;<\/h2>\n\n\n\n<p>Jeste\u015bmy firm\u0105 dzia\u0142aj\u0105c\u0105 na polu szkole\u0144 ju\u017c od wielu lat. Przez ten czas pozyskali\u015bmy wyspecjalizowan\u0105 i kompetentn\u0105 kadr\u0119 szkoleniowc\u00f3w. Nasze ceny s\u0105 zawsze dobierane indywidualnie po obraniu odpowiedniej formy szkolenia i porozumieniu z klientem.&nbsp;&nbsp;<\/p>\n\n\n<div class=\"wp-block-image\">\n<figure class=\"alignright size-large is-resized\"><a href=\"https:\/\/szkolenia-udt.pl\/wp-content\/uploads\/2023\/03\/produkcja_1.jpg\"><img loading=\"lazy\" decoding=\"async\" src=\"https:\/\/szkolenia-udt.pl\/wp-content\/uploads\/2023\/03\/produkcja_1-1024x747.jpg\" alt=\"Szkolenia na uprawnienia TDT\" class=\"wp-image-4324\" width=\"512\" height=\"374\" srcset=\"https:\/\/szkolenia-udt.pl\/wp-content\/uploads\/2023\/03\/produkcja_1-1024x747.jpg 1024w, https:\/\/szkolenia-udt.pl\/wp-content\/uploads\/2023\/03\/produkcja_1-300x219.jpg 300w, https:\/\/szkolenia-udt.pl\/wp-content\/uploads\/2023\/03\/produkcja_1-768x560.jpg 768w, https:\/\/szkolenia-udt.pl\/wp-content\/uploads\/2023\/03\/produkcja_1-1536x1120.jpg 1536w, https:\/\/szkolenia-udt.pl\/wp-content\/uploads\/2023\/03\/produkcja_1-16x12.jpg 16w, https:\/\/szkolenia-udt.pl\/wp-content\/uploads\/2023\/03\/produkcja_1-135x100.jpg 135w, https:\/\/szkolenia-udt.pl\/wp-content\/uploads\/2023\/03\/produkcja_1.jpg 1920w\" sizes=\"auto, (max-width: 512px) 100vw, 512px\" \/><\/a><\/figure>\n<\/div>\n\n\n<h2 class=\"wp-block-heading\">Jakie s\u0105 wymogi, aby wzi\u0105\u0107 udzia\u0142 w kursie?&nbsp;<\/h2>\n\n\n\n<p>Wystarczy mie\u0107 uko\u0144czone 18 lat, posiada\u0107 wykszta\u0142cenie na poziomie minimum podstawowym oraz otrzyma\u0107 od lekarza za\u015bwiadczenie o braku przeciwwskaza\u0144 medycznych do podj\u0119cia pracy w charakterze operatora lub konserwatora \u017curawia kolejowego.&nbsp;<\/p>\n\n\n\n<h3 class=\"wp-block-heading\"><strong>Na naszej stronie mog\u0105 Pa\u0144stwo znale\u017a\u0107 te\u017c kursy dla operator\u00f3w i konserwator\u00f3w innych maszyn, zaliczaj\u0105 si\u0119 do nich m.in.:<\/strong>&nbsp;<\/h3>\n\n\n\n<ul class=\"wp-block-list\">\n<li>w\u00f3zki wid\u0142owe,&nbsp;&nbsp;<\/li>\n\n\n\n<li>suwnice,&nbsp;<\/li>\n\n\n\n<li>podesty ruchome,&nbsp;&nbsp;<\/li>\n\n\n\n<li>pozosta\u0142e rodzaje \u017curawi.&nbsp;&nbsp;<\/li>\n<\/ul>\n\n\n\n<p><a href=\"https:\/\/szkolenia-udt.pl\/ru\/kontakt\/\">Zapraszamy do wsp\u00f3\u0142pracy<\/a>.&nbsp;Jeste\u015bmy otwarci na wszystkie wasze pytania.&nbsp;<\/p>\n\n\n\n<p>Prosimy o kontakt mailowy b\u0105d\u017a telefoniczny, wszystkie informacje kontaktowe znajdziecie Pa\u0144stwo na naszej stronie internetowej.<\/p>\n\n\n\n<h2 class=\"wp-block-heading\">Pytania i odpowiedzi:<\/h2>\n\n\n\t\t<details\t\thelp class=\"sc_fs_faq sc_card    \"\n\t\topen\t\t>\n\t\t\t\t\t<summary>\n\t\t\t\t<h3>1. Gdzie odbywaj\u0105 si\u0119 kursy? <\/h3>\t\t\t\t\t<\/summary>\n\t\t\t\t<div>\n\t\t\t\t\t\t<div class=\"sc_fs_faq__content\">\n\t\t\t\t\n\n<p>Kursy odbywaj\u0105 si\u0119 w naszej siedzibie w Warszawie lub w miejscu wskazanym przez zleceniodawc\u0119. Cz\u0119\u015b\u0107 teoretyczna zazwyczaj odbywa si\u0119 stacjonarnie w naszej plac\u00f3wce, ale istnieje te\u017c mo\u017cliwo\u015b\u0107 uczestnictwa online, za to cz\u0119\u015b\u0107 praktyczna odbywa si\u0119 na placu szkoleniowym z wykorzystaniem \u017curawia pod okiem instruktora.<\/p>\n\n\t\t\t<\/div>\n\t\t<\/div>\n\t\t<\/details>\n\t\t\t\t<details\t\thelp class=\"sc_fs_faq sc_card    \"\n\t\t\t\t>\n\t\t\t\t\t<summary>\n\t\t\t\t<h3>2. Czym jest \u017curaw kolejowy?<\/h3>\t\t\t\t\t<\/summary>\n\t\t\t\t<div>\n\t\t\t\t\t\t<div class=\"sc_fs_faq__content\">\n\t\t\t\t\n\n<p>D\u017awig kolejowy to specjalistyczny pojazd kolejowy wykorzystywany do przemieszczania \u0142adunk\u00f3w. U\u017cywany jest do prac remontowych, budowlanych, gospodarczych czy \u0142adunkowych.<\/p>\n\n\t\t\t<\/div>\n\t\t<\/div>\n\t\t<\/details>\n\t\t\n<script type=\"application\/ld+json\">\n\t{\n\t\t\"@context\": \"https:\/\/schema.org\",\n\t\t\"@type\": \"FAQPage\",\n\t\t\"mainEntity\": [\n\t\t\t\t\t{\n\t\t\t\t\"@type\": \"Question\",\n\t\t\t\t\"name\": \"1. Gdzie odbywaj\u0105 si\u0119 kursy? \",\n\t\t\t\t\"acceptedAnswer\": {\n\t\t\t\t\t\"@type\": \"Answer\",\n\t\t\t\t\t\"text\": \"<p>Kursy odbywaj\u0105 si\u0119 w naszej siedzibie w Warszawie lub w miejscu wskazanym przez zleceniodawc\u0119. Cz\u0119\u015b\u0107 teoretyczna zazwyczaj odbywa si\u0119 stacjonarnie w naszej plac\u00f3wce, ale istnieje te\u017c mo\u017cliwo\u015b\u0107 uczestnictwa online, za to cz\u0119\u015b\u0107 praktyczna odbywa si\u0119 na placu szkoleniowym z wykorzystaniem \u017curawia pod okiem instruktora.<\/p>\"\n\t\t\t\t\t\t\t\t\t}\n\t\t\t}\n\t\t\t,\t\t\t\t{\n\t\t\t\t\"@type\": \"Question\",\n\t\t\t\t\"name\": \"2. Czym jest \u017curaw kolejowy?\",\n\t\t\t\t\"acceptedAnswer\": {\n\t\t\t\t\t\"@type\": \"Answer\",\n\t\t\t\t\t\"text\": \"<p>D\u017awig kolejowy to specjalistyczny pojazd kolejowy wykorzystywany do przemieszczania \u0142adunk\u00f3w. U\u017cywany jest do prac remontowych, budowlanych, gospodarczych czy \u0142adunkowych.<\/p>\"\n\t\t\t\t\t\t\t\t\t}\n\t\t\t}\n\t\t\t\t\t\t]\n\t}\n<\/script>\n","protected":false},"excerpt":{"rendered":"<p>\u017buraw kolejowy \u017buraw kolejowy to specjalistyczny pojazd kolejowy wykorzystywany do przemieszczania \u0142adunk\u00f3w w poziomie b\u0105d\u017a pionie. U\u017cywa si\u0119 go do prac remontowych, \u0142adunkowych budowlanych, gospodarczych czy tak\u017ce do usuwania skutk\u00f3w katastrof kolejowych.&nbsp;&nbsp; W wi\u0119kszo\u015bci maszyny te posiadaj\u0105 w\u0142asny nap\u0119d, dzi\u0119ki czemu mog\u0105 si\u0119 one przemieszcza\u0107 z niewielk\u0105 pr\u0119dko\u015bci\u0105. Powy\u017csze \u017curawie r\u00f3wnie\u017c podlegaj\u0105 pod doz\u00f3r techniczny. [&hellip;]<\/p>\n","protected":false},"author":10,"featured_media":4320,"parent":2266,"menu_order":0,"comment_status":"closed","ping_status":"closed","template":"","meta":{"footnotes":""},"class_list":["post-4194","page","type-page","status-publish","has-post-thumbnail","hentry"],"aioseo_notices":[],"_links":{"self":[{"href":"https:\/\/szkolenia-udt.pl\/ru\/wp-json\/wp\/v2\/pages\/4194","targetHints":{"allow":["GET"]}}],"collection":[{"href":"https:\/\/szkolenia-udt.pl\/ru\/wp-json\/wp\/v2\/pages"}],"about":[{"href":"https:\/\/szkolenia-udt.pl\/ru\/wp-json\/wp\/v2\/types\/page"}],"author":[{"embeddable":true,"href":"https:\/\/szkolenia-udt.pl\/ru\/wp-json\/wp\/v2\/users\/10"}],"replies":[{"embeddable":true,"href":"https:\/\/szkolenia-udt.pl\/ru\/wp-json\/wp\/v2\/comments?post=4194"}],"version-history":[{"count":8,"href":"https:\/\/szkolenia-udt.pl\/ru\/wp-json\/wp\/v2\/pages\/4194\/revisions"}],"predecessor-version":[{"id":4536,"href":"https:\/\/szkolenia-udt.pl\/ru\/wp-json\/wp\/v2\/pages\/4194\/revisions\/4536"}],"up":[{"embeddable":true,"href":"https:\/\/szkolenia-udt.pl\/ru\/wp-json\/wp\/v2\/pages\/2266"}],"wp:featuredmedia":[{"embeddable":true,"href":"https:\/\/szkolenia-udt.pl\/ru\/wp-json\/wp\/v2\/media\/4320"}],"wp:attachment":[{"href":"https:\/\/szkolenia-udt.pl\/ru\/wp-json\/wp\/v2\/media?parent=4194"}],"curies":[{"name":"wp","href":"https:\/\/api.w.org\/{rel}","templated":true}]}}