{"id":42,"date":"2014-10-07T16:22:36","date_gmt":"2014-10-07T16:22:36","guid":{"rendered":"http:\/\/szkolenia-udt.pl\/?page_id=42"},"modified":"2019-05-09T13:41:47","modified_gmt":"2019-05-09T13:41:47","slug":"%d0%bf%d1%80%d0%b0%d0%b2%d0%b8%d0%bb%d0%b0","status":"publish","type":"page","link":"https:\/\/szkolenia-udt.pl\/ru\/uprawnienia-udt\/przepisy\/","title":{"rendered":"\u041f\u0440\u0430\u0432\u0438\u043b\u0430"},"content":{"rendered":"<div class=\"wyjustuj\">\u041c\u044b \u043f\u0440\u0435\u0434\u0441\u0442\u0430\u0432\u043b\u044f\u0435\u043c \u043d\u0430\u0438\u0431\u043e\u043b\u0435\u0435 \u0432\u0430\u0436\u043d\u044b\u0435 \u043f\u043e\u043b\u043e\u0436\u0435\u043d\u0438\u044f, \u0441\u0432\u044f\u0437\u0430\u043d\u043d\u044b\u0435 \u0441 \u043d\u0430\u0448\u0435\u0439 <a href=\"https:\/\/szkolenia-udt.pl\/ru\/o-firmie\/\">\u0426\u0435\u043d\u0442\u0440<\/a> \u0443\u0447\u0435\u0431\u043d\u044b\u0435 \u043c\u0435\u0440\u043e\u043f\u0440\u0438\u044f\u0442\u0438\u044f, \u0443\u0441\u043b\u043e\u0432\u0438\u044f, \u043d\u0430 \u043a\u043e\u0442\u043e\u0440\u044b\u0445 \u0432\u044b\u0434\u0430\u044e\u0442\u0441\u044f \u0440\u0430\u0437\u0440\u0435\u0448\u0435\u043d\u0438\u044f UDT, \u0438 \u0442\u0435\u0445\u043d\u0438\u0447\u0435\u0441\u043a\u043e\u0435 \u043e\u0431\u043e\u0440\u0443\u0434\u043e\u0432\u0430\u043d\u0438\u0435, \u043f\u043e\u0434\u043b\u0435\u0436\u0430\u0449\u0435\u0435 \u0442\u0435\u0445\u043d\u0438\u0447\u0435\u0441\u043a\u043e\u043c\u0443 \u043d\u0430\u0434\u0437\u043e\u0440\u0443.<\/p>\n<ul>\n<ul>\n<li><strong>\u041f\u043e\u0441\u0442\u0430\u043d\u043e\u0432\u043b\u0435\u043d\u0438\u0435 \u0421\u043e\u0432\u0435\u0442\u0430 \u041c\u0438\u043d\u0438\u0441\u0442\u0440\u043e\u0432 \u043e\u0442 7 \u0434\u0435\u043a\u0430\u0431\u0440\u044f 2012 \u0433\u043e\u0434\u0430 \u043e \u0432\u0438\u0434\u0430\u0445 \u0442\u0435\u0445\u043d\u0438\u0447\u0435\u0441\u043a\u0438\u0445 \u0443\u0441\u0442\u0440\u043e\u0439\u0441\u0442\u0432, \u043f\u043e\u0434\u043b\u0435\u0436\u0430\u0449\u0438\u0445 \u0442\u0435\u0445\u043d\u0438\u0447\u0435\u0441\u043a\u043e\u043c\u0443 \u043d\u0430\u0434\u0437\u043e\u0440\u0443 (\u0417\u0430\u043a\u043e\u043d\u043e\u0434\u0430\u0442\u0435\u043b\u044c\u043d\u044b\u0439 \u0432\u0435\u0441\u0442\u043d\u0438\u043a 2012 \u2116 0 \u043f\u043e\u0437. 1468), \u0438\u0437\u0434\u0430\u043d\u043d\u043e\u0435 \u043d\u0430 \u043e\u0441\u043d\u043e\u0432\u0430\u043d\u0438\u0438 \u0441\u0442\u0430\u0442\u044c\u0438 5(2) \u0417\u0430\u043a\u043e\u043d\u0430 \u043e \u0442\u0435\u0445\u043d\u0438\u0447\u0435\u0441\u043a\u043e\u043c \u043d\u0430\u0434\u0437\u043e\u0440\u0435<\/strong><\/li>\n<\/ul>\n<\/ul>\n<p>\u0412 \u0440\u0435\u0433\u043b\u0430\u043c\u0435\u043d\u0442\u0435 \u0443\u043a\u0430\u0437\u0430\u043d\u044b \u0432\u0438\u0434\u044b \u0442\u0435\u0445\u043d\u0438\u0447\u0435\u0441\u043a\u0438\u0445 \u0441\u0440\u0435\u0434\u0441\u0442\u0432, \u043f\u043e\u0434\u043b\u0435\u0436\u0430\u0449\u0438\u0445 \u0442\u0435\u0445\u043d\u0438\u0447\u0435\u0441\u043a\u043e\u043c\u0443 \u043d\u0430\u0434\u0437\u043e\u0440\u0443. \u0414\u043e\u043a\u0443\u043c\u0435\u043d\u0442 \u0441\u043e\u0434\u0435\u0440\u0436\u0438\u0442 \u0438\u043d\u0444\u043e\u0440\u043c\u0430\u0446\u0438\u044e \u043e \u0444\u043e\u0440\u043c\u0430\u0445 \u0442\u0435\u0445\u043d\u0438\u0447\u0435\u0441\u043a\u043e\u0433\u043e \u043d\u0430\u0434\u0437\u043e\u0440\u0430 \u0437\u0430 \u043e\u0431\u043e\u0440\u0443\u0434\u043e\u0432\u0430\u043d\u0438\u0435\u043c, \u0432\u0430\u0440\u0438\u0430\u043d\u0442\u0430\u0445 \u0442\u0435\u0445\u043d\u0438\u0447\u0435\u0441\u043a\u0438\u0445 \u0438\u0441\u043f\u044b\u0442\u0430\u043d\u0438\u0439 \u0438 \u0441\u0440\u043e\u043a\u0430\u0445 \u0438\u0445 \u043f\u0440\u043e\u0432\u0435\u0434\u0435\u043d\u0438\u044f, \u0430 \u0442\u0430\u043a\u0436\u0435 \u043e\u0431 \u043e\u0431\u044a\u0435\u043c\u0435 \u0438\u0441\u043f\u044b\u0442\u0430\u043d\u0438\u0439 \u0442\u0435\u0445\u043d\u0438\u0447\u0435\u0441\u043a\u043e\u0433\u043e \u043e\u0431\u043e\u0440\u0443\u0434\u043e\u0432\u0430\u043d\u0438\u044f, \u0438\u0441\u043f\u043e\u043b\u044c\u0437\u0443\u0435\u043c\u043e\u0433\u043e \u043d\u0430 \u0440\u0430\u0431\u043e\u0447\u0438\u0445 \u043c\u0435\u0441\u0442\u0430\u0445. \u0420\u0435\u0433\u043b\u0430\u043c\u0435\u043d\u0442 \u0437\u0430\u0442\u0440\u0430\u0433\u0438\u0432\u0430\u0435\u0442 \u0442\u0435\u043c\u0443 \u043e\u0431\u043e\u0440\u0443\u0434\u043e\u0432\u0430\u043d\u0438\u044f, \u0440\u0430\u0431\u043e\u0442\u0430\u044e\u0449\u0435\u0433\u043e \u043f\u043e\u0434 \u0434\u0430\u0432\u043b\u0435\u043d\u0438\u0435\u043c, \u043a\u0440\u0430\u043d\u043e\u0432, \u043e\u0431\u043e\u0440\u0443\u0434\u043e\u0432\u0430\u043d\u0438\u044f, \u0440\u0435\u0430\u043b\u0438\u0437\u0443\u044e\u0449\u0435\u0433\u043e \u0431\u043b\u0438\u0437\u043a\u0443\u044e \u0442\u0440\u0430\u043d\u0441\u043f\u043e\u0440\u0442\u0438\u0440\u043e\u0432\u043a\u0443, \u043a\u0440\u0435\u0441\u0435\u043b\u044c\u043d\u044b\u0445 \u0438 \u043a\u0430\u0431\u0438\u043d\u043d\u044b\u0445 \u043a\u043e\u043d\u0432\u0435\u0439\u0435\u0440\u043e\u0432, \u0440\u0435\u0437\u0435\u0440\u0432\u0443\u0430\u0440\u043e\u0432 \u0434\u043b\u044f \u0445\u0440\u0430\u043d\u0435\u043d\u0438\u044f \u043b\u0435\u0433\u043a\u043e\u0432\u043e\u0441\u043f\u043b\u0430\u043c\u0435\u043d\u044f\u044e\u0449\u0438\u0445\u0441\u044f \u0438 \u044f\u0434\u043e\u0432\u0438\u0442\u044b\u0445 \u043c\u0430\u0442\u0435\u0440\u0438\u0430\u043b\u043e\u0432.<\/p>\n<ul>\n<ul>\n<li><strong>\u0417\u0430\u043a\u043e\u043d \u043e\u0442 21 \u0434\u0435\u043a\u0430\u0431\u0440\u044f 2000 \u0433\u043e\u0434\u0430 \u043e \u0442\u0435\u0445\u043d\u0438\u0447\u0435\u0441\u043a\u043e\u043c \u043d\u0430\u0434\u0437\u043e\u0440\u0435 (\u0417\u0430\u043a\u043e\u043d\u043e\u0434\u0430\u0442\u0435\u043b\u044c\u043d\u044b\u0439 \u0432\u0435\u0441\u0442\u043d\u0438\u043a 2013, \u043f\u043e\u0437. 963, \u0441 \u0438\u0437\u043c\u0435\u043d\u0435\u043d\u0438\u044f\u043c\u0438).<\/strong><\/li>\n<\/ul>\n<\/ul>\n<p>\u0417\u0430\u043a\u043e\u043d \u0441\u043e\u0434\u0435\u0440\u0436\u0438\u0442 \u0438\u043d\u0444\u043e\u0440\u043c\u0430\u0446\u0438\u044e \u043e \u043f\u0440\u0438\u043d\u0446\u0438\u043f\u0430\u0445, \u0444\u043e\u0440\u043c\u0430\u0445 \u0438 \u043f\u0440\u043e\u0444\u0438\u043b\u0435 \u0442\u0435\u0445\u043d\u0438\u0447\u0435\u0441\u043a\u043e\u0433\u043e \u043d\u0430\u0434\u0437\u043e\u0440\u0430, \u043e\u0441\u0443\u0449\u0435\u0441\u0442\u0432\u043b\u044f\u0435\u043c\u043e\u0433\u043e \u0443\u043f\u043e\u043b\u043d\u043e\u043c\u043e\u0447\u0435\u043d\u043d\u044b\u043c\u0438 \u043e\u0440\u0433\u0430\u043d\u0430\u043c\u0438. \u042d\u0442\u043e \u043e\u0441\u043d\u043e\u0432\u043d\u044b\u0435 \u043f\u0440\u0430\u0432\u043e\u0432\u044b\u0435 \u043f\u043e\u043b\u043e\u0436\u0435\u043d\u0438\u044f, \u0432 \u0441\u043e\u043e\u0442\u0432\u0435\u0442\u0441\u0442\u0432\u0438\u0438 \u0441 \u043a\u043e\u0442\u043e\u0440\u044b\u043c\u0438 \u0434\u0435\u0439\u0441\u0442\u0432\u0443\u0435\u0442 \u0423\u043f\u0440\u0430\u0432\u043b\u0435\u043d\u0438\u0435 \u0442\u0435\u0445\u043d\u0438\u0447\u0435\u0441\u043a\u043e\u0439 \u0438\u043d\u0441\u043f\u0435\u043a\u0446\u0438\u0438. \u0414\u043e\u043a\u0443\u043c\u0435\u043d\u0442 \u0442\u0430\u043a\u0436\u0435 \u0441\u043e\u0434\u0435\u0440\u0436\u0438\u0442 \u043f\u043e\u043b\u043e\u0436\u0435\u043d\u0438\u044f \u043e \u0432\u043d\u0435\u0434\u0440\u0435\u043d\u0438\u0438 \u043f\u0440\u0430\u0432\u0438\u043b \u0432 \u041f\u043e\u043b\u044c\u0448\u0435, \u043f\u0440\u0438\u043d\u0446\u0438\u043f\u044b, \u0432 \u0441\u043e\u043e\u0442\u0432\u0435\u0442\u0441\u0442\u0432\u0438\u0438 \u0441 \u043a\u043e\u0442\u043e\u0440\u044b\u043c\u0438 \u0432\u044b\u0434\u0430\u044e\u0442\u0441\u044f \u0440\u0430\u0437\u0440\u0435\u0448\u0435\u043d\u0438\u044f UDT, \u043f\u0440\u0438\u043d\u0446\u0438\u043f\u044b \u0432\u044b\u0434\u0430\u0447\u0438 \u0440\u0430\u0437\u0440\u0435\u0448\u0435\u043d\u0438\u0439 \u043d\u0430 \u0438\u0441\u043f\u043e\u043b\u044c\u0437\u043e\u0432\u0430\u043d\u0438\u0435 \u0442\u0435\u0445\u043d\u0438\u0447\u0435\u0441\u043a\u0438\u0445 \u0443\u0441\u0442\u0440\u043e\u0439\u0441\u0442\u0432, \u0438\u0445 \u0440\u0430\u0437\u0440\u0430\u0431\u043e\u0442\u043a\u0443 \u0438 \u043f\u0440\u043e\u0438\u0437\u0432\u043e\u0434\u0441\u0442\u0432\u043e, \u0430 \u0442\u0430\u043a\u0436\u0435 \u0440\u0435\u043c\u043e\u043d\u0442 \u0438 \u043c\u043e\u0434\u0435\u0440\u043d\u0438\u0437\u0430\u0446\u0438\u044e.<\/p>\n<ul>\n<ul>\n<li><strong>\u041f\u043e\u0441\u0442\u0430\u043d\u043e\u0432\u043b\u0435\u043d\u0438\u0435 \u041c\u0438\u043d\u0438\u0441\u0442\u0440\u0430 \u044d\u043a\u043e\u043d\u043e\u043c\u0438\u043a\u0438 \u043e\u0442 18 \u0438\u044e\u043b\u044f 2001 \u0433\u043e\u0434\u0430 \u043e \u043f\u043e\u0440\u044f\u0434\u043a\u0435 \u043f\u0440\u043e\u0432\u0435\u0440\u043a\u0438 \u043a\u0432\u0430\u043b\u0438\u0444\u0438\u043a\u0430\u0446\u0438\u0438, \u043d\u0435\u043e\u0431\u0445\u043e\u0434\u0438\u043c\u043e\u0439 \u0434\u043b\u044f \u044d\u043a\u0441\u043f\u043b\u0443\u0430\u0442\u0430\u0446\u0438\u0438 \u0438 \u043e\u0431\u0441\u043b\u0443\u0436\u0438\u0432\u0430\u043d\u0438\u044f \u0442\u0435\u0445\u043d\u0438\u0447\u0435\u0441\u043a\u0438\u0445 \u0443\u0441\u0442\u0440\u043e\u0439\u0441\u0442\u0432 (Dz. U. \u2116 79, \u043f\u043e\u0437. 849), \u0438\u0437\u043c\u0435\u043d\u0435\u043d\u043d\u043e\u0435 \u043f\u043e\u0441\u0442\u0430\u043d\u043e\u0432\u043b\u0435\u043d\u0438\u0435\u043c \u043e\u0442 20 \u0444\u0435\u0432\u0440\u0430\u043b\u044f 2003 \u0433\u043e\u0434\u0430 (Dz. U. \u2116 50, \u043f\u043e\u0437. 426), \u0438\u0437\u0434\u0430\u043d\u043d\u043e\u0435 \u043d\u0430 \u043e\u0441\u043d\u043e\u0432\u0430\u043d\u0438\u0438 \u0441\u0442\u0430\u0442\u044c\u0438 23, \u043f\u0443\u043d\u043a\u0442 5 \u0417\u0430\u043a\u043e\u043d\u0430 \u043e \u0442\u0435\u0445\u043d\u0438\u0447\u0435\u0441\u043a\u043e\u043c \u043d\u0430\u0434\u0437\u043e\u0440\u0435<\/strong><\/li>\n<\/ul>\n<\/ul>\n<p>\u041f\u043e\u043b\u043e\u0436\u0435\u043d\u0438\u0435 \u0441\u043e\u0434\u0435\u0440\u0436\u0438\u0442 \u043f\u043e\u043b\u043e\u0436\u0435\u043d\u0438\u044f \u043e \u043f\u0440\u043e\u0432\u0435\u0440\u043a\u0435 \u043a\u0432\u0430\u043b\u0438\u0444\u0438\u043a\u0430\u0446\u0438\u0438, \u043d\u0435\u043e\u0431\u0445\u043e\u0434\u0438\u043c\u043e\u0439 \u0434\u043b\u044f \u044d\u043a\u0441\u043f\u043b\u0443\u0430\u0442\u0430\u0446\u0438\u0438 \u0438 \u043e\u0431\u0441\u043b\u0443\u0436\u0438\u0432\u0430\u043d\u0438\u044f \u0442\u0435\u0445\u043d\u0438\u0447\u0435\u0441\u043a\u043e\u0433\u043e \u043e\u0431\u043e\u0440\u0443\u0434\u043e\u0432\u0430\u043d\u0438\u044f, \u0438 \u043e \u0432\u0438\u0434\u0430\u0445 \u0442\u0435\u0445\u043d\u0438\u0447\u0435\u0441\u043a\u043e\u0433\u043e \u043e\u0431\u043e\u0440\u0443\u0434\u043e\u0432\u0430\u043d\u0438\u044f, \u0434\u043b\u044f \u043a\u043e\u0442\u043e\u0440\u044b\u0445 \u0442\u0440\u0435\u0431\u0443\u0435\u0442\u0441\u044f \u043a\u0432\u0430\u043b\u0438\u0444\u0438\u043a\u0430\u0446\u0438\u044f. \u041a\u0440\u043e\u043c\u0435 \u0442\u043e\u0433\u043e, \u0434\u043e\u043a\u0443\u043c\u0435\u043d\u0442 \u0441\u043e\u0434\u0435\u0440\u0436\u0438\u0442 \u043e\u0431\u0440\u0430\u0437\u0435\u0446 \u0437\u0430\u044f\u0432\u043b\u0435\u043d\u0438\u044f \u043d\u0430 \u043a\u0432\u0430\u043b\u0438\u0444\u0438\u043a\u0430\u0446\u0438\u043e\u043d\u043d\u044b\u0439 \u043a\u043e\u043d\u0442\u0440\u043e\u043b\u044c \u0441 \u0440\u0430\u0437\u044a\u044f\u0441\u043d\u0435\u043d\u0438\u0435\u043c \u0435\u0433\u043e \u043f\u043e\u043b\u043e\u0436\u0435\u043d\u0438\u0439 \u0438 \u0441\u0440\u043e\u043a\u043e\u0432, \u0432 \u043a\u043e\u0442\u043e\u0440\u044b\u0435 \u0434\u043e\u043b\u0436\u043d\u044b \u0431\u044b\u0442\u044c \u0443\u0432\u0435\u0434\u043e\u043c\u043b\u0435\u043d\u044b \u043b\u0438\u0446\u0430, \u0436\u0435\u043b\u0430\u044e\u0449\u0438\u0435 \u043f\u043e\u043b\u0443\u0447\u0438\u0442\u044c \u043a\u0432\u0430\u043b\u0438\u0444\u0438\u043a\u0430\u0446\u0438\u044e. \u041f\u043e\u043b\u043e\u0436\u0435\u043d\u0438\u0435 \u0442\u0430\u043a\u0436\u0435 \u043e\u0445\u0432\u0430\u0442\u044b\u0432\u0430\u0435\u0442 \u0443\u0441\u043b\u043e\u0432\u0438\u044f \u043f\u0440\u043e\u0432\u0435\u0434\u0435\u043d\u0438\u044f \u044d\u043a\u0437\u0430\u043c\u0435\u043d\u043e\u0432 \u0423\u043f\u0440\u0430\u0432\u043b\u0435\u043d\u0438\u0435\u043c \u0442\u0435\u0445\u043d\u0438\u0447\u0435\u0441\u043a\u043e\u0439 \u0438\u043d\u0441\u043f\u0435\u043a\u0446\u0438\u0438 \u043f\u043e \u044d\u043a\u0441\u043f\u043b\u0443\u0430\u0442\u0430\u0446\u0438\u0438 \u0438 \u0442\u0435\u0445\u043d\u0438\u0447\u0435\u0441\u043a\u043e\u043c\u0443 \u043e\u0431\u0441\u043b\u0443\u0436\u0438\u0432\u0430\u043d\u0438\u044e \u043e\u0431\u043e\u0440\u0443\u0434\u043e\u0432\u0430\u043d\u0438\u044f.<\/p>\n<ul>\n<ul>\n<li><strong>\u041f\u043e\u0441\u0442\u0430\u043d\u043e\u0432\u043b\u0435\u043d\u0438\u0435 \u043c\u0438\u043d\u0438\u0441\u0442\u0440\u0430 \u044d\u043a\u043e\u043d\u043e\u043c\u0438\u043a\u0438 \u043e\u0442 28 \u0434\u0435\u043a\u0430\u0431\u0440\u044f 2001 \u0433\u043e\u0434\u0430 \u043e \u0442\u0435\u0445\u043d\u0438\u0447\u0435\u0441\u043a\u0438\u0445 \u0443\u0441\u043b\u043e\u0432\u0438\u044f\u0445 \u0442\u0435\u0445\u043d\u0438\u0447\u0435\u0441\u043a\u043e\u0433\u043e \u043d\u0430\u0434\u0437\u043e\u0440\u0430, \u043a\u043e\u0442\u043e\u0440\u044b\u0435 \u0434\u043e\u043b\u0436\u043d\u044b \u0441\u043e\u0431\u043b\u044e\u0434\u0430\u0442\u044c\u0441\u044f \u043b\u0438\u0444\u0442\u0430\u043c\u0438 (Dz. U. \u2116 4, \u043f\u0443\u043d\u043a\u0442 43).<\/strong><\/li>\n<\/ul>\n<\/ul>\n<p>\u0420\u0435\u0433\u043b\u0430\u043c\u0435\u043d\u0442 \u043f\u043e\u0441\u0432\u044f\u0449\u0435\u043d \u0443\u0441\u043b\u043e\u0432\u0438\u044f\u043c \u0442\u0435\u0445\u043d\u0438\u0447\u0435\u0441\u043a\u043e\u0433\u043e \u043d\u0430\u0434\u0437\u043e\u0440\u0430 \u0432 \u0440\u0430\u043c\u043a\u0430\u0445 \u043e\u0441\u0443\u0449\u0435\u0441\u0442\u0432\u043b\u0435\u043d\u0438\u044f \u043f\u0440\u043e\u0435\u043a\u0442\u0438\u0440\u043e\u0432\u0430\u043d\u0438\u044f, \u043f\u0440\u043e\u0438\u0437\u0432\u043e\u0434\u0441\u0442\u0432\u0430 \u0438 \u044d\u043a\u0441\u043f\u043b\u0443\u0430\u0442\u0430\u0446\u0438\u0438 \u0438 \u0442\u0435\u0445\u043d\u0438\u0447\u0435\u0441\u043a\u043e\u0433\u043e \u043e\u0431\u0441\u043b\u0443\u0436\u0438\u0432\u0430\u043d\u0438\u044f \u043c\u0435\u0445\u0430\u043d\u0438\u0447\u0435\u0441\u043a\u0438\u0445 \u0438 \u0440\u0443\u0447\u043d\u044b\u0445 \u0442\u0430\u043b\u0435\u0439 \u0438 \u043f\u043e\u0434\u044a\u0435\u043c\u043d\u0438\u043a\u043e\u0432 \u0434\u043b\u044f \u043f\u0440\u044f\u043c\u043e\u043b\u0438\u043d\u0435\u0439\u043d\u043e\u0433\u043e \u043f\u0435\u0440\u0435\u043c\u0435\u0449\u0435\u043d\u0438\u044f \u0433\u0440\u0443\u0437\u043e\u0432 \u043f\u043e \u0432\u0435\u0440\u0442\u0438\u043a\u0430\u043b\u0438 \u0441 \u0438\u0441\u043f\u043e\u043b\u044c\u0437\u043e\u0432\u0430\u043d\u0438\u0435\u043c \u0436\u0435\u0441\u0442\u043a\u0438\u0445 \u044d\u043b\u0435\u043c\u0435\u043d\u0442\u043e\u0432 \u0438 \u0447\u0430\u0441\u0442\u0438\u0447\u043d\u044b\u043c \u0438\u0441\u043f\u043e\u043b\u044c\u0437\u043e\u0432\u0430\u043d\u0438\u0435\u043c \u0441\u0438\u0441\u0442\u0435\u043c\u044b \u043d\u0430\u0432\u0435\u0441\u043a\u0438. \u0412 \u0440\u0435\u0433\u043b\u0430\u043c\u0435\u043d\u0442\u0435 \u0434\u043e\u043f\u043e\u043b\u043d\u0438\u0442\u0435\u043b\u044c\u043d\u043e \u043f\u0440\u0438\u0432\u0435\u0434\u0435\u043d\u0430 \u0438\u043d\u0444\u043e\u0440\u043c\u0430\u0446\u0438\u044f \u043e \u0444\u043e\u0440\u043c\u0443\u043b\u0430\u0445, \u0440\u0430\u0441\u0447\u0435\u0442\u043d\u044b\u0445 \u043a\u043e\u044d\u0444\u0444\u0438\u0446\u0438\u0435\u043d\u0442\u0430\u0445 \u043e\u0431\u043e\u0440\u0443\u0434\u043e\u0432\u0430\u043d\u0438\u044f, \u043a\u043e\u044d\u0444\u0444\u0438\u0446\u0438\u0435\u043d\u0442\u0430\u0445 \u0431\u0435\u0437\u043e\u043f\u0430\u0441\u043d\u043e\u0441\u0442\u0438, \u043f\u0440\u043e\u0446\u0435\u0434\u0443\u0440\u0430\u0445 \u0437\u0430\u043c\u0435\u043d\u044b \u043a\u043e\u043c\u043f\u043e\u043d\u0435\u043d\u0442\u043e\u0432 \u043f\u043e\u0434\u044a\u0435\u043c\u043d\u0438\u043a\u0430, \u0432 \u0442\u043e\u043c \u0447\u0438\u0441\u043b\u0435 \u043d\u0435 \u0442\u0440\u0435\u0431\u0443\u044e\u0449\u0438\u0445 \u043a\u043e\u043d\u0441\u0443\u043b\u044c\u0442\u0430\u0446\u0438\u0438 \u0441 \u043e\u0440\u0433\u0430\u043d\u0430\u043c\u0438 \u0442\u0435\u0445\u043d\u0438\u0447\u0435\u0441\u043a\u043e\u0433\u043e \u043d\u0430\u0434\u0437\u043e\u0440\u0430.<\/p>\n<ul>\n<ul>\n<li><strong>\u0420\u0430\u0441\u043f\u043e\u0440\u044f\u0436\u0435\u043d\u0438\u0435 \u041c\u0438\u043d\u0438\u0441\u0442\u0440\u0430 \u043f\u0440\u0435\u0434\u043f\u0440\u0438\u043d\u0438\u043c\u0430\u0442\u0435\u043b\u044c\u0441\u0442\u0432\u0430 \u0438 \u0442\u0435\u0445\u043d\u043e\u043b\u043e\u0433\u0438\u0439 \u043e\u0442 30 \u043e\u043a\u0442\u044f\u0431\u0440\u044f 2018 \u0433\u043e\u0434\u0430 \u043e \u0442\u0435\u0445\u043d\u0438\u0447\u0435\u0441\u043a\u0438\u0445 \u0443\u0441\u043b\u043e\u0432\u0438\u044f\u0445 \u0442\u0435\u0445\u043d\u0438\u0447\u0435\u0441\u043a\u043e\u0433\u043e \u043d\u0430\u0434\u0437\u043e\u0440\u0430 \u043f\u0440\u0438 \u044d\u043a\u0441\u043f\u043b\u0443\u0430\u0442\u0430\u0446\u0438\u0438, \u0440\u0435\u043c\u043e\u043d\u0442\u0435 \u0438 \u043c\u043e\u0434\u0435\u0440\u043d\u0438\u0437\u0430\u0446\u0438\u0438 \u043f\u043e\u0434\u044a\u0435\u043c\u043d\u043e-\u0442\u0440\u0430\u043d\u0441\u043f\u043e\u0440\u0442\u043d\u043e\u0433\u043e \u043e\u0431\u043e\u0440\u0443\u0434\u043e\u0432\u0430\u043d\u0438\u044f (\u0417\u0430\u043a\u043e\u043d\u043e\u0434\u0430\u0442\u0435\u043b\u044c\u043d\u044b\u0439 \u0432\u0435\u0441\u0442\u043d\u0438\u043a 2018 \u0433\u043e\u0434\u0430 \u043f\u043e\u0437. 2176)<\/strong><\/li>\n<\/ul>\n<\/ul>\n<p>\u0420\u0435\u0433\u043b\u0430\u043c\u0435\u043d\u0442 \u0441\u043e\u0434\u0435\u0440\u0436\u0438\u0442 \u043f\u043e\u043b\u043e\u0436\u0435\u043d\u0438\u044f \u043e \u0442\u0435\u0445\u043d\u0438\u0447\u0435\u0441\u043a\u0438\u0445 \u0443\u0441\u043b\u043e\u0432\u0438\u044f\u0445 \u0442\u0435\u0445\u043d\u0438\u0447\u0435\u0441\u043a\u043e\u0433\u043e \u043d\u0430\u0434\u0437\u043e\u0440\u0430 \u0437\u0430 \u043f\u043e\u0434\u044a\u0435\u043c\u043d\u043e-\u0442\u0440\u0430\u043d\u0441\u043f\u043e\u0440\u0442\u043d\u044b\u043c \u043e\u0431\u043e\u0440\u0443\u0434\u043e\u0432\u0430\u043d\u0438\u0435\u043c, \u0432\u043a\u043b\u044e\u0447\u0430\u044f, \u043d\u043e \u043d\u0435 \u043e\u0433\u0440\u0430\u043d\u0438\u0447\u0438\u0432\u0430\u044f\u0441\u044c, \u043c\u043e\u0441\u0442\u043e\u0432\u044b\u0435 \u043a\u0440\u0430\u043d\u044b, \u0442\u0430\u043b\u0438 \u0438 \u043b\u0435\u0431\u0435\u0434\u043a\u0438, \u043a\u0440\u0430\u043d\u044b, \u0433\u0440\u0443\u0437\u043e\u0432\u044b\u0435 \u043f\u043e\u0434\u044a\u0435\u043c\u043d\u0438\u043a\u0438, \u043a\u0440\u0430\u043d\u044b-\u0448\u0442\u0430\u0431\u0435\u043b\u0435\u0440\u044b, \u043f\u0435\u0440\u0435\u0434\u0432\u0438\u0436\u043d\u044b\u0435 \u043f\u043b\u0430\u0442\u0444\u043e\u0440\u043c\u044b, \u0442\u0440\u0430\u043d\u0441\u043f\u043e\u0440\u0442\u043d\u043e\u0435 \u043e\u0431\u043e\u0440\u0443\u0434\u043e\u0432\u0430\u043d\u0438\u0435 \u0434\u043b\u044f \u0438\u043d\u0432\u0430\u043b\u0438\u0434\u043e\u0432, \u043f\u043b\u0430\u0442\u0444\u043e\u0440\u043c\u0435\u043d\u043d\u044b\u0435 \u0438 \u043a\u0440\u0443\u0433\u043e\u0432\u044b\u0435 \u043f\u043e\u0434\u044a\u0435\u043c\u043d\u0438\u043a\u0438 \u043a\u0430\u0431\u0438\u043d, \u043f\u0435\u0448\u0435\u0445\u043e\u0434\u043d\u044b\u0435 \u0434\u043e\u0440\u043e\u0436\u043a\u0438 \u0438 \u044d\u0441\u043a\u0430\u043b\u0430\u0442\u043e\u0440\u044b, \u043a\u0440\u0430\u043d\u044b, \u043f\u0440\u0435\u0434\u043d\u0430\u0437\u043d\u0430\u0447\u0435\u043d\u043d\u044b\u0435 \u0434\u043b\u044f \u043f\u0435\u0440\u0435\u043c\u0435\u0449\u0435\u043d\u0438\u044f \u043b\u044e\u0434\u0435\u0439 \u0438 \u0433\u0440\u0443\u0437\u043e\u0432, \u0441\u0442\u0440\u043e\u0438\u0442\u0435\u043b\u044c\u043d\u044b\u0435 \u043a\u0440\u0430\u043d\u044b, \u043a\u0440\u0430\u043d\u044b \u0434\u043b\u044f \u043c\u0435\u043b\u043a\u0438\u0445 \u0433\u0440\u0443\u0437\u043e\u0432, \u043a\u0440\u0430\u043d\u044b-\u043b\u0438\u043d\u043e\u0442\u043e\u0440\u044b, <a href=\"https:\/\/szkolenia-udt.pl\/ru\/kursy\/wozki-widlowe\/budowa-wozka-jezdniowego\/\">\u0432\u0438\u043b\u043e\u0447\u043d\u044b\u0435 \u043f\u043e\u0433\u0440\u0443\u0437\u0447\u0438\u043a\u0438<\/a> \u043f\u043e\u0434\u044a\u0435\u043c\u043d\u044b\u0435 \u043f\u043b\u0430\u0442\u0444\u043e\u0440\u043c\u044b, \u0434\u043e\u043c\u043a\u0440\u0430\u0442\u044b \u0434\u043b\u044f \u043f\u0435\u0440\u0435\u043c\u0435\u0449\u0435\u043d\u0438\u044f \u043d\u0435\u043f\u0440\u044f\u043c\u043e\u043b\u0438\u043d\u0435\u0439\u043d\u044b\u0445 \u0433\u0440\u0443\u0437\u043e\u0432 \u0438 \u043e\u0431\u043e\u0440\u0443\u0434\u043e\u0432\u0430\u043d\u0438\u0435 \u0434\u043b\u044f \u043f\u0435\u0440\u0435\u043c\u0435\u0449\u0435\u043d\u0438\u044f \u043a\u043e\u043d\u0442\u0435\u0439\u043d\u0435\u0440\u043e\u0432.<\/p>\n<p>\u041c\u044b \u0442\u0430\u043a\u0436\u0435 \u043f\u0440\u0438\u0433\u043b\u0430\u0448\u0430\u0435\u043c \u0432\u0430\u0441 \u0443\u0437\u043d\u0430\u0442\u044c \u0431\u043e\u043b\u044c\u0448\u0435 \u043e \u043a\u0430\u0442\u0435\u0433\u043e\u0440\u0438\u044f\u0445 \u0430\u0432\u0442\u043e\u0440\u0438\u0437\u0430\u0446\u0438\u0438 UDT!<\/p>\n<\/div>","protected":false},"excerpt":{"rendered":"<p>Przedstawiamy najwa\u017cniejsze przepisy zwi\u0105zane z prowadzon\u0105 przez nas O\u015brodek dzia\u0142alno\u015bci\u0105 szkoleniow\u0105, warunkami, na kt\u00f3rych nadawane s\u0105 uprawnienia UDT oraz urz\u0105dzeniami technicznymi podlegaj\u0105cymi dozorowi technicznemu. Rozporz\u0105dzenie Rady Ministr\u00f3w z dnia 7 grudnia 2012 r. w sprawie rodzaj\u00f3w urz\u0105dze\u0144 technicznych podlegaj\u0105cych dozorowi technicznemu (Dz. U. 2012 nr 0 poz. 1468), wydane na podstawie art. 5 ust. 2 [&hellip;]<\/p>\n","protected":false},"author":3,"featured_media":0,"parent":37,"menu_order":0,"comment_status":"closed","ping_status":"closed","template":"","meta":{"footnotes":""},"class_list":["post-42","page","type-page","status-publish","hentry"],"aioseo_notices":[],"_links":{"self":[{"href":"https:\/\/szkolenia-udt.pl\/ru\/wp-json\/wp\/v2\/pages\/42","targetHints":{"allow":["GET"]}}],"collection":[{"href":"https:\/\/szkolenia-udt.pl\/ru\/wp-json\/wp\/v2\/pages"}],"about":[{"href":"https:\/\/szkolenia-udt.pl\/ru\/wp-json\/wp\/v2\/types\/page"}],"author":[{"embeddable":true,"href":"https:\/\/szkolenia-udt.pl\/ru\/wp-json\/wp\/v2\/users\/3"}],"replies":[{"embeddable":true,"href":"https:\/\/szkolenia-udt.pl\/ru\/wp-json\/wp\/v2\/comments?post=42"}],"version-history":[{"count":8,"href":"https:\/\/szkolenia-udt.pl\/ru\/wp-json\/wp\/v2\/pages\/42\/revisions"}],"predecessor-version":[{"id":2070,"href":"https:\/\/szkolenia-udt.pl\/ru\/wp-json\/wp\/v2\/pages\/42\/revisions\/2070"}],"up":[{"embeddable":true,"href":"https:\/\/szkolenia-udt.pl\/ru\/wp-json\/wp\/v2\/pages\/37"}],"wp:attachment":[{"href":"https:\/\/szkolenia-udt.pl\/ru\/wp-json\/wp\/v2\/media?parent=42"}],"curies":[{"name":"wp","href":"https:\/\/api.w.org\/{rel}","templated":true}]}}