{"id":4204,"date":"2023-03-08T17:20:50","date_gmt":"2023-03-08T16:20:50","guid":{"rendered":"https:\/\/szkolenia-udt.pl\/?page_id=4204"},"modified":"2023-03-16T13:27:49","modified_gmt":"2023-03-16T12:27:49","slug":"%d0%be%d0%b1%d1%81%d0%bb%d1%83%d0%b6%d0%b8%d0%b2%d0%b0%d0%bd%d0%b8%d0%b5-%d0%bf%d0%b5%d1%80%d1%81%d0%be%d0%bd%d0%b0%d0%bb%d1%8c%d0%bd%d1%8b%d1%85-%d0%b8-%d0%b3%d1%80%d1%83%d0%b7%d0%be%d0%b2%d1%8b","status":"publish","type":"page","link":"https:\/\/szkolenia-udt.pl\/ru\/zakres-uslug\/serwis-naprawa\/konserwacja-dzwigow-osobowych-i-towarowych-z-napedem-elektrycznym\/","title":{"rendered":"\u041e\u0431\u0441\u043b\u0443\u0436\u0438\u0432\u0430\u043d\u0438\u0435 \u044d\u043b\u0435\u043a\u0442\u0440\u0438\u0447\u0435\u0441\u043a\u0438\u0445 \u043f\u0430\u0441\u0441\u0430\u0436\u0438\u0440\u0441\u043a\u0438\u0445 \u0438 \u0433\u0440\u0443\u0437\u043e\u043f\u0430\u0441\u0441\u0430\u0436\u0438\u0440\u0441\u043a\u0438\u0445 \u043b\u0438\u0444\u0442\u043e\u0432 - \u0441\u0435\u0440\u0432\u0438\u0441 \u0438 \u043a\u0443\u0440\u0441\u044b"},"content":{"rendered":"<div class=\"wp-block-image\">\n<figure class=\"alignright size-large is-resized\"><a href=\"https:\/\/szkolenia-udt.pl\/wp-content\/uploads\/2023\/03\/s2-48.jpg\"><img loading=\"lazy\" decoding=\"async\" src=\"https:\/\/szkolenia-udt.pl\/wp-content\/uploads\/2023\/03\/s2-48-1024x683.jpg\" alt=\"Winda towarowa\" class=\"wp-image-4214\" width=\"512\" height=\"342\" srcset=\"https:\/\/szkolenia-udt.pl\/wp-content\/uploads\/2023\/03\/s2-48-1024x683.jpg 1024w, https:\/\/szkolenia-udt.pl\/wp-content\/uploads\/2023\/03\/s2-48-300x200.jpg 300w, https:\/\/szkolenia-udt.pl\/wp-content\/uploads\/2023\/03\/s2-48-768x512.jpg 768w, https:\/\/szkolenia-udt.pl\/wp-content\/uploads\/2023\/03\/s2-48-1536x1024.jpg 1536w, https:\/\/szkolenia-udt.pl\/wp-content\/uploads\/2023\/03\/s2-48-18x12.jpg 18w, https:\/\/szkolenia-udt.pl\/wp-content\/uploads\/2023\/03\/s2-48.jpg 1600w\" sizes=\"auto, (max-width: 512px) 100vw, 512px\" \/><\/a><\/figure>\n<\/div>\n\n\n<h2 class=\"wp-block-heading\">Przegl\u0105dy techniczne konserwator\u00f3w OSO<\/h2>\n\n\n\n<p>W prawid\u0142owym eksploatowaniu urz\u0105dzeniami wa\u017cne jest regularne przeprowadzanie przegl\u0105d\u00f3w konserwacyjnych. Zapraszamy do zapoznania z nasz\u0105 ofert\u0105 m.in. us\u0142ug konserwacji d\u017awig\u00f3w osobowych i towarowych z nap\u0119dem elektrycznym.&nbsp;<\/p>\n\n\n\n<h2 class=\"wp-block-heading\">Charakterystyka d\u017awig\u00f3w z nap\u0119dem elektrycznym&nbsp;<\/h2>\n\n\n\n<ul class=\"wp-block-list\">\n<li><strong>Bez maszynowni<\/strong>&nbsp;<\/li>\n<\/ul>\n\n\n\n<p>D\u017awigi elektryczne bez maszynowni u\u017cywane s\u0105 w \u015brednich i wysokich budynkach mieszkalnych, biurowych, szpitalnych, handlowych itd. Urz\u0105dzenie to posiada nap\u0119d elektryczny, przez co nie jest wymagane oddzielne pomieszczenie przeznaczone na maszynowni\u0119.&nbsp;&nbsp;<\/p>\n\n\n\n<figure class=\"wp-block-table\"><table><tbody><tr><td><strong>Specyfika d\u017awig\u00f3w elektrycznych bez maszynowni:<\/strong>&nbsp;<\/td><\/tr><tr><td>Nie potrzeba dodatkowego pomieszczenia na maszynowni\u0119&nbsp;<\/td><\/tr><tr><td>Podnoszenie do ponad 45 metr\u00f3w&nbsp;<\/td><\/tr><tr><td>Wysoka wydajno\u015b\u0107 (nawet do 180 start\u00f3w na godzin\u0119)&nbsp;<\/td><\/tr><tr><td>\u0141agodny start i zatrzymanie&nbsp;<\/td><\/tr><tr><td>Przeznaczony do \u015bredniego i wysokiego nat\u0119\u017cenia ruchu&nbsp;<\/td><\/tr><\/tbody><\/table><\/figure>\n\n\n\n<ul class=\"wp-block-list\">\n<li><strong>Z maszynowni\u0105 g\u00f3rn\u0105<\/strong>&nbsp;<\/li>\n<\/ul>\n\n\n\n<p>Wykorzystywane s\u0105 r\u00f3wnie\u017c w \u015brednich i wysokich budynkach mieszkalnych, handlowych, biurowych, szpitalnych i innych. W przypadku ich monta\u017cu wymagane jest dodatkowe pomieszczenie nad szybem d\u017awigu.&nbsp;&nbsp;<\/p>\n\n\n\n<figure class=\"wp-block-table\"><table><tbody><tr><td><strong>Specyfika d\u017awig\u00f3w elektrycznych z maszynowni\u0105 g\u00f3rn\u0105:<\/strong>&nbsp;<\/td><\/tr><tr><td>Wysoka wydajno\u015b\u0107 &#8211; nawet do 180 start\u00f3w na godzin\u0119&nbsp;<\/td><\/tr><tr><td>\u0141atwiejszy serwis&nbsp;<\/td><\/tr><tr><td>Ni\u017cszy koszt serwisu&nbsp;<\/td><\/tr><tr><td>Szeroki zakres pr\u0119dko\u015bci nominalnej (0,62\u00f72,5 m\/s i wi\u0119cej)&nbsp;<\/td><\/tr><tr><td>\u0141atwy start i zatrzymanie&nbsp;<\/td><\/tr><tr><td>Korzystna cena&nbsp;<\/td><\/tr><\/tbody><\/table><\/figure>\n\n\n\n<ul class=\"wp-block-list\">\n<li><strong>Windy towarowe z nap\u0119dem elektrycznym&nbsp;<\/strong><\/li>\n<\/ul>\n\n\n\n<p>S\u0142u\u017c\u0105 do transportu du\u017cych element\u00f3w. Pomieszcz\u0105 nawet w\u00f3zek wid\u0142owy z palet\u0105. Takie windy wykorzystywane s\u0105 w magazynach, sklepach, fabrykach, piekarniach, sk\u0142adach, itd.&nbsp;&nbsp;<\/p>\n\n\n\n<p>Wyr\u00f3\u017cniamy tak\u017ce d\u017awigi towarowe ma\u0142e, s\u0142u\u017c\u0105ce do transportu dokument\u00f3w, ksi\u0105\u017cek, produkt\u00f3w spo\u017cywczych, czyli maj\u0105 zastosowanie w bankach, biurach, bibliotekach czy restauracjach.&nbsp;&nbsp;<\/p>\n\n\n\n<figure class=\"wp-block-table\"><table><tbody><tr><td><strong>Specyfika d\u017awig\u00f3w towarowych elektrycznych<\/strong>&nbsp;<\/td><\/tr><tr><td>Usprawnienie pracy i oszcz\u0119dno\u015b\u0107 czasu&nbsp;<\/td><\/tr><tr><td>Prosta konstrukcja&nbsp;<\/td><\/tr><tr><td>Szeroki zakres wymiarowy wind&nbsp;<\/td><\/tr><tr><td>Nie wymaga pomieszczenia na maszynowni\u0119&nbsp;<\/td><\/tr><tr><td>P\u0142ytkie podszybie lub brak podszybia&nbsp;<\/td><\/tr><tr><td>W\u0142asna stalowa konstrukcja szybu&nbsp;<\/td><\/tr><\/tbody><\/table><\/figure>\n\n\n\n<h2 class=\"wp-block-heading\">Budowa d\u017awig\u00f3w osobowych i towarowych z nap\u0119dem elektrycznym&nbsp;<\/h2>\n\n\n\n<p>Praca wind polega na poruszaniu si\u0119 kabiny zawieszonej na linach, kt\u00f3re poruszane s\u0105 za pomoc\u0105 silnika. Konstrukcja wind mo\u017ce si\u0119 nieco r\u00f3\u017cni\u0107, jednak schemat ich funkcjonowania si\u0119 nie zmienia. Kabina porusza si\u0119 pionowo w specjalnym szybie, po specjalnych prowadnicach stabilizuj\u0105cych. Przymocowane s\u0105 do niej stalowe liny. Na ko\u0144cu lin znajduje si\u0119 przeciwwaga, r\u00f3wnie\u017c przemieszczaj\u0105ca si\u0119 w szybie windy. Liny oplataj\u0105 ko\u0142o cierne umo\u017cliwiaj\u0105ce przesuwanie lin. Ca\u0142a konstrukcja dzia\u0142a dzi\u0119ki nap\u0119dowi elektrycznemu.&nbsp;&nbsp;<\/p>\n\n\n<div class=\"wp-block-image\">\n<figure class=\"alignright size-large is-resized\"><a href=\"https:\/\/szkolenia-udt.pl\/wp-content\/uploads\/2023\/03\/screen_2x-74.jpg\"><img loading=\"lazy\" decoding=\"async\" src=\"https:\/\/szkolenia-udt.pl\/wp-content\/uploads\/2023\/03\/screen_2x-74-1024x576.jpg\" alt=\"Nap\u0119d elektryczny do d\u017awig\u00f3w osobowych\" class=\"wp-image-4215\" width=\"512\" height=\"288\" srcset=\"https:\/\/szkolenia-udt.pl\/wp-content\/uploads\/2023\/03\/screen_2x-74-1024x576.jpg 1024w, https:\/\/szkolenia-udt.pl\/wp-content\/uploads\/2023\/03\/screen_2x-74-300x169.jpg 300w, https:\/\/szkolenia-udt.pl\/wp-content\/uploads\/2023\/03\/screen_2x-74-768x432.jpg 768w, https:\/\/szkolenia-udt.pl\/wp-content\/uploads\/2023\/03\/screen_2x-74-1536x864.jpg 1536w, https:\/\/szkolenia-udt.pl\/wp-content\/uploads\/2023\/03\/screen_2x-74-18x10.jpg 18w, https:\/\/szkolenia-udt.pl\/wp-content\/uploads\/2023\/03\/screen_2x-74.jpg 1600w\" sizes=\"auto, (max-width: 512px) 100vw, 512px\" \/><\/a><\/figure>\n<\/div>\n\n\n<p>W budowie d\u017awig\u00f3w osobowych i towarowych znacz\u0105ce s\u0105 zabezpieczenia. Ograniczniki reguluj\u0105 pr\u0119dko\u015b\u0107, chwytacze kabinowe i przeciwwagi dzia\u0142aj\u0105 podobnie jak hamulce cierne, zaciskaj\u0105c si\u0119 na prowadnicach. W szybie windy znajduj\u0105 si\u0119 tak\u017ce zderzaki kabiny i przeciwwagi odpowiadaj\u0105ce za wyhamowanie ich w odpowiednich momentach.&nbsp;&nbsp;<\/p>\n\n\n\n<p>W niekt\u00f3rych rodzajach wind instalowane s\u0105 specjalne elastyczne pasy z kordami z lin stalowych lub urz\u0105dzenia b\u0119bnowe, dzia\u0142aj\u0105ce jak wci\u0105garki.&nbsp;&nbsp;<\/p>\n\n\n\n<h2 class=\"wp-block-heading\">Us\u0142ugi konserwacyjne&nbsp;<\/h2>\n\n\n\n<p>\u015awiadczymy us\u0142ugi z zakresu konserwacji wszelkiego rodzaju d\u017awig\u00f3w r\u00f3wnie\u017c wind osobowych i towarowych z nap\u0119dem elektrycznym i nie tylko. <\/p>\n\n\n\n<p>Pracujemy ze sprz\u0119tem producent\u00f3w takich jak, np. Schindler, Otis, Microlift, IGV, GMV Polska czy AUTIVOX.&nbsp;<\/p>\n\n\n\n<p>Przegl\u0105dy wykonujemy zgodnie z instrukcj\u0105 konserwacji urz\u0105dze\u0144 i przepisami Urz\u0119du Dozoru Technicznego. Zajmuj\u0105 si\u0119 tym nasi wykwalifikowani i do\u015bwiadczeni pracownicy.&nbsp;&nbsp;<\/p>\n\n\n\n<h3 class=\"wp-block-heading\">Konserwacja d\u017awig\u00f3w osobowych i towarowych z nap\u0119dem elektrycznym polega na:&nbsp;<\/h3>\n\n\n<div class=\"wp-block-image\">\n<figure class=\"alignright size-large is-resized\"><a href=\"https:\/\/szkolenia-udt.pl\/wp-content\/uploads\/2023\/03\/s2-49.jpg\"><img loading=\"lazy\" decoding=\"async\" src=\"https:\/\/szkolenia-udt.pl\/wp-content\/uploads\/2023\/03\/s2-49-1024x683.jpg\" alt=\"Konserwator d\u017awigu osobowo-towarowego\" class=\"wp-image-4216\" width=\"512\" height=\"342\" srcset=\"https:\/\/szkolenia-udt.pl\/wp-content\/uploads\/2023\/03\/s2-49-1024x683.jpg 1024w, https:\/\/szkolenia-udt.pl\/wp-content\/uploads\/2023\/03\/s2-49-300x200.jpg 300w, https:\/\/szkolenia-udt.pl\/wp-content\/uploads\/2023\/03\/s2-49-768x512.jpg 768w, https:\/\/szkolenia-udt.pl\/wp-content\/uploads\/2023\/03\/s2-49-1536x1024.jpg 1536w, https:\/\/szkolenia-udt.pl\/wp-content\/uploads\/2023\/03\/s2-49-18x12.jpg 18w, https:\/\/szkolenia-udt.pl\/wp-content\/uploads\/2023\/03\/s2-49.jpg 1600w\" sizes=\"auto, (max-width: 512px) 100vw, 512px\" \/><\/a><\/figure>\n<\/div>\n\n\n<ul class=\"wp-block-list\">\n<li>ocenie stanu technicznego urz\u0105dzenia,&nbsp;<\/li>\n\n\n\n<li>sprawdzeniu zu\u017cycia poszczeg\u00f3lnych cz\u0119\u015bci,&nbsp;<\/li>\n\n\n\n<li>sprawdzeniu stanu: lin, si\u0142ownik\u00f3w, pracy luzownika, szcz\u0119k hamulcowych, zawieszenia lin w maszynowni, na kabinie i przeciwwadze, k\u00f3\u0142 linowych, ko\u0142a ciernego, oleju w \u0142o\u017cyskach, prowadnik\u00f3w, aparatu chwytnego,&nbsp;<\/li>\n\n\n\n<li>sprawdzeniu dzia\u0142ania kasety jazd kontrolnych, przycisk\u00f3w kaset wezwa\u0144 i dyspozycji,&nbsp;<\/li>\n\n\n\n<li>sprawdzeniu zderzak\u00f3w w podszybiu,&nbsp;<\/li>\n\n\n\n<li>sprawdzeniu stanu wyposa\u017cenia kabiny transportowej.<\/li>\n<\/ul>\n\n\n\n<h2 class=\"wp-block-heading\">Zapraszamy na szkolenia<\/h2>\n\n\n\n<p>Oferujemy szkolenia uprawniaj\u0105ce na stanowisko konserwator\u00f3w d\u017awig\u00f3w osobowych i towarowych. program szkolenia zawiera teoretyczne i praktyczne przygotowanie do zawodu i certyfikuj\u0105cego egzaminu pa\u0144stwowego UDT. Kursanci ucz\u0105 si\u0119 wszystkich obowi\u0105zk\u00f3w konserwatora, poznaj\u0105 dokumentacj\u0119 techniczn\u0105 i obowi\u0105zuj\u0105ce zasady prawne.<\/p>\n\n\n\n<p>Szkolimy na terenie ca\u0142ej Polski. Kursy prowadzimy w trybie otwartym i zamkni\u0119tym. <\/p>\n\n\n\n<p>Zainteresowanych zapraszamy do kontaktu. <\/p>\n\n\n\n<h2 class=\"wp-block-heading\">Pytania i odpowiedzi:<\/h2>\n\n\n\t\t<details\t\thelp class=\"sc_fs_faq sc_card    \"\n\t\topen\t\t>\n\t\t\t\t\t<summary>\n\t\t\t\t<h3>1. Jak d\u0142ugo wa\u017cny jest przegl\u0105d wind? <\/h3>\t\t\t\t\t<\/summary>\n\t\t\t\t<div>\n\t\t\t\t\t\t<div class=\"sc_fs_faq__content\">\n\t\t\t\t\n\n<p>Wed\u0142ug przepis\u00f3w ka\u017cda winda, czyli <a href=\"https:\/\/szkolenia-udt.pl\/ru\/kursy\/uprawnienia-udt-tdt-wdt\/konserwatory-dzwigow\/\">d\u017awig osobowy<\/a> lub towarowy, powinna by\u0107 poddawana przegl\u0105dom technicznym przynajmniej raz w miesi\u0105cu. Przy takim przegl\u0105dzie nale\u017cy przeprowadzi\u0107 podstawowe prace nale\u017c\u0105ce do obowi\u0105zk\u00f3w konserwatora. Nale\u017c\u0105 do nich np. u\u017cycie smar\u00f3w czy regulacja element\u00f3w. Przynajmniej raz w roku powinna by\u0107 przeprowadzona generalna rewizja urz\u0105dzenia.&nbsp;<\/p>\n\n\t\t\t<\/div>\n\t\t<\/div>\n\t\t<\/details>\n\t\t\t\t<details\t\thelp class=\"sc_fs_faq sc_card    \"\n\t\t\t\t>\n\t\t\t\t\t<summary>\n\t\t\t\t<h3>2. Na czym polega konserwacja d\u017awig\u00f3w osobowych?<\/h3>\t\t\t\t\t<\/summary>\n\t\t\t\t<div>\n\t\t\t\t\t\t<div class=\"sc_fs_faq__content\">\n\t\t\t\t\n\n<p>Konserwacja d\u017awig\u00f3w osobowych i towarowych polega na m.in.: ocenie stanu technicznego, sprawdzenie sprawno\u015bci cz\u0119\u015bci i p\u0142yn\u00f3w, tj. lin, hamulc\u00f3w, k\u00f3\u0142, olej\u00f3w w \u0142o\u017cyskach, dzia\u0142ania kaset jazd kontrolnych, sprawdzeniu zderzak\u00f3w w podszybiu i wyposa\u017cenia kabiny. <\/p>\n\n\t\t\t<\/div>\n\t\t<\/div>\n\t\t<\/details>\n\t\t\n<script type=\"application\/ld+json\">\n\t{\n\t\t\"@context\": \"https:\/\/schema.org\",\n\t\t\"@type\": \"FAQPage\",\n\t\t\"mainEntity\": [\n\t\t\t\t\t{\n\t\t\t\t\"@type\": \"Question\",\n\t\t\t\t\"name\": \"1. Jak d\u0142ugo wa\u017cny jest przegl\u0105d wind? \",\n\t\t\t\t\"acceptedAnswer\": {\n\t\t\t\t\t\"@type\": \"Answer\",\n\t\t\t\t\t\"text\": \"<p>Wed\u0142ug przepis\u00f3w ka\u017cda winda, czyli d\u017awig osobowy lub towarowy, powinna by\u0107 poddawana przegl\u0105dom technicznym przynajmniej raz w miesi\u0105cu. Przy takim przegl\u0105dzie nale\u017cy przeprowadzi\u0107 podstawowe prace nale\u017c\u0105ce do obowi\u0105zk\u00f3w konserwatora. Nale\u017c\u0105 do nich np. u\u017cycie smar\u00f3w czy regulacja element\u00f3w. Przynajmniej raz w roku powinna by\u0107 przeprowadzona generalna rewizja urz\u0105dzenia.&nbsp;<\/p>\"\n\t\t\t\t\t\t\t\t\t}\n\t\t\t}\n\t\t\t,\t\t\t\t{\n\t\t\t\t\"@type\": \"Question\",\n\t\t\t\t\"name\": \"2. Na czym polega konserwacja d\u017awig\u00f3w osobowych?\",\n\t\t\t\t\"acceptedAnswer\": {\n\t\t\t\t\t\"@type\": \"Answer\",\n\t\t\t\t\t\"text\": \"<p>Konserwacja d\u017awig\u00f3w osobowych i towarowych polega na m.in.: ocenie stanu technicznego, sprawdzenie sprawno\u015bci cz\u0119\u015bci i p\u0142yn\u00f3w, tj. lin, hamulc\u00f3w, k\u00f3\u0142, olej\u00f3w w \u0142o\u017cyskach, dzia\u0142ania kaset jazd kontrolnych, sprawdzeniu zderzak\u00f3w w podszybiu i wyposa\u017cenia kabiny. <\/p>\"\n\t\t\t\t\t\t\t\t\t}\n\t\t\t}\n\t\t\t\t\t\t]\n\t}\n<\/script>\n","protected":false},"excerpt":{"rendered":"<p>Przegl\u0105dy techniczne konserwator\u00f3w OSO W prawid\u0142owym eksploatowaniu urz\u0105dzeniami wa\u017cne jest regularne przeprowadzanie przegl\u0105d\u00f3w konserwacyjnych. Zapraszamy do zapoznania z nasz\u0105 ofert\u0105 m.in. us\u0142ug konserwacji d\u017awig\u00f3w osobowych i towarowych z nap\u0119dem elektrycznym.&nbsp; Charakterystyka d\u017awig\u00f3w z nap\u0119dem elektrycznym&nbsp; D\u017awigi elektryczne bez maszynowni u\u017cywane s\u0105 w \u015brednich i wysokich budynkach mieszkalnych, biurowych, szpitalnych, handlowych itd. Urz\u0105dzenie to posiada nap\u0119d [&hellip;]<\/p>\n","protected":false},"author":10,"featured_media":4214,"parent":4354,"menu_order":0,"comment_status":"closed","ping_status":"closed","template":"","meta":{"footnotes":""},"class_list":["post-4204","page","type-page","status-publish","has-post-thumbnail","hentry"],"aioseo_notices":[],"_links":{"self":[{"href":"https:\/\/szkolenia-udt.pl\/ru\/wp-json\/wp\/v2\/pages\/4204","targetHints":{"allow":["GET"]}}],"collection":[{"href":"https:\/\/szkolenia-udt.pl\/ru\/wp-json\/wp\/v2\/pages"}],"about":[{"href":"https:\/\/szkolenia-udt.pl\/ru\/wp-json\/wp\/v2\/types\/page"}],"author":[{"embeddable":true,"href":"https:\/\/szkolenia-udt.pl\/ru\/wp-json\/wp\/v2\/users\/10"}],"replies":[{"embeddable":true,"href":"https:\/\/szkolenia-udt.pl\/ru\/wp-json\/wp\/v2\/comments?post=4204"}],"version-history":[{"count":6,"href":"https:\/\/szkolenia-udt.pl\/ru\/wp-json\/wp\/v2\/pages\/4204\/revisions"}],"predecessor-version":[{"id":4312,"href":"https:\/\/szkolenia-udt.pl\/ru\/wp-json\/wp\/v2\/pages\/4204\/revisions\/4312"}],"up":[{"embeddable":true,"href":"https:\/\/szkolenia-udt.pl\/ru\/wp-json\/wp\/v2\/pages\/4354"}],"wp:featuredmedia":[{"embeddable":true,"href":"https:\/\/szkolenia-udt.pl\/ru\/wp-json\/wp\/v2\/media\/4214"}],"wp:attachment":[{"href":"https:\/\/szkolenia-udt.pl\/ru\/wp-json\/wp\/v2\/media?parent=4204"}],"curies":[{"name":"wp","href":"https:\/\/api.w.org\/{rel}","templated":true}]}}