{"id":4268,"date":"2023-03-08T14:08:47","date_gmt":"2023-03-08T13:08:47","guid":{"rendered":"https:\/\/szkolenia-udt.pl\/?page_id=4268"},"modified":"2023-03-08T15:07:26","modified_gmt":"2023-03-08T14:07:26","slug":"%d0%be%d0%b1%d1%81%d0%bb%d1%83%d0%b6%d0%b8%d0%b2%d0%b0%d0%bd%d0%b8%d0%b5-%d0%ba%d1%80%d0%b0%d0%bd%d0%be%d0%b2","status":"publish","type":"page","link":"https:\/\/szkolenia-udt.pl\/ru\/kursy\/uprawnienia-udt-tdt-wdt\/konserwatory-dzwigow\/","title":{"rendered":"\u041e\u0431\u0443\u0447\u0435\u043d\u0438\u0435 \u0442\u0435\u0445\u043d\u0438\u043a\u043e\u0432 \u043f\u043e \u043e\u0431\u0441\u043b\u0443\u0436\u0438\u0432\u0430\u043d\u0438\u044e \u043b\u0438\u0444\u0442\u043e\u0432: \u043f\u0430\u0441\u0441\u0430\u0436\u0438\u0440\u0441\u043a\u0438\u0445, \u0433\u0440\u0443\u0437\u043e\u043f\u0430\u0441\u0441\u0430\u0436\u0438\u0440\u0441\u043a\u0438\u0445 \u0438 \u0433\u0440\u0443\u0437\u043e\u0432\u044b\u0445 \u043b\u0438\u0444\u0442\u043e\u0432"},"content":{"rendered":"<p>D\u017awigi towarowo &#8211; osobowe, potocznie zwane windami s\u0142u\u017c\u0105 do przewozu ludzi oraz towar\u00f3w. Osoby i\/lub towary znajduj\u0105ce si\u0119 w windzie, s\u0105 w kabinie, kt\u00f3ra porusza si\u0119 wzd\u0142u\u017c pionowych prowadnic. Obs\u0142uguje przystanki, potocznie zwane pi\u0119trami. Windy o najwi\u0119kszym maksymalnym ud\u017awigu s\u0105 przystosowane do przewo\u017cenia towar\u00f3w za pomoc\u0105 w\u00f3zk\u00f3w wid\u0142owych.<\/p>\r\n<p><a href=\"https:\/\/szkolenia-udt.pl\/wp-content\/uploads\/2023\/03\/dqw.jpeg\"><img loading=\"lazy\" decoding=\"async\" class=\"aligncenter wp-image-4273 size-large\" src=\"https:\/\/szkolenia-udt.pl\/wp-content\/uploads\/2023\/03\/dqw-1024x683.jpeg\" alt=\"winda osobowa z lud\u017ami\" width=\"750\" height=\"500\" srcset=\"https:\/\/szkolenia-udt.pl\/wp-content\/uploads\/2023\/03\/dqw-1024x683.jpeg 1024w, https:\/\/szkolenia-udt.pl\/wp-content\/uploads\/2023\/03\/dqw-300x200.jpeg 300w, https:\/\/szkolenia-udt.pl\/wp-content\/uploads\/2023\/03\/dqw-768x512.jpeg 768w, https:\/\/szkolenia-udt.pl\/wp-content\/uploads\/2023\/03\/dqw-1536x1024.jpeg 1536w, https:\/\/szkolenia-udt.pl\/wp-content\/uploads\/2023\/03\/dqw-18x12.jpeg 18w, https:\/\/szkolenia-udt.pl\/wp-content\/uploads\/2023\/03\/dqw.jpeg 1600w\" sizes=\"auto, (max-width: 750px) 100vw, 750px\" \/><\/a><\/p>\r\n<h3>Ze wzgl\u0119du na zastosowanie d\u017awig\u00f3w, mo\u017cemy je podzieli\u0107 na kilka rodzaj\u00f3w, a s\u0105 to:<\/h3>\r\n<ul>\r\n<li>szpitalne &#8211; u\u017cywany do przewozu \u0142\u00f3\u017cek czy sprz\u0119tu medycznego,<\/li>\r\n<li>osobowe -do przewozu os\u00f3b w pionie,<\/li>\r\n<li>towarowe &#8211; bez wst\u0119pu do kabiny,<\/li>\r\n<li>towarowo &#8211; osobowe &#8211; u\u017cywane do transportu os\u00f3b wraz z towarem,<\/li>\r\n<li>budowlano &#8211; towarowe &#8211; tutaj transport mo\u017ce si\u0119 odbywa\u0107 w kabinie lub na platformie.<\/li>\r\n<\/ul>\r\n<h3>Same d\u017awigi natomiast ze wzgl\u0119du na najistotniejsze elementy konstrukcji, dzielimy na:<\/h3>\r\n<ul>\r\n<li>szyb,<\/li>\r\n<li>kabin\u0119,<\/li>\r\n<li>maszynowni\u0119,<\/li>\r\n<li>instalacje elektryczn\u0105,<\/li>\r\n<li>przeciwwag\u0119 oraz urz\u0105dzenia zabezpieczaj\u0105ce.<\/li>\r\n<\/ul>\r\n<h3>Ka\u017ce urz\u0105dzenie wymaga kontroli stanu technicznego oraz dbania o jego sprawno\u015b\u0107 i bezpiecze\u0144stwo, co nale\u017cy do zada\u0144 konserwatora. Kontrole techniczne mo\u017cemy podzieli\u0107 na:<\/h3>\r\n<ul>\r\n<li>okresowe &#8211; regularne, celem sprawdzenia sprawno\u015bci i bezpiecze\u0144stwa,<\/li>\r\n<li>kontrolne &#8211; maj\u0105ce sprawdzi\u0107 przestrzeganie przepis\u00f3w,<\/li>\r\n<li>eksploatacyjne &#8211; wynikaj\u0105ce z potrzeb zwi\u0105zanych u\u017cytkowaniem,<\/li>\r\n<li>poawaryjne lub powypadkowe &#8211; odbywaj\u0105ce si\u0119 w przypadku awarii lub po wypadku i maj\u0105ce zapobiec takowym w przysz\u0142o\u015bci.<\/li>\r\n<\/ul>\r\n<p>Aby jednak m\u00f3c pracowa\u0107 z tymi maszynami, podobnie jak wszelkimi innymi, niezb\u0119dne jest odbycie szkolenia, a nast\u0119pnie zdanie egzaminu.<\/p>\r\n<p><a href=\"https:\/\/szkolenia-udt.pl\/wp-content\/uploads\/2023\/03\/hjb.jpeg\"><img loading=\"lazy\" decoding=\"async\" class=\"aligncenter wp-image-4274 size-large\" src=\"https:\/\/szkolenia-udt.pl\/wp-content\/uploads\/2023\/03\/hjb-1024x683.jpeg\" alt=\"konserwacja d\u017awigu towarowego\" width=\"750\" height=\"500\" srcset=\"https:\/\/szkolenia-udt.pl\/wp-content\/uploads\/2023\/03\/hjb-1024x683.jpeg 1024w, https:\/\/szkolenia-udt.pl\/wp-content\/uploads\/2023\/03\/hjb-300x200.jpeg 300w, https:\/\/szkolenia-udt.pl\/wp-content\/uploads\/2023\/03\/hjb-768x512.jpeg 768w, https:\/\/szkolenia-udt.pl\/wp-content\/uploads\/2023\/03\/hjb-1536x1024.jpeg 1536w, https:\/\/szkolenia-udt.pl\/wp-content\/uploads\/2023\/03\/hjb-18x12.jpeg 18w, https:\/\/szkolenia-udt.pl\/wp-content\/uploads\/2023\/03\/hjb.jpeg 1600w\" sizes=\"auto, (max-width: 750px) 100vw, 750px\" \/><\/a><\/p>\r\n<h2><strong>Jakie wymogi musi spe\u0142ni\u0107 kandydat, aby m\u00f3c podej\u015b\u0107 do naszego kursu?<\/strong><\/h2>\r\n<ul>\r\n<li>uko\u0144czone minimum 18 lat,<\/li>\r\n<li>wykszta\u0142cenie co najmniej podstawowe,<\/li>\r\n<li>bieg\u0142a znajomo\u015b\u0107 j\u0119zyka polskiego, umo\u017cliwiaj\u0105ca zdanie egzaminu (w przypadku obcokrajowca bez znajomo\u015bci j\u0119zyka, wymagana obecno\u015b\u0107 t\u0142umacza przysi\u0119g\u0142ego),<\/li>\r\n<li>brak zdrowotnych przeciwwskaza\u0144.<\/li>\r\n<\/ul>\r\n<p>Ponadto nale\u017cy rozpatrzy\u0107 pewne cechy psychiczne uczestnika szkolenia, kt\u00f3re r\u00f3wnie\u017c s\u0105 wa\u017cne na tym stanowisku. Szczeg\u00f3lnej uwagi wymagaj\u0105:<\/p>\r\n<ul>\r\n<li>r\u00f3wnowaga psychiczna,<\/li>\r\n<li>odporno\u015b\u0107 na stres oraz poczucie odpowiedzialno\u015bci.<\/li>\r\n<\/ul>\r\n<p>Szkolenie obejmuje wiedz\u0119 teoretyczn\u0105 oraz praktyczne \u0107wiczenia.<\/p>\r\n<h2><strong>Poznasz z nami zagadnienia w temacie:<\/strong><\/h2>\r\n<ul>\r\n<li>podzia\u0142y, budowy i klasyfikacji d\u017awig\u00f3w (potocznie wind),<\/li>\r\n<li>obowi\u0105zk\u00f3w operatora i konserwatora,<\/li>\r\n<li>eksploatacji,<\/li>\r\n<li>uprawnie\u0144 na d\u017awigi,<\/li>\r\n<li>przepis\u00f3w BHP,<\/li>\r\n<li>praktycznych zaj\u0119\u0107 z obs\u0142ugi.<\/li>\r\n<\/ul>\r\n<p>Po uko\u0144czonym szkoleniu, uczestnik przyst\u0119puje do egzaminu przed komisj\u0105 UDT. Pozytywny wynik oznacza otrzymanie uprawnie\u0144 konserwatorskich. Kursanci mog\u0105 zdecydowa\u0107 wcze\u015bniej o kategorii maszyn:<\/p>\r\n<ul>\r\n<li>na d\u017awigi budowlane &#8211; daj\u0105ce mo\u017cliwo\u015b\u0107 obs\u0142ugi d\u017awig\u00f3w budowlanych, towarowo \u2013 osobowych oraz samych towarowych,<\/li>\r\n<li>d\u017awigi towarowo &#8211; osobowe ze sterowaniem wewn\u0119trznym oraz szpitalne.<\/li>\r\n<\/ul>\r\n<p><a href=\"https:\/\/szkolenia-udt.pl\/wp-content\/uploads\/2023\/03\/screen_2x.jpeg\"><img loading=\"lazy\" decoding=\"async\" class=\"aligncenter wp-image-4275 size-large\" src=\"https:\/\/szkolenia-udt.pl\/wp-content\/uploads\/2023\/03\/screen_2x-1024x684.jpeg\" alt=\"konserwacja d\u017awigu towarowego\" width=\"750\" height=\"501\" srcset=\"https:\/\/szkolenia-udt.pl\/wp-content\/uploads\/2023\/03\/screen_2x-1024x684.jpeg 1024w, https:\/\/szkolenia-udt.pl\/wp-content\/uploads\/2023\/03\/screen_2x-300x200.jpeg 300w, https:\/\/szkolenia-udt.pl\/wp-content\/uploads\/2023\/03\/screen_2x-768x513.jpeg 768w, https:\/\/szkolenia-udt.pl\/wp-content\/uploads\/2023\/03\/screen_2x-1536x1025.jpeg 1536w, https:\/\/szkolenia-udt.pl\/wp-content\/uploads\/2023\/03\/screen_2x-18x12.jpeg 18w, https:\/\/szkolenia-udt.pl\/wp-content\/uploads\/2023\/03\/screen_2x.jpeg 1600w\" sizes=\"auto, (max-width: 750px) 100vw, 750px\" \/><\/a><\/p>\r\n<h2><strong>Wa\u017cno\u015b\u0107 uprawnie\u0144<\/strong><\/h2>\r\n<p>Nale\u017cy pami\u0119ta\u0107, \u017ce jak wszystkie nadawane przez Urz\u0105d Dozoru Technicznego uprawnienia, te r\u00f3wnie\u017c maj\u0105 sw\u00f3j okres wa\u017cno\u015bci. Zezwolenie na d\u017awigi jest wydawane na czas 10 lat od daty zdania egzaminu. W przypadku ch\u0119ci przed\u0142u\u017cenia uprawnie\u0144, wniosek musi zosta\u0107 z\u0142o\u017cony nie p\u00f3\u017aniej ni\u017c 3 miesi\u0105ce przed wyga\u015bni\u0119ciem poprzednich oraz musi zawiera\u0107 o\u015bwiadczenie, \u017ce przez ostatnie 5 lat, przez co najmniej 3 zaw\u00f3d by\u0142 wykonywany bez przerwy.<\/p>\r\n<h2><strong>Czy warto wzi\u0105\u0107 udzia\u0142 w szkoleniu i dlaczego?<\/strong><\/h2>\r\n<p>Nasz <a href=\"https:\/\/szkolenia-udt.pl\/ru\/o-firmie\/\">o\u015brodek<\/a> zatrudnia najlepszych w swojej dziedzinie specjalist\u00f3w z wieloletnim do\u015bwiadczeniem, kt\u00f3rzy na bie\u017c\u0105co \u015bledz\u0105 wszelkie zmiany w prawie. Przyst\u0119puj\u0105c do naszego szkolenia masz pewno\u015b\u0107, \u017ce zdob\u0119dziesz najbardziej aktualn\u0105, wiedz\u0119 teoretyczn\u0105 a Twoje \u0107wiczenia praktyczne odb\u0119d\u0105 si\u0119 na sprawnych maszynach. Ponadto pomo\u017cemy Ci z wszelkimi formalno\u015bciami potrzebnymi do podej\u015bcia do egzaminu.<\/p>\r\n<p>Nadal masz pytania albo nie jeste\u015b czego\u015b pewny? Napisz lub zadzwo\u0144, a z ch\u0119ci\u0105 pomo\u017cemy!<\/p>\r\n<h2>Pytania i odpowiedzi<\/h2>\r\n\t\t<details\t\thelp class=\"sc_fs_faq sc_card    \"\n\t\t\t\t>\n\t\t\t\t\t<summary>\n\t\t\t\t<h3>Czym s\u0105 d\u017awigi osobowe i towarowe?<\/h3>\t\t\t\t\t<\/summary>\n\t\t\t\t<div>\n\t\t\t\t\t\t<div class=\"sc_fs_faq__content\">\n\t\t\t\t\r\n\r\n\r\n<p>To maszyny s\u0142u\u017c\u0105ce do transportu ludzi i\/lub towar\u00f3w w pozycji pionowej lub poziomej, w poruszaj\u0105cej si\u0119 wzd\u0142u\u017c pionowych prowadnic kabinie.<\/p>\r\n\t\t\t<\/div>\n\t\t<\/div>\n\t\t<\/details>\n\t\t\t\t<details\t\thelp class=\"sc_fs_faq sc_card    \"\n\t\t\t\t>\n\t\t\t\t\t<summary>\n\t\t\t\t<h3>Jakie wymogi trzeba spe\u0142ni\u0107, aby wzi\u0105\u0107 udzia\u0142 w szkoleniu?<\/h3>\t\t\t\t\t<\/summary>\n\t\t\t\t<div>\n\t\t\t\t\t\t<div class=\"sc_fs_faq__content\">\n\t\t\t\t\r\n\r\n\r\n<p>Ka\u017cdy, chc\u0105cy przyst\u0105pi\u0107 do szkolenia musi mie\u0107 uko\u0144czone 18 lat, mie\u0107 minimum podstawowe wykszta\u0142cenie i brak zdrowotnych przeciwwskaza\u0144.\u00a0<\/p>\r\n\t\t\t<\/div>\n\t\t<\/div>\n\t\t<\/details>\n\t\t\t\t<details\t\thelp class=\"sc_fs_faq sc_card    \"\n\t\t\t\t>\n\t\t\t\t\t<summary>\n\t\t\t\t<h3>Jak wygl\u0105da szkolenie? <\/h3>\t\t\t\t\t<\/summary>\n\t\t\t\t<div>\n\t\t\t\t\t\t<div class=\"sc_fs_faq__content\">\n\t\t\t\t\r\n\r\n\r\n<p>Szkolenie zawiera w sobie zaj\u0119cia teoretyczne i praktyczne. Na tym pierwszym poznasz m.in. budow\u0119 i funkcj\u0119 d\u017awig\u00f3w, dowiesz si\u0119 o eksploatacji, obowi\u0105zkach operatora i konserwatora, poznasz przepisy BHP, a na praktycznym odb\u0119dziesz \u0107wiczenia z tymi maszynami.\u00a0<\/p>\r\n\t\t\t<\/div>\n\t\t<\/div>\n\t\t<\/details>\n\t\t\n<script type=\"application\/ld+json\">\n\t{\n\t\t\"@context\": \"https:\/\/schema.org\",\n\t\t\"@type\": \"FAQPage\",\n\t\t\"mainEntity\": [\n\t\t\t\t\t{\n\t\t\t\t\"@type\": \"Question\",\n\t\t\t\t\"name\": \"Czym s\u0105 d\u017awigi osobowe i towarowe?\",\n\t\t\t\t\"acceptedAnswer\": {\n\t\t\t\t\t\"@type\": \"Answer\",\n\t\t\t\t\t\"text\": \"<p>To maszyny s\u0142u\u017c\u0105ce do transportu ludzi i\/lub towar\u00f3w w pozycji pionowej lub poziomej, w poruszaj\u0105cej si\u0119 wzd\u0142u\u017c pionowych prowadnic kabinie.<\/p>\"\n\t\t\t\t\t\t\t\t\t}\n\t\t\t}\n\t\t\t,\t\t\t\t{\n\t\t\t\t\"@type\": \"Question\",\n\t\t\t\t\"name\": \"Jakie wymogi trzeba spe\u0142ni\u0107, aby wzi\u0105\u0107 udzia\u0142 w szkoleniu?\",\n\t\t\t\t\"acceptedAnswer\": {\n\t\t\t\t\t\"@type\": \"Answer\",\n\t\t\t\t\t\"text\": \"<p>Ka\u017cdy, chc\u0105cy przyst\u0105pi\u0107 do szkolenia musi mie\u0107 uko\u0144czone 18 lat, mie\u0107 minimum podstawowe wykszta\u0142cenie i brak zdrowotnych przeciwwskaza\u0144.\u00a0<\/p>\"\n\t\t\t\t\t\t\t\t\t}\n\t\t\t}\n\t\t\t,\t\t\t\t{\n\t\t\t\t\"@type\": \"Question\",\n\t\t\t\t\"name\": \"Jak wygl\u0105da szkolenie? \",\n\t\t\t\t\"acceptedAnswer\": {\n\t\t\t\t\t\"@type\": \"Answer\",\n\t\t\t\t\t\"text\": \"<p>Szkolenie zawiera w sobie zaj\u0119cia teoretyczne i praktyczne. Na tym pierwszym poznasz m.in. budow\u0119 i funkcj\u0119 d\u017awig\u00f3w, dowiesz si\u0119 o eksploatacji, obowi\u0105zkach operatora i konserwatora, poznasz przepisy BHP, a na praktycznym odb\u0119dziesz \u0107wiczenia z tymi maszynami.\u00a0<\/p>\"\n\t\t\t\t\t\t\t\t\t}\n\t\t\t}\n\t\t\t\t\t\t]\n\t}\n<\/script>\n","protected":false},"excerpt":{"rendered":"<p>D\u017awigi towarowo &#8211; osobowe, potocznie zwane windami s\u0142u\u017c\u0105 do przewozu ludzi oraz towar\u00f3w. Osoby i\/lub towary znajduj\u0105ce si\u0119 w windzie, s\u0105 w kabinie, kt\u00f3ra porusza si\u0119 wzd\u0142u\u017c pionowych prowadnic. Obs\u0142uguje przystanki, potocznie zwane pi\u0119trami. Windy o najwi\u0119kszym maksymalnym ud\u017awigu s\u0105 przystosowane do przewo\u017cenia towar\u00f3w za pomoc\u0105 w\u00f3zk\u00f3w wid\u0142owych. Ze wzgl\u0119du na zastosowanie d\u017awig\u00f3w, mo\u017cemy je [&hellip;]<\/p>\n","protected":false},"author":10,"featured_media":4273,"parent":2266,"menu_order":0,"comment_status":"closed","ping_status":"closed","template":"","meta":{"footnotes":""},"class_list":["post-4268","page","type-page","status-publish","has-post-thumbnail","hentry"],"aioseo_notices":[],"_links":{"self":[{"href":"https:\/\/szkolenia-udt.pl\/ru\/wp-json\/wp\/v2\/pages\/4268","targetHints":{"allow":["GET"]}}],"collection":[{"href":"https:\/\/szkolenia-udt.pl\/ru\/wp-json\/wp\/v2\/pages"}],"about":[{"href":"https:\/\/szkolenia-udt.pl\/ru\/wp-json\/wp\/v2\/types\/page"}],"author":[{"embeddable":true,"href":"https:\/\/szkolenia-udt.pl\/ru\/wp-json\/wp\/v2\/users\/10"}],"replies":[{"embeddable":true,"href":"https:\/\/szkolenia-udt.pl\/ru\/wp-json\/wp\/v2\/comments?post=4268"}],"version-history":[{"count":4,"href":"https:\/\/szkolenia-udt.pl\/ru\/wp-json\/wp\/v2\/pages\/4268\/revisions"}],"predecessor-version":[{"id":4280,"href":"https:\/\/szkolenia-udt.pl\/ru\/wp-json\/wp\/v2\/pages\/4268\/revisions\/4280"}],"up":[{"embeddable":true,"href":"https:\/\/szkolenia-udt.pl\/ru\/wp-json\/wp\/v2\/pages\/2266"}],"wp:featuredmedia":[{"embeddable":true,"href":"https:\/\/szkolenia-udt.pl\/ru\/wp-json\/wp\/v2\/media\/4273"}],"wp:attachment":[{"href":"https:\/\/szkolenia-udt.pl\/ru\/wp-json\/wp\/v2\/media?parent=4268"}],"curies":[{"name":"wp","href":"https:\/\/api.w.org\/{rel}","templated":true}]}}