{"id":4354,"date":"2023-03-09T14:40:06","date_gmt":"2023-03-09T13:40:06","guid":{"rendered":"https:\/\/szkolenia-udt.pl\/?page_id=4354"},"modified":"2023-03-17T00:18:17","modified_gmt":"2023-03-16T23:18:17","slug":"%d0%be%d0%b1%d1%81%d0%bb%d1%83%d0%b6%d0%b8%d0%b2%d0%b0%d0%bd%d0%b8%d0%b5-%d1%80%d0%b5%d0%bc%d0%be%d0%bd%d1%82","status":"publish","type":"page","link":"https:\/\/szkolenia-udt.pl\/ru\/zakres-uslug\/serwis-naprawa\/","title":{"rendered":"\u041e\u0431\u0441\u043b\u0443\u0436\u0438\u0432\u0430\u043d\u0438\u0435 \u043e\u0431\u043e\u0440\u0443\u0434\u043e\u0432\u0430\u043d\u0438\u044f UDT"},"content":{"rendered":"\n<h2 class=\"wp-block-heading\">Serwisanci OSO<\/h2>\n\n\n\n<p>Posiadamy wieloletnie do\u015bwiadczenie w serwisowaniu urz\u0105dze\u0144 UDT. Prowadzimy wszystkie czynno\u015bci z zakresu konserwacji, modernizacji, optymalizacji i naprawy. Na bie\u017c\u0105co usuwamy wszelkie wykryte usterki. Dokonujemy r\u00f3wnie\u017c przegl\u0105d\u00f3w okresowych oraz zajmujemy si\u0119 wszelkimi zwi\u0105zanymi z tym formalno\u015bciami.&nbsp;&nbsp;<\/p>\n\n\n<div class=\"wp-block-image\">\n<figure class=\"alignright size-large is-resized\"><a href=\"https:\/\/szkolenia-udt.pl\/wp-content\/uploads\/2023\/03\/s2-63.jpg\"><img loading=\"lazy\" decoding=\"async\" src=\"https:\/\/szkolenia-udt.pl\/wp-content\/uploads\/2023\/03\/s2-63-1024x683.jpg\" alt=\"Serwisant sprawdzaj\u0105cy dzia\u0142anie urz\u0105dzenia.\" class=\"wp-image-4377\" width=\"512\" height=\"342\" srcset=\"https:\/\/szkolenia-udt.pl\/wp-content\/uploads\/2023\/03\/s2-63-1024x683.jpg 1024w, https:\/\/szkolenia-udt.pl\/wp-content\/uploads\/2023\/03\/s2-63-300x200.jpg 300w, https:\/\/szkolenia-udt.pl\/wp-content\/uploads\/2023\/03\/s2-63-768x512.jpg 768w, https:\/\/szkolenia-udt.pl\/wp-content\/uploads\/2023\/03\/s2-63-1536x1024.jpg 1536w, https:\/\/szkolenia-udt.pl\/wp-content\/uploads\/2023\/03\/s2-63-18x12.jpg 18w, https:\/\/szkolenia-udt.pl\/wp-content\/uploads\/2023\/03\/s2-63.jpg 1600w\" sizes=\"auto, (max-width: 512px) 100vw, 512px\" \/><\/a><\/figure>\n<\/div>\n\n\n<h2 class=\"wp-block-heading\">Zakres serwisu&nbsp;<\/h2>\n\n\n\n<p>Nasz serwis zajmuje si\u0119 g\u0142\u00f3wnie urz\u0105dzeniami zaliczanymi do grupy transportu bliskiego. S\u0105 to:&nbsp;<\/p>\n\n\n\n<ul class=\"wp-block-list\">\n<li>d\u017awigi\/windy,&nbsp;<\/li>\n\n\n\n<li>suwnice,&nbsp;<\/li>\n\n\n\n<li>\u0142adowarki teleskopowe,&nbsp;&nbsp;<\/li>\n\n\n\n<li>\u017curawie HDS,&nbsp;<\/li>\n\n\n\n<li>podesty ruchome (koszowe i no\u017cycowe),&nbsp;<\/li>\n\n\n\n<li>w\u00f3zki wid\u0142owe.&nbsp;<\/li>\n<\/ul>\n\n\n\n<p>Urz\u0105dzenia ze wzgl\u0119du na prac\u0119, do kt\u00f3rej najcz\u0119\u015bciej s\u0105 u\u017cywane, podlegaj\u0105 silnej eksploatacji. Okresowe przegl\u0105dy w regularnych odst\u0119pach czasu gwarantuj\u0105 wi\u0119ksze bezpiecze\u0144stwo i optymalizuj\u0105 czas pracy.&nbsp;&nbsp;<\/p>\n\n\n<div class=\"wp-block-image\">\n<figure class=\"alignleft size-large is-resized\"><a href=\"https:\/\/szkolenia-udt.pl\/wp-content\/uploads\/2023\/03\/screen_2x-85.jpg\"><img loading=\"lazy\" decoding=\"async\" src=\"https:\/\/szkolenia-udt.pl\/wp-content\/uploads\/2023\/03\/screen_2x-85-1024x683.jpg\" alt=\"Serwis, naprawa, konserwacja, modernizacja urz\u0105dze\u0144 UTB\" class=\"wp-image-4365\" width=\"512\" height=\"342\" srcset=\"https:\/\/szkolenia-udt.pl\/wp-content\/uploads\/2023\/03\/screen_2x-85-1024x683.jpg 1024w, https:\/\/szkolenia-udt.pl\/wp-content\/uploads\/2023\/03\/screen_2x-85-300x200.jpg 300w, https:\/\/szkolenia-udt.pl\/wp-content\/uploads\/2023\/03\/screen_2x-85-768x512.jpg 768w, https:\/\/szkolenia-udt.pl\/wp-content\/uploads\/2023\/03\/screen_2x-85-1536x1024.jpg 1536w, https:\/\/szkolenia-udt.pl\/wp-content\/uploads\/2023\/03\/screen_2x-85-18x12.jpg 18w, https:\/\/szkolenia-udt.pl\/wp-content\/uploads\/2023\/03\/screen_2x-85.jpg 1600w\" sizes=\"auto, (max-width: 512px) 100vw, 512px\" \/><\/a><\/figure>\n<\/div>\n\n\n<h2 class=\"wp-block-heading\">Serwis i us\u0142ugi&nbsp;<\/h2>\n\n\n\n<h3 class=\"wp-block-heading\">Nasz serwis zajmuje si\u0119:&nbsp;<\/h3>\n\n\n\n<ul class=\"wp-block-list\">\n<li>usuwaniem wykrytych awarii,&nbsp;<\/li>\n\n\n\n<li>diagnostyka elektroniki,<\/li>\n\n\n\n<li>diagnostyka hydrauliki,&nbsp;<\/li>\n\n\n\n<li>sprawdzanie poziomu bezpiecze\u0144stwa,&nbsp;<\/li>\n\n\n\n<li>tworzenie dokumentacji serwisowej,&nbsp;<\/li>\n\n\n\n<li>audyty,&nbsp;<\/li>\n\n\n\n<li>konserwacje, przygotowuj\u0105ce do dalszego u\u017cytku urz\u0105dzenia,&nbsp;<\/li>\n\n\n\n<li>modernizacja starszego sprz\u0119tu,&nbsp;<\/li>\n\n\n\n<li>zapewnianie urz\u0105dze\u0144 zast\u0119pczych.&nbsp;<\/li>\n<\/ul>\n\n\n\n<h2 class=\"wp-block-heading\">Czym s\u0105 urz\u0105dzenia UDT?&nbsp;<\/h2>\n\n\n\n<p>Do urz\u0105dze\u0144 UDT, czyli sprz\u0119tu, kt\u00f3rego kontrol\u0105 zajmuje si\u0119 Urz\u0105d Dozoru Technicznego, zaliczaj\u0105 si\u0119 g\u0142\u00f3wnie maszyny potocznie nazywane sprz\u0119tem ci\u0119\u017ckim. Do ich obs\u0142ugi potrzeba specjalnych uprawnie\u0144. Oznacza to, \u017ce aby kierowa\u0107 danym urz\u0105dzeniem nale\u017cy przej\u015b\u0107 szkolenie i zda\u0107 egzamin zawodowy. Urz\u0105dzenia UDT najcz\u0119\u015bciej wykorzystywane s\u0105 w transporcie, za\u0142adunku i roz\u0142adunku czy te\u017c na budowie. <\/p>\n\n\n\n<h3 class=\"wp-block-heading\">Oficjalny podzia\u0142 urz\u0105dze\u0144 UDT wygl\u0105da nast\u0119puj\u0105co:&nbsp;<\/h3>\n\n\n<div class=\"wp-block-image\">\n<figure class=\"alignright size-large is-resized\"><a href=\"https:\/\/szkolenia-udt.pl\/wp-content\/uploads\/2023\/03\/screen_2x-88.jpg\"><img loading=\"lazy\" decoding=\"async\" src=\"https:\/\/szkolenia-udt.pl\/wp-content\/uploads\/2023\/03\/screen_2x-88-1024x683.jpg\" alt=\"serwis UTB\" class=\"wp-image-4378\" width=\"512\" height=\"342\" srcset=\"https:\/\/szkolenia-udt.pl\/wp-content\/uploads\/2023\/03\/screen_2x-88-1024x683.jpg 1024w, https:\/\/szkolenia-udt.pl\/wp-content\/uploads\/2023\/03\/screen_2x-88-300x200.jpg 300w, https:\/\/szkolenia-udt.pl\/wp-content\/uploads\/2023\/03\/screen_2x-88-768x512.jpg 768w, https:\/\/szkolenia-udt.pl\/wp-content\/uploads\/2023\/03\/screen_2x-88-1536x1024.jpg 1536w, https:\/\/szkolenia-udt.pl\/wp-content\/uploads\/2023\/03\/screen_2x-88-18x12.jpg 18w, https:\/\/szkolenia-udt.pl\/wp-content\/uploads\/2023\/03\/screen_2x-88.jpg 1600w\" sizes=\"auto, (max-width: 512px) 100vw, 512px\" \/><\/a><\/figure>\n<\/div>\n\n\n<ul class=\"wp-block-list\">\n<li>urz\u0105dzenia do odzyskiwania par paliwa,&nbsp;<\/li>\n\n\n\n<li>urz\u0105dzenia transportu bliskiego,&nbsp;<\/li>\n\n\n\n<li>urz\u0105dzenia bezci\u015bnieniowe,&nbsp;<\/li>\n\n\n\n<li>urz\u0105dzenia ci\u015bnieniowe.&nbsp;<\/li>\n<\/ul>\n\n\n\n<h2 class=\"wp-block-heading\">Obowi\u0105zek rutynowego przegl\u0105du&nbsp;<\/h2>\n\n\n\n<p>Urz\u0105d Dozoru Technicznego wed\u0142ug obowi\u0105zuj\u0105cych przepis\u00f3w wymaga nie tylko rejestracji wszystkich podlegaj\u0105cych mu maszyn, ale tak\u017ce dokonywania regularnych kontroli. Ka\u017cdy podmiot posiadaj\u0105cy i wykorzystuj\u0105cy \u00f3w sprz\u0119t jest zatem zobowi\u0105zany do oddania go do kontroli w odpowiednim terminie.<strong> <\/strong>UDT ma bowiem mo\u017cliwo\u015bci na\u0142o\u017cenia kary finansowej, je\u017celi zak\u0142ad nie spe\u0142ni tego kryterium. Przegl\u0105d potwierdza tylko w\u0142a\u015bciwe o\u015bwiadczenie wystawione przez UDT. W OSO zapewniamy sprawny przebieg procesu pod wzgl\u0119dem formalnym, dzi\u0119ki czemu nasi klienci nie musz\u0105 na d\u0142ugo wstrzymywa\u0107 wykonywanych prac. S\u0142u\u017cymy tak\u017ce doradztwem.&nbsp;&nbsp;&nbsp;&nbsp;<\/p>\n\n\n\n<h2 class=\"wp-block-heading\">Pozosta\u0142e us\u0142ugi&nbsp;<\/h2>\n\n\n\n<p>W <a href=\"https:\/\/szkolenia-udt.pl\/ru\/o-firmie\/\">O\u015brodku Szkolenia Operator\u00f3w<\/a> OSO, serwis nie jest jedyn\u0105 proponowan\u0105 przez nas us\u0142ug\u0105. Przeprowadzamy szkolenia zawodowe dla os\u00f3b zainteresowanych prac\u0105 jako konserwator lub operator sprz\u0119tu UDT. Nasze zaj\u0119cia przygotowane s\u0105 pod k\u0105tem aktualnych wymaga\u0144 egzaminacyjnych. Prowadzimy r\u00f3wnie\u017c sprzeda\u017c urz\u0105dze\u0144 u\u017cywanych i nowych. Doradzamy tak\u017ce pod k\u0105tem doboru sprz\u0119tu w\u0142a\u015bciwego dla danej firmy czy zak\u0142adu.&nbsp;<\/p>\n\n\n\n<h2 class=\"wp-block-heading\">Wsp\u00f3\u0142pracujemy z producentami w\u00f3zk\u00f3w wid\u0142owych takich, jak:&nbsp;<\/h2>\n\n\n\n<div class=\"wp-block-columns is-layout-flex wp-container-core-columns-is-layout-9d6595d7 wp-block-columns-is-layout-flex\">\n<div class=\"wp-block-column is-layout-flow wp-block-column-is-layout-flow\" style=\"flex-basis:25%\">\n<ul class=\"wp-block-list\">\n<li>Jungheinrich,&nbsp;&nbsp;<\/li>\n\n\n\n<li>Toyota,&nbsp;&nbsp;<\/li>\n\n\n\n<li>BT,&nbsp;&nbsp;<\/li>\n\n\n\n<li>Still,&nbsp;&nbsp;<\/li>\n\n\n\n<li>Linde,&nbsp;&nbsp;<\/li>\n<\/ul>\n<\/div>\n\n\n\n<div class=\"wp-block-column is-layout-flow wp-block-column-is-layout-flow\" style=\"flex-basis:25%\">\n<ul class=\"wp-block-list\">\n<li>Mitsubishi,&nbsp;&nbsp;<\/li>\n\n\n\n<li>Hyster,&nbsp;&nbsp;<\/li>\n\n\n\n<li>Yale,&nbsp;&nbsp;<\/li>\n\n\n\n<li>OMV,&nbsp;&nbsp;<\/li>\n\n\n\n<li>Clark,&nbsp;&nbsp;<\/li>\n<\/ul>\n<\/div>\n\n\n\n<div class=\"wp-block-column is-layout-flow wp-block-column-is-layout-flow\" style=\"flex-basis:25%\">\n<ul class=\"wp-block-list\">\n<li>HC,&nbsp;&nbsp;<\/li>\n\n\n\n<li>OMG,&nbsp;&nbsp;<\/li>\n\n\n\n<li>Nissan,&nbsp;&nbsp;<\/li>\n\n\n\n<li>Komatsu,&nbsp;<\/li>\n\n\n\n<li>Hako,<\/li>\n<\/ul>\n<\/div>\n\n\n\n<div class=\"wp-block-column is-layout-flow wp-block-column-is-layout-flow\" style=\"flex-basis:25%\">\n<ul class=\"wp-block-list\">\n<li>Bauman,&nbsp;&nbsp;<\/li>\n\n\n\n<li>Taski,&nbsp;<\/li>\n\n\n\n<li>Manitou,&nbsp;&nbsp;<\/li>\n\n\n\n<li>Hyundai.&nbsp;<\/li>\n<\/ul>\n<\/div>\n<\/div>\n\n\n\n<h2 class=\"wp-block-heading\">Oferujemy tak\u017ce podesty ruchome od marek:&nbsp;<\/h2>\n\n\n\n<div class=\"wp-block-columns is-layout-flex wp-container-core-columns-is-layout-9d6595d7 wp-block-columns-is-layout-flex\">\n<div class=\"wp-block-column is-layout-flow wp-block-column-is-layout-flow\" style=\"flex-basis:25%\">\n<ul class=\"wp-block-list\">\n<li>Alp-Lift,&nbsp;&nbsp;&nbsp;&nbsp;<\/li>\n\n\n\n<li>Bocker,&nbsp;&nbsp;&nbsp;&nbsp;<\/li>\n\n\n\n<li>Lionlift,&nbsp;&nbsp;&nbsp;&nbsp;&nbsp;<\/li>\n\n\n\n<li>Omme,&nbsp;&nbsp;&nbsp;&nbsp;<\/li>\n\n\n\n<li>Snorkel,&nbsp;&nbsp;&nbsp;&nbsp;<\/li>\n\n\n\n<li>Steinweg,&nbsp;&nbsp;&nbsp;&nbsp;&nbsp;<\/li>\n\n\n\n<li>Aerial,&nbsp;&nbsp;&nbsp;&nbsp;<\/li>\n\n\n\n<li>Aichi,&nbsp;&nbsp;&nbsp;&nbsp;&nbsp;<\/li>\n\n\n\n<li>Basket,&nbsp;&nbsp;&nbsp;&nbsp;<\/li>\n\n\n\n<li>Bison,&nbsp;&nbsp;&nbsp;&nbsp;&nbsp;<\/li>\n\n\n\n<li>Bizzocchi,&nbsp;&nbsp;&nbsp;&nbsp;<\/li>\n\n\n\n<li>Bronto,&nbsp;&nbsp;&nbsp;<\/li>\n\n\n\n<li>BST,&nbsp;&nbsp;&nbsp;&nbsp;<\/li>\n\n\n\n<li>Cella,&nbsp;&nbsp;&nbsp;&nbsp;<\/li>\n\n\n\n<li>CTE,&nbsp;&nbsp;&nbsp;&nbsp;&nbsp;&nbsp;&nbsp;&nbsp;<\/li>\n<\/ul>\n<\/div>\n\n\n\n<div class=\"wp-block-column is-layout-flow wp-block-column-is-layout-flow\" style=\"flex-basis:25%\">\n<ul class=\"wp-block-list\">\n<li>Custers,&nbsp;&nbsp;<\/li>\n\n\n\n<li>Denka,&nbsp;&nbsp;&nbsp;&nbsp;<\/li>\n\n\n\n<li>Dino Lift,&nbsp;&nbsp;&nbsp;&nbsp;&nbsp;<\/li>\n\n\n\n<li>Euro Access,&nbsp;&nbsp;&nbsp;&nbsp;<\/li>\n\n\n\n<li>Eurozoom,&nbsp;&nbsp;&nbsp;&nbsp;&nbsp;<\/li>\n\n\n\n<li>France,<\/li>\n\n\n\n<li>Elevateur,&nbsp;&nbsp;&nbsp;&nbsp;&nbsp;<\/li>\n\n\n\n<li>Genie,&nbsp;&nbsp;&nbsp;<\/li>\n\n\n\n<li>Grove,&nbsp;&nbsp;&nbsp;&nbsp;&nbsp;<\/li>\n\n\n\n<li>GSL,&nbsp;&nbsp;&nbsp;&nbsp;&nbsp;<\/li>\n\n\n\n<li>GSR,&nbsp;&nbsp;&nbsp;&nbsp;&nbsp;<\/li>\n\n\n\n<li>Haulotte,&nbsp;&nbsp;&nbsp;&nbsp;&nbsp;<\/li>\n\n\n\n<li>Holland lift,&nbsp;&nbsp;&nbsp;<\/li>\n\n\n\n<li>Hunter,&nbsp;&nbsp;<\/li>\n<\/ul>\n<\/div>\n\n\n\n<div class=\"wp-block-column is-layout-flow wp-block-column-is-layout-flow\" style=\"flex-basis:25%\">\n<ul class=\"wp-block-list\">\n<li>Isoli,&nbsp;&nbsp;&nbsp;&nbsp;&nbsp;<\/li>\n\n\n\n<li>Italmec,&nbsp;&nbsp;&nbsp;&nbsp;&nbsp;<\/li>\n\n\n\n<li>Iteco,&nbsp;<\/li>\n\n\n\n<li>JLG,&nbsp;&nbsp;&nbsp;&nbsp;&nbsp;<\/li>\n\n\n\n<li>Manitou,&nbsp;&nbsp;&nbsp;&nbsp;<\/li>\n\n\n\n<li>Marklift,&nbsp;&nbsp;&nbsp;&nbsp;&nbsp;<\/li>\n\n\n\n<li>Matilsa,&nbsp;&nbsp;&nbsp;&nbsp;&nbsp;<\/li>\n\n\n\n<li>Maxlift&nbsp;&nbsp;&nbsp;&nbsp;&nbsp;<\/li>\n\n\n\n<li>MEC,&nbsp;&nbsp;&nbsp;&nbsp;<\/li>\n\n\n\n<li>Moog,&nbsp;&nbsp;&nbsp;&nbsp;<\/li>\n\n\n\n<li>Niftylift,&nbsp;&nbsp;&nbsp;&nbsp;&nbsp;<\/li>\n\n\n\n<li>Oil &amp; Steel,&nbsp;&nbsp;&nbsp;&nbsp;&nbsp;<\/li>\n\n\n\n<li>Pagliero,<\/li>\n\n\n\n<li>Multitel,&nbsp;&nbsp;&nbsp;&nbsp;<\/li>\n\n\n\n<li>Palazzani,&nbsp;&nbsp;&nbsp;&nbsp;&nbsp;<\/li>\n\n\n\n<li>Paus,&nbsp;&nbsp;&nbsp;<\/li>\n<\/ul>\n<\/div>\n\n\n\n<div class=\"wp-block-column is-layout-flow wp-block-column-is-layout-flow\" style=\"flex-basis:25%\">\n<ul class=\"wp-block-list\">\n<li>RAM,&nbsp;&nbsp;&nbsp;&nbsp;<\/li>\n\n\n\n<li>Riffaud,&nbsp;&nbsp;&nbsp;&nbsp;<\/li>\n\n\n\n<li>Ruthmann,&nbsp;&nbsp;&nbsp;&nbsp;&nbsp;<\/li>\n\n\n\n<li>Simon,&nbsp;&nbsp;&nbsp;&nbsp;&nbsp;<\/li>\n\n\n\n<li>Sky High,&nbsp;&nbsp;&nbsp;&nbsp;&nbsp;<\/li>\n\n\n\n<li>Skyjack,&nbsp;&nbsp;&nbsp;&nbsp;<\/li>\n\n\n\n<li>Tecchio,&nbsp;&nbsp;&nbsp;&nbsp;&nbsp;<\/li>\n\n\n\n<li>Terex,&nbsp;&nbsp;&nbsp;&nbsp;&nbsp;<\/li>\n\n\n\n<li>Teupen,&nbsp;&nbsp;&nbsp;&nbsp;&nbsp;<\/li>\n\n\n\n<li>TKD,&nbsp;&nbsp;&nbsp;&nbsp;&nbsp;<\/li>\n\n\n\n<li>Topper,&nbsp;&nbsp;&nbsp;&nbsp;<\/li>\n\n\n\n<li>Toucan,&nbsp;&nbsp;&nbsp;&nbsp;<\/li>\n\n\n\n<li>UpRight,&nbsp;&nbsp;&nbsp;&nbsp;&nbsp;<\/li>\n\n\n\n<li>Versalift,&nbsp;&nbsp;&nbsp;&nbsp;&nbsp;<\/li>\n\n\n\n<li>Weber,&nbsp;&nbsp;&nbsp;<\/li>\n\n\n\n<li>Wumag.&nbsp;<\/li>\n<\/ul>\n<\/div>\n<\/div>\n\n\n\n<h2 class=\"wp-block-heading\">Pytania i odpowiedzi:<\/h2>\n\n\n\t\t<details\t\thelp class=\"sc_fs_faq sc_card    \"\n\t\topen\t\t>\n\t\t\t\t\t<summary>\n\t\t\t\t<h3>1. Czym zajmujemy si\u0119 w naszej firmie?<\/h3>\t\t\t\t\t<\/summary>\n\t\t\t\t<div>\n\t\t\t\t\t\t<div class=\"sc_fs_faq__content\">\n\t\t\t\t\n\n<p>Zajmujemy si\u0119: napraw\u0105, sprzeda\u017c\u0105, modernizacj\u0105, konserwacj\u0105, diagnostyk\u0105, serwisem, audytami oraz doradztwem przy zakupie. Prowadzimy tak\u017ce szkolenia na konserwator\u00f3w i operator\u00f3w oraz zajmujemy si\u0119 sprzeda\u017c\u0105.&nbsp;<\/p>\n\n\t\t\t<\/div>\n\t\t<\/div>\n\t\t<\/details>\n\t\t\t\t<details\t\thelp class=\"sc_fs_faq sc_card    \"\n\t\t\t\t>\n\t\t\t\t\t<summary>\n\t\t\t\t<h3>2. Co obejmuje nasz serwis?<\/h3>\t\t\t\t\t<\/summary>\n\t\t\t\t<div>\n\t\t\t\t\t\t<div class=\"sc_fs_faq__content\">\n\t\t\t\t\n\n<p>Pod wzgl\u0119dem konserwacji i serwisu zajmujemy si\u0119 sprz\u0119tem transportu bliskiego. S\u0105 to m.in. w\u00f3zki wid\u0142owe, suwnice, d\u017awigi HDS, podesty ruchome czy \u0142adowarki teleskopowe.&nbsp;<\/p>\n\n\t\t\t<\/div>\n\t\t<\/div>\n\t\t<\/details>\n\t\t\t\t<details\t\thelp class=\"sc_fs_faq sc_card    \"\n\t\t\t\t>\n\t\t\t\t\t<summary>\n\t\t\t\t<h3>3. Czy jest nakaz dokonywania przegl\u0105du sprz\u0119tu UDT?<\/h3>\t\t\t\t\t<\/summary>\n\t\t\t\t<div>\n\t\t\t\t\t\t<div class=\"sc_fs_faq__content\">\n\t\t\t\t\n\n<p>Tak.<strong> <\/strong>Urz\u0105d Dozoru Technicznego nakazuje okresowe kontrole, sprawdzaj\u0105ce sprz\u0119t pod k\u0105tem usterek i dalszego u\u017cytku.&nbsp;<\/p>\n\n\t\t\t<\/div>\n\t\t<\/div>\n\t\t<\/details>\n\t\t\n<script type=\"application\/ld+json\">\n\t{\n\t\t\"@context\": \"https:\/\/schema.org\",\n\t\t\"@type\": \"FAQPage\",\n\t\t\"mainEntity\": [\n\t\t\t\t\t{\n\t\t\t\t\"@type\": \"Question\",\n\t\t\t\t\"name\": \"1. Czym zajmujemy si\u0119 w naszej firmie?\",\n\t\t\t\t\"acceptedAnswer\": {\n\t\t\t\t\t\"@type\": \"Answer\",\n\t\t\t\t\t\"text\": \"<p>Zajmujemy si\u0119: napraw\u0105, sprzeda\u017c\u0105, modernizacj\u0105, konserwacj\u0105, diagnostyk\u0105, serwisem, audytami oraz doradztwem przy zakupie. Prowadzimy tak\u017ce szkolenia na konserwator\u00f3w i operator\u00f3w oraz zajmujemy si\u0119 sprzeda\u017c\u0105.&nbsp;<\/p>\"\n\t\t\t\t\t\t\t\t\t}\n\t\t\t}\n\t\t\t,\t\t\t\t{\n\t\t\t\t\"@type\": \"Question\",\n\t\t\t\t\"name\": \"2. Co obejmuje nasz serwis?\",\n\t\t\t\t\"acceptedAnswer\": {\n\t\t\t\t\t\"@type\": \"Answer\",\n\t\t\t\t\t\"text\": \"<p>Pod wzgl\u0119dem konserwacji i serwisu zajmujemy si\u0119 sprz\u0119tem transportu bliskiego. S\u0105 to m.in. w\u00f3zki wid\u0142owe, suwnice, d\u017awigi HDS, podesty ruchome czy \u0142adowarki teleskopowe.&nbsp;<\/p>\"\n\t\t\t\t\t\t\t\t\t}\n\t\t\t}\n\t\t\t,\t\t\t\t{\n\t\t\t\t\"@type\": \"Question\",\n\t\t\t\t\"name\": \"3. Czy jest nakaz dokonywania przegl\u0105du sprz\u0119tu UDT?\",\n\t\t\t\t\"acceptedAnswer\": {\n\t\t\t\t\t\"@type\": \"Answer\",\n\t\t\t\t\t\"text\": \"<p>Tak.<strong><\/strong>Urz\u0105d Dozoru Technicznego nakazuje okresowe kontrole, sprawdzaj\u0105ce sprz\u0119t pod k\u0105tem usterek i dalszego u\u017cytku.&nbsp;<\/p>\"\n\t\t\t\t\t\t\t\t\t}\n\t\t\t}\n\t\t\t\t\t\t]\n\t}\n<\/script>\n","protected":false},"excerpt":{"rendered":"<p>Serwisanci OSO Posiadamy wieloletnie do\u015bwiadczenie w serwisowaniu urz\u0105dze\u0144 UDT. Prowadzimy wszystkie czynno\u015bci z zakresu konserwacji, modernizacji, optymalizacji i naprawy. Na bie\u017c\u0105co usuwamy wszelkie wykryte usterki. Dokonujemy r\u00f3wnie\u017c przegl\u0105d\u00f3w okresowych oraz zajmujemy si\u0119 wszelkimi zwi\u0105zanymi z tym formalno\u015bciami.&nbsp;&nbsp; Zakres serwisu&nbsp; Nasz serwis zajmuje si\u0119 g\u0142\u00f3wnie urz\u0105dzeniami zaliczanymi do grupy transportu bliskiego. S\u0105 to:&nbsp; Urz\u0105dzenia ze wzgl\u0119du [&hellip;]<\/p>\n","protected":false},"author":3,"featured_media":4378,"parent":4351,"menu_order":0,"comment_status":"closed","ping_status":"closed","template":"template-podkategorie.php","meta":{"footnotes":""},"class_list":["post-4354","page","type-page","status-publish","has-post-thumbnail","hentry"],"aioseo_notices":[],"_links":{"self":[{"href":"https:\/\/szkolenia-udt.pl\/ru\/wp-json\/wp\/v2\/pages\/4354","targetHints":{"allow":["GET"]}}],"collection":[{"href":"https:\/\/szkolenia-udt.pl\/ru\/wp-json\/wp\/v2\/pages"}],"about":[{"href":"https:\/\/szkolenia-udt.pl\/ru\/wp-json\/wp\/v2\/types\/page"}],"author":[{"embeddable":true,"href":"https:\/\/szkolenia-udt.pl\/ru\/wp-json\/wp\/v2\/users\/3"}],"replies":[{"embeddable":true,"href":"https:\/\/szkolenia-udt.pl\/ru\/wp-json\/wp\/v2\/comments?post=4354"}],"version-history":[{"count":2,"href":"https:\/\/szkolenia-udt.pl\/ru\/wp-json\/wp\/v2\/pages\/4354\/revisions"}],"predecessor-version":[{"id":4549,"href":"https:\/\/szkolenia-udt.pl\/ru\/wp-json\/wp\/v2\/pages\/4354\/revisions\/4549"}],"up":[{"embeddable":true,"href":"https:\/\/szkolenia-udt.pl\/ru\/wp-json\/wp\/v2\/pages\/4351"}],"wp:featuredmedia":[{"embeddable":true,"href":"https:\/\/szkolenia-udt.pl\/ru\/wp-json\/wp\/v2\/media\/4378"}],"wp:attachment":[{"href":"https:\/\/szkolenia-udt.pl\/ru\/wp-json\/wp\/v2\/media?parent=4354"}],"curies":[{"name":"wp","href":"https:\/\/api.w.org\/{rel}","templated":true}]}}