{"id":4358,"date":"2023-03-16T19:09:57","date_gmt":"2023-03-16T18:09:57","guid":{"rendered":"https:\/\/szkolenia-udt.pl\/?page_id=4358"},"modified":"2023-03-17T12:56:20","modified_gmt":"2023-03-17T11:56:20","slug":"%d1%81%d0%b5%d1%80%d0%b2%d0%b8%d1%81%d0%bd%d0%be%d0%b5-%d0%be%d0%b1%d1%81%d0%bb%d1%83%d0%b6%d0%b8%d0%b2%d0%b0%d0%bd%d0%b8%d0%b5-%d0%bc%d0%be%d0%b4%d0%b5%d1%80%d0%bd%d0%b8%d0%b7%d0%b0%d1%86%d0%b8%d1%8f","status":"publish","type":"page","link":"https:\/\/szkolenia-udt.pl\/ru\/zakres-uslug\/serwis-naprawa\/serwis-konserwacja-modernizacja-wozkow-widlowych\/","title":{"rendered":"\u0420\u0435\u043c\u043e\u043d\u0442 \u043e\u0431\u043e\u0440\u0443\u0434\u043e\u0432\u0430\u043d\u0438\u044f UDT - \u043e\u0431\u0441\u043b\u0443\u0436\u0438\u0432\u0430\u043d\u0438\u0435, \u0440\u0435\u043c\u043e\u043d\u0442, \u043c\u043e\u0434\u0435\u0440\u043d\u0438\u0437\u0430\u0446\u0438\u044f \u0432\u0438\u043b\u043e\u0447\u043d\u044b\u0445 \u043f\u043e\u0433\u0440\u0443\u0437\u0447\u0438\u043a\u043e\u0432"},"content":{"rendered":"\n<h2 class=\"wp-block-heading\">Serwis, naprawa, konserwacja i modernizacja maszyn<\/h2>\n\n\n<div class=\"wp-block-image\">\n<figure class=\"alignright size-large is-resized\"><a href=\"https:\/\/szkolenia-udt.pl\/wp-content\/uploads\/2023\/03\/screen_2x-86.jpg\"><img loading=\"lazy\" decoding=\"async\" src=\"https:\/\/szkolenia-udt.pl\/wp-content\/uploads\/2023\/03\/screen_2x-86-1024x684.jpg\" alt=\"podesty ruchome podczas naprawy\" class=\"wp-image-4364\" width=\"512\" height=\"342\" srcset=\"https:\/\/szkolenia-udt.pl\/wp-content\/uploads\/2023\/03\/screen_2x-86-1024x684.jpg 1024w, https:\/\/szkolenia-udt.pl\/wp-content\/uploads\/2023\/03\/screen_2x-86-300x200.jpg 300w, https:\/\/szkolenia-udt.pl\/wp-content\/uploads\/2023\/03\/screen_2x-86-768x513.jpg 768w, https:\/\/szkolenia-udt.pl\/wp-content\/uploads\/2023\/03\/screen_2x-86-1536x1025.jpg 1536w, https:\/\/szkolenia-udt.pl\/wp-content\/uploads\/2023\/03\/screen_2x-86-18x12.jpg 18w, https:\/\/szkolenia-udt.pl\/wp-content\/uploads\/2023\/03\/screen_2x-86.jpg 1600w\" sizes=\"auto, (max-width: 512px) 100vw, 512px\" \/><\/a><\/figure>\n<\/div>\n\n\n<p>Nasza firma oferuje szeroki wachlarz us\u0142ug z zakresu naprawy i serwisu urz\u0105dze\u0144 obj\u0119tych dozorem UDT. Jeste\u015bmy zak\u0142adem z wieloletnim do\u015bwiadczeniem i posiadamy odpowiednie uprawnienia wydane przez Urz\u0105d Dozoru Technicznego. <\/p>\n\n\n\n<p>Zesp\u00f3\u0142 sk\u0142ada si\u0119 z wielu fachowc\u00f3w posiadaj\u0105cych do\u015bwiadczenie w pracy z maszynami UDT. W naszej pracy stawiamy na profesjonalizm i fachowo\u015b\u0107.&nbsp;<\/p>\n\n\n\n<h2 class=\"wp-block-heading\">G\u0142\u00f3wnym celem naszej firmy jest to, aby:&nbsp;<\/h2>\n\n\n\n<ul class=\"wp-block-list\">\n<li>systematycznie monitorowa\u0107 i doskonali\u0107 poziom bezpiecze\u0144stwa i higieny pracy w trakcie realizacji oferowanych przez nas us\u0142ug,&nbsp;&nbsp;<\/li>\n\n\n\n<li>ci\u0105gle podnosi\u0107 jako\u015b\u0107 oferowanych przez nas us\u0142ug,&nbsp;&nbsp;<\/li>\n\n\n\n<li>rzetelnie oraz terminowo wykonywa\u0107 powierzone nam naprawy,&nbsp;<\/li>\n\n\n\n<li>spe\u0142nia\u0107 wszystkie wymagania naszych klient\u00f3w.&nbsp;<\/li>\n<\/ul>\n\n\n<div class=\"wp-block-image\">\n<figure class=\"alignright size-large is-resized\"><a href=\"https:\/\/szkolenia-udt.pl\/wp-content\/uploads\/2023\/03\/s2-1.jpg\"><img loading=\"lazy\" decoding=\"async\" src=\"https:\/\/szkolenia-udt.pl\/wp-content\/uploads\/2023\/03\/s2-1-1024x683.jpg\" alt=\"W\u00f3zek wid\u0142owy elektryczny\" class=\"wp-image-4569\" width=\"512\" height=\"342\" srcset=\"https:\/\/szkolenia-udt.pl\/wp-content\/uploads\/2023\/03\/s2-1-1024x683.jpg 1024w, https:\/\/szkolenia-udt.pl\/wp-content\/uploads\/2023\/03\/s2-1-300x200.jpg 300w, https:\/\/szkolenia-udt.pl\/wp-content\/uploads\/2023\/03\/s2-1-768x512.jpg 768w, https:\/\/szkolenia-udt.pl\/wp-content\/uploads\/2023\/03\/s2-1-1536x1024.jpg 1536w, https:\/\/szkolenia-udt.pl\/wp-content\/uploads\/2023\/03\/s2-1-18x12.jpg 18w, https:\/\/szkolenia-udt.pl\/wp-content\/uploads\/2023\/03\/s2-1.jpg 1600w\" sizes=\"auto, (max-width: 512px) 100vw, 512px\" \/><\/a><\/figure>\n<\/div>\n\n\n<h3 class=\"wp-block-heading\">W szerokiej ofercie naszych us\u0142ug znajdziecie Pa\u0144stwo m.in.:&nbsp;<\/h3>\n\n\n\n<ul class=\"wp-block-list\">\n<li>serwis naprawczy,&nbsp;&nbsp;<\/li>\n\n\n\n<li>modernizacje i renowacje,&nbsp;<\/li>\n\n\n\n<li>serwis mobilny,<\/li>\n\n\n\n<li>spawanie i zgrzewanie,&nbsp;&nbsp;<\/li>\n\n\n\n<li>doradztwo i audyt.&nbsp;&nbsp;<\/li>\n<\/ul>\n\n\n\n<h2 class=\"wp-block-heading\">Serwis i naprawa UDT&nbsp;<\/h2>\n\n\n\n<p>Oferujemy Pa\u0144stwu kompleksow\u0105 us\u0142ug\u0119 naprawcz\u0105 mi\u0119dzy innymi: d\u017awignik\u00f3w, podest\u00f3w ruchomych, \u017curawi czy w\u00f3zk\u00f3w wid\u0142owych. Do\u0142o\u017cymy wszelkich stara\u0144, aby byli Pa\u0144stwo zadowoleni z <a href=\"https:\/\/szkolenia-udt.pl\/ru\/oferta\/\">naszych us\u0142ug<\/a>. Wszystkie naprawy s\u0105 wykonywane w naszej siedzibie, jednak istnieje mo\u017cliwo\u015b\u0107 wyceny wst\u0119pnej z dojazdem do klienta. &nbsp;<\/p>\n\n\n\n<h2 class=\"wp-block-heading\">Zakres naszych us\u0142ug serwisowych obejmuje:&nbsp;&nbsp;&nbsp;<\/h2>\n\n\n\n<div class=\"wp-block-columns is-layout-flex wp-container-core-columns-is-layout-9d6595d7 wp-block-columns-is-layout-flex\">\n<div class=\"wp-block-column is-layout-flow wp-block-column-is-layout-flow\" style=\"flex-basis:50%\">\n<ul class=\"wp-block-list\">\n<li>dokumentacj\u0119 rejestracyjn\u0105, &nbsp;<\/li>\n\n\n\n<li>modernizacje oraz naprawy, &nbsp;<\/li>\n\n\n\n<li>prowadzenie dziennika konserwacji,&nbsp;&nbsp;<\/li>\n\n\n\n<li>weryfikacj\u0119 stanu technicznego pojazdu, &nbsp;&nbsp;&nbsp;<\/li>\n<\/ul>\n<\/div>\n\n\n\n<div class=\"wp-block-column is-layout-flow wp-block-column-is-layout-flow\" style=\"flex-basis:50%\">\n<ul class=\"wp-block-list\">\n<li>wymian\u0119 cz\u0119\u015bci, &nbsp;<\/li>\n\n\n\n<li>bie\u017c\u0105ce naprawy,&nbsp;&nbsp;<\/li>\n\n\n\n<li>remonty kapitalne.<\/li>\n<\/ul>\n<\/div>\n<\/div>\n\n\n\n<h2 class=\"wp-block-heading\">Modernizacja w\u00f3zk\u00f3w wid\u0142owych&nbsp;&nbsp;<\/h2>\n\n\n\n<p>Nasza firma posiada wszelkie niezb\u0119dne uprawnienia i szerokie zaplecze techniczne niezb\u0119dne do przeprowadzenia modyfikacji urz\u0105dze\u0144 UDT. W naszej ofercie znale\u017a\u0107 mo\u017cna te\u017c profesjonalne us\u0142ugi modernizacji w\u00f3zk\u00f3w wid\u0142owych. Postaramy si\u0119 zmodernizowa\u0107 nawet starsze modele w\u00f3zk\u00f3w wid\u0142owych.&nbsp;&nbsp;<\/p>\n\n\n<div class=\"wp-block-image\">\n<figure class=\"alignright size-large is-resized\"><a href=\"https:\/\/szkolenia-udt.pl\/wp-content\/uploads\/2023\/03\/screen_2x-84.jpg\"><img loading=\"lazy\" decoding=\"async\" src=\"https:\/\/szkolenia-udt.pl\/wp-content\/uploads\/2023\/03\/screen_2x-84-1024x877.jpg\" alt=\"serwis mobilny w\u00f3zk\u00f3w wid\u0142owych\" class=\"wp-image-4367\" width=\"512\" height=\"439\" srcset=\"https:\/\/szkolenia-udt.pl\/wp-content\/uploads\/2023\/03\/screen_2x-84-1024x877.jpg 1024w, https:\/\/szkolenia-udt.pl\/wp-content\/uploads\/2023\/03\/screen_2x-84-300x257.jpg 300w, https:\/\/szkolenia-udt.pl\/wp-content\/uploads\/2023\/03\/screen_2x-84-768x658.jpg 768w, https:\/\/szkolenia-udt.pl\/wp-content\/uploads\/2023\/03\/screen_2x-84-1536x1316.jpg 1536w, https:\/\/szkolenia-udt.pl\/wp-content\/uploads\/2023\/03\/screen_2x-84-14x12.jpg 14w, https:\/\/szkolenia-udt.pl\/wp-content\/uploads\/2023\/03\/screen_2x-84.jpg 1600w\" sizes=\"auto, (max-width: 512px) 100vw, 512px\" \/><\/a><\/figure>\n<\/div>\n\n\n<h2 class=\"wp-block-heading\">W us\u0142ugach modernizacji w\u00f3zk\u00f3w wid\u0142owych znajdziecie Pa\u0144stwo: &nbsp;<\/h2>\n\n\n\n<ul class=\"wp-block-list\">\n<li>zmian\u0119 d\u0142ugo\u015bci maszt\u00f3w, &nbsp;<\/li>\n\n\n\n<li>monta\u017c dodatkowych \u015bwiate\u0142,&nbsp;&nbsp;<\/li>\n\n\n\n<li>wymian\u0119 p\u0142yty eksploatacyjnej,&nbsp;&nbsp;<\/li>\n\n\n\n<li>wymian\u0119 pask\u00f3w rozrz\u0105du,&nbsp;&nbsp;<\/li>\n\n\n\n<li>gruntown\u0105 napraw\u0119 lub ca\u0142kowit\u0105 wymian\u0119 ogumienia,&nbsp;&nbsp;&nbsp;<\/li>\n\n\n\n<li>regeneracje prostownik\u00f3w,&nbsp;&nbsp;<\/li>\n\n\n\n<li>regeneracj\u0119 akumulator\u00f3w,&nbsp;&nbsp;<\/li>\n\n\n\n<li>wzbogacenie konstrukcji o dodatkowe elementy,&nbsp;&nbsp;<\/li>\n\n\n\n<li>instalacj\u0119 hydrauliki pod osprz\u0119t komplementarny.&nbsp;<\/li>\n<\/ul>\n\n\n\n<h2 class=\"wp-block-heading\">Spawanie UDT&nbsp;<\/h2>\n\n\n\n<p>Jak ju\u017c wcze\u015bniej wspominali\u015bmy, nasza firma zajmuje si\u0119 tak\u017ce spawaniem i zgrzewaniem maszyn UDT. Pozwala nam to \u015bwiadczy\u0107 w pe\u0142ni kompleksowe us\u0142ugi w zakresie urz\u0105dze\u0144 technicznych UDT. Oferta spawalnicza kierowana jest do przedsi\u0119biorstw, jednak wsp\u00f3\u0142pracujemy tak\u017ce z klientami indywidualnymi.<\/p>\n\n\n<div class=\"wp-block-image\">\n<figure class=\"alignright size-large is-resized\"><a href=\"https:\/\/szkolenia-udt.pl\/wp-content\/uploads\/2023\/03\/screen_2x-85.jpg\"><img loading=\"lazy\" decoding=\"async\" src=\"https:\/\/szkolenia-udt.pl\/wp-content\/uploads\/2023\/03\/screen_2x-85-1024x683.jpg\" alt=\"Serwis, naprawa, konserwacja, modernizacja urz\u0105dze\u0144 UTB\" class=\"wp-image-4365\" width=\"512\" height=\"342\" srcset=\"https:\/\/szkolenia-udt.pl\/wp-content\/uploads\/2023\/03\/screen_2x-85-1024x683.jpg 1024w, https:\/\/szkolenia-udt.pl\/wp-content\/uploads\/2023\/03\/screen_2x-85-300x200.jpg 300w, https:\/\/szkolenia-udt.pl\/wp-content\/uploads\/2023\/03\/screen_2x-85-768x512.jpg 768w, https:\/\/szkolenia-udt.pl\/wp-content\/uploads\/2023\/03\/screen_2x-85-1536x1024.jpg 1536w, https:\/\/szkolenia-udt.pl\/wp-content\/uploads\/2023\/03\/screen_2x-85-18x12.jpg 18w, https:\/\/szkolenia-udt.pl\/wp-content\/uploads\/2023\/03\/screen_2x-85.jpg 1600w\" sizes=\"auto, (max-width: 512px) 100vw, 512px\" \/><\/a><\/figure>\n<\/div>\n\n\n<h3 class=\"wp-block-heading\">Oferujemy pe\u0142ne wsparcie spawalnicze, tj.:&nbsp;<\/h3>\n\n\n\n<ul class=\"wp-block-list\">\n<li>przeprowadzenie okresowych przegl\u0105d\u00f3w technicznych,&nbsp;&nbsp;<\/li>\n\n\n\n<li>fachowe doradztwo,&nbsp;&nbsp;<\/li>\n\n\n\n<li>pomoc w przygotowaniu wymaganej dokumentacji UDT,&nbsp;<\/li>\n\n\n\n<li>naprawy spawalnicze.&nbsp;&nbsp;<\/li>\n<\/ul>\n\n\n\n<p>Zapraszamy do kontaktu w sprawie szczeg\u00f3\u0142\u00f3w oferty. Ceny uzgadniane s\u0105 indywidualnie w zale\u017cno\u015bci od rodzaju napraw.&nbsp;<\/p>\n\n\n\n<h2 class=\"wp-block-heading\">Pytania i odpowiedzi:<\/h2>\n\n\n\t\t<details\t\thelp class=\"sc_fs_faq sc_card    \"\n\t\topen\t\t>\n\t\t\t\t\t<summary>\n\t\t\t\t<h3>1. Na czym polega serwis?<\/h3>\t\t\t\t\t<\/summary>\n\t\t\t\t<div>\n\t\t\t\t\t\t<div class=\"sc_fs_faq__content\">\n\t\t\t\t\n\n<p>Nasz serwis polega na kompleksowym sprawdzeniu urz\u0105dzenia. Od zg\u0142oszonej usterki po wszelkie ewentualne uszkodzenia. Nasza us\u0142uga to serwis, naprawa, konserwacja i modernizacja urz\u0105dze\u0144 od podstaw.<\/p>\n\n\t\t\t<\/div>\n\t\t<\/div>\n\t\t<\/details>\n\t\t\t\t<details\t\thelp class=\"sc_fs_faq sc_card    \"\n\t\t\t\t>\n\t\t\t\t\t<summary>\n\t\t\t\t<h3>2. Gdzie serwisujemy?<\/h3>\t\t\t\t\t<\/summary>\n\t\t\t\t<div>\n\t\t\t\t\t\t<div class=\"sc_fs_faq__content\">\n\t\t\t\t\n\n<p>Oferujemy us\u0142ugi w naszym serwisie oraz us\u0142ugi mobilnego serwisanta. Serwis mobilny OSO dotyczy zg\u0142osze\u0144 z ca\u0142ej Polski \u2013 u klienta sprawdzimy sprawno\u015b\u0107 urz\u0105dzenia UDT, wymienimy cz\u0119\u015bci i p\u0142yny. Serwis mobilny dotyczy niewielkich, szybkich napraw. <\/p>\n\n\t\t\t<\/div>\n\t\t<\/div>\n\t\t<\/details>\n\t\t\n<script type=\"application\/ld+json\">\n\t{\n\t\t\"@context\": \"https:\/\/schema.org\",\n\t\t\"@type\": \"FAQPage\",\n\t\t\"mainEntity\": [\n\t\t\t\t\t{\n\t\t\t\t\"@type\": \"Question\",\n\t\t\t\t\"name\": \"1. Na czym polega serwis?\",\n\t\t\t\t\"acceptedAnswer\": {\n\t\t\t\t\t\"@type\": \"Answer\",\n\t\t\t\t\t\"text\": \"<p>Nasz serwis polega na kompleksowym sprawdzeniu urz\u0105dzenia. Od zg\u0142oszonej usterki po wszelkie ewentualne uszkodzenia. Nasza us\u0142uga to serwis, naprawa, konserwacja i modernizacja urz\u0105dze\u0144 od podstaw.<\/p>\"\n\t\t\t\t\t\t\t\t\t}\n\t\t\t}\n\t\t\t,\t\t\t\t{\n\t\t\t\t\"@type\": \"Question\",\n\t\t\t\t\"name\": \"2. Gdzie serwisujemy?\",\n\t\t\t\t\"acceptedAnswer\": {\n\t\t\t\t\t\"@type\": \"Answer\",\n\t\t\t\t\t\"text\": \"<p>Oferujemy us\u0142ugi w naszym serwisie oraz us\u0142ugi mobilnego serwisanta. Serwis mobilny OSO dotyczy zg\u0142osze\u0144 z ca\u0142ej Polski \u2013 u klienta sprawdzimy sprawno\u015b\u0107 urz\u0105dzenia UDT, wymienimy cz\u0119\u015bci i p\u0142yny. Serwis mobilny dotyczy niewielkich, szybkich napraw. <\/p>\"\n\t\t\t\t\t\t\t\t\t}\n\t\t\t}\n\t\t\t\t\t\t]\n\t}\n<\/script>\n","protected":false},"excerpt":{"rendered":"<p>Serwis, naprawa, konserwacja i modernizacja maszyn Nasza firma oferuje szeroki wachlarz us\u0142ug z zakresu naprawy i serwisu urz\u0105dze\u0144 obj\u0119tych dozorem UDT. Jeste\u015bmy zak\u0142adem z wieloletnim do\u015bwiadczeniem i posiadamy odpowiednie uprawnienia wydane przez Urz\u0105d Dozoru Technicznego. Zesp\u00f3\u0142 sk\u0142ada si\u0119 z wielu fachowc\u00f3w posiadaj\u0105cych do\u015bwiadczenie w pracy z maszynami UDT. W naszej pracy stawiamy na profesjonalizm i [&hellip;]<\/p>\n","protected":false},"author":10,"featured_media":4364,"parent":4354,"menu_order":0,"comment_status":"closed","ping_status":"closed","template":"","meta":{"footnotes":""},"class_list":["post-4358","page","type-page","status-publish","has-post-thumbnail","hentry"],"aioseo_notices":[],"_links":{"self":[{"href":"https:\/\/szkolenia-udt.pl\/ru\/wp-json\/wp\/v2\/pages\/4358","targetHints":{"allow":["GET"]}}],"collection":[{"href":"https:\/\/szkolenia-udt.pl\/ru\/wp-json\/wp\/v2\/pages"}],"about":[{"href":"https:\/\/szkolenia-udt.pl\/ru\/wp-json\/wp\/v2\/types\/page"}],"author":[{"embeddable":true,"href":"https:\/\/szkolenia-udt.pl\/ru\/wp-json\/wp\/v2\/users\/10"}],"replies":[{"embeddable":true,"href":"https:\/\/szkolenia-udt.pl\/ru\/wp-json\/wp\/v2\/comments?post=4358"}],"version-history":[{"count":10,"href":"https:\/\/szkolenia-udt.pl\/ru\/wp-json\/wp\/v2\/pages\/4358\/revisions"}],"predecessor-version":[{"id":4571,"href":"https:\/\/szkolenia-udt.pl\/ru\/wp-json\/wp\/v2\/pages\/4358\/revisions\/4571"}],"up":[{"embeddable":true,"href":"https:\/\/szkolenia-udt.pl\/ru\/wp-json\/wp\/v2\/pages\/4354"}],"wp:featuredmedia":[{"embeddable":true,"href":"https:\/\/szkolenia-udt.pl\/ru\/wp-json\/wp\/v2\/media\/4364"}],"wp:attachment":[{"href":"https:\/\/szkolenia-udt.pl\/ru\/wp-json\/wp\/v2\/media?parent=4358"}],"curies":[{"name":"wp","href":"https:\/\/api.w.org\/{rel}","templated":true}]}}