{"id":44,"date":"2014-10-07T16:23:18","date_gmt":"2014-10-07T16:23:18","guid":{"rendered":"http:\/\/szkolenia-udt.pl\/?page_id=44"},"modified":"2021-07-19T22:19:44","modified_gmt":"2021-07-19T22:19:44","slug":"%d1%81%d1%82%d0%be%d0%bb%d1%8f%d1%80%d1%8b","status":"publish","type":"page","link":"https:\/\/szkolenia-udt.pl\/ru\/dzwignice\/ciegniki\/","title":{"rendered":"\u042d\u0432\u0430\u043a\u0443\u0430\u0442\u043e\u0440\u044b"},"content":{"rendered":"<div style=\"float: left; padding-right: 10px;\"><div id=\"metaslider-id-629\" style=\"max-width: 300px;\" class=\"ml-slider-3-107-0 metaslider metaslider-flex metaslider-629 ml-slider ms-theme-default nav-hidden\" role=\"region\" aria-label=\"\u042d\u0432\u0430\u043a\u0443\u0430\u0442\u043e\u0440\u044b\" data-height=\"225\" data-width=\"300\">\n    <div id=\"metaslider_container_629\">\n        <div id=\"metaslider_629\">\n            <ul class='slides'>\n                <li style=\"display: block; width: 100%;\" class=\"slide-636 ms-image\" aria-roledescription=\"slide\" data-date=\"2014-10-12 07:55:54\" data-filename=\"Szkolenia-Ci\u0119gnik.jpg\" data-slide-type=\"image\"><img loading=\"lazy\" decoding=\"async\" src=\"https:\/\/szkolenia-udt.pl\/wp-content\/uploads\/2014\/10\/Szkolenia-Ci\u0119gnik.jpg\" height=\"225\" width=\"300\" alt=\"\u0423\u0447\u0435\u0431\u043d\u044b\u0435 \u0442\u0440\u0430\u043a\u0442\u043e\u0440\u044b\" class=\"slider-629 slide-636 msDefaultImage\" \/><\/li>\n                <li style=\"display: none; width: 100%;\" class=\"slide-635 ms-image\" aria-roledescription=\"slide\" data-date=\"2014-10-12 07:55:53\" data-filename=\"OSO-Warszawa.jpg\" data-slide-type=\"image\"><img loading=\"lazy\" decoding=\"async\" src=\"https:\/\/szkolenia-udt.pl\/wp-content\/uploads\/2014\/10\/OSO-Warszawa.jpg\" height=\"225\" width=\"300\" alt=\"\" class=\"slider-629 slide-635 msDefaultImage\" \/><\/li>\n                <li style=\"display: none; width: 100%;\" class=\"slide-637 ms-image\" aria-roledescription=\"slide\" data-date=\"2014-10-12 07:55:54\" data-filename=\"Szkolenia-w\u00f3zki-wid\u0142owe2.jpg\" data-slide-type=\"image\"><img loading=\"lazy\" decoding=\"async\" src=\"https:\/\/szkolenia-udt.pl\/wp-content\/uploads\/2014\/10\/Szkolenia-w\u00f3zki-wid\u0142owe2.jpg\" height=\"225\" width=\"300\" alt=\"\u041a\u0443\u0440\u0441\u044b \u0438 \u043e\u0431\u0443\u0447\u0435\u043d\u0438\u0435 \u042d\u0432\u0430\u043a\u0443\u0430\u0442\u043e\u0440\u044b\" class=\"slider-629 slide-637 msDefaultImage\" \/><\/li>\n                <li style=\"display: none; width: 100%;\" class=\"slide-632 ms-image\" aria-roledescription=\"slide\" data-date=\"2014-10-12 07:55:51\" data-filename=\"D\u017awigi-uprawnienia-UDT.jpg\" data-slide-type=\"image\"><img loading=\"lazy\" decoding=\"async\" src=\"https:\/\/szkolenia-udt.pl\/wp-content\/uploads\/2014\/10\/D\u017awigi-uprawnienia-UDT.jpg\" height=\"225\" width=\"300\" alt=\"\" class=\"slider-629 slide-632 msDefaultImage\" \/><\/li>\n                <li style=\"display: none; width: 100%;\" class=\"slide-634 ms-image\" aria-roledescription=\"slide\" data-date=\"2014-10-12 07:55:52\" data-filename=\"Kursy-szkolenia1.jpg\" data-slide-type=\"image\"><img loading=\"lazy\" decoding=\"async\" src=\"https:\/\/szkolenia-udt.pl\/wp-content\/uploads\/2014\/10\/Kursy-szkolenia1.jpg\" height=\"225\" width=\"300\" alt=\"\u0426\u0435\u043d\u0442\u0440 \u043f\u043e\u0434\u0433\u043e\u0442\u043e\u0432\u043a\u0438 \u043e\u043f\u0435\u0440\u0430\u0442\u043e\u0440\u043e\u0432 \u0412\u0430\u0440\u0448\u0430\u0432\u0430\" class=\"slider-629 slide-634 msDefaultImage\" \/><\/li>\n            <\/ul>\n        <\/div>\n        \n    <\/div>\n<\/div><\/div>\n<div class=\"wyjustuj\">\u0422\u0435\u043d\u0434\u043e\u043d\u044b (\u043b\u0435\u0431\u0435\u0434\u043a\u0438, \u0434\u043e\u043c\u043a\u0440\u0430\u0442\u044b, \u043b\u0435\u0431\u0435\u0434\u043a\u0438) \u044f\u0432\u043b\u044f\u044e\u0442\u0441\u044f \u043a\u0440\u0430\u043d\u0430\u043c\u0438 \u0438 \u0434\u043b\u044f \u0438\u0445 \u044d\u043a\u0441\u043f\u043b\u0443\u0430\u0442\u0430\u0446\u0438\u0438 \u0442\u0440\u0435\u0431\u0443\u0435\u0442\u0441\u044f \u043b\u0438\u0446\u0435\u043d\u0437\u0438\u044f \u0423\u043f\u0440\u0430\u0432\u043b\u0435\u043d\u0438\u044f \u0442\u0435\u0445\u043d\u0438\u0447\u0435\u0441\u043a\u043e\u0439 \u0438\u043d\u0441\u043f\u0435\u043a\u0446\u0438\u0438. \u041d\u0430\u0437\u043d\u0430\u0447\u0435\u043d\u0438\u0435 \u043b\u0435\u0431\u0435\u0434\u043e\u043a - \u043f\u0435\u0440\u0435\u043c\u0435\u0449\u0435\u043d\u0438\u0435 \u0433\u0440\u0443\u0437\u043e\u0432 \u0441 \u043f\u043e\u043c\u043e\u0449\u044c\u044e \u0441\u0443\u0445\u043e\u0436\u0438\u043b\u0438\u0439 \u0432 \u0432\u0438\u0434\u0435 \u0437\u0430\u0445\u0432\u0430\u0442\u043e\u0432 \u0438\u043b\u0438 \u043a\u0440\u044e\u043a\u043e\u0432. \u0412 \u043d\u0430\u0448\u0435\u043c <a href=\"https:\/\/szkolenia-udt.pl\/ru\/o-firmie\/\">\u0426\u0435\u043d\u0442\u0440<\/a> \u0412 OSO \u0432\u044b \u043c\u043e\u0436\u0435\u0442\u0435 \u0437\u0430\u043f\u0438\u0441\u0430\u0442\u044c\u0441\u044f \u043d\u0430 \u043a\u0443\u0440\u0441\u044b \u043d\u0430\u043b\u0430\u0434\u0447\u0438\u043a\u043e\u0432, \u043a\u043e\u0442\u043e\u0440\u044b\u0435 \u0434\u0430\u0434\u0443\u0442 \u0432\u0430\u043c \u043d\u0435\u043e\u0431\u0445\u043e\u0434\u0438\u043c\u0443\u044e \u043a\u0432\u0430\u043b\u0438\u0444\u0438\u043a\u0430\u0446\u0438\u044e \u0434\u043b\u044f \u0440\u0430\u0431\u043e\u0442\u044b \u0441 \u043d\u0438\u043c\u0438. \u041d\u0430\u043b\u0430\u0434\u0447\u0438\u043a\u0438 \u043f\u0440\u0438\u0432\u043e\u0434\u044f\u0442\u0441\u044f \u0432 \u0434\u0435\u0439\u0441\u0442\u0432\u0438\u0435 \u043b\u0438\u0431\u043e \u0432\u0440\u0443\u0447\u043d\u0443\u044e, \u043b\u0438\u0431\u043e \u043c\u0435\u0445\u0430\u043d\u0438\u0447\u0435\u0441\u043a\u0438 \u0441 \u043f\u043e\u043c\u043e\u0449\u044c\u044e \u0434\u0432\u0438\u0433\u0430\u0442\u0435\u043b\u0435\u0439. \u041e\u043d\u0438 \u043f\u0440\u0435\u0434\u0441\u0442\u0430\u0432\u043b\u044f\u044e\u0442 \u0441\u043e\u0431\u043e\u0439 \u0441\u0430\u043c\u043e\u0441\u0442\u043e\u044f\u0442\u0435\u043b\u044c\u043d\u044b\u0435 \u043c\u0430\u0448\u0438\u043d\u044b \u0438\u043b\u0438 \u043c\u043e\u0433\u0443\u0442 \u0431\u044b\u0442\u044c \u0447\u0430\u0441\u0442\u044c\u044e \u0434\u0440\u0443\u0433\u043e\u0433\u043e \u043f\u043e\u0434\u044a\u0435\u043c\u043d\u043e\u0433\u043e \u043e\u0431\u043e\u0440\u0443\u0434\u043e\u0432\u0430\u043d\u0438\u044f.<br \/>\n<strong><br \/>\n\u0422\u0440\u0430\u043a\u0442\u043e\u0440\u044b \u043c\u043e\u0433\u0443\u0442 \u043f\u0435\u0440\u0435\u043c\u0435\u0449\u0430\u0442\u044c \u0433\u0440\u0443\u0437\u044b \u0432 \u0440\u0430\u0437\u043d\u044b\u0445 \u043f\u043b\u043e\u0441\u043a\u043e\u0441\u0442\u044f\u0445:<\/strong><\/p>\n<ul>\n<li>\u0430\u0442\u0442\u0440\u0430\u043a\u0442\u043e\u0440\u044b - \u0433\u0440\u0443\u0437 \u0434\u0432\u0438\u0436\u0435\u0442\u0441\u044f \u0432 \u043d\u0430\u043f\u0440\u0430\u0432\u043b\u0435\u043d\u0438\u0438 \u0442\u044f\u043d\u0443\u0449\u0435\u0433\u043e \u0443\u0441\u0442\u0440\u043e\u0439\u0441\u0442\u0432\u0430<\/li>\n<li>\u043b\u0435\u0431\u0435\u0434\u043a\u0438 - \u0433\u0440\u0443\u0437 \u0434\u0432\u0438\u0436\u0435\u0442\u0441\u044f \u043a \u043b\u0435\u0431\u0435\u0434\u043a\u0435 \u0438 \u043e\u0442 \u043d\u0435\u0435 \u043f\u043e\u0434 \u0434\u0435\u0439\u0441\u0442\u0432\u0438\u0435\u043c \u0441\u0438\u043b\u044b \u0442\u044f\u0436\u0435\u0441\u0442\u0438; \u043a\u043e\u0433\u0434\u0430 \u043b\u0435\u0431\u0435\u0434\u043a\u0430 \u043f\u043e\u0434\u0432\u0435\u0448\u0435\u043d\u0430, \u043e\u043d\u0430 \u043d\u0430\u0437\u044b\u0432\u0430\u0435\u0442\u0441\u044f \u043f\u043e\u0434\u044a\u0435\u043c\u043d\u0438\u043a\u043e\u043c<\/li>\n<li>\u0442\u044f\u0433\u043e\u0432\u043e-\u0441\u0446\u0435\u043f\u043d\u043e\u0435 \u0443\u0441\u0442\u0440\u043e\u0439\u0441\u0442\u0432\u043e - \u0433\u0440\u0443\u0437 \u043f\u0435\u0440\u0435\u043c\u0435\u0449\u0430\u0435\u0442\u0441\u044f \u0434\u0432\u0443\u043c\u044f \u0442\u044f\u0433\u0430\u043c\u0438, \u043e\u0434\u043d\u0430 \u0438\u0437 \u043a\u043e\u0442\u043e\u0440\u044b\u0445 \u043f\u0435\u0440\u0435\u043c\u0435\u0449\u0430\u0435\u0442 \u0433\u0440\u0443\u0437 \u043e\u0442 \u0442\u044f\u0433\u043e\u0432\u043e-\u0441\u0446\u0435\u043f\u043d\u043e\u0433\u043e \u0443\u0441\u0442\u0440\u043e\u0439\u0441\u0442\u0432\u0430, \u0430 \u0434\u0440\u0443\u0433\u0430\u044f - \u043a \u0442\u044f\u0433\u043e\u0432\u043e-\u0441\u0446\u0435\u043f\u043d\u043e\u043c\u0443 \u0443\u0441\u0442\u0440\u043e\u0439\u0441\u0442\u0432\u0443<\/li>\n<\/ul>\n<div style=\"float: left; padding-right: 10px;\"><div id=\"metaslider-id-639\" style=\"max-width: 300px;\" class=\"ml-slider-3-107-0 metaslider metaslider-flex metaslider-639 ml-slider ms-theme-default nav-hidden nav-hidden\" role=\"region\" aria-label=\"\u0422\u0440\u0430\u043a\u0442\u043e\u0440\u044b2\" data-height=\"225\" data-width=\"300\">\n    <div id=\"metaslider_container_639\">\n        <div id=\"metaslider_639\">\n            <ul class='slides'>\n                <li style=\"display: block; width: 100%;\" class=\"slide-630 ms-image\" aria-roledescription=\"slide\" data-date=\"2014-10-12 07:55:49\" data-filename=\"Ci\u0119gnik.jpg\" data-slide-type=\"image\"><img loading=\"lazy\" decoding=\"async\" src=\"https:\/\/szkolenia-udt.pl\/wp-content\/uploads\/2014\/10\/Ci\u0119gnik.jpg\" height=\"225\" width=\"300\" alt=\"\" class=\"slider-639 slide-630 msDefaultImage\" \/><\/li>\n                <li style=\"display: none; width: 100%;\" class=\"slide-631 ms-image\" aria-roledescription=\"slide\" data-date=\"2014-10-12 07:55:50\" data-filename=\"Ci\u0119gniki.jpg\" data-slide-type=\"image\"><img loading=\"lazy\" decoding=\"async\" src=\"https:\/\/szkolenia-udt.pl\/wp-content\/uploads\/2014\/10\/Ci\u0119gniki.jpg\" height=\"225\" width=\"300\" alt=\"\u041a\u0443\u0440\u0441\u044b \u0422\u0440\u0430\u043a\u0442\u043e\u0440\u044b\" class=\"slider-639 slide-631 msDefaultImage\" \/><\/li>\n                <li style=\"display: none; width: 100%;\" class=\"slide-633 ms-image\" aria-roledescription=\"slide\" data-date=\"2014-10-12 07:55:51\" data-filename=\"kursy-Ci\u0119gniki.jpg\" data-slide-type=\"image\"><img loading=\"lazy\" decoding=\"async\" src=\"https:\/\/szkolenia-udt.pl\/wp-content\/uploads\/2014\/10\/kursy-Ci\u0119gniki.jpg\" height=\"225\" width=\"300\" alt=\"\" class=\"slider-639 slide-633 msDefaultImage\" \/><\/li>\n                <li style=\"display: none; width: 100%;\" class=\"slide-637 ms-image\" aria-roledescription=\"slide\" data-date=\"2014-10-12 07:55:54\" data-filename=\"Szkolenia-w\u00f3zki-wid\u0142owe2.jpg\" data-slide-type=\"image\"><img loading=\"lazy\" decoding=\"async\" src=\"https:\/\/szkolenia-udt.pl\/wp-content\/uploads\/2014\/10\/Szkolenia-w\u00f3zki-wid\u0142owe2.jpg\" height=\"225\" width=\"300\" alt=\"\u041a\u0443\u0440\u0441\u044b \u0438 \u043e\u0431\u0443\u0447\u0435\u043d\u0438\u0435 \u042d\u0432\u0430\u043a\u0443\u0430\u0442\u043e\u0440\u044b\" class=\"slider-639 slide-637 msDefaultImage\" \/><\/li>\n                <li style=\"display: none; width: 100%;\" class=\"slide-634 ms-image\" aria-roledescription=\"slide\" data-date=\"2014-10-12 07:55:52\" data-filename=\"Kursy-szkolenia1.jpg\" data-slide-type=\"image\"><img loading=\"lazy\" decoding=\"async\" src=\"https:\/\/szkolenia-udt.pl\/wp-content\/uploads\/2014\/10\/Kursy-szkolenia1.jpg\" height=\"225\" width=\"300\" alt=\"\u0426\u0435\u043d\u0442\u0440 \u043f\u043e\u0434\u0433\u043e\u0442\u043e\u0432\u043a\u0438 \u043e\u043f\u0435\u0440\u0430\u0442\u043e\u0440\u043e\u0432 \u0412\u0430\u0440\u0448\u0430\u0432\u0430\" class=\"slider-639 slide-634 msDefaultImage\" \/><\/li>\n            <\/ul>\n        <\/div>\n        \n    <\/div>\n<\/div><\/div>\n<p>\u041c\u043d\u043e\u0433\u043e\u043c\u0435\u0441\u0442\u043d\u044b\u0435 \u043b\u0435\u0431\u0435\u0434\u043a\u0438 - \u043f\u0440\u0435\u0434\u0441\u0442\u0430\u0432\u043b\u044f\u044e\u0442 \u0441\u043e\u0431\u043e\u0439 \u043e\u0442\u0434\u0435\u043b\u044c\u043d\u044b\u0439 \u0442\u0438\u043f \u043b\u0435\u0431\u0435\u0434\u043e\u043a, \u043e\u0431\u0440\u0430\u0437\u0443\u044e\u0449\u0438\u0445 \u043d\u0430\u0431\u043e\u0440 \u043b\u0435\u0431\u0435\u0434\u043e\u043a, \u0448\u0435\u0444\u043e\u0432 \u0438 \u0442\u044f\u0433. \u041e\u043d\u0438 \u0432 \u043e\u0441\u043d\u043e\u0432\u043d\u043e\u043c \u0438\u0441\u043f\u043e\u043b\u044c\u0437\u0443\u044e\u0442\u0441\u044f \u0432 \u043c\u0430\u0447\u0442\u043e\u0432\u044b\u0445 \u043a\u0440\u0430\u043d\u0430\u0445, \u043b\u0438\u043d\u043e\u0442\u043e\u0440\u043d\u044b\u0445 \u043a\u0440\u0430\u043d\u0430\u0445, \u0433\u0440\u0435\u0439\u0444\u0435\u0440\u0430\u0445.<\/p>\n<p>\u0412 \u0442\u0435\u0447\u0435\u043d\u0438\u0435 \u043c\u043d\u043e\u0433\u0438\u0445 \u043b\u0435\u0442 \u043c\u044b \u043f\u0440\u043e\u0432\u043e\u0434\u0438\u043c \u043a\u0443\u0440\u0441\u044b \u043f\u043e \u0442\u0440\u0430\u043a\u0442\u043e\u0440\u0430\u043c, \u043f\u043e\u043c\u043e\u0433\u0430\u044f \u043d\u0430\u0448\u0438\u043c \u043a\u043b\u0438\u0435\u043d\u0442\u0430\u043c \u043f\u043e\u043b\u0443\u0447\u0438\u0442\u044c \u043d\u0435\u043e\u0431\u0445\u043e\u0434\u0438\u043c\u0443\u044e \u043a\u0432\u0430\u043b\u0438\u0444\u0438\u043a\u0430\u0446\u0438\u044e \u0434\u043b\u044f \u0443\u043f\u0440\u0430\u0432\u043b\u0435\u043d\u0438\u044f \u0438\u043c\u0438. \u041d\u0430\u0441 \u043e\u0442\u043b\u0438\u0447\u0430\u0435\u0442 \u0432\u044b\u0441\u043e\u0447\u0430\u0439\u0448\u0435\u0435 \u043a\u0430\u0447\u0435\u0441\u0442\u0432\u043e \u043f\u043e\u0434\u0433\u043e\u0442\u043e\u0432\u043a\u0438, \u0443\u0434\u043e\u0432\u043b\u0435\u0442\u0432\u043e\u0440\u0435\u043d\u043d\u043e\u0441\u0442\u044c \u043a\u043b\u0438\u0435\u043d\u0442\u043e\u0432 \u0438 \u0434\u043e\u0441\u0442\u0443\u043f\u043d\u0430\u044f \u0446\u0435\u043d\u0430 <a href=\"https:\/\/szkolenia-udt.pl\/ru\/oferta\/\">\u0446\u0435\u043d\u0430<\/a>.<\/p>\n<p>\u041f\u0440\u0438\u0445\u043e\u0434\u0438\u0442\u0435 \u0432 OSO \u043d\u0430 \u043e\u0431\u0443\u0447\u0435\u043d\u0438\u0435 \u0442\u0440\u0430\u043a\u0442\u043e\u0440\u0438\u0441\u0442\u043e\u0432!<\/p>\n<\/div>","protected":false},"excerpt":{"rendered":"<p>Ci\u0119gniki (przyci\u0105garki, wodzarki, wci\u0105garki) zaliczane s\u0105 do urz\u0105dze\u0144 d\u017awigowych i do ich obs\u0142ugi potrzebne s\u0105 uprawnienia UDT. Zadaniem ci\u0119gnik\u00f3w jest przemieszczanie \u0142adunk\u00f3w z u\u017cyciem ci\u0119gien w formie chwytak\u00f3w lub hak\u00f3w. W naszym O\u015brodku OSO mo\u017cesz zapisa\u0107 si\u0119 na kurs na ci\u0119gniki, dzi\u0119ki kt\u00f3remu uzyskasz potrzebne do ich eksploatacji uprawnienia.Ci\u0119gniki nap\u0119dzane s\u0105 r\u0119cznie lub mechanicznie z [&hellip;]<\/p>\n","protected":false},"author":3,"featured_media":0,"parent":69,"menu_order":0,"comment_status":"closed","ping_status":"closed","template":"","meta":{"footnotes":""},"class_list":["post-44","page","type-page","status-publish","hentry"],"aioseo_notices":[],"_links":{"self":[{"href":"https:\/\/szkolenia-udt.pl\/ru\/wp-json\/wp\/v2\/pages\/44","targetHints":{"allow":["GET"]}}],"collection":[{"href":"https:\/\/szkolenia-udt.pl\/ru\/wp-json\/wp\/v2\/pages"}],"about":[{"href":"https:\/\/szkolenia-udt.pl\/ru\/wp-json\/wp\/v2\/types\/page"}],"author":[{"embeddable":true,"href":"https:\/\/szkolenia-udt.pl\/ru\/wp-json\/wp\/v2\/users\/3"}],"replies":[{"embeddable":true,"href":"https:\/\/szkolenia-udt.pl\/ru\/wp-json\/wp\/v2\/comments?post=44"}],"version-history":[{"count":8,"href":"https:\/\/szkolenia-udt.pl\/ru\/wp-json\/wp\/v2\/pages\/44\/revisions"}],"predecessor-version":[{"id":2388,"href":"https:\/\/szkolenia-udt.pl\/ru\/wp-json\/wp\/v2\/pages\/44\/revisions\/2388"}],"up":[{"embeddable":true,"href":"https:\/\/szkolenia-udt.pl\/ru\/wp-json\/wp\/v2\/pages\/69"}],"wp:attachment":[{"href":"https:\/\/szkolenia-udt.pl\/ru\/wp-json\/wp\/v2\/media?parent=44"}],"curies":[{"name":"wp","href":"https:\/\/api.w.org\/{rel}","templated":true}]}}