{"id":4413,"date":"2023-03-16T19:24:09","date_gmt":"2023-03-16T18:24:09","guid":{"rendered":"https:\/\/szkolenia-udt.pl\/?page_id=4413"},"modified":"2023-03-17T00:42:27","modified_gmt":"2023-03-16T23:42:27","slug":"%d0%ba%d1%83%d1%80%d1%81-%d1%81%d0%b2%d0%b0%d1%80%d0%ba%d0%b0-%d0%bb%d0%b8%d1%86%d0%b5%d0%bd%d0%b7%d0%b8%d1%8f","status":"publish","type":"page","link":"https:\/\/szkolenia-udt.pl\/ru\/kursy\/spawanie\/kurs-na-uprawnienia-spawalnicze\/","title":{"rendered":"\u041a\u0443\u0440\u0441 \u043f\u043e \u043f\u043e\u043b\u0443\u0447\u0435\u043d\u0438\u044e \u043b\u0438\u0446\u0435\u043d\u0437\u0438\u0438 \u043d\u0430 \u0441\u0432\u0430\u0440\u043e\u0447\u043d\u044b\u0435 \u0440\u0430\u0431\u043e\u0442\u044b"},"content":{"rendered":"<div class=\"wp-block-image\">\n<figure class=\"alignright size-large is-resized\"><a href=\"https:\/\/szkolenia-udt.pl\/wp-content\/uploads\/2023\/03\/s2-65.jpg\"><img loading=\"lazy\" decoding=\"async\" src=\"https:\/\/szkolenia-udt.pl\/wp-content\/uploads\/2023\/03\/s2-65-1024x684.jpg\" alt=\"spawacz spawaj\u0105cy metod\u0105 MAG\" class=\"wp-image-4420\" width=\"512\" height=\"342\" srcset=\"https:\/\/szkolenia-udt.pl\/wp-content\/uploads\/2023\/03\/s2-65-1024x684.jpg 1024w, https:\/\/szkolenia-udt.pl\/wp-content\/uploads\/2023\/03\/s2-65-300x200.jpg 300w, https:\/\/szkolenia-udt.pl\/wp-content\/uploads\/2023\/03\/s2-65-768x513.jpg 768w, https:\/\/szkolenia-udt.pl\/wp-content\/uploads\/2023\/03\/s2-65-1536x1025.jpg 1536w, https:\/\/szkolenia-udt.pl\/wp-content\/uploads\/2023\/03\/s2-65-18x12.jpg 18w, https:\/\/szkolenia-udt.pl\/wp-content\/uploads\/2023\/03\/s2-65.jpg 1600w\" sizes=\"auto, (max-width: 512px) 100vw, 512px\" \/><\/a><\/figure>\n<\/div>\n\n\n<h2 class=\"wp-block-heading\">O nas<\/h2>\n\n\n\n<p>Firma OSO od wielu lat sukcesywnie szkoli kursant\u00f3w na wielu stanowiskach w bran\u017cy technicznej. Naszym celem jest szkolenie wykwalifikowanych operator\u00f3w, cenionych na rynku pracy \u2013 jednym z takich jest zawod\u00f3w jest spawacz. By pracowa\u0107 z maszyn\u0105 spawalnicz\u0105 i nazywa\u0107 siebie jej operatorem nale\u017cy przyst\u0105pi\u0107 do kursu spawacza. Oferujemy szkolenia i kursy w tej dynamicznie rozwijaj\u0105cej si\u0119 dziedzinie. Cieszymy si\u0119 wysok\u0105 zdawalno\u015bci\u0105 egzaminu Instytutu Spawalnictwa. Zach\u0119camy do kontaktu.<strong>&nbsp;<\/strong>&nbsp;<\/p>\n\n\n\n<h2 class=\"wp-block-heading\">Charakterystyka metod spawalniczych<\/h2>\n\n\n\n<p>Wszechstronno\u015b\u0107 dziedziny, jak\u0105 jest spawanie, pozwoli\u0142o na wy\u0142onienie si\u0119 kilku specjalistycznych metod spawania:&nbsp;<\/p>\n\n\n\n<p><strong>Spawanie metod\u0105 MAG<\/strong> \u2013 metodyka polega na spawaniu przy pomocy \u0142uku elektrycznego. Powstaje on mi\u0119dzy elektrod\u0105 topliw\u0105, a spawanym materia\u0142em. Tzw. &#8222;jeziorko&#8221; powsta\u0142e w wyniku spawania chronione jest przy pomocy strumienia gazu os\u0142onowego. Ta metoda jest najch\u0119tniej wykorzystywana do trwa\u0142ego \u0142\u0105czenia stali w typie: niskostopowych, wysokostopowych i niestopowych.&nbsp;<\/p>\n\n\n<div class=\"wp-block-image\">\n<figure class=\"alignright size-large is-resized\"><a href=\"https:\/\/szkolenia-udt.pl\/wp-content\/uploads\/2023\/03\/s2-66.jpg\"><img loading=\"lazy\" decoding=\"async\" src=\"https:\/\/szkolenia-udt.pl\/wp-content\/uploads\/2023\/03\/s2-66-1024x678.jpg\" alt=\"Spawanie metod\u0105 gazow\u0105 311 \u2013 szkolenie\" class=\"wp-image-4419\" width=\"512\" height=\"339\" srcset=\"https:\/\/szkolenia-udt.pl\/wp-content\/uploads\/2023\/03\/s2-66-1024x678.jpg 1024w, https:\/\/szkolenia-udt.pl\/wp-content\/uploads\/2023\/03\/s2-66-300x199.jpg 300w, https:\/\/szkolenia-udt.pl\/wp-content\/uploads\/2023\/03\/s2-66-768x509.jpg 768w, https:\/\/szkolenia-udt.pl\/wp-content\/uploads\/2023\/03\/s2-66-1536x1018.jpg 1536w, https:\/\/szkolenia-udt.pl\/wp-content\/uploads\/2023\/03\/s2-66-18x12.jpg 18w, https:\/\/szkolenia-udt.pl\/wp-content\/uploads\/2023\/03\/s2-66.jpg 1600w\" sizes=\"auto, (max-width: 512px) 100vw, 512px\" \/><\/a><\/figure>\n<\/div>\n\n\n<p><strong>Spawanie metod\u0105 TIG<\/strong> \u2013 to rozwi\u0105zanie polega na spawaniu \u0142ukowym, przy pomocy elektrody nietopliwej w os\u0142onie gazowej. Po\u0142\u0105czenie spawanych materia\u0142\u00f3w uzyskujemy dzi\u0119ki stopieniu metalu ze spawanych element\u00f3w z materia\u0142em dodatkowym. Nast\u0119puje to przy okre\u015blonej temperaturze \u0142uku elektrycznego. Tutaj r\u00f3wnie\u017c wykorzystuje si\u0119 os\u0142on\u0119 gazow\u0105 do ochrony spoin przed gazami z atmosfery.&nbsp;<\/p>\n\n\n\n<p><strong>Metoda elektryczna 111<\/strong> \u2013 metoda ta polega na spawaniu \u0142ukowym r\u0119cznym za pomoc\u0105 elektrody otulonej. Po\u0142\u0105czenie powstaje w wyniku topnienia elektrody topliwej i materia\u0142u spawanego temperatur\u0105 z \u0142uku elektrycznego. Ca\u0142o\u015b\u0107 spoiny sk\u0142ada si\u0119 z metalicznego rdzenia elektrody, otuliny i nadtopionych brzeg\u00f3w elementu.&nbsp;<\/p>\n\n\n\n<p><strong>Metoda gazowa 311<\/strong> \u2013 spawanie nast\u0119puje poprzez nagrzanie materia\u0142u p\u0142omieniem i stopienie brzeg\u00f3w \u0142\u0105czonych obiekt\u00f3w wraz z dodanym spoiwem. Sam p\u0142omie\u0144 wytwarzany jest poprzez spalanie si\u0119 palnego gazu \u2013 acetylenu \u2013 w powietrzu.&nbsp;<\/p>\n\n\n\n<h3 class=\"wp-block-heading\">Szkolimy na spawarki producent\u00f3w takich jak:<\/h3>\n\n\n\n<div class=\"wp-block-columns is-layout-flex wp-container-core-columns-is-layout-9d6595d7 wp-block-columns-is-layout-flex\">\n<div class=\"wp-block-column is-layout-flow wp-block-column-is-layout-flow\">\n<ul class=\"wp-block-list\">\n<li>Lincoln Electric,<\/li>\n\n\n\n<li>Miller Electric,<\/li>\n\n\n\n<li>ESAB,<\/li>\n\n\n\n<li>Fronius,<\/li>\n\n\n\n<li>Kemppi,<\/li>\n\n\n\n<li>Cebora,<\/li>\n\n\n\n<li>Jasic,<\/li>\n\n\n\n<li>Telwin,<\/li>\n\n\n\n<li>Lorch,<\/li>\n\n\n\n<li>Hypertherm,<\/li>\n<\/ul>\n<\/div>\n\n\n\n<div class=\"wp-block-column is-layout-flow wp-block-column-is-layout-flow\">\n<ul class=\"wp-block-list\" start=\"11\">\n<li>Thermal Arc,<\/li>\n\n\n\n<li>Hobart,<\/li>\n\n\n\n<li>Everlast,<\/li>\n\n\n\n<li>THERMIT Welding,<\/li>\n\n\n\n<li>KEMPPI,<\/li>\n\n\n\n<li>REHM,<\/li>\n\n\n\n<li>MESSER,<\/li>\n\n\n\n<li>EWM,<\/li>\n\n\n\n<li>GYS,<\/li>\n\n\n\n<li>Migatronic.<\/li>\n<\/ul>\n<\/div>\n<\/div>\n\n\n<div class=\"wp-block-image\">\n<figure class=\"alignright size-large is-resized\"><a href=\"https:\/\/szkolenia-udt.pl\/wp-content\/uploads\/2023\/03\/screen_2x-93.jpg\"><img loading=\"lazy\" decoding=\"async\" src=\"https:\/\/szkolenia-udt.pl\/wp-content\/uploads\/2023\/03\/screen_2x-93-1024x576.jpg\" alt=\"spawacz spawaj\u0105cy metod\u0105 gazow\u0105 111\" class=\"wp-image-4417\" width=\"512\" height=\"288\" srcset=\"https:\/\/szkolenia-udt.pl\/wp-content\/uploads\/2023\/03\/screen_2x-93-1024x576.jpg 1024w, https:\/\/szkolenia-udt.pl\/wp-content\/uploads\/2023\/03\/screen_2x-93-300x169.jpg 300w, https:\/\/szkolenia-udt.pl\/wp-content\/uploads\/2023\/03\/screen_2x-93-768x432.jpg 768w, https:\/\/szkolenia-udt.pl\/wp-content\/uploads\/2023\/03\/screen_2x-93-1536x864.jpg 1536w, https:\/\/szkolenia-udt.pl\/wp-content\/uploads\/2023\/03\/screen_2x-93-18x10.jpg 18w, https:\/\/szkolenia-udt.pl\/wp-content\/uploads\/2023\/03\/screen_2x-93.jpg 1600w\" sizes=\"auto, (max-width: 512px) 100vw, 512px\" \/><\/a><\/figure>\n<\/div>\n\n\n<h2 class=\"wp-block-heading\">Przebieg szkolenia<\/h2>\n\n\n\n<p>By zapewni\u0107 Pa\u0144stwu komfortowe warunki do nauki oferujemy szkolenia grupowe i pojedyncze. Dzieli si\u0119 je na cz\u0119\u015b\u0107 teoretyczn\u0105 i cz\u0119\u015b\u0107 praktyczn\u0105. <\/p>\n\n\n\n<p>Teoria przekazywana w OSO, zawiera wszelkie wymagane informacje na temat budowy maszyny spawalniczej, sposob\u00f3w spawania, przygotowania materia\u0142u do spawania oraz pracy zgodnie z powszechnymi zasadami BHP. Cz\u0119\u015b\u0107 praktyczna odbywa si\u0119 pod okiem wyspecjalizowanych szkoleniowc\u00f3w, kt\u00f3rzy poka\u017c\u0105 jak prawid\u0142owo eksploatowa\u0107 urz\u0105dzenie. Szereg opracowanych przez nas zada\u0144 przygotuje Ci\u0119 do egzaminu pod komisj\u0105 Instytutu Spawalnictwa.&nbsp;<\/p>\n\n\n\n<h3 class=\"wp-block-heading\">Przebieg egzaminu<\/h3>\n\n\n\n<p>R\u00f3wnolegle z uko\u0144czonym kursem mo\u017cna przygotowa\u0107 si\u0119 do procesu egzaminowania. Ca\u0142o\u015b\u0107 odbywa si\u0119 pod inspektoratem Instytutu Spawalnictwa z siedzib\u0105 w Gliwicach. Cz\u0119\u015b\u0107 teoretyczna obejmuje test pisemny z pytaniami zamkni\u0119tymi, natomiast praktyka wymaga wykonania kilku zada\u0144 spawalniczych. <\/p>\n\n\n\n<p>Gdy egzaminowanie zako\u0144czy si\u0119 wynikiem pozytywnym, spawacz otrzymuje:&nbsp;<\/p>\n\n\n\n<ul class=\"wp-block-list\">\n<li>\u015awiadectwo Egzaminu Kwalifikacyjnego w polskiej, angielskiej lub niemieckiej wersji j\u0119zykowej. Jego wa\u017cno\u015b\u0107 wynosi na 2 lata. Jest rozpatrywane w ka\u017cdym kraju Unii Europejskiej;&nbsp;<\/li>\n\n\n\n<li>Ksi\u0105\u017ck\u0119 Spawacza;<\/li>\n\n\n\n<li>Certyfikaty TUV, UDT i <a href=\"https:\/\/szkolenia-udt.pl\/ru\/kursy\/sep-g1-g2-g3\/komisje-certyfikujace-sep-pse-simp-sitps\/\">SIMP<\/a>.&nbsp;<\/li>\n<\/ul>\n\n\n\n<p>Dodatkowo umiej\u0119tno\u015bci i wiedza nabyta podczas szkolenia stanowi\u0105 warto\u015b\u0107 dodan\u0105 \u2013 niezb\u0119dn\u0105 w wykonywanym zawodzie.&nbsp;<\/p>\n\n\n<div class=\"wp-block-image\">\n<figure class=\"alignright size-large is-resized\"><a href=\"https:\/\/szkolenia-udt.pl\/wp-content\/uploads\/2023\/03\/screen_2x-94.jpg\"><img loading=\"lazy\" decoding=\"async\" src=\"https:\/\/szkolenia-udt.pl\/wp-content\/uploads\/2023\/03\/screen_2x-94-1024x683.jpg\" alt=\"Szkolenie na spawark\u0119\" class=\"wp-image-4418\" width=\"512\" height=\"342\" srcset=\"https:\/\/szkolenia-udt.pl\/wp-content\/uploads\/2023\/03\/screen_2x-94-1024x683.jpg 1024w, https:\/\/szkolenia-udt.pl\/wp-content\/uploads\/2023\/03\/screen_2x-94-300x200.jpg 300w, https:\/\/szkolenia-udt.pl\/wp-content\/uploads\/2023\/03\/screen_2x-94-768x512.jpg 768w, https:\/\/szkolenia-udt.pl\/wp-content\/uploads\/2023\/03\/screen_2x-94-1536x1024.jpg 1536w, https:\/\/szkolenia-udt.pl\/wp-content\/uploads\/2023\/03\/screen_2x-94-18x12.jpg 18w, https:\/\/szkolenia-udt.pl\/wp-content\/uploads\/2023\/03\/screen_2x-94.jpg 1600w\" sizes=\"auto, (max-width: 512px) 100vw, 512px\" \/><\/a><\/figure>\n<\/div>\n\n\n<h2 class=\"wp-block-heading\">Praca w zawodzie spawacza<\/h2>\n\n\n\n<p>Do\u015bwiadczony spawacz znajdzie zatrudnienie w warsztatach, stoczniach, kopalniach lub halach produkcyjnych. Poszukiwani s\u0105 r\u00f3wnie\u017c wykwalifikowani spawacze do prac ekstremalnych \u2013 w skrajnych warunkach atmosferycznych lub na wysoko\u015bciach.&nbsp;<\/p>\n\n\n\n<h2 class=\"wp-block-heading\">Warunki dla kursant\u00f3w&nbsp;<\/h2>\n\n\n\n<p>By przyst\u0105pi\u0107 do kurs\u00f3w spawalniczych w firmie OSO, a tym samym do egzaminu pa\u0144stwowego, nale\u017cy:&nbsp;<\/p>\n\n\n\n<ul class=\"wp-block-list\">\n<li>mie\u0107 uko\u0144czone 18 lat,&nbsp;<\/li>\n\n\n\n<li>posiada\u0107 podstawowe wykszta\u0142cenie,&nbsp;<\/li>\n\n\n\n<li>z\u0142o\u017cy\u0107 badania lekarskie umo\u017cliwiaj\u0105ce wykonywanie czynno\u015bci spawalniczych.&nbsp;&nbsp;<\/li>\n<\/ul>\n\n\n<div class=\"wp-block-image\">\n<figure class=\"alignright size-large is-resized\"><a href=\"https:\/\/szkolenia-udt.pl\/wp-content\/uploads\/2023\/03\/screen_2x-92.jpg\"><img loading=\"lazy\" decoding=\"async\" src=\"https:\/\/szkolenia-udt.pl\/wp-content\/uploads\/2023\/03\/screen_2x-92-1024x683.jpg\" alt=\"Spawanie metod\u0105 elektryczn\u0105 111\" class=\"wp-image-4416\" width=\"512\" height=\"342\" srcset=\"https:\/\/szkolenia-udt.pl\/wp-content\/uploads\/2023\/03\/screen_2x-92-1024x683.jpg 1024w, https:\/\/szkolenia-udt.pl\/wp-content\/uploads\/2023\/03\/screen_2x-92-300x200.jpg 300w, https:\/\/szkolenia-udt.pl\/wp-content\/uploads\/2023\/03\/screen_2x-92-768x512.jpg 768w, https:\/\/szkolenia-udt.pl\/wp-content\/uploads\/2023\/03\/screen_2x-92-1536x1024.jpg 1536w, https:\/\/szkolenia-udt.pl\/wp-content\/uploads\/2023\/03\/screen_2x-92-18x12.jpg 18w, https:\/\/szkolenia-udt.pl\/wp-content\/uploads\/2023\/03\/screen_2x-92.jpg 1600w\" sizes=\"auto, (max-width: 512px) 100vw, 512px\" \/><\/a><\/figure>\n<\/div>\n\n\n<h2 class=\"wp-block-heading\">Gdzie nas znajdziesz?&nbsp;<\/h2>\n\n\n\n<p>Nasza g\u0142\u00f3wna siedziba szkoleniowa mie\u015bci si\u0119 we Warszawie, ale swoje us\u0142ugi \u015bwiadczymy w ca\u0142ej Polsce i nie tylko. <\/p>\n\n\n\n<p>Dodatkowo, nasi kursanci mog\u0105 skorzysta\u0107 z mo\u017cliwo\u015bci szkolenia mobilnego \u2013 doje\u017cd\u017camy na miejsce wyznaczone przez klienta.&nbsp;&nbsp;<\/p>\n\n\n\n<h2 class=\"wp-block-heading\">Inne kursy oferowane przez firm\u0119 OSO&nbsp;<\/h2>\n\n\n\n<p>Poza szkoleniami na spawaczy, nasz o\u015brodek zajmuje si\u0119 organizacj\u0105 wszelkich kurs\u00f3w z zakresu pracy na urz\u0105dzeniach przeznaczenia technicznego. Posiadamy wyposa\u017cony park maszynowy ze sprawnymi urz\u0105dzeniami do wyboru. B\u0119d\u0105 to mi\u0119dzy innymi:&nbsp;<\/p>\n\n\n\n<div class=\"wp-block-columns is-layout-flex wp-container-core-columns-is-layout-9d6595d7 wp-block-columns-is-layout-flex\">\n<div class=\"wp-block-column is-layout-flow wp-block-column-is-layout-flow\" style=\"flex-basis:50%\">\n<ul class=\"wp-block-list\">\n<li><a href=\"https:\/\/szkolenia-udt.pl\/ru\/kursy\/hds\/\">kursy na \u017curawie HDS<\/a>,&nbsp;<\/li>\n\n\n\n<li><a href=\"https:\/\/szkolenia-udt.pl\/ru\/kursy\/suwnice\/\">kursy na suwnice<\/a>,&nbsp;<\/li>\n\n\n\n<li>kursy alpinistyczne,&nbsp;<\/li>\n<\/ul>\n<\/div>\n\n\n\n<div class=\"wp-block-column is-layout-flow wp-block-column-is-layout-flow\" style=\"flex-basis:50%\">\n<ul class=\"wp-block-list\">\n<li><a href=\"https:\/\/szkolenia-udt.pl\/ru\/kursy\/uprawnienia-udt-tdt-wdt\/ladowarki-teleskopowe\/\">kursy na \u0142adowarki teleskopowe<\/a>,&nbsp;<\/li>\n\n\n\n<li>kursy na podno\u015bniki koszowe i no\u017cycowe,&nbsp;<\/li>\n\n\n\n<li>szkolenia z zakresu pierwszej pomocy.&nbsp;<\/li>\n<\/ul>\n<\/div>\n<\/div>\n\n\n\n<p>Cz\u0119\u015b\u0107 z wy\u017cej wymienionych propozycji wymaga zdania egzaminu zgodnie z zaleceniami Urz\u0119du Dozoru Technicznego. Oferujemy pe\u0142n\u0105 asyst\u0119 w przygotowaniu si\u0119 r\u00f3wnie\u017c do tego testu.&nbsp;<\/p>\n\n\n\n<h2 class=\"wp-block-heading\">Pytania i odpowiedzi:<\/h2>\n\n\n\t\t<details\t\thelp class=\"sc_fs_faq sc_card    \"\n\t\topen\t\t>\n\t\t\t\t\t<summary>\n\t\t\t\t<h3>1. Czy oferujecie przeszkolenie ze wszystkich metod spawalniczych? <\/h3>\t\t\t\t\t<\/summary>\n\t\t\t\t<div>\n\t\t\t\t\t\t<div class=\"sc_fs_faq__content\">\n\t\t\t\t\n\n<p>Tak, mamy w ofercie szkolenia z metody: TIG, MAG, elektrycznej 111 oraz gazowej 311.&nbsp;<\/p>\n\n\t\t\t<\/div>\n\t\t<\/div>\n\t\t<\/details>\n\t\t\t\t<details\t\thelp class=\"sc_fs_faq sc_card    \"\n\t\t\t\t>\n\t\t\t\t\t<summary>\n\t\t\t\t<h3>2. Jak kszta\u0142tuj\u0105 si\u0119 \u015brednie zarobki dla do\u015bwiadczonego spawacza? <\/h3>\t\t\t\t\t<\/summary>\n\t\t\t\t<div>\n\t\t\t\t\t\t<div class=\"sc_fs_faq__content\">\n\t\t\t\t\n\n<p>Pracownik posiadaj\u0105cy odpowiednie uprawnienia mo\u017ce liczy\u0107 na atrakcyjne zarobki i prac\u0119 w Polsce lub za granic\u0105. Do\u015bwiadczony fachowiec mo\u017ce liczy\u0107 na znacznie wy\u017csze wynagrodzenie.<\/p>\n\n\t\t\t<\/div>\n\t\t<\/div>\n\t\t<\/details>\n\t\t\n<script type=\"application\/ld+json\">\n\t{\n\t\t\"@context\": \"https:\/\/schema.org\",\n\t\t\"@type\": \"FAQPage\",\n\t\t\"mainEntity\": [\n\t\t\t\t\t{\n\t\t\t\t\"@type\": \"Question\",\n\t\t\t\t\"name\": \"1. Czy oferujecie przeszkolenie ze wszystkich metod spawalniczych? \",\n\t\t\t\t\"acceptedAnswer\": {\n\t\t\t\t\t\"@type\": \"Answer\",\n\t\t\t\t\t\"text\": \"<p>Tak, mamy w ofercie szkolenia z metody: TIG, MAG, elektrycznej 111 oraz gazowej 311.&nbsp;<\/p>\"\n\t\t\t\t\t\t\t\t\t}\n\t\t\t}\n\t\t\t,\t\t\t\t{\n\t\t\t\t\"@type\": \"Question\",\n\t\t\t\t\"name\": \"2. Jak kszta\u0142tuj\u0105 si\u0119 \u015brednie zarobki dla do\u015bwiadczonego spawacza? \",\n\t\t\t\t\"acceptedAnswer\": {\n\t\t\t\t\t\"@type\": \"Answer\",\n\t\t\t\t\t\"text\": \"<p>Pracownik posiadaj\u0105cy odpowiednie uprawnienia mo\u017ce liczy\u0107 na atrakcyjne zarobki i prac\u0119 w Polsce lub za granic\u0105. Do\u015bwiadczony fachowiec mo\u017ce liczy\u0107 na znacznie wy\u017csze wynagrodzenie.<\/p>\"\n\t\t\t\t\t\t\t\t\t}\n\t\t\t}\n\t\t\t\t\t\t]\n\t}\n<\/script>\n","protected":false},"excerpt":{"rendered":"<p>O nas Firma OSO od wielu lat sukcesywnie szkoli kursant\u00f3w na wielu stanowiskach w bran\u017cy technicznej. Naszym celem jest szkolenie wykwalifikowanych operator\u00f3w, cenionych na rynku pracy \u2013 jednym z takich jest zawod\u00f3w jest spawacz. By pracowa\u0107 z maszyn\u0105 spawalnicz\u0105 i nazywa\u0107 siebie jej operatorem nale\u017cy przyst\u0105pi\u0107 do kursu spawacza. Oferujemy szkolenia i kursy w tej [&hellip;]<\/p>\n","protected":false},"author":10,"featured_media":4420,"parent":2583,"menu_order":0,"comment_status":"closed","ping_status":"closed","template":"","meta":{"footnotes":""},"class_list":["post-4413","page","type-page","status-publish","has-post-thumbnail","hentry"],"aioseo_notices":[],"_links":{"self":[{"href":"https:\/\/szkolenia-udt.pl\/ru\/wp-json\/wp\/v2\/pages\/4413","targetHints":{"allow":["GET"]}}],"collection":[{"href":"https:\/\/szkolenia-udt.pl\/ru\/wp-json\/wp\/v2\/pages"}],"about":[{"href":"https:\/\/szkolenia-udt.pl\/ru\/wp-json\/wp\/v2\/types\/page"}],"author":[{"embeddable":true,"href":"https:\/\/szkolenia-udt.pl\/ru\/wp-json\/wp\/v2\/users\/10"}],"replies":[{"embeddable":true,"href":"https:\/\/szkolenia-udt.pl\/ru\/wp-json\/wp\/v2\/comments?post=4413"}],"version-history":[{"count":13,"href":"https:\/\/szkolenia-udt.pl\/ru\/wp-json\/wp\/v2\/pages\/4413\/revisions"}],"predecessor-version":[{"id":4547,"href":"https:\/\/szkolenia-udt.pl\/ru\/wp-json\/wp\/v2\/pages\/4413\/revisions\/4547"}],"up":[{"embeddable":true,"href":"https:\/\/szkolenia-udt.pl\/ru\/wp-json\/wp\/v2\/pages\/2583"}],"wp:featuredmedia":[{"embeddable":true,"href":"https:\/\/szkolenia-udt.pl\/ru\/wp-json\/wp\/v2\/media\/4420"}],"wp:attachment":[{"href":"https:\/\/szkolenia-udt.pl\/ru\/wp-json\/wp\/v2\/media?parent=4413"}],"curies":[{"name":"wp","href":"https:\/\/api.w.org\/{rel}","templated":true}]}}