{"id":48,"date":"2014-10-07T16:24:25","date_gmt":"2014-10-07T16:24:25","guid":{"rendered":"http:\/\/szkolenia-udt.pl\/?page_id=48"},"modified":"2021-06-27T22:16:57","modified_gmt":"2021-06-27T22:16:57","slug":"%d0%ba%d0%b0%d0%bd%d0%b0%d1%82%d0%bd%d1%8b%d0%b5-%d0%ba%d1%80%d0%b0%d0%bd%d1%8b","status":"publish","type":"page","link":"https:\/\/szkolenia-udt.pl\/ru\/dzwignice\/dzwignice-linotorowe\/","title":{"rendered":"\u041a\u0440\u0430\u043d\u044b Linotor"},"content":{"rendered":"<div style=\"float: left; padding-right: 10px;\"><div id=\"metaslider-id-653\" style=\"max-width: 300px;\" class=\"ml-slider-3-108-0 metaslider metaslider-flex metaslider-653 ml-slider ms-theme-default nav-hidden\" role=\"region\" aria-label=\"\u043a\u0440\u0430\u043d\u044b2\" data-height=\"225\" data-width=\"300\">\n    <div id=\"metaslider_container_653\">\n        <div id=\"metaslider_653\">\n            <ul class='slides'>\n                <li style=\"display: block; width: 100%;\" class=\"slide-645 ms-image\" aria-roledescription=\"slide\" data-date=\"2014-10-12 09:52:00\" data-filename=\"Foto-szkolenia-uprawnienia-udt.jpg\" data-slide-type=\"image\"><img loading=\"lazy\" decoding=\"async\" src=\"https:\/\/szkolenia-udt.pl\/wp-content\/uploads\/2014\/10\/Foto-szkolenia-uprawnienia-udt.jpg\" height=\"225\" width=\"300\" alt=\"\u0423\u0447\u0435\u0431\u043d\u044b\u0435 \u043a\u0440\u0430\u043d\u044b\" class=\"slider-653 slide-645 msDefaultImage\" \/><\/li>\n                <li style=\"display: none; width: 100%;\" class=\"slide-646 ms-image\" aria-roledescription=\"slide\" data-date=\"2014-10-12 09:52:01\" data-filename=\"Operator-D\u017awig.jpg\" data-slide-type=\"image\"><img loading=\"lazy\" decoding=\"async\" src=\"https:\/\/szkolenia-udt.pl\/wp-content\/uploads\/2014\/10\/Operator-D\u017awig.jpg\" height=\"225\" width=\"300\" alt=\"\" class=\"slider-653 slide-646 msDefaultImage\" \/><\/li>\n                <li style=\"display: none; width: 100%;\" class=\"slide-643 ms-image\" aria-roledescription=\"slide\" data-date=\"2014-10-12 09:51:58\" data-filename=\"D\u017awig.jpg\" data-slide-type=\"image\"><img loading=\"lazy\" decoding=\"async\" src=\"https:\/\/szkolenia-udt.pl\/wp-content\/uploads\/2014\/10\/D\u017awig.jpg\" height=\"225\" width=\"300\" alt=\"\" class=\"slider-653 slide-643 msDefaultImage\" \/><\/li>\n                <li style=\"display: none; width: 100%;\" class=\"slide-644 ms-image\" aria-roledescription=\"slide\" data-date=\"2014-10-12 09:51:59\" data-filename=\"D\u017awig-foto.jpg\" data-slide-type=\"image\"><img loading=\"lazy\" decoding=\"async\" src=\"https:\/\/szkolenia-udt.pl\/wp-content\/uploads\/2014\/10\/D\u017awig-foto.jpg\" height=\"225\" width=\"300\" alt=\"\u041a\u0440\u0430\u043d\u044b Linotor\" class=\"slider-653 slide-644 msDefaultImage\" \/><\/li>\n                <li style=\"display: none; width: 100%;\" class=\"slide-648 ms-image\" aria-roledescription=\"slide\" data-date=\"2014-10-12 09:52:02\" data-filename=\"szkolenia-d\u017awigi.jpg\" data-slide-type=\"image\"><img loading=\"lazy\" decoding=\"async\" src=\"https:\/\/szkolenia-udt.pl\/wp-content\/uploads\/2014\/10\/szkolenia-d\u017awigi.jpg\" height=\"225\" width=\"300\" alt=\"\u0426\u0435\u043d\u0442\u0440 \u043f\u043e\u0434\u0433\u043e\u0442\u043e\u0432\u043a\u0438 \u043e\u043f\u0435\u0440\u0430\u0442\u043e\u0440\u043e\u0432\" class=\"slider-653 slide-648 msDefaultImage\" \/><\/li>\n            <\/ul>\n        <\/div>\n        \n    <\/div>\n<\/div><\/div>\n<div class=\"wyjustuj\">\n<p>\u041a\u0440\u0430\u043d\u044b \u0441\u043e \u0437\u0432\u0435\u043d\u044c\u044f\u043c\u0438 \u043a\u043b\u0430\u0441\u0441\u0438\u0444\u0438\u0446\u0438\u0440\u0443\u044e\u0442\u0441\u044f \u043a\u0430\u043a \u043a\u0440\u0430\u043d\u043e\u0432\u043e\u0435 \u043e\u0431\u043e\u0440\u0443\u0434\u043e\u0432\u0430\u043d\u0438\u0435. \u041f\u043e \u0441\u0432\u043e\u0435\u0439 \u043a\u043e\u043d\u0441\u0442\u0440\u0443\u043a\u0446\u0438\u0438 \u044d\u0442\u0438 \u043a\u0440\u0430\u043d\u044b \u043d\u0430\u043f\u043e\u043c\u0438\u043d\u0430\u044e\u0442 \u043a\u0430\u043d\u0430\u0442\u043d\u044b\u0435 \u0434\u043e\u0440\u043e\u0433\u0438. \u041e\u043d\u0438 \u0441\u043e\u0441\u0442\u043e\u044f\u0442 \u0438\u0437 \u0432\u0430\u0433\u043e\u043d\u0435\u0442\u043e\u043a \u0438\u043b\u0438 \u0442\u0435\u043b\u0435\u0436\u0435\u043a, \u043f\u043e\u0434\u0432\u0435\u0448\u0435\u043d\u043d\u044b\u0445 \u043d\u0430 \u043f\u043e\u0434\u0432\u0435\u0441\u043d\u044b\u0445 \u0442\u0440\u043e\u0441\u0430\u0445 \u043c\u0435\u0436\u0434\u0443 \u0431\u0430\u0448\u043d\u044f\u043c\u0438. \u041e\u043d\u0438 \u043e\u0431\u043b\u0435\u0433\u0447\u0430\u044e\u0442 \u043f\u0435\u0440\u0435\u043c\u0435\u0449\u0435\u043d\u0438\u0435 \u0433\u0440\u0443\u0437\u043e\u0432 \u0440\u0430\u0437\u043b\u0438\u0447\u043d\u044b\u0445 \u0442\u0438\u043f\u043e\u0432, \u0432 \u0442\u043e\u043c \u0447\u0438\u0441\u043b\u0435 \u0441\u044b\u043f\u0443\u0447\u0438\u0445 \u043c\u0430\u0442\u0435\u0440\u0438\u0430\u043b\u043e\u0432, \u043d\u0430\u043f\u0440\u0438\u043c\u0435\u0440, \u043d\u0430 \u0441\u0442\u0440\u043e\u0438\u0442\u0435\u043b\u044c\u043d\u044b\u0445 \u043f\u043b\u043e\u0449\u0430\u0434\u043a\u0430\u0445. \u0412\u0441\u0435 \u043d\u0430\u0432\u0435\u0441\u043d\u044b\u0435 \u043a\u0440\u0430\u043d\u044b \u043f\u043e\u0434\u043b\u0435\u0436\u0430\u0442 \u0442\u0435\u0445\u043d\u0438\u0447\u0435\u0441\u043a\u043e\u043c\u0443 \u043d\u0430\u0434\u0437\u043e\u0440\u0443.<\/p>\n<p><strong>\u041a\u0440\u0430\u043d\u044b, \u0441 \u0442\u043e\u0447\u043a\u0438 \u0437\u0440\u0435\u043d\u0438\u044f \u0438\u0445 \u043a\u043e\u043d\u0441\u0442\u0440\u0443\u043a\u0446\u0438\u0438, \u0434\u0435\u043b\u044f\u0442\u0441\u044f \u043d\u0430:<\/strong><\/p>\n<ul>\n<li>\u043e\u0431\u043e\u0440\u0443\u0434\u043e\u0432\u0430\u043d\u0438\u0435 \u0441\u043e \u0441\u0442\u0430\u0446\u0438\u043e\u043d\u0430\u0440\u043d\u044b\u043c\u0438 \u0431\u0430\u0448\u043d\u044f\u043c\u0438<\/li>\n<li>\u043e\u0431\u043e\u0440\u0443\u0434\u043e\u0432\u0430\u043d\u0438\u0435 \u0441 \u0440\u0430\u0437\u0434\u0432\u0438\u0436\u043d\u044b\u043c\u0438 \u0431\u0430\u0448\u043d\u044f\u043c\u0438<\/li>\n<li>\u043e\u0431\u043e\u0440\u0443\u0434\u043e\u0432\u0430\u043d\u0438\u0435 \u0441 \u043d\u0435\u043f\u043e\u0434\u0432\u0438\u0436\u043d\u044b\u043c\u0438 \u0438 \u0432\u0440\u0430\u0449\u0430\u044e\u0449\u0438\u043c\u0438\u0441\u044f \u0431\u0430\u0448\u043d\u044f\u043c\u0438<\/li>\n<\/ul>\n<p>\u0412\u044b\u0431\u0440\u0430\u0432 \u043d\u0430\u0448 \u043a\u0443\u0440\u0441 \u043f\u043e \u043a\u0440\u0430\u043d\u0430\u043c-\u043b\u0438\u043d\u043e\u0442\u043e\u0440\u0430\u043c, \u0432\u044b \u043f\u043e\u043b\u0443\u0447\u0438\u0442\u0435 \u043d\u0435\u043e\u0431\u0445\u043e\u0434\u0438\u043c\u044b\u0435 \u0442\u0435\u043e\u0440\u0435\u0442\u0438\u0447\u0435\u0441\u043a\u0438\u0435 \u0437\u043d\u0430\u043d\u0438\u044f \u0438 \u0441\u043c\u043e\u0436\u0435\u0442\u0435 \u043e\u0442\u0440\u0430\u0431\u043e\u0442\u0430\u0442\u044c \u043f\u0440\u0430\u043a\u0442\u0438\u0447\u0435\u0441\u043a\u0438\u0435 \u043d\u0430\u0432\u044b\u043a\u0438, \u0441\u0432\u044f\u0437\u0430\u043d\u043d\u044b\u0435 \u0441 \u044d\u043a\u0441\u043f\u043b\u0443\u0430\u0442\u0430\u0446\u0438\u0435\u0439 \u043e\u0431\u043e\u0440\u0443\u0434\u043e\u0432\u0430\u043d\u0438\u044f. \u041f\u043e \u043e\u043a\u043e\u043d\u0447\u0430\u043d\u0438\u0438 \u043a\u0443\u0440\u0441\u0430 \u0432\u044b \u0434\u043e\u043b\u0436\u043d\u044b \u0431\u0443\u0434\u0435\u0442\u0435 \u0441\u0434\u0430\u0442\u044c \u044d\u043a\u0437\u0430\u043c\u0435\u043d, \u0447\u0442\u043e\u0431\u044b \u043f\u043e\u043b\u0443\u0447\u0438\u0442\u044c \u043b\u0438\u0446\u0435\u043d\u0437\u0438\u044e UDT. \u0423\u0441\u043f\u0435\u0448\u043d\u0430\u044f \u0441\u0434\u0430\u0447\u0430 \u044d\u043a\u0437\u0430\u043c\u0435\u043d\u0430 \u0434\u0430\u0435\u0442 \u043f\u0440\u0430\u0432\u043e \u043d\u0430 \u0438\u0441\u043f\u043e\u043b\u044c\u0437\u043e\u0432\u0430\u043d\u0438\u0435 \u043b\u0438\u043d\u043e\u0442\u043e\u0440\u043d\u043e\u0433\u043e \u043a\u0440\u0430\u043d\u0430. \u041c\u044b \u043f\u0440\u0438\u0433\u043b\u0430\u0448\u0430\u0435\u043c \u0432\u0430\u0441 \u0443\u0447\u0438\u0442\u044c\u0441\u044f \u0432\u043c\u0435\u0441\u0442\u0435 \u0441 \u0426\u0435\u043d\u0442\u0440\u043e\u043c \u043e\u0431\u0443\u0447\u0435\u043d\u0438\u044f \u043e\u043f\u0435\u0440\u0430\u0442\u043e\u0440\u043e\u0432!<\/p>\n<\/div>","protected":false},"excerpt":{"rendered":"<p>D\u017awignice linotorowe zaliczane s\u0105 do urz\u0105dze\u0144 d\u017awignicowych. D\u017awignice te pod k\u0105tem swojej budowy przypominaj\u0105 kolejki linowe. S\u0105 skonstruowane z wodzak\u00f3w, czyli w\u00f3zk\u00f3w b\u0105d\u017a te\u017c z w\u00f3zk\u00f3w podwieszonych na linach no\u015bnych mi\u0119dzy wie\u017cami. Dzi\u0119ki nim mo\u017cna \u0142atwo przemieszcza\u0107 \u0142adunki r\u00f3\u017cnych typ\u00f3w, tak\u017ce materia\u0142y sypkie, na przyk\u0142ad na placach bud\u00f3w. Wszystkie d\u017awignice linotorowe podlegaj\u0105 dozorowi technicznemu. D\u017awignice [&hellip;]<\/p>\n","protected":false},"author":3,"featured_media":0,"parent":69,"menu_order":0,"comment_status":"closed","ping_status":"closed","template":"","meta":{"footnotes":""},"class_list":["post-48","page","type-page","status-publish","hentry"],"aioseo_notices":[],"_links":{"self":[{"href":"https:\/\/szkolenia-udt.pl\/ru\/wp-json\/wp\/v2\/pages\/48","targetHints":{"allow":["GET"]}}],"collection":[{"href":"https:\/\/szkolenia-udt.pl\/ru\/wp-json\/wp\/v2\/pages"}],"about":[{"href":"https:\/\/szkolenia-udt.pl\/ru\/wp-json\/wp\/v2\/types\/page"}],"author":[{"embeddable":true,"href":"https:\/\/szkolenia-udt.pl\/ru\/wp-json\/wp\/v2\/users\/3"}],"replies":[{"embeddable":true,"href":"https:\/\/szkolenia-udt.pl\/ru\/wp-json\/wp\/v2\/comments?post=48"}],"version-history":[{"count":6,"href":"https:\/\/szkolenia-udt.pl\/ru\/wp-json\/wp\/v2\/pages\/48\/revisions"}],"predecessor-version":[{"id":2234,"href":"https:\/\/szkolenia-udt.pl\/ru\/wp-json\/wp\/v2\/pages\/48\/revisions\/2234"}],"up":[{"embeddable":true,"href":"https:\/\/szkolenia-udt.pl\/ru\/wp-json\/wp\/v2\/pages\/69"}],"wp:attachment":[{"href":"https:\/\/szkolenia-udt.pl\/ru\/wp-json\/wp\/v2\/media?parent=48"}],"curies":[{"name":"wp","href":"https:\/\/api.w.org\/{rel}","templated":true}]}}